{"id":93763,"date":"2023-02-09T14:18:17","date_gmt":"2023-02-09T13:18:17","guid":{"rendered":"https:\/\/www.heddata.se\/webbutik\/?post_type=product&#038;p=93763"},"modified":"2026-05-01T18:11:03","modified_gmt":"2026-05-01T16:11:03","slug":"sandisk-extreme-pro-sdhc-32gb-100mb-s-sdsdxxo-032g-gn4in","status":"publish","type":"product","link":"https:\/\/www.heddata.se\/webbutik\/produkt\/sandisk-extreme-pro-sdhc-32gb-100mb-s-sdsdxxo-032g-gn4in\/","title":{"rendered":"SanDisk Extreme Pro SDHC 32GB 100MB\/s SDSDXXO-032G-GN4IN"},"content":{"rendered":"<p>SanDisk Extreme Pro SDHC 32GB 100MB\/s SDSDXXO-032G-GN4IN<\/p>\n<p>SanDisk Extreme Pro &#8211; <a href=\"https:\/\/www.heddata.se\/webbutik\/usb-minnen\/\">Flash-minneskort<\/a> &#8211; 32 GB &#8211; Video Class V30 \/ UHS-I U3 \/ Class10 &#8211; SDHC UHS-I<\/p>\n<table class=\"table table-specs table-striped\">\n<tbody>\n<tr>\n<td class=\"header\">Produktbeskrivning<\/td>\n<td class=\"value\">SanDisk Extreme Pro &#8211; flash-minneskort &#8211; 32 GB &#8211; SDHC UHS-I<\/td>\n<\/tr>\n<tr>\n<td class=\"header\">Produkttyp<\/td>\n<td class=\"value\">Flash-minneskort<\/td>\n<\/tr>\n<tr>\n<td class=\"header\">Formfaktor<\/td>\n<td class=\"value\">SDHC UHS-I minneskort<\/td>\n<\/tr>\n<tr>\n<td class=\"header\">Minneskapacitet<\/td>\n<td class=\"value\">32 GB<\/td>\n<\/tr>\n<tr>\n<td class=\"header\">Hastighet<\/td>\n<td class=\"value\">Video Class V30 \/ UHS-I U3 \/ Class10<\/td>\n<\/tr>\n<tr>\n<td class=\"header\">Medf\u00f6ljande programvara<\/td>\n<td class=\"value\">RescuePRO Deluxe (2 \u00e5rs nedladdning)<\/td>\n<\/tr>\n<tr>\n<td class=\"header\">Tillverkarens <a href=\"https:\/\/www.westerndigital.com\/brand\/sandisk\" target=\"_blank\" rel=\"noopener\">garanti<\/a><\/td>\n<td class=\"value\">Begr\u00e4nsad livstidsgaranti (Tyskland, Kanada och regioner som inte godk\u00e4nner begr\u00e4nsad livstidsgaranti &#8211; 30 \u00e5r)<\/td>\n<\/tr>\n<\/tbody>\n<\/table>\n","protected":false},"excerpt":{"rendered":"<p>SanDisk Extreme Pro SDHC 32GB 100MB\/s SDSDXXO-032G-GN4IN<\/p>\n","protected":false},"featured_media":93773,"template":"","meta":[],"product_brand":[],"product_cat":[64,108],"product_tag":[],"class_list":{"0":"post-93763","1":"product","2":"type-product","3":"status-publish","4":"has-post-thumbnail","6":"product_cat-lagring","7":"product_cat-minneskort","9":"first","10":"outofstock","11":"taxable","12":"shipping-taxable","13":"purchasable","14":"product-type-simple"},"yoast_head":"<!-- This site is optimized with the Yoast SEO Premium plugin v26.7 (Yoast SEO v26.7) - https:\/\/yoast.com\/wordpress\/plugins\/seo\/ -->\n<title>SanDisk Extreme Pro SDHC 32GB 100MB\/s SDSDXXO-032G-GN4IN<\/title>\n<meta name=\"description\" content=\"SanDisk Extreme Pro SDHC 32GB 100MB\/s SDSDXXO-032G-GN4IN Video Class V30 \/ UHS-I U3 \/ Class10 - SDHC UHS-I minneskort f\u00f6r din kamera\" \/>\n<meta name=\"robots\" content=\"index, follow, max-snippet:-1, max-image-preview:large, max-video-preview:-1\" \/>\n<link rel=\"canonical\" href=\"https:\/\/www.heddata.se\/webbutik\/produkt\/sandisk-extreme-pro-sdhc-32gb-100mb-s-sdsdxxo-032g-gn4in\/\" \/>\n<meta property=\"og:locale\" content=\"sv_SE\" \/>\n<meta property=\"og:type\" content=\"article\" \/>\n<meta property=\"og:title\" content=\"SanDisk Extreme Pro SDHC 32GB 100MB\/s SDSDXXO-032G-GN4IN\" \/>\n<meta property=\"og:description\" content=\"SanDisk Extreme Pro SDHC 32GB 100MB\/s SDSDXXO-032G-GN4IN Video Class V30 \/ UHS-I U3 \/ Class10 - SDHC UHS-I minneskort f\u00f6r din kamera\" \/>\n<meta property=\"og:url\" content=\"https:\/\/www.heddata.se\/webbutik\/produkt\/sandisk-extreme-pro-sdhc-32gb-100mb-s-sdsdxxo-032g-gn4in\/\" \/>\n<meta property=\"og:site_name\" content=\"Datorer, Skrivare, F\u00e4rgpatroner, Mobiltelefoner\" \/>\n<meta property=\"article:modified_time\" content=\"2026-05-01T16:11:03+00:00\" \/>\n<meta property=\"og:image\" content=\"https:\/\/www.heddata.se\/webbutik\/wp-content\/uploads\/webbutik\/kategorier\/lagring\/sdsdxxo-032g-gn4in.jpg\" \/>\n\t<meta property=\"og:image:width\" content=\"1200\" \/>\n\t<meta property=\"og:image:height\" content=\"1200\" \/>\n\t<meta property=\"og:image:type\" content=\"image\/jpeg\" \/>\n<meta name=\"twitter:card\" content=\"summary_large_image\" \/>\n<script type=\"application\/ld+json\" class=\"yoast-schema-graph\">{\"@context\":\"https:\/\/schema.org\",\"@graph\":[{\"@type\":\"WebPage\",\"@id\":\"https:\/\/www.heddata.se\/webbutik\/produkt\/sandisk-extreme-pro-sdhc-32gb-100mb-s-sdsdxxo-032g-gn4in\/\",\"url\":\"https:\/\/www.heddata.se\/webbutik\/produkt\/sandisk-extreme-pro-sdhc-32gb-100mb-s-sdsdxxo-032g-gn4in\/\",\"name\":\"SanDisk Extreme Pro SDHC 32GB 100MB\/s SDSDXXO-032G-GN4IN\",\"isPartOf\":{\"@id\":\"https:\/\/www.heddata.se\/webbutik\/#website\"},\"primaryImageOfPage\":{\"@id\":\"https:\/\/www.heddata.se\/webbutik\/produkt\/sandisk-extreme-pro-sdhc-32gb-100mb-s-sdsdxxo-032g-gn4in\/#primaryimage\"},\"image\":{\"@id\":\"https:\/\/www.heddata.se\/webbutik\/produkt\/sandisk-extreme-pro-sdhc-32gb-100mb-s-sdsdxxo-032g-gn4in\/#primaryimage\"},\"thumbnailUrl\":\"https:\/\/www.heddata.se\/webbutik\/wp-content\/uploads\/webbutik\/kategorier\/lagring\/sdsdxxo-032g-gn4in.jpg\",\"datePublished\":\"2023-02-09T13:18:17+00:00\",\"dateModified\":\"2026-05-01T16:11:03+00:00\",\"description\":\"SanDisk Extreme Pro SDHC 32GB 100MB\/s SDSDXXO-032G-GN4IN Video Class V30 \/ UHS-I U3 \/ Class10 - SDHC UHS-I minneskort f\u00f6r din kamera\",\"breadcrumb\":{\"@id\":\"https:\/\/www.heddata.se\/webbutik\/produkt\/sandisk-extreme-pro-sdhc-32gb-100mb-s-sdsdxxo-032g-gn4in\/#breadcrumb\"},\"inLanguage\":\"sv-SE\",\"potentialAction\":[{\"@type\":\"ReadAction\",\"target\":[\"https:\/\/www.heddata.se\/webbutik\/produkt\/sandisk-extreme-pro-sdhc-32gb-100mb-s-sdsdxxo-032g-gn4in\/\"]}]},{\"@type\":\"ImageObject\",\"inLanguage\":\"sv-SE\",\"@id\":\"https:\/\/www.heddata.se\/webbutik\/produkt\/sandisk-extreme-pro-sdhc-32gb-100mb-s-sdsdxxo-032g-gn4in\/#primaryimage\",\"url\":\"https:\/\/www.heddata.se\/webbutik\/wp-content\/uploads\/webbutik\/kategorier\/lagring\/sdsdxxo-032g-gn4in.jpg\",\"contentUrl\":\"https:\/\/www.heddata.se\/webbutik\/wp-content\/uploads\/webbutik\/kategorier\/lagring\/sdsdxxo-032g-gn4in.jpg\",\"width\":1200,\"height\":1200,\"caption\":\"SanDisk Extreme Pro SDHC\"},{\"@type\":\"BreadcrumbList\",\"@id\":\"https:\/\/www.heddata.se\/webbutik\/produkt\/sandisk-extreme-pro-sdhc-32gb-100mb-s-sdsdxxo-032g-gn4in\/#breadcrumb\",\"itemListElement\":[{\"@type\":\"ListItem\",\"position\":1,\"name\":\"Hem\",\"item\":\"https:\/\/www.heddata.se\/webbutik\/\"},{\"@type\":\"ListItem\",\"position\":2,\"name\":\"Produkter\",\"item\":\"https:\/\/www.heddata.se\/webbutik\/shop\/\"},{\"@type\":\"ListItem\",\"position\":3,\"name\":\"SanDisk Extreme Pro SDHC 32GB 100MB\/s SDSDXXO-032G-GN4IN\"}]},{\"@type\":\"WebSite\",\"@id\":\"https:\/\/www.heddata.se\/webbutik\/#website\",\"url\":\"https:\/\/www.heddata.se\/webbutik\/\",\"name\":\"Datorer, Skrivare, F\u00e4rgpatroner, Mobiltelefoner\",\"description\":\"Kablar\",\"publisher\":{\"@id\":\"https:\/\/www.heddata.se\/webbutik\/#organization\"},\"potentialAction\":[{\"@type\":\"SearchAction\",\"target\":{\"@type\":\"EntryPoint\",\"urlTemplate\":\"https:\/\/www.heddata.se\/webbutik\/?s={search_term_string}\"},\"query-input\":{\"@type\":\"PropertyValueSpecification\",\"valueRequired\":true,\"valueName\":\"search_term_string\"}}],\"inLanguage\":\"sv-SE\"},{\"@type\":\"Organization\",\"@id\":\"https:\/\/www.heddata.se\/webbutik\/#organization\",\"name\":\"Heddata AB\",\"url\":\"https:\/\/www.heddata.se\/webbutik\/\",\"logo\":{\"@type\":\"ImageObject\",\"inLanguage\":\"sv-SE\",\"@id\":\"https:\/\/www.heddata.se\/webbutik\/#\/schema\/logo\/image\/\",\"url\":\"https:\/\/www.heddata.se\/webbutik\/wp-content\/uploads\/logga\/heddata-ab-logga.png\",\"contentUrl\":\"https:\/\/www.heddata.se\/webbutik\/wp-content\/uploads\/logga\/heddata-ab-logga.png\",\"width\":200,\"height\":64,\"caption\":\"Heddata AB\"},\"image\":{\"@id\":\"https:\/\/www.heddata.se\/webbutik\/#\/schema\/logo\/image\/\"}}]}<\/script>\n<!-- \/ Yoast SEO Premium plugin. -->","yoast_head_json":{"title":"SanDisk Extreme Pro SDHC 32GB 100MB\/s SDSDXXO-032G-GN4IN","description":"SanDisk Extreme Pro SDHC 32GB 100MB\/s SDSDXXO-032G-GN4IN Video Class V30 \/ UHS-I U3 \/ Class10 - SDHC UHS-I minneskort f\u00f6r din kamera","robots":{"index":"index","follow":"follow","max-snippet":"max-snippet:-1","max-image-preview":"max-image-preview:large","max-video-preview":"max-video-preview:-1"},"canonical":"https:\/\/www.heddata.se\/webbutik\/produkt\/sandisk-extreme-pro-sdhc-32gb-100mb-s-sdsdxxo-032g-gn4in\/","og_locale":"sv_SE","og_type":"article","og_title":"SanDisk Extreme Pro SDHC 32GB 100MB\/s SDSDXXO-032G-GN4IN","og_description":"SanDisk Extreme Pro SDHC 32GB 100MB\/s SDSDXXO-032G-GN4IN Video Class V30 \/ UHS-I U3 \/ Class10 - SDHC UHS-I minneskort f\u00f6r din kamera","og_url":"https:\/\/www.heddata.se\/webbutik\/produkt\/sandisk-extreme-pro-sdhc-32gb-100mb-s-sdsdxxo-032g-gn4in\/","og_site_name":"Datorer, Skrivare, F\u00e4rgpatroner, Mobiltelefoner","article_modified_time":"2026-05-01T16:11:03+00:00","og_image":[{"width":1200,"height":1200,"url":"https:\/\/www.heddata.se\/webbutik\/wp-content\/uploads\/webbutik\/kategorier\/lagring\/sdsdxxo-032g-gn4in.jpg","type":"image\/jpeg"}],"twitter_card":"summary_large_image","schema":{"@context":"https:\/\/schema.org","@graph":[{"@type":"WebPage","@id":"https:\/\/www.heddata.se\/webbutik\/produkt\/sandisk-extreme-pro-sdhc-32gb-100mb-s-sdsdxxo-032g-gn4in\/","url":"https:\/\/www.heddata.se\/webbutik\/produkt\/sandisk-extreme-pro-sdhc-32gb-100mb-s-sdsdxxo-032g-gn4in\/","name":"SanDisk Extreme Pro SDHC 32GB 100MB\/s SDSDXXO-032G-GN4IN","isPartOf":{"@id":"https:\/\/www.heddata.se\/webbutik\/#website"},"primaryImageOfPage":{"@id":"https:\/\/www.heddata.se\/webbutik\/produkt\/sandisk-extreme-pro-sdhc-32gb-100mb-s-sdsdxxo-032g-gn4in\/#primaryimage"},"image":{"@id":"https:\/\/www.heddata.se\/webbutik\/produkt\/sandisk-extreme-pro-sdhc-32gb-100mb-s-sdsdxxo-032g-gn4in\/#primaryimage"},"thumbnailUrl":"https:\/\/www.heddata.se\/webbutik\/wp-content\/uploads\/webbutik\/kategorier\/lagring\/sdsdxxo-032g-gn4in.jpg","datePublished":"2023-02-09T13:18:17+00:00","dateModified":"2026-05-01T16:11:03+00:00","description":"SanDisk Extreme Pro SDHC 32GB 100MB\/s SDSDXXO-032G-GN4IN Video Class V30 \/ UHS-I U3 \/ Class10 - SDHC UHS-I minneskort f\u00f6r din kamera","breadcrumb":{"@id":"https:\/\/www.heddata.se\/webbutik\/produkt\/sandisk-extreme-pro-sdhc-32gb-100mb-s-sdsdxxo-032g-gn4in\/#breadcrumb"},"inLanguage":"sv-SE","potentialAction":[{"@type":"ReadAction","target":["https:\/\/www.heddata.se\/webbutik\/produkt\/sandisk-extreme-pro-sdhc-32gb-100mb-s-sdsdxxo-032g-gn4in\/"]}]},{"@type":"ImageObject","inLanguage":"sv-SE","@id":"https:\/\/www.heddata.se\/webbutik\/produkt\/sandisk-extreme-pro-sdhc-32gb-100mb-s-sdsdxxo-032g-gn4in\/#primaryimage","url":"https:\/\/www.heddata.se\/webbutik\/wp-content\/uploads\/webbutik\/kategorier\/lagring\/sdsdxxo-032g-gn4in.jpg","contentUrl":"https:\/\/www.heddata.se\/webbutik\/wp-content\/uploads\/webbutik\/kategorier\/lagring\/sdsdxxo-032g-gn4in.jpg","width":1200,"height":1200,"caption":"SanDisk Extreme Pro SDHC"},{"@type":"BreadcrumbList","@id":"https:\/\/www.heddata.se\/webbutik\/produkt\/sandisk-extreme-pro-sdhc-32gb-100mb-s-sdsdxxo-032g-gn4in\/#breadcrumb","itemListElement":[{"@type":"ListItem","position":1,"name":"Hem","item":"https:\/\/www.heddata.se\/webbutik\/"},{"@type":"ListItem","position":2,"name":"Produkter","item":"https:\/\/www.heddata.se\/webbutik\/shop\/"},{"@type":"ListItem","position":3,"name":"SanDisk Extreme Pro SDHC 32GB 100MB\/s SDSDXXO-032G-GN4IN"}]},{"@type":"WebSite","@id":"https:\/\/www.heddata.se\/webbutik\/#website","url":"https:\/\/www.heddata.se\/webbutik\/","name":"Datorer, Skrivare, F\u00e4rgpatroner, Mobiltelefoner","description":"Kablar","publisher":{"@id":"https:\/\/www.heddata.se\/webbutik\/#organization"},"potentialAction":[{"@type":"SearchAction","target":{"@type":"EntryPoint","urlTemplate":"https:\/\/www.heddata.se\/webbutik\/?s={search_term_string}"},"query-input":{"@type":"PropertyValueSpecification","valueRequired":true,"valueName":"search_term_string"}}],"inLanguage":"sv-SE"},{"@type":"Organization","@id":"https:\/\/www.heddata.se\/webbutik\/#organization","name":"Heddata AB","url":"https:\/\/www.heddata.se\/webbutik\/","logo":{"@type":"ImageObject","inLanguage":"sv-SE","@id":"https:\/\/www.heddata.se\/webbutik\/#\/schema\/logo\/image\/","url":"https:\/\/www.heddata.se\/webbutik\/wp-content\/uploads\/logga\/heddata-ab-logga.png","contentUrl":"https:\/\/www.heddata.se\/webbutik\/wp-content\/uploads\/logga\/heddata-ab-logga.png","width":200,"height":64,"caption":"Heddata AB"},"image":{"@id":"https:\/\/www.heddata.se\/webbutik\/#\/schema\/logo\/image\/"}}]}},"_links":{"self":[{"href":"https:\/\/www.heddata.se\/webbutik\/wp-json\/wp\/v2\/product\/93763","targetHints":{"allow":["GET"]}}],"collection":[{"href":"https:\/\/www.heddata.se\/webbutik\/wp-json\/wp\/v2\/product"}],"about":[{"href":"https:\/\/www.heddata.se\/webbutik\/wp-json\/wp\/v2\/types\/product"}],"wp:featuredmedia":[{"embeddable":true,"href":"https:\/\/www.heddata.se\/webbutik\/wp-json\/wp\/v2\/media\/93773"}],"wp:attachment":[{"href":"https:\/\/www.heddata.se\/webbutik\/wp-json\/wp\/v2\/media?parent=93763"}],"wp:term":[{"taxonomy":"product_brand","embeddable":true,"href":"https:\/\/www.heddata.se\/webbutik\/wp-json\/wp\/v2\/product_brand?post=93763"},{"taxonomy":"product_cat","embeddable":true,"href":"https:\/\/www.heddata.se\/webbutik\/wp-json\/wp\/v2\/product_cat?post=93763"},{"taxonomy":"product_tag","embeddable":true,"href":"https:\/\/www.heddata.se\/webbutik\/wp-json\/wp\/v2\/product_tag?post=93763"}],"curies":[{"name":"wp","href":"https:\/\/api.w.org\/{rel}","templated":true}]}}