{"id":93620,"date":"2022-12-22T11:18:23","date_gmt":"2022-12-22T10:18:23","guid":{"rendered":"https:\/\/www.heddata.se\/webbutik\/?post_type=product&#038;p=93620"},"modified":"2026-04-03T18:12:06","modified_gmt":"2026-04-03T16:12:06","slug":"brother-lc-424y-gul-750-sidor","status":"publish","type":"product","link":"https:\/\/www.heddata.se\/webbutik\/produkt\/brother-lc-424y-gul-750-sidor\/","title":{"rendered":"Brother LC 424Y Gul 750 sidor"},"content":{"rendered":"<p>Brother LC 424Y Gul 750 sidor<\/p>\n<p>Letar du efter en patron som erbjuder p\u00e5litlig prestanda varje g\u00e5ng skriver ut? <a href=\"https:\/\/www.brother.se\/\" target=\"_blank\" rel=\"noopener\">Brother-gul<\/a> LC424Y-bl\u00e4ckpatron med f\u00e4rgbest\u00e4ndiga egenskaper garanterar j\u00e4mna, tillf\u00f6rlitliga utskrifter av h\u00f6gsta kvalitet fr\u00e5n f\u00f6rsta till sista utskrift. Med Brothers perfekt balanserade bl\u00e4ckpatroner kan du se till att skrivaren fungerar som den ska.<\/p>\n<p>Passar till Brother <a href=\"https:\/\/www.heddata.se\/webbutik\/produkt\/brother-dcp-j1200w-kompakt-allt-i-ett-blackstraleskrivare-i-farg-med-mobil-hantering-dcpj1200wre1\/\">DCP-J1200W<\/a><\/p>\n","protected":false},"excerpt":{"rendered":"<p>Brother LC 424Y Gul 750 sidor<\/p>\n","protected":false},"featured_media":93635,"template":"","meta":[],"product_brand":[],"product_cat":[61,92],"product_tag":[],"class_list":{"0":"post-93620","1":"product","2":"type-product","3":"status-publish","4":"has-post-thumbnail","6":"product_cat-blackpatroner-toners","7":"product_cat-brother","9":"first","10":"instock","11":"taxable","12":"shipping-taxable","13":"purchasable","14":"product-type-simple"},"yoast_head":"<!-- This site is optimized with the Yoast SEO Premium plugin v26.7 (Yoast SEO v26.7) - https:\/\/yoast.com\/wordpress\/plugins\/seo\/ -->\n<title>Brother LC 424Y Gul 750 sidor erbjuder p\u00e5litlig prestanda vid utskrift<\/title>\n<meta name=\"description\" content=\"Brother LC 424Y Gul 750 sidor erbjuder p\u00e5litlig prestanda vid utskrift. Garanterar j\u00e4mna, tillf\u00f6rlitliga utskrifter av h\u00f6gsta kvalitet\" \/>\n<meta name=\"robots\" content=\"index, follow, max-snippet:-1, max-image-preview:large, max-video-preview:-1\" \/>\n<link rel=\"canonical\" href=\"https:\/\/www.heddata.se\/webbutik\/produkt\/brother-lc-424y-gul-750-sidor\/\" \/>\n<meta property=\"og:locale\" content=\"sv_SE\" \/>\n<meta property=\"og:type\" content=\"article\" \/>\n<meta property=\"og:title\" content=\"Brother LC 424Y Gul 750 sidor\" \/>\n<meta property=\"og:description\" content=\"Brother LC 424Y Gul 750 sidor erbjuder p\u00e5litlig prestanda vid utskrift. Garanterar j\u00e4mna, tillf\u00f6rlitliga utskrifter av h\u00f6gsta kvalitet\" \/>\n<meta property=\"og:url\" content=\"https:\/\/www.heddata.se\/webbutik\/produkt\/brother-lc-424y-gul-750-sidor\/\" \/>\n<meta property=\"og:site_name\" content=\"Datorer, Skrivare, F\u00e4rgpatroner, Mobiltelefoner\" \/>\n<meta property=\"article:modified_time\" content=\"2026-04-03T16:12:06+00:00\" \/>\n<meta property=\"og:image\" content=\"https:\/\/www.heddata.se\/webbutik\/wp-content\/uploads\/webbutik\/kategorier\/blackpatroner-toners\/lc424y.jpg\" \/>\n\t<meta property=\"og:image:width\" content=\"1200\" \/>\n\t<meta property=\"og:image:height\" content=\"1200\" \/>\n\t<meta property=\"og:image:type\" content=\"image\/jpeg\" \/>\n<meta name=\"twitter:card\" content=\"summary_large_image\" \/>\n<script type=\"application\/ld+json\" class=\"yoast-schema-graph\">{\"@context\":\"https:\/\/schema.org\",\"@graph\":[{\"@type\":\"WebPage\",\"@id\":\"https:\/\/www.heddata.se\/webbutik\/produkt\/brother-lc-424y-gul-750-sidor\/\",\"url\":\"https:\/\/www.heddata.se\/webbutik\/produkt\/brother-lc-424y-gul-750-sidor\/\",\"name\":\"Brother LC 424Y Gul 750 sidor erbjuder p\u00e5litlig prestanda vid utskrift\",\"isPartOf\":{\"@id\":\"https:\/\/www.heddata.se\/webbutik\/#website\"},\"primaryImageOfPage\":{\"@id\":\"https:\/\/www.heddata.se\/webbutik\/produkt\/brother-lc-424y-gul-750-sidor\/#primaryimage\"},\"image\":{\"@id\":\"https:\/\/www.heddata.se\/webbutik\/produkt\/brother-lc-424y-gul-750-sidor\/#primaryimage\"},\"thumbnailUrl\":\"https:\/\/www.heddata.se\/webbutik\/wp-content\/uploads\/webbutik\/kategorier\/blackpatroner-toners\/lc424y.jpg\",\"datePublished\":\"2022-12-22T10:18:23+00:00\",\"dateModified\":\"2026-04-03T16:12:06+00:00\",\"description\":\"Brother LC 424Y Gul 750 sidor erbjuder p\u00e5litlig prestanda vid utskrift. Garanterar j\u00e4mna, tillf\u00f6rlitliga utskrifter av h\u00f6gsta kvalitet\",\"breadcrumb\":{\"@id\":\"https:\/\/www.heddata.se\/webbutik\/produkt\/brother-lc-424y-gul-750-sidor\/#breadcrumb\"},\"inLanguage\":\"sv-SE\",\"potentialAction\":[{\"@type\":\"ReadAction\",\"target\":[\"https:\/\/www.heddata.se\/webbutik\/produkt\/brother-lc-424y-gul-750-sidor\/\"]}]},{\"@type\":\"ImageObject\",\"inLanguage\":\"sv-SE\",\"@id\":\"https:\/\/www.heddata.se\/webbutik\/produkt\/brother-lc-424y-gul-750-sidor\/#primaryimage\",\"url\":\"https:\/\/www.heddata.se\/webbutik\/wp-content\/uploads\/webbutik\/kategorier\/blackpatroner-toners\/lc424y.jpg\",\"contentUrl\":\"https:\/\/www.heddata.se\/webbutik\/wp-content\/uploads\/webbutik\/kategorier\/blackpatroner-toners\/lc424y.jpg\",\"width\":1200,\"height\":1200,\"caption\":\"Brother LC 424Y Gul\"},{\"@type\":\"BreadcrumbList\",\"@id\":\"https:\/\/www.heddata.se\/webbutik\/produkt\/brother-lc-424y-gul-750-sidor\/#breadcrumb\",\"itemListElement\":[{\"@type\":\"ListItem\",\"position\":1,\"name\":\"Hem\",\"item\":\"https:\/\/www.heddata.se\/webbutik\/\"},{\"@type\":\"ListItem\",\"position\":2,\"name\":\"Produkter\",\"item\":\"https:\/\/www.heddata.se\/webbutik\/shop\/\"},{\"@type\":\"ListItem\",\"position\":3,\"name\":\"Brother LC 424Y Gul 750 sidor\"}]},{\"@type\":\"WebSite\",\"@id\":\"https:\/\/www.heddata.se\/webbutik\/#website\",\"url\":\"https:\/\/www.heddata.se\/webbutik\/\",\"name\":\"Datorer, Skrivare, F\u00e4rgpatroner, Mobiltelefoner\",\"description\":\"Kablar\",\"publisher\":{\"@id\":\"https:\/\/www.heddata.se\/webbutik\/#organization\"},\"potentialAction\":[{\"@type\":\"SearchAction\",\"target\":{\"@type\":\"EntryPoint\",\"urlTemplate\":\"https:\/\/www.heddata.se\/webbutik\/?s={search_term_string}\"},\"query-input\":{\"@type\":\"PropertyValueSpecification\",\"valueRequired\":true,\"valueName\":\"search_term_string\"}}],\"inLanguage\":\"sv-SE\"},{\"@type\":\"Organization\",\"@id\":\"https:\/\/www.heddata.se\/webbutik\/#organization\",\"name\":\"Heddata AB\",\"url\":\"https:\/\/www.heddata.se\/webbutik\/\",\"logo\":{\"@type\":\"ImageObject\",\"inLanguage\":\"sv-SE\",\"@id\":\"https:\/\/www.heddata.se\/webbutik\/#\/schema\/logo\/image\/\",\"url\":\"https:\/\/www.heddata.se\/webbutik\/wp-content\/uploads\/logga\/heddata-ab-logga.png\",\"contentUrl\":\"https:\/\/www.heddata.se\/webbutik\/wp-content\/uploads\/logga\/heddata-ab-logga.png\",\"width\":200,\"height\":64,\"caption\":\"Heddata AB\"},\"image\":{\"@id\":\"https:\/\/www.heddata.se\/webbutik\/#\/schema\/logo\/image\/\"}}]}<\/script>\n<!-- \/ Yoast SEO Premium plugin. -->","yoast_head_json":{"title":"Brother LC 424Y Gul 750 sidor erbjuder p\u00e5litlig prestanda vid utskrift","description":"Brother LC 424Y Gul 750 sidor erbjuder p\u00e5litlig prestanda vid utskrift. Garanterar j\u00e4mna, tillf\u00f6rlitliga utskrifter av h\u00f6gsta kvalitet","robots":{"index":"index","follow":"follow","max-snippet":"max-snippet:-1","max-image-preview":"max-image-preview:large","max-video-preview":"max-video-preview:-1"},"canonical":"https:\/\/www.heddata.se\/webbutik\/produkt\/brother-lc-424y-gul-750-sidor\/","og_locale":"sv_SE","og_type":"article","og_title":"Brother LC 424Y Gul 750 sidor","og_description":"Brother LC 424Y Gul 750 sidor erbjuder p\u00e5litlig prestanda vid utskrift. Garanterar j\u00e4mna, tillf\u00f6rlitliga utskrifter av h\u00f6gsta kvalitet","og_url":"https:\/\/www.heddata.se\/webbutik\/produkt\/brother-lc-424y-gul-750-sidor\/","og_site_name":"Datorer, Skrivare, F\u00e4rgpatroner, Mobiltelefoner","article_modified_time":"2026-04-03T16:12:06+00:00","og_image":[{"width":1200,"height":1200,"url":"https:\/\/www.heddata.se\/webbutik\/wp-content\/uploads\/webbutik\/kategorier\/blackpatroner-toners\/lc424y.jpg","type":"image\/jpeg"}],"twitter_card":"summary_large_image","schema":{"@context":"https:\/\/schema.org","@graph":[{"@type":"WebPage","@id":"https:\/\/www.heddata.se\/webbutik\/produkt\/brother-lc-424y-gul-750-sidor\/","url":"https:\/\/www.heddata.se\/webbutik\/produkt\/brother-lc-424y-gul-750-sidor\/","name":"Brother LC 424Y Gul 750 sidor erbjuder p\u00e5litlig prestanda vid utskrift","isPartOf":{"@id":"https:\/\/www.heddata.se\/webbutik\/#website"},"primaryImageOfPage":{"@id":"https:\/\/www.heddata.se\/webbutik\/produkt\/brother-lc-424y-gul-750-sidor\/#primaryimage"},"image":{"@id":"https:\/\/www.heddata.se\/webbutik\/produkt\/brother-lc-424y-gul-750-sidor\/#primaryimage"},"thumbnailUrl":"https:\/\/www.heddata.se\/webbutik\/wp-content\/uploads\/webbutik\/kategorier\/blackpatroner-toners\/lc424y.jpg","datePublished":"2022-12-22T10:18:23+00:00","dateModified":"2026-04-03T16:12:06+00:00","description":"Brother LC 424Y Gul 750 sidor erbjuder p\u00e5litlig prestanda vid utskrift. Garanterar j\u00e4mna, tillf\u00f6rlitliga utskrifter av h\u00f6gsta kvalitet","breadcrumb":{"@id":"https:\/\/www.heddata.se\/webbutik\/produkt\/brother-lc-424y-gul-750-sidor\/#breadcrumb"},"inLanguage":"sv-SE","potentialAction":[{"@type":"ReadAction","target":["https:\/\/www.heddata.se\/webbutik\/produkt\/brother-lc-424y-gul-750-sidor\/"]}]},{"@type":"ImageObject","inLanguage":"sv-SE","@id":"https:\/\/www.heddata.se\/webbutik\/produkt\/brother-lc-424y-gul-750-sidor\/#primaryimage","url":"https:\/\/www.heddata.se\/webbutik\/wp-content\/uploads\/webbutik\/kategorier\/blackpatroner-toners\/lc424y.jpg","contentUrl":"https:\/\/www.heddata.se\/webbutik\/wp-content\/uploads\/webbutik\/kategorier\/blackpatroner-toners\/lc424y.jpg","width":1200,"height":1200,"caption":"Brother LC 424Y Gul"},{"@type":"BreadcrumbList","@id":"https:\/\/www.heddata.se\/webbutik\/produkt\/brother-lc-424y-gul-750-sidor\/#breadcrumb","itemListElement":[{"@type":"ListItem","position":1,"name":"Hem","item":"https:\/\/www.heddata.se\/webbutik\/"},{"@type":"ListItem","position":2,"name":"Produkter","item":"https:\/\/www.heddata.se\/webbutik\/shop\/"},{"@type":"ListItem","position":3,"name":"Brother LC 424Y Gul 750 sidor"}]},{"@type":"WebSite","@id":"https:\/\/www.heddata.se\/webbutik\/#website","url":"https:\/\/www.heddata.se\/webbutik\/","name":"Datorer, Skrivare, F\u00e4rgpatroner, Mobiltelefoner","description":"Kablar","publisher":{"@id":"https:\/\/www.heddata.se\/webbutik\/#organization"},"potentialAction":[{"@type":"SearchAction","target":{"@type":"EntryPoint","urlTemplate":"https:\/\/www.heddata.se\/webbutik\/?s={search_term_string}"},"query-input":{"@type":"PropertyValueSpecification","valueRequired":true,"valueName":"search_term_string"}}],"inLanguage":"sv-SE"},{"@type":"Organization","@id":"https:\/\/www.heddata.se\/webbutik\/#organization","name":"Heddata AB","url":"https:\/\/www.heddata.se\/webbutik\/","logo":{"@type":"ImageObject","inLanguage":"sv-SE","@id":"https:\/\/www.heddata.se\/webbutik\/#\/schema\/logo\/image\/","url":"https:\/\/www.heddata.se\/webbutik\/wp-content\/uploads\/logga\/heddata-ab-logga.png","contentUrl":"https:\/\/www.heddata.se\/webbutik\/wp-content\/uploads\/logga\/heddata-ab-logga.png","width":200,"height":64,"caption":"Heddata AB"},"image":{"@id":"https:\/\/www.heddata.se\/webbutik\/#\/schema\/logo\/image\/"}}]}},"_links":{"self":[{"href":"https:\/\/www.heddata.se\/webbutik\/wp-json\/wp\/v2\/product\/93620","targetHints":{"allow":["GET"]}}],"collection":[{"href":"https:\/\/www.heddata.se\/webbutik\/wp-json\/wp\/v2\/product"}],"about":[{"href":"https:\/\/www.heddata.se\/webbutik\/wp-json\/wp\/v2\/types\/product"}],"wp:featuredmedia":[{"embeddable":true,"href":"https:\/\/www.heddata.se\/webbutik\/wp-json\/wp\/v2\/media\/93635"}],"wp:attachment":[{"href":"https:\/\/www.heddata.se\/webbutik\/wp-json\/wp\/v2\/media?parent=93620"}],"wp:term":[{"taxonomy":"product_brand","embeddable":true,"href":"https:\/\/www.heddata.se\/webbutik\/wp-json\/wp\/v2\/product_brand?post=93620"},{"taxonomy":"product_cat","embeddable":true,"href":"https:\/\/www.heddata.se\/webbutik\/wp-json\/wp\/v2\/product_cat?post=93620"},{"taxonomy":"product_tag","embeddable":true,"href":"https:\/\/www.heddata.se\/webbutik\/wp-json\/wp\/v2\/product_tag?post=93620"}],"curies":[{"name":"wp","href":"https:\/\/api.w.org\/{rel}","templated":true}]}}