{"id":93618,"date":"2022-12-22T11:18:23","date_gmt":"2022-12-22T10:18:23","guid":{"rendered":"https:\/\/www.heddata.se\/webbutik\/?post_type=product&#038;p=93618"},"modified":"2026-04-03T18:12:05","modified_gmt":"2026-04-03T16:12:05","slug":"brother-original-lc424val-multipack-blackpatron-till-skrivare","status":"publish","type":"product","link":"https:\/\/www.heddata.se\/webbutik\/produkt\/brother-original-lc424val-multipack-blackpatron-till-skrivare\/","title":{"rendered":"Brother original LC424VAL multipack bl\u00e4ckpatron till skrivare."},"content":{"rendered":"<h1>Brother original LC424VAL multipack bl\u00e4ckpatron till skrivare.<\/h1>\n<p>Brother original LC424VAL-bl\u00e4ckpatroner med standardkapacitet f\u00f6r svart, cyan, magenta och gult \u2013 multipack. Varje patron skriver ut 750 sidor.<\/p>\n<p>Letar du efter en patron som erbjuder p\u00e5litlig prestanda varje g\u00e5ng skriver ut? <a href=\"https:\/\/www.brother.se\/\" target=\"_blank\" rel=\"noopener\">Brother<\/a> LC424VAL-multipack (inklusive svart, cyan, gul och magenta bl\u00e4ckpatroner) med f\u00e4rgbest\u00e4ndiga egenskaper garanterar j\u00e4mna, tillf\u00f6rlitliga och h\u00f6gkvalitativa utskrifter fr\u00e5n f\u00f6rsta till sista utskrift. Med v\u00e5ra perfekt balanserade bl\u00e4ckpatroner ser du till att skrivaren fungerar som den ska.<\/p>\n<p>Brother har milj\u00f6n i \u00e5tanke i varje steg av bl\u00e4ckpatronens livsl\u00e4ngd, vilket minskar avfall. All v\u00e5ra maskinvara och bl\u00e4ckpatroner \u00e4r framtagna med milj\u00f6n i \u00e5tanke.<\/p>\n<p>Brother original LC424VAL-bl\u00e4ckpatron \u2013 varje g\u00e5ng<\/p>\n<p>Passar till Brother <a href=\"https:\/\/www.heddata.se\/webbutik\/produkt\/brother-dcp-j1200w-kompakt-allt-i-ett-blackstraleskrivare-i-farg-med-mobil-hantering-dcpj1200wre1\/\">DCP-J1200W<\/a><\/p>\n","protected":false},"excerpt":{"rendered":"<h1>Brother original LC424VAL multipack bl\u00e4ckpatron till skrivare.<\/h1>\n","protected":false},"featured_media":93633,"template":"","meta":[],"product_brand":[],"product_cat":[61,92],"product_tag":[],"class_list":{"0":"post-93618","1":"product","2":"type-product","3":"status-publish","4":"has-post-thumbnail","6":"product_cat-blackpatroner-toners","7":"product_cat-brother","9":"first","10":"outofstock","11":"taxable","12":"shipping-taxable","13":"purchasable","14":"product-type-simple"},"yoast_head":"<!-- This site is optimized with the Yoast SEO Premium plugin v26.7 (Yoast SEO v26.7) - https:\/\/yoast.com\/wordpress\/plugins\/seo\/ -->\n<title>Brother original LC424VAL multipack bl\u00e4ckpatron till skrivare.<\/title>\n<meta name=\"description\" content=\"Brother original LC424VAL multipack bl\u00e4ckpatron till skrivare. Med f\u00e4rgbest\u00e4ndiga egenskaper garanterar j\u00e4mna utskrifter.\" \/>\n<meta name=\"robots\" content=\"index, follow, max-snippet:-1, max-image-preview:large, max-video-preview:-1\" \/>\n<link rel=\"canonical\" href=\"https:\/\/www.heddata.se\/webbutik\/produkt\/brother-original-lc424val-multipack-blackpatron-till-skrivare\/\" \/>\n<meta property=\"og:locale\" content=\"sv_SE\" \/>\n<meta property=\"og:type\" content=\"article\" \/>\n<meta property=\"og:title\" content=\"Brother original LC424VAL multipack bl\u00e4ckpatron till skrivare.\" \/>\n<meta property=\"og:description\" content=\"Brother original LC424VAL multipack bl\u00e4ckpatron till skrivare. Med f\u00e4rgbest\u00e4ndiga egenskaper garanterar j\u00e4mna utskrifter.\" \/>\n<meta property=\"og:url\" content=\"https:\/\/www.heddata.se\/webbutik\/produkt\/brother-original-lc424val-multipack-blackpatron-till-skrivare\/\" \/>\n<meta property=\"og:site_name\" content=\"Datorer, Skrivare, F\u00e4rgpatroner, Mobiltelefoner\" \/>\n<meta property=\"article:modified_time\" content=\"2026-04-03T16:12:05+00:00\" \/>\n<meta property=\"og:image\" content=\"https:\/\/www.heddata.se\/webbutik\/wp-content\/uploads\/webbutik\/kategorier\/blackpatroner-toners\/lc424val.jpg\" \/>\n\t<meta property=\"og:image:width\" content=\"800\" \/>\n\t<meta property=\"og:image:height\" content=\"800\" \/>\n\t<meta property=\"og:image:type\" content=\"image\/jpeg\" \/>\n<meta name=\"twitter:card\" content=\"summary_large_image\" \/>\n<meta name=\"twitter:label1\" content=\"Ber\u00e4knad l\u00e4stid\" \/>\n\t<meta name=\"twitter:data1\" content=\"1 minut\" \/>\n<script type=\"application\/ld+json\" class=\"yoast-schema-graph\">{\"@context\":\"https:\/\/schema.org\",\"@graph\":[{\"@type\":\"WebPage\",\"@id\":\"https:\/\/www.heddata.se\/webbutik\/produkt\/brother-original-lc424val-multipack-blackpatron-till-skrivare\/\",\"url\":\"https:\/\/www.heddata.se\/webbutik\/produkt\/brother-original-lc424val-multipack-blackpatron-till-skrivare\/\",\"name\":\"Brother original LC424VAL multipack bl\u00e4ckpatron till skrivare.\",\"isPartOf\":{\"@id\":\"https:\/\/www.heddata.se\/webbutik\/#website\"},\"primaryImageOfPage\":{\"@id\":\"https:\/\/www.heddata.se\/webbutik\/produkt\/brother-original-lc424val-multipack-blackpatron-till-skrivare\/#primaryimage\"},\"image\":{\"@id\":\"https:\/\/www.heddata.se\/webbutik\/produkt\/brother-original-lc424val-multipack-blackpatron-till-skrivare\/#primaryimage\"},\"thumbnailUrl\":\"https:\/\/www.heddata.se\/webbutik\/wp-content\/uploads\/webbutik\/kategorier\/blackpatroner-toners\/lc424val.jpg\",\"datePublished\":\"2022-12-22T10:18:23+00:00\",\"dateModified\":\"2026-04-03T16:12:05+00:00\",\"description\":\"Brother original LC424VAL multipack bl\u00e4ckpatron till skrivare. Med f\u00e4rgbest\u00e4ndiga egenskaper garanterar j\u00e4mna utskrifter.\",\"breadcrumb\":{\"@id\":\"https:\/\/www.heddata.se\/webbutik\/produkt\/brother-original-lc424val-multipack-blackpatron-till-skrivare\/#breadcrumb\"},\"inLanguage\":\"sv-SE\",\"potentialAction\":[{\"@type\":\"ReadAction\",\"target\":[\"https:\/\/www.heddata.se\/webbutik\/produkt\/brother-original-lc424val-multipack-blackpatron-till-skrivare\/\"]}]},{\"@type\":\"ImageObject\",\"inLanguage\":\"sv-SE\",\"@id\":\"https:\/\/www.heddata.se\/webbutik\/produkt\/brother-original-lc424val-multipack-blackpatron-till-skrivare\/#primaryimage\",\"url\":\"https:\/\/www.heddata.se\/webbutik\/wp-content\/uploads\/webbutik\/kategorier\/blackpatroner-toners\/lc424val.jpg\",\"contentUrl\":\"https:\/\/www.heddata.se\/webbutik\/wp-content\/uploads\/webbutik\/kategorier\/blackpatroner-toners\/lc424val.jpg\",\"width\":800,\"height\":800,\"caption\":\"Brother original LC424VAL multipack\"},{\"@type\":\"BreadcrumbList\",\"@id\":\"https:\/\/www.heddata.se\/webbutik\/produkt\/brother-original-lc424val-multipack-blackpatron-till-skrivare\/#breadcrumb\",\"itemListElement\":[{\"@type\":\"ListItem\",\"position\":1,\"name\":\"Hem\",\"item\":\"https:\/\/www.heddata.se\/webbutik\/\"},{\"@type\":\"ListItem\",\"position\":2,\"name\":\"Produkter\",\"item\":\"https:\/\/www.heddata.se\/webbutik\/shop\/\"},{\"@type\":\"ListItem\",\"position\":3,\"name\":\"Brother original LC424VAL multipack bl\u00e4ckpatron till skrivare.\"}]},{\"@type\":\"WebSite\",\"@id\":\"https:\/\/www.heddata.se\/webbutik\/#website\",\"url\":\"https:\/\/www.heddata.se\/webbutik\/\",\"name\":\"Datorer, Skrivare, F\u00e4rgpatroner, Mobiltelefoner\",\"description\":\"Kablar\",\"publisher\":{\"@id\":\"https:\/\/www.heddata.se\/webbutik\/#organization\"},\"potentialAction\":[{\"@type\":\"SearchAction\",\"target\":{\"@type\":\"EntryPoint\",\"urlTemplate\":\"https:\/\/www.heddata.se\/webbutik\/?s={search_term_string}\"},\"query-input\":{\"@type\":\"PropertyValueSpecification\",\"valueRequired\":true,\"valueName\":\"search_term_string\"}}],\"inLanguage\":\"sv-SE\"},{\"@type\":\"Organization\",\"@id\":\"https:\/\/www.heddata.se\/webbutik\/#organization\",\"name\":\"Heddata AB\",\"url\":\"https:\/\/www.heddata.se\/webbutik\/\",\"logo\":{\"@type\":\"ImageObject\",\"inLanguage\":\"sv-SE\",\"@id\":\"https:\/\/www.heddata.se\/webbutik\/#\/schema\/logo\/image\/\",\"url\":\"https:\/\/www.heddata.se\/webbutik\/wp-content\/uploads\/logga\/heddata-ab-logga.png\",\"contentUrl\":\"https:\/\/www.heddata.se\/webbutik\/wp-content\/uploads\/logga\/heddata-ab-logga.png\",\"width\":200,\"height\":64,\"caption\":\"Heddata AB\"},\"image\":{\"@id\":\"https:\/\/www.heddata.se\/webbutik\/#\/schema\/logo\/image\/\"}}]}<\/script>\n<!-- \/ Yoast SEO Premium plugin. -->","yoast_head_json":{"title":"Brother original LC424VAL multipack bl\u00e4ckpatron till skrivare.","description":"Brother original LC424VAL multipack bl\u00e4ckpatron till skrivare. Med f\u00e4rgbest\u00e4ndiga egenskaper garanterar j\u00e4mna utskrifter.","robots":{"index":"index","follow":"follow","max-snippet":"max-snippet:-1","max-image-preview":"max-image-preview:large","max-video-preview":"max-video-preview:-1"},"canonical":"https:\/\/www.heddata.se\/webbutik\/produkt\/brother-original-lc424val-multipack-blackpatron-till-skrivare\/","og_locale":"sv_SE","og_type":"article","og_title":"Brother original LC424VAL multipack bl\u00e4ckpatron till skrivare.","og_description":"Brother original LC424VAL multipack bl\u00e4ckpatron till skrivare. Med f\u00e4rgbest\u00e4ndiga egenskaper garanterar j\u00e4mna utskrifter.","og_url":"https:\/\/www.heddata.se\/webbutik\/produkt\/brother-original-lc424val-multipack-blackpatron-till-skrivare\/","og_site_name":"Datorer, Skrivare, F\u00e4rgpatroner, Mobiltelefoner","article_modified_time":"2026-04-03T16:12:05+00:00","og_image":[{"width":800,"height":800,"url":"https:\/\/www.heddata.se\/webbutik\/wp-content\/uploads\/webbutik\/kategorier\/blackpatroner-toners\/lc424val.jpg","type":"image\/jpeg"}],"twitter_card":"summary_large_image","twitter_misc":{"Ber\u00e4knad l\u00e4stid":"1 minut"},"schema":{"@context":"https:\/\/schema.org","@graph":[{"@type":"WebPage","@id":"https:\/\/www.heddata.se\/webbutik\/produkt\/brother-original-lc424val-multipack-blackpatron-till-skrivare\/","url":"https:\/\/www.heddata.se\/webbutik\/produkt\/brother-original-lc424val-multipack-blackpatron-till-skrivare\/","name":"Brother original LC424VAL multipack bl\u00e4ckpatron till skrivare.","isPartOf":{"@id":"https:\/\/www.heddata.se\/webbutik\/#website"},"primaryImageOfPage":{"@id":"https:\/\/www.heddata.se\/webbutik\/produkt\/brother-original-lc424val-multipack-blackpatron-till-skrivare\/#primaryimage"},"image":{"@id":"https:\/\/www.heddata.se\/webbutik\/produkt\/brother-original-lc424val-multipack-blackpatron-till-skrivare\/#primaryimage"},"thumbnailUrl":"https:\/\/www.heddata.se\/webbutik\/wp-content\/uploads\/webbutik\/kategorier\/blackpatroner-toners\/lc424val.jpg","datePublished":"2022-12-22T10:18:23+00:00","dateModified":"2026-04-03T16:12:05+00:00","description":"Brother original LC424VAL multipack bl\u00e4ckpatron till skrivare. Med f\u00e4rgbest\u00e4ndiga egenskaper garanterar j\u00e4mna utskrifter.","breadcrumb":{"@id":"https:\/\/www.heddata.se\/webbutik\/produkt\/brother-original-lc424val-multipack-blackpatron-till-skrivare\/#breadcrumb"},"inLanguage":"sv-SE","potentialAction":[{"@type":"ReadAction","target":["https:\/\/www.heddata.se\/webbutik\/produkt\/brother-original-lc424val-multipack-blackpatron-till-skrivare\/"]}]},{"@type":"ImageObject","inLanguage":"sv-SE","@id":"https:\/\/www.heddata.se\/webbutik\/produkt\/brother-original-lc424val-multipack-blackpatron-till-skrivare\/#primaryimage","url":"https:\/\/www.heddata.se\/webbutik\/wp-content\/uploads\/webbutik\/kategorier\/blackpatroner-toners\/lc424val.jpg","contentUrl":"https:\/\/www.heddata.se\/webbutik\/wp-content\/uploads\/webbutik\/kategorier\/blackpatroner-toners\/lc424val.jpg","width":800,"height":800,"caption":"Brother original LC424VAL multipack"},{"@type":"BreadcrumbList","@id":"https:\/\/www.heddata.se\/webbutik\/produkt\/brother-original-lc424val-multipack-blackpatron-till-skrivare\/#breadcrumb","itemListElement":[{"@type":"ListItem","position":1,"name":"Hem","item":"https:\/\/www.heddata.se\/webbutik\/"},{"@type":"ListItem","position":2,"name":"Produkter","item":"https:\/\/www.heddata.se\/webbutik\/shop\/"},{"@type":"ListItem","position":3,"name":"Brother original LC424VAL multipack bl\u00e4ckpatron till skrivare."}]},{"@type":"WebSite","@id":"https:\/\/www.heddata.se\/webbutik\/#website","url":"https:\/\/www.heddata.se\/webbutik\/","name":"Datorer, Skrivare, F\u00e4rgpatroner, Mobiltelefoner","description":"Kablar","publisher":{"@id":"https:\/\/www.heddata.se\/webbutik\/#organization"},"potentialAction":[{"@type":"SearchAction","target":{"@type":"EntryPoint","urlTemplate":"https:\/\/www.heddata.se\/webbutik\/?s={search_term_string}"},"query-input":{"@type":"PropertyValueSpecification","valueRequired":true,"valueName":"search_term_string"}}],"inLanguage":"sv-SE"},{"@type":"Organization","@id":"https:\/\/www.heddata.se\/webbutik\/#organization","name":"Heddata AB","url":"https:\/\/www.heddata.se\/webbutik\/","logo":{"@type":"ImageObject","inLanguage":"sv-SE","@id":"https:\/\/www.heddata.se\/webbutik\/#\/schema\/logo\/image\/","url":"https:\/\/www.heddata.se\/webbutik\/wp-content\/uploads\/logga\/heddata-ab-logga.png","contentUrl":"https:\/\/www.heddata.se\/webbutik\/wp-content\/uploads\/logga\/heddata-ab-logga.png","width":200,"height":64,"caption":"Heddata AB"},"image":{"@id":"https:\/\/www.heddata.se\/webbutik\/#\/schema\/logo\/image\/"}}]}},"_links":{"self":[{"href":"https:\/\/www.heddata.se\/webbutik\/wp-json\/wp\/v2\/product\/93618","targetHints":{"allow":["GET"]}}],"collection":[{"href":"https:\/\/www.heddata.se\/webbutik\/wp-json\/wp\/v2\/product"}],"about":[{"href":"https:\/\/www.heddata.se\/webbutik\/wp-json\/wp\/v2\/types\/product"}],"wp:featuredmedia":[{"embeddable":true,"href":"https:\/\/www.heddata.se\/webbutik\/wp-json\/wp\/v2\/media\/93633"}],"wp:attachment":[{"href":"https:\/\/www.heddata.se\/webbutik\/wp-json\/wp\/v2\/media?parent=93618"}],"wp:term":[{"taxonomy":"product_brand","embeddable":true,"href":"https:\/\/www.heddata.se\/webbutik\/wp-json\/wp\/v2\/product_brand?post=93618"},{"taxonomy":"product_cat","embeddable":true,"href":"https:\/\/www.heddata.se\/webbutik\/wp-json\/wp\/v2\/product_cat?post=93618"},{"taxonomy":"product_tag","embeddable":true,"href":"https:\/\/www.heddata.se\/webbutik\/wp-json\/wp\/v2\/product_tag?post=93618"}],"curies":[{"name":"wp","href":"https:\/\/api.w.org\/{rel}","templated":true}]}}