{"id":93610,"date":"2022-12-22T11:18:12","date_gmt":"2022-12-22T10:18:12","guid":{"rendered":"https:\/\/www.heddata.se\/webbutik\/?post_type=product&#038;p=93610"},"modified":"2026-05-08T18:29:37","modified_gmt":"2026-05-08T16:29:37","slug":"brother-dcp-j1200w-kompakt-allt-i-ett-blackstraleskrivare-i-farg-med-mobil-hantering-dcpj1200wre1","status":"publish","type":"product","link":"https:\/\/www.heddata.se\/webbutik\/produkt\/brother-dcp-j1200w-kompakt-allt-i-ett-blackstraleskrivare-i-farg-med-mobil-hantering-dcpj1200wre1\/","title":{"rendered":"BROTHER DCP-J1200W kompakt allt-i-ett bl\u00e4ckstr\u00e5leskrivare i f\u00e4rg med mobil hantering DCPJ1200WRE1"},"content":{"rendered":"<p>BROTHER DCP-J1200W kompakt allt-i-ett bl\u00e4ckstr\u00e5leskrivare i f\u00e4rg med mobil hantering DCPJ1200WRE1<\/p>\n<p>Revolutionerande allt-i-ett bl\u00e4ckstr\u00e5leskrivare med bl\u00e4ckpatroner med h\u00f6g kapacitet utformade f\u00f6r komplett mobil hantering.<\/p>\n<p>Stilfull och smart &#8211; DCPJ1200W \u00e4r designad f\u00f6r den moderna anv\u00e4ndaren.<\/p>\n<p>En allt-i-ett-skrivare med tr\u00e5dl\u00f6s anslutning g\u00f6r att skrivaren kan anv\u00e4ndas var som helst och utan problem via din <a href=\"https:\/\/www.heddata.se\/webbutik\/telefon-surfplattor\/mobiltelefoner\/\">mobila<\/a> enhet. Skriv ut mer med f\u00e4rre avbrott med vanliga bl\u00e4ckpatroner f\u00f6r upp till 750 sidor * i svartvitt och 750 sidor * i f\u00e4rg.<\/p>\n<p>*Produkten levereras med <a href=\"https:\/\/www.brother.se\/\" target=\"_blank\" rel=\"noopener\">LC424<\/a> bl\u00e4ckpatroner. F\u00f6rsta g\u00e5ngen du installerar en upps\u00e4ttning bl\u00e4ckpatroner kommer maskinen att anv\u00e4nda lite bl\u00e4ck f\u00f6r att fylla leveransr\u00f6ren f\u00f6r utskrifter av h\u00f6g kvalitet. Processen sker bara en g\u00e5ng. M\u00e4ngden bl\u00e4ck som \u00e5terst\u00e5r kommer att vara minst 720 sidor BK och 480 sidor CMY (ber\u00e4knat enligt ISO \/ IEC 24711).<\/p>\n","protected":false},"excerpt":{"rendered":"<p>BROTHER DCP-J1200W kompakt allt-i-ett bl\u00e4ckstr\u00e5leskrivare i f\u00e4rg med mobil hantering DCPJ1200WRE1<\/p>\n","protected":false},"featured_media":93628,"template":"","meta":[],"product_brand":[],"product_cat":[634,635,62],"product_tag":[],"class_list":{"0":"post-93610","1":"product","2":"type-product","3":"status-publish","4":"has-post-thumbnail","6":"product_cat-blackstraleskrivare","7":"product_cat-multifunktionsskrivare","8":"product_cat-skrivare","10":"first","11":"outofstock","12":"taxable","13":"shipping-taxable","14":"product-type-simple"},"yoast_head":"<!-- This site is optimized with the Yoast SEO Premium plugin v26.7 (Yoast SEO v26.7) - https:\/\/yoast.com\/wordpress\/plugins\/seo\/ -->\n<title>BROTHER DCP-J1200W kompakt allt-i-ett bl\u00e4ckstr\u00e5leskrivare i f\u00e4rg<\/title>\n<meta name=\"description\" content=\"BROTHER DCP-J1200W kompakt allt-i-ett bl\u00e4ckstr\u00e5leskrivare i f\u00e4rg med mobil hantering med bl\u00e4ckpatroner med h\u00f6g kapacitet\" \/>\n<meta name=\"robots\" content=\"index, follow, max-snippet:-1, max-image-preview:large, max-video-preview:-1\" \/>\n<link rel=\"canonical\" href=\"https:\/\/www.heddata.se\/webbutik\/produkt\/brother-dcp-j1200w-kompakt-allt-i-ett-blackstraleskrivare-i-farg-med-mobil-hantering-dcpj1200wre1\/\" \/>\n<meta property=\"og:locale\" content=\"sv_SE\" \/>\n<meta property=\"og:type\" content=\"article\" \/>\n<meta property=\"og:title\" content=\"BROTHER DCP-J1200W kompakt allt-i-ett bl\u00e4ckstr\u00e5leskrivare i f\u00e4rg med mobil hantering DCPJ1200WRE1\" \/>\n<meta property=\"og:description\" content=\"BROTHER DCP-J1200W kompakt allt-i-ett bl\u00e4ckstr\u00e5leskrivare i f\u00e4rg med mobil hantering med bl\u00e4ckpatroner med h\u00f6g kapacitet\" \/>\n<meta property=\"og:url\" content=\"https:\/\/www.heddata.se\/webbutik\/produkt\/brother-dcp-j1200w-kompakt-allt-i-ett-blackstraleskrivare-i-farg-med-mobil-hantering-dcpj1200wre1\/\" \/>\n<meta property=\"og:site_name\" content=\"Datorer, Skrivare, F\u00e4rgpatroner, Mobiltelefoner\" \/>\n<meta property=\"article:modified_time\" content=\"2026-05-08T16:29:37+00:00\" \/>\n<meta property=\"og:image\" content=\"https:\/\/www.heddata.se\/webbutik\/wp-content\/uploads\/webbutik\/kategorier\/skrivare\/dcp-j1200w.jpg\" \/>\n\t<meta property=\"og:image:width\" content=\"800\" \/>\n\t<meta property=\"og:image:height\" content=\"800\" \/>\n\t<meta property=\"og:image:type\" content=\"image\/jpeg\" \/>\n<meta name=\"twitter:card\" content=\"summary_large_image\" \/>\n<meta name=\"twitter:label1\" content=\"Ber\u00e4knad l\u00e4stid\" \/>\n\t<meta name=\"twitter:data1\" content=\"1 minut\" \/>\n<script type=\"application\/ld+json\" class=\"yoast-schema-graph\">{\"@context\":\"https:\/\/schema.org\",\"@graph\":[{\"@type\":\"WebPage\",\"@id\":\"https:\/\/www.heddata.se\/webbutik\/produkt\/brother-dcp-j1200w-kompakt-allt-i-ett-blackstraleskrivare-i-farg-med-mobil-hantering-dcpj1200wre1\/\",\"url\":\"https:\/\/www.heddata.se\/webbutik\/produkt\/brother-dcp-j1200w-kompakt-allt-i-ett-blackstraleskrivare-i-farg-med-mobil-hantering-dcpj1200wre1\/\",\"name\":\"BROTHER DCP-J1200W kompakt allt-i-ett bl\u00e4ckstr\u00e5leskrivare i f\u00e4rg\",\"isPartOf\":{\"@id\":\"https:\/\/www.heddata.se\/webbutik\/#website\"},\"primaryImageOfPage\":{\"@id\":\"https:\/\/www.heddata.se\/webbutik\/produkt\/brother-dcp-j1200w-kompakt-allt-i-ett-blackstraleskrivare-i-farg-med-mobil-hantering-dcpj1200wre1\/#primaryimage\"},\"image\":{\"@id\":\"https:\/\/www.heddata.se\/webbutik\/produkt\/brother-dcp-j1200w-kompakt-allt-i-ett-blackstraleskrivare-i-farg-med-mobil-hantering-dcpj1200wre1\/#primaryimage\"},\"thumbnailUrl\":\"https:\/\/www.heddata.se\/webbutik\/wp-content\/uploads\/webbutik\/kategorier\/skrivare\/dcp-j1200w.jpg\",\"datePublished\":\"2022-12-22T10:18:12+00:00\",\"dateModified\":\"2026-05-08T16:29:37+00:00\",\"description\":\"BROTHER DCP-J1200W kompakt allt-i-ett bl\u00e4ckstr\u00e5leskrivare i f\u00e4rg med mobil hantering med bl\u00e4ckpatroner med h\u00f6g kapacitet\",\"breadcrumb\":{\"@id\":\"https:\/\/www.heddata.se\/webbutik\/produkt\/brother-dcp-j1200w-kompakt-allt-i-ett-blackstraleskrivare-i-farg-med-mobil-hantering-dcpj1200wre1\/#breadcrumb\"},\"inLanguage\":\"sv-SE\",\"potentialAction\":[{\"@type\":\"ReadAction\",\"target\":[\"https:\/\/www.heddata.se\/webbutik\/produkt\/brother-dcp-j1200w-kompakt-allt-i-ett-blackstraleskrivare-i-farg-med-mobil-hantering-dcpj1200wre1\/\"]}]},{\"@type\":\"ImageObject\",\"inLanguage\":\"sv-SE\",\"@id\":\"https:\/\/www.heddata.se\/webbutik\/produkt\/brother-dcp-j1200w-kompakt-allt-i-ett-blackstraleskrivare-i-farg-med-mobil-hantering-dcpj1200wre1\/#primaryimage\",\"url\":\"https:\/\/www.heddata.se\/webbutik\/wp-content\/uploads\/webbutik\/kategorier\/skrivare\/dcp-j1200w.jpg\",\"contentUrl\":\"https:\/\/www.heddata.se\/webbutik\/wp-content\/uploads\/webbutik\/kategorier\/skrivare\/dcp-j1200w.jpg\",\"width\":800,\"height\":800,\"caption\":\"BROTHER DCP-J1200W kompakt allt-i-ett bl\u00e4ckstr\u00e5leskrivare\"},{\"@type\":\"BreadcrumbList\",\"@id\":\"https:\/\/www.heddata.se\/webbutik\/produkt\/brother-dcp-j1200w-kompakt-allt-i-ett-blackstraleskrivare-i-farg-med-mobil-hantering-dcpj1200wre1\/#breadcrumb\",\"itemListElement\":[{\"@type\":\"ListItem\",\"position\":1,\"name\":\"Hem\",\"item\":\"https:\/\/www.heddata.se\/webbutik\/\"},{\"@type\":\"ListItem\",\"position\":2,\"name\":\"Produkter\",\"item\":\"https:\/\/www.heddata.se\/webbutik\/shop\/\"},{\"@type\":\"ListItem\",\"position\":3,\"name\":\"BROTHER DCP-J1200W kompakt allt-i-ett bl\u00e4ckstr\u00e5leskrivare i f\u00e4rg med mobil hantering DCPJ1200WRE1\"}]},{\"@type\":\"WebSite\",\"@id\":\"https:\/\/www.heddata.se\/webbutik\/#website\",\"url\":\"https:\/\/www.heddata.se\/webbutik\/\",\"name\":\"Datorer, Skrivare, F\u00e4rgpatroner, Mobiltelefoner\",\"description\":\"Kablar\",\"publisher\":{\"@id\":\"https:\/\/www.heddata.se\/webbutik\/#organization\"},\"potentialAction\":[{\"@type\":\"SearchAction\",\"target\":{\"@type\":\"EntryPoint\",\"urlTemplate\":\"https:\/\/www.heddata.se\/webbutik\/?s={search_term_string}\"},\"query-input\":{\"@type\":\"PropertyValueSpecification\",\"valueRequired\":true,\"valueName\":\"search_term_string\"}}],\"inLanguage\":\"sv-SE\"},{\"@type\":\"Organization\",\"@id\":\"https:\/\/www.heddata.se\/webbutik\/#organization\",\"name\":\"Heddata AB\",\"url\":\"https:\/\/www.heddata.se\/webbutik\/\",\"logo\":{\"@type\":\"ImageObject\",\"inLanguage\":\"sv-SE\",\"@id\":\"https:\/\/www.heddata.se\/webbutik\/#\/schema\/logo\/image\/\",\"url\":\"https:\/\/www.heddata.se\/webbutik\/wp-content\/uploads\/logga\/heddata-ab-logga.png\",\"contentUrl\":\"https:\/\/www.heddata.se\/webbutik\/wp-content\/uploads\/logga\/heddata-ab-logga.png\",\"width\":200,\"height\":64,\"caption\":\"Heddata AB\"},\"image\":{\"@id\":\"https:\/\/www.heddata.se\/webbutik\/#\/schema\/logo\/image\/\"}}]}<\/script>\n<!-- \/ Yoast SEO Premium plugin. -->","yoast_head_json":{"title":"BROTHER DCP-J1200W kompakt allt-i-ett bl\u00e4ckstr\u00e5leskrivare i f\u00e4rg","description":"BROTHER DCP-J1200W kompakt allt-i-ett bl\u00e4ckstr\u00e5leskrivare i f\u00e4rg med mobil hantering med bl\u00e4ckpatroner med h\u00f6g kapacitet","robots":{"index":"index","follow":"follow","max-snippet":"max-snippet:-1","max-image-preview":"max-image-preview:large","max-video-preview":"max-video-preview:-1"},"canonical":"https:\/\/www.heddata.se\/webbutik\/produkt\/brother-dcp-j1200w-kompakt-allt-i-ett-blackstraleskrivare-i-farg-med-mobil-hantering-dcpj1200wre1\/","og_locale":"sv_SE","og_type":"article","og_title":"BROTHER DCP-J1200W kompakt allt-i-ett bl\u00e4ckstr\u00e5leskrivare i f\u00e4rg med mobil hantering DCPJ1200WRE1","og_description":"BROTHER DCP-J1200W kompakt allt-i-ett bl\u00e4ckstr\u00e5leskrivare i f\u00e4rg med mobil hantering med bl\u00e4ckpatroner med h\u00f6g kapacitet","og_url":"https:\/\/www.heddata.se\/webbutik\/produkt\/brother-dcp-j1200w-kompakt-allt-i-ett-blackstraleskrivare-i-farg-med-mobil-hantering-dcpj1200wre1\/","og_site_name":"Datorer, Skrivare, F\u00e4rgpatroner, Mobiltelefoner","article_modified_time":"2026-05-08T16:29:37+00:00","og_image":[{"width":800,"height":800,"url":"https:\/\/www.heddata.se\/webbutik\/wp-content\/uploads\/webbutik\/kategorier\/skrivare\/dcp-j1200w.jpg","type":"image\/jpeg"}],"twitter_card":"summary_large_image","twitter_misc":{"Ber\u00e4knad l\u00e4stid":"1 minut"},"schema":{"@context":"https:\/\/schema.org","@graph":[{"@type":"WebPage","@id":"https:\/\/www.heddata.se\/webbutik\/produkt\/brother-dcp-j1200w-kompakt-allt-i-ett-blackstraleskrivare-i-farg-med-mobil-hantering-dcpj1200wre1\/","url":"https:\/\/www.heddata.se\/webbutik\/produkt\/brother-dcp-j1200w-kompakt-allt-i-ett-blackstraleskrivare-i-farg-med-mobil-hantering-dcpj1200wre1\/","name":"BROTHER DCP-J1200W kompakt allt-i-ett bl\u00e4ckstr\u00e5leskrivare i f\u00e4rg","isPartOf":{"@id":"https:\/\/www.heddata.se\/webbutik\/#website"},"primaryImageOfPage":{"@id":"https:\/\/www.heddata.se\/webbutik\/produkt\/brother-dcp-j1200w-kompakt-allt-i-ett-blackstraleskrivare-i-farg-med-mobil-hantering-dcpj1200wre1\/#primaryimage"},"image":{"@id":"https:\/\/www.heddata.se\/webbutik\/produkt\/brother-dcp-j1200w-kompakt-allt-i-ett-blackstraleskrivare-i-farg-med-mobil-hantering-dcpj1200wre1\/#primaryimage"},"thumbnailUrl":"https:\/\/www.heddata.se\/webbutik\/wp-content\/uploads\/webbutik\/kategorier\/skrivare\/dcp-j1200w.jpg","datePublished":"2022-12-22T10:18:12+00:00","dateModified":"2026-05-08T16:29:37+00:00","description":"BROTHER DCP-J1200W kompakt allt-i-ett bl\u00e4ckstr\u00e5leskrivare i f\u00e4rg med mobil hantering med bl\u00e4ckpatroner med h\u00f6g kapacitet","breadcrumb":{"@id":"https:\/\/www.heddata.se\/webbutik\/produkt\/brother-dcp-j1200w-kompakt-allt-i-ett-blackstraleskrivare-i-farg-med-mobil-hantering-dcpj1200wre1\/#breadcrumb"},"inLanguage":"sv-SE","potentialAction":[{"@type":"ReadAction","target":["https:\/\/www.heddata.se\/webbutik\/produkt\/brother-dcp-j1200w-kompakt-allt-i-ett-blackstraleskrivare-i-farg-med-mobil-hantering-dcpj1200wre1\/"]}]},{"@type":"ImageObject","inLanguage":"sv-SE","@id":"https:\/\/www.heddata.se\/webbutik\/produkt\/brother-dcp-j1200w-kompakt-allt-i-ett-blackstraleskrivare-i-farg-med-mobil-hantering-dcpj1200wre1\/#primaryimage","url":"https:\/\/www.heddata.se\/webbutik\/wp-content\/uploads\/webbutik\/kategorier\/skrivare\/dcp-j1200w.jpg","contentUrl":"https:\/\/www.heddata.se\/webbutik\/wp-content\/uploads\/webbutik\/kategorier\/skrivare\/dcp-j1200w.jpg","width":800,"height":800,"caption":"BROTHER DCP-J1200W kompakt allt-i-ett bl\u00e4ckstr\u00e5leskrivare"},{"@type":"BreadcrumbList","@id":"https:\/\/www.heddata.se\/webbutik\/produkt\/brother-dcp-j1200w-kompakt-allt-i-ett-blackstraleskrivare-i-farg-med-mobil-hantering-dcpj1200wre1\/#breadcrumb","itemListElement":[{"@type":"ListItem","position":1,"name":"Hem","item":"https:\/\/www.heddata.se\/webbutik\/"},{"@type":"ListItem","position":2,"name":"Produkter","item":"https:\/\/www.heddata.se\/webbutik\/shop\/"},{"@type":"ListItem","position":3,"name":"BROTHER DCP-J1200W kompakt allt-i-ett bl\u00e4ckstr\u00e5leskrivare i f\u00e4rg med mobil hantering DCPJ1200WRE1"}]},{"@type":"WebSite","@id":"https:\/\/www.heddata.se\/webbutik\/#website","url":"https:\/\/www.heddata.se\/webbutik\/","name":"Datorer, Skrivare, F\u00e4rgpatroner, Mobiltelefoner","description":"Kablar","publisher":{"@id":"https:\/\/www.heddata.se\/webbutik\/#organization"},"potentialAction":[{"@type":"SearchAction","target":{"@type":"EntryPoint","urlTemplate":"https:\/\/www.heddata.se\/webbutik\/?s={search_term_string}"},"query-input":{"@type":"PropertyValueSpecification","valueRequired":true,"valueName":"search_term_string"}}],"inLanguage":"sv-SE"},{"@type":"Organization","@id":"https:\/\/www.heddata.se\/webbutik\/#organization","name":"Heddata AB","url":"https:\/\/www.heddata.se\/webbutik\/","logo":{"@type":"ImageObject","inLanguage":"sv-SE","@id":"https:\/\/www.heddata.se\/webbutik\/#\/schema\/logo\/image\/","url":"https:\/\/www.heddata.se\/webbutik\/wp-content\/uploads\/logga\/heddata-ab-logga.png","contentUrl":"https:\/\/www.heddata.se\/webbutik\/wp-content\/uploads\/logga\/heddata-ab-logga.png","width":200,"height":64,"caption":"Heddata AB"},"image":{"@id":"https:\/\/www.heddata.se\/webbutik\/#\/schema\/logo\/image\/"}}]}},"_links":{"self":[{"href":"https:\/\/www.heddata.se\/webbutik\/wp-json\/wp\/v2\/product\/93610","targetHints":{"allow":["GET"]}}],"collection":[{"href":"https:\/\/www.heddata.se\/webbutik\/wp-json\/wp\/v2\/product"}],"about":[{"href":"https:\/\/www.heddata.se\/webbutik\/wp-json\/wp\/v2\/types\/product"}],"wp:featuredmedia":[{"embeddable":true,"href":"https:\/\/www.heddata.se\/webbutik\/wp-json\/wp\/v2\/media\/93628"}],"wp:attachment":[{"href":"https:\/\/www.heddata.se\/webbutik\/wp-json\/wp\/v2\/media?parent=93610"}],"wp:term":[{"taxonomy":"product_brand","embeddable":true,"href":"https:\/\/www.heddata.se\/webbutik\/wp-json\/wp\/v2\/product_brand?post=93610"},{"taxonomy":"product_cat","embeddable":true,"href":"https:\/\/www.heddata.se\/webbutik\/wp-json\/wp\/v2\/product_cat?post=93610"},{"taxonomy":"product_tag","embeddable":true,"href":"https:\/\/www.heddata.se\/webbutik\/wp-json\/wp\/v2\/product_tag?post=93610"}],"curies":[{"name":"wp","href":"https:\/\/api.w.org\/{rel}","templated":true}]}}