{"id":93571,"date":"2022-12-15T11:18:05","date_gmt":"2022-12-15T10:18:05","guid":{"rendered":"https:\/\/www.heddata.se\/webbutik\/?post_type=product&#038;p=93571"},"modified":"2026-05-15T18:08:35","modified_gmt":"2026-05-15T16:08:35","slug":"canon-f-715sg-vetenskaplig-kakylator-svart-5730b001","status":"publish","type":"product","link":"https:\/\/www.heddata.se\/webbutik\/produkt\/canon-f-715sg-vetenskaplig-kakylator-svart-5730b001\/","title":{"rendered":"Canon F-715SG vetenskaplig kakylator svart &#8211; 5730B001"},"content":{"rendered":"<p>Canon F-715SG vetenskaplig kakylator svart &#8211; 5730B001<\/p>\n<p><span style=\"font-family: Arial;font-size: small\">Den avancerade funktionsr\u00e4knaren F-715SG har en stor 2-radig LCD-display och finns i tre f\u00e4rgvarianter. Den \u00e4r delvis tillverkad av \u00e5tervunnet Canon-material, vilket g\u00f6r den till ett milj\u00f6anpassat val.<\/span><\/p>\n<h4><span style=\"font-family: Arial;font-size: small\"><strong>Egenskaper<\/strong><\/span><\/h4>\n<p><span style=\"font-family: Arial;font-size: small\">Stor 2-radig LCD-display<br \/>\n250 funktioner<br \/>\nUpp till 16 decimaler f\u00f6r interna ber\u00e4kningar<br \/>\nEtt milj\u00f6anpassat val, tack vare \u00e5tervunnet plastmaterial fr\u00e5n Canon f\u00f6r det undre och h\u00e5rda fodralet.<br \/>\nP\u00e5litlig dubbel str\u00f6mk\u00e4lla: solcell och batteri<br \/>\nTre f\u00e4rgvarianter<br \/>\nP\u00e5litlig funktionsr\u00e4knare<\/span><\/p>\n<h4><span style=\"font-family: Arial;font-size: small\"><strong>Tydligare visning med stor 2-radig display<\/strong><\/span><\/h4>\n<p><span style=\"font-family: Arial;font-size: small\">Funktionsr\u00e4knaren F-715SG har en extra stor 2-radig LCD-display och passar perfekt f\u00f6r studier, tentamen och hemuppgifter. P\u00e5 den \u00f6versta raden visas inmatningarna, p\u00e5 den understa raden visas resultaten \u2013 svar kan visas med upp till 10 siffror och en 2-siffrig exponent. Eftersom teckenstorleken p\u00e5 huvuddisplayen \u00e4r 9,6 x 3,96 mm kan du enkelt l\u00e4sa resultaten.<\/span><\/p>\n<h4><span style=\"font-family: Arial;font-size: small\"><strong>Hela 250 funktioner<\/strong><\/span><\/h4>\n<p><span style=\"font-family: Arial;font-size: small\">Den h\u00e4r funktionsr\u00e4knaren har alla viktiga funktioner som studenter beh\u00f6ver f\u00f6r sina studier inom matematik och naturvetenskap, inklusive basmatematik, trigonometri, statistik, fysik och teknik. F-715SG har hela 250 funktioner och klarar avancerad probleml\u00f6sning. Den har kapacitet att lagra i minnet och \u00e5terkalla upp till 17 ber\u00e4kningar, s\u00e5 att anv\u00e4ndarna kan prova sig fram med olika m\u00f6nster och koncept. Dessutom kan interna ber\u00e4kningar med upp 16 decimaler g\u00f6ras, vilket ger ett mer exakt resultat.<\/span><\/p>\n<h4><span style=\"font-family: Arial;font-size: small\"><strong>Delvis tillverkad av \u00e5tervunnet <a href=\"https:\/\/www.canon.se\/\" target=\"_blank\" rel=\"noopener\">Canon-material.<\/a> At least 30% recycled plastic.<\/strong><\/span><\/h4>\n<p><span style=\"font-family: Arial;font-size: small\">F-715SG \u00e4r b\u00e5de ett praktiskt och milj\u00f6anpassat val. Det beror p\u00e5 att Canon anv\u00e4nder kasserat platsmaterial vid tillverkningen av det undre och h\u00e5rda fodralet. Det inneb\u00e4r att kasserat material f\u00e5r nytt liv.<\/span><\/p>\n<h4><span style=\"font-family: Arial;font-size: small\"><strong>P\u00e5litlig dubbel str\u00f6mk\u00e4lla<\/strong><\/span><\/h4>\n<p><span style=\"font-family: Arial;font-size: small\">Funktionsr\u00e4knaren drivs av b\u00e5de solceller och <a href=\"https:\/\/www.heddata.se\/webbutik\/batterier\/\">batteri,<\/a> vilket g\u00f6r den extra p\u00e5litlig vid tentamina. Anv\u00e4nd det energibesparande solcellsalternativet n\u00e4r r\u00e4tt ljusf\u00f6rh\u00e5llanden r\u00e5der och v\u00e4xla tillbaka till batteriet vid behov. F-715SG varnar ocks\u00e5 i god tid n\u00e4r batteriet b\u00f6rjar ta slut. N\u00e4r den inte anv\u00e4nds under 7 minuter st\u00e4ngs r\u00e4knaren av tack vare funktionen f\u00f6r automatisk avst\u00e4ngning, vilket sparar p\u00e5 batteriet ytterligare.<\/span><\/p>\n<h4><span style=\"font-family: Arial\"><span style=\"font-size: small\"><strong>Tre snygga f\u00e4rger<\/strong><\/span><\/span><\/h4>\n<p><span style=\"font-family: Arial\"><span style=\"font-size: small\">Den praktiska och snygga F-715SG finns i svart eller tv\u00e5 vita varianter. Du kan v\u00e4lja mellan magenta eller bl\u00e5 p\u00e5 piltangenten och det skyddande fodralet. Eftersom den bara v\u00e4ger 124 gram \u00e4r den l\u00e4tt att ta med sig. Det h\u00e5rda skjutbara fodralet skyddar knappsatsen och displayen fr\u00e5n st\u00f6tar och slag.<\/span><\/span><\/p>\n","protected":false},"excerpt":{"rendered":"<p>Canon F-715SG vetenskaplig kakylator svart &#8211; 5730B001<\/p>\n","protected":false},"featured_media":93573,"template":"","meta":[],"product_brand":[],"product_cat":[68,198],"product_tag":[],"class_list":{"0":"post-93571","1":"product","2":"type-product","3":"status-publish","4":"has-post-thumbnail","6":"product_cat-kontorstillbehor","7":"product_cat-ovrigt","9":"first","10":"instock","11":"taxable","12":"shipping-taxable","13":"purchasable","14":"product-type-simple"},"yoast_head":"<!-- This site is optimized with the Yoast SEO Premium plugin v26.7 (Yoast SEO v26.7) - https:\/\/yoast.com\/wordpress\/plugins\/seo\/ -->\n<title>Canon F-715SG vetenskaplig kakylator svart - 5730B001<\/title>\n<meta name=\"description\" content=\"Canon F-715SG vetenskaplig kakylator svart - 5730B001, Upp till 16 decimaler f\u00f6r interna ber\u00e4kningar, \u00e5tervunnet plastmaterial fr\u00e5n Canon.\" \/>\n<meta name=\"robots\" content=\"index, follow, max-snippet:-1, max-image-preview:large, max-video-preview:-1\" \/>\n<link rel=\"canonical\" href=\"https:\/\/www.heddata.se\/webbutik\/produkt\/canon-f-715sg-vetenskaplig-kakylator-svart-5730b001\/\" \/>\n<meta property=\"og:locale\" content=\"sv_SE\" \/>\n<meta property=\"og:type\" content=\"article\" \/>\n<meta property=\"og:title\" content=\"Canon F-715SG vetenskaplig kakylator svart - 5730B001\" \/>\n<meta property=\"og:description\" content=\"Canon F-715SG vetenskaplig kakylator svart - 5730B001, Upp till 16 decimaler f\u00f6r interna ber\u00e4kningar, \u00e5tervunnet plastmaterial fr\u00e5n Canon.\" \/>\n<meta property=\"og:url\" content=\"https:\/\/www.heddata.se\/webbutik\/produkt\/canon-f-715sg-vetenskaplig-kakylator-svart-5730b001\/\" \/>\n<meta property=\"og:site_name\" content=\"Datorer, Skrivare, F\u00e4rgpatroner, Mobiltelefoner\" \/>\n<meta property=\"article:modified_time\" content=\"2026-05-15T16:08:35+00:00\" \/>\n<meta property=\"og:image\" content=\"https:\/\/www.heddata.se\/webbutik\/wp-content\/uploads\/webbutik\/kategorier\/kontorstillbehor\/5730b001.jpg\" \/>\n\t<meta property=\"og:image:width\" content=\"1800\" \/>\n\t<meta property=\"og:image:height\" content=\"1800\" \/>\n\t<meta property=\"og:image:type\" content=\"image\/jpeg\" \/>\n<meta name=\"twitter:card\" content=\"summary_large_image\" \/>\n<meta name=\"twitter:label1\" content=\"Ber\u00e4knad l\u00e4stid\" \/>\n\t<meta name=\"twitter:data1\" content=\"2 minuter\" \/>\n<script type=\"application\/ld+json\" class=\"yoast-schema-graph\">{\"@context\":\"https:\/\/schema.org\",\"@graph\":[{\"@type\":\"WebPage\",\"@id\":\"https:\/\/www.heddata.se\/webbutik\/produkt\/canon-f-715sg-vetenskaplig-kakylator-svart-5730b001\/\",\"url\":\"https:\/\/www.heddata.se\/webbutik\/produkt\/canon-f-715sg-vetenskaplig-kakylator-svart-5730b001\/\",\"name\":\"Canon F-715SG vetenskaplig kakylator svart - 5730B001\",\"isPartOf\":{\"@id\":\"https:\/\/www.heddata.se\/webbutik\/#website\"},\"primaryImageOfPage\":{\"@id\":\"https:\/\/www.heddata.se\/webbutik\/produkt\/canon-f-715sg-vetenskaplig-kakylator-svart-5730b001\/#primaryimage\"},\"image\":{\"@id\":\"https:\/\/www.heddata.se\/webbutik\/produkt\/canon-f-715sg-vetenskaplig-kakylator-svart-5730b001\/#primaryimage\"},\"thumbnailUrl\":\"https:\/\/www.heddata.se\/webbutik\/wp-content\/uploads\/webbutik\/kategorier\/kontorstillbehor\/5730b001.jpg\",\"datePublished\":\"2022-12-15T10:18:05+00:00\",\"dateModified\":\"2026-05-15T16:08:35+00:00\",\"description\":\"Canon F-715SG vetenskaplig kakylator svart - 5730B001, Upp till 16 decimaler f\u00f6r interna ber\u00e4kningar, \u00e5tervunnet plastmaterial fr\u00e5n Canon.\",\"breadcrumb\":{\"@id\":\"https:\/\/www.heddata.se\/webbutik\/produkt\/canon-f-715sg-vetenskaplig-kakylator-svart-5730b001\/#breadcrumb\"},\"inLanguage\":\"sv-SE\",\"potentialAction\":[{\"@type\":\"ReadAction\",\"target\":[\"https:\/\/www.heddata.se\/webbutik\/produkt\/canon-f-715sg-vetenskaplig-kakylator-svart-5730b001\/\"]}]},{\"@type\":\"ImageObject\",\"inLanguage\":\"sv-SE\",\"@id\":\"https:\/\/www.heddata.se\/webbutik\/produkt\/canon-f-715sg-vetenskaplig-kakylator-svart-5730b001\/#primaryimage\",\"url\":\"https:\/\/www.heddata.se\/webbutik\/wp-content\/uploads\/webbutik\/kategorier\/kontorstillbehor\/5730b001.jpg\",\"contentUrl\":\"https:\/\/www.heddata.se\/webbutik\/wp-content\/uploads\/webbutik\/kategorier\/kontorstillbehor\/5730b001.jpg\",\"width\":1800,\"height\":1800,\"caption\":\"Canon F-715SG vetenskaplig kakylator\"},{\"@type\":\"BreadcrumbList\",\"@id\":\"https:\/\/www.heddata.se\/webbutik\/produkt\/canon-f-715sg-vetenskaplig-kakylator-svart-5730b001\/#breadcrumb\",\"itemListElement\":[{\"@type\":\"ListItem\",\"position\":1,\"name\":\"Hem\",\"item\":\"https:\/\/www.heddata.se\/webbutik\/\"},{\"@type\":\"ListItem\",\"position\":2,\"name\":\"Produkter\",\"item\":\"https:\/\/www.heddata.se\/webbutik\/shop\/\"},{\"@type\":\"ListItem\",\"position\":3,\"name\":\"Canon F-715SG vetenskaplig kakylator svart &#8211; 5730B001\"}]},{\"@type\":\"WebSite\",\"@id\":\"https:\/\/www.heddata.se\/webbutik\/#website\",\"url\":\"https:\/\/www.heddata.se\/webbutik\/\",\"name\":\"Datorer, Skrivare, F\u00e4rgpatroner, Mobiltelefoner\",\"description\":\"Kablar\",\"publisher\":{\"@id\":\"https:\/\/www.heddata.se\/webbutik\/#organization\"},\"potentialAction\":[{\"@type\":\"SearchAction\",\"target\":{\"@type\":\"EntryPoint\",\"urlTemplate\":\"https:\/\/www.heddata.se\/webbutik\/?s={search_term_string}\"},\"query-input\":{\"@type\":\"PropertyValueSpecification\",\"valueRequired\":true,\"valueName\":\"search_term_string\"}}],\"inLanguage\":\"sv-SE\"},{\"@type\":\"Organization\",\"@id\":\"https:\/\/www.heddata.se\/webbutik\/#organization\",\"name\":\"Heddata AB\",\"url\":\"https:\/\/www.heddata.se\/webbutik\/\",\"logo\":{\"@type\":\"ImageObject\",\"inLanguage\":\"sv-SE\",\"@id\":\"https:\/\/www.heddata.se\/webbutik\/#\/schema\/logo\/image\/\",\"url\":\"https:\/\/www.heddata.se\/webbutik\/wp-content\/uploads\/logga\/heddata-ab-logga.png\",\"contentUrl\":\"https:\/\/www.heddata.se\/webbutik\/wp-content\/uploads\/logga\/heddata-ab-logga.png\",\"width\":200,\"height\":64,\"caption\":\"Heddata AB\"},\"image\":{\"@id\":\"https:\/\/www.heddata.se\/webbutik\/#\/schema\/logo\/image\/\"}}]}<\/script>\n<!-- \/ Yoast SEO Premium plugin. -->","yoast_head_json":{"title":"Canon F-715SG vetenskaplig kakylator svart - 5730B001","description":"Canon F-715SG vetenskaplig kakylator svart - 5730B001, Upp till 16 decimaler f\u00f6r interna ber\u00e4kningar, \u00e5tervunnet plastmaterial fr\u00e5n Canon.","robots":{"index":"index","follow":"follow","max-snippet":"max-snippet:-1","max-image-preview":"max-image-preview:large","max-video-preview":"max-video-preview:-1"},"canonical":"https:\/\/www.heddata.se\/webbutik\/produkt\/canon-f-715sg-vetenskaplig-kakylator-svart-5730b001\/","og_locale":"sv_SE","og_type":"article","og_title":"Canon F-715SG vetenskaplig kakylator svart - 5730B001","og_description":"Canon F-715SG vetenskaplig kakylator svart - 5730B001, Upp till 16 decimaler f\u00f6r interna ber\u00e4kningar, \u00e5tervunnet plastmaterial fr\u00e5n Canon.","og_url":"https:\/\/www.heddata.se\/webbutik\/produkt\/canon-f-715sg-vetenskaplig-kakylator-svart-5730b001\/","og_site_name":"Datorer, Skrivare, F\u00e4rgpatroner, Mobiltelefoner","article_modified_time":"2026-05-15T16:08:35+00:00","og_image":[{"width":1800,"height":1800,"url":"https:\/\/www.heddata.se\/webbutik\/wp-content\/uploads\/webbutik\/kategorier\/kontorstillbehor\/5730b001.jpg","type":"image\/jpeg"}],"twitter_card":"summary_large_image","twitter_misc":{"Ber\u00e4knad l\u00e4stid":"2 minuter"},"schema":{"@context":"https:\/\/schema.org","@graph":[{"@type":"WebPage","@id":"https:\/\/www.heddata.se\/webbutik\/produkt\/canon-f-715sg-vetenskaplig-kakylator-svart-5730b001\/","url":"https:\/\/www.heddata.se\/webbutik\/produkt\/canon-f-715sg-vetenskaplig-kakylator-svart-5730b001\/","name":"Canon F-715SG vetenskaplig kakylator svart - 5730B001","isPartOf":{"@id":"https:\/\/www.heddata.se\/webbutik\/#website"},"primaryImageOfPage":{"@id":"https:\/\/www.heddata.se\/webbutik\/produkt\/canon-f-715sg-vetenskaplig-kakylator-svart-5730b001\/#primaryimage"},"image":{"@id":"https:\/\/www.heddata.se\/webbutik\/produkt\/canon-f-715sg-vetenskaplig-kakylator-svart-5730b001\/#primaryimage"},"thumbnailUrl":"https:\/\/www.heddata.se\/webbutik\/wp-content\/uploads\/webbutik\/kategorier\/kontorstillbehor\/5730b001.jpg","datePublished":"2022-12-15T10:18:05+00:00","dateModified":"2026-05-15T16:08:35+00:00","description":"Canon F-715SG vetenskaplig kakylator svart - 5730B001, Upp till 16 decimaler f\u00f6r interna ber\u00e4kningar, \u00e5tervunnet plastmaterial fr\u00e5n Canon.","breadcrumb":{"@id":"https:\/\/www.heddata.se\/webbutik\/produkt\/canon-f-715sg-vetenskaplig-kakylator-svart-5730b001\/#breadcrumb"},"inLanguage":"sv-SE","potentialAction":[{"@type":"ReadAction","target":["https:\/\/www.heddata.se\/webbutik\/produkt\/canon-f-715sg-vetenskaplig-kakylator-svart-5730b001\/"]}]},{"@type":"ImageObject","inLanguage":"sv-SE","@id":"https:\/\/www.heddata.se\/webbutik\/produkt\/canon-f-715sg-vetenskaplig-kakylator-svart-5730b001\/#primaryimage","url":"https:\/\/www.heddata.se\/webbutik\/wp-content\/uploads\/webbutik\/kategorier\/kontorstillbehor\/5730b001.jpg","contentUrl":"https:\/\/www.heddata.se\/webbutik\/wp-content\/uploads\/webbutik\/kategorier\/kontorstillbehor\/5730b001.jpg","width":1800,"height":1800,"caption":"Canon F-715SG vetenskaplig kakylator"},{"@type":"BreadcrumbList","@id":"https:\/\/www.heddata.se\/webbutik\/produkt\/canon-f-715sg-vetenskaplig-kakylator-svart-5730b001\/#breadcrumb","itemListElement":[{"@type":"ListItem","position":1,"name":"Hem","item":"https:\/\/www.heddata.se\/webbutik\/"},{"@type":"ListItem","position":2,"name":"Produkter","item":"https:\/\/www.heddata.se\/webbutik\/shop\/"},{"@type":"ListItem","position":3,"name":"Canon F-715SG vetenskaplig kakylator svart &#8211; 5730B001"}]},{"@type":"WebSite","@id":"https:\/\/www.heddata.se\/webbutik\/#website","url":"https:\/\/www.heddata.se\/webbutik\/","name":"Datorer, Skrivare, F\u00e4rgpatroner, Mobiltelefoner","description":"Kablar","publisher":{"@id":"https:\/\/www.heddata.se\/webbutik\/#organization"},"potentialAction":[{"@type":"SearchAction","target":{"@type":"EntryPoint","urlTemplate":"https:\/\/www.heddata.se\/webbutik\/?s={search_term_string}"},"query-input":{"@type":"PropertyValueSpecification","valueRequired":true,"valueName":"search_term_string"}}],"inLanguage":"sv-SE"},{"@type":"Organization","@id":"https:\/\/www.heddata.se\/webbutik\/#organization","name":"Heddata AB","url":"https:\/\/www.heddata.se\/webbutik\/","logo":{"@type":"ImageObject","inLanguage":"sv-SE","@id":"https:\/\/www.heddata.se\/webbutik\/#\/schema\/logo\/image\/","url":"https:\/\/www.heddata.se\/webbutik\/wp-content\/uploads\/logga\/heddata-ab-logga.png","contentUrl":"https:\/\/www.heddata.se\/webbutik\/wp-content\/uploads\/logga\/heddata-ab-logga.png","width":200,"height":64,"caption":"Heddata AB"},"image":{"@id":"https:\/\/www.heddata.se\/webbutik\/#\/schema\/logo\/image\/"}}]}},"_links":{"self":[{"href":"https:\/\/www.heddata.se\/webbutik\/wp-json\/wp\/v2\/product\/93571","targetHints":{"allow":["GET"]}}],"collection":[{"href":"https:\/\/www.heddata.se\/webbutik\/wp-json\/wp\/v2\/product"}],"about":[{"href":"https:\/\/www.heddata.se\/webbutik\/wp-json\/wp\/v2\/types\/product"}],"wp:featuredmedia":[{"embeddable":true,"href":"https:\/\/www.heddata.se\/webbutik\/wp-json\/wp\/v2\/media\/93573"}],"wp:attachment":[{"href":"https:\/\/www.heddata.se\/webbutik\/wp-json\/wp\/v2\/media?parent=93571"}],"wp:term":[{"taxonomy":"product_brand","embeddable":true,"href":"https:\/\/www.heddata.se\/webbutik\/wp-json\/wp\/v2\/product_brand?post=93571"},{"taxonomy":"product_cat","embeddable":true,"href":"https:\/\/www.heddata.se\/webbutik\/wp-json\/wp\/v2\/product_cat?post=93571"},{"taxonomy":"product_tag","embeddable":true,"href":"https:\/\/www.heddata.se\/webbutik\/wp-json\/wp\/v2\/product_tag?post=93571"}],"curies":[{"name":"wp","href":"https:\/\/api.w.org\/{rel}","templated":true}]}}