{"id":93414,"date":"2022-11-16T16:18:06","date_gmt":"2022-11-16T15:18:06","guid":{"rendered":"https:\/\/www.heddata.se\/webbutik\/?post_type=product&#038;p=93414"},"modified":"2026-04-07T18:18:55","modified_gmt":"2026-04-07T16:18:55","slug":"nokia-mobiltelefon-g21-4-64gb-blue","status":"publish","type":"product","link":"https:\/\/www.heddata.se\/webbutik\/produkt\/nokia-mobiltelefon-g21-4-64gb-blue\/","title":{"rendered":"Nokia mobiltelefon G21 4\/64GB Blue"},"content":{"rendered":"<h3>Nokia mobiltelefon G21 4\/64GB Blue<\/h3>\n<p>Upplev det du \u00e4lskar l\u00e4ngre, p\u00e5 en st\u00f6rre, ljusare sk\u00e4rm. Nokia G21 kombinerar en h\u00e4pnadsv\u00e4ckande 3-dagars batteritid med s\u00f6ml\u00f6s prestanda &#8211; plus en hisnande 50 MP-kamera med AI-bildbehandlingsteknik. Den \u00e4r ocks\u00e5 supertuff, b\u00e5de p\u00e5 insidan och utsidan, med ett snyggt polykarbonatskal, 2x fler s\u00e4kerhetsuppdateringar \u00e4n konkurrenterna, 2 \u00e5rs OS-uppdateringar och en 30-dagars utv\u00e4rderingsversion av ExpressVPN.<\/p>\n<h4><b>3 dagar \u00e4r en l\u00e5ng tid &#8211; speciellt f\u00f6r ett batteri<\/b><\/h4>\n<p>Livet \u00e4r ett \u00e4ventyr. Vem vet var du kommer att vara om ett par dagar? Som tur \u00e4r har Nokia G21 otrolig batteritid p\u00e5 3 dagar. Allts\u00e5 beh\u00f6ver du inte ta med dig laddaren n\u00e4r du lever livet till fullo. Den har \u00e4ven med 18W snabbladdningskapacitet f\u00f6r att ladda batteriet snabbare n\u00e4r det beh\u00f6vs5.<\/p>\n<h4><b>H\u00e5ll dig uppdaterad och s\u00e4ker<\/b><\/h4>\n<p>H\u00e5ll dig uppdaterad med 2 \u00e5rs OS-uppgraderingar och h\u00e5ll dig s\u00e4ker med 2\u00d7 fler s\u00e4kerhetsuppdateringar \u00e4n konkurrenterna.<\/p>\n<h4><b>50 MP-kamera med tre objektiv och AI-bildbehandling<\/b><\/h4>\n<p>Det \u00e4r sv\u00e5rt att ta bra bilder. Det brukade i alla fall vara det. Med <a href=\"https:\/\/www.nokia.com\/\" target=\"_blank\" rel=\"noopener\">Nokia<\/a> G21 och dess 50 MP-kamera med tre objektiv, inklusive huvud-, djup- och makroobjektiv, \u00e4r det enkelt att ta kvalitetsfoton. Den \u00e4r ocks\u00e5 utrustad med avancerad bildbehandling i svagt ljus, s\u00e5 att du kommer att kunna f\u00f6rverkliga alla dina fantastiska id\u00e9er.<\/p>\n<h4><b>En snabbare uppdateringsfrekvens &#8211; p\u00e5 en stor sk\u00e4rm<\/b><\/h4>\n<p>Nokia har gett Nokia G21 en stor sk\u00e4rm p\u00e5 6,5 tum. P\u00e5 s\u00e5 s\u00e4tt kan du anv\u00e4nda den f\u00f6r att visa upp din senaste kortfilm, eller gosa under en filt och titta p\u00e5 n\u00e5gon annans m\u00e4sterverk. Den har \u00e4ven en uppdateringsfrekvens p\u00e5 90 Hz, vilket g\u00f6r det oerh\u00f6rt smidigt att bl\u00e4ddra bland foton och p\u00e5 sociala medier.<\/p>\n<h4><b>\u00d6ka din s\u00e4kerhet med ExpressVPN<\/b><\/h4>\n<p>Oavsett om du anv\u00e4nder wifi eller mobildata l\u00e4gger ExpressVPN till ytterligare ett s\u00e4kerhetslager i din internetanslutning och skyddar din data fr\u00e5n nyfikna \u00f6gon och \u00f6ron. F\u00e5 en 30-dagars kostnadsfri testversion av ExpressVPN, exklusivt p\u00e5 utvalda Nokia-telefoner. Det inneb\u00e4r inget \u00e5tagande och du beh\u00f6ver inte registrera n\u00e5got betalningsmedel &#8211; du kommer ig\u00e5ng p\u00e5 mindre \u00e4n en minut.<\/p>\n<h4><b>Allt du vill h\u00f6ra, och mycket mer<\/b><\/h4>\n<p>Alla l\u00e5tar och poddar du \u00e4lskar att lyssna p\u00e5 &#8211; och miljontals du \u00e4nnu inte har uppt\u00e4ckt. <a href=\"https:\/\/www.heddata.se\/webbutik\/telefon-surfplattor\/mobiltelefoner\/\">Smartphones<\/a> fr\u00e5n Nokia levereras nu med Spotify, v\u00e4rldens mest popul\u00e4ra ljudstreamingtj\u00e4nst, f\u00f6rinstallerat. De mest popul\u00e4ra l\u00e5tarna fr\u00e5n v\u00e4rldens hetaste artister \u00e4r nu bara ett knapptryck bort.<\/p>\n<h4><b>Skapa kontakter och uppt\u00e4ck m\u00f6jligheter<\/b><\/h4>\n<p>Nokia-smartphones har nu LinkedIn installerat som standard, s\u00e5 att du kan f\u00f6rdjupa dig i v\u00e4rldens st\u00f6rsta yrkesn\u00e4tverk. P\u00e5 ett par klick kan du f\u00e5 kontakt med medlemmar fr\u00e5n olika bakgrunder och med olika erfarenheter. Uppt\u00e4ck nya m\u00f6jligheter och ta n\u00e4sta steg i karri\u00e4ren.<\/p>\n<p>&nbsp;<\/p>\n<table class=\"data-table\">\n<tbody>\n<tr class=\"even\">\n<td class=\"pb-2 pt-2 text-primary\" colspan=\"2\"><b>Allm\u00e4nt<\/b><\/td>\n<\/tr>\n<tr>\n<td class=\"spec-name\">SAR-v\u00e4rde<\/td>\n<td class=\"spec-value\">1,048 W\/kg (kropp), 0,339 W\/kg (huvud)<\/td>\n<\/tr>\n<tr>\n<td class=\"spec-name\">H\u00f6jd<\/td>\n<td class=\"spec-value\">164.6 mm<\/td>\n<\/tr>\n<tr>\n<td class=\"spec-name\">Vikt<\/td>\n<td class=\"spec-value\">190 g<\/td>\n<\/tr>\n<tr>\n<td class=\"spec-name\">Bredd<\/td>\n<td class=\"spec-value\">75.9 mm<\/td>\n<\/tr>\n<tr>\n<td class=\"spec-name\">Djup<\/td>\n<td class=\"spec-value\">8.5 mm<\/td>\n<\/tr>\n<tr>\n<td class=\"spec-name\">Formfaktor<\/td>\n<td class=\"spec-value\">Ber\u00f6ring<\/td>\n<\/tr>\n<tr>\n<td class=\"spec-name\">Inbyggda komponenter<\/td>\n<td class=\"spec-value\">FM-radio<\/td>\n<\/tr>\n<tr>\n<td class=\"spec-name\">F\u00e4rg<\/td>\n<td class=\"spec-value\">Nordiskt bl\u00e5tt<\/td>\n<\/tr>\n<tr>\n<td class=\"spec-name\">Typ av produkt<\/td>\n<td class=\"spec-value\">Peksk\u00e4rmsmobil<\/td>\n<\/tr>\n<tr>\n<td class=\"spec-name\">Material<\/td>\n<td class=\"spec-value\">Polykarbonat<\/td>\n<\/tr>\n<tr class=\"even\">\n<td class=\"pb-2 pt-2 text-primary\" colspan=\"2\"><b>Anslutningar<\/b><\/td>\n<\/tr>\n<tr>\n<td class=\"spec-name\">Anslutningstyp<\/td>\n<td class=\"spec-value\">USB Type-C &#8211; 24 pin USB-C \u00a6 Utg\u00e5ng f\u00f6r headset &#8211; minih\u00f6rlurskontakt 3,5 mm<\/td>\n<\/tr>\n<tr class=\"odd\">\n<td class=\"pb-2 pt-2 text-primary\" colspan=\"2\"><b>Batteri<\/b><\/td>\n<\/tr>\n<tr>\n<td class=\"spec-name\">Kapacitet<\/td>\n<td class=\"spec-value\">5050 mAh<\/td>\n<\/tr>\n<tr>\n<td class=\"spec-name\">Runtime-detaljer<\/td>\n<td class=\"spec-value\">Blandad anv\u00e4ndning: upp till 72 timmar<\/td>\n<\/tr>\n<tr class=\"odd\">\n<td class=\"pb-2 pt-2 text-primary\" colspan=\"2\"><b>Bildsk\u00e4rm<\/b><\/td>\n<\/tr>\n<tr>\n<td class=\"spec-name\">Bildsk\u00e4rmsuppl\u00f6sning<\/td>\n<td class=\"spec-value\">1600 x 720 pixlar<\/td>\n<\/tr>\n<tr>\n<td class=\"spec-name\">Samplingsfrekvens vid ber\u00f6ring<\/td>\n<td class=\"spec-value\">180 Hz<\/td>\n<\/tr>\n<tr>\n<td class=\"spec-name\">Bildf\u00f6rh\u00e5llande<\/td>\n<td class=\"spec-value\">20:9<\/td>\n<\/tr>\n<tr>\n<td class=\"spec-name\">Maximal ljusstyrka<\/td>\n<td class=\"spec-value\">400 cd\/m\u00b2<\/td>\n<\/tr>\n<tr>\n<td class=\"spec-name\">Diagonal storlek<\/td>\n<td class=\"spec-value\">6.5&#8243;<\/td>\n<\/tr>\n<tr>\n<td class=\"spec-name\">Uppdateringsfrekvens<\/td>\n<td class=\"spec-value\">90 Hz<\/td>\n<\/tr>\n<tr>\n<td class=\"spec-name\">Visningsformat<\/td>\n<td class=\"spec-value\">HD+<\/td>\n<\/tr>\n<tr>\n<td class=\"spec-name\">Funktioner<\/td>\n<td class=\"spec-value\">V-notch-sk\u00e4rm, l\u00e4ge med h\u00f6g ljusstyrka<\/td>\n<\/tr>\n<tr class=\"odd\">\n<td class=\"pb-2 pt-2 text-primary\" colspan=\"2\">\n<h4><b>Diverse<\/b><\/h4>\n<\/td>\n<\/tr>\n<tr>\n<td class=\"spec-name\">Inkluderade tillbeh\u00f6r<\/td>\n<td class=\"spec-value\">USB-C-kabel, sk\u00e4rmskydd (f\u00f6rapplicerat), 10 W laddare<\/td>\n<\/tr>\n<tr class=\"even\">\n<td class=\"pb-2 pt-2 text-primary\" colspan=\"2\"><b>Fr\u00e4mre kamera<\/b><\/td>\n<\/tr>\n<tr>\n<td class=\"spec-name\">Sensoruppl\u00f6sning<\/td>\n<td class=\"spec-value\">8 megapixlar<\/td>\n<\/tr>\n<tr class=\"odd\">\n<td class=\"pb-2 pt-2 text-primary\" colspan=\"2\"><b>Huvudkamera<\/b><\/td>\n<\/tr>\n<tr>\n<td class=\"spec-name\">Pixelstorlek<\/td>\n<td class=\"spec-value\">0.64 \u00b5m<\/td>\n<\/tr>\n<tr>\n<td class=\"spec-name\">Sensorstorlek<\/td>\n<td class=\"spec-value\">1\/2.76&#8243;<\/td>\n<\/tr>\n<tr>\n<td class=\"spec-name\">Sensoruppl\u00f6sning<\/td>\n<td class=\"spec-value\">50 megapixlar<\/td>\n<\/tr>\n<tr>\n<td class=\"spec-name\">Optisk konstruktion<\/td>\n<td class=\"spec-value\">5-element<\/td>\n<\/tr>\n<tr>\n<td class=\"spec-name\">Funktioner<\/td>\n<td class=\"spec-value\">AI-bildbehandlingsteknik<\/td>\n<\/tr>\n<tr>\n<td class=\"spec-name\">Sensortyp<\/td>\n<td class=\"spec-value\">CMOS<\/td>\n<\/tr>\n<tr>\n<td class=\"spec-name\">Bl\u00e4ndare<\/td>\n<td class=\"spec-value\">F\/1.8<\/td>\n<\/tr>\n<tr>\n<td class=\"spec-name\">Ljusk\u00e4lla<\/td>\n<td class=\"spec-value\">LED-blixt<\/td>\n<\/tr>\n<tr class=\"odd\">\n<td class=\"pb-2 pt-2 text-primary\" colspan=\"2\"><b>Kamera tre<\/b><\/td>\n<\/tr>\n<tr>\n<td class=\"spec-name\">Sensoruppl\u00f6sning<\/td>\n<td class=\"spec-value\">2 Megapixel<\/td>\n<\/tr>\n<tr>\n<td class=\"spec-name\">Funktioner<\/td>\n<td class=\"spec-value\">Djupkamera<\/td>\n<\/tr>\n<tr class=\"odd\">\n<td class=\"pb-2 pt-2 text-primary\" colspan=\"2\"><b>Kamera tv\u00e5<\/b><\/td>\n<\/tr>\n<tr>\n<td class=\"spec-name\">Sensoruppl\u00f6sning<\/td>\n<td class=\"spec-value\">2 Megapixel<\/td>\n<\/tr>\n<tr>\n<td class=\"spec-name\">Funktioner<\/td>\n<td class=\"spec-value\">Makrokamera<\/td>\n<\/tr>\n<tr class=\"odd\">\n<td class=\"pb-2 pt-2 text-primary\" colspan=\"2\"><b>Kommunikationer<\/b><\/td>\n<\/tr>\n<tr>\n<td class=\"spec-name\">3G UMTS-frekvens<\/td>\n<td class=\"spec-value\">2100, 850, 900<\/td>\n<\/tr>\n<tr>\n<td class=\"spec-name\">2G-band<\/td>\n<td class=\"spec-value\">850 GSM, 900 GSM, 1800 GSM, 1900 GSM<\/td>\n<\/tr>\n<tr>\n<td class=\"spec-name\">4G LTE-band<\/td>\n<td class=\"spec-value\">Band 1, Band 3, Band 5, Band 7, Band 8, Band 20, Band 28, Band 38, Band 40, Band 41<\/td>\n<\/tr>\n<tr>\n<td class=\"spec-name\">3G UMTS-band<\/td>\n<td class=\"spec-value\">Band 1, Band 5, Band 8<\/td>\n<\/tr>\n<tr>\n<td class=\"spec-name\">4G LTE-frekvens<\/td>\n<td class=\"spec-value\">FDD 2100, FDD 1800+, FDD 850, FDD 2600, FDD 900, FDD 800 DD, FDD 700 APT, TDD 2600, TDD 2300, TDD 2500<\/td>\n<\/tr>\n<tr>\n<td class=\"spec-name\">Data\u00f6verf\u00f6ring<\/td>\n<td class=\"spec-value\">LTE<\/td>\n<\/tr>\n<tr>\n<td class=\"spec-name\">Tr\u00e5dl\u00f6st gr\u00e4nssnitt<\/td>\n<td class=\"spec-value\">NFC, IEEE 802.11a\/b\/g\/n\/ac, Bluetooth 5.0<\/td>\n<\/tr>\n<tr class=\"even\">\n<td class=\"pb-2 pt-2 text-primary\" colspan=\"2\"><b>Mediespelare<\/b><\/td>\n<\/tr>\n<tr>\n<td class=\"spec-name\">Ljudf\u00f6rb\u00e4ttring<\/td>\n<td class=\"spec-value\">OZO spatial ljudinspelning<\/td>\n<\/tr>\n<tr class=\"odd\">\n<td class=\"pb-2 pt-2 text-primary\" colspan=\"2\"><b>Minne<\/b><\/td>\n<\/tr>\n<tr>\n<td class=\"spec-name\">RAM<\/td>\n<td class=\"spec-value\">4 GB<\/td>\n<\/tr>\n<tr>\n<td class=\"spec-name\">Internminneskapacitet<\/td>\n<td class=\"spec-value\">64 GB<\/td>\n<\/tr>\n<tr>\n<td class=\"spec-name\">Flash-minneskort som st\u00f6ds<\/td>\n<td class=\"spec-value\">MicroSDHC, microSD, microSDXC &#8211; upp till 512 GB<\/td>\n<\/tr>\n<tr class=\"even\">\n<td class=\"pb-2 pt-2 text-primary\" colspan=\"2\"><b>Mobil<\/b><\/td>\n<\/tr>\n<tr>\n<td class=\"spec-name\">Generationen mobilt bredband<\/td>\n<td class=\"spec-value\">4G<\/td>\n<\/tr>\n<tr>\n<td class=\"spec-name\">Operativsystem<\/td>\n<td class=\"spec-value\">Android 11<\/td>\n<\/tr>\n<tr>\n<td class=\"spec-name\">Antal SIM-kort<\/td>\n<td class=\"spec-value\">Dual-SIM<\/td>\n<\/tr>\n<tr>\n<td class=\"spec-name\">Intelligent assistent<\/td>\n<td class=\"spec-value\">Google Assistant<\/td>\n<\/tr>\n<tr>\n<td class=\"spec-name\">Navigering<\/td>\n<td class=\"spec-value\">GPS, A-GPS, GLONASS, Galileo<\/td>\n<\/tr>\n<tr>\n<td class=\"spec-name\">Serviceleverant\u00f6r<\/td>\n<td class=\"spec-value\">Inte specificerad<\/td>\n<\/tr>\n<tr>\n<td class=\"spec-name\">Inmatningsenhet<\/td>\n<td class=\"spec-value\">Multi-touch<\/td>\n<\/tr>\n<tr>\n<td class=\"spec-name\">SIM-korttyp<\/td>\n<td class=\"spec-value\">Nano-SIM<\/td>\n<\/tr>\n<tr class=\"even\">\n<td class=\"pb-2 pt-2 text-primary\" colspan=\"2\"><b>Processor<\/b><\/td>\n<\/tr>\n<tr>\n<td class=\"spec-name\">Klockfrekvens<\/td>\n<td class=\"spec-value\">1.6 GHz<\/td>\n<\/tr>\n<tr>\n<td class=\"spec-name\">Antal processork\u00e4rnor<\/td>\n<td class=\"spec-value\">8-k\u00e4rnig<\/td>\n<\/tr>\n<tr>\n<td class=\"spec-name\">Processornummer<\/td>\n<td class=\"spec-value\">T606<\/td>\n<\/tr>\n<tr>\n<td class=\"spec-name\">Typ<\/td>\n<td class=\"spec-value\">Unisoc<\/td>\n<\/tr>\n<tr class=\"even\">\n<td class=\"pb-2 pt-2 text-primary\" colspan=\"2\"><b>Telefonfunktioner<\/b><\/td>\n<\/tr>\n<tr>\n<td class=\"spec-name\">Sensorer<\/td>\n<td class=\"spec-value\">Accelerometer, milj\u00f6ljussensor, n\u00e4rhetssensor<\/td>\n<\/tr>\n<tr>\n<td class=\"spec-name\">S\u00e4kerhetsenheter<\/td>\n<td class=\"spec-value\">Ansiktsigenk\u00e4nning, fingeravtrycksl\u00e4sare (sida)<\/td>\n<\/tr>\n<tr>\n<td class=\"spec-name\">Ytterligare funktioner<\/td>\n<td class=\"spec-value\">Dubbla mikrofoner, Snabbladdning, Google-assistensknapp, 3 \u00e5rs s\u00e4kerhetsuppdateringar, 2 \u00e5rs OS-uppgraderingar, garanterad uppgradering till Android 12<\/td>\n<\/tr>\n<tr>\n<td class=\"spec-name\">S\u00e4kerhetsteknik<\/td>\n<td class=\"spec-value\">Uppl\u00e5sning med ansikte<\/td>\n<\/tr>\n<tr class=\"even\">\n<td class=\"pb-2 pt-2 text-primary\" colspan=\"2\"><b>Tillverkarens garanti<\/b><\/td>\n<\/tr>\n<tr>\n<td class=\"spec-name\">Service och support<\/td>\n<td class=\"spec-value\">Begr\u00e4nsad garanti &#8211; 2 \u00e5r<\/td>\n<\/tr>\n<\/tbody>\n<\/table>\n","protected":false},"excerpt":{"rendered":"<p>Nokia mobiltelefon G21 4\/64GB Blue<\/p>\n","protected":false},"featured_media":93422,"template":"","meta":[],"product_brand":[],"product_cat":[106,6009,103,63],"product_tag":[],"class_list":{"0":"post-93414","1":"product","2":"type-product","3":"status-publish","4":"has-post-thumbnail","6":"product_cat-mobiltelefoner","7":"product_cat-mobiltelefoner-touch","8":"product_cat-telefoner","9":"product_cat-telefoner-surfplattor","11":"first","12":"outofstock","13":"taxable","14":"shipping-taxable","15":"product-type-simple"},"yoast_head":"<!-- This site is optimized with the Yoast SEO Premium plugin v26.7 (Yoast SEO v26.7) - https:\/\/yoast.com\/wordpress\/plugins\/seo\/ -->\n<title>Nokia mobiltelefon G21 4\/64GB Blue, st\u00f6rre, ljusare sk\u00e4rm<\/title>\n<meta name=\"description\" content=\"Nokia mobiltelefon G21 4\/64GB Blue. Upplev det du \u00e4lskar l\u00e4ngre, p\u00e5 en st\u00f6rre, ljusare sk\u00e4rm och l\u00e5ng batteritid, upp till 3 dagar.\" \/>\n<meta name=\"robots\" content=\"index, follow, max-snippet:-1, max-image-preview:large, max-video-preview:-1\" \/>\n<link rel=\"canonical\" href=\"https:\/\/www.heddata.se\/webbutik\/produkt\/nokia-mobiltelefon-g21-4-64gb-blue\/\" \/>\n<meta property=\"og:locale\" content=\"sv_SE\" \/>\n<meta property=\"og:type\" content=\"article\" \/>\n<meta property=\"og:title\" content=\"Nokia mobiltelefon G21 4\/64GB Blue\" \/>\n<meta property=\"og:description\" content=\"Nokia mobiltelefon G21 4\/64GB Blue. Upplev det du \u00e4lskar l\u00e4ngre, p\u00e5 en st\u00f6rre, ljusare sk\u00e4rm och l\u00e5ng batteritid, upp till 3 dagar.\" \/>\n<meta property=\"og:url\" content=\"https:\/\/www.heddata.se\/webbutik\/produkt\/nokia-mobiltelefon-g21-4-64gb-blue\/\" \/>\n<meta property=\"og:site_name\" content=\"Datorer, Skrivare, F\u00e4rgpatroner, Mobiltelefoner\" \/>\n<meta property=\"article:modified_time\" content=\"2026-04-07T16:18:55+00:00\" \/>\n<meta property=\"og:image\" content=\"https:\/\/www.heddata.se\/webbutik\/wp-content\/uploads\/webbutik\/kategorier\/mobiltelefoner-surfplattor\/719901183481.jpeg\" \/>\n\t<meta property=\"og:image:width\" content=\"960\" \/>\n\t<meta property=\"og:image:height\" content=\"960\" \/>\n\t<meta property=\"og:image:type\" content=\"image\/jpeg\" \/>\n<meta name=\"twitter:card\" content=\"summary_large_image\" \/>\n<meta name=\"twitter:label1\" content=\"Ber\u00e4knad l\u00e4stid\" \/>\n\t<meta name=\"twitter:data1\" content=\"4 minuter\" \/>\n<script type=\"application\/ld+json\" class=\"yoast-schema-graph\">{\"@context\":\"https:\/\/schema.org\",\"@graph\":[{\"@type\":\"WebPage\",\"@id\":\"https:\/\/www.heddata.se\/webbutik\/produkt\/nokia-mobiltelefon-g21-4-64gb-blue\/\",\"url\":\"https:\/\/www.heddata.se\/webbutik\/produkt\/nokia-mobiltelefon-g21-4-64gb-blue\/\",\"name\":\"Nokia mobiltelefon G21 4\/64GB Blue, st\u00f6rre, ljusare sk\u00e4rm\",\"isPartOf\":{\"@id\":\"https:\/\/www.heddata.se\/webbutik\/#website\"},\"primaryImageOfPage\":{\"@id\":\"https:\/\/www.heddata.se\/webbutik\/produkt\/nokia-mobiltelefon-g21-4-64gb-blue\/#primaryimage\"},\"image\":{\"@id\":\"https:\/\/www.heddata.se\/webbutik\/produkt\/nokia-mobiltelefon-g21-4-64gb-blue\/#primaryimage\"},\"thumbnailUrl\":\"https:\/\/www.heddata.se\/webbutik\/wp-content\/uploads\/webbutik\/kategorier\/mobiltelefoner-surfplattor\/719901183481.jpeg\",\"datePublished\":\"2022-11-16T15:18:06+00:00\",\"dateModified\":\"2026-04-07T16:18:55+00:00\",\"description\":\"Nokia mobiltelefon G21 4\/64GB Blue. Upplev det du \u00e4lskar l\u00e4ngre, p\u00e5 en st\u00f6rre, ljusare sk\u00e4rm och l\u00e5ng batteritid, upp till 3 dagar.\",\"breadcrumb\":{\"@id\":\"https:\/\/www.heddata.se\/webbutik\/produkt\/nokia-mobiltelefon-g21-4-64gb-blue\/#breadcrumb\"},\"inLanguage\":\"sv-SE\",\"potentialAction\":[{\"@type\":\"ReadAction\",\"target\":[\"https:\/\/www.heddata.se\/webbutik\/produkt\/nokia-mobiltelefon-g21-4-64gb-blue\/\"]}]},{\"@type\":\"ImageObject\",\"inLanguage\":\"sv-SE\",\"@id\":\"https:\/\/www.heddata.se\/webbutik\/produkt\/nokia-mobiltelefon-g21-4-64gb-blue\/#primaryimage\",\"url\":\"https:\/\/www.heddata.se\/webbutik\/wp-content\/uploads\/webbutik\/kategorier\/mobiltelefoner-surfplattor\/719901183481.jpeg\",\"contentUrl\":\"https:\/\/www.heddata.se\/webbutik\/wp-content\/uploads\/webbutik\/kategorier\/mobiltelefoner-surfplattor\/719901183481.jpeg\",\"width\":960,\"height\":960,\"caption\":\"Nokia mobiltelefon G21 4\/64GB\"},{\"@type\":\"BreadcrumbList\",\"@id\":\"https:\/\/www.heddata.se\/webbutik\/produkt\/nokia-mobiltelefon-g21-4-64gb-blue\/#breadcrumb\",\"itemListElement\":[{\"@type\":\"ListItem\",\"position\":1,\"name\":\"Hem\",\"item\":\"https:\/\/www.heddata.se\/webbutik\/\"},{\"@type\":\"ListItem\",\"position\":2,\"name\":\"Produkter\",\"item\":\"https:\/\/www.heddata.se\/webbutik\/shop\/\"},{\"@type\":\"ListItem\",\"position\":3,\"name\":\"Nokia mobiltelefon G21 4\/64GB Blue\"}]},{\"@type\":\"WebSite\",\"@id\":\"https:\/\/www.heddata.se\/webbutik\/#website\",\"url\":\"https:\/\/www.heddata.se\/webbutik\/\",\"name\":\"Datorer, Skrivare, F\u00e4rgpatroner, Mobiltelefoner\",\"description\":\"Kablar\",\"publisher\":{\"@id\":\"https:\/\/www.heddata.se\/webbutik\/#organization\"},\"potentialAction\":[{\"@type\":\"SearchAction\",\"target\":{\"@type\":\"EntryPoint\",\"urlTemplate\":\"https:\/\/www.heddata.se\/webbutik\/?s={search_term_string}\"},\"query-input\":{\"@type\":\"PropertyValueSpecification\",\"valueRequired\":true,\"valueName\":\"search_term_string\"}}],\"inLanguage\":\"sv-SE\"},{\"@type\":\"Organization\",\"@id\":\"https:\/\/www.heddata.se\/webbutik\/#organization\",\"name\":\"Heddata AB\",\"url\":\"https:\/\/www.heddata.se\/webbutik\/\",\"logo\":{\"@type\":\"ImageObject\",\"inLanguage\":\"sv-SE\",\"@id\":\"https:\/\/www.heddata.se\/webbutik\/#\/schema\/logo\/image\/\",\"url\":\"https:\/\/www.heddata.se\/webbutik\/wp-content\/uploads\/logga\/heddata-ab-logga.png\",\"contentUrl\":\"https:\/\/www.heddata.se\/webbutik\/wp-content\/uploads\/logga\/heddata-ab-logga.png\",\"width\":200,\"height\":64,\"caption\":\"Heddata AB\"},\"image\":{\"@id\":\"https:\/\/www.heddata.se\/webbutik\/#\/schema\/logo\/image\/\"}}]}<\/script>\n<!-- \/ Yoast SEO Premium plugin. -->","yoast_head_json":{"title":"Nokia mobiltelefon G21 4\/64GB Blue, st\u00f6rre, ljusare sk\u00e4rm","description":"Nokia mobiltelefon G21 4\/64GB Blue. Upplev det du \u00e4lskar l\u00e4ngre, p\u00e5 en st\u00f6rre, ljusare sk\u00e4rm och l\u00e5ng batteritid, upp till 3 dagar.","robots":{"index":"index","follow":"follow","max-snippet":"max-snippet:-1","max-image-preview":"max-image-preview:large","max-video-preview":"max-video-preview:-1"},"canonical":"https:\/\/www.heddata.se\/webbutik\/produkt\/nokia-mobiltelefon-g21-4-64gb-blue\/","og_locale":"sv_SE","og_type":"article","og_title":"Nokia mobiltelefon G21 4\/64GB Blue","og_description":"Nokia mobiltelefon G21 4\/64GB Blue. Upplev det du \u00e4lskar l\u00e4ngre, p\u00e5 en st\u00f6rre, ljusare sk\u00e4rm och l\u00e5ng batteritid, upp till 3 dagar.","og_url":"https:\/\/www.heddata.se\/webbutik\/produkt\/nokia-mobiltelefon-g21-4-64gb-blue\/","og_site_name":"Datorer, Skrivare, F\u00e4rgpatroner, Mobiltelefoner","article_modified_time":"2026-04-07T16:18:55+00:00","og_image":[{"width":960,"height":960,"url":"https:\/\/www.heddata.se\/webbutik\/wp-content\/uploads\/webbutik\/kategorier\/mobiltelefoner-surfplattor\/719901183481.jpeg","type":"image\/jpeg"}],"twitter_card":"summary_large_image","twitter_misc":{"Ber\u00e4knad l\u00e4stid":"4 minuter"},"schema":{"@context":"https:\/\/schema.org","@graph":[{"@type":"WebPage","@id":"https:\/\/www.heddata.se\/webbutik\/produkt\/nokia-mobiltelefon-g21-4-64gb-blue\/","url":"https:\/\/www.heddata.se\/webbutik\/produkt\/nokia-mobiltelefon-g21-4-64gb-blue\/","name":"Nokia mobiltelefon G21 4\/64GB Blue, st\u00f6rre, ljusare sk\u00e4rm","isPartOf":{"@id":"https:\/\/www.heddata.se\/webbutik\/#website"},"primaryImageOfPage":{"@id":"https:\/\/www.heddata.se\/webbutik\/produkt\/nokia-mobiltelefon-g21-4-64gb-blue\/#primaryimage"},"image":{"@id":"https:\/\/www.heddata.se\/webbutik\/produkt\/nokia-mobiltelefon-g21-4-64gb-blue\/#primaryimage"},"thumbnailUrl":"https:\/\/www.heddata.se\/webbutik\/wp-content\/uploads\/webbutik\/kategorier\/mobiltelefoner-surfplattor\/719901183481.jpeg","datePublished":"2022-11-16T15:18:06+00:00","dateModified":"2026-04-07T16:18:55+00:00","description":"Nokia mobiltelefon G21 4\/64GB Blue. Upplev det du \u00e4lskar l\u00e4ngre, p\u00e5 en st\u00f6rre, ljusare sk\u00e4rm och l\u00e5ng batteritid, upp till 3 dagar.","breadcrumb":{"@id":"https:\/\/www.heddata.se\/webbutik\/produkt\/nokia-mobiltelefon-g21-4-64gb-blue\/#breadcrumb"},"inLanguage":"sv-SE","potentialAction":[{"@type":"ReadAction","target":["https:\/\/www.heddata.se\/webbutik\/produkt\/nokia-mobiltelefon-g21-4-64gb-blue\/"]}]},{"@type":"ImageObject","inLanguage":"sv-SE","@id":"https:\/\/www.heddata.se\/webbutik\/produkt\/nokia-mobiltelefon-g21-4-64gb-blue\/#primaryimage","url":"https:\/\/www.heddata.se\/webbutik\/wp-content\/uploads\/webbutik\/kategorier\/mobiltelefoner-surfplattor\/719901183481.jpeg","contentUrl":"https:\/\/www.heddata.se\/webbutik\/wp-content\/uploads\/webbutik\/kategorier\/mobiltelefoner-surfplattor\/719901183481.jpeg","width":960,"height":960,"caption":"Nokia mobiltelefon G21 4\/64GB"},{"@type":"BreadcrumbList","@id":"https:\/\/www.heddata.se\/webbutik\/produkt\/nokia-mobiltelefon-g21-4-64gb-blue\/#breadcrumb","itemListElement":[{"@type":"ListItem","position":1,"name":"Hem","item":"https:\/\/www.heddata.se\/webbutik\/"},{"@type":"ListItem","position":2,"name":"Produkter","item":"https:\/\/www.heddata.se\/webbutik\/shop\/"},{"@type":"ListItem","position":3,"name":"Nokia mobiltelefon G21 4\/64GB Blue"}]},{"@type":"WebSite","@id":"https:\/\/www.heddata.se\/webbutik\/#website","url":"https:\/\/www.heddata.se\/webbutik\/","name":"Datorer, Skrivare, F\u00e4rgpatroner, Mobiltelefoner","description":"Kablar","publisher":{"@id":"https:\/\/www.heddata.se\/webbutik\/#organization"},"potentialAction":[{"@type":"SearchAction","target":{"@type":"EntryPoint","urlTemplate":"https:\/\/www.heddata.se\/webbutik\/?s={search_term_string}"},"query-input":{"@type":"PropertyValueSpecification","valueRequired":true,"valueName":"search_term_string"}}],"inLanguage":"sv-SE"},{"@type":"Organization","@id":"https:\/\/www.heddata.se\/webbutik\/#organization","name":"Heddata AB","url":"https:\/\/www.heddata.se\/webbutik\/","logo":{"@type":"ImageObject","inLanguage":"sv-SE","@id":"https:\/\/www.heddata.se\/webbutik\/#\/schema\/logo\/image\/","url":"https:\/\/www.heddata.se\/webbutik\/wp-content\/uploads\/logga\/heddata-ab-logga.png","contentUrl":"https:\/\/www.heddata.se\/webbutik\/wp-content\/uploads\/logga\/heddata-ab-logga.png","width":200,"height":64,"caption":"Heddata AB"},"image":{"@id":"https:\/\/www.heddata.se\/webbutik\/#\/schema\/logo\/image\/"}}]}},"_links":{"self":[{"href":"https:\/\/www.heddata.se\/webbutik\/wp-json\/wp\/v2\/product\/93414","targetHints":{"allow":["GET"]}}],"collection":[{"href":"https:\/\/www.heddata.se\/webbutik\/wp-json\/wp\/v2\/product"}],"about":[{"href":"https:\/\/www.heddata.se\/webbutik\/wp-json\/wp\/v2\/types\/product"}],"wp:featuredmedia":[{"embeddable":true,"href":"https:\/\/www.heddata.se\/webbutik\/wp-json\/wp\/v2\/media\/93422"}],"wp:attachment":[{"href":"https:\/\/www.heddata.se\/webbutik\/wp-json\/wp\/v2\/media?parent=93414"}],"wp:term":[{"taxonomy":"product_brand","embeddable":true,"href":"https:\/\/www.heddata.se\/webbutik\/wp-json\/wp\/v2\/product_brand?post=93414"},{"taxonomy":"product_cat","embeddable":true,"href":"https:\/\/www.heddata.se\/webbutik\/wp-json\/wp\/v2\/product_cat?post=93414"},{"taxonomy":"product_tag","embeddable":true,"href":"https:\/\/www.heddata.se\/webbutik\/wp-json\/wp\/v2\/product_tag?post=93414"}],"curies":[{"name":"wp","href":"https:\/\/api.w.org\/{rel}","templated":true}]}}