{"id":93407,"date":"2022-11-16T11:18:05","date_gmt":"2022-11-16T10:18:05","guid":{"rendered":"https:\/\/www.heddata.se\/webbutik\/?post_type=product&#038;p=93407"},"modified":"2026-04-07T12:28:51","modified_gmt":"2026-04-07T10:28:51","slug":"laminator-ilam-home-a4-gra","status":"publish","type":"product","link":"https:\/\/www.heddata.se\/webbutik\/produkt\/laminator-ilam-home-a4-gra\/","title":{"rendered":"Laminator iLAM Home A4 gr\u00e5"},"content":{"rendered":"<p>Laminator iLAM Home A4 gr\u00e5<\/p>\n<p>A4 laminator i kompakt design med starka f\u00e4rger. L\u00e4mplig f\u00f6r 80-100 mikron.<\/p>\n<p>Perfekt hobby och <a href=\"https:\/\/www.leitz.com\/sv-se\/\" target=\"_blank\" rel=\"noopener\">hemlaminator<\/a> f\u00f6r max A4 format i en rad olika f\u00e4rger, med elegant och kompakt design. L\u00e5g yttemperatur &#8211; roligt och s\u00e4kert f\u00f6r barnen att anv\u00e4nda.<\/p>\n<p>Kompakt design. Spar utrymme n\u00e4r den inte anv\u00e4nds och skall f\u00f6rvaras.<\/p>\n<p>Design som \u00e4r l\u00e4tt att reng\u00f6ra och passar i en modern hemmilj\u00f6. F\u00f6r 80 till 100 <a href=\"https:\/\/www.heddata.se\/webbutik\/produkt\/laminat-leitz-a4-udt-80-mic-100-fp\/\">mikron.<\/a> Det tar cirka 60 sekunder att laminera ett A4 ark med 80 mikrons laminat.<\/p>\n<p>LED lampor och ljudsignal signalerar n\u00e4r maskinen \u00e4r klar att anv\u00e4nda. 2 \u00e5rs garanti, GS \/ TUV \/ CE certifierad &#8211; Rekommenderas f\u00f6r anv\u00e4ndning med UDT laminatfickor<\/p>\n","protected":false},"excerpt":{"rendered":"<p>Laminator iLAM Home A4 gr\u00e5<\/p>\n","protected":false},"featured_media":93409,"template":"","meta":[],"product_brand":[],"product_cat":[68],"product_tag":[],"class_list":{"0":"post-93407","1":"product","2":"type-product","3":"status-publish","4":"has-post-thumbnail","6":"product_cat-kontorstillbehor","8":"first","9":"outofstock","10":"taxable","11":"shipping-taxable","12":"product-type-simple"},"yoast_head":"<!-- This site is optimized with the Yoast SEO Premium plugin v26.7 (Yoast SEO v26.7) - https:\/\/yoast.com\/wordpress\/plugins\/seo\/ -->\n<title>Laminator iLAM Home A4 gr\u00e5. A4 laminator i kompakt design<\/title>\n<meta name=\"description\" content=\"Laminator iLAM Home A4 gr\u00e5. A4 laminator i kompakt design med starka f\u00e4rger. L\u00e4mplig f\u00f6r 80-100 mikron. Design som \u00e4r l\u00e4tt att reng\u00f6ra.\" \/>\n<meta name=\"robots\" content=\"index, follow, max-snippet:-1, max-image-preview:large, max-video-preview:-1\" \/>\n<link rel=\"canonical\" href=\"https:\/\/www.heddata.se\/webbutik\/produkt\/laminator-ilam-home-a4-gra\/\" \/>\n<meta property=\"og:locale\" content=\"sv_SE\" \/>\n<meta property=\"og:type\" content=\"article\" \/>\n<meta property=\"og:title\" content=\"Laminator iLAM Home A4 gr\u00e5\" \/>\n<meta property=\"og:description\" content=\"Laminator iLAM Home A4 gr\u00e5. A4 laminator i kompakt design med starka f\u00e4rger. L\u00e4mplig f\u00f6r 80-100 mikron. Design som \u00e4r l\u00e4tt att reng\u00f6ra.\" \/>\n<meta property=\"og:url\" content=\"https:\/\/www.heddata.se\/webbutik\/produkt\/laminator-ilam-home-a4-gra\/\" \/>\n<meta property=\"og:site_name\" content=\"Datorer, Skrivare, F\u00e4rgpatroner, Mobiltelefoner\" \/>\n<meta property=\"article:modified_time\" content=\"2026-04-07T10:28:51+00:00\" \/>\n<meta property=\"og:image\" content=\"https:\/\/www.heddata.se\/webbutik\/wp-content\/uploads\/webbutik\/kategorier\/kontorstillbehor\/ltz73660080.jpg\" \/>\n\t<meta property=\"og:image:width\" content=\"1200\" \/>\n\t<meta property=\"og:image:height\" content=\"1200\" \/>\n\t<meta property=\"og:image:type\" content=\"image\/jpeg\" \/>\n<meta name=\"twitter:card\" content=\"summary_large_image\" \/>\n<meta name=\"twitter:label1\" content=\"Ber\u00e4knad l\u00e4stid\" \/>\n\t<meta name=\"twitter:data1\" content=\"1 minut\" \/>\n<script type=\"application\/ld+json\" class=\"yoast-schema-graph\">{\"@context\":\"https:\/\/schema.org\",\"@graph\":[{\"@type\":\"WebPage\",\"@id\":\"https:\/\/www.heddata.se\/webbutik\/produkt\/laminator-ilam-home-a4-gra\/\",\"url\":\"https:\/\/www.heddata.se\/webbutik\/produkt\/laminator-ilam-home-a4-gra\/\",\"name\":\"Laminator iLAM Home A4 gr\u00e5. A4 laminator i kompakt design\",\"isPartOf\":{\"@id\":\"https:\/\/www.heddata.se\/webbutik\/#website\"},\"primaryImageOfPage\":{\"@id\":\"https:\/\/www.heddata.se\/webbutik\/produkt\/laminator-ilam-home-a4-gra\/#primaryimage\"},\"image\":{\"@id\":\"https:\/\/www.heddata.se\/webbutik\/produkt\/laminator-ilam-home-a4-gra\/#primaryimage\"},\"thumbnailUrl\":\"https:\/\/www.heddata.se\/webbutik\/wp-content\/uploads\/webbutik\/kategorier\/kontorstillbehor\/ltz73660080.jpg\",\"datePublished\":\"2022-11-16T10:18:05+00:00\",\"dateModified\":\"2026-04-07T10:28:51+00:00\",\"description\":\"Laminator iLAM Home A4 gr\u00e5. A4 laminator i kompakt design med starka f\u00e4rger. L\u00e4mplig f\u00f6r 80-100 mikron. Design som \u00e4r l\u00e4tt att reng\u00f6ra.\",\"breadcrumb\":{\"@id\":\"https:\/\/www.heddata.se\/webbutik\/produkt\/laminator-ilam-home-a4-gra\/#breadcrumb\"},\"inLanguage\":\"sv-SE\",\"potentialAction\":[{\"@type\":\"ReadAction\",\"target\":[\"https:\/\/www.heddata.se\/webbutik\/produkt\/laminator-ilam-home-a4-gra\/\"]}]},{\"@type\":\"ImageObject\",\"inLanguage\":\"sv-SE\",\"@id\":\"https:\/\/www.heddata.se\/webbutik\/produkt\/laminator-ilam-home-a4-gra\/#primaryimage\",\"url\":\"https:\/\/www.heddata.se\/webbutik\/wp-content\/uploads\/webbutik\/kategorier\/kontorstillbehor\/ltz73660080.jpg\",\"contentUrl\":\"https:\/\/www.heddata.se\/webbutik\/wp-content\/uploads\/webbutik\/kategorier\/kontorstillbehor\/ltz73660080.jpg\",\"width\":1200,\"height\":1200,\"caption\":\"Laminator iLAM Home A4 gr\u00e5\"},{\"@type\":\"BreadcrumbList\",\"@id\":\"https:\/\/www.heddata.se\/webbutik\/produkt\/laminator-ilam-home-a4-gra\/#breadcrumb\",\"itemListElement\":[{\"@type\":\"ListItem\",\"position\":1,\"name\":\"Hem\",\"item\":\"https:\/\/www.heddata.se\/webbutik\/\"},{\"@type\":\"ListItem\",\"position\":2,\"name\":\"Produkter\",\"item\":\"https:\/\/www.heddata.se\/webbutik\/shop\/\"},{\"@type\":\"ListItem\",\"position\":3,\"name\":\"Laminator iLAM Home A4 gr\u00e5\"}]},{\"@type\":\"WebSite\",\"@id\":\"https:\/\/www.heddata.se\/webbutik\/#website\",\"url\":\"https:\/\/www.heddata.se\/webbutik\/\",\"name\":\"Datorer, Skrivare, F\u00e4rgpatroner, Mobiltelefoner\",\"description\":\"Kablar\",\"publisher\":{\"@id\":\"https:\/\/www.heddata.se\/webbutik\/#organization\"},\"potentialAction\":[{\"@type\":\"SearchAction\",\"target\":{\"@type\":\"EntryPoint\",\"urlTemplate\":\"https:\/\/www.heddata.se\/webbutik\/?s={search_term_string}\"},\"query-input\":{\"@type\":\"PropertyValueSpecification\",\"valueRequired\":true,\"valueName\":\"search_term_string\"}}],\"inLanguage\":\"sv-SE\"},{\"@type\":\"Organization\",\"@id\":\"https:\/\/www.heddata.se\/webbutik\/#organization\",\"name\":\"Heddata AB\",\"url\":\"https:\/\/www.heddata.se\/webbutik\/\",\"logo\":{\"@type\":\"ImageObject\",\"inLanguage\":\"sv-SE\",\"@id\":\"https:\/\/www.heddata.se\/webbutik\/#\/schema\/logo\/image\/\",\"url\":\"https:\/\/www.heddata.se\/webbutik\/wp-content\/uploads\/logga\/heddata-ab-logga.png\",\"contentUrl\":\"https:\/\/www.heddata.se\/webbutik\/wp-content\/uploads\/logga\/heddata-ab-logga.png\",\"width\":200,\"height\":64,\"caption\":\"Heddata AB\"},\"image\":{\"@id\":\"https:\/\/www.heddata.se\/webbutik\/#\/schema\/logo\/image\/\"}}]}<\/script>\n<!-- \/ Yoast SEO Premium plugin. -->","yoast_head_json":{"title":"Laminator iLAM Home A4 gr\u00e5. A4 laminator i kompakt design","description":"Laminator iLAM Home A4 gr\u00e5. A4 laminator i kompakt design med starka f\u00e4rger. L\u00e4mplig f\u00f6r 80-100 mikron. Design som \u00e4r l\u00e4tt att reng\u00f6ra.","robots":{"index":"index","follow":"follow","max-snippet":"max-snippet:-1","max-image-preview":"max-image-preview:large","max-video-preview":"max-video-preview:-1"},"canonical":"https:\/\/www.heddata.se\/webbutik\/produkt\/laminator-ilam-home-a4-gra\/","og_locale":"sv_SE","og_type":"article","og_title":"Laminator iLAM Home A4 gr\u00e5","og_description":"Laminator iLAM Home A4 gr\u00e5. A4 laminator i kompakt design med starka f\u00e4rger. L\u00e4mplig f\u00f6r 80-100 mikron. Design som \u00e4r l\u00e4tt att reng\u00f6ra.","og_url":"https:\/\/www.heddata.se\/webbutik\/produkt\/laminator-ilam-home-a4-gra\/","og_site_name":"Datorer, Skrivare, F\u00e4rgpatroner, Mobiltelefoner","article_modified_time":"2026-04-07T10:28:51+00:00","og_image":[{"width":1200,"height":1200,"url":"https:\/\/www.heddata.se\/webbutik\/wp-content\/uploads\/webbutik\/kategorier\/kontorstillbehor\/ltz73660080.jpg","type":"image\/jpeg"}],"twitter_card":"summary_large_image","twitter_misc":{"Ber\u00e4knad l\u00e4stid":"1 minut"},"schema":{"@context":"https:\/\/schema.org","@graph":[{"@type":"WebPage","@id":"https:\/\/www.heddata.se\/webbutik\/produkt\/laminator-ilam-home-a4-gra\/","url":"https:\/\/www.heddata.se\/webbutik\/produkt\/laminator-ilam-home-a4-gra\/","name":"Laminator iLAM Home A4 gr\u00e5. A4 laminator i kompakt design","isPartOf":{"@id":"https:\/\/www.heddata.se\/webbutik\/#website"},"primaryImageOfPage":{"@id":"https:\/\/www.heddata.se\/webbutik\/produkt\/laminator-ilam-home-a4-gra\/#primaryimage"},"image":{"@id":"https:\/\/www.heddata.se\/webbutik\/produkt\/laminator-ilam-home-a4-gra\/#primaryimage"},"thumbnailUrl":"https:\/\/www.heddata.se\/webbutik\/wp-content\/uploads\/webbutik\/kategorier\/kontorstillbehor\/ltz73660080.jpg","datePublished":"2022-11-16T10:18:05+00:00","dateModified":"2026-04-07T10:28:51+00:00","description":"Laminator iLAM Home A4 gr\u00e5. A4 laminator i kompakt design med starka f\u00e4rger. L\u00e4mplig f\u00f6r 80-100 mikron. Design som \u00e4r l\u00e4tt att reng\u00f6ra.","breadcrumb":{"@id":"https:\/\/www.heddata.se\/webbutik\/produkt\/laminator-ilam-home-a4-gra\/#breadcrumb"},"inLanguage":"sv-SE","potentialAction":[{"@type":"ReadAction","target":["https:\/\/www.heddata.se\/webbutik\/produkt\/laminator-ilam-home-a4-gra\/"]}]},{"@type":"ImageObject","inLanguage":"sv-SE","@id":"https:\/\/www.heddata.se\/webbutik\/produkt\/laminator-ilam-home-a4-gra\/#primaryimage","url":"https:\/\/www.heddata.se\/webbutik\/wp-content\/uploads\/webbutik\/kategorier\/kontorstillbehor\/ltz73660080.jpg","contentUrl":"https:\/\/www.heddata.se\/webbutik\/wp-content\/uploads\/webbutik\/kategorier\/kontorstillbehor\/ltz73660080.jpg","width":1200,"height":1200,"caption":"Laminator iLAM Home A4 gr\u00e5"},{"@type":"BreadcrumbList","@id":"https:\/\/www.heddata.se\/webbutik\/produkt\/laminator-ilam-home-a4-gra\/#breadcrumb","itemListElement":[{"@type":"ListItem","position":1,"name":"Hem","item":"https:\/\/www.heddata.se\/webbutik\/"},{"@type":"ListItem","position":2,"name":"Produkter","item":"https:\/\/www.heddata.se\/webbutik\/shop\/"},{"@type":"ListItem","position":3,"name":"Laminator iLAM Home A4 gr\u00e5"}]},{"@type":"WebSite","@id":"https:\/\/www.heddata.se\/webbutik\/#website","url":"https:\/\/www.heddata.se\/webbutik\/","name":"Datorer, Skrivare, F\u00e4rgpatroner, Mobiltelefoner","description":"Kablar","publisher":{"@id":"https:\/\/www.heddata.se\/webbutik\/#organization"},"potentialAction":[{"@type":"SearchAction","target":{"@type":"EntryPoint","urlTemplate":"https:\/\/www.heddata.se\/webbutik\/?s={search_term_string}"},"query-input":{"@type":"PropertyValueSpecification","valueRequired":true,"valueName":"search_term_string"}}],"inLanguage":"sv-SE"},{"@type":"Organization","@id":"https:\/\/www.heddata.se\/webbutik\/#organization","name":"Heddata AB","url":"https:\/\/www.heddata.se\/webbutik\/","logo":{"@type":"ImageObject","inLanguage":"sv-SE","@id":"https:\/\/www.heddata.se\/webbutik\/#\/schema\/logo\/image\/","url":"https:\/\/www.heddata.se\/webbutik\/wp-content\/uploads\/logga\/heddata-ab-logga.png","contentUrl":"https:\/\/www.heddata.se\/webbutik\/wp-content\/uploads\/logga\/heddata-ab-logga.png","width":200,"height":64,"caption":"Heddata AB"},"image":{"@id":"https:\/\/www.heddata.se\/webbutik\/#\/schema\/logo\/image\/"}}]}},"_links":{"self":[{"href":"https:\/\/www.heddata.se\/webbutik\/wp-json\/wp\/v2\/product\/93407","targetHints":{"allow":["GET"]}}],"collection":[{"href":"https:\/\/www.heddata.se\/webbutik\/wp-json\/wp\/v2\/product"}],"about":[{"href":"https:\/\/www.heddata.se\/webbutik\/wp-json\/wp\/v2\/types\/product"}],"wp:featuredmedia":[{"embeddable":true,"href":"https:\/\/www.heddata.se\/webbutik\/wp-json\/wp\/v2\/media\/93409"}],"wp:attachment":[{"href":"https:\/\/www.heddata.se\/webbutik\/wp-json\/wp\/v2\/media?parent=93407"}],"wp:term":[{"taxonomy":"product_brand","embeddable":true,"href":"https:\/\/www.heddata.se\/webbutik\/wp-json\/wp\/v2\/product_brand?post=93407"},{"taxonomy":"product_cat","embeddable":true,"href":"https:\/\/www.heddata.se\/webbutik\/wp-json\/wp\/v2\/product_cat?post=93407"},{"taxonomy":"product_tag","embeddable":true,"href":"https:\/\/www.heddata.se\/webbutik\/wp-json\/wp\/v2\/product_tag?post=93407"}],"curies":[{"name":"wp","href":"https:\/\/api.w.org\/{rel}","templated":true}]}}