{"id":93394,"date":"2022-11-09T14:18:18","date_gmt":"2022-11-09T13:18:18","guid":{"rendered":"https:\/\/www.heddata.se\/webbutik\/?post_type=product&#038;p=93394"},"modified":"2026-05-01T18:11:35","modified_gmt":"2026-05-01T16:11:35","slug":"hdmi-omvandlare-hdmi-ingang-scart-utgang","status":"publish","type":"product","link":"https:\/\/www.heddata.se\/webbutik\/produkt\/hdmi-omvandlare-hdmi-ingang-scart-utgang\/","title":{"rendered":"HDMI Omvandlare HDMI ing\u00e5ng SCART utg\u00e5ng"},"content":{"rendered":"<p>HDMI Omvandlare HDMI ing\u00e5ng SCART utg\u00e5ng<\/p>\n<p>L\u00e4mpar sig f\u00f6r att ansluta enheter med SCART-utg\u00e5ng till en <a href=\"https:\/\/www.heddata.se\/webbutik\/tv-apparater\/\">TV<\/a> med HDMII\u2122<br \/>\nKonverterar den analoga SCART-videosignalen till en digital HDMI\u2122-signal<br \/>\nV\u00e4ljare f\u00f6r bilduppl\u00f6sning (720P eller 1080P)<br \/>\nSynkroniserar video- och ljudsignalen s\u00e5 att f\u00f6rdr\u00f6jningar undviks s\u00e5 mycket som m\u00f6jligt<br \/>\nPlug &amp; Play: inga drivrutiner eller installation kr\u00e4vs<br \/>\nUSB-str\u00f6mf\u00f6rs\u00f6rjning<\/p>\n<p>Den h\u00e4r <a href=\"https:\/\/nedis.se\/sv-se\" target=\"_blank\" rel=\"noopener\">omvandlaren<\/a> fr\u00e5n HDMI\u2122 till Scart \u00e4r avsedd f\u00f6r anslutning av en enhet med HDMI\u2122-utg\u00e5ng till en TV med Scart-ing\u00e5ng. Det \u00e4r framf\u00f6r allt \u00e4ldre TV-apparater med bildr\u00f6r samt den f\u00f6rsta generationens platt-TV-apparater som har en Scart-ing\u00e5ng.<\/p>\n","protected":false},"excerpt":{"rendered":"<p>HDMI Omvandlare HDMI ing\u00e5ng SCART utg\u00e5ng<\/p>\n","protected":false},"featured_media":93397,"template":"","meta":[],"product_brand":[],"product_cat":[60,86],"product_tag":[],"class_list":{"0":"post-93394","1":"product","2":"type-product","3":"status-publish","4":"has-post-thumbnail","6":"product_cat-hemelektronik","7":"product_cat-tillbehor-tv","9":"first","10":"instock","11":"taxable","12":"shipping-taxable","13":"purchasable","14":"product-type-simple"},"yoast_head":"<!-- This site is optimized with the Yoast SEO Premium plugin v26.7 (Yoast SEO v26.7) - https:\/\/yoast.com\/wordpress\/plugins\/seo\/ -->\n<title>HDMI Omvandlare HDMI ing\u00e5ng SCART utg\u00e5ng f\u00f6r \u00e4ldre tv-apparater<\/title>\n<meta name=\"description\" content=\"HDMI Omvandlare HDMI ing\u00e5ng SCART utg\u00e5ng. F\u00f6r anslutning av en enhet med HDMI\u2122-utg\u00e5ng till en TV med Scart-ing\u00e5ng.\" \/>\n<meta name=\"robots\" content=\"index, follow, max-snippet:-1, max-image-preview:large, max-video-preview:-1\" \/>\n<link rel=\"canonical\" href=\"https:\/\/www.heddata.se\/webbutik\/produkt\/hdmi-omvandlare-hdmi-ingang-scart-utgang\/\" \/>\n<meta property=\"og:locale\" content=\"sv_SE\" \/>\n<meta property=\"og:type\" content=\"article\" \/>\n<meta property=\"og:title\" content=\"HDMI Omvandlare HDMI ing\u00e5ng SCART utg\u00e5ng\" \/>\n<meta property=\"og:description\" content=\"HDMI Omvandlare HDMI ing\u00e5ng SCART utg\u00e5ng. F\u00f6r anslutning av en enhet med HDMI\u2122-utg\u00e5ng till en TV med Scart-ing\u00e5ng.\" \/>\n<meta property=\"og:url\" content=\"https:\/\/www.heddata.se\/webbutik\/produkt\/hdmi-omvandlare-hdmi-ingang-scart-utgang\/\" \/>\n<meta property=\"og:site_name\" content=\"Datorer, Skrivare, F\u00e4rgpatroner, Mobiltelefoner\" \/>\n<meta property=\"article:modified_time\" content=\"2026-05-01T16:11:35+00:00\" \/>\n<meta property=\"og:image\" content=\"https:\/\/www.heddata.se\/webbutik\/wp-content\/uploads\/webbutik\/kategorier\/hemelektronik\/vcon3461bk.jpeg\" \/>\n\t<meta property=\"og:image:width\" content=\"1200\" \/>\n\t<meta property=\"og:image:height\" content=\"1200\" \/>\n\t<meta property=\"og:image:type\" content=\"image\/jpeg\" \/>\n<meta name=\"twitter:card\" content=\"summary_large_image\" \/>\n<meta name=\"twitter:label1\" content=\"Ber\u00e4knad l\u00e4stid\" \/>\n\t<meta name=\"twitter:data1\" content=\"1 minut\" \/>\n<script type=\"application\/ld+json\" class=\"yoast-schema-graph\">{\"@context\":\"https:\/\/schema.org\",\"@graph\":[{\"@type\":\"WebPage\",\"@id\":\"https:\/\/www.heddata.se\/webbutik\/produkt\/hdmi-omvandlare-hdmi-ingang-scart-utgang\/\",\"url\":\"https:\/\/www.heddata.se\/webbutik\/produkt\/hdmi-omvandlare-hdmi-ingang-scart-utgang\/\",\"name\":\"HDMI Omvandlare HDMI ing\u00e5ng SCART utg\u00e5ng f\u00f6r \u00e4ldre tv-apparater\",\"isPartOf\":{\"@id\":\"https:\/\/www.heddata.se\/webbutik\/#website\"},\"primaryImageOfPage\":{\"@id\":\"https:\/\/www.heddata.se\/webbutik\/produkt\/hdmi-omvandlare-hdmi-ingang-scart-utgang\/#primaryimage\"},\"image\":{\"@id\":\"https:\/\/www.heddata.se\/webbutik\/produkt\/hdmi-omvandlare-hdmi-ingang-scart-utgang\/#primaryimage\"},\"thumbnailUrl\":\"https:\/\/www.heddata.se\/webbutik\/wp-content\/uploads\/webbutik\/kategorier\/hemelektronik\/vcon3461bk.jpeg\",\"datePublished\":\"2022-11-09T13:18:18+00:00\",\"dateModified\":\"2026-05-01T16:11:35+00:00\",\"description\":\"HDMI Omvandlare HDMI ing\u00e5ng SCART utg\u00e5ng. F\u00f6r anslutning av en enhet med HDMI\u2122-utg\u00e5ng till en TV med Scart-ing\u00e5ng.\",\"breadcrumb\":{\"@id\":\"https:\/\/www.heddata.se\/webbutik\/produkt\/hdmi-omvandlare-hdmi-ingang-scart-utgang\/#breadcrumb\"},\"inLanguage\":\"sv-SE\",\"potentialAction\":[{\"@type\":\"ReadAction\",\"target\":[\"https:\/\/www.heddata.se\/webbutik\/produkt\/hdmi-omvandlare-hdmi-ingang-scart-utgang\/\"]}]},{\"@type\":\"ImageObject\",\"inLanguage\":\"sv-SE\",\"@id\":\"https:\/\/www.heddata.se\/webbutik\/produkt\/hdmi-omvandlare-hdmi-ingang-scart-utgang\/#primaryimage\",\"url\":\"https:\/\/www.heddata.se\/webbutik\/wp-content\/uploads\/webbutik\/kategorier\/hemelektronik\/vcon3461bk.jpeg\",\"contentUrl\":\"https:\/\/www.heddata.se\/webbutik\/wp-content\/uploads\/webbutik\/kategorier\/hemelektronik\/vcon3461bk.jpeg\",\"width\":1200,\"height\":1200,\"caption\":\"HDMI Omvandlare HDMI ing\u00e5ng\"},{\"@type\":\"BreadcrumbList\",\"@id\":\"https:\/\/www.heddata.se\/webbutik\/produkt\/hdmi-omvandlare-hdmi-ingang-scart-utgang\/#breadcrumb\",\"itemListElement\":[{\"@type\":\"ListItem\",\"position\":1,\"name\":\"Hem\",\"item\":\"https:\/\/www.heddata.se\/webbutik\/\"},{\"@type\":\"ListItem\",\"position\":2,\"name\":\"Produkter\",\"item\":\"https:\/\/www.heddata.se\/webbutik\/shop\/\"},{\"@type\":\"ListItem\",\"position\":3,\"name\":\"HDMI Omvandlare HDMI ing\u00e5ng SCART utg\u00e5ng\"}]},{\"@type\":\"WebSite\",\"@id\":\"https:\/\/www.heddata.se\/webbutik\/#website\",\"url\":\"https:\/\/www.heddata.se\/webbutik\/\",\"name\":\"Datorer, Skrivare, F\u00e4rgpatroner, Mobiltelefoner\",\"description\":\"Kablar\",\"publisher\":{\"@id\":\"https:\/\/www.heddata.se\/webbutik\/#organization\"},\"potentialAction\":[{\"@type\":\"SearchAction\",\"target\":{\"@type\":\"EntryPoint\",\"urlTemplate\":\"https:\/\/www.heddata.se\/webbutik\/?s={search_term_string}\"},\"query-input\":{\"@type\":\"PropertyValueSpecification\",\"valueRequired\":true,\"valueName\":\"search_term_string\"}}],\"inLanguage\":\"sv-SE\"},{\"@type\":\"Organization\",\"@id\":\"https:\/\/www.heddata.se\/webbutik\/#organization\",\"name\":\"Heddata AB\",\"url\":\"https:\/\/www.heddata.se\/webbutik\/\",\"logo\":{\"@type\":\"ImageObject\",\"inLanguage\":\"sv-SE\",\"@id\":\"https:\/\/www.heddata.se\/webbutik\/#\/schema\/logo\/image\/\",\"url\":\"https:\/\/www.heddata.se\/webbutik\/wp-content\/uploads\/logga\/heddata-ab-logga.png\",\"contentUrl\":\"https:\/\/www.heddata.se\/webbutik\/wp-content\/uploads\/logga\/heddata-ab-logga.png\",\"width\":200,\"height\":64,\"caption\":\"Heddata AB\"},\"image\":{\"@id\":\"https:\/\/www.heddata.se\/webbutik\/#\/schema\/logo\/image\/\"}}]}<\/script>\n<!-- \/ Yoast SEO Premium plugin. -->","yoast_head_json":{"title":"HDMI Omvandlare HDMI ing\u00e5ng SCART utg\u00e5ng f\u00f6r \u00e4ldre tv-apparater","description":"HDMI Omvandlare HDMI ing\u00e5ng SCART utg\u00e5ng. F\u00f6r anslutning av en enhet med HDMI\u2122-utg\u00e5ng till en TV med Scart-ing\u00e5ng.","robots":{"index":"index","follow":"follow","max-snippet":"max-snippet:-1","max-image-preview":"max-image-preview:large","max-video-preview":"max-video-preview:-1"},"canonical":"https:\/\/www.heddata.se\/webbutik\/produkt\/hdmi-omvandlare-hdmi-ingang-scart-utgang\/","og_locale":"sv_SE","og_type":"article","og_title":"HDMI Omvandlare HDMI ing\u00e5ng SCART utg\u00e5ng","og_description":"HDMI Omvandlare HDMI ing\u00e5ng SCART utg\u00e5ng. F\u00f6r anslutning av en enhet med HDMI\u2122-utg\u00e5ng till en TV med Scart-ing\u00e5ng.","og_url":"https:\/\/www.heddata.se\/webbutik\/produkt\/hdmi-omvandlare-hdmi-ingang-scart-utgang\/","og_site_name":"Datorer, Skrivare, F\u00e4rgpatroner, Mobiltelefoner","article_modified_time":"2026-05-01T16:11:35+00:00","og_image":[{"width":1200,"height":1200,"url":"https:\/\/www.heddata.se\/webbutik\/wp-content\/uploads\/webbutik\/kategorier\/hemelektronik\/vcon3461bk.jpeg","type":"image\/jpeg"}],"twitter_card":"summary_large_image","twitter_misc":{"Ber\u00e4knad l\u00e4stid":"1 minut"},"schema":{"@context":"https:\/\/schema.org","@graph":[{"@type":"WebPage","@id":"https:\/\/www.heddata.se\/webbutik\/produkt\/hdmi-omvandlare-hdmi-ingang-scart-utgang\/","url":"https:\/\/www.heddata.se\/webbutik\/produkt\/hdmi-omvandlare-hdmi-ingang-scart-utgang\/","name":"HDMI Omvandlare HDMI ing\u00e5ng SCART utg\u00e5ng f\u00f6r \u00e4ldre tv-apparater","isPartOf":{"@id":"https:\/\/www.heddata.se\/webbutik\/#website"},"primaryImageOfPage":{"@id":"https:\/\/www.heddata.se\/webbutik\/produkt\/hdmi-omvandlare-hdmi-ingang-scart-utgang\/#primaryimage"},"image":{"@id":"https:\/\/www.heddata.se\/webbutik\/produkt\/hdmi-omvandlare-hdmi-ingang-scart-utgang\/#primaryimage"},"thumbnailUrl":"https:\/\/www.heddata.se\/webbutik\/wp-content\/uploads\/webbutik\/kategorier\/hemelektronik\/vcon3461bk.jpeg","datePublished":"2022-11-09T13:18:18+00:00","dateModified":"2026-05-01T16:11:35+00:00","description":"HDMI Omvandlare HDMI ing\u00e5ng SCART utg\u00e5ng. F\u00f6r anslutning av en enhet med HDMI\u2122-utg\u00e5ng till en TV med Scart-ing\u00e5ng.","breadcrumb":{"@id":"https:\/\/www.heddata.se\/webbutik\/produkt\/hdmi-omvandlare-hdmi-ingang-scart-utgang\/#breadcrumb"},"inLanguage":"sv-SE","potentialAction":[{"@type":"ReadAction","target":["https:\/\/www.heddata.se\/webbutik\/produkt\/hdmi-omvandlare-hdmi-ingang-scart-utgang\/"]}]},{"@type":"ImageObject","inLanguage":"sv-SE","@id":"https:\/\/www.heddata.se\/webbutik\/produkt\/hdmi-omvandlare-hdmi-ingang-scart-utgang\/#primaryimage","url":"https:\/\/www.heddata.se\/webbutik\/wp-content\/uploads\/webbutik\/kategorier\/hemelektronik\/vcon3461bk.jpeg","contentUrl":"https:\/\/www.heddata.se\/webbutik\/wp-content\/uploads\/webbutik\/kategorier\/hemelektronik\/vcon3461bk.jpeg","width":1200,"height":1200,"caption":"HDMI Omvandlare HDMI ing\u00e5ng"},{"@type":"BreadcrumbList","@id":"https:\/\/www.heddata.se\/webbutik\/produkt\/hdmi-omvandlare-hdmi-ingang-scart-utgang\/#breadcrumb","itemListElement":[{"@type":"ListItem","position":1,"name":"Hem","item":"https:\/\/www.heddata.se\/webbutik\/"},{"@type":"ListItem","position":2,"name":"Produkter","item":"https:\/\/www.heddata.se\/webbutik\/shop\/"},{"@type":"ListItem","position":3,"name":"HDMI Omvandlare HDMI ing\u00e5ng SCART utg\u00e5ng"}]},{"@type":"WebSite","@id":"https:\/\/www.heddata.se\/webbutik\/#website","url":"https:\/\/www.heddata.se\/webbutik\/","name":"Datorer, Skrivare, F\u00e4rgpatroner, Mobiltelefoner","description":"Kablar","publisher":{"@id":"https:\/\/www.heddata.se\/webbutik\/#organization"},"potentialAction":[{"@type":"SearchAction","target":{"@type":"EntryPoint","urlTemplate":"https:\/\/www.heddata.se\/webbutik\/?s={search_term_string}"},"query-input":{"@type":"PropertyValueSpecification","valueRequired":true,"valueName":"search_term_string"}}],"inLanguage":"sv-SE"},{"@type":"Organization","@id":"https:\/\/www.heddata.se\/webbutik\/#organization","name":"Heddata AB","url":"https:\/\/www.heddata.se\/webbutik\/","logo":{"@type":"ImageObject","inLanguage":"sv-SE","@id":"https:\/\/www.heddata.se\/webbutik\/#\/schema\/logo\/image\/","url":"https:\/\/www.heddata.se\/webbutik\/wp-content\/uploads\/logga\/heddata-ab-logga.png","contentUrl":"https:\/\/www.heddata.se\/webbutik\/wp-content\/uploads\/logga\/heddata-ab-logga.png","width":200,"height":64,"caption":"Heddata AB"},"image":{"@id":"https:\/\/www.heddata.se\/webbutik\/#\/schema\/logo\/image\/"}}]}},"_links":{"self":[{"href":"https:\/\/www.heddata.se\/webbutik\/wp-json\/wp\/v2\/product\/93394","targetHints":{"allow":["GET"]}}],"collection":[{"href":"https:\/\/www.heddata.se\/webbutik\/wp-json\/wp\/v2\/product"}],"about":[{"href":"https:\/\/www.heddata.se\/webbutik\/wp-json\/wp\/v2\/types\/product"}],"wp:featuredmedia":[{"embeddable":true,"href":"https:\/\/www.heddata.se\/webbutik\/wp-json\/wp\/v2\/media\/93397"}],"wp:attachment":[{"href":"https:\/\/www.heddata.se\/webbutik\/wp-json\/wp\/v2\/media?parent=93394"}],"wp:term":[{"taxonomy":"product_brand","embeddable":true,"href":"https:\/\/www.heddata.se\/webbutik\/wp-json\/wp\/v2\/product_brand?post=93394"},{"taxonomy":"product_cat","embeddable":true,"href":"https:\/\/www.heddata.se\/webbutik\/wp-json\/wp\/v2\/product_cat?post=93394"},{"taxonomy":"product_tag","embeddable":true,"href":"https:\/\/www.heddata.se\/webbutik\/wp-json\/wp\/v2\/product_tag?post=93394"}],"curies":[{"name":"wp","href":"https:\/\/api.w.org\/{rel}","templated":true}]}}