{"id":93341,"date":"2022-11-07T10:18:24","date_gmt":"2022-11-07T09:18:24","guid":{"rendered":"https:\/\/www.heddata.se\/webbutik\/?post_type=product&#038;p=93341"},"modified":"2023-02-01T23:00:07","modified_gmt":"2023-02-01T22:00:07","slug":"targus-15-6-intellect-laptop-backpack-black","status":"publish","type":"product","link":"https:\/\/www.heddata.se\/webbutik\/produkt\/targus-15-6-intellect-laptop-backpack-black\/","title":{"rendered":"Targus 15.6&#8221; Intellect Laptop Backpack Black"},"content":{"rendered":"<h3 class=\"article-name\">Targus 15.6&#8221; Intellect Laptop Backpack Black<\/h3>\n<p>Prisv\u00e4rd ryggs\u00e4ck som passar b\u00e4rbara datorer upp till 15,6&#8243;<\/p>\n<p id=\"tw-target-text\" class=\"tw-data-text tw-text-large tw-ta\" dir=\"ltr\" data-placeholder=\"\u00d6vers\u00e4ttning\"><span class=\"Y2IQFc\" lang=\"sv\">Sidladdad design med vadderat laptopfack. Vadderad och justerbar axelrem. Tillbeh\u00f6rsficka med dragkedja och snabb \u00e5tkomst.<\/span><\/p>\n<p class=\"tw-data-text tw-text-large tw-ta\" dir=\"ltr\" data-placeholder=\"\u00d6vers\u00e4ttning\"><span class=\"Y2IQFc\" lang=\"sv\">RoHS-kompatibel\/REACH-kompatibel. Vattenavvisande. Prisv\u00e4rd b\u00e4rbar <a href=\"https:\/\/uk.targus.com\/\" target=\"_blank\" rel=\"noopener\">ryggs\u00e4ck.<\/a> <\/span><\/p>\n<p class=\"tw-data-text tw-text-large tw-ta\" dir=\"ltr\" data-placeholder=\"\u00d6vers\u00e4ttning\"><span class=\"Y2IQFc\" lang=\"sv\">Intellect fr\u00e5n Targus erbjuder v\u00e4sentligt skydd f\u00f6r b\u00e4rbar <a href=\"https:\/\/www.heddata.se\/webbutik\/datorer\/\">dator<\/a> i ett vadderat fack f\u00f6r den b\u00e4rbara datorn, snabb \u00e5tkomstficka f\u00f6r f\u00f6rvaring av dina tillbeh\u00f6r.<\/span><\/p>\n","protected":false},"excerpt":{"rendered":"<h3 class=\"article-name\">Targus 15.6&#8221; Intellect Laptop Backpack Black<\/h3>\n","protected":false},"featured_media":93352,"template":"","meta":[],"product_brand":[],"product_cat":[65,3366],"product_tag":[],"class_list":{"0":"post-93341","1":"product","2":"type-product","3":"status-publish","4":"has-post-thumbnail","6":"product_cat-datorer-tillbehor","7":"product_cat-ovrigt-datortillbehor","9":"first","10":"instock","11":"taxable","12":"shipping-taxable","13":"purchasable","14":"product-type-simple"},"yoast_head":"<!-- This site is optimized with the Yoast SEO Premium plugin v26.7 (Yoast SEO v26.7) - https:\/\/yoast.com\/wordpress\/plugins\/seo\/ -->\n<title>Targus 15.6&#039;&#039; Intellect Laptop Backpack Black prisv\u00e4rd ryggs\u00e4ck<\/title>\n<meta name=\"description\" content=\"Targus 15.6&#039;&#039; Intellect Laptop Backpack Black Prisv\u00e4rd ryggs\u00e4ck som passar b\u00e4rbara datorer upp till 15,6&quot;, vattenavvisande\" \/>\n<meta name=\"robots\" content=\"index, follow, max-snippet:-1, max-image-preview:large, max-video-preview:-1\" \/>\n<link rel=\"canonical\" href=\"https:\/\/www.heddata.se\/webbutik\/produkt\/targus-15-6-intellect-laptop-backpack-black\/\" \/>\n<meta property=\"og:locale\" content=\"sv_SE\" \/>\n<meta property=\"og:type\" content=\"article\" \/>\n<meta property=\"og:title\" content=\"Targus 15.6&#039;&#039; Intellect Laptop Backpack Black\" \/>\n<meta property=\"og:description\" content=\"Targus 15.6&#039;&#039; Intellect Laptop Backpack Black Prisv\u00e4rd ryggs\u00e4ck som passar b\u00e4rbara datorer upp till 15,6&quot;, vattenavvisande\" \/>\n<meta property=\"og:url\" content=\"https:\/\/www.heddata.se\/webbutik\/produkt\/targus-15-6-intellect-laptop-backpack-black\/\" \/>\n<meta property=\"og:site_name\" content=\"Datorer, Skrivare, F\u00e4rgpatroner, Mobiltelefoner\" \/>\n<meta property=\"article:modified_time\" content=\"2023-02-01T22:00:07+00:00\" \/>\n<meta property=\"og:image\" content=\"https:\/\/www.heddata.se\/webbutik\/wp-content\/uploads\/webbutik\/kategorier\/ovrigt-tillbehor\/tbb565gl.jpeg\" \/>\n\t<meta property=\"og:image:width\" content=\"1181\" \/>\n\t<meta property=\"og:image:height\" content=\"1181\" \/>\n\t<meta property=\"og:image:type\" content=\"image\/jpeg\" \/>\n<meta name=\"twitter:card\" content=\"summary_large_image\" \/>\n<script type=\"application\/ld+json\" class=\"yoast-schema-graph\">{\"@context\":\"https:\/\/schema.org\",\"@graph\":[{\"@type\":\"WebPage\",\"@id\":\"https:\/\/www.heddata.se\/webbutik\/produkt\/targus-15-6-intellect-laptop-backpack-black\/\",\"url\":\"https:\/\/www.heddata.se\/webbutik\/produkt\/targus-15-6-intellect-laptop-backpack-black\/\",\"name\":\"Targus 15.6'' Intellect Laptop Backpack Black prisv\u00e4rd ryggs\u00e4ck\",\"isPartOf\":{\"@id\":\"https:\/\/www.heddata.se\/webbutik\/#website\"},\"primaryImageOfPage\":{\"@id\":\"https:\/\/www.heddata.se\/webbutik\/produkt\/targus-15-6-intellect-laptop-backpack-black\/#primaryimage\"},\"image\":{\"@id\":\"https:\/\/www.heddata.se\/webbutik\/produkt\/targus-15-6-intellect-laptop-backpack-black\/#primaryimage\"},\"thumbnailUrl\":\"https:\/\/www.heddata.se\/webbutik\/wp-content\/uploads\/webbutik\/kategorier\/ovrigt-tillbehor\/tbb565gl.jpeg\",\"datePublished\":\"2022-11-07T09:18:24+00:00\",\"dateModified\":\"2023-02-01T22:00:07+00:00\",\"description\":\"Targus 15.6'' Intellect Laptop Backpack Black Prisv\u00e4rd ryggs\u00e4ck som passar b\u00e4rbara datorer upp till 15,6\\\", vattenavvisande\",\"breadcrumb\":{\"@id\":\"https:\/\/www.heddata.se\/webbutik\/produkt\/targus-15-6-intellect-laptop-backpack-black\/#breadcrumb\"},\"inLanguage\":\"sv-SE\",\"potentialAction\":[{\"@type\":\"ReadAction\",\"target\":[\"https:\/\/www.heddata.se\/webbutik\/produkt\/targus-15-6-intellect-laptop-backpack-black\/\"]}]},{\"@type\":\"ImageObject\",\"inLanguage\":\"sv-SE\",\"@id\":\"https:\/\/www.heddata.se\/webbutik\/produkt\/targus-15-6-intellect-laptop-backpack-black\/#primaryimage\",\"url\":\"https:\/\/www.heddata.se\/webbutik\/wp-content\/uploads\/webbutik\/kategorier\/ovrigt-tillbehor\/tbb565gl.jpeg\",\"contentUrl\":\"https:\/\/www.heddata.se\/webbutik\/wp-content\/uploads\/webbutik\/kategorier\/ovrigt-tillbehor\/tbb565gl.jpeg\",\"width\":1181,\"height\":1181,\"caption\":\"Targus 15.6'' Intellect\"},{\"@type\":\"BreadcrumbList\",\"@id\":\"https:\/\/www.heddata.se\/webbutik\/produkt\/targus-15-6-intellect-laptop-backpack-black\/#breadcrumb\",\"itemListElement\":[{\"@type\":\"ListItem\",\"position\":1,\"name\":\"Hem\",\"item\":\"https:\/\/www.heddata.se\/webbutik\/\"},{\"@type\":\"ListItem\",\"position\":2,\"name\":\"Produkter\",\"item\":\"https:\/\/www.heddata.se\/webbutik\/shop\/\"},{\"@type\":\"ListItem\",\"position\":3,\"name\":\"Targus 15.6&#8221; Intellect Laptop Backpack Black\"}]},{\"@type\":\"WebSite\",\"@id\":\"https:\/\/www.heddata.se\/webbutik\/#website\",\"url\":\"https:\/\/www.heddata.se\/webbutik\/\",\"name\":\"Datorer, Skrivare, F\u00e4rgpatroner, Mobiltelefoner\",\"description\":\"Kablar\",\"publisher\":{\"@id\":\"https:\/\/www.heddata.se\/webbutik\/#organization\"},\"potentialAction\":[{\"@type\":\"SearchAction\",\"target\":{\"@type\":\"EntryPoint\",\"urlTemplate\":\"https:\/\/www.heddata.se\/webbutik\/?s={search_term_string}\"},\"query-input\":{\"@type\":\"PropertyValueSpecification\",\"valueRequired\":true,\"valueName\":\"search_term_string\"}}],\"inLanguage\":\"sv-SE\"},{\"@type\":\"Organization\",\"@id\":\"https:\/\/www.heddata.se\/webbutik\/#organization\",\"name\":\"Heddata AB\",\"url\":\"https:\/\/www.heddata.se\/webbutik\/\",\"logo\":{\"@type\":\"ImageObject\",\"inLanguage\":\"sv-SE\",\"@id\":\"https:\/\/www.heddata.se\/webbutik\/#\/schema\/logo\/image\/\",\"url\":\"https:\/\/www.heddata.se\/webbutik\/wp-content\/uploads\/logga\/heddata-ab-logga.png\",\"contentUrl\":\"https:\/\/www.heddata.se\/webbutik\/wp-content\/uploads\/logga\/heddata-ab-logga.png\",\"width\":200,\"height\":64,\"caption\":\"Heddata AB\"},\"image\":{\"@id\":\"https:\/\/www.heddata.se\/webbutik\/#\/schema\/logo\/image\/\"}}]}<\/script>\n<!-- \/ Yoast SEO Premium plugin. -->","yoast_head_json":{"title":"Targus 15.6'' Intellect Laptop Backpack Black prisv\u00e4rd ryggs\u00e4ck","description":"Targus 15.6'' Intellect Laptop Backpack Black Prisv\u00e4rd ryggs\u00e4ck som passar b\u00e4rbara datorer upp till 15,6\", vattenavvisande","robots":{"index":"index","follow":"follow","max-snippet":"max-snippet:-1","max-image-preview":"max-image-preview:large","max-video-preview":"max-video-preview:-1"},"canonical":"https:\/\/www.heddata.se\/webbutik\/produkt\/targus-15-6-intellect-laptop-backpack-black\/","og_locale":"sv_SE","og_type":"article","og_title":"Targus 15.6'' Intellect Laptop Backpack Black","og_description":"Targus 15.6'' Intellect Laptop Backpack Black Prisv\u00e4rd ryggs\u00e4ck som passar b\u00e4rbara datorer upp till 15,6\", vattenavvisande","og_url":"https:\/\/www.heddata.se\/webbutik\/produkt\/targus-15-6-intellect-laptop-backpack-black\/","og_site_name":"Datorer, Skrivare, F\u00e4rgpatroner, Mobiltelefoner","article_modified_time":"2023-02-01T22:00:07+00:00","og_image":[{"width":1181,"height":1181,"url":"https:\/\/www.heddata.se\/webbutik\/wp-content\/uploads\/webbutik\/kategorier\/ovrigt-tillbehor\/tbb565gl.jpeg","type":"image\/jpeg"}],"twitter_card":"summary_large_image","schema":{"@context":"https:\/\/schema.org","@graph":[{"@type":"WebPage","@id":"https:\/\/www.heddata.se\/webbutik\/produkt\/targus-15-6-intellect-laptop-backpack-black\/","url":"https:\/\/www.heddata.se\/webbutik\/produkt\/targus-15-6-intellect-laptop-backpack-black\/","name":"Targus 15.6'' Intellect Laptop Backpack Black prisv\u00e4rd ryggs\u00e4ck","isPartOf":{"@id":"https:\/\/www.heddata.se\/webbutik\/#website"},"primaryImageOfPage":{"@id":"https:\/\/www.heddata.se\/webbutik\/produkt\/targus-15-6-intellect-laptop-backpack-black\/#primaryimage"},"image":{"@id":"https:\/\/www.heddata.se\/webbutik\/produkt\/targus-15-6-intellect-laptop-backpack-black\/#primaryimage"},"thumbnailUrl":"https:\/\/www.heddata.se\/webbutik\/wp-content\/uploads\/webbutik\/kategorier\/ovrigt-tillbehor\/tbb565gl.jpeg","datePublished":"2022-11-07T09:18:24+00:00","dateModified":"2023-02-01T22:00:07+00:00","description":"Targus 15.6'' Intellect Laptop Backpack Black Prisv\u00e4rd ryggs\u00e4ck som passar b\u00e4rbara datorer upp till 15,6\", vattenavvisande","breadcrumb":{"@id":"https:\/\/www.heddata.se\/webbutik\/produkt\/targus-15-6-intellect-laptop-backpack-black\/#breadcrumb"},"inLanguage":"sv-SE","potentialAction":[{"@type":"ReadAction","target":["https:\/\/www.heddata.se\/webbutik\/produkt\/targus-15-6-intellect-laptop-backpack-black\/"]}]},{"@type":"ImageObject","inLanguage":"sv-SE","@id":"https:\/\/www.heddata.se\/webbutik\/produkt\/targus-15-6-intellect-laptop-backpack-black\/#primaryimage","url":"https:\/\/www.heddata.se\/webbutik\/wp-content\/uploads\/webbutik\/kategorier\/ovrigt-tillbehor\/tbb565gl.jpeg","contentUrl":"https:\/\/www.heddata.se\/webbutik\/wp-content\/uploads\/webbutik\/kategorier\/ovrigt-tillbehor\/tbb565gl.jpeg","width":1181,"height":1181,"caption":"Targus 15.6'' Intellect"},{"@type":"BreadcrumbList","@id":"https:\/\/www.heddata.se\/webbutik\/produkt\/targus-15-6-intellect-laptop-backpack-black\/#breadcrumb","itemListElement":[{"@type":"ListItem","position":1,"name":"Hem","item":"https:\/\/www.heddata.se\/webbutik\/"},{"@type":"ListItem","position":2,"name":"Produkter","item":"https:\/\/www.heddata.se\/webbutik\/shop\/"},{"@type":"ListItem","position":3,"name":"Targus 15.6&#8221; Intellect Laptop Backpack Black"}]},{"@type":"WebSite","@id":"https:\/\/www.heddata.se\/webbutik\/#website","url":"https:\/\/www.heddata.se\/webbutik\/","name":"Datorer, Skrivare, F\u00e4rgpatroner, Mobiltelefoner","description":"Kablar","publisher":{"@id":"https:\/\/www.heddata.se\/webbutik\/#organization"},"potentialAction":[{"@type":"SearchAction","target":{"@type":"EntryPoint","urlTemplate":"https:\/\/www.heddata.se\/webbutik\/?s={search_term_string}"},"query-input":{"@type":"PropertyValueSpecification","valueRequired":true,"valueName":"search_term_string"}}],"inLanguage":"sv-SE"},{"@type":"Organization","@id":"https:\/\/www.heddata.se\/webbutik\/#organization","name":"Heddata AB","url":"https:\/\/www.heddata.se\/webbutik\/","logo":{"@type":"ImageObject","inLanguage":"sv-SE","@id":"https:\/\/www.heddata.se\/webbutik\/#\/schema\/logo\/image\/","url":"https:\/\/www.heddata.se\/webbutik\/wp-content\/uploads\/logga\/heddata-ab-logga.png","contentUrl":"https:\/\/www.heddata.se\/webbutik\/wp-content\/uploads\/logga\/heddata-ab-logga.png","width":200,"height":64,"caption":"Heddata AB"},"image":{"@id":"https:\/\/www.heddata.se\/webbutik\/#\/schema\/logo\/image\/"}}]}},"_links":{"self":[{"href":"https:\/\/www.heddata.se\/webbutik\/wp-json\/wp\/v2\/product\/93341","targetHints":{"allow":["GET"]}}],"collection":[{"href":"https:\/\/www.heddata.se\/webbutik\/wp-json\/wp\/v2\/product"}],"about":[{"href":"https:\/\/www.heddata.se\/webbutik\/wp-json\/wp\/v2\/types\/product"}],"wp:featuredmedia":[{"embeddable":true,"href":"https:\/\/www.heddata.se\/webbutik\/wp-json\/wp\/v2\/media\/93352"}],"wp:attachment":[{"href":"https:\/\/www.heddata.se\/webbutik\/wp-json\/wp\/v2\/media?parent=93341"}],"wp:term":[{"taxonomy":"product_brand","embeddable":true,"href":"https:\/\/www.heddata.se\/webbutik\/wp-json\/wp\/v2\/product_brand?post=93341"},{"taxonomy":"product_cat","embeddable":true,"href":"https:\/\/www.heddata.se\/webbutik\/wp-json\/wp\/v2\/product_cat?post=93341"},{"taxonomy":"product_tag","embeddable":true,"href":"https:\/\/www.heddata.se\/webbutik\/wp-json\/wp\/v2\/product_tag?post=93341"}],"curies":[{"name":"wp","href":"https:\/\/api.w.org\/{rel}","templated":true}]}}