{"id":93296,"date":"2022-10-18T12:18:03","date_gmt":"2022-10-18T10:18:03","guid":{"rendered":"https:\/\/www.heddata.se\/webbutik\/?post_type=product&#038;p=93296"},"modified":"2026-04-17T18:08:16","modified_gmt":"2026-04-17T16:08:16","slug":"dell-90w-auto-air-travel-ac-dc-adapter-0d09rm","status":"publish","type":"product","link":"https:\/\/www.heddata.se\/webbutik\/produkt\/dell-90w-auto-air-travel-ac-dc-adapter-0d09rm\/","title":{"rendered":"Dell 90W Auto Air Travel AC\/DC Adapter 0D09RM"},"content":{"rendered":"<p>Dell 90W Auto Air Travel AC\/DC Adapter 0D09RM<\/p>\n<p>Dell billaddare 12v 90W f\u00f6r kompatibla modeller.<\/p>\n<p id=\"tw-target-text\" class=\"tw-data-text tw-text-large tw-ta\" dir=\"ltr\" data-placeholder=\"\u00d6vers\u00e4ttning\"><span class=\"Y2IQFc\" lang=\"sv\">Starta och h\u00e5ll dig produktiv p\u00e5 resande fot, p\u00e5 flyg eller p\u00e5 kontoret med Dell\u2122-str\u00f6madaptern. Det \u00e4r en allt-i-ett, DC-enhet som b\u00e5de driver din b\u00e4rbara <a href=\"https:\/\/www.heddata.se\/webbutik\/datorer\/\">Dell-dator<\/a> och laddar dess batteri.<\/span><\/p>\n<ul class=\"a-unordered-list a-vertical a-spacing-mini\">\n<li><span class=\"a-list-item\">Genuine <a href=\"https:\/\/www.dell.com\/sv-se\" target=\"_blank\" rel=\"noopener\">Dell<\/a> 90 Watt Auto-Air Adapter for Select Dell Systems\/ Connector Size: 7.4 mm x\u00a05.0 mm<\/span><\/li>\n<li><span class=\"a-list-item\">Output : 90 Watt\/ Input: 19.5V\/ AV 100-240V Connecters: Car and Airplane Connectors\/ Compatible Part Number: D09RM, 28F6C, H536T\/Model Number : CD90V190-00, ADP-90ND<\/span><\/li>\n<li><span class=\"a-list-item\">Compatible Systems: Inspiron: 300M, 500M, 510M, 600M, 630M, 640M, 700M, 710M, 13, 1318, 15, 14z, 1420, 1470, 15z, 1501, 1520, 1521, 1525, 1526, 1545, 1570, 6000, E1405, E1505, E1705, 1150, 1320, 14, 1410, 1425, 1427, 1440, 17, 1720, 1721, 1750, 6400, 8500, 8600, 9200, 9300, 9400, E1705\/ Latitude: D400, D410, D420, D430, D500, D505, D510, D520, D530, D531, D600, D610, D620, D630, D631, X300, 131L, E4200, E4300, 2100, Z, D800, D810, D820, D830, XT, XT2, E5400, E5500, E6400, E6500<\/span><\/li>\n<li><span class=\"a-list-item\">Compatible Systems: Precision: M20, M60, M65, M70, M90, M170, M1210, M2300, M2400, M4300\/ Vostro: 90, 1000, 1200, 1210, 1220, 1300, 1310, 1320, 1400, 1500, 1510, A840, A860, 1014, 1015, 1088, 1520, 1700, 1710, 1720, 2510<\/span><\/li>\n<li><span class=\"a-list-item\">Compatible Systems: Studio: 13, 14z, 15, 1555, 1435, 1440, 1450, 1457, 1535, 1536, 1537, 1555, 1557, 17, 1735, 1737, 1745, 1747, XPS 1340, XPS 1640, XPS 1645, XPS 1647\/ XPS: M140, M1210, M1330, M1530, M2400<\/span><\/li>\n<\/ul>\n","protected":false},"excerpt":{"rendered":"<p>Dell 90W Auto Air Travel AC\/DC Adapter 0D09RM<\/p>\n","protected":false},"featured_media":93298,"template":"","meta":[],"product_brand":[],"product_cat":[65,8994],"product_tag":[],"class_list":{"0":"post-93296","1":"product","2":"type-product","3":"status-publish","4":"has-post-thumbnail","6":"product_cat-datorer-tillbehor","7":"product_cat-datorladdare","9":"first","10":"instock","11":"taxable","12":"shipping-taxable","13":"purchasable","14":"product-type-simple"},"yoast_head":"<!-- This site is optimized with the Yoast SEO Premium plugin v26.7 (Yoast SEO v26.7) - https:\/\/yoast.com\/wordpress\/plugins\/seo\/ -->\n<title>Dell 90W Auto Air Travel AC\/DC Adapter 0D09RM billaddare 12v 90w<\/title>\n<meta name=\"description\" content=\"Dell 90W Auto Air Travel AC\/DC Adapter 0D09RM. Billaddare som driver din b\u00e4rbara Dell-dator och laddar dess batteri.\" \/>\n<meta name=\"robots\" content=\"index, follow, max-snippet:-1, max-image-preview:large, max-video-preview:-1\" \/>\n<link rel=\"canonical\" href=\"https:\/\/www.heddata.se\/webbutik\/produkt\/dell-90w-auto-air-travel-ac-dc-adapter-0d09rm\/\" \/>\n<meta property=\"og:locale\" content=\"sv_SE\" \/>\n<meta property=\"og:type\" content=\"article\" \/>\n<meta property=\"og:title\" content=\"Dell 90W Auto Air Travel AC\/DC Adapter 0D09RM\" \/>\n<meta property=\"og:description\" content=\"Dell 90W Auto Air Travel AC\/DC Adapter 0D09RM. Billaddare som driver din b\u00e4rbara Dell-dator och laddar dess batteri.\" \/>\n<meta property=\"og:url\" content=\"https:\/\/www.heddata.se\/webbutik\/produkt\/dell-90w-auto-air-travel-ac-dc-adapter-0d09rm\/\" \/>\n<meta property=\"og:site_name\" content=\"Datorer, Skrivare, F\u00e4rgpatroner, Mobiltelefoner\" \/>\n<meta property=\"article:modified_time\" content=\"2026-04-17T16:08:16+00:00\" \/>\n<meta property=\"og:image\" content=\"https:\/\/www.heddata.se\/webbutik\/wp-content\/uploads\/webbutik\/kategorier\/ovrigt-tillbehor\/2206631.jpg\" \/>\n\t<meta property=\"og:image:width\" content=\"800\" \/>\n\t<meta property=\"og:image:height\" content=\"800\" \/>\n\t<meta property=\"og:image:type\" content=\"image\/jpeg\" \/>\n<meta name=\"twitter:card\" content=\"summary_large_image\" \/>\n<meta name=\"twitter:label1\" content=\"Ber\u00e4knad l\u00e4stid\" \/>\n\t<meta name=\"twitter:data1\" content=\"1 minut\" \/>\n<script type=\"application\/ld+json\" class=\"yoast-schema-graph\">{\"@context\":\"https:\/\/schema.org\",\"@graph\":[{\"@type\":\"WebPage\",\"@id\":\"https:\/\/www.heddata.se\/webbutik\/produkt\/dell-90w-auto-air-travel-ac-dc-adapter-0d09rm\/\",\"url\":\"https:\/\/www.heddata.se\/webbutik\/produkt\/dell-90w-auto-air-travel-ac-dc-adapter-0d09rm\/\",\"name\":\"Dell 90W Auto Air Travel AC\/DC Adapter 0D09RM billaddare 12v 90w\",\"isPartOf\":{\"@id\":\"https:\/\/www.heddata.se\/webbutik\/#website\"},\"primaryImageOfPage\":{\"@id\":\"https:\/\/www.heddata.se\/webbutik\/produkt\/dell-90w-auto-air-travel-ac-dc-adapter-0d09rm\/#primaryimage\"},\"image\":{\"@id\":\"https:\/\/www.heddata.se\/webbutik\/produkt\/dell-90w-auto-air-travel-ac-dc-adapter-0d09rm\/#primaryimage\"},\"thumbnailUrl\":\"https:\/\/www.heddata.se\/webbutik\/wp-content\/uploads\/webbutik\/kategorier\/ovrigt-tillbehor\/2206631.jpg\",\"datePublished\":\"2022-10-18T10:18:03+00:00\",\"dateModified\":\"2026-04-17T16:08:16+00:00\",\"description\":\"Dell 90W Auto Air Travel AC\/DC Adapter 0D09RM. Billaddare som driver din b\u00e4rbara Dell-dator och laddar dess batteri.\",\"breadcrumb\":{\"@id\":\"https:\/\/www.heddata.se\/webbutik\/produkt\/dell-90w-auto-air-travel-ac-dc-adapter-0d09rm\/#breadcrumb\"},\"inLanguage\":\"sv-SE\",\"potentialAction\":[{\"@type\":\"ReadAction\",\"target\":[\"https:\/\/www.heddata.se\/webbutik\/produkt\/dell-90w-auto-air-travel-ac-dc-adapter-0d09rm\/\"]}]},{\"@type\":\"ImageObject\",\"inLanguage\":\"sv-SE\",\"@id\":\"https:\/\/www.heddata.se\/webbutik\/produkt\/dell-90w-auto-air-travel-ac-dc-adapter-0d09rm\/#primaryimage\",\"url\":\"https:\/\/www.heddata.se\/webbutik\/wp-content\/uploads\/webbutik\/kategorier\/ovrigt-tillbehor\/2206631.jpg\",\"contentUrl\":\"https:\/\/www.heddata.se\/webbutik\/wp-content\/uploads\/webbutik\/kategorier\/ovrigt-tillbehor\/2206631.jpg\",\"width\":800,\"height\":800,\"caption\":\"Dell 90W Auto Air Travel\"},{\"@type\":\"BreadcrumbList\",\"@id\":\"https:\/\/www.heddata.se\/webbutik\/produkt\/dell-90w-auto-air-travel-ac-dc-adapter-0d09rm\/#breadcrumb\",\"itemListElement\":[{\"@type\":\"ListItem\",\"position\":1,\"name\":\"Hem\",\"item\":\"https:\/\/www.heddata.se\/webbutik\/\"},{\"@type\":\"ListItem\",\"position\":2,\"name\":\"Produkter\",\"item\":\"https:\/\/www.heddata.se\/webbutik\/shop\/\"},{\"@type\":\"ListItem\",\"position\":3,\"name\":\"Dell 90W Auto Air Travel AC\/DC Adapter 0D09RM\"}]},{\"@type\":\"WebSite\",\"@id\":\"https:\/\/www.heddata.se\/webbutik\/#website\",\"url\":\"https:\/\/www.heddata.se\/webbutik\/\",\"name\":\"Datorer, Skrivare, F\u00e4rgpatroner, Mobiltelefoner\",\"description\":\"Kablar\",\"publisher\":{\"@id\":\"https:\/\/www.heddata.se\/webbutik\/#organization\"},\"potentialAction\":[{\"@type\":\"SearchAction\",\"target\":{\"@type\":\"EntryPoint\",\"urlTemplate\":\"https:\/\/www.heddata.se\/webbutik\/?s={search_term_string}\"},\"query-input\":{\"@type\":\"PropertyValueSpecification\",\"valueRequired\":true,\"valueName\":\"search_term_string\"}}],\"inLanguage\":\"sv-SE\"},{\"@type\":\"Organization\",\"@id\":\"https:\/\/www.heddata.se\/webbutik\/#organization\",\"name\":\"Heddata AB\",\"url\":\"https:\/\/www.heddata.se\/webbutik\/\",\"logo\":{\"@type\":\"ImageObject\",\"inLanguage\":\"sv-SE\",\"@id\":\"https:\/\/www.heddata.se\/webbutik\/#\/schema\/logo\/image\/\",\"url\":\"https:\/\/www.heddata.se\/webbutik\/wp-content\/uploads\/logga\/heddata-ab-logga.png\",\"contentUrl\":\"https:\/\/www.heddata.se\/webbutik\/wp-content\/uploads\/logga\/heddata-ab-logga.png\",\"width\":200,\"height\":64,\"caption\":\"Heddata AB\"},\"image\":{\"@id\":\"https:\/\/www.heddata.se\/webbutik\/#\/schema\/logo\/image\/\"}}]}<\/script>\n<!-- \/ Yoast SEO Premium plugin. -->","yoast_head_json":{"title":"Dell 90W Auto Air Travel AC\/DC Adapter 0D09RM billaddare 12v 90w","description":"Dell 90W Auto Air Travel AC\/DC Adapter 0D09RM. Billaddare som driver din b\u00e4rbara Dell-dator och laddar dess batteri.","robots":{"index":"index","follow":"follow","max-snippet":"max-snippet:-1","max-image-preview":"max-image-preview:large","max-video-preview":"max-video-preview:-1"},"canonical":"https:\/\/www.heddata.se\/webbutik\/produkt\/dell-90w-auto-air-travel-ac-dc-adapter-0d09rm\/","og_locale":"sv_SE","og_type":"article","og_title":"Dell 90W Auto Air Travel AC\/DC Adapter 0D09RM","og_description":"Dell 90W Auto Air Travel AC\/DC Adapter 0D09RM. Billaddare som driver din b\u00e4rbara Dell-dator och laddar dess batteri.","og_url":"https:\/\/www.heddata.se\/webbutik\/produkt\/dell-90w-auto-air-travel-ac-dc-adapter-0d09rm\/","og_site_name":"Datorer, Skrivare, F\u00e4rgpatroner, Mobiltelefoner","article_modified_time":"2026-04-17T16:08:16+00:00","og_image":[{"width":800,"height":800,"url":"https:\/\/www.heddata.se\/webbutik\/wp-content\/uploads\/webbutik\/kategorier\/ovrigt-tillbehor\/2206631.jpg","type":"image\/jpeg"}],"twitter_card":"summary_large_image","twitter_misc":{"Ber\u00e4knad l\u00e4stid":"1 minut"},"schema":{"@context":"https:\/\/schema.org","@graph":[{"@type":"WebPage","@id":"https:\/\/www.heddata.se\/webbutik\/produkt\/dell-90w-auto-air-travel-ac-dc-adapter-0d09rm\/","url":"https:\/\/www.heddata.se\/webbutik\/produkt\/dell-90w-auto-air-travel-ac-dc-adapter-0d09rm\/","name":"Dell 90W Auto Air Travel AC\/DC Adapter 0D09RM billaddare 12v 90w","isPartOf":{"@id":"https:\/\/www.heddata.se\/webbutik\/#website"},"primaryImageOfPage":{"@id":"https:\/\/www.heddata.se\/webbutik\/produkt\/dell-90w-auto-air-travel-ac-dc-adapter-0d09rm\/#primaryimage"},"image":{"@id":"https:\/\/www.heddata.se\/webbutik\/produkt\/dell-90w-auto-air-travel-ac-dc-adapter-0d09rm\/#primaryimage"},"thumbnailUrl":"https:\/\/www.heddata.se\/webbutik\/wp-content\/uploads\/webbutik\/kategorier\/ovrigt-tillbehor\/2206631.jpg","datePublished":"2022-10-18T10:18:03+00:00","dateModified":"2026-04-17T16:08:16+00:00","description":"Dell 90W Auto Air Travel AC\/DC Adapter 0D09RM. Billaddare som driver din b\u00e4rbara Dell-dator och laddar dess batteri.","breadcrumb":{"@id":"https:\/\/www.heddata.se\/webbutik\/produkt\/dell-90w-auto-air-travel-ac-dc-adapter-0d09rm\/#breadcrumb"},"inLanguage":"sv-SE","potentialAction":[{"@type":"ReadAction","target":["https:\/\/www.heddata.se\/webbutik\/produkt\/dell-90w-auto-air-travel-ac-dc-adapter-0d09rm\/"]}]},{"@type":"ImageObject","inLanguage":"sv-SE","@id":"https:\/\/www.heddata.se\/webbutik\/produkt\/dell-90w-auto-air-travel-ac-dc-adapter-0d09rm\/#primaryimage","url":"https:\/\/www.heddata.se\/webbutik\/wp-content\/uploads\/webbutik\/kategorier\/ovrigt-tillbehor\/2206631.jpg","contentUrl":"https:\/\/www.heddata.se\/webbutik\/wp-content\/uploads\/webbutik\/kategorier\/ovrigt-tillbehor\/2206631.jpg","width":800,"height":800,"caption":"Dell 90W Auto Air Travel"},{"@type":"BreadcrumbList","@id":"https:\/\/www.heddata.se\/webbutik\/produkt\/dell-90w-auto-air-travel-ac-dc-adapter-0d09rm\/#breadcrumb","itemListElement":[{"@type":"ListItem","position":1,"name":"Hem","item":"https:\/\/www.heddata.se\/webbutik\/"},{"@type":"ListItem","position":2,"name":"Produkter","item":"https:\/\/www.heddata.se\/webbutik\/shop\/"},{"@type":"ListItem","position":3,"name":"Dell 90W Auto Air Travel AC\/DC Adapter 0D09RM"}]},{"@type":"WebSite","@id":"https:\/\/www.heddata.se\/webbutik\/#website","url":"https:\/\/www.heddata.se\/webbutik\/","name":"Datorer, Skrivare, F\u00e4rgpatroner, Mobiltelefoner","description":"Kablar","publisher":{"@id":"https:\/\/www.heddata.se\/webbutik\/#organization"},"potentialAction":[{"@type":"SearchAction","target":{"@type":"EntryPoint","urlTemplate":"https:\/\/www.heddata.se\/webbutik\/?s={search_term_string}"},"query-input":{"@type":"PropertyValueSpecification","valueRequired":true,"valueName":"search_term_string"}}],"inLanguage":"sv-SE"},{"@type":"Organization","@id":"https:\/\/www.heddata.se\/webbutik\/#organization","name":"Heddata AB","url":"https:\/\/www.heddata.se\/webbutik\/","logo":{"@type":"ImageObject","inLanguage":"sv-SE","@id":"https:\/\/www.heddata.se\/webbutik\/#\/schema\/logo\/image\/","url":"https:\/\/www.heddata.se\/webbutik\/wp-content\/uploads\/logga\/heddata-ab-logga.png","contentUrl":"https:\/\/www.heddata.se\/webbutik\/wp-content\/uploads\/logga\/heddata-ab-logga.png","width":200,"height":64,"caption":"Heddata AB"},"image":{"@id":"https:\/\/www.heddata.se\/webbutik\/#\/schema\/logo\/image\/"}}]}},"_links":{"self":[{"href":"https:\/\/www.heddata.se\/webbutik\/wp-json\/wp\/v2\/product\/93296","targetHints":{"allow":["GET"]}}],"collection":[{"href":"https:\/\/www.heddata.se\/webbutik\/wp-json\/wp\/v2\/product"}],"about":[{"href":"https:\/\/www.heddata.se\/webbutik\/wp-json\/wp\/v2\/types\/product"}],"wp:featuredmedia":[{"embeddable":true,"href":"https:\/\/www.heddata.se\/webbutik\/wp-json\/wp\/v2\/media\/93298"}],"wp:attachment":[{"href":"https:\/\/www.heddata.se\/webbutik\/wp-json\/wp\/v2\/media?parent=93296"}],"wp:term":[{"taxonomy":"product_brand","embeddable":true,"href":"https:\/\/www.heddata.se\/webbutik\/wp-json\/wp\/v2\/product_brand?post=93296"},{"taxonomy":"product_cat","embeddable":true,"href":"https:\/\/www.heddata.se\/webbutik\/wp-json\/wp\/v2\/product_cat?post=93296"},{"taxonomy":"product_tag","embeddable":true,"href":"https:\/\/www.heddata.se\/webbutik\/wp-json\/wp\/v2\/product_tag?post=93296"}],"curies":[{"name":"wp","href":"https:\/\/api.w.org\/{rel}","templated":true}]}}