{"id":93246,"date":"2022-10-05T11:18:06","date_gmt":"2022-10-05T09:18:06","guid":{"rendered":"https:\/\/www.heddata.se\/webbutik\/?post_type=product&#038;p=93246"},"modified":"2024-04-17T10:50:50","modified_gmt":"2024-04-17T08:50:50","slug":"logitech-usb-headset-h340-headset-pa-orat-kabelansluten-981-000475","status":"publish","type":"product","link":"https:\/\/www.heddata.se\/webbutik\/produkt\/logitech-usb-headset-h340-headset-pa-orat-kabelansluten-981-000475\/","title":{"rendered":"Logitech USB Headset H340 &#8211; Headset &#8211; p\u00e5 \u00f6rat &#8211; kabelansluten 981-000475"},"content":{"rendered":"<p>Logitech USB Headset H340 &#8211; Headset &#8211; p\u00e5 \u00f6rat &#8211; kabelansluten 981-000475<\/p>\n<p>Ett l\u00e4tt USB-headset som ger kristallklart digitalljud. Med det glasklara digitala ljudet l\u00e5ter dina Internetsamtal, din musik och dina viralvideor m.m. b\u00e4ttre \u00e4n n\u00e5gonsin. Njut av en perfekt och bekv\u00e4m passform \u2013 l\u00e4tt och justerbart.<\/p>\n<p>Det perfekta vardagsheadsetet med en l\u00e4ttanv\u00e4nd USB-A-anslutning. En brusreducerande mikrofon minskar st\u00f6rande bakgrundsljud och levererar klart digitalt ljud f\u00f6r VOIP och Skype.<\/p>\n<p>Det perfekta headsetet f\u00f6r r\u00f6stsamtal, Skype<sup>\u00ae<\/sup>, webbinarium med mera. Den 180\u00a0cm l\u00e5nga sladden har precis r\u00e4tt l\u00e4ngd f\u00f6r att ge dig friheten att st\u00e4lla dig upp och stretcha under l\u00e5nga samtal.<\/p>\n<p>F\u00e5 kristallklart ljud f\u00f6r musik, spel och samtal. Det h\u00e4r <a href=\"https:\/\/www.logitech.com\/sv-se\" target=\"_blank\" rel=\"noopener\">plug-and-play-headsetet<\/a> kan anv\u00e4ndas med <a href=\"https:\/\/www.heddata.se\/webbutik\/datorer\/\">PC<\/a> eller Mac med en USB-A-port utan att n\u00e5gon programvara beh\u00f6ver installeras.<\/p>\n<p>Mikrofonen p\u00e5 h\u00f6ger sida kan flyttas f\u00f6r b\u00e4ttre r\u00f6stupptagning och minskning av bakgrundsljud. Den diskreta mikrofonarmen kan f\u00f6ras in i bygeln s\u00e5 att den \u00e4r ur v\u00e4gen n\u00e4r du inte anv\u00e4nder den.<\/p>\n<p>Justerbar, l\u00e4tt bygel och ledmonterade \u00f6ronkuddar av skum s\u00e5 att headsetet \u00e4r bekv\u00e4mt i flera timmar.<\/p>\n<p>USB som ger enkel plug-and-play-drift. Koppla bara in USB-A-sladden i datorn s\u00e5 \u00e4r du redo att samtala, lyssna p\u00e5 musik eller spela spel.<\/p>\n","protected":false},"excerpt":{"rendered":"<p>Logitech USB Headset H340 &#8211; Headset &#8211; p\u00e5 \u00f6rat &#8211; kabelansluten 981-000475<\/p>\n","protected":false},"featured_media":93250,"template":"","meta":[],"product_brand":[],"product_cat":[126,8997,119],"product_tag":[],"class_list":{"0":"post-93246","1":"product","2":"type-product","3":"status-publish","4":"has-post-thumbnail","6":"product_cat-headset-horlurar-med-mikrofon","7":"product_cat-headset-och-horlurar-med-sladd","8":"product_cat-horlurar-headset","10":"first","11":"instock","12":"taxable","13":"shipping-taxable","14":"purchasable","15":"product-type-simple"},"yoast_head":"<!-- This site is optimized with the Yoast SEO Premium plugin v26.7 (Yoast SEO v26.7) - https:\/\/yoast.com\/wordpress\/plugins\/seo\/ -->\n<title>Logitech USB Headset H340 - Headset - p\u00e5 \u00f6rat - kabelansluten<\/title>\n<meta name=\"description\" content=\"Logitech USB Headset H340 - Headset - p\u00e5 \u00f6rat - kabelansluten 981-000475. Det perfekta vardagsheadsetet med en l\u00e4ttanv\u00e4nd USB-A-anslutning.\" \/>\n<meta name=\"robots\" content=\"index, follow, max-snippet:-1, max-image-preview:large, max-video-preview:-1\" \/>\n<link rel=\"canonical\" href=\"https:\/\/www.heddata.se\/webbutik\/produkt\/logitech-usb-headset-h340-headset-pa-orat-kabelansluten-981-000475\/\" \/>\n<meta property=\"og:locale\" content=\"sv_SE\" \/>\n<meta property=\"og:type\" content=\"article\" \/>\n<meta property=\"og:title\" content=\"Logitech USB Headset H340 - Headset - p\u00e5 \u00f6rat - kabelansluten 981-000475\" \/>\n<meta property=\"og:description\" content=\"Logitech USB Headset H340 - Headset - p\u00e5 \u00f6rat - kabelansluten 981-000475. Det perfekta vardagsheadsetet med en l\u00e4ttanv\u00e4nd USB-A-anslutning.\" \/>\n<meta property=\"og:url\" content=\"https:\/\/www.heddata.se\/webbutik\/produkt\/logitech-usb-headset-h340-headset-pa-orat-kabelansluten-981-000475\/\" \/>\n<meta property=\"og:site_name\" content=\"Datorer, Skrivare, F\u00e4rgpatroner, Mobiltelefoner\" \/>\n<meta property=\"article:modified_time\" content=\"2024-04-17T08:50:50+00:00\" \/>\n<meta property=\"og:image\" content=\"https:\/\/www.heddata.se\/webbutik\/wp-content\/uploads\/webbutik\/kategorier\/horlurar\/981-000475.jpg\" \/>\n\t<meta property=\"og:image:width\" content=\"1200\" \/>\n\t<meta property=\"og:image:height\" content=\"1200\" \/>\n\t<meta property=\"og:image:type\" content=\"image\/jpeg\" \/>\n<meta name=\"twitter:card\" content=\"summary_large_image\" \/>\n<meta name=\"twitter:label1\" content=\"Ber\u00e4knad l\u00e4stid\" \/>\n\t<meta name=\"twitter:data1\" content=\"1 minut\" \/>\n<script type=\"application\/ld+json\" class=\"yoast-schema-graph\">{\"@context\":\"https:\/\/schema.org\",\"@graph\":[{\"@type\":\"WebPage\",\"@id\":\"https:\/\/www.heddata.se\/webbutik\/produkt\/logitech-usb-headset-h340-headset-pa-orat-kabelansluten-981-000475\/\",\"url\":\"https:\/\/www.heddata.se\/webbutik\/produkt\/logitech-usb-headset-h340-headset-pa-orat-kabelansluten-981-000475\/\",\"name\":\"Logitech USB Headset H340 - Headset - p\u00e5 \u00f6rat - kabelansluten\",\"isPartOf\":{\"@id\":\"https:\/\/www.heddata.se\/webbutik\/#website\"},\"primaryImageOfPage\":{\"@id\":\"https:\/\/www.heddata.se\/webbutik\/produkt\/logitech-usb-headset-h340-headset-pa-orat-kabelansluten-981-000475\/#primaryimage\"},\"image\":{\"@id\":\"https:\/\/www.heddata.se\/webbutik\/produkt\/logitech-usb-headset-h340-headset-pa-orat-kabelansluten-981-000475\/#primaryimage\"},\"thumbnailUrl\":\"https:\/\/www.heddata.se\/webbutik\/wp-content\/uploads\/webbutik\/kategorier\/horlurar\/981-000475.jpg\",\"datePublished\":\"2022-10-05T09:18:06+00:00\",\"dateModified\":\"2024-04-17T08:50:50+00:00\",\"description\":\"Logitech USB Headset H340 - Headset - p\u00e5 \u00f6rat - kabelansluten 981-000475. Det perfekta vardagsheadsetet med en l\u00e4ttanv\u00e4nd USB-A-anslutning.\",\"breadcrumb\":{\"@id\":\"https:\/\/www.heddata.se\/webbutik\/produkt\/logitech-usb-headset-h340-headset-pa-orat-kabelansluten-981-000475\/#breadcrumb\"},\"inLanguage\":\"sv-SE\",\"potentialAction\":[{\"@type\":\"ReadAction\",\"target\":[\"https:\/\/www.heddata.se\/webbutik\/produkt\/logitech-usb-headset-h340-headset-pa-orat-kabelansluten-981-000475\/\"]}]},{\"@type\":\"ImageObject\",\"inLanguage\":\"sv-SE\",\"@id\":\"https:\/\/www.heddata.se\/webbutik\/produkt\/logitech-usb-headset-h340-headset-pa-orat-kabelansluten-981-000475\/#primaryimage\",\"url\":\"https:\/\/www.heddata.se\/webbutik\/wp-content\/uploads\/webbutik\/kategorier\/horlurar\/981-000475.jpg\",\"contentUrl\":\"https:\/\/www.heddata.se\/webbutik\/wp-content\/uploads\/webbutik\/kategorier\/horlurar\/981-000475.jpg\",\"width\":1200,\"height\":1200,\"caption\":\"Logitech USB Headset H340\"},{\"@type\":\"BreadcrumbList\",\"@id\":\"https:\/\/www.heddata.se\/webbutik\/produkt\/logitech-usb-headset-h340-headset-pa-orat-kabelansluten-981-000475\/#breadcrumb\",\"itemListElement\":[{\"@type\":\"ListItem\",\"position\":1,\"name\":\"Hem\",\"item\":\"https:\/\/www.heddata.se\/webbutik\/\"},{\"@type\":\"ListItem\",\"position\":2,\"name\":\"Produkter\",\"item\":\"https:\/\/www.heddata.se\/webbutik\/shop\/\"},{\"@type\":\"ListItem\",\"position\":3,\"name\":\"Logitech USB Headset H340 &#8211; Headset &#8211; p\u00e5 \u00f6rat &#8211; kabelansluten 981-000475\"}]},{\"@type\":\"WebSite\",\"@id\":\"https:\/\/www.heddata.se\/webbutik\/#website\",\"url\":\"https:\/\/www.heddata.se\/webbutik\/\",\"name\":\"Datorer, Skrivare, F\u00e4rgpatroner, Mobiltelefoner\",\"description\":\"Kablar\",\"publisher\":{\"@id\":\"https:\/\/www.heddata.se\/webbutik\/#organization\"},\"potentialAction\":[{\"@type\":\"SearchAction\",\"target\":{\"@type\":\"EntryPoint\",\"urlTemplate\":\"https:\/\/www.heddata.se\/webbutik\/?s={search_term_string}\"},\"query-input\":{\"@type\":\"PropertyValueSpecification\",\"valueRequired\":true,\"valueName\":\"search_term_string\"}}],\"inLanguage\":\"sv-SE\"},{\"@type\":\"Organization\",\"@id\":\"https:\/\/www.heddata.se\/webbutik\/#organization\",\"name\":\"Heddata AB\",\"url\":\"https:\/\/www.heddata.se\/webbutik\/\",\"logo\":{\"@type\":\"ImageObject\",\"inLanguage\":\"sv-SE\",\"@id\":\"https:\/\/www.heddata.se\/webbutik\/#\/schema\/logo\/image\/\",\"url\":\"https:\/\/www.heddata.se\/webbutik\/wp-content\/uploads\/logga\/heddata-ab-logga.png\",\"contentUrl\":\"https:\/\/www.heddata.se\/webbutik\/wp-content\/uploads\/logga\/heddata-ab-logga.png\",\"width\":200,\"height\":64,\"caption\":\"Heddata AB\"},\"image\":{\"@id\":\"https:\/\/www.heddata.se\/webbutik\/#\/schema\/logo\/image\/\"}}]}<\/script>\n<!-- \/ Yoast SEO Premium plugin. -->","yoast_head_json":{"title":"Logitech USB Headset H340 - Headset - p\u00e5 \u00f6rat - kabelansluten","description":"Logitech USB Headset H340 - Headset - p\u00e5 \u00f6rat - kabelansluten 981-000475. Det perfekta vardagsheadsetet med en l\u00e4ttanv\u00e4nd USB-A-anslutning.","robots":{"index":"index","follow":"follow","max-snippet":"max-snippet:-1","max-image-preview":"max-image-preview:large","max-video-preview":"max-video-preview:-1"},"canonical":"https:\/\/www.heddata.se\/webbutik\/produkt\/logitech-usb-headset-h340-headset-pa-orat-kabelansluten-981-000475\/","og_locale":"sv_SE","og_type":"article","og_title":"Logitech USB Headset H340 - Headset - p\u00e5 \u00f6rat - kabelansluten 981-000475","og_description":"Logitech USB Headset H340 - Headset - p\u00e5 \u00f6rat - kabelansluten 981-000475. Det perfekta vardagsheadsetet med en l\u00e4ttanv\u00e4nd USB-A-anslutning.","og_url":"https:\/\/www.heddata.se\/webbutik\/produkt\/logitech-usb-headset-h340-headset-pa-orat-kabelansluten-981-000475\/","og_site_name":"Datorer, Skrivare, F\u00e4rgpatroner, Mobiltelefoner","article_modified_time":"2024-04-17T08:50:50+00:00","og_image":[{"width":1200,"height":1200,"url":"https:\/\/www.heddata.se\/webbutik\/wp-content\/uploads\/webbutik\/kategorier\/horlurar\/981-000475.jpg","type":"image\/jpeg"}],"twitter_card":"summary_large_image","twitter_misc":{"Ber\u00e4knad l\u00e4stid":"1 minut"},"schema":{"@context":"https:\/\/schema.org","@graph":[{"@type":"WebPage","@id":"https:\/\/www.heddata.se\/webbutik\/produkt\/logitech-usb-headset-h340-headset-pa-orat-kabelansluten-981-000475\/","url":"https:\/\/www.heddata.se\/webbutik\/produkt\/logitech-usb-headset-h340-headset-pa-orat-kabelansluten-981-000475\/","name":"Logitech USB Headset H340 - Headset - p\u00e5 \u00f6rat - kabelansluten","isPartOf":{"@id":"https:\/\/www.heddata.se\/webbutik\/#website"},"primaryImageOfPage":{"@id":"https:\/\/www.heddata.se\/webbutik\/produkt\/logitech-usb-headset-h340-headset-pa-orat-kabelansluten-981-000475\/#primaryimage"},"image":{"@id":"https:\/\/www.heddata.se\/webbutik\/produkt\/logitech-usb-headset-h340-headset-pa-orat-kabelansluten-981-000475\/#primaryimage"},"thumbnailUrl":"https:\/\/www.heddata.se\/webbutik\/wp-content\/uploads\/webbutik\/kategorier\/horlurar\/981-000475.jpg","datePublished":"2022-10-05T09:18:06+00:00","dateModified":"2024-04-17T08:50:50+00:00","description":"Logitech USB Headset H340 - Headset - p\u00e5 \u00f6rat - kabelansluten 981-000475. Det perfekta vardagsheadsetet med en l\u00e4ttanv\u00e4nd USB-A-anslutning.","breadcrumb":{"@id":"https:\/\/www.heddata.se\/webbutik\/produkt\/logitech-usb-headset-h340-headset-pa-orat-kabelansluten-981-000475\/#breadcrumb"},"inLanguage":"sv-SE","potentialAction":[{"@type":"ReadAction","target":["https:\/\/www.heddata.se\/webbutik\/produkt\/logitech-usb-headset-h340-headset-pa-orat-kabelansluten-981-000475\/"]}]},{"@type":"ImageObject","inLanguage":"sv-SE","@id":"https:\/\/www.heddata.se\/webbutik\/produkt\/logitech-usb-headset-h340-headset-pa-orat-kabelansluten-981-000475\/#primaryimage","url":"https:\/\/www.heddata.se\/webbutik\/wp-content\/uploads\/webbutik\/kategorier\/horlurar\/981-000475.jpg","contentUrl":"https:\/\/www.heddata.se\/webbutik\/wp-content\/uploads\/webbutik\/kategorier\/horlurar\/981-000475.jpg","width":1200,"height":1200,"caption":"Logitech USB Headset H340"},{"@type":"BreadcrumbList","@id":"https:\/\/www.heddata.se\/webbutik\/produkt\/logitech-usb-headset-h340-headset-pa-orat-kabelansluten-981-000475\/#breadcrumb","itemListElement":[{"@type":"ListItem","position":1,"name":"Hem","item":"https:\/\/www.heddata.se\/webbutik\/"},{"@type":"ListItem","position":2,"name":"Produkter","item":"https:\/\/www.heddata.se\/webbutik\/shop\/"},{"@type":"ListItem","position":3,"name":"Logitech USB Headset H340 &#8211; Headset &#8211; p\u00e5 \u00f6rat &#8211; kabelansluten 981-000475"}]},{"@type":"WebSite","@id":"https:\/\/www.heddata.se\/webbutik\/#website","url":"https:\/\/www.heddata.se\/webbutik\/","name":"Datorer, Skrivare, F\u00e4rgpatroner, Mobiltelefoner","description":"Kablar","publisher":{"@id":"https:\/\/www.heddata.se\/webbutik\/#organization"},"potentialAction":[{"@type":"SearchAction","target":{"@type":"EntryPoint","urlTemplate":"https:\/\/www.heddata.se\/webbutik\/?s={search_term_string}"},"query-input":{"@type":"PropertyValueSpecification","valueRequired":true,"valueName":"search_term_string"}}],"inLanguage":"sv-SE"},{"@type":"Organization","@id":"https:\/\/www.heddata.se\/webbutik\/#organization","name":"Heddata AB","url":"https:\/\/www.heddata.se\/webbutik\/","logo":{"@type":"ImageObject","inLanguage":"sv-SE","@id":"https:\/\/www.heddata.se\/webbutik\/#\/schema\/logo\/image\/","url":"https:\/\/www.heddata.se\/webbutik\/wp-content\/uploads\/logga\/heddata-ab-logga.png","contentUrl":"https:\/\/www.heddata.se\/webbutik\/wp-content\/uploads\/logga\/heddata-ab-logga.png","width":200,"height":64,"caption":"Heddata AB"},"image":{"@id":"https:\/\/www.heddata.se\/webbutik\/#\/schema\/logo\/image\/"}}]}},"_links":{"self":[{"href":"https:\/\/www.heddata.se\/webbutik\/wp-json\/wp\/v2\/product\/93246","targetHints":{"allow":["GET"]}}],"collection":[{"href":"https:\/\/www.heddata.se\/webbutik\/wp-json\/wp\/v2\/product"}],"about":[{"href":"https:\/\/www.heddata.se\/webbutik\/wp-json\/wp\/v2\/types\/product"}],"wp:featuredmedia":[{"embeddable":true,"href":"https:\/\/www.heddata.se\/webbutik\/wp-json\/wp\/v2\/media\/93250"}],"wp:attachment":[{"href":"https:\/\/www.heddata.se\/webbutik\/wp-json\/wp\/v2\/media?parent=93246"}],"wp:term":[{"taxonomy":"product_brand","embeddable":true,"href":"https:\/\/www.heddata.se\/webbutik\/wp-json\/wp\/v2\/product_brand?post=93246"},{"taxonomy":"product_cat","embeddable":true,"href":"https:\/\/www.heddata.se\/webbutik\/wp-json\/wp\/v2\/product_cat?post=93246"},{"taxonomy":"product_tag","embeddable":true,"href":"https:\/\/www.heddata.se\/webbutik\/wp-json\/wp\/v2\/product_tag?post=93246"}],"curies":[{"name":"wp","href":"https:\/\/api.w.org\/{rel}","templated":true}]}}