{"id":93088,"date":"2022-09-02T09:18:11","date_gmt":"2022-09-02T07:18:11","guid":{"rendered":"https:\/\/www.heddata.se\/webbutik\/?post_type=product&#038;p=93088"},"modified":"2026-04-03T18:29:20","modified_gmt":"2026-04-03T16:29:20","slug":"natdel-corsair-psu-cx750w-80-bronze-cp-9020061-eu","status":"publish","type":"product","link":"https:\/\/www.heddata.se\/webbutik\/produkt\/natdel-corsair-psu-cx750w-80-bronze-cp-9020061-eu\/","title":{"rendered":"N\u00e4tdel Corsair PSU CX750W 80+ Bronze CP-9020061-EU"},"content":{"rendered":"<h3>N\u00e4tdel Corsair PSU CX750W 80+ Bronze CP-9020061-EU<\/h3>\n<p>L\u00e5g ljudniv\u00e5. ATX. Enkel installation med modul\u00e4ra kablar.<\/p>\n<p><b>CX Series CX750M \u2014 750 Watt 80 PLUS\u00ae Bronze Certified Modular ATX PSU (2015 Edition)<\/b><br \/>\nCX Series Modular power supply units are an excellent choice for basic system builds and desktop <a href=\"https:\/\/www.heddata.se\/webbutik\/datorer\/\">PC<\/a> computer upgrades, offering high reliability, low noise, and the flexibility of modular cabling.<\/p>\n<p><b>PERFORMANCE, RELIABILITY, AND THE CONVENIENCE OF MODULAR CABLING FOR BASIC SYSTEM UPGRADES<\/b><br \/>\n<a href=\"https:\/\/www.corsair.com\/eu\/en\/\" target=\"_blank\" rel=\"noopener\">CX<\/a> Series Modular power supply units are an excellent choice for basic system builds and desktop PC computer upgrades, offering high reliability, low noise, and the flexibility of modular cabling.<\/p>\n<p><b>LOW NOISE<\/b><br \/>\n80 PLUS Bronze certified efficiency and clever fan design allow for little or no detectable fan noise during regular operation.<\/p>\n<h4><b>FASTER INSTALLATION AND BETTER-LOOKING BUILDS<\/b><br \/>\nThe modular cabling system lets you use only the cables you need. You get to save space and reduce clutter for a cleaner-looking build and improved airflow.<\/h4>\n<p><b>RELIABLE AND COMPATIBLE<\/b><br \/>\nCX Series Modular is built and tested to strict standards for trouble-free installation and smooth operation.<\/p>\n<p><b>GOOD LOOKS<\/b><br \/>\nThe matte black finish, black-sleeved cables and black connectors help give your system a restrained, high-tech look.<\/p>\n<p><b>CORSAIR ENGINEERING AND QUALITY CONTROL<\/b><br \/>\nEvery Corsair power supply is designed by our California engineering team and built to our exact specifications. The same care that goes into the design and testing of our renowned high-power enthusiast power supplies also goes into the CX Series Modular, because you need confidence and reliability regardless of your build budget.<\/p>\n<p><b>MODULAR CABLING SYSTEM<\/b><br \/>\nSince the peripheral power cables aren\u2019t hard-wired to the power supply, you can connect only the cables you need for your exact configuration of PCI-E cards and storage devices. The rest of the cables stay in the box, and not in your PC\u2019s case where they can add to the clutter and interfere with airflow.<\/p>\n<p>LARGE-DIAMETER, THERMALLY CONTROLLED FAN<br \/>\nOnce you\u2019ve installed a PSU, you shouldn\u2019t have to think about it. Employing a thermally controlled fan makes the CX Series Modular quieter at idle, and the large diameter reduces noise even when you\u2019re pushing your system hard.<\/p>\n","protected":false},"excerpt":{"rendered":"<p>N\u00e4tdel Corsair PSU CX750W 80+ Bronze CP-9020061-EU<\/p>\n","protected":false},"featured_media":93106,"template":"","meta":[],"product_brand":[],"product_cat":[67,6581,3366],"product_tag":[],"class_list":{"0":"post-93088","1":"product","2":"type-product","3":"status-publish","4":"has-post-thumbnail","6":"product_cat-komponenter","7":"product_cat-nataggregat","8":"product_cat-ovrigt-datortillbehor","10":"first","11":"outofstock","12":"taxable","13":"shipping-taxable","14":"product-type-simple"},"yoast_head":"<!-- This site is optimized with the Yoast SEO Premium plugin v26.7 (Yoast SEO v26.7) - https:\/\/yoast.com\/wordpress\/plugins\/seo\/ -->\n<title>N\u00e4tdel Corsair PSU CX750W 80+ Bronze CP-9020061-EU<\/title>\n<meta name=\"description\" content=\"N\u00e4tdel Corsair PSU CX750W 80+ Bronze CP-9020061-EU. L\u00e5g ljudniv\u00e5. ATX. Enkel installation med modul\u00e4ra kablar.\" \/>\n<meta name=\"robots\" content=\"index, follow, max-snippet:-1, max-image-preview:large, max-video-preview:-1\" \/>\n<link rel=\"canonical\" href=\"https:\/\/www.heddata.se\/webbutik\/produkt\/natdel-corsair-psu-cx750w-80-bronze-cp-9020061-eu\/\" \/>\n<meta property=\"og:locale\" content=\"sv_SE\" \/>\n<meta property=\"og:type\" content=\"article\" \/>\n<meta property=\"og:title\" content=\"N\u00e4tdel Corsair PSU CX750W 80+ Bronze CP-9020061-EU\" \/>\n<meta property=\"og:description\" content=\"N\u00e4tdel Corsair PSU CX750W 80+ Bronze CP-9020061-EU. L\u00e5g ljudniv\u00e5. ATX. Enkel installation med modul\u00e4ra kablar.\" \/>\n<meta property=\"og:url\" content=\"https:\/\/www.heddata.se\/webbutik\/produkt\/natdel-corsair-psu-cx750w-80-bronze-cp-9020061-eu\/\" \/>\n<meta property=\"og:site_name\" content=\"Datorer, Skrivare, F\u00e4rgpatroner, Mobiltelefoner\" \/>\n<meta property=\"article:modified_time\" content=\"2026-04-03T16:29:20+00:00\" \/>\n<meta property=\"og:image\" content=\"https:\/\/www.heddata.se\/webbutik\/wp-content\/uploads\/webbutik\/kategorier\/komponenter\/cp-9020061-eu.jpg\" \/>\n\t<meta property=\"og:image:width\" content=\"739\" \/>\n\t<meta property=\"og:image:height\" content=\"739\" \/>\n\t<meta property=\"og:image:type\" content=\"image\/jpeg\" \/>\n<meta name=\"twitter:card\" content=\"summary_large_image\" \/>\n<meta name=\"twitter:label1\" content=\"Ber\u00e4knad l\u00e4stid\" \/>\n\t<meta name=\"twitter:data1\" content=\"2 minuter\" \/>\n<script type=\"application\/ld+json\" class=\"yoast-schema-graph\">{\"@context\":\"https:\/\/schema.org\",\"@graph\":[{\"@type\":\"WebPage\",\"@id\":\"https:\/\/www.heddata.se\/webbutik\/produkt\/natdel-corsair-psu-cx750w-80-bronze-cp-9020061-eu\/\",\"url\":\"https:\/\/www.heddata.se\/webbutik\/produkt\/natdel-corsair-psu-cx750w-80-bronze-cp-9020061-eu\/\",\"name\":\"N\u00e4tdel Corsair PSU CX750W 80+ Bronze CP-9020061-EU\",\"isPartOf\":{\"@id\":\"https:\/\/www.heddata.se\/webbutik\/#website\"},\"primaryImageOfPage\":{\"@id\":\"https:\/\/www.heddata.se\/webbutik\/produkt\/natdel-corsair-psu-cx750w-80-bronze-cp-9020061-eu\/#primaryimage\"},\"image\":{\"@id\":\"https:\/\/www.heddata.se\/webbutik\/produkt\/natdel-corsair-psu-cx750w-80-bronze-cp-9020061-eu\/#primaryimage\"},\"thumbnailUrl\":\"https:\/\/www.heddata.se\/webbutik\/wp-content\/uploads\/webbutik\/kategorier\/komponenter\/cp-9020061-eu.jpg\",\"datePublished\":\"2022-09-02T07:18:11+00:00\",\"dateModified\":\"2026-04-03T16:29:20+00:00\",\"description\":\"N\u00e4tdel Corsair PSU CX750W 80+ Bronze CP-9020061-EU. L\u00e5g ljudniv\u00e5. ATX. Enkel installation med modul\u00e4ra kablar.\",\"breadcrumb\":{\"@id\":\"https:\/\/www.heddata.se\/webbutik\/produkt\/natdel-corsair-psu-cx750w-80-bronze-cp-9020061-eu\/#breadcrumb\"},\"inLanguage\":\"sv-SE\",\"potentialAction\":[{\"@type\":\"ReadAction\",\"target\":[\"https:\/\/www.heddata.se\/webbutik\/produkt\/natdel-corsair-psu-cx750w-80-bronze-cp-9020061-eu\/\"]}]},{\"@type\":\"ImageObject\",\"inLanguage\":\"sv-SE\",\"@id\":\"https:\/\/www.heddata.se\/webbutik\/produkt\/natdel-corsair-psu-cx750w-80-bronze-cp-9020061-eu\/#primaryimage\",\"url\":\"https:\/\/www.heddata.se\/webbutik\/wp-content\/uploads\/webbutik\/kategorier\/komponenter\/cp-9020061-eu.jpg\",\"contentUrl\":\"https:\/\/www.heddata.se\/webbutik\/wp-content\/uploads\/webbutik\/kategorier\/komponenter\/cp-9020061-eu.jpg\",\"width\":739,\"height\":739,\"caption\":\"N\u00e4tdel Corsair PSU CX750W\"},{\"@type\":\"BreadcrumbList\",\"@id\":\"https:\/\/www.heddata.se\/webbutik\/produkt\/natdel-corsair-psu-cx750w-80-bronze-cp-9020061-eu\/#breadcrumb\",\"itemListElement\":[{\"@type\":\"ListItem\",\"position\":1,\"name\":\"Hem\",\"item\":\"https:\/\/www.heddata.se\/webbutik\/\"},{\"@type\":\"ListItem\",\"position\":2,\"name\":\"Produkter\",\"item\":\"https:\/\/www.heddata.se\/webbutik\/shop\/\"},{\"@type\":\"ListItem\",\"position\":3,\"name\":\"N\u00e4tdel Corsair PSU CX750W 80+ Bronze CP-9020061-EU\"}]},{\"@type\":\"WebSite\",\"@id\":\"https:\/\/www.heddata.se\/webbutik\/#website\",\"url\":\"https:\/\/www.heddata.se\/webbutik\/\",\"name\":\"Datorer, Skrivare, F\u00e4rgpatroner, Mobiltelefoner\",\"description\":\"Kablar\",\"publisher\":{\"@id\":\"https:\/\/www.heddata.se\/webbutik\/#organization\"},\"potentialAction\":[{\"@type\":\"SearchAction\",\"target\":{\"@type\":\"EntryPoint\",\"urlTemplate\":\"https:\/\/www.heddata.se\/webbutik\/?s={search_term_string}\"},\"query-input\":{\"@type\":\"PropertyValueSpecification\",\"valueRequired\":true,\"valueName\":\"search_term_string\"}}],\"inLanguage\":\"sv-SE\"},{\"@type\":\"Organization\",\"@id\":\"https:\/\/www.heddata.se\/webbutik\/#organization\",\"name\":\"Heddata AB\",\"url\":\"https:\/\/www.heddata.se\/webbutik\/\",\"logo\":{\"@type\":\"ImageObject\",\"inLanguage\":\"sv-SE\",\"@id\":\"https:\/\/www.heddata.se\/webbutik\/#\/schema\/logo\/image\/\",\"url\":\"https:\/\/www.heddata.se\/webbutik\/wp-content\/uploads\/logga\/heddata-ab-logga.png\",\"contentUrl\":\"https:\/\/www.heddata.se\/webbutik\/wp-content\/uploads\/logga\/heddata-ab-logga.png\",\"width\":200,\"height\":64,\"caption\":\"Heddata AB\"},\"image\":{\"@id\":\"https:\/\/www.heddata.se\/webbutik\/#\/schema\/logo\/image\/\"}}]}<\/script>\n<!-- \/ Yoast SEO Premium plugin. -->","yoast_head_json":{"title":"N\u00e4tdel Corsair PSU CX750W 80+ Bronze CP-9020061-EU","description":"N\u00e4tdel Corsair PSU CX750W 80+ Bronze CP-9020061-EU. L\u00e5g ljudniv\u00e5. ATX. Enkel installation med modul\u00e4ra kablar.","robots":{"index":"index","follow":"follow","max-snippet":"max-snippet:-1","max-image-preview":"max-image-preview:large","max-video-preview":"max-video-preview:-1"},"canonical":"https:\/\/www.heddata.se\/webbutik\/produkt\/natdel-corsair-psu-cx750w-80-bronze-cp-9020061-eu\/","og_locale":"sv_SE","og_type":"article","og_title":"N\u00e4tdel Corsair PSU CX750W 80+ Bronze CP-9020061-EU","og_description":"N\u00e4tdel Corsair PSU CX750W 80+ Bronze CP-9020061-EU. L\u00e5g ljudniv\u00e5. ATX. Enkel installation med modul\u00e4ra kablar.","og_url":"https:\/\/www.heddata.se\/webbutik\/produkt\/natdel-corsair-psu-cx750w-80-bronze-cp-9020061-eu\/","og_site_name":"Datorer, Skrivare, F\u00e4rgpatroner, Mobiltelefoner","article_modified_time":"2026-04-03T16:29:20+00:00","og_image":[{"width":739,"height":739,"url":"https:\/\/www.heddata.se\/webbutik\/wp-content\/uploads\/webbutik\/kategorier\/komponenter\/cp-9020061-eu.jpg","type":"image\/jpeg"}],"twitter_card":"summary_large_image","twitter_misc":{"Ber\u00e4knad l\u00e4stid":"2 minuter"},"schema":{"@context":"https:\/\/schema.org","@graph":[{"@type":"WebPage","@id":"https:\/\/www.heddata.se\/webbutik\/produkt\/natdel-corsair-psu-cx750w-80-bronze-cp-9020061-eu\/","url":"https:\/\/www.heddata.se\/webbutik\/produkt\/natdel-corsair-psu-cx750w-80-bronze-cp-9020061-eu\/","name":"N\u00e4tdel Corsair PSU CX750W 80+ Bronze CP-9020061-EU","isPartOf":{"@id":"https:\/\/www.heddata.se\/webbutik\/#website"},"primaryImageOfPage":{"@id":"https:\/\/www.heddata.se\/webbutik\/produkt\/natdel-corsair-psu-cx750w-80-bronze-cp-9020061-eu\/#primaryimage"},"image":{"@id":"https:\/\/www.heddata.se\/webbutik\/produkt\/natdel-corsair-psu-cx750w-80-bronze-cp-9020061-eu\/#primaryimage"},"thumbnailUrl":"https:\/\/www.heddata.se\/webbutik\/wp-content\/uploads\/webbutik\/kategorier\/komponenter\/cp-9020061-eu.jpg","datePublished":"2022-09-02T07:18:11+00:00","dateModified":"2026-04-03T16:29:20+00:00","description":"N\u00e4tdel Corsair PSU CX750W 80+ Bronze CP-9020061-EU. L\u00e5g ljudniv\u00e5. ATX. Enkel installation med modul\u00e4ra kablar.","breadcrumb":{"@id":"https:\/\/www.heddata.se\/webbutik\/produkt\/natdel-corsair-psu-cx750w-80-bronze-cp-9020061-eu\/#breadcrumb"},"inLanguage":"sv-SE","potentialAction":[{"@type":"ReadAction","target":["https:\/\/www.heddata.se\/webbutik\/produkt\/natdel-corsair-psu-cx750w-80-bronze-cp-9020061-eu\/"]}]},{"@type":"ImageObject","inLanguage":"sv-SE","@id":"https:\/\/www.heddata.se\/webbutik\/produkt\/natdel-corsair-psu-cx750w-80-bronze-cp-9020061-eu\/#primaryimage","url":"https:\/\/www.heddata.se\/webbutik\/wp-content\/uploads\/webbutik\/kategorier\/komponenter\/cp-9020061-eu.jpg","contentUrl":"https:\/\/www.heddata.se\/webbutik\/wp-content\/uploads\/webbutik\/kategorier\/komponenter\/cp-9020061-eu.jpg","width":739,"height":739,"caption":"N\u00e4tdel Corsair PSU CX750W"},{"@type":"BreadcrumbList","@id":"https:\/\/www.heddata.se\/webbutik\/produkt\/natdel-corsair-psu-cx750w-80-bronze-cp-9020061-eu\/#breadcrumb","itemListElement":[{"@type":"ListItem","position":1,"name":"Hem","item":"https:\/\/www.heddata.se\/webbutik\/"},{"@type":"ListItem","position":2,"name":"Produkter","item":"https:\/\/www.heddata.se\/webbutik\/shop\/"},{"@type":"ListItem","position":3,"name":"N\u00e4tdel Corsair PSU CX750W 80+ Bronze CP-9020061-EU"}]},{"@type":"WebSite","@id":"https:\/\/www.heddata.se\/webbutik\/#website","url":"https:\/\/www.heddata.se\/webbutik\/","name":"Datorer, Skrivare, F\u00e4rgpatroner, Mobiltelefoner","description":"Kablar","publisher":{"@id":"https:\/\/www.heddata.se\/webbutik\/#organization"},"potentialAction":[{"@type":"SearchAction","target":{"@type":"EntryPoint","urlTemplate":"https:\/\/www.heddata.se\/webbutik\/?s={search_term_string}"},"query-input":{"@type":"PropertyValueSpecification","valueRequired":true,"valueName":"search_term_string"}}],"inLanguage":"sv-SE"},{"@type":"Organization","@id":"https:\/\/www.heddata.se\/webbutik\/#organization","name":"Heddata AB","url":"https:\/\/www.heddata.se\/webbutik\/","logo":{"@type":"ImageObject","inLanguage":"sv-SE","@id":"https:\/\/www.heddata.se\/webbutik\/#\/schema\/logo\/image\/","url":"https:\/\/www.heddata.se\/webbutik\/wp-content\/uploads\/logga\/heddata-ab-logga.png","contentUrl":"https:\/\/www.heddata.se\/webbutik\/wp-content\/uploads\/logga\/heddata-ab-logga.png","width":200,"height":64,"caption":"Heddata AB"},"image":{"@id":"https:\/\/www.heddata.se\/webbutik\/#\/schema\/logo\/image\/"}}]}},"_links":{"self":[{"href":"https:\/\/www.heddata.se\/webbutik\/wp-json\/wp\/v2\/product\/93088","targetHints":{"allow":["GET"]}}],"collection":[{"href":"https:\/\/www.heddata.se\/webbutik\/wp-json\/wp\/v2\/product"}],"about":[{"href":"https:\/\/www.heddata.se\/webbutik\/wp-json\/wp\/v2\/types\/product"}],"wp:featuredmedia":[{"embeddable":true,"href":"https:\/\/www.heddata.se\/webbutik\/wp-json\/wp\/v2\/media\/93106"}],"wp:attachment":[{"href":"https:\/\/www.heddata.se\/webbutik\/wp-json\/wp\/v2\/media?parent=93088"}],"wp:term":[{"taxonomy":"product_brand","embeddable":true,"href":"https:\/\/www.heddata.se\/webbutik\/wp-json\/wp\/v2\/product_brand?post=93088"},{"taxonomy":"product_cat","embeddable":true,"href":"https:\/\/www.heddata.se\/webbutik\/wp-json\/wp\/v2\/product_cat?post=93088"},{"taxonomy":"product_tag","embeddable":true,"href":"https:\/\/www.heddata.se\/webbutik\/wp-json\/wp\/v2\/product_tag?post=93088"}],"curies":[{"name":"wp","href":"https:\/\/api.w.org\/{rel}","templated":true}]}}