{"id":93058,"date":"2022-08-17T11:18:05","date_gmt":"2022-08-17T09:18:05","guid":{"rendered":"https:\/\/www.heddata.se\/webbutik\/?post_type=product&#038;p=93058"},"modified":"2026-04-09T11:28:49","modified_gmt":"2026-04-09T09:28:49","slug":"doro-vikbar-knapptelefon-6821-4g-svart-vit","status":"publish","type":"product","link":"https:\/\/www.heddata.se\/webbutik\/produkt\/doro-vikbar-knapptelefon-6821-4g-svart-vit\/","title":{"rendered":"DORO vikbar knapptelefon 6821 4G Svart\/Vit"},"content":{"rendered":"<p>DORO vikbar knapptelefon 6821 4G Svart\/Vit<\/p>\n<p><strong>Snygg, vikbar telefon f\u00f6r tydliga samtal<\/p>\n<p><\/strong>H\u00f6r b\u00e4ttre tack vare h\u00f6gt och tydligt ljud<br \/>\nSe b\u00e4ttre p\u00e5 den stora och l\u00e4ttl\u00e4sta sk\u00e4rmen<br \/>\nK\u00e4nn dig tryggare med trygghetsknappen<\/p>\n<p>Doro 6821 \u00e4r ett utm\u00e4rkt val f\u00f6r seniorer som vill ha enkel anv\u00e4ndning och fantastiskt ljud i en elegant, vikbar design.<br \/>\nEnklare att <a href=\"https:\/\/www.heddata.se\/webbutik\/telefon-surfplattor\/mobiltelefoner\/\">ringa,<\/a> skicka SMS och ta bilder tack vare de separerade knapparna med h\u00f6g kontrast och en stor 2,8-tumssk\u00e4rm. Andra funktioner inkluderar tydligare samtal\u00a0med HD-r\u00f6st, mjuk yta f\u00f6r ett s\u00e4krare grepp och praktiska\u00a0genv\u00e4gsknappar till b\u00e5de kamera och meddelanden.<\/p>\n<p>Telefonen har ocks\u00e5 en trygghetsknapp som du kan anv\u00e4nda f\u00f6r att skicka ett larm till upp till fem betrodda v\u00e4nner eller\u00a0sl\u00e4ktingar om hj\u00e4lp beh\u00f6vs. Och naturligtvis \u00e4r den\u00a0kompatibel med h\u00f6rapparater (HAC).<\/p>\n<h4><a href=\"https:\/\/www.doro.com\/sv-se\/\" target=\"_blank\" rel=\"noopener\"><strong>Specifikation:<\/strong><\/a><\/h4>\n<table class=\"data-table\">\n<tbody>\n<tr class=\"odd\">\n<td class=\"spec-name\">2G-band<\/td>\n<td class=\"spec-value\">900 GSM, 1800 GSM, 1900 GSM<\/td>\n<\/tr>\n<tr class=\"even\">\n<td class=\"spec-name\">3G UMTS-band<\/td>\n<td class=\"spec-value\">Band 1, Band 8<\/td>\n<\/tr>\n<tr class=\"odd\">\n<td class=\"spec-name\">3G UMTS-frekvens<\/td>\n<td class=\"spec-value\">2100, 900<\/td>\n<\/tr>\n<tr class=\"even\">\n<td class=\"spec-name\">4G LTE-band<\/td>\n<td class=\"spec-value\">Band 1, Band 3, Band 7, Band 8, Band 20, Band 28, Band 38<\/td>\n<\/tr>\n<tr class=\"odd\">\n<td class=\"spec-name\">4G LTE-frekvens<\/td>\n<td class=\"spec-value\">FDD 2100, FDD 1800+, FDD 2600, FDD 900, FDD 800 DD, FDD 700 APT, TDD 2600<\/td>\n<\/tr>\n<tr class=\"even\">\n<td class=\"spec-name\">Anslutningstyp<\/td>\n<td class=\"spec-value\">Utg\u00e5ng f\u00f6r headset &#8211; minih\u00f6rlurskontakt 3,5 mm<\/td>\n<\/tr>\n<tr class=\"odd\">\n<td class=\"spec-name\">Antal SIM-kort<\/td>\n<td class=\"spec-value\">Ett SIM<\/td>\n<\/tr>\n<tr class=\"even\">\n<td class=\"spec-name\">Bildsk\u00e4rmsuppl\u00f6sning<\/td>\n<td class=\"spec-value\">320 x 240 pixlar<\/td>\n<\/tr>\n<tr class=\"odd\">\n<td class=\"spec-name\">Bredd<\/td>\n<td class=\"spec-value\">56 mm<\/td>\n<\/tr>\n<tr class=\"even\">\n<td class=\"spec-name\">Data\u00f6verf\u00f6ring<\/td>\n<td class=\"spec-value\">HSDPA, HSUPA, VoLTE, FDD-LTE, TDD-LTE<\/td>\n<\/tr>\n<tr class=\"odd\">\n<td class=\"spec-name\">Djup<\/td>\n<td class=\"spec-value\">20 mm<\/td>\n<\/tr>\n<tr class=\"even\">\n<td class=\"spec-name\">Flash-minneskort som st\u00f6ds<\/td>\n<td class=\"spec-value\">MicroSDHC, microSD, microSDXC &#8211; upp till 128 GB<\/td>\n<\/tr>\n<tr class=\"odd\">\n<td class=\"spec-name\">Formfaktor<\/td>\n<td class=\"spec-value\">Viktelefon<\/td>\n<\/tr>\n<tr class=\"even\">\n<td class=\"spec-name\">F\u00e4rg<\/td>\n<td class=\"spec-value\">Svart och vit<\/td>\n<\/tr>\n<tr class=\"odd\">\n<td class=\"spec-name\">Generationen mobilt bredband<\/td>\n<td class=\"spec-value\">4G<\/td>\n<\/tr>\n<tr class=\"even\">\n<td class=\"spec-name\">H\u00f6jd<\/td>\n<td class=\"spec-value\">107 mm<\/td>\n<\/tr>\n<tr class=\"odd\">\n<td class=\"spec-name\">Inbyggda komponenter<\/td>\n<td class=\"spec-value\">LED-ficklampa<\/td>\n<\/tr>\n<tr class=\"even\">\n<td class=\"spec-name\">Meddelandetj\u00e4nster<\/td>\n<td class=\"spec-value\">SMS, MMS<\/td>\n<\/tr>\n<tr class=\"odd\">\n<td class=\"spec-name\">Operativsystem<\/td>\n<td class=\"spec-value\">Mocor OS<\/td>\n<\/tr>\n<tr class=\"even\">\n<td class=\"spec-name\">Processornummer<\/td>\n<td class=\"spec-value\">UMS9117<\/td>\n<\/tr>\n<tr class=\"odd\">\n<td class=\"spec-name\">Runtime-detaljer<\/td>\n<td class=\"spec-value\">Tala: upp till 420 min \u00a6 V\u00e4ntel\u00e4ge: upp till 380 timmar<\/td>\n<\/tr>\n<tr class=\"even\">\n<td class=\"spec-name\">Samtalstid<\/td>\n<td class=\"spec-value\">420 minuter<\/td>\n<\/tr>\n<tr class=\"odd\">\n<td class=\"spec-name\">SAR-v\u00e4rde<\/td>\n<td class=\"spec-value\">1,463 W\/kg (kropp), 0,931 W\/kg (huvud), 2,947 W\/kg (lem)<\/td>\n<\/tr>\n<tr class=\"even\">\n<td class=\"spec-name\">Sensoruppl\u00f6sning<\/td>\n<td class=\"spec-value\">2 megapixlar<\/td>\n<\/tr>\n<tr class=\"odd\">\n<td class=\"spec-name\">Service och support<\/td>\n<td class=\"spec-value\">Begr\u00e4nsad garanti &#8211; 2 \u00e5r<\/td>\n<\/tr>\n<tr class=\"even\">\n<td class=\"spec-name\">Serviceleverant\u00f6r<\/td>\n<td class=\"spec-value\">Inte specificerad<\/td>\n<\/tr>\n<tr class=\"odd\">\n<td class=\"spec-name\">SIM-korttyp<\/td>\n<td class=\"spec-value\">Mikro-SIM<\/td>\n<\/tr>\n<tr class=\"even\">\n<td class=\"spec-name\">Standarder som f\u00f6ljs<\/td>\n<td class=\"spec-value\">HEARING AID M4\/T4<\/td>\n<\/tr>\n<tr class=\"odd\">\n<td class=\"spec-name\">Teknik<\/td>\n<td class=\"spec-value\">Litiumjon<\/td>\n<\/tr>\n<tr class=\"even\">\n<td class=\"spec-name\">Teknik<\/td>\n<td class=\"spec-value\">WCDMA (UMTS) \/ GSM<\/td>\n<\/tr>\n<tr class=\"odd\">\n<td class=\"spec-name\">Tr\u00e5dl\u00f6st gr\u00e4nssnitt<\/td>\n<td class=\"spec-value\">Bluetooth 5.0<\/td>\n<\/tr>\n<tr class=\"even\">\n<td class=\"spec-name\">Typ<\/td>\n<td class=\"spec-value\">Unisoc<\/td>\n<\/tr>\n<tr class=\"odd\">\n<td class=\"spec-name\">Typ av produkt<\/td>\n<td class=\"spec-value\">Funktionstelefon<\/td>\n<\/tr>\n<tr class=\"even\">\n<td class=\"spec-name\">Vikt<\/td>\n<td class=\"spec-value\">117 g<\/td>\n<\/tr>\n<tr class=\"odd\">\n<td class=\"spec-name\">Visningsformat<\/td>\n<td class=\"spec-value\">QVGA<\/td>\n<\/tr>\n<tr class=\"even\">\n<td class=\"spec-name\">V\u00e4ntel\u00e4gestid<\/td>\n<td class=\"spec-value\">380 timmar<\/td>\n<\/tr>\n<tr class=\"odd\">\n<td class=\"spec-name\">Ytterligare funktioner<\/td>\n<td class=\"spec-value\">HD Voice, ICE-funktion (In Case of Emergency), v\u00e4ckarklocka<\/td>\n<\/tr>\n<\/tbody>\n<\/table>\n","protected":false},"excerpt":{"rendered":"<p>DORO vikbar knapptelefon 6821 4G Svart\/Vit<\/p>\n","protected":false},"featured_media":93060,"template":"","meta":[],"product_brand":[],"product_cat":[6010,106,103,63],"product_tag":[],"class_list":{"0":"post-93058","1":"product","2":"type-product","3":"status-publish","4":"has-post-thumbnail","6":"product_cat-mobiltelefon-knapp","7":"product_cat-mobiltelefoner","8":"product_cat-telefoner","9":"product_cat-telefoner-surfplattor","11":"first","12":"outofstock","13":"taxable","14":"shipping-taxable","15":"product-type-simple"},"yoast_head":"<!-- This site is optimized with the Yoast SEO Premium plugin v26.7 (Yoast SEO v26.7) - https:\/\/yoast.com\/wordpress\/plugins\/seo\/ -->\n<title>DORO vikbar knapptelefon 6821 4G Svart\/Vit f\u00f6r tydliga samtal och enkel<\/title>\n<meta name=\"description\" content=\"DORO vikbar knapptelefon 6821 4G Svart\/Vit \u00e4r ett utm\u00e4rkt val f\u00f6r seniorer som vill ha enkel anv\u00e4ndning och fantastiskt ljud i vikbar design.\" \/>\n<meta name=\"robots\" content=\"index, follow, max-snippet:-1, max-image-preview:large, max-video-preview:-1\" \/>\n<link rel=\"canonical\" href=\"https:\/\/www.heddata.se\/webbutik\/produkt\/doro-vikbar-knapptelefon-6821-4g-svart-vit\/\" \/>\n<meta property=\"og:locale\" content=\"sv_SE\" \/>\n<meta property=\"og:type\" content=\"article\" \/>\n<meta property=\"og:title\" content=\"DORO vikbar knapptelefon 6821 4G Svart\/Vit\" \/>\n<meta property=\"og:description\" content=\"DORO vikbar knapptelefon 6821 4G Svart\/Vit \u00e4r ett utm\u00e4rkt val f\u00f6r seniorer som vill ha enkel anv\u00e4ndning och fantastiskt ljud i vikbar design.\" \/>\n<meta property=\"og:url\" content=\"https:\/\/www.heddata.se\/webbutik\/produkt\/doro-vikbar-knapptelefon-6821-4g-svart-vit\/\" \/>\n<meta property=\"og:site_name\" content=\"Datorer, Skrivare, F\u00e4rgpatroner, Mobiltelefoner\" \/>\n<meta property=\"article:modified_time\" content=\"2026-04-09T09:28:49+00:00\" \/>\n<meta property=\"og:image\" content=\"https:\/\/www.heddata.se\/webbutik\/wp-content\/uploads\/webbutik\/kategorier\/mobiltelefoner-surfplattor\/8195.jpg\" \/>\n\t<meta property=\"og:image:width\" content=\"1295\" \/>\n\t<meta property=\"og:image:height\" content=\"1295\" \/>\n\t<meta property=\"og:image:type\" content=\"image\/jpeg\" \/>\n<meta name=\"twitter:card\" content=\"summary_large_image\" \/>\n<meta name=\"twitter:label1\" content=\"Ber\u00e4knad l\u00e4stid\" \/>\n\t<meta name=\"twitter:data1\" content=\"2 minuter\" \/>\n<script type=\"application\/ld+json\" class=\"yoast-schema-graph\">{\"@context\":\"https:\/\/schema.org\",\"@graph\":[{\"@type\":\"WebPage\",\"@id\":\"https:\/\/www.heddata.se\/webbutik\/produkt\/doro-vikbar-knapptelefon-6821-4g-svart-vit\/\",\"url\":\"https:\/\/www.heddata.se\/webbutik\/produkt\/doro-vikbar-knapptelefon-6821-4g-svart-vit\/\",\"name\":\"DORO vikbar knapptelefon 6821 4G Svart\/Vit f\u00f6r tydliga samtal och enkel\",\"isPartOf\":{\"@id\":\"https:\/\/www.heddata.se\/webbutik\/#website\"},\"primaryImageOfPage\":{\"@id\":\"https:\/\/www.heddata.se\/webbutik\/produkt\/doro-vikbar-knapptelefon-6821-4g-svart-vit\/#primaryimage\"},\"image\":{\"@id\":\"https:\/\/www.heddata.se\/webbutik\/produkt\/doro-vikbar-knapptelefon-6821-4g-svart-vit\/#primaryimage\"},\"thumbnailUrl\":\"https:\/\/www.heddata.se\/webbutik\/wp-content\/uploads\/webbutik\/kategorier\/mobiltelefoner-surfplattor\/8195.jpg\",\"datePublished\":\"2022-08-17T09:18:05+00:00\",\"dateModified\":\"2026-04-09T09:28:49+00:00\",\"description\":\"DORO vikbar knapptelefon 6821 4G Svart\/Vit \u00e4r ett utm\u00e4rkt val f\u00f6r seniorer som vill ha enkel anv\u00e4ndning och fantastiskt ljud i vikbar design.\",\"breadcrumb\":{\"@id\":\"https:\/\/www.heddata.se\/webbutik\/produkt\/doro-vikbar-knapptelefon-6821-4g-svart-vit\/#breadcrumb\"},\"inLanguage\":\"sv-SE\",\"potentialAction\":[{\"@type\":\"ReadAction\",\"target\":[\"https:\/\/www.heddata.se\/webbutik\/produkt\/doro-vikbar-knapptelefon-6821-4g-svart-vit\/\"]}]},{\"@type\":\"ImageObject\",\"inLanguage\":\"sv-SE\",\"@id\":\"https:\/\/www.heddata.se\/webbutik\/produkt\/doro-vikbar-knapptelefon-6821-4g-svart-vit\/#primaryimage\",\"url\":\"https:\/\/www.heddata.se\/webbutik\/wp-content\/uploads\/webbutik\/kategorier\/mobiltelefoner-surfplattor\/8195.jpg\",\"contentUrl\":\"https:\/\/www.heddata.se\/webbutik\/wp-content\/uploads\/webbutik\/kategorier\/mobiltelefoner-surfplattor\/8195.jpg\",\"width\":1295,\"height\":1295,\"caption\":\"DORO vikbar knapptelefon 6821\"},{\"@type\":\"BreadcrumbList\",\"@id\":\"https:\/\/www.heddata.se\/webbutik\/produkt\/doro-vikbar-knapptelefon-6821-4g-svart-vit\/#breadcrumb\",\"itemListElement\":[{\"@type\":\"ListItem\",\"position\":1,\"name\":\"Hem\",\"item\":\"https:\/\/www.heddata.se\/webbutik\/\"},{\"@type\":\"ListItem\",\"position\":2,\"name\":\"Produkter\",\"item\":\"https:\/\/www.heddata.se\/webbutik\/shop\/\"},{\"@type\":\"ListItem\",\"position\":3,\"name\":\"DORO vikbar knapptelefon 6821 4G Svart\/Vit\"}]},{\"@type\":\"WebSite\",\"@id\":\"https:\/\/www.heddata.se\/webbutik\/#website\",\"url\":\"https:\/\/www.heddata.se\/webbutik\/\",\"name\":\"Datorer, Skrivare, F\u00e4rgpatroner, Mobiltelefoner\",\"description\":\"Kablar\",\"publisher\":{\"@id\":\"https:\/\/www.heddata.se\/webbutik\/#organization\"},\"potentialAction\":[{\"@type\":\"SearchAction\",\"target\":{\"@type\":\"EntryPoint\",\"urlTemplate\":\"https:\/\/www.heddata.se\/webbutik\/?s={search_term_string}\"},\"query-input\":{\"@type\":\"PropertyValueSpecification\",\"valueRequired\":true,\"valueName\":\"search_term_string\"}}],\"inLanguage\":\"sv-SE\"},{\"@type\":\"Organization\",\"@id\":\"https:\/\/www.heddata.se\/webbutik\/#organization\",\"name\":\"Heddata AB\",\"url\":\"https:\/\/www.heddata.se\/webbutik\/\",\"logo\":{\"@type\":\"ImageObject\",\"inLanguage\":\"sv-SE\",\"@id\":\"https:\/\/www.heddata.se\/webbutik\/#\/schema\/logo\/image\/\",\"url\":\"https:\/\/www.heddata.se\/webbutik\/wp-content\/uploads\/logga\/heddata-ab-logga.png\",\"contentUrl\":\"https:\/\/www.heddata.se\/webbutik\/wp-content\/uploads\/logga\/heddata-ab-logga.png\",\"width\":200,\"height\":64,\"caption\":\"Heddata AB\"},\"image\":{\"@id\":\"https:\/\/www.heddata.se\/webbutik\/#\/schema\/logo\/image\/\"}}]}<\/script>\n<!-- \/ Yoast SEO Premium plugin. -->","yoast_head_json":{"title":"DORO vikbar knapptelefon 6821 4G Svart\/Vit f\u00f6r tydliga samtal och enkel","description":"DORO vikbar knapptelefon 6821 4G Svart\/Vit \u00e4r ett utm\u00e4rkt val f\u00f6r seniorer som vill ha enkel anv\u00e4ndning och fantastiskt ljud i vikbar design.","robots":{"index":"index","follow":"follow","max-snippet":"max-snippet:-1","max-image-preview":"max-image-preview:large","max-video-preview":"max-video-preview:-1"},"canonical":"https:\/\/www.heddata.se\/webbutik\/produkt\/doro-vikbar-knapptelefon-6821-4g-svart-vit\/","og_locale":"sv_SE","og_type":"article","og_title":"DORO vikbar knapptelefon 6821 4G Svart\/Vit","og_description":"DORO vikbar knapptelefon 6821 4G Svart\/Vit \u00e4r ett utm\u00e4rkt val f\u00f6r seniorer som vill ha enkel anv\u00e4ndning och fantastiskt ljud i vikbar design.","og_url":"https:\/\/www.heddata.se\/webbutik\/produkt\/doro-vikbar-knapptelefon-6821-4g-svart-vit\/","og_site_name":"Datorer, Skrivare, F\u00e4rgpatroner, Mobiltelefoner","article_modified_time":"2026-04-09T09:28:49+00:00","og_image":[{"width":1295,"height":1295,"url":"https:\/\/www.heddata.se\/webbutik\/wp-content\/uploads\/webbutik\/kategorier\/mobiltelefoner-surfplattor\/8195.jpg","type":"image\/jpeg"}],"twitter_card":"summary_large_image","twitter_misc":{"Ber\u00e4knad l\u00e4stid":"2 minuter"},"schema":{"@context":"https:\/\/schema.org","@graph":[{"@type":"WebPage","@id":"https:\/\/www.heddata.se\/webbutik\/produkt\/doro-vikbar-knapptelefon-6821-4g-svart-vit\/","url":"https:\/\/www.heddata.se\/webbutik\/produkt\/doro-vikbar-knapptelefon-6821-4g-svart-vit\/","name":"DORO vikbar knapptelefon 6821 4G Svart\/Vit f\u00f6r tydliga samtal och enkel","isPartOf":{"@id":"https:\/\/www.heddata.se\/webbutik\/#website"},"primaryImageOfPage":{"@id":"https:\/\/www.heddata.se\/webbutik\/produkt\/doro-vikbar-knapptelefon-6821-4g-svart-vit\/#primaryimage"},"image":{"@id":"https:\/\/www.heddata.se\/webbutik\/produkt\/doro-vikbar-knapptelefon-6821-4g-svart-vit\/#primaryimage"},"thumbnailUrl":"https:\/\/www.heddata.se\/webbutik\/wp-content\/uploads\/webbutik\/kategorier\/mobiltelefoner-surfplattor\/8195.jpg","datePublished":"2022-08-17T09:18:05+00:00","dateModified":"2026-04-09T09:28:49+00:00","description":"DORO vikbar knapptelefon 6821 4G Svart\/Vit \u00e4r ett utm\u00e4rkt val f\u00f6r seniorer som vill ha enkel anv\u00e4ndning och fantastiskt ljud i vikbar design.","breadcrumb":{"@id":"https:\/\/www.heddata.se\/webbutik\/produkt\/doro-vikbar-knapptelefon-6821-4g-svart-vit\/#breadcrumb"},"inLanguage":"sv-SE","potentialAction":[{"@type":"ReadAction","target":["https:\/\/www.heddata.se\/webbutik\/produkt\/doro-vikbar-knapptelefon-6821-4g-svart-vit\/"]}]},{"@type":"ImageObject","inLanguage":"sv-SE","@id":"https:\/\/www.heddata.se\/webbutik\/produkt\/doro-vikbar-knapptelefon-6821-4g-svart-vit\/#primaryimage","url":"https:\/\/www.heddata.se\/webbutik\/wp-content\/uploads\/webbutik\/kategorier\/mobiltelefoner-surfplattor\/8195.jpg","contentUrl":"https:\/\/www.heddata.se\/webbutik\/wp-content\/uploads\/webbutik\/kategorier\/mobiltelefoner-surfplattor\/8195.jpg","width":1295,"height":1295,"caption":"DORO vikbar knapptelefon 6821"},{"@type":"BreadcrumbList","@id":"https:\/\/www.heddata.se\/webbutik\/produkt\/doro-vikbar-knapptelefon-6821-4g-svart-vit\/#breadcrumb","itemListElement":[{"@type":"ListItem","position":1,"name":"Hem","item":"https:\/\/www.heddata.se\/webbutik\/"},{"@type":"ListItem","position":2,"name":"Produkter","item":"https:\/\/www.heddata.se\/webbutik\/shop\/"},{"@type":"ListItem","position":3,"name":"DORO vikbar knapptelefon 6821 4G Svart\/Vit"}]},{"@type":"WebSite","@id":"https:\/\/www.heddata.se\/webbutik\/#website","url":"https:\/\/www.heddata.se\/webbutik\/","name":"Datorer, Skrivare, F\u00e4rgpatroner, Mobiltelefoner","description":"Kablar","publisher":{"@id":"https:\/\/www.heddata.se\/webbutik\/#organization"},"potentialAction":[{"@type":"SearchAction","target":{"@type":"EntryPoint","urlTemplate":"https:\/\/www.heddata.se\/webbutik\/?s={search_term_string}"},"query-input":{"@type":"PropertyValueSpecification","valueRequired":true,"valueName":"search_term_string"}}],"inLanguage":"sv-SE"},{"@type":"Organization","@id":"https:\/\/www.heddata.se\/webbutik\/#organization","name":"Heddata AB","url":"https:\/\/www.heddata.se\/webbutik\/","logo":{"@type":"ImageObject","inLanguage":"sv-SE","@id":"https:\/\/www.heddata.se\/webbutik\/#\/schema\/logo\/image\/","url":"https:\/\/www.heddata.se\/webbutik\/wp-content\/uploads\/logga\/heddata-ab-logga.png","contentUrl":"https:\/\/www.heddata.se\/webbutik\/wp-content\/uploads\/logga\/heddata-ab-logga.png","width":200,"height":64,"caption":"Heddata AB"},"image":{"@id":"https:\/\/www.heddata.se\/webbutik\/#\/schema\/logo\/image\/"}}]}},"_links":{"self":[{"href":"https:\/\/www.heddata.se\/webbutik\/wp-json\/wp\/v2\/product\/93058","targetHints":{"allow":["GET"]}}],"collection":[{"href":"https:\/\/www.heddata.se\/webbutik\/wp-json\/wp\/v2\/product"}],"about":[{"href":"https:\/\/www.heddata.se\/webbutik\/wp-json\/wp\/v2\/types\/product"}],"wp:featuredmedia":[{"embeddable":true,"href":"https:\/\/www.heddata.se\/webbutik\/wp-json\/wp\/v2\/media\/93060"}],"wp:attachment":[{"href":"https:\/\/www.heddata.se\/webbutik\/wp-json\/wp\/v2\/media?parent=93058"}],"wp:term":[{"taxonomy":"product_brand","embeddable":true,"href":"https:\/\/www.heddata.se\/webbutik\/wp-json\/wp\/v2\/product_brand?post=93058"},{"taxonomy":"product_cat","embeddable":true,"href":"https:\/\/www.heddata.se\/webbutik\/wp-json\/wp\/v2\/product_cat?post=93058"},{"taxonomy":"product_tag","embeddable":true,"href":"https:\/\/www.heddata.se\/webbutik\/wp-json\/wp\/v2\/product_tag?post=93058"}],"curies":[{"name":"wp","href":"https:\/\/api.w.org\/{rel}","templated":true}]}}