{"id":93043,"date":"2022-08-10T14:18:04","date_gmt":"2022-08-10T12:18:04","guid":{"rendered":"https:\/\/www.heddata.se\/webbutik\/?post_type=product&#038;p=93043"},"modified":"2026-04-07T10:28:14","modified_gmt":"2026-04-07T08:28:14","slug":"lenovo-bildskarm-24-tum-d24-20-1920x1080-va-6ms-75hz-66aekac1eu","status":"publish","type":"product","link":"https:\/\/www.heddata.se\/webbutik\/produkt\/lenovo-bildskarm-24-tum-d24-20-1920x1080-va-6ms-75hz-66aekac1eu\/","title":{"rendered":"Lenovo bildsk\u00e4rm 24 tum D24-20 1920&#215;1080 VA 6ms 75Hz  66AEKAC1EU"},"content":{"rendered":"<p>Lenovo bildsk\u00e4rm 24 tum D24-20 1920&#215;1080 VA 6ms 75Hz 66AEKAC1EU<\/p>\n<h4><b>Overview<\/b><\/h4>\n<p>Take on the world in business and in pleasure: With screen time growing in all our lives, and home now a base for learning, work and play, we need new solutions to get the best from every day. Designed to power you through entertainment, study and working at home, Lenovo D24-20 is the answer. Its 23.8-inch VA panel display with expansive 178\u00b0\/178\u00b0 view angle delivers quality visuals whichever way you look at it, whether you\u2019re laying out spreadsheets, taking out opponents or streaming your favorite comedy with family members.<\/p>\n<p>AMD FreeSync\u2122* eliminates image tearing for a cleaner gaming session. And there\u2019s no ghosting due to the <a href=\"https:\/\/www.heddata.se\/webbutik\/skarmar\/\">monitor\u2019s<\/a> 4ms response time. Get into the best position with its adjustable tilt stand and option for VESA wall-mounting while a low blue light mode reduces eye fatigue even after long hours. 3-side NearEdgeless display makes viewing all about the picture and reduces distractions in multi-screen setups. And with universal connectivity to your devices through HDMI or VGA ports and integrated cable management through the stand, D24-20 keeps every space connected yet clutter-free. It\u2019s the perfect option that works or plays to your home advantage.<\/p>\n<h4><b>What&#8217;s in the Box<\/b><\/h4>\n<p>Monitor with stand<br \/>\nPower cable (1.8 m)<br \/>\nHDMI cable (1.8 m)(NA&amp; LA &amp;AP only)<br \/>\nVGA cable (1.8m)(EMEA only)<br \/>\nQuick setup guide<\/p>\n<h4><a href=\"https:\/\/www.lenovo.com\/au\/en\/?Redirect=False\" target=\"_blank\" rel=\"noopener\">Specifikationer:<\/a><\/h4>\n<table class=\"table table-noborders table-striped\">\n<tbody>\n<tr>\n<td>Produktbeskrivning<\/td>\n<td>Lenovo D24-20 &#8211; LED-sk\u00e4rm &#8211; Full HD (1080p) &#8211; 23.8&#8243;<\/td>\n<\/tr>\n<tr>\n<td>Typ av enhet<\/td>\n<td>LED-bakgrundsbelyst LCD-sk\u00e4rm &#8211; 23.8&#8243;<\/td>\n<\/tr>\n<tr>\n<td>Energiklass<\/td>\n<td>Klass E<\/td>\n<\/tr>\n<tr>\n<td>Str\u00f6mkonsumtion (driftl\u00e4ge)<\/td>\n<td>14.7 W<\/td>\n<\/tr>\n<tr>\n<td>Adaptive-Sync-teknologi<\/td>\n<td>AMD FreeSync<\/td>\n<\/tr>\n<tr>\n<td>Paneltyp<\/td>\n<td>VA<\/td>\n<\/tr>\n<tr>\n<td>Bildf\u00f6rh\u00e5llande<\/td>\n<td>16:9<\/td>\n<\/tr>\n<tr>\n<td>Ursprunglig uppl\u00f6sning<\/td>\n<td>Full HD (1080p) 1920 x 1080 vid 75 Hz<\/td>\n<\/tr>\n<tr>\n<td>Pixelh\u00f6jd<\/td>\n<td>0.2745 mm<\/td>\n<\/tr>\n<tr>\n<td>Ljusstyrka<\/td>\n<td>250 cd\/m\u00b2<\/td>\n<\/tr>\n<tr>\n<td>Kontrastf\u00f6rh\u00e5llande<\/td>\n<td>1000:1 \/ 3000000:1 (dynamisk)<\/td>\n<\/tr>\n<tr>\n<td>Responstid<\/td>\n<td>4 ms (extrem), 6 ms (normal)<\/td>\n<\/tr>\n<tr>\n<td>F\u00e4rgst\u00f6d<\/td>\n<td>16,7 miljoner f\u00e4rger<\/td>\n<\/tr>\n<tr>\n<td>F\u00e4rgskala<\/td>\n<td>72% (CIE 1931)<\/td>\n<\/tr>\n<tr>\n<td>Inmatningsanslutningar<\/td>\n<td>HDMI, VGA<\/td>\n<\/tr>\n<tr>\n<td>Displayl\u00e4gesjusteringar<\/td>\n<td>Lutning<\/td>\n<\/tr>\n<tr>\n<td>Sk\u00e4rmbel\u00e4ggning<\/td>\n<td>Bl\u00e4ndskydd<\/td>\n<\/tr>\n<tr>\n<td>Sp\u00e4nning<\/td>\n<td>AC 120\/230 V (50\/60 Hz)<\/td>\n<\/tr>\n<tr>\n<td>F\u00e4rg<\/td>\n<td>Korpsvart<\/td>\n<\/tr>\n<tr>\n<td>Dimensioner (BxDxH) &#8211; med st\u00e4ll<\/td>\n<td>54.01 cm x 20.62 cm x 40.39 cm<\/td>\n<\/tr>\n<tr>\n<td>Vikt<\/td>\n<td>3.01 kg<\/td>\n<\/tr>\n<tr>\n<td>Lokalisering<\/td>\n<td>EMEA<\/td>\n<\/tr>\n<tr>\n<td>Standarder som f\u00f6ljs<\/td>\n<td>CCC, TUV Rheinland Low Blue Light Certification, TUV Rheinland Flicker Free Certification, China Energy standard Tier 2, EU RoHS 2002\/95\/EC<\/td>\n<\/tr>\n<\/tbody>\n<\/table>\n","protected":false},"excerpt":{"rendered":"<p>Lenovo bildsk\u00e4rm 24 tum D24-20 1920&#215;1080 VA 6ms 75Hz 66AEKAC1EU<\/p>\n","protected":false},"featured_media":93047,"template":"","meta":[],"product_brand":[],"product_cat":[2123],"product_tag":[],"class_list":{"0":"post-93043","1":"product","2":"type-product","3":"status-publish","4":"has-post-thumbnail","6":"product_cat-skarmar","8":"first","9":"outofstock","10":"taxable","11":"shipping-taxable","12":"product-type-simple"},"yoast_head":"<!-- This site is optimized with the Yoast SEO Premium plugin v26.7 (Yoast SEO v26.7) - https:\/\/yoast.com\/wordpress\/plugins\/seo\/ -->\n<title>Lenovo bildsk\u00e4rm 24 tum D24-20 1920x1080 VA 6ms 75Hz 66AEKAC1EU<\/title>\n<meta name=\"description\" content=\"Lenovo bildsk\u00e4rm 24 tum D24-20 1920x1080 VA 6ms 75Hz 66AEKAC1EU. Bildsk\u00e4rm f\u00f6r din dator med VGA och HDMI anslutningar.\" \/>\n<meta name=\"robots\" content=\"index, follow, max-snippet:-1, max-image-preview:large, max-video-preview:-1\" \/>\n<link rel=\"canonical\" href=\"https:\/\/www.heddata.se\/webbutik\/produkt\/lenovo-bildskarm-24-tum-d24-20-1920x1080-va-6ms-75hz-66aekac1eu\/\" \/>\n<meta property=\"og:locale\" content=\"sv_SE\" \/>\n<meta property=\"og:type\" content=\"article\" \/>\n<meta property=\"og:title\" content=\"Lenovo bildsk\u00e4rm 24 tum D24-20 1920x1080 VA 6ms 75Hz 66AEKAC1EU\" \/>\n<meta property=\"og:description\" content=\"Lenovo bildsk\u00e4rm 24 tum D24-20 1920x1080 VA 6ms 75Hz 66AEKAC1EU. Bildsk\u00e4rm f\u00f6r din dator med VGA och HDMI anslutningar.\" \/>\n<meta property=\"og:url\" content=\"https:\/\/www.heddata.se\/webbutik\/produkt\/lenovo-bildskarm-24-tum-d24-20-1920x1080-va-6ms-75hz-66aekac1eu\/\" \/>\n<meta property=\"og:site_name\" content=\"Datorer, Skrivare, F\u00e4rgpatroner, Mobiltelefoner\" \/>\n<meta property=\"article:modified_time\" content=\"2026-04-07T08:28:14+00:00\" \/>\n<meta property=\"og:image\" content=\"https:\/\/www.heddata.se\/webbutik\/wp-content\/uploads\/webbutik\/kategorier\/skarmar\/66aekac1eu.jpg\" \/>\n\t<meta property=\"og:image:width\" content=\"530\" \/>\n\t<meta property=\"og:image:height\" content=\"530\" \/>\n\t<meta property=\"og:image:type\" content=\"image\/jpeg\" \/>\n<meta name=\"twitter:card\" content=\"summary_large_image\" \/>\n<meta name=\"twitter:label1\" content=\"Ber\u00e4knad l\u00e4stid\" \/>\n\t<meta name=\"twitter:data1\" content=\"2 minuter\" \/>\n<script type=\"application\/ld+json\" class=\"yoast-schema-graph\">{\"@context\":\"https:\/\/schema.org\",\"@graph\":[{\"@type\":\"WebPage\",\"@id\":\"https:\/\/www.heddata.se\/webbutik\/produkt\/lenovo-bildskarm-24-tum-d24-20-1920x1080-va-6ms-75hz-66aekac1eu\/\",\"url\":\"https:\/\/www.heddata.se\/webbutik\/produkt\/lenovo-bildskarm-24-tum-d24-20-1920x1080-va-6ms-75hz-66aekac1eu\/\",\"name\":\"Lenovo bildsk\u00e4rm 24 tum D24-20 1920x1080 VA 6ms 75Hz 66AEKAC1EU\",\"isPartOf\":{\"@id\":\"https:\/\/www.heddata.se\/webbutik\/#website\"},\"primaryImageOfPage\":{\"@id\":\"https:\/\/www.heddata.se\/webbutik\/produkt\/lenovo-bildskarm-24-tum-d24-20-1920x1080-va-6ms-75hz-66aekac1eu\/#primaryimage\"},\"image\":{\"@id\":\"https:\/\/www.heddata.se\/webbutik\/produkt\/lenovo-bildskarm-24-tum-d24-20-1920x1080-va-6ms-75hz-66aekac1eu\/#primaryimage\"},\"thumbnailUrl\":\"https:\/\/www.heddata.se\/webbutik\/wp-content\/uploads\/webbutik\/kategorier\/skarmar\/66aekac1eu.jpg\",\"datePublished\":\"2022-08-10T12:18:04+00:00\",\"dateModified\":\"2026-04-07T08:28:14+00:00\",\"description\":\"Lenovo bildsk\u00e4rm 24 tum D24-20 1920x1080 VA 6ms 75Hz 66AEKAC1EU. Bildsk\u00e4rm f\u00f6r din dator med VGA och HDMI anslutningar.\",\"breadcrumb\":{\"@id\":\"https:\/\/www.heddata.se\/webbutik\/produkt\/lenovo-bildskarm-24-tum-d24-20-1920x1080-va-6ms-75hz-66aekac1eu\/#breadcrumb\"},\"inLanguage\":\"sv-SE\",\"potentialAction\":[{\"@type\":\"ReadAction\",\"target\":[\"https:\/\/www.heddata.se\/webbutik\/produkt\/lenovo-bildskarm-24-tum-d24-20-1920x1080-va-6ms-75hz-66aekac1eu\/\"]}]},{\"@type\":\"ImageObject\",\"inLanguage\":\"sv-SE\",\"@id\":\"https:\/\/www.heddata.se\/webbutik\/produkt\/lenovo-bildskarm-24-tum-d24-20-1920x1080-va-6ms-75hz-66aekac1eu\/#primaryimage\",\"url\":\"https:\/\/www.heddata.se\/webbutik\/wp-content\/uploads\/webbutik\/kategorier\/skarmar\/66aekac1eu.jpg\",\"contentUrl\":\"https:\/\/www.heddata.se\/webbutik\/wp-content\/uploads\/webbutik\/kategorier\/skarmar\/66aekac1eu.jpg\",\"width\":530,\"height\":530,\"caption\":\"Lenovo bildsk\u00e4rm 24 tum\"},{\"@type\":\"BreadcrumbList\",\"@id\":\"https:\/\/www.heddata.se\/webbutik\/produkt\/lenovo-bildskarm-24-tum-d24-20-1920x1080-va-6ms-75hz-66aekac1eu\/#breadcrumb\",\"itemListElement\":[{\"@type\":\"ListItem\",\"position\":1,\"name\":\"Hem\",\"item\":\"https:\/\/www.heddata.se\/webbutik\/\"},{\"@type\":\"ListItem\",\"position\":2,\"name\":\"Produkter\",\"item\":\"https:\/\/www.heddata.se\/webbutik\/shop\/\"},{\"@type\":\"ListItem\",\"position\":3,\"name\":\"Lenovo bildsk\u00e4rm 24 tum D24-20 1920&#215;1080 VA 6ms 75Hz 66AEKAC1EU\"}]},{\"@type\":\"WebSite\",\"@id\":\"https:\/\/www.heddata.se\/webbutik\/#website\",\"url\":\"https:\/\/www.heddata.se\/webbutik\/\",\"name\":\"Datorer, Skrivare, F\u00e4rgpatroner, Mobiltelefoner\",\"description\":\"Kablar\",\"publisher\":{\"@id\":\"https:\/\/www.heddata.se\/webbutik\/#organization\"},\"potentialAction\":[{\"@type\":\"SearchAction\",\"target\":{\"@type\":\"EntryPoint\",\"urlTemplate\":\"https:\/\/www.heddata.se\/webbutik\/?s={search_term_string}\"},\"query-input\":{\"@type\":\"PropertyValueSpecification\",\"valueRequired\":true,\"valueName\":\"search_term_string\"}}],\"inLanguage\":\"sv-SE\"},{\"@type\":\"Organization\",\"@id\":\"https:\/\/www.heddata.se\/webbutik\/#organization\",\"name\":\"Heddata AB\",\"url\":\"https:\/\/www.heddata.se\/webbutik\/\",\"logo\":{\"@type\":\"ImageObject\",\"inLanguage\":\"sv-SE\",\"@id\":\"https:\/\/www.heddata.se\/webbutik\/#\/schema\/logo\/image\/\",\"url\":\"https:\/\/www.heddata.se\/webbutik\/wp-content\/uploads\/logga\/heddata-ab-logga.png\",\"contentUrl\":\"https:\/\/www.heddata.se\/webbutik\/wp-content\/uploads\/logga\/heddata-ab-logga.png\",\"width\":200,\"height\":64,\"caption\":\"Heddata AB\"},\"image\":{\"@id\":\"https:\/\/www.heddata.se\/webbutik\/#\/schema\/logo\/image\/\"}}]}<\/script>\n<!-- \/ Yoast SEO Premium plugin. -->","yoast_head_json":{"title":"Lenovo bildsk\u00e4rm 24 tum D24-20 1920x1080 VA 6ms 75Hz 66AEKAC1EU","description":"Lenovo bildsk\u00e4rm 24 tum D24-20 1920x1080 VA 6ms 75Hz 66AEKAC1EU. Bildsk\u00e4rm f\u00f6r din dator med VGA och HDMI anslutningar.","robots":{"index":"index","follow":"follow","max-snippet":"max-snippet:-1","max-image-preview":"max-image-preview:large","max-video-preview":"max-video-preview:-1"},"canonical":"https:\/\/www.heddata.se\/webbutik\/produkt\/lenovo-bildskarm-24-tum-d24-20-1920x1080-va-6ms-75hz-66aekac1eu\/","og_locale":"sv_SE","og_type":"article","og_title":"Lenovo bildsk\u00e4rm 24 tum D24-20 1920x1080 VA 6ms 75Hz 66AEKAC1EU","og_description":"Lenovo bildsk\u00e4rm 24 tum D24-20 1920x1080 VA 6ms 75Hz 66AEKAC1EU. Bildsk\u00e4rm f\u00f6r din dator med VGA och HDMI anslutningar.","og_url":"https:\/\/www.heddata.se\/webbutik\/produkt\/lenovo-bildskarm-24-tum-d24-20-1920x1080-va-6ms-75hz-66aekac1eu\/","og_site_name":"Datorer, Skrivare, F\u00e4rgpatroner, Mobiltelefoner","article_modified_time":"2026-04-07T08:28:14+00:00","og_image":[{"width":530,"height":530,"url":"https:\/\/www.heddata.se\/webbutik\/wp-content\/uploads\/webbutik\/kategorier\/skarmar\/66aekac1eu.jpg","type":"image\/jpeg"}],"twitter_card":"summary_large_image","twitter_misc":{"Ber\u00e4knad l\u00e4stid":"2 minuter"},"schema":{"@context":"https:\/\/schema.org","@graph":[{"@type":"WebPage","@id":"https:\/\/www.heddata.se\/webbutik\/produkt\/lenovo-bildskarm-24-tum-d24-20-1920x1080-va-6ms-75hz-66aekac1eu\/","url":"https:\/\/www.heddata.se\/webbutik\/produkt\/lenovo-bildskarm-24-tum-d24-20-1920x1080-va-6ms-75hz-66aekac1eu\/","name":"Lenovo bildsk\u00e4rm 24 tum D24-20 1920x1080 VA 6ms 75Hz 66AEKAC1EU","isPartOf":{"@id":"https:\/\/www.heddata.se\/webbutik\/#website"},"primaryImageOfPage":{"@id":"https:\/\/www.heddata.se\/webbutik\/produkt\/lenovo-bildskarm-24-tum-d24-20-1920x1080-va-6ms-75hz-66aekac1eu\/#primaryimage"},"image":{"@id":"https:\/\/www.heddata.se\/webbutik\/produkt\/lenovo-bildskarm-24-tum-d24-20-1920x1080-va-6ms-75hz-66aekac1eu\/#primaryimage"},"thumbnailUrl":"https:\/\/www.heddata.se\/webbutik\/wp-content\/uploads\/webbutik\/kategorier\/skarmar\/66aekac1eu.jpg","datePublished":"2022-08-10T12:18:04+00:00","dateModified":"2026-04-07T08:28:14+00:00","description":"Lenovo bildsk\u00e4rm 24 tum D24-20 1920x1080 VA 6ms 75Hz 66AEKAC1EU. Bildsk\u00e4rm f\u00f6r din dator med VGA och HDMI anslutningar.","breadcrumb":{"@id":"https:\/\/www.heddata.se\/webbutik\/produkt\/lenovo-bildskarm-24-tum-d24-20-1920x1080-va-6ms-75hz-66aekac1eu\/#breadcrumb"},"inLanguage":"sv-SE","potentialAction":[{"@type":"ReadAction","target":["https:\/\/www.heddata.se\/webbutik\/produkt\/lenovo-bildskarm-24-tum-d24-20-1920x1080-va-6ms-75hz-66aekac1eu\/"]}]},{"@type":"ImageObject","inLanguage":"sv-SE","@id":"https:\/\/www.heddata.se\/webbutik\/produkt\/lenovo-bildskarm-24-tum-d24-20-1920x1080-va-6ms-75hz-66aekac1eu\/#primaryimage","url":"https:\/\/www.heddata.se\/webbutik\/wp-content\/uploads\/webbutik\/kategorier\/skarmar\/66aekac1eu.jpg","contentUrl":"https:\/\/www.heddata.se\/webbutik\/wp-content\/uploads\/webbutik\/kategorier\/skarmar\/66aekac1eu.jpg","width":530,"height":530,"caption":"Lenovo bildsk\u00e4rm 24 tum"},{"@type":"BreadcrumbList","@id":"https:\/\/www.heddata.se\/webbutik\/produkt\/lenovo-bildskarm-24-tum-d24-20-1920x1080-va-6ms-75hz-66aekac1eu\/#breadcrumb","itemListElement":[{"@type":"ListItem","position":1,"name":"Hem","item":"https:\/\/www.heddata.se\/webbutik\/"},{"@type":"ListItem","position":2,"name":"Produkter","item":"https:\/\/www.heddata.se\/webbutik\/shop\/"},{"@type":"ListItem","position":3,"name":"Lenovo bildsk\u00e4rm 24 tum D24-20 1920&#215;1080 VA 6ms 75Hz 66AEKAC1EU"}]},{"@type":"WebSite","@id":"https:\/\/www.heddata.se\/webbutik\/#website","url":"https:\/\/www.heddata.se\/webbutik\/","name":"Datorer, Skrivare, F\u00e4rgpatroner, Mobiltelefoner","description":"Kablar","publisher":{"@id":"https:\/\/www.heddata.se\/webbutik\/#organization"},"potentialAction":[{"@type":"SearchAction","target":{"@type":"EntryPoint","urlTemplate":"https:\/\/www.heddata.se\/webbutik\/?s={search_term_string}"},"query-input":{"@type":"PropertyValueSpecification","valueRequired":true,"valueName":"search_term_string"}}],"inLanguage":"sv-SE"},{"@type":"Organization","@id":"https:\/\/www.heddata.se\/webbutik\/#organization","name":"Heddata AB","url":"https:\/\/www.heddata.se\/webbutik\/","logo":{"@type":"ImageObject","inLanguage":"sv-SE","@id":"https:\/\/www.heddata.se\/webbutik\/#\/schema\/logo\/image\/","url":"https:\/\/www.heddata.se\/webbutik\/wp-content\/uploads\/logga\/heddata-ab-logga.png","contentUrl":"https:\/\/www.heddata.se\/webbutik\/wp-content\/uploads\/logga\/heddata-ab-logga.png","width":200,"height":64,"caption":"Heddata AB"},"image":{"@id":"https:\/\/www.heddata.se\/webbutik\/#\/schema\/logo\/image\/"}}]}},"_links":{"self":[{"href":"https:\/\/www.heddata.se\/webbutik\/wp-json\/wp\/v2\/product\/93043","targetHints":{"allow":["GET"]}}],"collection":[{"href":"https:\/\/www.heddata.se\/webbutik\/wp-json\/wp\/v2\/product"}],"about":[{"href":"https:\/\/www.heddata.se\/webbutik\/wp-json\/wp\/v2\/types\/product"}],"wp:featuredmedia":[{"embeddable":true,"href":"https:\/\/www.heddata.se\/webbutik\/wp-json\/wp\/v2\/media\/93047"}],"wp:attachment":[{"href":"https:\/\/www.heddata.se\/webbutik\/wp-json\/wp\/v2\/media?parent=93043"}],"wp:term":[{"taxonomy":"product_brand","embeddable":true,"href":"https:\/\/www.heddata.se\/webbutik\/wp-json\/wp\/v2\/product_brand?post=93043"},{"taxonomy":"product_cat","embeddable":true,"href":"https:\/\/www.heddata.se\/webbutik\/wp-json\/wp\/v2\/product_cat?post=93043"},{"taxonomy":"product_tag","embeddable":true,"href":"https:\/\/www.heddata.se\/webbutik\/wp-json\/wp\/v2\/product_tag?post=93043"}],"curies":[{"name":"wp","href":"https:\/\/api.w.org\/{rel}","templated":true}]}}