{"id":92992,"date":"2022-07-26T14:18:08","date_gmt":"2022-07-26T12:18:08","guid":{"rendered":"https:\/\/www.heddata.se\/webbutik\/?post_type=product&#038;p=92992"},"modified":"2026-04-08T10:28:59","modified_gmt":"2026-04-08T08:28:59","slug":"doro-7081-mobiltelefon-med-knappar-red-white","status":"publish","type":"product","link":"https:\/\/www.heddata.se\/webbutik\/produkt\/doro-7081-mobiltelefon-med-knappar-red-white\/","title":{"rendered":"Doro 7081 mobiltelefon med knappar Red\/White"},"content":{"rendered":"<h1>Doro 7081 mobiltelefon med knappar Red\/White<\/h1>\n<p>Vikbar telefon med utv\u00e4ndig sk\u00e4rm och Facebook<\/p>\n<p>Elegant designade Doro 7081 har en utv\u00e4ndig sk\u00e4rm som genast visar namn och nummer p\u00e5 den som ringer. Bara \u00f6ppna <a href=\"https:\/\/www.heddata.se\/webbutik\/telefon-surfplattor\/mobiltelefoner\/\">telefonen<\/a> f\u00f6r att svara eller f\u00f6r att njuta av foton, videor, Facebook, WhatsApp och mycket mer p\u00e5 den stora sk\u00e4rmen. Separerade knappar med h\u00f6g kontrast g\u00f6r det enklare att ringa och skriva meddelanden, och HD Voice ger tydligare ljud i b\u00e5da \u00e4ndar av linjen. Dessutom har Doro 7081 st\u00f6d f\u00f6r direkthj\u00e4lp via trygghetsknappen och v\u00e5r tj\u00e4nst Response by Doro\u2122.<\/p>\n<h4><a href=\"https:\/\/www.doro.com\/sv-se\/\" target=\"_blank\" rel=\"noopener\">Specifikation<\/a><\/h4>\n<table class=\"data-table\">\n<tbody>\n<tr class=\"odd\">\n<td class=\"spec-name\">Min temperatur vid drift<\/td>\n<td class=\"spec-value\">0 \u00b0C<\/td>\n<\/tr>\n<tr class=\"even\">\n<td class=\"spec-name\">Sensoruppl\u00f6sning<\/td>\n<td class=\"spec-value\">0,3 megapixlar<\/td>\n<\/tr>\n<tr class=\"odd\">\n<td class=\"spec-name\">SAR-v\u00e4rde<\/td>\n<td class=\"spec-value\">0,62 W\/kg (huvud), 1,261 W\/kg (kropp), 2,913 W\/kg (lem)<\/td>\n<\/tr>\n<tr class=\"even\">\n<td class=\"spec-name\">H\u00f6jd<\/td>\n<td class=\"spec-value\">109 mm<\/td>\n<\/tr>\n<tr class=\"odd\">\n<td class=\"spec-name\">Vikt<\/td>\n<td class=\"spec-value\">130 g<\/td>\n<\/tr>\n<tr class=\"even\">\n<td class=\"spec-name\">Kapacitet<\/td>\n<td class=\"spec-value\">1350 mAh<\/td>\n<\/tr>\n<tr class=\"odd\">\n<td class=\"spec-name\">Djup<\/td>\n<td class=\"spec-value\">21 mm<\/td>\n<\/tr>\n<tr class=\"even\">\n<td class=\"spec-name\">3G UMTS-frekvens<\/td>\n<td class=\"spec-value\">2100, 1900, 900<\/td>\n<\/tr>\n<tr class=\"odd\">\n<td class=\"spec-name\">V\u00e4ntel\u00e4gestid<\/td>\n<td class=\"spec-value\">280 timmar<\/td>\n<\/tr>\n<tr class=\"even\">\n<td class=\"spec-name\">Bildsk\u00e4rmsuppl\u00f6sning<\/td>\n<td class=\"spec-value\">320 x 240 pixlar<\/td>\n<\/tr>\n<tr class=\"odd\">\n<td class=\"spec-name\">Samtalstid<\/td>\n<td class=\"spec-value\">360 minuter<\/td>\n<\/tr>\n<tr class=\"even\">\n<td class=\"spec-name\">Internminneskapacitet<\/td>\n<td class=\"spec-value\">4 GB<\/td>\n<\/tr>\n<tr class=\"odd\">\n<td class=\"spec-name\">Max temperatur vid drift<\/td>\n<td class=\"spec-value\">40 \u00b0C<\/td>\n<\/tr>\n<tr class=\"even\">\n<td class=\"spec-name\">Generationen mobilt bredband<\/td>\n<td class=\"spec-value\">4G<\/td>\n<\/tr>\n<tr class=\"odd\">\n<td class=\"spec-name\">Sensoruppl\u00f6sning<\/td>\n<td class=\"spec-value\">5 megapixlar<\/td>\n<\/tr>\n<tr class=\"even\">\n<td class=\"spec-name\">RAM<\/td>\n<td class=\"spec-value\">512 MB<\/td>\n<\/tr>\n<tr class=\"odd\">\n<td class=\"spec-name\">Bredd<\/td>\n<td class=\"spec-value\">57 mm<\/td>\n<\/tr>\n<tr class=\"even\">\n<td class=\"spec-name\">2G-band<\/td>\n<td class=\"spec-value\">900 GSM, 1800 GSM, 1900 GSM<\/td>\n<\/tr>\n<tr class=\"odd\">\n<td class=\"spec-name\">3G UMTS-band<\/td>\n<td class=\"spec-value\">Band 1, Band 2, Band 8<\/td>\n<\/tr>\n<tr class=\"even\">\n<td class=\"spec-name\">4G LTE-band<\/td>\n<td class=\"spec-value\">Band 1, Band 3, Band 7, Band 8, Band 20, Band 28<\/td>\n<\/tr>\n<tr class=\"odd\">\n<td class=\"spec-name\">Service och support<\/td>\n<td class=\"spec-value\">Begr\u00e4nsad garanti &#8211; 2 \u00e5r<\/td>\n<\/tr>\n<tr class=\"even\">\n<td class=\"spec-name\">Fr\u00e5ns\u00e4gelse av ansvar g\u00e4llande bildf\u00e4rg<\/td>\n<td class=\"spec-value\">Den produkt som visas har eventuellt en annan f\u00e4rg<\/td>\n<\/tr>\n<tr class=\"odd\">\n<td class=\"spec-name\">Antal SIM-kort<\/td>\n<td class=\"spec-value\">Dual-SIM<\/td>\n<\/tr>\n<tr class=\"even\">\n<td class=\"spec-name\">Sociala n\u00e4tverk och bloggar som st\u00f6ds<\/td>\n<td class=\"spec-value\">Facebook<\/td>\n<\/tr>\n<tr class=\"odd\">\n<td class=\"spec-name\">4G LTE-frekvens<\/td>\n<td class=\"spec-value\">FDD 2100, FDD 1800+, FDD 2600, FDD 900, FDD 800 DD, FDD 700 APT<\/td>\n<\/tr>\n<tr class=\"even\">\n<td class=\"spec-name\">Inbyggda komponenter<\/td>\n<td class=\"spec-value\">FM-radio, LED-ficklampa<\/td>\n<\/tr>\n<tr class=\"odd\">\n<td class=\"spec-name\">Fokusjustering<\/td>\n<td class=\"spec-value\">Fokuseringsfri<\/td>\n<\/tr>\n<tr class=\"even\">\n<td class=\"spec-name\">Typ av produkt<\/td>\n<td class=\"spec-value\">Funktionstelefon<\/td>\n<\/tr>\n<tr class=\"odd\">\n<td class=\"spec-name\">Data\u00f6verf\u00f6ring<\/td>\n<td class=\"spec-value\">GPRS, HSPA+, VoLTE, FDD-LTE<\/td>\n<\/tr>\n<tr class=\"even\">\n<td class=\"spec-name\">Navigering<\/td>\n<td class=\"spec-value\">GPS, A-GPS<\/td>\n<\/tr>\n<tr class=\"odd\">\n<td class=\"spec-name\">Standarder som f\u00f6ljs<\/td>\n<td class=\"spec-value\">HAC (Hearing Aid Compatible)<\/td>\n<\/tr>\n<tr class=\"even\">\n<td class=\"spec-name\">Ytterligare funktioner<\/td>\n<td class=\"spec-value\">HD Voice, ICE-funktion (In Case of Emergency), My Doro-hanterare<\/td>\n<\/tr>\n<tr class=\"odd\">\n<td class=\"spec-name\">Inkluderade tillbeh\u00f6r<\/td>\n<td class=\"spec-value\">Headset, USB&#8211;kabel, laddningsvagga<\/td>\n<\/tr>\n<tr class=\"even\">\n<td class=\"spec-name\">Telefonfunktioner<\/td>\n<td class=\"spec-value\">H\u00f6gtalartelefon, samtalstimer, konferenssamtal, flygl\u00e4ge, vibrerande larm<\/td>\n<\/tr>\n<tr class=\"odd\">\n<td class=\"spec-name\">Tr\u00e5dl\u00f6st gr\u00e4nssnitt<\/td>\n<td class=\"spec-value\">IEEE 802.11b\/g\/n, Bluetooth 4.2<\/td>\n<\/tr>\n<tr class=\"even\">\n<td class=\"spec-name\">Serviceleverant\u00f6r<\/td>\n<td class=\"spec-value\">Inte specificerad<\/td>\n<\/tr>\n<tr class=\"odd\">\n<td class=\"spec-name\">Ljusk\u00e4lla<\/td>\n<td class=\"spec-value\">LED-blixt<\/td>\n<\/tr>\n<tr class=\"even\">\n<td class=\"spec-name\">Teknik<\/td>\n<td class=\"spec-value\">Litiumjon<\/td>\n<\/tr>\n<tr class=\"odd\">\n<td class=\"spec-name\">Typ<\/td>\n<td class=\"spec-value\">MediaTek<\/td>\n<\/tr>\n<tr class=\"even\">\n<td class=\"spec-name\">Flash-minneskort som st\u00f6ds<\/td>\n<td class=\"spec-value\">MicroSDHC, microSD, microSDXC &#8211; upp till 128 GB<\/td>\n<\/tr>\n<tr class=\"odd\">\n<td class=\"spec-name\">Processornummer<\/td>\n<td class=\"spec-value\">MT6731V\/ZA<\/td>\n<\/tr>\n<tr class=\"even\">\n<td class=\"spec-name\">SIM-korttyp<\/td>\n<td class=\"spec-value\">Nano-SIM<\/td>\n<\/tr>\n<tr class=\"odd\">\n<td class=\"spec-name\">Visningsformat<\/td>\n<td class=\"spec-value\">QVGA<\/td>\n<\/tr>\n<tr class=\"even\">\n<td class=\"spec-name\">Meddelandetj\u00e4nster<\/td>\n<td class=\"spec-value\">SMS, MMS<\/td>\n<\/tr>\n<tr class=\"odd\">\n<td class=\"spec-name\">Runtime-detaljer<\/td>\n<td class=\"spec-value\">Tala: upp till 360 min \u00a6 V\u00e4ntel\u00e4ge: upp till 280 timmar<\/td>\n<\/tr>\n<tr class=\"even\">\n<td class=\"spec-name\">Anslutningstyp<\/td>\n<td class=\"spec-value\">Utg\u00e5ng f\u00f6r headset &#8211; minih\u00f6rlurskontakt 3,5 mm<\/td>\n<\/tr>\n<tr class=\"odd\">\n<td class=\"spec-name\">Teknik<\/td>\n<td class=\"spec-value\">WCDMA (UMTS) \/ GSM<\/td>\n<\/tr>\n<tr class=\"even\">\n<td class=\"spec-name\">Formfaktor<\/td>\n<td class=\"spec-value\">Viktelefon<\/td>\n<\/tr>\n<\/tbody>\n<\/table>\n","protected":false},"excerpt":{"rendered":"<p>Doro 7081 mobiltelefon med knappar Red\/White<\/p>\n","protected":false},"featured_media":93031,"template":"","meta":[],"product_brand":[],"product_cat":[6010,103,63],"product_tag":[],"class_list":{"0":"post-92992","1":"product","2":"type-product","3":"status-publish","4":"has-post-thumbnail","6":"product_cat-mobiltelefon-knapp","7":"product_cat-telefoner","8":"product_cat-telefoner-surfplattor","10":"first","11":"outofstock","12":"taxable","13":"shipping-taxable","14":"product-type-simple"},"yoast_head":"<!-- This site is optimized with the Yoast SEO Premium plugin v26.7 (Yoast SEO v26.7) - https:\/\/yoast.com\/wordpress\/plugins\/seo\/ -->\n<title>Doro 7081 mobiltelefon med knappar Red\/White, enkel l\u00e4ttanv\u00e4nd telefon<\/title>\n<meta name=\"description\" content=\"Doro 7081 mobiltelefon med knappar Red\/White. Elegant designade Doro 7081 har en utv\u00e4ndig sk\u00e4rm som genast visar namn och nummer\" \/>\n<meta name=\"robots\" content=\"index, follow, max-snippet:-1, max-image-preview:large, max-video-preview:-1\" \/>\n<link rel=\"canonical\" href=\"https:\/\/www.heddata.se\/webbutik\/produkt\/doro-7081-mobiltelefon-med-knappar-red-white\/\" \/>\n<meta property=\"og:locale\" content=\"sv_SE\" \/>\n<meta property=\"og:type\" content=\"article\" \/>\n<meta property=\"og:title\" content=\"Doro 7081 mobiltelefon med knappar Red\/White\" \/>\n<meta property=\"og:description\" content=\"Doro 7081 mobiltelefon med knappar Red\/White. Elegant designade Doro 7081 har en utv\u00e4ndig sk\u00e4rm som genast visar namn och nummer\" \/>\n<meta property=\"og:url\" content=\"https:\/\/www.heddata.se\/webbutik\/produkt\/doro-7081-mobiltelefon-med-knappar-red-white\/\" \/>\n<meta property=\"og:site_name\" content=\"Datorer, Skrivare, F\u00e4rgpatroner, Mobiltelefoner\" \/>\n<meta property=\"article:modified_time\" content=\"2026-04-08T08:28:59+00:00\" \/>\n<meta property=\"og:image\" content=\"https:\/\/www.heddata.se\/webbutik\/wp-content\/uploads\/webbutik\/kategorier\/mobiltelefoner-surfplattor\/7953.jpeg\" \/>\n\t<meta property=\"og:image:width\" content=\"900\" \/>\n\t<meta property=\"og:image:height\" content=\"900\" \/>\n\t<meta property=\"og:image:type\" content=\"image\/jpeg\" \/>\n<meta name=\"twitter:card\" content=\"summary_large_image\" \/>\n<meta name=\"twitter:label1\" content=\"Ber\u00e4knad l\u00e4stid\" \/>\n\t<meta name=\"twitter:data1\" content=\"2 minuter\" \/>\n<script type=\"application\/ld+json\" class=\"yoast-schema-graph\">{\"@context\":\"https:\/\/schema.org\",\"@graph\":[{\"@type\":\"WebPage\",\"@id\":\"https:\/\/www.heddata.se\/webbutik\/produkt\/doro-7081-mobiltelefon-med-knappar-red-white\/\",\"url\":\"https:\/\/www.heddata.se\/webbutik\/produkt\/doro-7081-mobiltelefon-med-knappar-red-white\/\",\"name\":\"Doro 7081 mobiltelefon med knappar Red\/White, enkel l\u00e4ttanv\u00e4nd telefon\",\"isPartOf\":{\"@id\":\"https:\/\/www.heddata.se\/webbutik\/#website\"},\"primaryImageOfPage\":{\"@id\":\"https:\/\/www.heddata.se\/webbutik\/produkt\/doro-7081-mobiltelefon-med-knappar-red-white\/#primaryimage\"},\"image\":{\"@id\":\"https:\/\/www.heddata.se\/webbutik\/produkt\/doro-7081-mobiltelefon-med-knappar-red-white\/#primaryimage\"},\"thumbnailUrl\":\"https:\/\/www.heddata.se\/webbutik\/wp-content\/uploads\/webbutik\/kategorier\/mobiltelefoner-surfplattor\/7953.jpeg\",\"datePublished\":\"2022-07-26T12:18:08+00:00\",\"dateModified\":\"2026-04-08T08:28:59+00:00\",\"description\":\"Doro 7081 mobiltelefon med knappar Red\/White. Elegant designade Doro 7081 har en utv\u00e4ndig sk\u00e4rm som genast visar namn och nummer\",\"breadcrumb\":{\"@id\":\"https:\/\/www.heddata.se\/webbutik\/produkt\/doro-7081-mobiltelefon-med-knappar-red-white\/#breadcrumb\"},\"inLanguage\":\"sv-SE\",\"potentialAction\":[{\"@type\":\"ReadAction\",\"target\":[\"https:\/\/www.heddata.se\/webbutik\/produkt\/doro-7081-mobiltelefon-med-knappar-red-white\/\"]}]},{\"@type\":\"ImageObject\",\"inLanguage\":\"sv-SE\",\"@id\":\"https:\/\/www.heddata.se\/webbutik\/produkt\/doro-7081-mobiltelefon-med-knappar-red-white\/#primaryimage\",\"url\":\"https:\/\/www.heddata.se\/webbutik\/wp-content\/uploads\/webbutik\/kategorier\/mobiltelefoner-surfplattor\/7953.jpeg\",\"contentUrl\":\"https:\/\/www.heddata.se\/webbutik\/wp-content\/uploads\/webbutik\/kategorier\/mobiltelefoner-surfplattor\/7953.jpeg\",\"width\":900,\"height\":900,\"caption\":\"Doro 7081 mobiltelefon\"},{\"@type\":\"BreadcrumbList\",\"@id\":\"https:\/\/www.heddata.se\/webbutik\/produkt\/doro-7081-mobiltelefon-med-knappar-red-white\/#breadcrumb\",\"itemListElement\":[{\"@type\":\"ListItem\",\"position\":1,\"name\":\"Hem\",\"item\":\"https:\/\/www.heddata.se\/webbutik\/\"},{\"@type\":\"ListItem\",\"position\":2,\"name\":\"Produkter\",\"item\":\"https:\/\/www.heddata.se\/webbutik\/shop\/\"},{\"@type\":\"ListItem\",\"position\":3,\"name\":\"Doro 7081 mobiltelefon med knappar Red\/White\"}]},{\"@type\":\"WebSite\",\"@id\":\"https:\/\/www.heddata.se\/webbutik\/#website\",\"url\":\"https:\/\/www.heddata.se\/webbutik\/\",\"name\":\"Datorer, Skrivare, F\u00e4rgpatroner, Mobiltelefoner\",\"description\":\"Kablar\",\"publisher\":{\"@id\":\"https:\/\/www.heddata.se\/webbutik\/#organization\"},\"potentialAction\":[{\"@type\":\"SearchAction\",\"target\":{\"@type\":\"EntryPoint\",\"urlTemplate\":\"https:\/\/www.heddata.se\/webbutik\/?s={search_term_string}\"},\"query-input\":{\"@type\":\"PropertyValueSpecification\",\"valueRequired\":true,\"valueName\":\"search_term_string\"}}],\"inLanguage\":\"sv-SE\"},{\"@type\":\"Organization\",\"@id\":\"https:\/\/www.heddata.se\/webbutik\/#organization\",\"name\":\"Heddata AB\",\"url\":\"https:\/\/www.heddata.se\/webbutik\/\",\"logo\":{\"@type\":\"ImageObject\",\"inLanguage\":\"sv-SE\",\"@id\":\"https:\/\/www.heddata.se\/webbutik\/#\/schema\/logo\/image\/\",\"url\":\"https:\/\/www.heddata.se\/webbutik\/wp-content\/uploads\/logga\/heddata-ab-logga.png\",\"contentUrl\":\"https:\/\/www.heddata.se\/webbutik\/wp-content\/uploads\/logga\/heddata-ab-logga.png\",\"width\":200,\"height\":64,\"caption\":\"Heddata AB\"},\"image\":{\"@id\":\"https:\/\/www.heddata.se\/webbutik\/#\/schema\/logo\/image\/\"}}]}<\/script>\n<!-- \/ Yoast SEO Premium plugin. -->","yoast_head_json":{"title":"Doro 7081 mobiltelefon med knappar Red\/White, enkel l\u00e4ttanv\u00e4nd telefon","description":"Doro 7081 mobiltelefon med knappar Red\/White. Elegant designade Doro 7081 har en utv\u00e4ndig sk\u00e4rm som genast visar namn och nummer","robots":{"index":"index","follow":"follow","max-snippet":"max-snippet:-1","max-image-preview":"max-image-preview:large","max-video-preview":"max-video-preview:-1"},"canonical":"https:\/\/www.heddata.se\/webbutik\/produkt\/doro-7081-mobiltelefon-med-knappar-red-white\/","og_locale":"sv_SE","og_type":"article","og_title":"Doro 7081 mobiltelefon med knappar Red\/White","og_description":"Doro 7081 mobiltelefon med knappar Red\/White. Elegant designade Doro 7081 har en utv\u00e4ndig sk\u00e4rm som genast visar namn och nummer","og_url":"https:\/\/www.heddata.se\/webbutik\/produkt\/doro-7081-mobiltelefon-med-knappar-red-white\/","og_site_name":"Datorer, Skrivare, F\u00e4rgpatroner, Mobiltelefoner","article_modified_time":"2026-04-08T08:28:59+00:00","og_image":[{"width":900,"height":900,"url":"https:\/\/www.heddata.se\/webbutik\/wp-content\/uploads\/webbutik\/kategorier\/mobiltelefoner-surfplattor\/7953.jpeg","type":"image\/jpeg"}],"twitter_card":"summary_large_image","twitter_misc":{"Ber\u00e4knad l\u00e4stid":"2 minuter"},"schema":{"@context":"https:\/\/schema.org","@graph":[{"@type":"WebPage","@id":"https:\/\/www.heddata.se\/webbutik\/produkt\/doro-7081-mobiltelefon-med-knappar-red-white\/","url":"https:\/\/www.heddata.se\/webbutik\/produkt\/doro-7081-mobiltelefon-med-knappar-red-white\/","name":"Doro 7081 mobiltelefon med knappar Red\/White, enkel l\u00e4ttanv\u00e4nd telefon","isPartOf":{"@id":"https:\/\/www.heddata.se\/webbutik\/#website"},"primaryImageOfPage":{"@id":"https:\/\/www.heddata.se\/webbutik\/produkt\/doro-7081-mobiltelefon-med-knappar-red-white\/#primaryimage"},"image":{"@id":"https:\/\/www.heddata.se\/webbutik\/produkt\/doro-7081-mobiltelefon-med-knappar-red-white\/#primaryimage"},"thumbnailUrl":"https:\/\/www.heddata.se\/webbutik\/wp-content\/uploads\/webbutik\/kategorier\/mobiltelefoner-surfplattor\/7953.jpeg","datePublished":"2022-07-26T12:18:08+00:00","dateModified":"2026-04-08T08:28:59+00:00","description":"Doro 7081 mobiltelefon med knappar Red\/White. Elegant designade Doro 7081 har en utv\u00e4ndig sk\u00e4rm som genast visar namn och nummer","breadcrumb":{"@id":"https:\/\/www.heddata.se\/webbutik\/produkt\/doro-7081-mobiltelefon-med-knappar-red-white\/#breadcrumb"},"inLanguage":"sv-SE","potentialAction":[{"@type":"ReadAction","target":["https:\/\/www.heddata.se\/webbutik\/produkt\/doro-7081-mobiltelefon-med-knappar-red-white\/"]}]},{"@type":"ImageObject","inLanguage":"sv-SE","@id":"https:\/\/www.heddata.se\/webbutik\/produkt\/doro-7081-mobiltelefon-med-knappar-red-white\/#primaryimage","url":"https:\/\/www.heddata.se\/webbutik\/wp-content\/uploads\/webbutik\/kategorier\/mobiltelefoner-surfplattor\/7953.jpeg","contentUrl":"https:\/\/www.heddata.se\/webbutik\/wp-content\/uploads\/webbutik\/kategorier\/mobiltelefoner-surfplattor\/7953.jpeg","width":900,"height":900,"caption":"Doro 7081 mobiltelefon"},{"@type":"BreadcrumbList","@id":"https:\/\/www.heddata.se\/webbutik\/produkt\/doro-7081-mobiltelefon-med-knappar-red-white\/#breadcrumb","itemListElement":[{"@type":"ListItem","position":1,"name":"Hem","item":"https:\/\/www.heddata.se\/webbutik\/"},{"@type":"ListItem","position":2,"name":"Produkter","item":"https:\/\/www.heddata.se\/webbutik\/shop\/"},{"@type":"ListItem","position":3,"name":"Doro 7081 mobiltelefon med knappar Red\/White"}]},{"@type":"WebSite","@id":"https:\/\/www.heddata.se\/webbutik\/#website","url":"https:\/\/www.heddata.se\/webbutik\/","name":"Datorer, Skrivare, F\u00e4rgpatroner, Mobiltelefoner","description":"Kablar","publisher":{"@id":"https:\/\/www.heddata.se\/webbutik\/#organization"},"potentialAction":[{"@type":"SearchAction","target":{"@type":"EntryPoint","urlTemplate":"https:\/\/www.heddata.se\/webbutik\/?s={search_term_string}"},"query-input":{"@type":"PropertyValueSpecification","valueRequired":true,"valueName":"search_term_string"}}],"inLanguage":"sv-SE"},{"@type":"Organization","@id":"https:\/\/www.heddata.se\/webbutik\/#organization","name":"Heddata AB","url":"https:\/\/www.heddata.se\/webbutik\/","logo":{"@type":"ImageObject","inLanguage":"sv-SE","@id":"https:\/\/www.heddata.se\/webbutik\/#\/schema\/logo\/image\/","url":"https:\/\/www.heddata.se\/webbutik\/wp-content\/uploads\/logga\/heddata-ab-logga.png","contentUrl":"https:\/\/www.heddata.se\/webbutik\/wp-content\/uploads\/logga\/heddata-ab-logga.png","width":200,"height":64,"caption":"Heddata AB"},"image":{"@id":"https:\/\/www.heddata.se\/webbutik\/#\/schema\/logo\/image\/"}}]}},"_links":{"self":[{"href":"https:\/\/www.heddata.se\/webbutik\/wp-json\/wp\/v2\/product\/92992","targetHints":{"allow":["GET"]}}],"collection":[{"href":"https:\/\/www.heddata.se\/webbutik\/wp-json\/wp\/v2\/product"}],"about":[{"href":"https:\/\/www.heddata.se\/webbutik\/wp-json\/wp\/v2\/types\/product"}],"wp:featuredmedia":[{"embeddable":true,"href":"https:\/\/www.heddata.se\/webbutik\/wp-json\/wp\/v2\/media\/93031"}],"wp:attachment":[{"href":"https:\/\/www.heddata.se\/webbutik\/wp-json\/wp\/v2\/media?parent=92992"}],"wp:term":[{"taxonomy":"product_brand","embeddable":true,"href":"https:\/\/www.heddata.se\/webbutik\/wp-json\/wp\/v2\/product_brand?post=92992"},{"taxonomy":"product_cat","embeddable":true,"href":"https:\/\/www.heddata.se\/webbutik\/wp-json\/wp\/v2\/product_cat?post=92992"},{"taxonomy":"product_tag","embeddable":true,"href":"https:\/\/www.heddata.se\/webbutik\/wp-json\/wp\/v2\/product_tag?post=92992"}],"curies":[{"name":"wp","href":"https:\/\/api.w.org\/{rel}","templated":true}]}}