{"id":92989,"date":"2022-07-26T14:18:08","date_gmt":"2022-07-26T12:18:08","guid":{"rendered":"https:\/\/www.heddata.se\/webbutik\/?post_type=product&#038;p=92989"},"modified":"2026-05-01T10:28:54","modified_gmt":"2026-05-01T08:28:54","slug":"doro-6041-mobiltelefon-med-knappar-svart-7824","status":"publish","type":"product","link":"https:\/\/www.heddata.se\/webbutik\/produkt\/doro-6041-mobiltelefon-med-knappar-svart-7824\/","title":{"rendered":"Doro 6041 mobiltelefon med knappar svart 7824"},"content":{"rendered":"<p>Doro 6041 mobiltelefon med knappar svart 7824<\/p>\n<p style=\"font-weight: 400\"><strong>Anv\u00e4ndarv\u00e4nlig kameratelefon med stor sk\u00e4rm<\/strong><\/p>\n<p style=\"font-weight: 400\">Den snygga och l\u00e4ttanv\u00e4nda Doro 6041 har allt du beh\u00f6ver f\u00f6r att ringa, skicka meddelanden och dela bilder med familj och v\u00e4nner varje dag.<\/p>\n<p style=\"font-weight: 400\">Den vikbara designen f\u00f6rhindrar oavsiktliga knapptryckningar och du svarar och avslutar samtal genom att vika upp eller ihop den.<\/p>\n<p style=\"font-weight: 400\">Och k\u00e4nn dig trygg eftersom du kan f\u00e5 hj\u00e4lp direkt via Response by Doro med GPS-positionering.<\/p>\n<p>Doro 6041 \u00e4r en snygg, vikbar <a href=\"https:\/\/www.heddata.se\/webbutik\/telefon-surfplattor\/mobiltelefoner\/\">telefon<\/a> som f\u00f6rhindrar oavsiktlig knapptryckning n\u00e4r den \u00e4r ihopvikt och du svarar p\u00e5 och avslutar samtal enkelt genom att vika upp eller ihop den. Enkelt att ringa, skicka meddelanden och dela bilder med familj och v\u00e4nner tack vare separerade knappar med h\u00f6g kontrast och en stor 2,8-tumssk\u00e4rm. Den l\u00e4ttanv\u00e4nda 3MP-kameran \u00e4r perfekt n\u00e4r du vill ta och dela bilder. Det finns \u00e4ven en trygghetsknapp med st\u00f6d f\u00f6r trygghetstj\u00e4nsten Response by Doro\u2122 med GPS-positionering. Andra funktioner inkluderar HAC (kompatibilitet med h\u00f6rapparater), samt snabbvalsknappar f\u00f6r kamera, favoritkontakter och SMS. \u00b7 Stor och l\u00e4ttl\u00e4st sk\u00e4rm \u00b7 Extra h\u00f6gt och tydligt ljud \u00b7 Trygghetsknapp med GPS-positionering<\/p>\n<h4><a href=\"https:\/\/www.doro.com\/sv-se\/\" target=\"_blank\" rel=\"noopener\">Specifikationer<\/a><\/h4>\n<table class=\"data-table\">\n<tbody>\n<tr class=\"odd\">\n<td class=\"spec-name\">Min temperatur vid drift<\/td>\n<td class=\"spec-value\">0 \u00b0C<\/td>\n<\/tr>\n<tr class=\"even\">\n<td class=\"spec-name\">SAR-v\u00e4rde<\/td>\n<td class=\"spec-value\">1,432 W\/kg (kropp), 0,6 W\/kg (huvud)<\/td>\n<\/tr>\n<tr class=\"odd\">\n<td class=\"spec-name\">Kapacitet<\/td>\n<td class=\"spec-value\">1000 mAh<\/td>\n<\/tr>\n<tr class=\"even\">\n<td class=\"spec-name\">H\u00f6jd<\/td>\n<td class=\"spec-value\">106.7 mm<\/td>\n<\/tr>\n<tr class=\"odd\">\n<td class=\"spec-name\">Vikt<\/td>\n<td class=\"spec-value\">118 g<\/td>\n<\/tr>\n<tr class=\"even\">\n<td class=\"spec-name\">Djup<\/td>\n<td class=\"spec-value\">20 mm<\/td>\n<\/tr>\n<tr class=\"odd\">\n<td class=\"spec-name\">Sensoruppl\u00f6sning<\/td>\n<td class=\"spec-value\">3 megapixlar<\/td>\n<\/tr>\n<tr class=\"even\">\n<td class=\"spec-name\">Bildsk\u00e4rmsuppl\u00f6sning<\/td>\n<td class=\"spec-value\">320 x 240 pixlar<\/td>\n<\/tr>\n<tr class=\"odd\">\n<td class=\"spec-name\">Max temperatur vid drift<\/td>\n<td class=\"spec-value\">40 \u00b0C<\/td>\n<\/tr>\n<tr class=\"even\">\n<td class=\"spec-name\">Samtalstid<\/td>\n<td class=\"spec-value\">408 minuter<\/td>\n<\/tr>\n<tr class=\"odd\">\n<td class=\"spec-name\">V\u00e4ntel\u00e4gestid<\/td>\n<td class=\"spec-value\">420 timmar<\/td>\n<\/tr>\n<tr class=\"even\">\n<td class=\"spec-name\">Bredd<\/td>\n<td class=\"spec-value\">57 mm<\/td>\n<\/tr>\n<tr class=\"odd\">\n<td class=\"spec-name\">2G-band<\/td>\n<td class=\"spec-value\">900 GSM, 1800 GSM, 1900 GSM<\/td>\n<\/tr>\n<tr class=\"even\">\n<td class=\"spec-name\">Tr\u00e5dl\u00f6st gr\u00e4nssnitt<\/td>\n<td class=\"spec-value\">Bluetooth 3.0<\/td>\n<\/tr>\n<tr class=\"odd\">\n<td class=\"spec-name\">Antal SIM-kort<\/td>\n<td class=\"spec-value\">Dual-SIM<\/td>\n<\/tr>\n<tr class=\"even\">\n<td class=\"spec-name\">Ljusk\u00e4lla<\/td>\n<td class=\"spec-value\">Flash<\/td>\n<\/tr>\n<tr class=\"odd\">\n<td class=\"spec-name\">Typ av produkt<\/td>\n<td class=\"spec-value\">Funktionstelefon<\/td>\n<\/tr>\n<tr class=\"even\">\n<td class=\"spec-name\">Data\u00f6verf\u00f6ring<\/td>\n<td class=\"spec-value\">GPRS, EDGE<\/td>\n<\/tr>\n<tr class=\"odd\">\n<td class=\"spec-name\">Navigering<\/td>\n<td class=\"spec-value\">GPS<\/td>\n<\/tr>\n<tr class=\"even\">\n<td class=\"spec-name\">Teknik<\/td>\n<td class=\"spec-value\">GSM<\/td>\n<\/tr>\n<tr class=\"odd\">\n<td class=\"spec-name\">Telefonfunktioner<\/td>\n<td class=\"spec-value\">H\u00f6gtalartelefon, samtalstimer, konferenssamtal<\/td>\n<\/tr>\n<tr class=\"even\">\n<td class=\"spec-name\">Serviceleverant\u00f6r<\/td>\n<td class=\"spec-value\">Inte specificerad<\/td>\n<\/tr>\n<tr class=\"odd\">\n<td class=\"spec-name\">Inbyggda komponenter<\/td>\n<td class=\"spec-value\">LED-ficklampa<\/td>\n<\/tr>\n<tr class=\"even\">\n<td class=\"spec-name\">Teknik<\/td>\n<td class=\"spec-value\">Litiumjon<\/td>\n<\/tr>\n<tr class=\"odd\">\n<td class=\"spec-name\">Typ<\/td>\n<td class=\"spec-value\">MediaTek<\/td>\n<\/tr>\n<tr class=\"even\">\n<td class=\"spec-name\">Flash-minneskort som st\u00f6ds<\/td>\n<td class=\"spec-value\">microSDHC, microSD<\/td>\n<\/tr>\n<tr class=\"odd\">\n<td class=\"spec-name\">SIM-korttyp<\/td>\n<td class=\"spec-value\">Mikro-SIM<\/td>\n<\/tr>\n<tr class=\"even\">\n<td class=\"spec-name\">Processornummer<\/td>\n<td class=\"spec-value\">MT6260A<\/td>\n<\/tr>\n<tr class=\"odd\">\n<td class=\"spec-name\">Meddelandetj\u00e4nster<\/td>\n<td class=\"spec-value\">SMS, MMS<\/td>\n<\/tr>\n<tr class=\"even\">\n<td class=\"spec-name\">Ytterligare funktioner<\/td>\n<td class=\"spec-value\">SOS-knapp, ICE-funktion (In Case of Emergency), v\u00e4ckarklocka<\/td>\n<\/tr>\n<tr class=\"odd\">\n<td class=\"spec-name\">Inkluderade tillbeh\u00f6r<\/td>\n<td class=\"spec-value\">Str\u00f6madapter, skrivbordsdocka<\/td>\n<\/tr>\n<tr class=\"even\">\n<td class=\"spec-name\">F\u00e4rg<\/td>\n<td class=\"spec-value\">Svart<\/td>\n<\/tr>\n<tr class=\"odd\">\n<td class=\"spec-name\">Anslutningstyp<\/td>\n<td class=\"spec-value\">Utg\u00e5ng f\u00f6r headset &#8211; minih\u00f6rlurskontakt 3,5 mm<\/td>\n<\/tr>\n<tr class=\"even\">\n<td class=\"spec-name\">Formfaktor<\/td>\n<td class=\"spec-value\">Viktelefon<\/td>\n<\/tr>\n<tr class=\"odd\">\n<td class=\"spec-name\">Runtime-detaljer<\/td>\n<td class=\"spec-value\">V\u00e4ntel\u00e4ge: upp till 420 timmar \u00a6 Tala: upp till 408 min<\/td>\n<\/tr>\n<\/tbody>\n<\/table>\n","protected":false},"excerpt":{"rendered":"<p>Doro 6041 mobiltelefon med knappar svart 7824<\/p>\n","protected":false},"featured_media":93029,"template":"","meta":[],"product_brand":[],"product_cat":[6010,106,103,63],"product_tag":[],"class_list":{"0":"post-92989","1":"product","2":"type-product","3":"status-publish","4":"has-post-thumbnail","6":"product_cat-mobiltelefon-knapp","7":"product_cat-mobiltelefoner","8":"product_cat-telefoner","9":"product_cat-telefoner-surfplattor","11":"first","12":"outofstock","13":"taxable","14":"shipping-taxable","15":"product-type-simple"},"yoast_head":"<!-- This site is optimized with the Yoast SEO Premium plugin v26.7 (Yoast SEO v26.7) - https:\/\/yoast.com\/wordpress\/plugins\/seo\/ -->\n<title>Doro 6041 mobiltelefon med knappar svart 7824, enkel och l\u00e4ttanv\u00e4nd<\/title>\n<meta name=\"description\" content=\"Doro 6041 mobiltelefon med knappar svart 7824. Den vikbara designen f\u00f6rhindrar oavsiktliga knapptryckningar\" \/>\n<meta name=\"robots\" content=\"index, follow, max-snippet:-1, max-image-preview:large, max-video-preview:-1\" \/>\n<link rel=\"canonical\" href=\"https:\/\/www.heddata.se\/webbutik\/produkt\/doro-6041-mobiltelefon-med-knappar-svart-7824\/\" \/>\n<meta property=\"og:locale\" content=\"sv_SE\" \/>\n<meta property=\"og:type\" content=\"article\" \/>\n<meta property=\"og:title\" content=\"Doro 6041 mobiltelefon med knappar svart 7824\" \/>\n<meta property=\"og:description\" content=\"Doro 6041 mobiltelefon med knappar svart 7824. Den vikbara designen f\u00f6rhindrar oavsiktliga knapptryckningar\" \/>\n<meta property=\"og:url\" content=\"https:\/\/www.heddata.se\/webbutik\/produkt\/doro-6041-mobiltelefon-med-knappar-svart-7824\/\" \/>\n<meta property=\"og:site_name\" content=\"Datorer, Skrivare, F\u00e4rgpatroner, Mobiltelefoner\" \/>\n<meta property=\"article:modified_time\" content=\"2026-05-01T08:28:54+00:00\" \/>\n<meta property=\"og:image\" content=\"https:\/\/www.heddata.se\/webbutik\/wp-content\/uploads\/webbutik\/kategorier\/mobiltelefoner-surfplattor\/7824.jpeg\" \/>\n\t<meta property=\"og:image:width\" content=\"900\" \/>\n\t<meta property=\"og:image:height\" content=\"900\" \/>\n\t<meta property=\"og:image:type\" content=\"image\/jpeg\" \/>\n<meta name=\"twitter:card\" content=\"summary_large_image\" \/>\n<meta name=\"twitter:label1\" content=\"Ber\u00e4knad l\u00e4stid\" \/>\n\t<meta name=\"twitter:data1\" content=\"2 minuter\" \/>\n<script type=\"application\/ld+json\" class=\"yoast-schema-graph\">{\"@context\":\"https:\/\/schema.org\",\"@graph\":[{\"@type\":\"WebPage\",\"@id\":\"https:\/\/www.heddata.se\/webbutik\/produkt\/doro-6041-mobiltelefon-med-knappar-svart-7824\/\",\"url\":\"https:\/\/www.heddata.se\/webbutik\/produkt\/doro-6041-mobiltelefon-med-knappar-svart-7824\/\",\"name\":\"Doro 6041 mobiltelefon med knappar svart 7824, enkel och l\u00e4ttanv\u00e4nd\",\"isPartOf\":{\"@id\":\"https:\/\/www.heddata.se\/webbutik\/#website\"},\"primaryImageOfPage\":{\"@id\":\"https:\/\/www.heddata.se\/webbutik\/produkt\/doro-6041-mobiltelefon-med-knappar-svart-7824\/#primaryimage\"},\"image\":{\"@id\":\"https:\/\/www.heddata.se\/webbutik\/produkt\/doro-6041-mobiltelefon-med-knappar-svart-7824\/#primaryimage\"},\"thumbnailUrl\":\"https:\/\/www.heddata.se\/webbutik\/wp-content\/uploads\/webbutik\/kategorier\/mobiltelefoner-surfplattor\/7824.jpeg\",\"datePublished\":\"2022-07-26T12:18:08+00:00\",\"dateModified\":\"2026-05-01T08:28:54+00:00\",\"description\":\"Doro 6041 mobiltelefon med knappar svart 7824. Den vikbara designen f\u00f6rhindrar oavsiktliga knapptryckningar\",\"breadcrumb\":{\"@id\":\"https:\/\/www.heddata.se\/webbutik\/produkt\/doro-6041-mobiltelefon-med-knappar-svart-7824\/#breadcrumb\"},\"inLanguage\":\"sv-SE\",\"potentialAction\":[{\"@type\":\"ReadAction\",\"target\":[\"https:\/\/www.heddata.se\/webbutik\/produkt\/doro-6041-mobiltelefon-med-knappar-svart-7824\/\"]}]},{\"@type\":\"ImageObject\",\"inLanguage\":\"sv-SE\",\"@id\":\"https:\/\/www.heddata.se\/webbutik\/produkt\/doro-6041-mobiltelefon-med-knappar-svart-7824\/#primaryimage\",\"url\":\"https:\/\/www.heddata.se\/webbutik\/wp-content\/uploads\/webbutik\/kategorier\/mobiltelefoner-surfplattor\/7824.jpeg\",\"contentUrl\":\"https:\/\/www.heddata.se\/webbutik\/wp-content\/uploads\/webbutik\/kategorier\/mobiltelefoner-surfplattor\/7824.jpeg\",\"width\":900,\"height\":900,\"caption\":\"Doro 6041 mobiltelefon\"},{\"@type\":\"BreadcrumbList\",\"@id\":\"https:\/\/www.heddata.se\/webbutik\/produkt\/doro-6041-mobiltelefon-med-knappar-svart-7824\/#breadcrumb\",\"itemListElement\":[{\"@type\":\"ListItem\",\"position\":1,\"name\":\"Hem\",\"item\":\"https:\/\/www.heddata.se\/webbutik\/\"},{\"@type\":\"ListItem\",\"position\":2,\"name\":\"Produkter\",\"item\":\"https:\/\/www.heddata.se\/webbutik\/shop\/\"},{\"@type\":\"ListItem\",\"position\":3,\"name\":\"Doro 6041 mobiltelefon med knappar svart 7824\"}]},{\"@type\":\"WebSite\",\"@id\":\"https:\/\/www.heddata.se\/webbutik\/#website\",\"url\":\"https:\/\/www.heddata.se\/webbutik\/\",\"name\":\"Datorer, Skrivare, F\u00e4rgpatroner, Mobiltelefoner\",\"description\":\"Kablar\",\"publisher\":{\"@id\":\"https:\/\/www.heddata.se\/webbutik\/#organization\"},\"potentialAction\":[{\"@type\":\"SearchAction\",\"target\":{\"@type\":\"EntryPoint\",\"urlTemplate\":\"https:\/\/www.heddata.se\/webbutik\/?s={search_term_string}\"},\"query-input\":{\"@type\":\"PropertyValueSpecification\",\"valueRequired\":true,\"valueName\":\"search_term_string\"}}],\"inLanguage\":\"sv-SE\"},{\"@type\":\"Organization\",\"@id\":\"https:\/\/www.heddata.se\/webbutik\/#organization\",\"name\":\"Heddata AB\",\"url\":\"https:\/\/www.heddata.se\/webbutik\/\",\"logo\":{\"@type\":\"ImageObject\",\"inLanguage\":\"sv-SE\",\"@id\":\"https:\/\/www.heddata.se\/webbutik\/#\/schema\/logo\/image\/\",\"url\":\"https:\/\/www.heddata.se\/webbutik\/wp-content\/uploads\/logga\/heddata-ab-logga.png\",\"contentUrl\":\"https:\/\/www.heddata.se\/webbutik\/wp-content\/uploads\/logga\/heddata-ab-logga.png\",\"width\":200,\"height\":64,\"caption\":\"Heddata AB\"},\"image\":{\"@id\":\"https:\/\/www.heddata.se\/webbutik\/#\/schema\/logo\/image\/\"}}]}<\/script>\n<!-- \/ Yoast SEO Premium plugin. -->","yoast_head_json":{"title":"Doro 6041 mobiltelefon med knappar svart 7824, enkel och l\u00e4ttanv\u00e4nd","description":"Doro 6041 mobiltelefon med knappar svart 7824. Den vikbara designen f\u00f6rhindrar oavsiktliga knapptryckningar","robots":{"index":"index","follow":"follow","max-snippet":"max-snippet:-1","max-image-preview":"max-image-preview:large","max-video-preview":"max-video-preview:-1"},"canonical":"https:\/\/www.heddata.se\/webbutik\/produkt\/doro-6041-mobiltelefon-med-knappar-svart-7824\/","og_locale":"sv_SE","og_type":"article","og_title":"Doro 6041 mobiltelefon med knappar svart 7824","og_description":"Doro 6041 mobiltelefon med knappar svart 7824. Den vikbara designen f\u00f6rhindrar oavsiktliga knapptryckningar","og_url":"https:\/\/www.heddata.se\/webbutik\/produkt\/doro-6041-mobiltelefon-med-knappar-svart-7824\/","og_site_name":"Datorer, Skrivare, F\u00e4rgpatroner, Mobiltelefoner","article_modified_time":"2026-05-01T08:28:54+00:00","og_image":[{"width":900,"height":900,"url":"https:\/\/www.heddata.se\/webbutik\/wp-content\/uploads\/webbutik\/kategorier\/mobiltelefoner-surfplattor\/7824.jpeg","type":"image\/jpeg"}],"twitter_card":"summary_large_image","twitter_misc":{"Ber\u00e4knad l\u00e4stid":"2 minuter"},"schema":{"@context":"https:\/\/schema.org","@graph":[{"@type":"WebPage","@id":"https:\/\/www.heddata.se\/webbutik\/produkt\/doro-6041-mobiltelefon-med-knappar-svart-7824\/","url":"https:\/\/www.heddata.se\/webbutik\/produkt\/doro-6041-mobiltelefon-med-knappar-svart-7824\/","name":"Doro 6041 mobiltelefon med knappar svart 7824, enkel och l\u00e4ttanv\u00e4nd","isPartOf":{"@id":"https:\/\/www.heddata.se\/webbutik\/#website"},"primaryImageOfPage":{"@id":"https:\/\/www.heddata.se\/webbutik\/produkt\/doro-6041-mobiltelefon-med-knappar-svart-7824\/#primaryimage"},"image":{"@id":"https:\/\/www.heddata.se\/webbutik\/produkt\/doro-6041-mobiltelefon-med-knappar-svart-7824\/#primaryimage"},"thumbnailUrl":"https:\/\/www.heddata.se\/webbutik\/wp-content\/uploads\/webbutik\/kategorier\/mobiltelefoner-surfplattor\/7824.jpeg","datePublished":"2022-07-26T12:18:08+00:00","dateModified":"2026-05-01T08:28:54+00:00","description":"Doro 6041 mobiltelefon med knappar svart 7824. Den vikbara designen f\u00f6rhindrar oavsiktliga knapptryckningar","breadcrumb":{"@id":"https:\/\/www.heddata.se\/webbutik\/produkt\/doro-6041-mobiltelefon-med-knappar-svart-7824\/#breadcrumb"},"inLanguage":"sv-SE","potentialAction":[{"@type":"ReadAction","target":["https:\/\/www.heddata.se\/webbutik\/produkt\/doro-6041-mobiltelefon-med-knappar-svart-7824\/"]}]},{"@type":"ImageObject","inLanguage":"sv-SE","@id":"https:\/\/www.heddata.se\/webbutik\/produkt\/doro-6041-mobiltelefon-med-knappar-svart-7824\/#primaryimage","url":"https:\/\/www.heddata.se\/webbutik\/wp-content\/uploads\/webbutik\/kategorier\/mobiltelefoner-surfplattor\/7824.jpeg","contentUrl":"https:\/\/www.heddata.se\/webbutik\/wp-content\/uploads\/webbutik\/kategorier\/mobiltelefoner-surfplattor\/7824.jpeg","width":900,"height":900,"caption":"Doro 6041 mobiltelefon"},{"@type":"BreadcrumbList","@id":"https:\/\/www.heddata.se\/webbutik\/produkt\/doro-6041-mobiltelefon-med-knappar-svart-7824\/#breadcrumb","itemListElement":[{"@type":"ListItem","position":1,"name":"Hem","item":"https:\/\/www.heddata.se\/webbutik\/"},{"@type":"ListItem","position":2,"name":"Produkter","item":"https:\/\/www.heddata.se\/webbutik\/shop\/"},{"@type":"ListItem","position":3,"name":"Doro 6041 mobiltelefon med knappar svart 7824"}]},{"@type":"WebSite","@id":"https:\/\/www.heddata.se\/webbutik\/#website","url":"https:\/\/www.heddata.se\/webbutik\/","name":"Datorer, Skrivare, F\u00e4rgpatroner, Mobiltelefoner","description":"Kablar","publisher":{"@id":"https:\/\/www.heddata.se\/webbutik\/#organization"},"potentialAction":[{"@type":"SearchAction","target":{"@type":"EntryPoint","urlTemplate":"https:\/\/www.heddata.se\/webbutik\/?s={search_term_string}"},"query-input":{"@type":"PropertyValueSpecification","valueRequired":true,"valueName":"search_term_string"}}],"inLanguage":"sv-SE"},{"@type":"Organization","@id":"https:\/\/www.heddata.se\/webbutik\/#organization","name":"Heddata AB","url":"https:\/\/www.heddata.se\/webbutik\/","logo":{"@type":"ImageObject","inLanguage":"sv-SE","@id":"https:\/\/www.heddata.se\/webbutik\/#\/schema\/logo\/image\/","url":"https:\/\/www.heddata.se\/webbutik\/wp-content\/uploads\/logga\/heddata-ab-logga.png","contentUrl":"https:\/\/www.heddata.se\/webbutik\/wp-content\/uploads\/logga\/heddata-ab-logga.png","width":200,"height":64,"caption":"Heddata AB"},"image":{"@id":"https:\/\/www.heddata.se\/webbutik\/#\/schema\/logo\/image\/"}}]}},"_links":{"self":[{"href":"https:\/\/www.heddata.se\/webbutik\/wp-json\/wp\/v2\/product\/92989","targetHints":{"allow":["GET"]}}],"collection":[{"href":"https:\/\/www.heddata.se\/webbutik\/wp-json\/wp\/v2\/product"}],"about":[{"href":"https:\/\/www.heddata.se\/webbutik\/wp-json\/wp\/v2\/types\/product"}],"wp:featuredmedia":[{"embeddable":true,"href":"https:\/\/www.heddata.se\/webbutik\/wp-json\/wp\/v2\/media\/93029"}],"wp:attachment":[{"href":"https:\/\/www.heddata.se\/webbutik\/wp-json\/wp\/v2\/media?parent=92989"}],"wp:term":[{"taxonomy":"product_brand","embeddable":true,"href":"https:\/\/www.heddata.se\/webbutik\/wp-json\/wp\/v2\/product_brand?post=92989"},{"taxonomy":"product_cat","embeddable":true,"href":"https:\/\/www.heddata.se\/webbutik\/wp-json\/wp\/v2\/product_cat?post=92989"},{"taxonomy":"product_tag","embeddable":true,"href":"https:\/\/www.heddata.se\/webbutik\/wp-json\/wp\/v2\/product_tag?post=92989"}],"curies":[{"name":"wp","href":"https:\/\/api.w.org\/{rel}","templated":true}]}}