{"id":92942,"date":"2022-07-06T09:13:26","date_gmt":"2022-07-06T07:13:26","guid":{"rendered":"https:\/\/www.heddata.se\/webbutik\/?post_type=product&#038;p=92942"},"modified":"2026-04-07T18:10:08","modified_gmt":"2026-04-07T16:10:08","slug":"apple-magsafe-charger-mhxh3zm-a","status":"publish","type":"product","link":"https:\/\/www.heddata.se\/webbutik\/produkt\/apple-magsafe-charger-mhxh3zm-a\/","title":{"rendered":"Apple Magsafe Charger MHXH3ZM\/A"},"content":{"rendered":"<p>Apple Magsafe Charger MHXH3ZM\/A<\/p>\n<p>Apple MagSafe Charger &#8211; Med MagSafe-laddaren g\u00e5r det l\u00e4tt och smidigt att ladda tr\u00e5dl\u00f6st. Magneterna l\u00e4gger sig perfekt mot <a href=\"https:\/\/www.heddata.se\/webbutik\/telefon-surfplattor\/mobiltelefoner\/\">iPhone<\/a> 12 eller iPhone 12 Pro och ger snabbare tr\u00e5dl\u00f6s laddning upp till 15 W.<br \/>\nMagSafe-laddaren \u00e4r Qi-kompatibel, s\u00e5 den kan anv\u00e4ndas till att tr\u00e5dl\u00f6st ladda <a href=\"https:\/\/www.apple.com\/se\/\" target=\"_blank\" rel=\"noopener\">iPhone<\/a> 8 eller senare samt AirPods med tr\u00e5dl\u00f6st laddningsetui, precis som vilken annan Qi-certifierad laddare som helst.<\/p>\n<table class=\"data-table\">\n<tbody>\n<tr class=\"odd\">\n<td class=\"spec-name\">Effekt<\/td>\n<td class=\"spec-value\">15 Watt<\/td>\n<\/tr>\n<tr class=\"even\">\n<td class=\"spec-name\">Inmatningsanslutningar<\/td>\n<td class=\"spec-value\">24-stifts USB-C<\/td>\n<\/tr>\n<tr class=\"odd\">\n<td class=\"spec-name\">Designat f\u00f6r<\/td>\n<td class=\"spec-value\">Apple Wireless Charging Case \u00a6 Apple AirPods (2a generation, 3:e generationen) \u00a6 Apple AirPods Pro \u00a6 Apple iPhone 11, 11 Pro, 11 Pro Max, 12, 12 mini, 12 Pro, 12 Pro Max, 13, 13 mini, 13 Pro, 13 Pro Max, 8, 8 Plus, SE (andra generationen), X, XR, XS, XS Max<\/td>\n<\/tr>\n<tr class=\"even\">\n<td class=\"spec-name\">Service och support<\/td>\n<td class=\"spec-value\">Begr\u00e4nsad garanti &#8211; 1 \u00e5r<\/td>\n<\/tr>\n<tr class=\"odd\">\n<td class=\"spec-name\">Tr\u00e5dl\u00f6s laddning<\/td>\n<td class=\"spec-value\">Ja<\/td>\n<\/tr>\n<tr class=\"even\">\n<td class=\"spec-name\">Utdatakontakter<\/td>\n<td class=\"spec-value\">Magnetisk<\/td>\n<\/tr>\n<tr class=\"odd\">\n<td class=\"spec-name\">Utformad f\u00f6r<\/td>\n<td class=\"spec-value\">Mobiltelefon<\/td>\n<\/tr>\n<tr class=\"even\">\n<td class=\"spec-name\">Standarder f\u00f6r tr\u00e5dl\u00f6s laddning<\/td>\n<td class=\"spec-value\">Qi<\/td>\n<\/tr>\n<tr class=\"odd\">\n<td class=\"spec-name\">Produkttyp<\/td>\n<td class=\"spec-value\">Tr\u00e5dl\u00f6s laddningsmatta<\/td>\n<\/tr>\n<tr class=\"even\">\n<td class=\"spec-name\">Medf\u00f6ljande kablar<\/td>\n<td class=\"spec-value\">USB-C-kabel &#8211; 1 m<\/td>\n<\/tr>\n<\/tbody>\n<\/table>\n","protected":false},"excerpt":{"rendered":"<p>Apple Magsafe Charger MHXH3ZM\/A<\/p>\n","protected":false},"featured_media":92956,"template":"","meta":[],"product_brand":[],"product_cat":[118,69,125],"product_tag":[],"class_list":{"0":"post-92942","1":"product","2":"type-product","3":"status-publish","4":"has-post-thumbnail","6":"product_cat-telefonladdare","7":"product_cat-telefontillbehor","8":"product_cat-tradlos-laddning","10":"first","11":"outofstock","12":"taxable","13":"shipping-taxable","14":"purchasable","15":"product-type-simple"},"yoast_head":"<!-- This site is optimized with the Yoast SEO Premium plugin v26.7 (Yoast SEO v26.7) - https:\/\/yoast.com\/wordpress\/plugins\/seo\/ -->\n<title>Apple Magsafe Charger MHXH3ZM\/A l\u00e4tt och smidigt att ladda tr\u00e5dl\u00f6st.<\/title>\n<meta name=\"description\" content=\"Apple Magsafe Charger MHXH3ZM\/A. Med MagSafe-laddaren g\u00e5r det l\u00e4tt och smidigt att ladda tr\u00e5dl\u00f6st. MagSafe-laddaren \u00e4r Qi-kompatibel\" \/>\n<meta name=\"robots\" content=\"index, follow, max-snippet:-1, max-image-preview:large, max-video-preview:-1\" \/>\n<link rel=\"canonical\" href=\"https:\/\/www.heddata.se\/webbutik\/produkt\/apple-magsafe-charger-mhxh3zm-a\/\" \/>\n<meta property=\"og:locale\" content=\"sv_SE\" \/>\n<meta property=\"og:type\" content=\"article\" \/>\n<meta property=\"og:title\" content=\"Apple Magsafe Charger MHXH3ZM\/A\" \/>\n<meta property=\"og:description\" content=\"Apple Magsafe Charger MHXH3ZM\/A. Med MagSafe-laddaren g\u00e5r det l\u00e4tt och smidigt att ladda tr\u00e5dl\u00f6st. MagSafe-laddaren \u00e4r Qi-kompatibel\" \/>\n<meta property=\"og:url\" content=\"https:\/\/www.heddata.se\/webbutik\/produkt\/apple-magsafe-charger-mhxh3zm-a\/\" \/>\n<meta property=\"og:site_name\" content=\"Datorer, Skrivare, F\u00e4rgpatroner, Mobiltelefoner\" \/>\n<meta property=\"article:modified_time\" content=\"2026-04-07T16:10:08+00:00\" \/>\n<meta property=\"og:image\" content=\"https:\/\/www.heddata.se\/webbutik\/wp-content\/uploads\/webbutik\/kategorier\/telefontillbehor\/mhxh3zm.jpg\" \/>\n\t<meta property=\"og:image:width\" content=\"960\" \/>\n\t<meta property=\"og:image:height\" content=\"960\" \/>\n\t<meta property=\"og:image:type\" content=\"image\/jpeg\" \/>\n<meta name=\"twitter:card\" content=\"summary_large_image\" \/>\n<meta name=\"twitter:label1\" content=\"Ber\u00e4knad l\u00e4stid\" \/>\n\t<meta name=\"twitter:data1\" content=\"1 minut\" \/>\n<script type=\"application\/ld+json\" class=\"yoast-schema-graph\">{\"@context\":\"https:\/\/schema.org\",\"@graph\":[{\"@type\":\"WebPage\",\"@id\":\"https:\/\/www.heddata.se\/webbutik\/produkt\/apple-magsafe-charger-mhxh3zm-a\/\",\"url\":\"https:\/\/www.heddata.se\/webbutik\/produkt\/apple-magsafe-charger-mhxh3zm-a\/\",\"name\":\"Apple Magsafe Charger MHXH3ZM\/A l\u00e4tt och smidigt att ladda tr\u00e5dl\u00f6st.\",\"isPartOf\":{\"@id\":\"https:\/\/www.heddata.se\/webbutik\/#website\"},\"primaryImageOfPage\":{\"@id\":\"https:\/\/www.heddata.se\/webbutik\/produkt\/apple-magsafe-charger-mhxh3zm-a\/#primaryimage\"},\"image\":{\"@id\":\"https:\/\/www.heddata.se\/webbutik\/produkt\/apple-magsafe-charger-mhxh3zm-a\/#primaryimage\"},\"thumbnailUrl\":\"https:\/\/www.heddata.se\/webbutik\/wp-content\/uploads\/webbutik\/kategorier\/telefontillbehor\/mhxh3zm.jpg\",\"datePublished\":\"2022-07-06T07:13:26+00:00\",\"dateModified\":\"2026-04-07T16:10:08+00:00\",\"description\":\"Apple Magsafe Charger MHXH3ZM\/A. Med MagSafe-laddaren g\u00e5r det l\u00e4tt och smidigt att ladda tr\u00e5dl\u00f6st. MagSafe-laddaren \u00e4r Qi-kompatibel\",\"breadcrumb\":{\"@id\":\"https:\/\/www.heddata.se\/webbutik\/produkt\/apple-magsafe-charger-mhxh3zm-a\/#breadcrumb\"},\"inLanguage\":\"sv-SE\",\"potentialAction\":[{\"@type\":\"ReadAction\",\"target\":[\"https:\/\/www.heddata.se\/webbutik\/produkt\/apple-magsafe-charger-mhxh3zm-a\/\"]}]},{\"@type\":\"ImageObject\",\"inLanguage\":\"sv-SE\",\"@id\":\"https:\/\/www.heddata.se\/webbutik\/produkt\/apple-magsafe-charger-mhxh3zm-a\/#primaryimage\",\"url\":\"https:\/\/www.heddata.se\/webbutik\/wp-content\/uploads\/webbutik\/kategorier\/telefontillbehor\/mhxh3zm.jpg\",\"contentUrl\":\"https:\/\/www.heddata.se\/webbutik\/wp-content\/uploads\/webbutik\/kategorier\/telefontillbehor\/mhxh3zm.jpg\",\"width\":960,\"height\":960,\"caption\":\"Apple Magsafe Charger MHXH3ZM\/A\"},{\"@type\":\"BreadcrumbList\",\"@id\":\"https:\/\/www.heddata.se\/webbutik\/produkt\/apple-magsafe-charger-mhxh3zm-a\/#breadcrumb\",\"itemListElement\":[{\"@type\":\"ListItem\",\"position\":1,\"name\":\"Hem\",\"item\":\"https:\/\/www.heddata.se\/webbutik\/\"},{\"@type\":\"ListItem\",\"position\":2,\"name\":\"Produkter\",\"item\":\"https:\/\/www.heddata.se\/webbutik\/shop\/\"},{\"@type\":\"ListItem\",\"position\":3,\"name\":\"Apple Magsafe Charger MHXH3ZM\/A\"}]},{\"@type\":\"WebSite\",\"@id\":\"https:\/\/www.heddata.se\/webbutik\/#website\",\"url\":\"https:\/\/www.heddata.se\/webbutik\/\",\"name\":\"Datorer, Skrivare, F\u00e4rgpatroner, Mobiltelefoner\",\"description\":\"Kablar\",\"publisher\":{\"@id\":\"https:\/\/www.heddata.se\/webbutik\/#organization\"},\"potentialAction\":[{\"@type\":\"SearchAction\",\"target\":{\"@type\":\"EntryPoint\",\"urlTemplate\":\"https:\/\/www.heddata.se\/webbutik\/?s={search_term_string}\"},\"query-input\":{\"@type\":\"PropertyValueSpecification\",\"valueRequired\":true,\"valueName\":\"search_term_string\"}}],\"inLanguage\":\"sv-SE\"},{\"@type\":\"Organization\",\"@id\":\"https:\/\/www.heddata.se\/webbutik\/#organization\",\"name\":\"Heddata AB\",\"url\":\"https:\/\/www.heddata.se\/webbutik\/\",\"logo\":{\"@type\":\"ImageObject\",\"inLanguage\":\"sv-SE\",\"@id\":\"https:\/\/www.heddata.se\/webbutik\/#\/schema\/logo\/image\/\",\"url\":\"https:\/\/www.heddata.se\/webbutik\/wp-content\/uploads\/logga\/heddata-ab-logga.png\",\"contentUrl\":\"https:\/\/www.heddata.se\/webbutik\/wp-content\/uploads\/logga\/heddata-ab-logga.png\",\"width\":200,\"height\":64,\"caption\":\"Heddata AB\"},\"image\":{\"@id\":\"https:\/\/www.heddata.se\/webbutik\/#\/schema\/logo\/image\/\"}}]}<\/script>\n<!-- \/ Yoast SEO Premium plugin. -->","yoast_head_json":{"title":"Apple Magsafe Charger MHXH3ZM\/A l\u00e4tt och smidigt att ladda tr\u00e5dl\u00f6st.","description":"Apple Magsafe Charger MHXH3ZM\/A. Med MagSafe-laddaren g\u00e5r det l\u00e4tt och smidigt att ladda tr\u00e5dl\u00f6st. MagSafe-laddaren \u00e4r Qi-kompatibel","robots":{"index":"index","follow":"follow","max-snippet":"max-snippet:-1","max-image-preview":"max-image-preview:large","max-video-preview":"max-video-preview:-1"},"canonical":"https:\/\/www.heddata.se\/webbutik\/produkt\/apple-magsafe-charger-mhxh3zm-a\/","og_locale":"sv_SE","og_type":"article","og_title":"Apple Magsafe Charger MHXH3ZM\/A","og_description":"Apple Magsafe Charger MHXH3ZM\/A. Med MagSafe-laddaren g\u00e5r det l\u00e4tt och smidigt att ladda tr\u00e5dl\u00f6st. MagSafe-laddaren \u00e4r Qi-kompatibel","og_url":"https:\/\/www.heddata.se\/webbutik\/produkt\/apple-magsafe-charger-mhxh3zm-a\/","og_site_name":"Datorer, Skrivare, F\u00e4rgpatroner, Mobiltelefoner","article_modified_time":"2026-04-07T16:10:08+00:00","og_image":[{"width":960,"height":960,"url":"https:\/\/www.heddata.se\/webbutik\/wp-content\/uploads\/webbutik\/kategorier\/telefontillbehor\/mhxh3zm.jpg","type":"image\/jpeg"}],"twitter_card":"summary_large_image","twitter_misc":{"Ber\u00e4knad l\u00e4stid":"1 minut"},"schema":{"@context":"https:\/\/schema.org","@graph":[{"@type":"WebPage","@id":"https:\/\/www.heddata.se\/webbutik\/produkt\/apple-magsafe-charger-mhxh3zm-a\/","url":"https:\/\/www.heddata.se\/webbutik\/produkt\/apple-magsafe-charger-mhxh3zm-a\/","name":"Apple Magsafe Charger MHXH3ZM\/A l\u00e4tt och smidigt att ladda tr\u00e5dl\u00f6st.","isPartOf":{"@id":"https:\/\/www.heddata.se\/webbutik\/#website"},"primaryImageOfPage":{"@id":"https:\/\/www.heddata.se\/webbutik\/produkt\/apple-magsafe-charger-mhxh3zm-a\/#primaryimage"},"image":{"@id":"https:\/\/www.heddata.se\/webbutik\/produkt\/apple-magsafe-charger-mhxh3zm-a\/#primaryimage"},"thumbnailUrl":"https:\/\/www.heddata.se\/webbutik\/wp-content\/uploads\/webbutik\/kategorier\/telefontillbehor\/mhxh3zm.jpg","datePublished":"2022-07-06T07:13:26+00:00","dateModified":"2026-04-07T16:10:08+00:00","description":"Apple Magsafe Charger MHXH3ZM\/A. Med MagSafe-laddaren g\u00e5r det l\u00e4tt och smidigt att ladda tr\u00e5dl\u00f6st. MagSafe-laddaren \u00e4r Qi-kompatibel","breadcrumb":{"@id":"https:\/\/www.heddata.se\/webbutik\/produkt\/apple-magsafe-charger-mhxh3zm-a\/#breadcrumb"},"inLanguage":"sv-SE","potentialAction":[{"@type":"ReadAction","target":["https:\/\/www.heddata.se\/webbutik\/produkt\/apple-magsafe-charger-mhxh3zm-a\/"]}]},{"@type":"ImageObject","inLanguage":"sv-SE","@id":"https:\/\/www.heddata.se\/webbutik\/produkt\/apple-magsafe-charger-mhxh3zm-a\/#primaryimage","url":"https:\/\/www.heddata.se\/webbutik\/wp-content\/uploads\/webbutik\/kategorier\/telefontillbehor\/mhxh3zm.jpg","contentUrl":"https:\/\/www.heddata.se\/webbutik\/wp-content\/uploads\/webbutik\/kategorier\/telefontillbehor\/mhxh3zm.jpg","width":960,"height":960,"caption":"Apple Magsafe Charger MHXH3ZM\/A"},{"@type":"BreadcrumbList","@id":"https:\/\/www.heddata.se\/webbutik\/produkt\/apple-magsafe-charger-mhxh3zm-a\/#breadcrumb","itemListElement":[{"@type":"ListItem","position":1,"name":"Hem","item":"https:\/\/www.heddata.se\/webbutik\/"},{"@type":"ListItem","position":2,"name":"Produkter","item":"https:\/\/www.heddata.se\/webbutik\/shop\/"},{"@type":"ListItem","position":3,"name":"Apple Magsafe Charger MHXH3ZM\/A"}]},{"@type":"WebSite","@id":"https:\/\/www.heddata.se\/webbutik\/#website","url":"https:\/\/www.heddata.se\/webbutik\/","name":"Datorer, Skrivare, F\u00e4rgpatroner, Mobiltelefoner","description":"Kablar","publisher":{"@id":"https:\/\/www.heddata.se\/webbutik\/#organization"},"potentialAction":[{"@type":"SearchAction","target":{"@type":"EntryPoint","urlTemplate":"https:\/\/www.heddata.se\/webbutik\/?s={search_term_string}"},"query-input":{"@type":"PropertyValueSpecification","valueRequired":true,"valueName":"search_term_string"}}],"inLanguage":"sv-SE"},{"@type":"Organization","@id":"https:\/\/www.heddata.se\/webbutik\/#organization","name":"Heddata AB","url":"https:\/\/www.heddata.se\/webbutik\/","logo":{"@type":"ImageObject","inLanguage":"sv-SE","@id":"https:\/\/www.heddata.se\/webbutik\/#\/schema\/logo\/image\/","url":"https:\/\/www.heddata.se\/webbutik\/wp-content\/uploads\/logga\/heddata-ab-logga.png","contentUrl":"https:\/\/www.heddata.se\/webbutik\/wp-content\/uploads\/logga\/heddata-ab-logga.png","width":200,"height":64,"caption":"Heddata AB"},"image":{"@id":"https:\/\/www.heddata.se\/webbutik\/#\/schema\/logo\/image\/"}}]}},"_links":{"self":[{"href":"https:\/\/www.heddata.se\/webbutik\/wp-json\/wp\/v2\/product\/92942","targetHints":{"allow":["GET"]}}],"collection":[{"href":"https:\/\/www.heddata.se\/webbutik\/wp-json\/wp\/v2\/product"}],"about":[{"href":"https:\/\/www.heddata.se\/webbutik\/wp-json\/wp\/v2\/types\/product"}],"wp:featuredmedia":[{"embeddable":true,"href":"https:\/\/www.heddata.se\/webbutik\/wp-json\/wp\/v2\/media\/92956"}],"wp:attachment":[{"href":"https:\/\/www.heddata.se\/webbutik\/wp-json\/wp\/v2\/media?parent=92942"}],"wp:term":[{"taxonomy":"product_brand","embeddable":true,"href":"https:\/\/www.heddata.se\/webbutik\/wp-json\/wp\/v2\/product_brand?post=92942"},{"taxonomy":"product_cat","embeddable":true,"href":"https:\/\/www.heddata.se\/webbutik\/wp-json\/wp\/v2\/product_cat?post=92942"},{"taxonomy":"product_tag","embeddable":true,"href":"https:\/\/www.heddata.se\/webbutik\/wp-json\/wp\/v2\/product_tag?post=92942"}],"curies":[{"name":"wp","href":"https:\/\/api.w.org\/{rel}","templated":true}]}}