{"id":92886,"date":"2022-06-17T10:18:09","date_gmt":"2022-06-17T08:18:09","guid":{"rendered":"https:\/\/www.heddata.se\/webbutik\/?post_type=product&#038;p=92886"},"modified":"2026-04-07T10:09:34","modified_gmt":"2026-04-07T08:09:34","slug":"billaddare-micro-usb-1x-2-4-a-fast-kabel-1-00-m-12-w-ccham240abk","status":"publish","type":"product","link":"https:\/\/www.heddata.se\/webbutik\/produkt\/billaddare-micro-usb-1x-2-4-a-fast-kabel-1-00-m-12-w-ccham240abk\/","title":{"rendered":"Billaddare Micro USB 1x 2.4 A (Fast) Kabel | 1.00 m | 12 W &#8211; CCHAM240ABK"},"content":{"rendered":"<p>Billaddare Micro USB 1x 2.4 A (Fast) Kabel | 1.00 m | 12 W &#8211; CCHAM240ABK<\/p>\n<div class=\"description\">\n<div class=\"d-flex flex-column\">\n<div class=\"position-relative\">\n<div class=\"\">\n<p class=\"p-0 m-0\">Med <a href=\"https:\/\/nedis.se\/sv-se\" target=\"_blank\" rel=\"noopener\">Nedis\u00ae<\/a> Micro USB-billaddare kan du ladda valfri Micro USB-enhet fr\u00e5n bilens eluttag. Det kompakta formatet g\u00f6r det h\u00e4r till den perfekta l\u00f6sningen p\u00e5 resan.<\/p>\n<\/div>\n<\/div>\n<\/div>\n<\/div>\n<h4 class=\"mt-3\"><strong class=\"d-block\">Egenskaper<\/strong><\/h4>\n<p class=\"m-0\">\u2022 12\u00a0W \u2022 1x 2.4\u00a0A-utg\u00e5ng via fast Micro USB-kabel \u2022 Kabell\u00e4ngd: \u00b1 1.0\u00a0m<\/p>\n<div id=\"package-contents\">\n<div class=\"border-top-md-down py-4 py-md-0\">\n<h4 id=\"package-contents\"><strong>Paketet inneh\u00e5ller<\/strong><\/h4>\n<p>1x <a href=\"https:\/\/www.heddata.se\/webbutik\/telefon-surfplattor\/mobiltelefoner\/\">billaddare<\/a><\/p>\n<\/div>\n<\/div>\n<div id=\"information\"><strong style=\"font-size: 14.4px\">Produktspecifikationer<\/strong><\/div>\n<div><\/div>\n<div class=\"border-top-md-down py-4 py-md-0\">\n<table class=\"table table-dashed-border\">\n<tbody>\n<tr>\n<th scope=\"row\">Kabell\u00e4ngd<\/th>\n<td>1.00 m<\/td>\n<\/tr>\n<tr>\n<th scope=\"row\">F\u00e4rg<\/th>\n<td>Svart<\/td>\n<\/tr>\n<tr>\n<th scope=\"row\">Maximal str\u00f6m konsumtion<\/th>\n<td>12 W<\/td>\n<\/tr>\n<tr>\n<th scope=\"row\">Material<\/th>\n<td>Polycarbonate<\/td>\n<\/tr>\n<tr>\n<th scope=\"row\">Antal utg\u00e5ngar<\/th>\n<td>1<\/td>\n<\/tr>\n<tr>\n<th scope=\"row\">N\u00e4tkontakt<\/th>\n<td>Biladapter<\/td>\n<\/tr>\n<tr>\n<th scope=\"row\">Passar till m\u00e4rken<\/th>\n<td>Universella<\/td>\n<\/tr>\n<tr>\n<th scope=\"row\">Kabel ing\u00e5r<\/th>\n<td>Nej<\/td>\n<\/tr>\n<tr>\n<th scope=\"row\">LED indikatorn anv\u00e4nds<\/th>\n<td>Ja<\/td>\n<\/tr>\n<tr>\n<th scope=\"row\">Snabbladdnings funktion<\/th>\n<td>Ja<\/td>\n<\/tr>\n<tr>\n<th scope=\"row\">Passar till enhet<\/th>\n<td>Smartphone<br \/>\nSurfplatta<\/td>\n<\/tr>\n<tr>\n<th scope=\"row\">Kompatibel med enhet<\/th>\n<td>Smartphone<br \/>\nSurfplatta<\/td>\n<\/tr>\n<tr>\n<th scope=\"row\">Kabeltyp<\/th>\n<td>Micro USB (Fast) Kabel<\/td>\n<\/tr>\n<tr>\n<th scope=\"row\">Val av utsp\u00e4nning<\/th>\n<td>Enkel Sp\u00e4nningsutg\u00e5ng<\/td>\n<\/tr>\n<tr>\n<th scope=\"row\">Insp\u00e4nning<\/th>\n<td>12 &#8211; 24 VDC<\/td>\n<\/tr>\n<tr>\n<th scope=\"row\">Typ av str\u00f6mk\u00e4lla<\/th>\n<td>12 V billaddare<\/td>\n<\/tr>\n<tr>\n<th scope=\"row\">Display<\/th>\n<td>Nej<\/td>\n<\/tr>\n<tr>\n<th scope=\"row\">Apparat<\/th>\n<td>Bil<br \/>\nB\u00e5t<br \/>\nLastbil<\/td>\n<\/tr>\n<tr>\n<th scope=\"row\">H\u00f6jd<\/th>\n<td>48 mm<\/td>\n<\/tr>\n<tr>\n<th scope=\"row\">Djup<\/th>\n<td>25 mm<\/td>\n<\/tr>\n<tr>\n<th scope=\"row\">Bredd<\/th>\n<td>25 mm<\/td>\n<\/tr>\n<tr>\n<th scope=\"row\">Maximal utg\u00e5ngsstr\u00f6m per port<\/th>\n<td>2.4 A<\/td>\n<\/tr>\n<tr>\n<th scope=\"row\">Utstr\u00f6m<\/th>\n<td>1x 2.4 A<\/td>\n<\/tr>\n<tr>\n<th scope=\"row\">Tema<\/th>\n<td>Resor<\/td>\n<\/tr>\n<tr>\n<th scope=\"row\">Utg\u00e5ende sp\u00e4nning<\/th>\n<td>5.0 V DC<\/td>\n<\/tr>\n<\/tbody>\n<\/table>\n<\/div>\n","protected":false},"excerpt":{"rendered":"<p>Billaddare Micro USB 1x 2.4 A (Fast) Kabel | 1.00 m | 12 W &#8211; CCHAM240ABK<\/p>\n","protected":false},"featured_media":92890,"template":"","meta":[],"product_brand":[],"product_cat":[124,118,69],"product_tag":[],"class_list":{"0":"post-92886","1":"product","2":"type-product","3":"status-publish","4":"has-post-thumbnail","6":"product_cat-billaddare","7":"product_cat-telefonladdare","8":"product_cat-telefontillbehor","10":"first","11":"instock","12":"taxable","13":"shipping-taxable","14":"purchasable","15":"product-type-simple"},"yoast_head":"<!-- This site is optimized with the Yoast SEO Premium plugin v26.7 (Yoast SEO v26.7) - https:\/\/yoast.com\/wordpress\/plugins\/seo\/ -->\n<title>Billaddare Micro USB 1x 2.4 A (Fast) Kabel | 1.00 m | 12 W<\/title>\n<meta name=\"description\" content=\"Billaddare Micro USB 1x 2.4 A (Fast) Kabel | 1.00 m | 12 W - CCHAM240ABK, laddare f\u00f6r valfri Micro USB-enhet fr\u00e5n bilens eluttag.\" \/>\n<meta name=\"robots\" content=\"index, follow, max-snippet:-1, max-image-preview:large, max-video-preview:-1\" \/>\n<link rel=\"canonical\" href=\"https:\/\/www.heddata.se\/webbutik\/produkt\/billaddare-micro-usb-1x-2-4-a-fast-kabel-1-00-m-12-w-ccham240abk\/\" \/>\n<meta property=\"og:locale\" content=\"sv_SE\" \/>\n<meta property=\"og:type\" content=\"article\" \/>\n<meta property=\"og:title\" content=\"Billaddare Micro USB 1x 2.4 A (Fast) Kabel | 1.00 m | 12 W - CCHAM240ABK\" \/>\n<meta property=\"og:description\" content=\"Billaddare Micro USB 1x 2.4 A (Fast) Kabel | 1.00 m | 12 W - CCHAM240ABK, laddare f\u00f6r valfri Micro USB-enhet fr\u00e5n bilens eluttag.\" \/>\n<meta property=\"og:url\" content=\"https:\/\/www.heddata.se\/webbutik\/produkt\/billaddare-micro-usb-1x-2-4-a-fast-kabel-1-00-m-12-w-ccham240abk\/\" \/>\n<meta property=\"og:site_name\" content=\"Datorer, Skrivare, F\u00e4rgpatroner, Mobiltelefoner\" \/>\n<meta property=\"article:modified_time\" content=\"2026-04-07T08:09:34+00:00\" \/>\n<meta property=\"og:image\" content=\"https:\/\/www.heddata.se\/webbutik\/wp-content\/uploads\/webbutik\/kategorier\/telefontillbehor\/ccham240abk.jpeg\" \/>\n\t<meta property=\"og:image:width\" content=\"1200\" \/>\n\t<meta property=\"og:image:height\" content=\"1200\" \/>\n\t<meta property=\"og:image:type\" content=\"image\/jpeg\" \/>\n<meta name=\"twitter:card\" content=\"summary_large_image\" \/>\n<meta name=\"twitter:label1\" content=\"Ber\u00e4knad l\u00e4stid\" \/>\n\t<meta name=\"twitter:data1\" content=\"1 minut\" \/>\n<script type=\"application\/ld+json\" class=\"yoast-schema-graph\">{\"@context\":\"https:\/\/schema.org\",\"@graph\":[{\"@type\":\"WebPage\",\"@id\":\"https:\/\/www.heddata.se\/webbutik\/produkt\/billaddare-micro-usb-1x-2-4-a-fast-kabel-1-00-m-12-w-ccham240abk\/\",\"url\":\"https:\/\/www.heddata.se\/webbutik\/produkt\/billaddare-micro-usb-1x-2-4-a-fast-kabel-1-00-m-12-w-ccham240abk\/\",\"name\":\"Billaddare Micro USB 1x 2.4 A (Fast) Kabel | 1.00 m | 12 W\",\"isPartOf\":{\"@id\":\"https:\/\/www.heddata.se\/webbutik\/#website\"},\"primaryImageOfPage\":{\"@id\":\"https:\/\/www.heddata.se\/webbutik\/produkt\/billaddare-micro-usb-1x-2-4-a-fast-kabel-1-00-m-12-w-ccham240abk\/#primaryimage\"},\"image\":{\"@id\":\"https:\/\/www.heddata.se\/webbutik\/produkt\/billaddare-micro-usb-1x-2-4-a-fast-kabel-1-00-m-12-w-ccham240abk\/#primaryimage\"},\"thumbnailUrl\":\"https:\/\/www.heddata.se\/webbutik\/wp-content\/uploads\/webbutik\/kategorier\/telefontillbehor\/ccham240abk.jpeg\",\"datePublished\":\"2022-06-17T08:18:09+00:00\",\"dateModified\":\"2026-04-07T08:09:34+00:00\",\"description\":\"Billaddare Micro USB 1x 2.4 A (Fast) Kabel | 1.00 m | 12 W - CCHAM240ABK, laddare f\u00f6r valfri Micro USB-enhet fr\u00e5n bilens eluttag.\",\"breadcrumb\":{\"@id\":\"https:\/\/www.heddata.se\/webbutik\/produkt\/billaddare-micro-usb-1x-2-4-a-fast-kabel-1-00-m-12-w-ccham240abk\/#breadcrumb\"},\"inLanguage\":\"sv-SE\",\"potentialAction\":[{\"@type\":\"ReadAction\",\"target\":[\"https:\/\/www.heddata.se\/webbutik\/produkt\/billaddare-micro-usb-1x-2-4-a-fast-kabel-1-00-m-12-w-ccham240abk\/\"]}]},{\"@type\":\"ImageObject\",\"inLanguage\":\"sv-SE\",\"@id\":\"https:\/\/www.heddata.se\/webbutik\/produkt\/billaddare-micro-usb-1x-2-4-a-fast-kabel-1-00-m-12-w-ccham240abk\/#primaryimage\",\"url\":\"https:\/\/www.heddata.se\/webbutik\/wp-content\/uploads\/webbutik\/kategorier\/telefontillbehor\/ccham240abk.jpeg\",\"contentUrl\":\"https:\/\/www.heddata.se\/webbutik\/wp-content\/uploads\/webbutik\/kategorier\/telefontillbehor\/ccham240abk.jpeg\",\"width\":1200,\"height\":1200,\"caption\":\"Billaddare Micro USB\"},{\"@type\":\"BreadcrumbList\",\"@id\":\"https:\/\/www.heddata.se\/webbutik\/produkt\/billaddare-micro-usb-1x-2-4-a-fast-kabel-1-00-m-12-w-ccham240abk\/#breadcrumb\",\"itemListElement\":[{\"@type\":\"ListItem\",\"position\":1,\"name\":\"Hem\",\"item\":\"https:\/\/www.heddata.se\/webbutik\/\"},{\"@type\":\"ListItem\",\"position\":2,\"name\":\"Produkter\",\"item\":\"https:\/\/www.heddata.se\/webbutik\/shop\/\"},{\"@type\":\"ListItem\",\"position\":3,\"name\":\"Billaddare Micro USB 1x 2.4 A (Fast) Kabel | 1.00 m | 12 W &#8211; CCHAM240ABK\"}]},{\"@type\":\"WebSite\",\"@id\":\"https:\/\/www.heddata.se\/webbutik\/#website\",\"url\":\"https:\/\/www.heddata.se\/webbutik\/\",\"name\":\"Datorer, Skrivare, F\u00e4rgpatroner, Mobiltelefoner\",\"description\":\"Kablar\",\"publisher\":{\"@id\":\"https:\/\/www.heddata.se\/webbutik\/#organization\"},\"potentialAction\":[{\"@type\":\"SearchAction\",\"target\":{\"@type\":\"EntryPoint\",\"urlTemplate\":\"https:\/\/www.heddata.se\/webbutik\/?s={search_term_string}\"},\"query-input\":{\"@type\":\"PropertyValueSpecification\",\"valueRequired\":true,\"valueName\":\"search_term_string\"}}],\"inLanguage\":\"sv-SE\"},{\"@type\":\"Organization\",\"@id\":\"https:\/\/www.heddata.se\/webbutik\/#organization\",\"name\":\"Heddata AB\",\"url\":\"https:\/\/www.heddata.se\/webbutik\/\",\"logo\":{\"@type\":\"ImageObject\",\"inLanguage\":\"sv-SE\",\"@id\":\"https:\/\/www.heddata.se\/webbutik\/#\/schema\/logo\/image\/\",\"url\":\"https:\/\/www.heddata.se\/webbutik\/wp-content\/uploads\/logga\/heddata-ab-logga.png\",\"contentUrl\":\"https:\/\/www.heddata.se\/webbutik\/wp-content\/uploads\/logga\/heddata-ab-logga.png\",\"width\":200,\"height\":64,\"caption\":\"Heddata AB\"},\"image\":{\"@id\":\"https:\/\/www.heddata.se\/webbutik\/#\/schema\/logo\/image\/\"}}]}<\/script>\n<!-- \/ Yoast SEO Premium plugin. -->","yoast_head_json":{"title":"Billaddare Micro USB 1x 2.4 A (Fast) Kabel | 1.00 m | 12 W","description":"Billaddare Micro USB 1x 2.4 A (Fast) Kabel | 1.00 m | 12 W - CCHAM240ABK, laddare f\u00f6r valfri Micro USB-enhet fr\u00e5n bilens eluttag.","robots":{"index":"index","follow":"follow","max-snippet":"max-snippet:-1","max-image-preview":"max-image-preview:large","max-video-preview":"max-video-preview:-1"},"canonical":"https:\/\/www.heddata.se\/webbutik\/produkt\/billaddare-micro-usb-1x-2-4-a-fast-kabel-1-00-m-12-w-ccham240abk\/","og_locale":"sv_SE","og_type":"article","og_title":"Billaddare Micro USB 1x 2.4 A (Fast) Kabel | 1.00 m | 12 W - CCHAM240ABK","og_description":"Billaddare Micro USB 1x 2.4 A (Fast) Kabel | 1.00 m | 12 W - CCHAM240ABK, laddare f\u00f6r valfri Micro USB-enhet fr\u00e5n bilens eluttag.","og_url":"https:\/\/www.heddata.se\/webbutik\/produkt\/billaddare-micro-usb-1x-2-4-a-fast-kabel-1-00-m-12-w-ccham240abk\/","og_site_name":"Datorer, Skrivare, F\u00e4rgpatroner, Mobiltelefoner","article_modified_time":"2026-04-07T08:09:34+00:00","og_image":[{"width":1200,"height":1200,"url":"https:\/\/www.heddata.se\/webbutik\/wp-content\/uploads\/webbutik\/kategorier\/telefontillbehor\/ccham240abk.jpeg","type":"image\/jpeg"}],"twitter_card":"summary_large_image","twitter_misc":{"Ber\u00e4knad l\u00e4stid":"1 minut"},"schema":{"@context":"https:\/\/schema.org","@graph":[{"@type":"WebPage","@id":"https:\/\/www.heddata.se\/webbutik\/produkt\/billaddare-micro-usb-1x-2-4-a-fast-kabel-1-00-m-12-w-ccham240abk\/","url":"https:\/\/www.heddata.se\/webbutik\/produkt\/billaddare-micro-usb-1x-2-4-a-fast-kabel-1-00-m-12-w-ccham240abk\/","name":"Billaddare Micro USB 1x 2.4 A (Fast) Kabel | 1.00 m | 12 W","isPartOf":{"@id":"https:\/\/www.heddata.se\/webbutik\/#website"},"primaryImageOfPage":{"@id":"https:\/\/www.heddata.se\/webbutik\/produkt\/billaddare-micro-usb-1x-2-4-a-fast-kabel-1-00-m-12-w-ccham240abk\/#primaryimage"},"image":{"@id":"https:\/\/www.heddata.se\/webbutik\/produkt\/billaddare-micro-usb-1x-2-4-a-fast-kabel-1-00-m-12-w-ccham240abk\/#primaryimage"},"thumbnailUrl":"https:\/\/www.heddata.se\/webbutik\/wp-content\/uploads\/webbutik\/kategorier\/telefontillbehor\/ccham240abk.jpeg","datePublished":"2022-06-17T08:18:09+00:00","dateModified":"2026-04-07T08:09:34+00:00","description":"Billaddare Micro USB 1x 2.4 A (Fast) Kabel | 1.00 m | 12 W - CCHAM240ABK, laddare f\u00f6r valfri Micro USB-enhet fr\u00e5n bilens eluttag.","breadcrumb":{"@id":"https:\/\/www.heddata.se\/webbutik\/produkt\/billaddare-micro-usb-1x-2-4-a-fast-kabel-1-00-m-12-w-ccham240abk\/#breadcrumb"},"inLanguage":"sv-SE","potentialAction":[{"@type":"ReadAction","target":["https:\/\/www.heddata.se\/webbutik\/produkt\/billaddare-micro-usb-1x-2-4-a-fast-kabel-1-00-m-12-w-ccham240abk\/"]}]},{"@type":"ImageObject","inLanguage":"sv-SE","@id":"https:\/\/www.heddata.se\/webbutik\/produkt\/billaddare-micro-usb-1x-2-4-a-fast-kabel-1-00-m-12-w-ccham240abk\/#primaryimage","url":"https:\/\/www.heddata.se\/webbutik\/wp-content\/uploads\/webbutik\/kategorier\/telefontillbehor\/ccham240abk.jpeg","contentUrl":"https:\/\/www.heddata.se\/webbutik\/wp-content\/uploads\/webbutik\/kategorier\/telefontillbehor\/ccham240abk.jpeg","width":1200,"height":1200,"caption":"Billaddare Micro USB"},{"@type":"BreadcrumbList","@id":"https:\/\/www.heddata.se\/webbutik\/produkt\/billaddare-micro-usb-1x-2-4-a-fast-kabel-1-00-m-12-w-ccham240abk\/#breadcrumb","itemListElement":[{"@type":"ListItem","position":1,"name":"Hem","item":"https:\/\/www.heddata.se\/webbutik\/"},{"@type":"ListItem","position":2,"name":"Produkter","item":"https:\/\/www.heddata.se\/webbutik\/shop\/"},{"@type":"ListItem","position":3,"name":"Billaddare Micro USB 1x 2.4 A (Fast) Kabel | 1.00 m | 12 W &#8211; CCHAM240ABK"}]},{"@type":"WebSite","@id":"https:\/\/www.heddata.se\/webbutik\/#website","url":"https:\/\/www.heddata.se\/webbutik\/","name":"Datorer, Skrivare, F\u00e4rgpatroner, Mobiltelefoner","description":"Kablar","publisher":{"@id":"https:\/\/www.heddata.se\/webbutik\/#organization"},"potentialAction":[{"@type":"SearchAction","target":{"@type":"EntryPoint","urlTemplate":"https:\/\/www.heddata.se\/webbutik\/?s={search_term_string}"},"query-input":{"@type":"PropertyValueSpecification","valueRequired":true,"valueName":"search_term_string"}}],"inLanguage":"sv-SE"},{"@type":"Organization","@id":"https:\/\/www.heddata.se\/webbutik\/#organization","name":"Heddata AB","url":"https:\/\/www.heddata.se\/webbutik\/","logo":{"@type":"ImageObject","inLanguage":"sv-SE","@id":"https:\/\/www.heddata.se\/webbutik\/#\/schema\/logo\/image\/","url":"https:\/\/www.heddata.se\/webbutik\/wp-content\/uploads\/logga\/heddata-ab-logga.png","contentUrl":"https:\/\/www.heddata.se\/webbutik\/wp-content\/uploads\/logga\/heddata-ab-logga.png","width":200,"height":64,"caption":"Heddata AB"},"image":{"@id":"https:\/\/www.heddata.se\/webbutik\/#\/schema\/logo\/image\/"}}]}},"_links":{"self":[{"href":"https:\/\/www.heddata.se\/webbutik\/wp-json\/wp\/v2\/product\/92886","targetHints":{"allow":["GET"]}}],"collection":[{"href":"https:\/\/www.heddata.se\/webbutik\/wp-json\/wp\/v2\/product"}],"about":[{"href":"https:\/\/www.heddata.se\/webbutik\/wp-json\/wp\/v2\/types\/product"}],"wp:featuredmedia":[{"embeddable":true,"href":"https:\/\/www.heddata.se\/webbutik\/wp-json\/wp\/v2\/media\/92890"}],"wp:attachment":[{"href":"https:\/\/www.heddata.se\/webbutik\/wp-json\/wp\/v2\/media?parent=92886"}],"wp:term":[{"taxonomy":"product_brand","embeddable":true,"href":"https:\/\/www.heddata.se\/webbutik\/wp-json\/wp\/v2\/product_brand?post=92886"},{"taxonomy":"product_cat","embeddable":true,"href":"https:\/\/www.heddata.se\/webbutik\/wp-json\/wp\/v2\/product_cat?post=92886"},{"taxonomy":"product_tag","embeddable":true,"href":"https:\/\/www.heddata.se\/webbutik\/wp-json\/wp\/v2\/product_tag?post=92886"}],"curies":[{"name":"wp","href":"https:\/\/api.w.org\/{rel}","templated":true}]}}