{"id":92878,"date":"2022-06-16T14:18:12","date_gmt":"2022-06-16T12:18:12","guid":{"rendered":"https:\/\/www.heddata.se\/webbutik\/?post_type=product&#038;p=92878"},"modified":"2026-04-08T10:04:30","modified_gmt":"2026-04-08T08:04:30","slug":"samsung-galaxy-a52s-5g-a528-128gb-black-new-sm-a528bzkceub","status":"publish","type":"product","link":"https:\/\/www.heddata.se\/webbutik\/produkt\/samsung-galaxy-a52s-5g-a528-128gb-black-new-sm-a528bzkceub\/","title":{"rendered":"Samsung Galaxy A52s 5G A528 128GB Black New &#8211; SM-A528BZKCEUB"},"content":{"rendered":"<p>Samsung Galaxy A52s 5G A528 128GB Black New &#8211; SM-A528BZKCEUB<\/p>\n<h4>Samsung Galaxy A52s 5G &#8211;<\/h4>\n<ul>\n<li>6.5 tum Infinity-O sAMOLED Display med 120 Hz f\u00f6r en uppslukande upplevelse<\/li>\n<li>Fem kameror och optisk bildstabilisering l\u00e5ter dig ta bilderna du vill<\/li>\n<li>Extra uth\u00e5lligt batteri och snabbladdning f\u00f6r kort v\u00e4ntetid<\/li>\n<\/ul>\n<p><a href=\"https:\/\/www.samsung.com\/se\/\" target=\"_blank\" rel=\"noopener\">Samsung<\/a> Galaxy A52s 5G &#8211; N\u00e4sta generations mobildatan\u00e4tverk 5G \u00e4ndrar hur du upplever och delar ditt inneh\u00e5ll &#8211; allt fr\u00e5n laggfritt spel och streaming till supersnabb delning och nedladdning. Uppgradera till <a href=\"https:\/\/www.heddata.se\/webbutik\/telefon-surfplattor\/mobiltelefoner\/\">Galaxy<\/a> 52s 5G och v\u00e4xla upp till en ny och snabbare niv\u00e5.<\/p>\n<h4><strong>Specifikation:<\/strong><\/h4>\n<table class=\"data-table\">\n<tbody>\n<tr class=\"odd\">\n<td class=\"spec-name\">Maxdjup f\u00f6r vattent\u00e5lighet<\/td>\n<td class=\"spec-value\">1 m<\/td>\n<\/tr>\n<tr class=\"even\">\n<td class=\"spec-name\">Anv\u00e4ndarminne<\/td>\n<td class=\"spec-value\">101.5 GB<\/td>\n<\/tr>\n<tr class=\"odd\">\n<td class=\"spec-name\">Digitalt zoom<\/td>\n<td class=\"spec-value\">10x<\/td>\n<\/tr>\n<tr class=\"even\">\n<td class=\"spec-name\">Sensoruppl\u00f6sning<\/td>\n<td class=\"spec-value\">12 Megapixel<\/td>\n<\/tr>\n<tr class=\"odd\">\n<td class=\"spec-name\">Synf\u00e4lt (FoV)<\/td>\n<td class=\"spec-value\">123 grader<\/td>\n<\/tr>\n<tr class=\"even\">\n<td class=\"spec-name\">Internminneskapacitet<\/td>\n<td class=\"spec-value\">128 GB<\/td>\n<\/tr>\n<tr class=\"odd\">\n<td class=\"spec-name\">H\u00f6jd<\/td>\n<td class=\"spec-value\">159.9 mm<\/td>\n<\/tr>\n<tr class=\"even\">\n<td class=\"spec-name\">F\u00e4rgdjup<\/td>\n<td class=\"spec-value\">16,7 miljoner f\u00e4rger<\/td>\n<\/tr>\n<tr class=\"odd\">\n<td class=\"spec-name\">Vikt<\/td>\n<td class=\"spec-value\">189 g<\/td>\n<\/tr>\n<tr class=\"even\">\n<td class=\"spec-name\">Samtalstid<\/td>\n<td class=\"spec-value\">1920 minuter<\/td>\n<\/tr>\n<tr class=\"odd\">\n<td class=\"spec-name\">SAR-v\u00e4rde<\/td>\n<td class=\"spec-value\">2,94 W\/kg (lem), 0,878 W\/kg (huvud), 0,842 W\/kg (kropp)<\/td>\n<\/tr>\n<tr class=\"even\">\n<td class=\"spec-name\">Klockfrekvens<\/td>\n<td class=\"spec-value\">2.4 GHz<\/td>\n<\/tr>\n<tr class=\"odd\">\n<td class=\"spec-name\">3G UMTS-frekvens<\/td>\n<td class=\"spec-value\">2100, 1900, 1700, 850, 900<\/td>\n<\/tr>\n<tr class=\"even\">\n<td class=\"spec-name\">Bildsk\u00e4rmsuppl\u00f6sning<\/td>\n<td class=\"spec-value\">2400 x 1080 pixlar<\/td>\n<\/tr>\n<tr class=\"odd\">\n<td class=\"spec-name\">Sensoruppl\u00f6sning<\/td>\n<td class=\"spec-value\">32 megapixlar<\/td>\n<\/tr>\n<tr class=\"even\">\n<td class=\"spec-name\">Kapacitet<\/td>\n<td class=\"spec-value\">4500 mAh<\/td>\n<\/tr>\n<tr class=\"odd\">\n<td class=\"spec-name\">Sensoruppl\u00f6sning<\/td>\n<td class=\"spec-value\">5 megapixel<\/td>\n<\/tr>\n<tr class=\"even\">\n<td class=\"spec-name\">Generationen mobilt bredband<\/td>\n<td class=\"spec-value\">5G<\/td>\n<\/tr>\n<tr class=\"odd\">\n<td class=\"spec-name\">RAM<\/td>\n<td class=\"spec-value\">6 GB<\/td>\n<\/tr>\n<tr class=\"even\">\n<td class=\"spec-name\">Diagonal storlek<\/td>\n<td class=\"spec-value\">6.5&#8243;<\/td>\n<\/tr>\n<tr class=\"odd\">\n<td class=\"spec-name\">Sensoruppl\u00f6sning<\/td>\n<td class=\"spec-value\">64 megapixlar<\/td>\n<\/tr>\n<tr class=\"even\">\n<td class=\"spec-name\">\n<h4>Bredd<\/h4>\n<\/td>\n<td class=\"spec-value\">75.1 mm<\/td>\n<\/tr>\n<tr class=\"odd\">\n<td class=\"spec-name\">Djup<\/td>\n<td class=\"spec-value\">8.4 mm<\/td>\n<\/tr>\n<tr class=\"even\">\n<td class=\"spec-name\">Maximal ljusstyrka<\/td>\n<td class=\"spec-value\">800 cd\/m\u00b2<\/td>\n<\/tr>\n<tr class=\"odd\">\n<td class=\"spec-name\">2G-band<\/td>\n<td class=\"spec-value\">850 GSM, 900 GSM, 1800 GSM, 1900 GSM<\/td>\n<\/tr>\n<tr class=\"even\">\n<td class=\"spec-name\">Antal processork\u00e4rnor<\/td>\n<td class=\"spec-value\">8-k\u00e4rnig<\/td>\n<\/tr>\n<tr class=\"odd\">\n<td class=\"spec-name\">Sensorer<\/td>\n<td class=\"spec-value\">Accelerometer, gyrosensor, hallsensor, RGN-sensor, geomagnetisk sensor<\/td>\n<\/tr>\n<tr class=\"even\">\n<td class=\"spec-name\">Runtime-detaljer<\/td>\n<td class=\"spec-value\">Aktiv onlineanv\u00e4ndning (LTE): upp till 16 timmar \u00a6 Aktiv onlineanv\u00e4ndning (Wi-Fi): upp till 16 timmar \u00a6 Uppspelning (video): upp till 20 timmar \u00a6 Uppspelning (ljud): upp till 124 timmar \u00a6 Tala (4G): upp till 1920 min<\/td>\n<\/tr>\n<tr class=\"odd\">\n<td class=\"spec-name\">Fokusjustering<\/td>\n<td class=\"spec-value\">Automatisk<\/td>\n<\/tr>\n<tr class=\"even\">\n<td class=\"spec-name\">4G LTE-band<\/td>\n<td class=\"spec-value\">Band 1, Band 2, Band 3, Band 4, Band 5, Band 7, Band 8, Band 12, Band 17, Band 20, Band 26, Band 28, Band 32, Band 38, Band 40, Band 41, Band 66<\/td>\n<\/tr>\n<tr class=\"odd\">\n<td class=\"spec-name\">3G UMTS-band<\/td>\n<td class=\"spec-value\">Band 1, Band 2, Band 4, Band 5, Band 8<\/td>\n<\/tr>\n<tr class=\"even\">\n<td class=\"spec-name\">Service och support<\/td>\n<td class=\"spec-value\">Begr\u00e4nsad garanti &#8211; 2 \u00e5r<\/td>\n<\/tr>\n<tr class=\"odd\">\n<td class=\"spec-name\">Formfaktor<\/td>\n<td class=\"spec-value\">Ber\u00f6ring<\/td>\n<\/tr>\n<tr class=\"even\">\n<td class=\"spec-name\">Specialeffekter<\/td>\n<td class=\"spec-value\">Bokeh-effekt<\/td>\n<\/tr>\n<tr class=\"odd\">\n<td class=\"spec-name\">Funktioner<\/td>\n<td class=\"spec-value\">Djupkamera<\/td>\n<\/tr>\n<tr class=\"even\">\n<td class=\"spec-name\">Ljudf\u00f6rb\u00e4ttring<\/td>\n<td class=\"spec-value\">Dolby Atmos ljudteknologi<\/td>\n<\/tr>\n<tr class=\"odd\">\n<td class=\"spec-name\">Antal SIM-kort<\/td>\n<td class=\"spec-value\">Dual-SIM<\/td>\n<\/tr>\n<tr class=\"even\">\n<td class=\"spec-name\">F\u00f6rb\u00e4ttringsteknik<\/td>\n<td class=\"spec-value\">Eye Comfort Shield, Super Smooth<\/td>\n<\/tr>\n<tr class=\"odd\">\n<td class=\"spec-name\">Bl\u00e4ndare<\/td>\n<td class=\"spec-value\">F\/1.8<\/td>\n<\/tr>\n<tr class=\"even\">\n<td class=\"spec-name\">Lins\u00f6ppning<\/td>\n<td class=\"spec-value\">F\/2.2<\/td>\n<\/tr>\n<tr class=\"odd\">\n<td class=\"spec-name\">Bl\u00e4ndare<\/td>\n<td class=\"spec-value\">F\/2.2<\/td>\n<\/tr>\n<tr class=\"even\">\n<td class=\"spec-name\">Lins\u00f6ppning<\/td>\n<td class=\"spec-value\">F\/2.4<\/td>\n<\/tr>\n<tr class=\"odd\">\n<td class=\"spec-name\">F\u00e4rg<\/td>\n<td class=\"spec-value\">Fantastisk svart<\/td>\n<\/tr>\n<tr class=\"even\">\n<td class=\"spec-name\">5G NR-frekvens<\/td>\n<td class=\"spec-value\">FDD 2100, FDD 1800, FDD 850, FDD 2600, FDD 900, FDD 800, FDD 700APT, TDD TD 2600, TDD TD 2500, FDD AWS-3, TDD TD 3500, TDD 2300<\/td>\n<\/tr>\n<tr class=\"odd\">\n<td class=\"spec-name\">\n<h4>4G LTE-frekvens<\/h4>\n<\/td>\n<td class=\"spec-value\">FDD 2100, FDD 1900 PCS, FDD 1800+, FDD 1700 &#8211; 2110 AWS, FDD 850, FDD 2600, FDD 900, FDD 700a, FDD 700b, FDD 800 DD, FDD 850+, FDD 700 APT, FDD 1500 L, TDD 2600, TDD 2300, TDD 2500, FDD 1700 &#8211; 2110 AWS-3<\/td>\n<\/tr>\n<tr class=\"even\">\n<td class=\"spec-name\">Data\u00f6verf\u00f6ring<\/td>\n<td class=\"spec-value\">FDD-LTE, TDD-LTE, 5G NR FR1<\/td>\n<\/tr>\n<tr class=\"odd\">\n<td class=\"spec-name\">S\u00e4kerhetsenheter<\/td>\n<td class=\"spec-value\">Fingeravtrycksl\u00e4sare (under monitorn)<\/td>\n<\/tr>\n<tr class=\"even\">\n<td class=\"spec-name\">Ljusk\u00e4lla<\/td>\n<td class=\"spec-value\">Flash<\/td>\n<\/tr>\n<tr class=\"odd\">\n<td class=\"spec-name\">Fokusjustering<\/td>\n<td class=\"spec-value\">Fokuseringsfri<\/td>\n<\/tr>\n<tr class=\"even\">\n<td class=\"spec-name\">Visningsformat<\/td>\n<td class=\"spec-value\">Full-HD+<\/td>\n<\/tr>\n<tr class=\"odd\">\n<td class=\"spec-name\">Navigering<\/td>\n<td class=\"spec-value\">GPS, GLONASS, BeiDou, Galileo, QZSS<\/td>\n<\/tr>\n<tr class=\"even\">\n<td class=\"spec-name\">Telefonfunktioner<\/td>\n<td class=\"spec-value\">H\u00f6gtalartelefon, r\u00f6ststyrning, samtalstimer, konferenssamtal, flygl\u00e4ge, r\u00f6ststyrd uppringning, vibrerande larm<\/td>\n<\/tr>\n<tr class=\"odd\">\n<td class=\"spec-name\">Funktioner<\/td>\n<td class=\"spec-value\">Infinity O-monitor<\/td>\n<\/tr>\n<tr class=\"even\">\n<td class=\"spec-name\">Serviceleverant\u00f6r<\/td>\n<td class=\"spec-value\">Inte specificerad<\/td>\n<\/tr>\n<tr class=\"odd\">\n<td class=\"spec-name\">Standarder som f\u00f6ljs<\/td>\n<td class=\"spec-value\">IP67, SGS<\/td>\n<\/tr>\n<tr class=\"even\">\n<td class=\"spec-name\">Funktioner<\/td>\n<td class=\"spec-value\">Makrokamera<\/td>\n<\/tr>\n<tr class=\"odd\">\n<td class=\"spec-name\">Flash-minneskort som st\u00f6ds<\/td>\n<td class=\"spec-value\">MicroSDHC, microSD, microSDXC &#8211; upp till 1 TB<\/td>\n<\/tr>\n<tr class=\"even\">\n<td class=\"spec-name\">Digitala videostandarder som st\u00f6ds<\/td>\n<td class=\"spec-value\">MKV, FLV, AVI, 3GP, M4V, WebM, 3G2, MP4<\/td>\n<\/tr>\n<tr class=\"odd\">\n<td class=\"spec-name\">Inmatningsenhet<\/td>\n<td class=\"spec-value\">Multi-touch<\/td>\n<\/tr>\n<tr class=\"even\">\n<td class=\"spec-name\">5G NR-band<\/td>\n<td class=\"spec-value\">N1, n3, n5, n7, n8, n20, n28, n38, n41, n66, n78, n40<\/td>\n<\/tr>\n<tr class=\"odd\">\n<td class=\"spec-name\">Uppgifter om SIM-kortkonfigurering<\/td>\n<td class=\"spec-value\">Nano SIM + nano SIM\/microSD<\/td>\n<\/tr>\n<tr class=\"even\">\n<td class=\"spec-name\">SIM-korttyp<\/td>\n<td class=\"spec-value\">Nano-SIM<\/td>\n<\/tr>\n<tr class=\"odd\">\n<td class=\"spec-name\">Tr\u00e5dl\u00f6st gr\u00e4nssnitt<\/td>\n<td class=\"spec-value\">NFC, Bluetooth 5.0, IEEE 802.11a\/b\/g\/n\/ac\/ax<\/td>\n<\/tr>\n<tr class=\"even\">\n<td class=\"spec-name\">Typ<\/td>\n<td class=\"spec-value\">OLED-sk\u00e4rm<\/td>\n<\/tr>\n<tr class=\"odd\">\n<td class=\"spec-name\">Anv\u00e4ndargr\u00e4nssnitt<\/td>\n<td class=\"spec-value\">One UI<\/td>\n<\/tr>\n<tr class=\"even\">\n<td class=\"spec-name\">Optisk bildstabiliserare<\/td>\n<td class=\"spec-value\">Optisk bildstabiliserare (OIS)<\/td>\n<\/tr>\n<tr class=\"odd\">\n<td class=\"spec-name\">\n<h4>Typ av produkt<\/h4>\n<\/td>\n<td class=\"spec-value\">Peksk\u00e4rmsmobil<\/td>\n<\/tr>\n<tr class=\"even\">\n<td class=\"spec-name\">Ytterligare funktioner<\/td>\n<td class=\"spec-value\">Samsung KNOX, spelbooster, Samsung Smart Switch, Virtual Proximity Sensing, dubbla stereoh\u00f6gtalare<\/td>\n<\/tr>\n<tr class=\"odd\">\n<td class=\"spec-name\">Snabbladdningsteknologi<\/td>\n<td class=\"spec-value\">Samsung superfast laddning<\/td>\n<\/tr>\n<tr class=\"even\">\n<td class=\"spec-name\">Kameral\u00e4gen<\/td>\n<td class=\"spec-value\">Skojl\u00e4ge, portr\u00e4ttl\u00e4ge<\/td>\n<\/tr>\n<tr class=\"odd\">\n<td class=\"spec-name\">Videouppl\u00f6sning<\/td>\n<td class=\"spec-value\">Slowmotionvideo 1280 x 720 (720p) vid 240 fps, 3840 x 2160 (4K) vid 30 fps<\/td>\n<\/tr>\n<tr class=\"even\">\n<td class=\"spec-name\">Tillverkarens modellnummer<\/td>\n<td class=\"spec-value\">SM-A528B\/DS<\/td>\n<\/tr>\n<tr class=\"odd\">\n<td class=\"spec-name\">Teknik<\/td>\n<td class=\"spec-value\">Super AMOLED<\/td>\n<\/tr>\n<tr class=\"even\">\n<td class=\"spec-name\">Objektivtyp<\/td>\n<td class=\"spec-value\">Ultravidvinkellins<\/td>\n<\/tr>\n<tr class=\"odd\">\n<td class=\"spec-name\">Anslutningstyp<\/td>\n<td class=\"spec-value\">USB Type-C &#8211; 24 pin USB-C \u00a6 Utg\u00e5ng f\u00f6r headset &#8211; minih\u00f6rlurskontakt 3,5 mm<\/td>\n<\/tr>\n<tr class=\"even\">\n<td class=\"spec-name\">Skydd<\/td>\n<td class=\"spec-value\">Vattenavvisande, dammt\u00e5lig<\/td>\n<\/tr>\n<tr class=\"odd\">\n<td class=\"spec-name\">Digitala ljudstandarder som st\u00f6ds<\/td>\n<td class=\"spec-value\">WAV, AAC, AMR, MP3, FLAC, XMF, OGG, MIDI, M4A, MXMF, OGA, 3GA, AWB, IMY, RTTTL, RTX, OTA, MID<\/td>\n<\/tr>\n<tr class=\"even\">\n<td class=\"spec-name\">Teknik<\/td>\n<td class=\"spec-value\">WCDMA (UMTS) \/ GSM<\/td>\n<\/tr>\n<\/tbody>\n<\/table>\n","protected":false},"excerpt":{"rendered":"<p>Samsung Galaxy A52s 5G A528 128GB Black New &#8211; SM-A528BZKCEUB<\/p>\n","protected":false},"featured_media":92881,"template":"","meta":[],"product_brand":[],"product_cat":[6009,103,63],"product_tag":[],"class_list":{"0":"post-92878","1":"product","2":"type-product","3":"status-publish","4":"has-post-thumbnail","6":"product_cat-mobiltelefoner-touch","7":"product_cat-telefoner","8":"product_cat-telefoner-surfplattor","10":"first","11":"outofstock","12":"taxable","13":"shipping-taxable","14":"product-type-simple"},"yoast_head":"<!-- This site is optimized with the Yoast SEO Premium plugin v26.7 (Yoast SEO v26.7) - https:\/\/yoast.com\/wordpress\/plugins\/seo\/ -->\n<title>Samsung Galaxy A52s 5G A528 128GB Black New - SM-A528BZKCEUB<\/title>\n<meta name=\"description\" content=\"Samsung Galaxy A52s 5G A528 128GB Black New - SM-A528BZKCEUB f\u00f6r n\u00e4sta generations mobildatan\u00e4tverk 5G supersnabb delning och nedladdning\" \/>\n<meta name=\"robots\" content=\"index, follow, max-snippet:-1, max-image-preview:large, max-video-preview:-1\" \/>\n<link rel=\"canonical\" href=\"https:\/\/www.heddata.se\/webbutik\/produkt\/samsung-galaxy-a52s-5g-a528-128gb-black-new-sm-a528bzkceub\/\" \/>\n<meta property=\"og:locale\" content=\"sv_SE\" \/>\n<meta property=\"og:type\" content=\"article\" \/>\n<meta property=\"og:title\" content=\"Samsung Galaxy A52s 5G A528 128GB Black New - SM-A528BZKCEUB\" \/>\n<meta property=\"og:description\" content=\"Samsung Galaxy A52s 5G A528 128GB Black New - SM-A528BZKCEUB f\u00f6r n\u00e4sta generations mobildatan\u00e4tverk 5G supersnabb delning och nedladdning\" \/>\n<meta property=\"og:url\" content=\"https:\/\/www.heddata.se\/webbutik\/produkt\/samsung-galaxy-a52s-5g-a528-128gb-black-new-sm-a528bzkceub\/\" \/>\n<meta property=\"og:site_name\" content=\"Datorer, Skrivare, F\u00e4rgpatroner, Mobiltelefoner\" \/>\n<meta property=\"article:modified_time\" content=\"2026-04-08T08:04:30+00:00\" \/>\n<meta property=\"og:image\" content=\"https:\/\/www.heddata.se\/webbutik\/wp-content\/uploads\/webbutik\/kategorier\/mobiltelefoner-surfplattor\/sm-a528bzkceub.jpeg\" \/>\n\t<meta property=\"og:image:width\" content=\"960\" \/>\n\t<meta property=\"og:image:height\" content=\"960\" \/>\n\t<meta property=\"og:image:type\" content=\"image\/jpeg\" \/>\n<meta name=\"twitter:card\" content=\"summary_large_image\" \/>\n<meta name=\"twitter:label1\" content=\"Ber\u00e4knad l\u00e4stid\" \/>\n\t<meta name=\"twitter:data1\" content=\"3 minuter\" \/>\n<script type=\"application\/ld+json\" class=\"yoast-schema-graph\">{\"@context\":\"https:\/\/schema.org\",\"@graph\":[{\"@type\":\"WebPage\",\"@id\":\"https:\/\/www.heddata.se\/webbutik\/produkt\/samsung-galaxy-a52s-5g-a528-128gb-black-new-sm-a528bzkceub\/\",\"url\":\"https:\/\/www.heddata.se\/webbutik\/produkt\/samsung-galaxy-a52s-5g-a528-128gb-black-new-sm-a528bzkceub\/\",\"name\":\"Samsung Galaxy A52s 5G A528 128GB Black New - SM-A528BZKCEUB\",\"isPartOf\":{\"@id\":\"https:\/\/www.heddata.se\/webbutik\/#website\"},\"primaryImageOfPage\":{\"@id\":\"https:\/\/www.heddata.se\/webbutik\/produkt\/samsung-galaxy-a52s-5g-a528-128gb-black-new-sm-a528bzkceub\/#primaryimage\"},\"image\":{\"@id\":\"https:\/\/www.heddata.se\/webbutik\/produkt\/samsung-galaxy-a52s-5g-a528-128gb-black-new-sm-a528bzkceub\/#primaryimage\"},\"thumbnailUrl\":\"https:\/\/www.heddata.se\/webbutik\/wp-content\/uploads\/webbutik\/kategorier\/mobiltelefoner-surfplattor\/sm-a528bzkceub.jpeg\",\"datePublished\":\"2022-06-16T12:18:12+00:00\",\"dateModified\":\"2026-04-08T08:04:30+00:00\",\"description\":\"Samsung Galaxy A52s 5G A528 128GB Black New - SM-A528BZKCEUB f\u00f6r n\u00e4sta generations mobildatan\u00e4tverk 5G supersnabb delning och nedladdning\",\"breadcrumb\":{\"@id\":\"https:\/\/www.heddata.se\/webbutik\/produkt\/samsung-galaxy-a52s-5g-a528-128gb-black-new-sm-a528bzkceub\/#breadcrumb\"},\"inLanguage\":\"sv-SE\",\"potentialAction\":[{\"@type\":\"ReadAction\",\"target\":[\"https:\/\/www.heddata.se\/webbutik\/produkt\/samsung-galaxy-a52s-5g-a528-128gb-black-new-sm-a528bzkceub\/\"]}]},{\"@type\":\"ImageObject\",\"inLanguage\":\"sv-SE\",\"@id\":\"https:\/\/www.heddata.se\/webbutik\/produkt\/samsung-galaxy-a52s-5g-a528-128gb-black-new-sm-a528bzkceub\/#primaryimage\",\"url\":\"https:\/\/www.heddata.se\/webbutik\/wp-content\/uploads\/webbutik\/kategorier\/mobiltelefoner-surfplattor\/sm-a528bzkceub.jpeg\",\"contentUrl\":\"https:\/\/www.heddata.se\/webbutik\/wp-content\/uploads\/webbutik\/kategorier\/mobiltelefoner-surfplattor\/sm-a528bzkceub.jpeg\",\"width\":960,\"height\":960,\"caption\":\"Samsung Galaxy A52s 5G\"},{\"@type\":\"BreadcrumbList\",\"@id\":\"https:\/\/www.heddata.se\/webbutik\/produkt\/samsung-galaxy-a52s-5g-a528-128gb-black-new-sm-a528bzkceub\/#breadcrumb\",\"itemListElement\":[{\"@type\":\"ListItem\",\"position\":1,\"name\":\"Hem\",\"item\":\"https:\/\/www.heddata.se\/webbutik\/\"},{\"@type\":\"ListItem\",\"position\":2,\"name\":\"Produkter\",\"item\":\"https:\/\/www.heddata.se\/webbutik\/shop\/\"},{\"@type\":\"ListItem\",\"position\":3,\"name\":\"Samsung Galaxy A52s 5G A528 128GB Black New &#8211; SM-A528BZKCEUB\"}]},{\"@type\":\"WebSite\",\"@id\":\"https:\/\/www.heddata.se\/webbutik\/#website\",\"url\":\"https:\/\/www.heddata.se\/webbutik\/\",\"name\":\"Datorer, Skrivare, F\u00e4rgpatroner, Mobiltelefoner\",\"description\":\"Kablar\",\"publisher\":{\"@id\":\"https:\/\/www.heddata.se\/webbutik\/#organization\"},\"potentialAction\":[{\"@type\":\"SearchAction\",\"target\":{\"@type\":\"EntryPoint\",\"urlTemplate\":\"https:\/\/www.heddata.se\/webbutik\/?s={search_term_string}\"},\"query-input\":{\"@type\":\"PropertyValueSpecification\",\"valueRequired\":true,\"valueName\":\"search_term_string\"}}],\"inLanguage\":\"sv-SE\"},{\"@type\":\"Organization\",\"@id\":\"https:\/\/www.heddata.se\/webbutik\/#organization\",\"name\":\"Heddata AB\",\"url\":\"https:\/\/www.heddata.se\/webbutik\/\",\"logo\":{\"@type\":\"ImageObject\",\"inLanguage\":\"sv-SE\",\"@id\":\"https:\/\/www.heddata.se\/webbutik\/#\/schema\/logo\/image\/\",\"url\":\"https:\/\/www.heddata.se\/webbutik\/wp-content\/uploads\/logga\/heddata-ab-logga.png\",\"contentUrl\":\"https:\/\/www.heddata.se\/webbutik\/wp-content\/uploads\/logga\/heddata-ab-logga.png\",\"width\":200,\"height\":64,\"caption\":\"Heddata AB\"},\"image\":{\"@id\":\"https:\/\/www.heddata.se\/webbutik\/#\/schema\/logo\/image\/\"}}]}<\/script>\n<!-- \/ Yoast SEO Premium plugin. -->","yoast_head_json":{"title":"Samsung Galaxy A52s 5G A528 128GB Black New - SM-A528BZKCEUB","description":"Samsung Galaxy A52s 5G A528 128GB Black New - SM-A528BZKCEUB f\u00f6r n\u00e4sta generations mobildatan\u00e4tverk 5G supersnabb delning och nedladdning","robots":{"index":"index","follow":"follow","max-snippet":"max-snippet:-1","max-image-preview":"max-image-preview:large","max-video-preview":"max-video-preview:-1"},"canonical":"https:\/\/www.heddata.se\/webbutik\/produkt\/samsung-galaxy-a52s-5g-a528-128gb-black-new-sm-a528bzkceub\/","og_locale":"sv_SE","og_type":"article","og_title":"Samsung Galaxy A52s 5G A528 128GB Black New - SM-A528BZKCEUB","og_description":"Samsung Galaxy A52s 5G A528 128GB Black New - SM-A528BZKCEUB f\u00f6r n\u00e4sta generations mobildatan\u00e4tverk 5G supersnabb delning och nedladdning","og_url":"https:\/\/www.heddata.se\/webbutik\/produkt\/samsung-galaxy-a52s-5g-a528-128gb-black-new-sm-a528bzkceub\/","og_site_name":"Datorer, Skrivare, F\u00e4rgpatroner, Mobiltelefoner","article_modified_time":"2026-04-08T08:04:30+00:00","og_image":[{"width":960,"height":960,"url":"https:\/\/www.heddata.se\/webbutik\/wp-content\/uploads\/webbutik\/kategorier\/mobiltelefoner-surfplattor\/sm-a528bzkceub.jpeg","type":"image\/jpeg"}],"twitter_card":"summary_large_image","twitter_misc":{"Ber\u00e4knad l\u00e4stid":"3 minuter"},"schema":{"@context":"https:\/\/schema.org","@graph":[{"@type":"WebPage","@id":"https:\/\/www.heddata.se\/webbutik\/produkt\/samsung-galaxy-a52s-5g-a528-128gb-black-new-sm-a528bzkceub\/","url":"https:\/\/www.heddata.se\/webbutik\/produkt\/samsung-galaxy-a52s-5g-a528-128gb-black-new-sm-a528bzkceub\/","name":"Samsung Galaxy A52s 5G A528 128GB Black New - SM-A528BZKCEUB","isPartOf":{"@id":"https:\/\/www.heddata.se\/webbutik\/#website"},"primaryImageOfPage":{"@id":"https:\/\/www.heddata.se\/webbutik\/produkt\/samsung-galaxy-a52s-5g-a528-128gb-black-new-sm-a528bzkceub\/#primaryimage"},"image":{"@id":"https:\/\/www.heddata.se\/webbutik\/produkt\/samsung-galaxy-a52s-5g-a528-128gb-black-new-sm-a528bzkceub\/#primaryimage"},"thumbnailUrl":"https:\/\/www.heddata.se\/webbutik\/wp-content\/uploads\/webbutik\/kategorier\/mobiltelefoner-surfplattor\/sm-a528bzkceub.jpeg","datePublished":"2022-06-16T12:18:12+00:00","dateModified":"2026-04-08T08:04:30+00:00","description":"Samsung Galaxy A52s 5G A528 128GB Black New - SM-A528BZKCEUB f\u00f6r n\u00e4sta generations mobildatan\u00e4tverk 5G supersnabb delning och nedladdning","breadcrumb":{"@id":"https:\/\/www.heddata.se\/webbutik\/produkt\/samsung-galaxy-a52s-5g-a528-128gb-black-new-sm-a528bzkceub\/#breadcrumb"},"inLanguage":"sv-SE","potentialAction":[{"@type":"ReadAction","target":["https:\/\/www.heddata.se\/webbutik\/produkt\/samsung-galaxy-a52s-5g-a528-128gb-black-new-sm-a528bzkceub\/"]}]},{"@type":"ImageObject","inLanguage":"sv-SE","@id":"https:\/\/www.heddata.se\/webbutik\/produkt\/samsung-galaxy-a52s-5g-a528-128gb-black-new-sm-a528bzkceub\/#primaryimage","url":"https:\/\/www.heddata.se\/webbutik\/wp-content\/uploads\/webbutik\/kategorier\/mobiltelefoner-surfplattor\/sm-a528bzkceub.jpeg","contentUrl":"https:\/\/www.heddata.se\/webbutik\/wp-content\/uploads\/webbutik\/kategorier\/mobiltelefoner-surfplattor\/sm-a528bzkceub.jpeg","width":960,"height":960,"caption":"Samsung Galaxy A52s 5G"},{"@type":"BreadcrumbList","@id":"https:\/\/www.heddata.se\/webbutik\/produkt\/samsung-galaxy-a52s-5g-a528-128gb-black-new-sm-a528bzkceub\/#breadcrumb","itemListElement":[{"@type":"ListItem","position":1,"name":"Hem","item":"https:\/\/www.heddata.se\/webbutik\/"},{"@type":"ListItem","position":2,"name":"Produkter","item":"https:\/\/www.heddata.se\/webbutik\/shop\/"},{"@type":"ListItem","position":3,"name":"Samsung Galaxy A52s 5G A528 128GB Black New &#8211; SM-A528BZKCEUB"}]},{"@type":"WebSite","@id":"https:\/\/www.heddata.se\/webbutik\/#website","url":"https:\/\/www.heddata.se\/webbutik\/","name":"Datorer, Skrivare, F\u00e4rgpatroner, Mobiltelefoner","description":"Kablar","publisher":{"@id":"https:\/\/www.heddata.se\/webbutik\/#organization"},"potentialAction":[{"@type":"SearchAction","target":{"@type":"EntryPoint","urlTemplate":"https:\/\/www.heddata.se\/webbutik\/?s={search_term_string}"},"query-input":{"@type":"PropertyValueSpecification","valueRequired":true,"valueName":"search_term_string"}}],"inLanguage":"sv-SE"},{"@type":"Organization","@id":"https:\/\/www.heddata.se\/webbutik\/#organization","name":"Heddata AB","url":"https:\/\/www.heddata.se\/webbutik\/","logo":{"@type":"ImageObject","inLanguage":"sv-SE","@id":"https:\/\/www.heddata.se\/webbutik\/#\/schema\/logo\/image\/","url":"https:\/\/www.heddata.se\/webbutik\/wp-content\/uploads\/logga\/heddata-ab-logga.png","contentUrl":"https:\/\/www.heddata.se\/webbutik\/wp-content\/uploads\/logga\/heddata-ab-logga.png","width":200,"height":64,"caption":"Heddata AB"},"image":{"@id":"https:\/\/www.heddata.se\/webbutik\/#\/schema\/logo\/image\/"}}]}},"_links":{"self":[{"href":"https:\/\/www.heddata.se\/webbutik\/wp-json\/wp\/v2\/product\/92878","targetHints":{"allow":["GET"]}}],"collection":[{"href":"https:\/\/www.heddata.se\/webbutik\/wp-json\/wp\/v2\/product"}],"about":[{"href":"https:\/\/www.heddata.se\/webbutik\/wp-json\/wp\/v2\/types\/product"}],"wp:featuredmedia":[{"embeddable":true,"href":"https:\/\/www.heddata.se\/webbutik\/wp-json\/wp\/v2\/media\/92881"}],"wp:attachment":[{"href":"https:\/\/www.heddata.se\/webbutik\/wp-json\/wp\/v2\/media?parent=92878"}],"wp:term":[{"taxonomy":"product_brand","embeddable":true,"href":"https:\/\/www.heddata.se\/webbutik\/wp-json\/wp\/v2\/product_brand?post=92878"},{"taxonomy":"product_cat","embeddable":true,"href":"https:\/\/www.heddata.se\/webbutik\/wp-json\/wp\/v2\/product_cat?post=92878"},{"taxonomy":"product_tag","embeddable":true,"href":"https:\/\/www.heddata.se\/webbutik\/wp-json\/wp\/v2\/product_tag?post=92878"}],"curies":[{"name":"wp","href":"https:\/\/api.w.org\/{rel}","templated":true}]}}