{"id":92876,"date":"2022-06-16T14:18:12","date_gmt":"2022-06-16T12:18:12","guid":{"rendered":"https:\/\/www.heddata.se\/webbutik\/?post_type=product&#038;p=92876"},"modified":"2026-04-08T09:56:53","modified_gmt":"2026-04-08T07:56:53","slug":"samsung-galaxy-a03-a035-64gb-black-sm-a035gzkgeub","status":"publish","type":"product","link":"https:\/\/www.heddata.se\/webbutik\/produkt\/samsung-galaxy-a03-a035-64gb-black-sm-a035gzkgeub\/","title":{"rendered":"Samsung Galaxy A03 A035 64GB Black &#8211; SM-A035GZKGEUB"},"content":{"rendered":"<p>Samsung Galaxy A03 A035 64GB Black &#8211; SM-A035GZKGEUB<\/p>\n<h4><strong>Samsung Galaxy A03 A035<\/strong><\/h4>\n<ul>\n<li>Octa-core Processor<\/li>\n<li>6.5&#8243; TFT Infinity-V Display<\/li>\n<li>48MP Camera<\/li>\n<\/ul>\n<h4 class=\"feature-benefit__title contrast-target\" data-font-size-mo=\"30\" data-font-size-pc=\"48\"><strong>Mer sk\u00e4rm, mer plats f\u00f6r det roliga<\/strong><\/h4>\n<div class=\"feature-benefit__desc-wrap\">\n<p class=\"feature-benefit__desc contrast-target\" data-font-size-mo=\"12\" data-font-size-pc=\"18\">Ut\u00f6ka din vy till den 6,5-tum stora Infinity-V-sk\u00e4rmen p\u00e5 Galaxy A03 och uppt\u00e4ck vad du har missat. Och med HD+ visas allt ditt inneh\u00e5ll skarpt och tydligt.<\/p>\n<p data-font-size-mo=\"12\" data-font-size-pc=\"18\">Den moderna designen p\u00e5 Galaxy A03 drar blickarna till sig. Och med v\u00e4l avv\u00e4gda kanter ligger den bekv\u00e4mt i handen, vilket g\u00f6r det smidigt att navigera p\u00e5 sk\u00e4rmen. V\u00e4lj mellan f\u00e4rgerna Black, Blue och Red.<\/p>\n<h4 class=\"feature-benefit__title contrast-target\" data-font-size-mo=\"30\" data-font-size-pc=\"48\"><strong>Sl\u00e4pp loss din kreativitet med Dual-kamera<\/strong><\/h4>\n<div class=\"feature-benefit__desc-wrap\">\n<p class=\"feature-benefit__desc contrast-target\" data-font-size-mo=\"12\" data-font-size-pc=\"18\">Med Galaxy A03 48MP huvudkamera tar du din <a href=\"https:\/\/www.heddata.se\/webbutik\/telefon-surfplattor\/mobiltelefoner\/\">mobilfotografering<\/a> till n\u00e4sta niv\u00e5. Du kan \u00e4ven justera bakgrunds- och f\u00f6rgrundsfokus med 2MP djupkamerans Live Fokus-effekter.<\/p>\n<p data-font-size-mo=\"12\" data-font-size-pc=\"18\">Djupkameran p\u00e5 2MP l\u00e5ter dig justera sk\u00e4rpedjupet i dina foton. Styr bakgrundsosk\u00e4rpan f\u00f6r h\u00f6gkvalitativa portr\u00e4ttbilder som f\u00e5r din stj\u00e4rna att sticka ut.<\/p>\n<h4 class=\"feature-benefit__title contrast-target\" data-font-size-mo=\"30\" data-font-size-pc=\"48\"><strong>Snabbare och st\u00f6rre<\/strong><\/h4>\n<div class=\"feature-benefit__desc-wrap\">\n<p class=\"feature-benefit__desc contrast-target\" data-font-size-mo=\"12\" data-font-size-pc=\"18\"><a href=\"https:\/\/www.samsung.com\/se\/\" target=\"_blank\" rel=\"noopener\">Galaxy<\/a> A03 kombinerar kraften fr\u00e5n Octa-core processorn med upp till 3\/GB4GB RAM f\u00f6r snabb och effektiv prestanda. K\u00e4nn friheten av det interna lagringsutrymmet p\u00e5 32GB\/64GB\/128GB, eller skapa \u00e4nnu mer plats med ett microSD-kort p\u00e5 upp till 1TB.<\/p>\n<h4 class=\"feature-benefit__title contrast-target\" data-font-size-mo=\"30\" data-font-size-pc=\"48\"><strong>Kraftfullt batteri som varar upp till tv\u00e5 dagar\u00b9<\/strong><\/h4>\n<div class=\"feature-benefit__desc-wrap\">\n<p class=\"feature-benefit__desc contrast-target\" data-font-size-mo=\"12\" data-font-size-pc=\"18\">F\u00e5 ut mer med ett batteri som inte saktar ner dig. Batteriet p\u00e5 5 000 mAh (typiskt)\u00b9 l\u00e5ter dig forts\u00e4tta g\u00f6ra det du g\u00f6r i timmar i str\u00e4ck.<\/p>\n<\/div>\n<\/div>\n<\/div>\n<\/div>\n<h4><strong>Specifikation:<\/strong><\/h4>\n<table class=\"data-table\">\n<tbody>\n<tr class=\"odd\">\n<td class=\"spec-name\">SAR-v\u00e4rde<\/td>\n<td class=\"spec-value\">0,84 W\/kg (kropp), 0,79 W\/kg (huvud)<\/td>\n<\/tr>\n<tr class=\"even\">\n<td class=\"spec-name\">Klockfrekvens<\/td>\n<td class=\"spec-value\">1.6 GHz<\/td>\n<\/tr>\n<tr class=\"odd\">\n<td class=\"spec-name\">Digitalt zoom<\/td>\n<td class=\"spec-value\">10x<\/td>\n<\/tr>\n<tr class=\"even\">\n<td class=\"spec-name\">F\u00e4rgdjup<\/td>\n<td class=\"spec-value\">16,7 miljoner f\u00e4rger<\/td>\n<\/tr>\n<tr class=\"odd\">\n<td class=\"spec-name\">Bildsk\u00e4rmsuppl\u00f6sning<\/td>\n<td class=\"spec-value\">1600 x 720 pixlar<\/td>\n<\/tr>\n<tr class=\"even\">\n<td class=\"spec-name\">H\u00f6jd<\/td>\n<td class=\"spec-value\">166.6 mm<\/td>\n<\/tr>\n<tr class=\"odd\">\n<td class=\"spec-name\">Videouppl\u00f6sning<\/td>\n<td class=\"spec-value\">1920 x 1080 (1080p) vid 30 fps<\/td>\n<\/tr>\n<tr class=\"even\">\n<td class=\"spec-name\">Vikt<\/td>\n<td class=\"spec-value\">199 g<\/td>\n<\/tr>\n<tr class=\"odd\">\n<td class=\"spec-name\">Sensoruppl\u00f6sning<\/td>\n<td class=\"spec-value\">2 Megapixel<\/td>\n<\/tr>\n<tr class=\"even\">\n<td class=\"spec-name\">3G UMTS-frekvens<\/td>\n<td class=\"spec-value\">2100, 850, 900<\/td>\n<\/tr>\n<tr class=\"odd\">\n<td class=\"spec-name\">RAM<\/td>\n<td class=\"spec-value\">4 GB<\/td>\n<\/tr>\n<tr class=\"even\">\n<td class=\"spec-name\">Anv\u00e4ndarminne<\/td>\n<td class=\"spec-value\">47.3 GB<\/td>\n<\/tr>\n<tr class=\"odd\">\n<td class=\"spec-name\">Sensoruppl\u00f6sning<\/td>\n<td class=\"spec-value\">48 megapixlar<\/td>\n<\/tr>\n<tr class=\"even\">\n<td class=\"spec-name\">Generationen mobilt bredband<\/td>\n<td class=\"spec-value\">4G<\/td>\n<\/tr>\n<tr class=\"odd\">\n<td class=\"spec-name\">Sensoruppl\u00f6sning<\/td>\n<td class=\"spec-value\">5 megapixlar<\/td>\n<\/tr>\n<tr class=\"even\">\n<td class=\"spec-name\">Kapacitet<\/td>\n<td class=\"spec-value\">5000 mAh<\/td>\n<\/tr>\n<tr class=\"odd\">\n<td class=\"spec-name\">Diagonal storlek<\/td>\n<td class=\"spec-value\">6.5&#8243;<\/td>\n<\/tr>\n<tr class=\"even\">\n<td class=\"spec-name\">Internminneskapacitet<\/td>\n<td class=\"spec-value\">64 GB<\/td>\n<\/tr>\n<tr class=\"odd\">\n<td class=\"spec-name\">Bredd<\/td>\n<td class=\"spec-value\">75.9 mm<\/td>\n<\/tr>\n<tr class=\"even\">\n<td class=\"spec-name\">Reparationsbarhetsindex<\/td>\n<td class=\"spec-value\">8 (av 10)<\/td>\n<\/tr>\n<tr class=\"odd\">\n<td class=\"spec-name\">2G-band<\/td>\n<td class=\"spec-value\">850 GSM, 900 GSM, 1800 GSM<\/td>\n<\/tr>\n<tr class=\"even\">\n<td class=\"spec-name\">Antal processork\u00e4rnor<\/td>\n<td class=\"spec-value\">8-k\u00e4rnig<\/td>\n<\/tr>\n<tr class=\"odd\">\n<td class=\"spec-name\">Djup<\/td>\n<td class=\"spec-value\">9.2 mm<\/td>\n<\/tr>\n<tr class=\"even\">\n<td class=\"spec-name\">Sensorer<\/td>\n<td class=\"spec-value\">Accelerometer, n\u00e4rhetssensor, ljussensor<\/td>\n<\/tr>\n<tr class=\"odd\">\n<td class=\"spec-name\">Fokusjustering<\/td>\n<td class=\"spec-value\">Automatisk<\/td>\n<\/tr>\n<tr class=\"even\">\n<td class=\"spec-name\">4G LTE-band<\/td>\n<td class=\"spec-value\">Band 1, Band 3, Band 5, Band 7, Band 8, Band 20, Band 28, Band 38, Band 40, Band 41<\/td>\n<\/tr>\n<tr class=\"odd\">\n<td class=\"spec-name\">3G UMTS-band<\/td>\n<td class=\"spec-value\">Band 1, Band 5, Band 8<\/td>\n<\/tr>\n<tr class=\"even\">\n<td class=\"spec-name\">Service och support<\/td>\n<td class=\"spec-value\">Begr\u00e4nsad garanti &#8211; 2 \u00e5r<\/td>\n<\/tr>\n<tr class=\"odd\">\n<td class=\"spec-name\">Formfaktor<\/td>\n<td class=\"spec-value\">Ber\u00f6ring<\/td>\n<\/tr>\n<tr class=\"even\">\n<td class=\"spec-name\">Specialeffekter<\/td>\n<td class=\"spec-value\">Bokeh-effekt<\/td>\n<\/tr>\n<tr class=\"odd\">\n<td class=\"spec-name\">Funktioner<\/td>\n<td class=\"spec-value\">Djupkamera<\/td>\n<\/tr>\n<tr class=\"even\">\n<td class=\"spec-name\">Ljudf\u00f6rb\u00e4ttring<\/td>\n<td class=\"spec-value\">Dolby Atmos ljudteknologi<\/td>\n<\/tr>\n<tr class=\"odd\">\n<td class=\"spec-name\">Antal SIM-kort<\/td>\n<td class=\"spec-value\">Dual-SIM<\/td>\n<\/tr>\n<tr class=\"even\">\n<td class=\"spec-name\">Bl\u00e4ndare<\/td>\n<td class=\"spec-value\">F\/1.8<\/td>\n<\/tr>\n<tr class=\"odd\">\n<td class=\"spec-name\">Lins\u00f6ppning<\/td>\n<td class=\"spec-value\">F\/2.2<\/td>\n<\/tr>\n<tr class=\"even\">\n<td class=\"spec-name\">Bl\u00e4ndare<\/td>\n<td class=\"spec-value\">F\/2.4<\/td>\n<\/tr>\n<tr class=\"odd\">\n<td class=\"spec-name\">4G LTE-frekvens<\/td>\n<td class=\"spec-value\">FDD 2100, FDD 1800+, FDD 850, FDD 2600, FDD 900, FDD 800 DD, FDD 700 APT, TDD 2600, TDD 2300, TDD 2500<\/td>\n<\/tr>\n<tr class=\"even\">\n<td class=\"spec-name\">Data\u00f6verf\u00f6ring<\/td>\n<td class=\"spec-value\">FDD-LTE, TDD-LTE<\/td>\n<\/tr>\n<tr class=\"odd\">\n<td class=\"spec-name\">Navigering<\/td>\n<td class=\"spec-value\">GPS, GLONASS, Galileo, QZSS<\/td>\n<\/tr>\n<tr class=\"even\">\n<td class=\"spec-name\">Visningsformat<\/td>\n<td class=\"spec-value\">HD+<\/td>\n<\/tr>\n<tr class=\"odd\">\n<td class=\"spec-name\">Funktioner<\/td>\n<td class=\"spec-value\">Infinity V-display<\/td>\n<\/tr>\n<tr class=\"even\">\n<td class=\"spec-name\">Serviceleverant\u00f6r<\/td>\n<td class=\"spec-value\">Inte specificerad<\/td>\n<\/tr>\n<tr class=\"odd\">\n<td class=\"spec-name\">Typ<\/td>\n<td class=\"spec-value\">LCD-sk\u00e4rm<\/td>\n<\/tr>\n<tr class=\"even\">\n<td class=\"spec-name\">Ljusk\u00e4lla<\/td>\n<td class=\"spec-value\">LED-blixt<\/td>\n<\/tr>\n<tr class=\"odd\">\n<td class=\"spec-name\">Kameral\u00e4gen<\/td>\n<td class=\"spec-value\">Live Focus-l\u00e4ge<\/td>\n<\/tr>\n<tr class=\"even\">\n<td class=\"spec-name\">Flash-minneskort som st\u00f6ds<\/td>\n<td class=\"spec-value\">MicroSDHC, microSD, microSDXC &#8211; upp till 1 TB<\/td>\n<\/tr>\n<tr class=\"odd\">\n<td class=\"spec-name\">Anslutningstyp<\/td>\n<td class=\"spec-value\">Micro-USB \u00a6 Utg\u00e5ng f\u00f6r headset &#8211; minih\u00f6rlurskontakt 3,5 mm<\/td>\n<\/tr>\n<tr class=\"even\">\n<td class=\"spec-name\">Digitala videostandarder som st\u00f6ds<\/td>\n<td class=\"spec-value\">MKV, FLV, AVI, WMV, ASF, 3GP, M4V, WebM, 3G2, MP4<\/td>\n<\/tr>\n<tr class=\"odd\">\n<td class=\"spec-name\">Inmatningsenhet<\/td>\n<td class=\"spec-value\">Multi-touch<\/td>\n<\/tr>\n<tr class=\"even\">\n<td class=\"spec-name\">SIM-korttyp<\/td>\n<td class=\"spec-value\">Nano-SIM<\/td>\n<\/tr>\n<tr class=\"odd\">\n<td class=\"spec-name\">Tr\u00e5dl\u00f6st gr\u00e4nssnitt<\/td>\n<td class=\"spec-value\">NFC, IEEE 802.11a\/b\/g\/n\/ac, Bluetooth 5.0<\/td>\n<\/tr>\n<tr class=\"even\">\n<td class=\"spec-name\">Anv\u00e4ndargr\u00e4nssnitt<\/td>\n<td class=\"spec-value\">One UI Core<\/td>\n<\/tr>\n<tr class=\"odd\">\n<td class=\"spec-name\">Typ av produkt<\/td>\n<td class=\"spec-value\">Peksk\u00e4rmsmobil<\/td>\n<\/tr>\n<tr class=\"even\">\n<td class=\"spec-name\">Teknik<\/td>\n<td class=\"spec-value\">PLS TFT<\/td>\n<\/tr>\n<tr class=\"odd\">\n<td class=\"spec-name\">Ytterligare funktioner<\/td>\n<td class=\"spec-value\">Samsung Smart Switch<\/td>\n<\/tr>\n<tr class=\"even\">\n<td class=\"spec-name\">Tillverkarens modellnummer<\/td>\n<td class=\"spec-value\">SM-A035G\/DSN<\/td>\n<\/tr>\n<tr class=\"odd\">\n<td class=\"spec-name\">F\u00e4rg<\/td>\n<td class=\"spec-value\">Svart<\/td>\n<\/tr>\n<tr class=\"even\">\n<td class=\"spec-name\">Digitala ljudstandarder som st\u00f6ds<\/td>\n<td class=\"spec-value\">WAV, AAC, AMR, MP3, FLAC, XMF, OGG, M4A, MXMF, OGA, 3GA, AWB, IMY, RTTTL, RTX, OTA, MID<\/td>\n<\/tr>\n<tr class=\"odd\">\n<td class=\"spec-name\">Teknik<\/td>\n<td class=\"spec-value\">WCDMA (UMTS) \/ GSM<\/td>\n<\/tr>\n<\/tbody>\n<\/table>\n","protected":false},"excerpt":{"rendered":"<p>Samsung Galaxy A03 A035 64GB Black &#8211; SM-A035GZKGEUB<\/p>\n","protected":false},"featured_media":92883,"template":"","meta":[],"product_brand":[],"product_cat":[6009,103,63],"product_tag":[],"class_list":{"0":"post-92876","1":"product","2":"type-product","3":"status-publish","4":"has-post-thumbnail","6":"product_cat-mobiltelefoner-touch","7":"product_cat-telefoner","8":"product_cat-telefoner-surfplattor","10":"first","11":"outofstock","12":"taxable","13":"shipping-taxable","14":"product-type-simple"},"yoast_head":"<!-- This site is optimized with the Yoast SEO Premium plugin v26.7 (Yoast SEO v26.7) - https:\/\/yoast.com\/wordpress\/plugins\/seo\/ -->\n<title>Samsung Galaxy A03 A035 64GB Black - SM-A035GZKGEUB<\/title>\n<meta name=\"description\" content=\"Samsung Galaxy A03 A035 64GB Black - SM-A035GZKGEUB Med Galaxy A03 48MP huvudkamera tar du din mobilfotografering till n\u00e4sta niv\u00e5.\" \/>\n<meta name=\"robots\" content=\"index, follow, max-snippet:-1, max-image-preview:large, max-video-preview:-1\" \/>\n<link rel=\"canonical\" href=\"https:\/\/www.heddata.se\/webbutik\/produkt\/samsung-galaxy-a03-a035-64gb-black-sm-a035gzkgeub\/\" \/>\n<meta property=\"og:locale\" content=\"sv_SE\" \/>\n<meta property=\"og:type\" content=\"article\" \/>\n<meta property=\"og:title\" content=\"Samsung Galaxy A03 A035 64GB Black - SM-A035GZKGEUB\" \/>\n<meta property=\"og:description\" content=\"Samsung Galaxy A03 A035 64GB Black - SM-A035GZKGEUB Med Galaxy A03 48MP huvudkamera tar du din mobilfotografering till n\u00e4sta niv\u00e5.\" \/>\n<meta property=\"og:url\" content=\"https:\/\/www.heddata.se\/webbutik\/produkt\/samsung-galaxy-a03-a035-64gb-black-sm-a035gzkgeub\/\" \/>\n<meta property=\"og:site_name\" content=\"Datorer, Skrivare, F\u00e4rgpatroner, Mobiltelefoner\" \/>\n<meta property=\"article:modified_time\" content=\"2026-04-08T07:56:53+00:00\" \/>\n<meta property=\"og:image\" content=\"https:\/\/www.heddata.se\/webbutik\/wp-content\/uploads\/webbutik\/kategorier\/mobiltelefoner-surfplattor\/sm-a035gzkgeub.jpeg\" \/>\n\t<meta property=\"og:image:width\" content=\"960\" \/>\n\t<meta property=\"og:image:height\" content=\"960\" \/>\n\t<meta property=\"og:image:type\" content=\"image\/jpeg\" \/>\n<meta name=\"twitter:card\" content=\"summary_large_image\" \/>\n<meta name=\"twitter:label1\" content=\"Ber\u00e4knad l\u00e4stid\" \/>\n\t<meta name=\"twitter:data1\" content=\"3 minuter\" \/>\n<script type=\"application\/ld+json\" class=\"yoast-schema-graph\">{\"@context\":\"https:\/\/schema.org\",\"@graph\":[{\"@type\":\"WebPage\",\"@id\":\"https:\/\/www.heddata.se\/webbutik\/produkt\/samsung-galaxy-a03-a035-64gb-black-sm-a035gzkgeub\/\",\"url\":\"https:\/\/www.heddata.se\/webbutik\/produkt\/samsung-galaxy-a03-a035-64gb-black-sm-a035gzkgeub\/\",\"name\":\"Samsung Galaxy A03 A035 64GB Black - SM-A035GZKGEUB\",\"isPartOf\":{\"@id\":\"https:\/\/www.heddata.se\/webbutik\/#website\"},\"primaryImageOfPage\":{\"@id\":\"https:\/\/www.heddata.se\/webbutik\/produkt\/samsung-galaxy-a03-a035-64gb-black-sm-a035gzkgeub\/#primaryimage\"},\"image\":{\"@id\":\"https:\/\/www.heddata.se\/webbutik\/produkt\/samsung-galaxy-a03-a035-64gb-black-sm-a035gzkgeub\/#primaryimage\"},\"thumbnailUrl\":\"https:\/\/www.heddata.se\/webbutik\/wp-content\/uploads\/webbutik\/kategorier\/mobiltelefoner-surfplattor\/sm-a035gzkgeub.jpeg\",\"datePublished\":\"2022-06-16T12:18:12+00:00\",\"dateModified\":\"2026-04-08T07:56:53+00:00\",\"description\":\"Samsung Galaxy A03 A035 64GB Black - SM-A035GZKGEUB Med Galaxy A03 48MP huvudkamera tar du din mobilfotografering till n\u00e4sta niv\u00e5.\",\"breadcrumb\":{\"@id\":\"https:\/\/www.heddata.se\/webbutik\/produkt\/samsung-galaxy-a03-a035-64gb-black-sm-a035gzkgeub\/#breadcrumb\"},\"inLanguage\":\"sv-SE\",\"potentialAction\":[{\"@type\":\"ReadAction\",\"target\":[\"https:\/\/www.heddata.se\/webbutik\/produkt\/samsung-galaxy-a03-a035-64gb-black-sm-a035gzkgeub\/\"]}]},{\"@type\":\"ImageObject\",\"inLanguage\":\"sv-SE\",\"@id\":\"https:\/\/www.heddata.se\/webbutik\/produkt\/samsung-galaxy-a03-a035-64gb-black-sm-a035gzkgeub\/#primaryimage\",\"url\":\"https:\/\/www.heddata.se\/webbutik\/wp-content\/uploads\/webbutik\/kategorier\/mobiltelefoner-surfplattor\/sm-a035gzkgeub.jpeg\",\"contentUrl\":\"https:\/\/www.heddata.se\/webbutik\/wp-content\/uploads\/webbutik\/kategorier\/mobiltelefoner-surfplattor\/sm-a035gzkgeub.jpeg\",\"width\":960,\"height\":960,\"caption\":\"Samsung Galaxy A03 A035\"},{\"@type\":\"BreadcrumbList\",\"@id\":\"https:\/\/www.heddata.se\/webbutik\/produkt\/samsung-galaxy-a03-a035-64gb-black-sm-a035gzkgeub\/#breadcrumb\",\"itemListElement\":[{\"@type\":\"ListItem\",\"position\":1,\"name\":\"Hem\",\"item\":\"https:\/\/www.heddata.se\/webbutik\/\"},{\"@type\":\"ListItem\",\"position\":2,\"name\":\"Produkter\",\"item\":\"https:\/\/www.heddata.se\/webbutik\/shop\/\"},{\"@type\":\"ListItem\",\"position\":3,\"name\":\"Samsung Galaxy A03 A035 64GB Black &#8211; SM-A035GZKGEUB\"}]},{\"@type\":\"WebSite\",\"@id\":\"https:\/\/www.heddata.se\/webbutik\/#website\",\"url\":\"https:\/\/www.heddata.se\/webbutik\/\",\"name\":\"Datorer, Skrivare, F\u00e4rgpatroner, Mobiltelefoner\",\"description\":\"Kablar\",\"publisher\":{\"@id\":\"https:\/\/www.heddata.se\/webbutik\/#organization\"},\"potentialAction\":[{\"@type\":\"SearchAction\",\"target\":{\"@type\":\"EntryPoint\",\"urlTemplate\":\"https:\/\/www.heddata.se\/webbutik\/?s={search_term_string}\"},\"query-input\":{\"@type\":\"PropertyValueSpecification\",\"valueRequired\":true,\"valueName\":\"search_term_string\"}}],\"inLanguage\":\"sv-SE\"},{\"@type\":\"Organization\",\"@id\":\"https:\/\/www.heddata.se\/webbutik\/#organization\",\"name\":\"Heddata AB\",\"url\":\"https:\/\/www.heddata.se\/webbutik\/\",\"logo\":{\"@type\":\"ImageObject\",\"inLanguage\":\"sv-SE\",\"@id\":\"https:\/\/www.heddata.se\/webbutik\/#\/schema\/logo\/image\/\",\"url\":\"https:\/\/www.heddata.se\/webbutik\/wp-content\/uploads\/logga\/heddata-ab-logga.png\",\"contentUrl\":\"https:\/\/www.heddata.se\/webbutik\/wp-content\/uploads\/logga\/heddata-ab-logga.png\",\"width\":200,\"height\":64,\"caption\":\"Heddata AB\"},\"image\":{\"@id\":\"https:\/\/www.heddata.se\/webbutik\/#\/schema\/logo\/image\/\"}}]}<\/script>\n<!-- \/ Yoast SEO Premium plugin. -->","yoast_head_json":{"title":"Samsung Galaxy A03 A035 64GB Black - SM-A035GZKGEUB","description":"Samsung Galaxy A03 A035 64GB Black - SM-A035GZKGEUB Med Galaxy A03 48MP huvudkamera tar du din mobilfotografering till n\u00e4sta niv\u00e5.","robots":{"index":"index","follow":"follow","max-snippet":"max-snippet:-1","max-image-preview":"max-image-preview:large","max-video-preview":"max-video-preview:-1"},"canonical":"https:\/\/www.heddata.se\/webbutik\/produkt\/samsung-galaxy-a03-a035-64gb-black-sm-a035gzkgeub\/","og_locale":"sv_SE","og_type":"article","og_title":"Samsung Galaxy A03 A035 64GB Black - SM-A035GZKGEUB","og_description":"Samsung Galaxy A03 A035 64GB Black - SM-A035GZKGEUB Med Galaxy A03 48MP huvudkamera tar du din mobilfotografering till n\u00e4sta niv\u00e5.","og_url":"https:\/\/www.heddata.se\/webbutik\/produkt\/samsung-galaxy-a03-a035-64gb-black-sm-a035gzkgeub\/","og_site_name":"Datorer, Skrivare, F\u00e4rgpatroner, Mobiltelefoner","article_modified_time":"2026-04-08T07:56:53+00:00","og_image":[{"width":960,"height":960,"url":"https:\/\/www.heddata.se\/webbutik\/wp-content\/uploads\/webbutik\/kategorier\/mobiltelefoner-surfplattor\/sm-a035gzkgeub.jpeg","type":"image\/jpeg"}],"twitter_card":"summary_large_image","twitter_misc":{"Ber\u00e4knad l\u00e4stid":"3 minuter"},"schema":{"@context":"https:\/\/schema.org","@graph":[{"@type":"WebPage","@id":"https:\/\/www.heddata.se\/webbutik\/produkt\/samsung-galaxy-a03-a035-64gb-black-sm-a035gzkgeub\/","url":"https:\/\/www.heddata.se\/webbutik\/produkt\/samsung-galaxy-a03-a035-64gb-black-sm-a035gzkgeub\/","name":"Samsung Galaxy A03 A035 64GB Black - SM-A035GZKGEUB","isPartOf":{"@id":"https:\/\/www.heddata.se\/webbutik\/#website"},"primaryImageOfPage":{"@id":"https:\/\/www.heddata.se\/webbutik\/produkt\/samsung-galaxy-a03-a035-64gb-black-sm-a035gzkgeub\/#primaryimage"},"image":{"@id":"https:\/\/www.heddata.se\/webbutik\/produkt\/samsung-galaxy-a03-a035-64gb-black-sm-a035gzkgeub\/#primaryimage"},"thumbnailUrl":"https:\/\/www.heddata.se\/webbutik\/wp-content\/uploads\/webbutik\/kategorier\/mobiltelefoner-surfplattor\/sm-a035gzkgeub.jpeg","datePublished":"2022-06-16T12:18:12+00:00","dateModified":"2026-04-08T07:56:53+00:00","description":"Samsung Galaxy A03 A035 64GB Black - SM-A035GZKGEUB Med Galaxy A03 48MP huvudkamera tar du din mobilfotografering till n\u00e4sta niv\u00e5.","breadcrumb":{"@id":"https:\/\/www.heddata.se\/webbutik\/produkt\/samsung-galaxy-a03-a035-64gb-black-sm-a035gzkgeub\/#breadcrumb"},"inLanguage":"sv-SE","potentialAction":[{"@type":"ReadAction","target":["https:\/\/www.heddata.se\/webbutik\/produkt\/samsung-galaxy-a03-a035-64gb-black-sm-a035gzkgeub\/"]}]},{"@type":"ImageObject","inLanguage":"sv-SE","@id":"https:\/\/www.heddata.se\/webbutik\/produkt\/samsung-galaxy-a03-a035-64gb-black-sm-a035gzkgeub\/#primaryimage","url":"https:\/\/www.heddata.se\/webbutik\/wp-content\/uploads\/webbutik\/kategorier\/mobiltelefoner-surfplattor\/sm-a035gzkgeub.jpeg","contentUrl":"https:\/\/www.heddata.se\/webbutik\/wp-content\/uploads\/webbutik\/kategorier\/mobiltelefoner-surfplattor\/sm-a035gzkgeub.jpeg","width":960,"height":960,"caption":"Samsung Galaxy A03 A035"},{"@type":"BreadcrumbList","@id":"https:\/\/www.heddata.se\/webbutik\/produkt\/samsung-galaxy-a03-a035-64gb-black-sm-a035gzkgeub\/#breadcrumb","itemListElement":[{"@type":"ListItem","position":1,"name":"Hem","item":"https:\/\/www.heddata.se\/webbutik\/"},{"@type":"ListItem","position":2,"name":"Produkter","item":"https:\/\/www.heddata.se\/webbutik\/shop\/"},{"@type":"ListItem","position":3,"name":"Samsung Galaxy A03 A035 64GB Black &#8211; SM-A035GZKGEUB"}]},{"@type":"WebSite","@id":"https:\/\/www.heddata.se\/webbutik\/#website","url":"https:\/\/www.heddata.se\/webbutik\/","name":"Datorer, Skrivare, F\u00e4rgpatroner, Mobiltelefoner","description":"Kablar","publisher":{"@id":"https:\/\/www.heddata.se\/webbutik\/#organization"},"potentialAction":[{"@type":"SearchAction","target":{"@type":"EntryPoint","urlTemplate":"https:\/\/www.heddata.se\/webbutik\/?s={search_term_string}"},"query-input":{"@type":"PropertyValueSpecification","valueRequired":true,"valueName":"search_term_string"}}],"inLanguage":"sv-SE"},{"@type":"Organization","@id":"https:\/\/www.heddata.se\/webbutik\/#organization","name":"Heddata AB","url":"https:\/\/www.heddata.se\/webbutik\/","logo":{"@type":"ImageObject","inLanguage":"sv-SE","@id":"https:\/\/www.heddata.se\/webbutik\/#\/schema\/logo\/image\/","url":"https:\/\/www.heddata.se\/webbutik\/wp-content\/uploads\/logga\/heddata-ab-logga.png","contentUrl":"https:\/\/www.heddata.se\/webbutik\/wp-content\/uploads\/logga\/heddata-ab-logga.png","width":200,"height":64,"caption":"Heddata AB"},"image":{"@id":"https:\/\/www.heddata.se\/webbutik\/#\/schema\/logo\/image\/"}}]}},"_links":{"self":[{"href":"https:\/\/www.heddata.se\/webbutik\/wp-json\/wp\/v2\/product\/92876","targetHints":{"allow":["GET"]}}],"collection":[{"href":"https:\/\/www.heddata.se\/webbutik\/wp-json\/wp\/v2\/product"}],"about":[{"href":"https:\/\/www.heddata.se\/webbutik\/wp-json\/wp\/v2\/types\/product"}],"wp:featuredmedia":[{"embeddable":true,"href":"https:\/\/www.heddata.se\/webbutik\/wp-json\/wp\/v2\/media\/92883"}],"wp:attachment":[{"href":"https:\/\/www.heddata.se\/webbutik\/wp-json\/wp\/v2\/media?parent=92876"}],"wp:term":[{"taxonomy":"product_brand","embeddable":true,"href":"https:\/\/www.heddata.se\/webbutik\/wp-json\/wp\/v2\/product_brand?post=92876"},{"taxonomy":"product_cat","embeddable":true,"href":"https:\/\/www.heddata.se\/webbutik\/wp-json\/wp\/v2\/product_cat?post=92876"},{"taxonomy":"product_tag","embeddable":true,"href":"https:\/\/www.heddata.se\/webbutik\/wp-json\/wp\/v2\/product_tag?post=92876"}],"curies":[{"name":"wp","href":"https:\/\/api.w.org\/{rel}","templated":true}]}}