{"id":92850,"date":"2022-06-03T10:18:06","date_gmt":"2022-06-03T08:18:06","guid":{"rendered":"https:\/\/www.heddata.se\/webbutik\/?post_type=product&#038;p=92850"},"modified":"2026-04-10T18:11:13","modified_gmt":"2026-04-10T16:11:13","slug":"subwoofer-kabel-rca-hane-2x-rca-hona-guldplaterad-0-20-m-cabw24010at02","status":"publish","type":"product","link":"https:\/\/www.heddata.se\/webbutik\/produkt\/subwoofer-kabel-rca-hane-2x-rca-hona-guldplaterad-0-20-m-cabw24010at02\/","title":{"rendered":"Subwoofer Kabel RCA Hane | 2x RCA Hona | Guldplaterad | 0.20 m &#8211; CABW24010AT02"},"content":{"rendered":"<p>Subwoofer Kabel RCA Hane | 2x RCA Hona | Guldplaterad | 0.20 m &#8211; CABW24010AT02<\/p>\n<div class=\"description\">\n<div class=\"d-flex flex-column\">\n<div class=\"position-relative\">\n<div class=\"\">\n<p class=\"p-0 m-0\">Kabel f\u00f6r att ansluta en subwoofer till en hemmabioanl\u00e4ggning f\u00f6r att \u00f6ka <a href=\"https:\/\/www.heddata.se\/webbutik\/hemelektronik\/\">basljudet.<\/a><\/p>\n<\/div>\n<\/div>\n<\/div>\n<\/div>\n<h4 class=\"mt-3\"><strong class=\"d-block\">Egenskaper<\/strong><\/h4>\n<ul>\n<li>24 karat guldpl\u00e4terade kontakter f\u00f6r optimal ljud\u00f6verf\u00f6ring<\/li>\n<li class=\"m-0\">Flexibel dragavlastning f\u00f6r att undvika kabelbrott<\/li>\n<li class=\"m-0\">T\u00e5liga gjutna kontakter speciellt utformade f\u00f6r intensiv anv\u00e4ndning<\/li>\n<li class=\"m-0\">Sk\u00e4rmad kabel f\u00f6r minskade st\u00f6rningar och klar ljudkvalitet<\/li>\n<\/ul>\n<div id=\"package-contents\">\n<div class=\"border-top-md-down py-4 py-md-0\">\n<h4 id=\"package-contents\"><strong>Paketet inneh\u00e5ller<\/strong><\/h4>\n<p>1x subwoofer adapterkabel<\/p>\n<\/div>\n<\/div>\n<div id=\"information\"><a href=\"https:\/\/nedis.se\/sv-se\" target=\"_blank\" rel=\"noopener\"><strong style=\"font-size: 14.4px\">Produktspecifikationer<\/strong><\/a><\/div>\n<div><\/div>\n<div class=\"border-top-md-down py-4 py-md-0\">\n<table class=\"table table-dashed-border\">\n<tbody>\n<tr>\n<th scope=\"row\">F\u00e4rg<\/th>\n<td>Antracit<\/td>\n<\/tr>\n<tr>\n<th scope=\"row\">Anslutningsdesign \u2013 sida B<\/th>\n<td>Rak<\/td>\n<\/tr>\n<tr>\n<th scope=\"row\">Anslutningsdesign \u2013 sida A<\/th>\n<td>Rak<\/td>\n<\/tr>\n<tr>\n<th scope=\"row\">Kabelns utformning<\/th>\n<td>Rund<\/td>\n<\/tr>\n<tr>\n<th scope=\"row\">Kontaktspl\u00e4tering<\/th>\n<td>Guldplaterad<\/td>\n<\/tr>\n<tr>\n<th scope=\"row\">Kontaktmaterial<\/th>\n<td>PVC<\/td>\n<\/tr>\n<tr>\n<th scope=\"row\">Ledarmaterial<\/th>\n<td>Koppar<\/td>\n<\/tr>\n<tr>\n<th scope=\"row\">Kabelmantelns material<\/th>\n<td>PVC<\/td>\n<\/tr>\n<tr>\n<th scope=\"row\">AWG-v\u00e4rde<\/th>\n<td>26<\/td>\n<\/tr>\n<tr>\n<th scope=\"row\">Kabell\u00e4ngd<\/th>\n<td>0.20 m<\/td>\n<\/tr>\n<tr>\n<th scope=\"row\">Kabelmantelstorlek<\/th>\n<td>4.0 mm<\/td>\n<\/tr>\n<tr>\n<th scope=\"row\">Ledardiameter<\/th>\n<td>12 x 0.12 mm<\/td>\n<\/tr>\n<tr>\n<th scope=\"row\">Kabeltyp<\/th>\n<td>RCA<br \/>\nSubwoofer<\/td>\n<\/tr>\n<tr>\n<th scope=\"row\">Kontakt B<\/th>\n<td>2x RCA Hona<\/td>\n<\/tr>\n<tr>\n<th scope=\"row\">Ljudtyp<\/th>\n<td>Mono<\/td>\n<\/tr>\n<tr>\n<th scope=\"row\">F\u00f6rpackningstyp<\/th>\n<td>L\u00e5da<\/td>\n<\/tr>\n<tr>\n<th scope=\"row\">Kontakt A<\/th>\n<td>RCA Hane<\/td>\n<\/tr>\n<\/tbody>\n<\/table>\n<\/div>\n","protected":false},"excerpt":{"rendered":"<p>Subwoofer Kabel RCA Hane | 2x RCA Hona | Guldplaterad | 0.20 m &#8211; CABW24010AT02<\/p>\n","protected":false},"featured_media":92853,"template":"","meta":[],"product_brand":[],"product_cat":[59,73],"product_tag":[],"class_list":{"0":"post-92850","1":"product","2":"type-product","3":"status-publish","4":"has-post-thumbnail","6":"product_cat-kablar","7":"product_cat-ljudkablar","9":"first","10":"instock","11":"taxable","12":"shipping-taxable","13":"purchasable","14":"product-type-simple"},"yoast_head":"<!-- This site is optimized with the Yoast SEO Premium plugin v26.7 (Yoast SEO v26.7) - https:\/\/yoast.com\/wordpress\/plugins\/seo\/ -->\n<title>Subwoofer Kabel RCA Hane | 2x RCA Hona | Guldplaterad | 0.20 m<\/title>\n<meta name=\"description\" content=\"Subwoofer Kabel RCA Hane | 2x RCA Hona | Guldplaterad | 0.20 m - CABW24010AT02 f\u00f6r att ansluta en subwoofer till en hemmabioanl\u00e4ggning\" \/>\n<meta name=\"robots\" content=\"index, follow, max-snippet:-1, max-image-preview:large, max-video-preview:-1\" \/>\n<link rel=\"canonical\" href=\"https:\/\/www.heddata.se\/webbutik\/produkt\/subwoofer-kabel-rca-hane-2x-rca-hona-guldplaterad-0-20-m-cabw24010at02\/\" \/>\n<meta property=\"og:locale\" content=\"sv_SE\" \/>\n<meta property=\"og:type\" content=\"article\" \/>\n<meta property=\"og:title\" content=\"Subwoofer Kabel RCA Hane | 2x RCA Hona | Guldplaterad | 0.20 m - CABW24010AT02\" \/>\n<meta property=\"og:description\" content=\"Subwoofer Kabel RCA Hane | 2x RCA Hona | Guldplaterad | 0.20 m - CABW24010AT02 f\u00f6r att ansluta en subwoofer till en hemmabioanl\u00e4ggning\" \/>\n<meta property=\"og:url\" content=\"https:\/\/www.heddata.se\/webbutik\/produkt\/subwoofer-kabel-rca-hane-2x-rca-hona-guldplaterad-0-20-m-cabw24010at02\/\" \/>\n<meta property=\"og:site_name\" content=\"Datorer, Skrivare, F\u00e4rgpatroner, Mobiltelefoner\" \/>\n<meta property=\"article:modified_time\" content=\"2026-04-10T16:11:13+00:00\" \/>\n<meta property=\"og:image\" content=\"https:\/\/www.heddata.se\/webbutik\/wp-content\/uploads\/webbutik\/kategorier\/kablar-adaptrar\/cabw24010at02.jpeg\" \/>\n\t<meta property=\"og:image:width\" content=\"1200\" \/>\n\t<meta property=\"og:image:height\" content=\"1200\" \/>\n\t<meta property=\"og:image:type\" content=\"image\/jpeg\" \/>\n<meta name=\"twitter:card\" content=\"summary_large_image\" \/>\n<meta name=\"twitter:label1\" content=\"Ber\u00e4knad l\u00e4stid\" \/>\n\t<meta name=\"twitter:data1\" content=\"1 minut\" \/>\n<script type=\"application\/ld+json\" class=\"yoast-schema-graph\">{\"@context\":\"https:\/\/schema.org\",\"@graph\":[{\"@type\":\"WebPage\",\"@id\":\"https:\/\/www.heddata.se\/webbutik\/produkt\/subwoofer-kabel-rca-hane-2x-rca-hona-guldplaterad-0-20-m-cabw24010at02\/\",\"url\":\"https:\/\/www.heddata.se\/webbutik\/produkt\/subwoofer-kabel-rca-hane-2x-rca-hona-guldplaterad-0-20-m-cabw24010at02\/\",\"name\":\"Subwoofer Kabel RCA Hane | 2x RCA Hona | Guldplaterad | 0.20 m\",\"isPartOf\":{\"@id\":\"https:\/\/www.heddata.se\/webbutik\/#website\"},\"primaryImageOfPage\":{\"@id\":\"https:\/\/www.heddata.se\/webbutik\/produkt\/subwoofer-kabel-rca-hane-2x-rca-hona-guldplaterad-0-20-m-cabw24010at02\/#primaryimage\"},\"image\":{\"@id\":\"https:\/\/www.heddata.se\/webbutik\/produkt\/subwoofer-kabel-rca-hane-2x-rca-hona-guldplaterad-0-20-m-cabw24010at02\/#primaryimage\"},\"thumbnailUrl\":\"https:\/\/www.heddata.se\/webbutik\/wp-content\/uploads\/webbutik\/kategorier\/kablar-adaptrar\/cabw24010at02.jpeg\",\"datePublished\":\"2022-06-03T08:18:06+00:00\",\"dateModified\":\"2026-04-10T16:11:13+00:00\",\"description\":\"Subwoofer Kabel RCA Hane | 2x RCA Hona | Guldplaterad | 0.20 m - CABW24010AT02 f\u00f6r att ansluta en subwoofer till en hemmabioanl\u00e4ggning\",\"breadcrumb\":{\"@id\":\"https:\/\/www.heddata.se\/webbutik\/produkt\/subwoofer-kabel-rca-hane-2x-rca-hona-guldplaterad-0-20-m-cabw24010at02\/#breadcrumb\"},\"inLanguage\":\"sv-SE\",\"potentialAction\":[{\"@type\":\"ReadAction\",\"target\":[\"https:\/\/www.heddata.se\/webbutik\/produkt\/subwoofer-kabel-rca-hane-2x-rca-hona-guldplaterad-0-20-m-cabw24010at02\/\"]}]},{\"@type\":\"ImageObject\",\"inLanguage\":\"sv-SE\",\"@id\":\"https:\/\/www.heddata.se\/webbutik\/produkt\/subwoofer-kabel-rca-hane-2x-rca-hona-guldplaterad-0-20-m-cabw24010at02\/#primaryimage\",\"url\":\"https:\/\/www.heddata.se\/webbutik\/wp-content\/uploads\/webbutik\/kategorier\/kablar-adaptrar\/cabw24010at02.jpeg\",\"contentUrl\":\"https:\/\/www.heddata.se\/webbutik\/wp-content\/uploads\/webbutik\/kategorier\/kablar-adaptrar\/cabw24010at02.jpeg\",\"width\":1200,\"height\":1200,\"caption\":\"Subwoofer Kabel RCA Hane\"},{\"@type\":\"BreadcrumbList\",\"@id\":\"https:\/\/www.heddata.se\/webbutik\/produkt\/subwoofer-kabel-rca-hane-2x-rca-hona-guldplaterad-0-20-m-cabw24010at02\/#breadcrumb\",\"itemListElement\":[{\"@type\":\"ListItem\",\"position\":1,\"name\":\"Hem\",\"item\":\"https:\/\/www.heddata.se\/webbutik\/\"},{\"@type\":\"ListItem\",\"position\":2,\"name\":\"Produkter\",\"item\":\"https:\/\/www.heddata.se\/webbutik\/shop\/\"},{\"@type\":\"ListItem\",\"position\":3,\"name\":\"Subwoofer Kabel RCA Hane | 2x RCA Hona | Guldplaterad | 0.20 m &#8211; CABW24010AT02\"}]},{\"@type\":\"WebSite\",\"@id\":\"https:\/\/www.heddata.se\/webbutik\/#website\",\"url\":\"https:\/\/www.heddata.se\/webbutik\/\",\"name\":\"Datorer, Skrivare, F\u00e4rgpatroner, Mobiltelefoner\",\"description\":\"Kablar\",\"publisher\":{\"@id\":\"https:\/\/www.heddata.se\/webbutik\/#organization\"},\"potentialAction\":[{\"@type\":\"SearchAction\",\"target\":{\"@type\":\"EntryPoint\",\"urlTemplate\":\"https:\/\/www.heddata.se\/webbutik\/?s={search_term_string}\"},\"query-input\":{\"@type\":\"PropertyValueSpecification\",\"valueRequired\":true,\"valueName\":\"search_term_string\"}}],\"inLanguage\":\"sv-SE\"},{\"@type\":\"Organization\",\"@id\":\"https:\/\/www.heddata.se\/webbutik\/#organization\",\"name\":\"Heddata AB\",\"url\":\"https:\/\/www.heddata.se\/webbutik\/\",\"logo\":{\"@type\":\"ImageObject\",\"inLanguage\":\"sv-SE\",\"@id\":\"https:\/\/www.heddata.se\/webbutik\/#\/schema\/logo\/image\/\",\"url\":\"https:\/\/www.heddata.se\/webbutik\/wp-content\/uploads\/logga\/heddata-ab-logga.png\",\"contentUrl\":\"https:\/\/www.heddata.se\/webbutik\/wp-content\/uploads\/logga\/heddata-ab-logga.png\",\"width\":200,\"height\":64,\"caption\":\"Heddata AB\"},\"image\":{\"@id\":\"https:\/\/www.heddata.se\/webbutik\/#\/schema\/logo\/image\/\"}}]}<\/script>\n<!-- \/ Yoast SEO Premium plugin. -->","yoast_head_json":{"title":"Subwoofer Kabel RCA Hane | 2x RCA Hona | Guldplaterad | 0.20 m","description":"Subwoofer Kabel RCA Hane | 2x RCA Hona | Guldplaterad | 0.20 m - CABW24010AT02 f\u00f6r att ansluta en subwoofer till en hemmabioanl\u00e4ggning","robots":{"index":"index","follow":"follow","max-snippet":"max-snippet:-1","max-image-preview":"max-image-preview:large","max-video-preview":"max-video-preview:-1"},"canonical":"https:\/\/www.heddata.se\/webbutik\/produkt\/subwoofer-kabel-rca-hane-2x-rca-hona-guldplaterad-0-20-m-cabw24010at02\/","og_locale":"sv_SE","og_type":"article","og_title":"Subwoofer Kabel RCA Hane | 2x RCA Hona | Guldplaterad | 0.20 m - CABW24010AT02","og_description":"Subwoofer Kabel RCA Hane | 2x RCA Hona | Guldplaterad | 0.20 m - CABW24010AT02 f\u00f6r att ansluta en subwoofer till en hemmabioanl\u00e4ggning","og_url":"https:\/\/www.heddata.se\/webbutik\/produkt\/subwoofer-kabel-rca-hane-2x-rca-hona-guldplaterad-0-20-m-cabw24010at02\/","og_site_name":"Datorer, Skrivare, F\u00e4rgpatroner, Mobiltelefoner","article_modified_time":"2026-04-10T16:11:13+00:00","og_image":[{"width":1200,"height":1200,"url":"https:\/\/www.heddata.se\/webbutik\/wp-content\/uploads\/webbutik\/kategorier\/kablar-adaptrar\/cabw24010at02.jpeg","type":"image\/jpeg"}],"twitter_card":"summary_large_image","twitter_misc":{"Ber\u00e4knad l\u00e4stid":"1 minut"},"schema":{"@context":"https:\/\/schema.org","@graph":[{"@type":"WebPage","@id":"https:\/\/www.heddata.se\/webbutik\/produkt\/subwoofer-kabel-rca-hane-2x-rca-hona-guldplaterad-0-20-m-cabw24010at02\/","url":"https:\/\/www.heddata.se\/webbutik\/produkt\/subwoofer-kabel-rca-hane-2x-rca-hona-guldplaterad-0-20-m-cabw24010at02\/","name":"Subwoofer Kabel RCA Hane | 2x RCA Hona | Guldplaterad | 0.20 m","isPartOf":{"@id":"https:\/\/www.heddata.se\/webbutik\/#website"},"primaryImageOfPage":{"@id":"https:\/\/www.heddata.se\/webbutik\/produkt\/subwoofer-kabel-rca-hane-2x-rca-hona-guldplaterad-0-20-m-cabw24010at02\/#primaryimage"},"image":{"@id":"https:\/\/www.heddata.se\/webbutik\/produkt\/subwoofer-kabel-rca-hane-2x-rca-hona-guldplaterad-0-20-m-cabw24010at02\/#primaryimage"},"thumbnailUrl":"https:\/\/www.heddata.se\/webbutik\/wp-content\/uploads\/webbutik\/kategorier\/kablar-adaptrar\/cabw24010at02.jpeg","datePublished":"2022-06-03T08:18:06+00:00","dateModified":"2026-04-10T16:11:13+00:00","description":"Subwoofer Kabel RCA Hane | 2x RCA Hona | Guldplaterad | 0.20 m - CABW24010AT02 f\u00f6r att ansluta en subwoofer till en hemmabioanl\u00e4ggning","breadcrumb":{"@id":"https:\/\/www.heddata.se\/webbutik\/produkt\/subwoofer-kabel-rca-hane-2x-rca-hona-guldplaterad-0-20-m-cabw24010at02\/#breadcrumb"},"inLanguage":"sv-SE","potentialAction":[{"@type":"ReadAction","target":["https:\/\/www.heddata.se\/webbutik\/produkt\/subwoofer-kabel-rca-hane-2x-rca-hona-guldplaterad-0-20-m-cabw24010at02\/"]}]},{"@type":"ImageObject","inLanguage":"sv-SE","@id":"https:\/\/www.heddata.se\/webbutik\/produkt\/subwoofer-kabel-rca-hane-2x-rca-hona-guldplaterad-0-20-m-cabw24010at02\/#primaryimage","url":"https:\/\/www.heddata.se\/webbutik\/wp-content\/uploads\/webbutik\/kategorier\/kablar-adaptrar\/cabw24010at02.jpeg","contentUrl":"https:\/\/www.heddata.se\/webbutik\/wp-content\/uploads\/webbutik\/kategorier\/kablar-adaptrar\/cabw24010at02.jpeg","width":1200,"height":1200,"caption":"Subwoofer Kabel RCA Hane"},{"@type":"BreadcrumbList","@id":"https:\/\/www.heddata.se\/webbutik\/produkt\/subwoofer-kabel-rca-hane-2x-rca-hona-guldplaterad-0-20-m-cabw24010at02\/#breadcrumb","itemListElement":[{"@type":"ListItem","position":1,"name":"Hem","item":"https:\/\/www.heddata.se\/webbutik\/"},{"@type":"ListItem","position":2,"name":"Produkter","item":"https:\/\/www.heddata.se\/webbutik\/shop\/"},{"@type":"ListItem","position":3,"name":"Subwoofer Kabel RCA Hane | 2x RCA Hona | Guldplaterad | 0.20 m &#8211; CABW24010AT02"}]},{"@type":"WebSite","@id":"https:\/\/www.heddata.se\/webbutik\/#website","url":"https:\/\/www.heddata.se\/webbutik\/","name":"Datorer, Skrivare, F\u00e4rgpatroner, Mobiltelefoner","description":"Kablar","publisher":{"@id":"https:\/\/www.heddata.se\/webbutik\/#organization"},"potentialAction":[{"@type":"SearchAction","target":{"@type":"EntryPoint","urlTemplate":"https:\/\/www.heddata.se\/webbutik\/?s={search_term_string}"},"query-input":{"@type":"PropertyValueSpecification","valueRequired":true,"valueName":"search_term_string"}}],"inLanguage":"sv-SE"},{"@type":"Organization","@id":"https:\/\/www.heddata.se\/webbutik\/#organization","name":"Heddata AB","url":"https:\/\/www.heddata.se\/webbutik\/","logo":{"@type":"ImageObject","inLanguage":"sv-SE","@id":"https:\/\/www.heddata.se\/webbutik\/#\/schema\/logo\/image\/","url":"https:\/\/www.heddata.se\/webbutik\/wp-content\/uploads\/logga\/heddata-ab-logga.png","contentUrl":"https:\/\/www.heddata.se\/webbutik\/wp-content\/uploads\/logga\/heddata-ab-logga.png","width":200,"height":64,"caption":"Heddata AB"},"image":{"@id":"https:\/\/www.heddata.se\/webbutik\/#\/schema\/logo\/image\/"}}]}},"_links":{"self":[{"href":"https:\/\/www.heddata.se\/webbutik\/wp-json\/wp\/v2\/product\/92850","targetHints":{"allow":["GET"]}}],"collection":[{"href":"https:\/\/www.heddata.se\/webbutik\/wp-json\/wp\/v2\/product"}],"about":[{"href":"https:\/\/www.heddata.se\/webbutik\/wp-json\/wp\/v2\/types\/product"}],"wp:featuredmedia":[{"embeddable":true,"href":"https:\/\/www.heddata.se\/webbutik\/wp-json\/wp\/v2\/media\/92853"}],"wp:attachment":[{"href":"https:\/\/www.heddata.se\/webbutik\/wp-json\/wp\/v2\/media?parent=92850"}],"wp:term":[{"taxonomy":"product_brand","embeddable":true,"href":"https:\/\/www.heddata.se\/webbutik\/wp-json\/wp\/v2\/product_brand?post=92850"},{"taxonomy":"product_cat","embeddable":true,"href":"https:\/\/www.heddata.se\/webbutik\/wp-json\/wp\/v2\/product_cat?post=92850"},{"taxonomy":"product_tag","embeddable":true,"href":"https:\/\/www.heddata.se\/webbutik\/wp-json\/wp\/v2\/product_tag?post=92850"}],"curies":[{"name":"wp","href":"https:\/\/api.w.org\/{rel}","templated":true}]}}