{"id":92726,"date":"2022-04-22T10:18:18","date_gmt":"2022-04-22T08:18:18","guid":{"rendered":"https:\/\/www.heddata.se\/webbutik\/?post_type=product&#038;p=92726"},"modified":"2026-04-03T18:41:22","modified_gmt":"2026-04-03T16:41:22","slug":"fullt-bevagligt-tv-vaggfaste-37-70-maximal-skarmvikt-som-stods-30-kg-tvwm3550bk","status":"publish","type":"product","link":"https:\/\/www.heddata.se\/webbutik\/produkt\/fullt-bevagligt-tv-vaggfaste-37-70-maximal-skarmvikt-som-stods-30-kg-tvwm3550bk\/","title":{"rendered":"Fullt bev\u00e4gligt TV v\u00e4ggf\u00e4ste 37-70 &#8221; Maximal sk\u00e4rmvikt som st\u00f6ds: 30 kg TVWM3550BK"},"content":{"rendered":"<p>Fullt bev\u00e4gligt TV v\u00e4ggf\u00e4ste 37-70 &#8221; Maximal sk\u00e4rmvikt som st\u00f6ds: 30 kg TVWM3550BK<\/p>\n<div class=\"description\">\n<div class=\"d-flex flex-column\">\n<div class=\"position-relative\">\n<div class=\"\">\n<p class=\"p-0 m-0\">Placera din TV extremt n\u00e4ra v\u00e4ggen med det h\u00e4r helt r\u00f6rliga TV-v\u00e4ggf\u00e4stet fr\u00e5n Nedis\u00ae som f\u00f6rst\u00e4rker platt-TV:ns slimmade och rena design. Med den helt r\u00f6rliga konstruktionen kan du st\u00e4lla in TV:ns position hur du vill. Det ger dig en perfekt visningsvinkel var \u00e4n i rummet du sitter.<\/p>\n<\/div>\n<\/div>\n<\/div>\n<\/div>\n<div class=\"mt-3\"><strong class=\"d-block\">Egenskaper<\/strong><\/p>\n<p class=\"m-0\">\u2022 Stort f\u00e4ste &#8211; passar de flesta tv-sk\u00e4rmar fr\u00e5n 37 till 70 tum. \u2022 Passar VESA-storlekar: 300&#215;200, 300&#215;300, 400&#215;200, 400&#215;400, 600&#215;400. \u2022 Starka och h\u00e5llbara komponenter &#8211; 30 kg maxvikt f\u00f6r <a href=\"https:\/\/www.heddata.se\/webbutik\/tv-apparater\/\">tv.<\/a> \u2022 Lutningsfunktion &#8211; 30\u00b0 lutningsomr\u00e5de f\u00f6r b\u00e4sta betraktningsvinkel. \u2022 Konstruktion med dubbla armar f\u00f6r full r\u00f6rlighet &#8211; 6 ledpunkter f\u00f6r optimal flexibilitet och v\u00e4ggavst\u00e5nd p\u00e5 upp till 268 mm. \u2022 Upp till 5\u00b0 niv\u00e5justering &#8211; optimera betraktningsvinkeln efter montering. \u2022 Snabb och enkel montering &#8211; tar mindre \u00e4n 15 minuter.<\/p>\n<div id=\"package-contents\">\n<div class=\"border-top-md-down py-4 py-md-0\">\n<h4 id=\"package-contents\">Paketet inneh\u00e5ller<\/h4>\n<p>1 v\u00e4ggf\u00e4ste<br \/>\n1 sats installationsmaterial<br \/>\nSnabbinstallationsguide<\/p>\n<\/div>\n<\/div>\n<div id=\"information\"><\/div>\n<div class=\"border-top-md-down py-4 py-md-0\">\n<h4 id=\"specifications\"><a href=\"https:\/\/nedis.se\/sv-se\" target=\"_blank\" rel=\"noopener\">Produktspecifikationer<\/a><\/h4>\n<table class=\"table table-dashed-border\">\n<tbody>\n<tr>\n<th scope=\"row\">F\u00e4rg<\/th>\n<td>Svart<\/td>\n<\/tr>\n<tr>\n<th scope=\"row\">Material<\/th>\n<td>Aluminium<br \/>\nSt\u00e5l<\/td>\n<\/tr>\n<tr>\n<th scope=\"row\">Monteringsapplikation<\/th>\n<td>V\u00e4gg<\/td>\n<\/tr>\n<tr>\n<th scope=\"row\">VESA-montering<\/th>\n<td>400&#215;200<br \/>\n400&#215;400<br \/>\n600&#215;400<br \/>\n300&#215;300<\/td>\n<\/tr>\n<tr>\n<th scope=\"row\">Maximal sk\u00e4rmvikt som st\u00f6ds<\/th>\n<td>30 kg<\/td>\n<\/tr>\n<tr>\n<th scope=\"row\">Sk\u00e4rmstorlek<\/th>\n<td>37-70 &#8221;<\/td>\n<\/tr>\n<tr>\n<th scope=\"row\">H\u00f6jd<\/th>\n<td>430 mm<\/td>\n<\/tr>\n<tr>\n<th scope=\"row\">Utj\u00e4mnar<\/th>\n<td>5-5 \u00b0<\/td>\n<\/tr>\n<tr>\n<th scope=\"row\">Minsta v\u00e4ggdistans<\/th>\n<td>34 mm<\/td>\n<\/tr>\n<tr>\n<th scope=\"row\">Maximalt v\u00e4ggavst\u00e5nd<\/th>\n<td>268 mm<\/td>\n<\/tr>\n<tr>\n<th scope=\"row\">Djup<\/th>\n<td>268 mm<\/td>\n<\/tr>\n<tr>\n<th scope=\"row\">Kabel hantering<\/th>\n<td>Ja<\/td>\n<\/tr>\n<tr>\n<th scope=\"row\">G\u00e5r att tilta<\/th>\n<td>30 \u00b0<\/td>\n<\/tr>\n<tr>\n<th scope=\"row\">Funktionalitet<\/th>\n<td>Fullst\u00e4ndigt justerbar<\/td>\n<\/tr>\n<tr>\n<th scope=\"row\">Vikt<\/th>\n<td>5400 g<\/td>\n<\/tr>\n<tr>\n<th scope=\"row\">Bredd<\/th>\n<td>756 mm<\/td>\n<\/tr>\n<tr>\n<th scope=\"row\">Roterbar<\/th>\n<td>0 &#8211; 60 \u00b0<\/td>\n<\/tr>\n<tr>\n<th scope=\"row\">Antal sk\u00e4rmar<\/th>\n<td>1 Sk\u00e4rm(ar)<\/td>\n<\/tr>\n<tr>\n<th scope=\"row\">Antal pivot po\u00e4ng<\/th>\n<td>6 Ledpunkt(er)<\/td>\n<\/tr>\n<\/tbody>\n<\/table>\n<\/div>\n<\/div>\n","protected":false},"excerpt":{"rendered":"<p>Fullt bev\u00e4gligt TV v\u00e4ggf\u00e4ste 37-70 &#8221; Maximal sk\u00e4rmvikt som st\u00f6ds: 30 kg TVWM3550BK<\/p>\n","protected":false},"featured_media":92729,"template":"","meta":[],"product_brand":[],"product_cat":[86],"product_tag":[],"class_list":{"0":"post-92726","1":"product","2":"type-product","3":"status-publish","4":"has-post-thumbnail","6":"product_cat-tillbehor-tv","8":"first","9":"outofstock","10":"taxable","11":"shipping-taxable","12":"product-type-simple"},"yoast_head":"<!-- This site is optimized with the Yoast SEO Premium plugin v26.7 (Yoast SEO v26.7) - https:\/\/yoast.com\/wordpress\/plugins\/seo\/ -->\n<title>Fullt bev\u00e4gligt TV v\u00e4ggf\u00e4ste 37-70 &quot; Maximal sk\u00e4rmvikt som st\u00f6ds: 30 kg<\/title>\n<meta name=\"description\" content=\"Fullt bev\u00e4gligt TV v\u00e4ggf\u00e4ste 37-70 &quot; Maximal sk\u00e4rmvikt som st\u00f6ds: 30 kg TVWM3550BK G\u00e5r att tilta | Roterbar\" \/>\n<meta name=\"robots\" content=\"index, follow, max-snippet:-1, max-image-preview:large, max-video-preview:-1\" \/>\n<link rel=\"canonical\" href=\"https:\/\/www.heddata.se\/webbutik\/produkt\/fullt-bevagligt-tv-vaggfaste-37-70-maximal-skarmvikt-som-stods-30-kg-tvwm3550bk\/\" \/>\n<meta property=\"og:locale\" content=\"sv_SE\" \/>\n<meta property=\"og:type\" content=\"article\" \/>\n<meta property=\"og:title\" content=\"Fullt bev\u00e4gligt TV v\u00e4ggf\u00e4ste 37-70 &quot; Maximal sk\u00e4rmvikt som st\u00f6ds: 30 kg TVWM3550BK\" \/>\n<meta property=\"og:description\" content=\"Fullt bev\u00e4gligt TV v\u00e4ggf\u00e4ste 37-70 &quot; Maximal sk\u00e4rmvikt som st\u00f6ds: 30 kg TVWM3550BK G\u00e5r att tilta | Roterbar\" \/>\n<meta property=\"og:url\" content=\"https:\/\/www.heddata.se\/webbutik\/produkt\/fullt-bevagligt-tv-vaggfaste-37-70-maximal-skarmvikt-som-stods-30-kg-tvwm3550bk\/\" \/>\n<meta property=\"og:site_name\" content=\"Datorer, Skrivare, F\u00e4rgpatroner, Mobiltelefoner\" \/>\n<meta property=\"article:modified_time\" content=\"2026-04-03T16:41:22+00:00\" \/>\n<meta property=\"og:image\" content=\"https:\/\/www.heddata.se\/webbutik\/wp-content\/uploads\/webbutik\/kategorier\/tv\/tvwm3550bk.jpeg\" \/>\n\t<meta property=\"og:image:width\" content=\"1200\" \/>\n\t<meta property=\"og:image:height\" content=\"1200\" \/>\n\t<meta property=\"og:image:type\" content=\"image\/jpeg\" \/>\n<meta name=\"twitter:card\" content=\"summary_large_image\" \/>\n<meta name=\"twitter:label1\" content=\"Ber\u00e4knad l\u00e4stid\" \/>\n\t<meta name=\"twitter:data1\" content=\"1 minut\" \/>\n<script type=\"application\/ld+json\" class=\"yoast-schema-graph\">{\"@context\":\"https:\/\/schema.org\",\"@graph\":[{\"@type\":\"WebPage\",\"@id\":\"https:\/\/www.heddata.se\/webbutik\/produkt\/fullt-bevagligt-tv-vaggfaste-37-70-maximal-skarmvikt-som-stods-30-kg-tvwm3550bk\/\",\"url\":\"https:\/\/www.heddata.se\/webbutik\/produkt\/fullt-bevagligt-tv-vaggfaste-37-70-maximal-skarmvikt-som-stods-30-kg-tvwm3550bk\/\",\"name\":\"Fullt bev\u00e4gligt TV v\u00e4ggf\u00e4ste 37-70 \\\" Maximal sk\u00e4rmvikt som st\u00f6ds: 30 kg\",\"isPartOf\":{\"@id\":\"https:\/\/www.heddata.se\/webbutik\/#website\"},\"primaryImageOfPage\":{\"@id\":\"https:\/\/www.heddata.se\/webbutik\/produkt\/fullt-bevagligt-tv-vaggfaste-37-70-maximal-skarmvikt-som-stods-30-kg-tvwm3550bk\/#primaryimage\"},\"image\":{\"@id\":\"https:\/\/www.heddata.se\/webbutik\/produkt\/fullt-bevagligt-tv-vaggfaste-37-70-maximal-skarmvikt-som-stods-30-kg-tvwm3550bk\/#primaryimage\"},\"thumbnailUrl\":\"https:\/\/www.heddata.se\/webbutik\/wp-content\/uploads\/webbutik\/kategorier\/tv\/tvwm3550bk.jpeg\",\"datePublished\":\"2022-04-22T08:18:18+00:00\",\"dateModified\":\"2026-04-03T16:41:22+00:00\",\"description\":\"Fullt bev\u00e4gligt TV v\u00e4ggf\u00e4ste 37-70 \\\" Maximal sk\u00e4rmvikt som st\u00f6ds: 30 kg TVWM3550BK G\u00e5r att tilta | Roterbar\",\"breadcrumb\":{\"@id\":\"https:\/\/www.heddata.se\/webbutik\/produkt\/fullt-bevagligt-tv-vaggfaste-37-70-maximal-skarmvikt-som-stods-30-kg-tvwm3550bk\/#breadcrumb\"},\"inLanguage\":\"sv-SE\",\"potentialAction\":[{\"@type\":\"ReadAction\",\"target\":[\"https:\/\/www.heddata.se\/webbutik\/produkt\/fullt-bevagligt-tv-vaggfaste-37-70-maximal-skarmvikt-som-stods-30-kg-tvwm3550bk\/\"]}]},{\"@type\":\"ImageObject\",\"inLanguage\":\"sv-SE\",\"@id\":\"https:\/\/www.heddata.se\/webbutik\/produkt\/fullt-bevagligt-tv-vaggfaste-37-70-maximal-skarmvikt-som-stods-30-kg-tvwm3550bk\/#primaryimage\",\"url\":\"https:\/\/www.heddata.se\/webbutik\/wp-content\/uploads\/webbutik\/kategorier\/tv\/tvwm3550bk.jpeg\",\"contentUrl\":\"https:\/\/www.heddata.se\/webbutik\/wp-content\/uploads\/webbutik\/kategorier\/tv\/tvwm3550bk.jpeg\",\"width\":1200,\"height\":1200,\"caption\":\"Fullt bev\u00e4gligt TV v\u00e4ggf\u00e4ste\"},{\"@type\":\"BreadcrumbList\",\"@id\":\"https:\/\/www.heddata.se\/webbutik\/produkt\/fullt-bevagligt-tv-vaggfaste-37-70-maximal-skarmvikt-som-stods-30-kg-tvwm3550bk\/#breadcrumb\",\"itemListElement\":[{\"@type\":\"ListItem\",\"position\":1,\"name\":\"Hem\",\"item\":\"https:\/\/www.heddata.se\/webbutik\/\"},{\"@type\":\"ListItem\",\"position\":2,\"name\":\"Produkter\",\"item\":\"https:\/\/www.heddata.se\/webbutik\/shop\/\"},{\"@type\":\"ListItem\",\"position\":3,\"name\":\"Fullt bev\u00e4gligt TV v\u00e4ggf\u00e4ste 37-70 &#8221; Maximal sk\u00e4rmvikt som st\u00f6ds: 30 kg TVWM3550BK\"}]},{\"@type\":\"WebSite\",\"@id\":\"https:\/\/www.heddata.se\/webbutik\/#website\",\"url\":\"https:\/\/www.heddata.se\/webbutik\/\",\"name\":\"Datorer, Skrivare, F\u00e4rgpatroner, Mobiltelefoner\",\"description\":\"Kablar\",\"publisher\":{\"@id\":\"https:\/\/www.heddata.se\/webbutik\/#organization\"},\"potentialAction\":[{\"@type\":\"SearchAction\",\"target\":{\"@type\":\"EntryPoint\",\"urlTemplate\":\"https:\/\/www.heddata.se\/webbutik\/?s={search_term_string}\"},\"query-input\":{\"@type\":\"PropertyValueSpecification\",\"valueRequired\":true,\"valueName\":\"search_term_string\"}}],\"inLanguage\":\"sv-SE\"},{\"@type\":\"Organization\",\"@id\":\"https:\/\/www.heddata.se\/webbutik\/#organization\",\"name\":\"Heddata AB\",\"url\":\"https:\/\/www.heddata.se\/webbutik\/\",\"logo\":{\"@type\":\"ImageObject\",\"inLanguage\":\"sv-SE\",\"@id\":\"https:\/\/www.heddata.se\/webbutik\/#\/schema\/logo\/image\/\",\"url\":\"https:\/\/www.heddata.se\/webbutik\/wp-content\/uploads\/logga\/heddata-ab-logga.png\",\"contentUrl\":\"https:\/\/www.heddata.se\/webbutik\/wp-content\/uploads\/logga\/heddata-ab-logga.png\",\"width\":200,\"height\":64,\"caption\":\"Heddata AB\"},\"image\":{\"@id\":\"https:\/\/www.heddata.se\/webbutik\/#\/schema\/logo\/image\/\"}}]}<\/script>\n<!-- \/ Yoast SEO Premium plugin. -->","yoast_head_json":{"title":"Fullt bev\u00e4gligt TV v\u00e4ggf\u00e4ste 37-70 \" Maximal sk\u00e4rmvikt som st\u00f6ds: 30 kg","description":"Fullt bev\u00e4gligt TV v\u00e4ggf\u00e4ste 37-70 \" Maximal sk\u00e4rmvikt som st\u00f6ds: 30 kg TVWM3550BK G\u00e5r att tilta | Roterbar","robots":{"index":"index","follow":"follow","max-snippet":"max-snippet:-1","max-image-preview":"max-image-preview:large","max-video-preview":"max-video-preview:-1"},"canonical":"https:\/\/www.heddata.se\/webbutik\/produkt\/fullt-bevagligt-tv-vaggfaste-37-70-maximal-skarmvikt-som-stods-30-kg-tvwm3550bk\/","og_locale":"sv_SE","og_type":"article","og_title":"Fullt bev\u00e4gligt TV v\u00e4ggf\u00e4ste 37-70 \" Maximal sk\u00e4rmvikt som st\u00f6ds: 30 kg TVWM3550BK","og_description":"Fullt bev\u00e4gligt TV v\u00e4ggf\u00e4ste 37-70 \" Maximal sk\u00e4rmvikt som st\u00f6ds: 30 kg TVWM3550BK G\u00e5r att tilta | Roterbar","og_url":"https:\/\/www.heddata.se\/webbutik\/produkt\/fullt-bevagligt-tv-vaggfaste-37-70-maximal-skarmvikt-som-stods-30-kg-tvwm3550bk\/","og_site_name":"Datorer, Skrivare, F\u00e4rgpatroner, Mobiltelefoner","article_modified_time":"2026-04-03T16:41:22+00:00","og_image":[{"width":1200,"height":1200,"url":"https:\/\/www.heddata.se\/webbutik\/wp-content\/uploads\/webbutik\/kategorier\/tv\/tvwm3550bk.jpeg","type":"image\/jpeg"}],"twitter_card":"summary_large_image","twitter_misc":{"Ber\u00e4knad l\u00e4stid":"1 minut"},"schema":{"@context":"https:\/\/schema.org","@graph":[{"@type":"WebPage","@id":"https:\/\/www.heddata.se\/webbutik\/produkt\/fullt-bevagligt-tv-vaggfaste-37-70-maximal-skarmvikt-som-stods-30-kg-tvwm3550bk\/","url":"https:\/\/www.heddata.se\/webbutik\/produkt\/fullt-bevagligt-tv-vaggfaste-37-70-maximal-skarmvikt-som-stods-30-kg-tvwm3550bk\/","name":"Fullt bev\u00e4gligt TV v\u00e4ggf\u00e4ste 37-70 \" Maximal sk\u00e4rmvikt som st\u00f6ds: 30 kg","isPartOf":{"@id":"https:\/\/www.heddata.se\/webbutik\/#website"},"primaryImageOfPage":{"@id":"https:\/\/www.heddata.se\/webbutik\/produkt\/fullt-bevagligt-tv-vaggfaste-37-70-maximal-skarmvikt-som-stods-30-kg-tvwm3550bk\/#primaryimage"},"image":{"@id":"https:\/\/www.heddata.se\/webbutik\/produkt\/fullt-bevagligt-tv-vaggfaste-37-70-maximal-skarmvikt-som-stods-30-kg-tvwm3550bk\/#primaryimage"},"thumbnailUrl":"https:\/\/www.heddata.se\/webbutik\/wp-content\/uploads\/webbutik\/kategorier\/tv\/tvwm3550bk.jpeg","datePublished":"2022-04-22T08:18:18+00:00","dateModified":"2026-04-03T16:41:22+00:00","description":"Fullt bev\u00e4gligt TV v\u00e4ggf\u00e4ste 37-70 \" Maximal sk\u00e4rmvikt som st\u00f6ds: 30 kg TVWM3550BK G\u00e5r att tilta | Roterbar","breadcrumb":{"@id":"https:\/\/www.heddata.se\/webbutik\/produkt\/fullt-bevagligt-tv-vaggfaste-37-70-maximal-skarmvikt-som-stods-30-kg-tvwm3550bk\/#breadcrumb"},"inLanguage":"sv-SE","potentialAction":[{"@type":"ReadAction","target":["https:\/\/www.heddata.se\/webbutik\/produkt\/fullt-bevagligt-tv-vaggfaste-37-70-maximal-skarmvikt-som-stods-30-kg-tvwm3550bk\/"]}]},{"@type":"ImageObject","inLanguage":"sv-SE","@id":"https:\/\/www.heddata.se\/webbutik\/produkt\/fullt-bevagligt-tv-vaggfaste-37-70-maximal-skarmvikt-som-stods-30-kg-tvwm3550bk\/#primaryimage","url":"https:\/\/www.heddata.se\/webbutik\/wp-content\/uploads\/webbutik\/kategorier\/tv\/tvwm3550bk.jpeg","contentUrl":"https:\/\/www.heddata.se\/webbutik\/wp-content\/uploads\/webbutik\/kategorier\/tv\/tvwm3550bk.jpeg","width":1200,"height":1200,"caption":"Fullt bev\u00e4gligt TV v\u00e4ggf\u00e4ste"},{"@type":"BreadcrumbList","@id":"https:\/\/www.heddata.se\/webbutik\/produkt\/fullt-bevagligt-tv-vaggfaste-37-70-maximal-skarmvikt-som-stods-30-kg-tvwm3550bk\/#breadcrumb","itemListElement":[{"@type":"ListItem","position":1,"name":"Hem","item":"https:\/\/www.heddata.se\/webbutik\/"},{"@type":"ListItem","position":2,"name":"Produkter","item":"https:\/\/www.heddata.se\/webbutik\/shop\/"},{"@type":"ListItem","position":3,"name":"Fullt bev\u00e4gligt TV v\u00e4ggf\u00e4ste 37-70 &#8221; Maximal sk\u00e4rmvikt som st\u00f6ds: 30 kg TVWM3550BK"}]},{"@type":"WebSite","@id":"https:\/\/www.heddata.se\/webbutik\/#website","url":"https:\/\/www.heddata.se\/webbutik\/","name":"Datorer, Skrivare, F\u00e4rgpatroner, Mobiltelefoner","description":"Kablar","publisher":{"@id":"https:\/\/www.heddata.se\/webbutik\/#organization"},"potentialAction":[{"@type":"SearchAction","target":{"@type":"EntryPoint","urlTemplate":"https:\/\/www.heddata.se\/webbutik\/?s={search_term_string}"},"query-input":{"@type":"PropertyValueSpecification","valueRequired":true,"valueName":"search_term_string"}}],"inLanguage":"sv-SE"},{"@type":"Organization","@id":"https:\/\/www.heddata.se\/webbutik\/#organization","name":"Heddata AB","url":"https:\/\/www.heddata.se\/webbutik\/","logo":{"@type":"ImageObject","inLanguage":"sv-SE","@id":"https:\/\/www.heddata.se\/webbutik\/#\/schema\/logo\/image\/","url":"https:\/\/www.heddata.se\/webbutik\/wp-content\/uploads\/logga\/heddata-ab-logga.png","contentUrl":"https:\/\/www.heddata.se\/webbutik\/wp-content\/uploads\/logga\/heddata-ab-logga.png","width":200,"height":64,"caption":"Heddata AB"},"image":{"@id":"https:\/\/www.heddata.se\/webbutik\/#\/schema\/logo\/image\/"}}]}},"_links":{"self":[{"href":"https:\/\/www.heddata.se\/webbutik\/wp-json\/wp\/v2\/product\/92726","targetHints":{"allow":["GET"]}}],"collection":[{"href":"https:\/\/www.heddata.se\/webbutik\/wp-json\/wp\/v2\/product"}],"about":[{"href":"https:\/\/www.heddata.se\/webbutik\/wp-json\/wp\/v2\/types\/product"}],"wp:featuredmedia":[{"embeddable":true,"href":"https:\/\/www.heddata.se\/webbutik\/wp-json\/wp\/v2\/media\/92729"}],"wp:attachment":[{"href":"https:\/\/www.heddata.se\/webbutik\/wp-json\/wp\/v2\/media?parent=92726"}],"wp:term":[{"taxonomy":"product_brand","embeddable":true,"href":"https:\/\/www.heddata.se\/webbutik\/wp-json\/wp\/v2\/product_brand?post=92726"},{"taxonomy":"product_cat","embeddable":true,"href":"https:\/\/www.heddata.se\/webbutik\/wp-json\/wp\/v2\/product_cat?post=92726"},{"taxonomy":"product_tag","embeddable":true,"href":"https:\/\/www.heddata.se\/webbutik\/wp-json\/wp\/v2\/product_tag?post=92726"}],"curies":[{"name":"wp","href":"https:\/\/api.w.org\/{rel}","templated":true}]}}