{"id":92694,"date":"2022-04-11T17:18:12","date_gmt":"2022-04-11T15:18:12","guid":{"rendered":"https:\/\/www.heddata.se\/webbutik\/?post_type=product&#038;p=92694"},"modified":"2026-04-07T18:29:54","modified_gmt":"2026-04-07T16:29:54","slug":"usb-minne-kingston-datatraveler-exodia-32gb","status":"publish","type":"product","link":"https:\/\/www.heddata.se\/webbutik\/produkt\/usb-minne-kingston-datatraveler-exodia-32gb\/","title":{"rendered":"USB-minne Kingston DataTraveler Exodia 32GB"},"content":{"rendered":"<p>USB-minne Kingston DataTraveler Exodia 32GB<\/p>\n<h4><b>DataTraveler Exodia USB Flash Drive with Protective Cap and Keyring in Multiple Colors<\/b><\/h4>\n<p><a href=\"https:\/\/www.kingston.com\/en\" target=\"_blank\" rel=\"noopener\">Kingston\u2019s<\/a> DataTraveler\u00ae Exodia features USB 3.2 Gen 1 performance for easy access to <a href=\"https:\/\/www.heddata.se\/webbutik\/datorer\/\">laptops,<\/a> desktop PCs, monitors and other digital devices. DT Exodia allows quick transfers and convenient storage of documents, music, videos and more. Its practical design and fashionable colors make it ideal for everyday use at work, home, school or wherever you need to take your data. DT Exodia is available in capacities up to 256GB1 and is backed by a five-year warranty, free technical support and legendary Kingston\u00ae reliability.<\/p>\n<h4><b>Ultimate portability<\/b><\/h4>\n<p>Range of capacities with colorful loop that easily attaches to key rings<\/p>\n<h4><b>Quick and convenient<\/b><\/h4>\n<p>The lightweight storage solution with USB 3.2 Gen 1 speeds that\u2019s easy to take with you.<\/p>\n<h4><strong>Allm\u00e4nt<\/strong><\/h4>\n<dl>\n<dt>Kapacitet:\u00a032 GB<\/dt>\n<dt>Gr\u00e4nssnitt:\u00a0USB-A<\/dt>\n<dt>USB standard:\u00a03.2 Gen 1<\/dt>\n<\/dl>\n<dl>\n<dd><\/dd>\n<\/dl>\n","protected":false},"excerpt":{"rendered":"<p>USB-minne Kingston DataTraveler Exodia 32GB<\/p>\n","protected":false},"featured_media":92696,"template":"","meta":[],"product_brand":[],"product_cat":[64,107],"product_tag":[],"class_list":{"0":"post-92694","1":"product","2":"type-product","3":"status-publish","4":"has-post-thumbnail","6":"product_cat-lagring","7":"product_cat-usb-minnen","9":"first","10":"outofstock","11":"taxable","12":"shipping-taxable","13":"product-type-simple"},"yoast_head":"<!-- This site is optimized with the Yoast SEO Premium plugin v26.7 (Yoast SEO v26.7) - https:\/\/yoast.com\/wordpress\/plugins\/seo\/ -->\n<title>USB-minne Kingston DataTraveler Exodia 32GB USB 3.2 Generation 1<\/title>\n<meta name=\"description\" content=\"USB-minne Kingston DataTraveler Exodia 32GB, prestanda f\u00f6r enkel \u00e5tkomst till b\u00e4rbara datorer, station\u00e4ra datorer, bildsk\u00e4rmar m.m.\" \/>\n<meta name=\"robots\" content=\"index, follow, max-snippet:-1, max-image-preview:large, max-video-preview:-1\" \/>\n<link rel=\"canonical\" href=\"https:\/\/www.heddata.se\/webbutik\/produkt\/usb-minne-kingston-datatraveler-exodia-32gb\/\" \/>\n<meta property=\"og:locale\" content=\"sv_SE\" \/>\n<meta property=\"og:type\" content=\"article\" \/>\n<meta property=\"og:title\" content=\"USB-minne Kingston DataTraveler Exodia 32GB\" \/>\n<meta property=\"og:description\" content=\"USB-minne Kingston DataTraveler Exodia 32GB, prestanda f\u00f6r enkel \u00e5tkomst till b\u00e4rbara datorer, station\u00e4ra datorer, bildsk\u00e4rmar m.m.\" \/>\n<meta property=\"og:url\" content=\"https:\/\/www.heddata.se\/webbutik\/produkt\/usb-minne-kingston-datatraveler-exodia-32gb\/\" \/>\n<meta property=\"og:site_name\" content=\"Datorer, Skrivare, F\u00e4rgpatroner, Mobiltelefoner\" \/>\n<meta property=\"article:modified_time\" content=\"2026-04-07T16:29:54+00:00\" \/>\n<meta property=\"og:image\" content=\"https:\/\/www.heddata.se\/webbutik\/wp-content\/uploads\/webbutik\/kategorier\/lagring\/dtx32gb.jpg\" \/>\n\t<meta property=\"og:image:width\" content=\"2048\" \/>\n\t<meta property=\"og:image:height\" content=\"2048\" \/>\n\t<meta property=\"og:image:type\" content=\"image\/jpeg\" \/>\n<meta name=\"twitter:card\" content=\"summary_large_image\" \/>\n<meta name=\"twitter:label1\" content=\"Ber\u00e4knad l\u00e4stid\" \/>\n\t<meta name=\"twitter:data1\" content=\"1 minut\" \/>\n<script type=\"application\/ld+json\" class=\"yoast-schema-graph\">{\"@context\":\"https:\/\/schema.org\",\"@graph\":[{\"@type\":\"WebPage\",\"@id\":\"https:\/\/www.heddata.se\/webbutik\/produkt\/usb-minne-kingston-datatraveler-exodia-32gb\/\",\"url\":\"https:\/\/www.heddata.se\/webbutik\/produkt\/usb-minne-kingston-datatraveler-exodia-32gb\/\",\"name\":\"USB-minne Kingston DataTraveler Exodia 32GB USB 3.2 Generation 1\",\"isPartOf\":{\"@id\":\"https:\/\/www.heddata.se\/webbutik\/#website\"},\"primaryImageOfPage\":{\"@id\":\"https:\/\/www.heddata.se\/webbutik\/produkt\/usb-minne-kingston-datatraveler-exodia-32gb\/#primaryimage\"},\"image\":{\"@id\":\"https:\/\/www.heddata.se\/webbutik\/produkt\/usb-minne-kingston-datatraveler-exodia-32gb\/#primaryimage\"},\"thumbnailUrl\":\"https:\/\/www.heddata.se\/webbutik\/wp-content\/uploads\/webbutik\/kategorier\/lagring\/dtx32gb.jpg\",\"datePublished\":\"2022-04-11T15:18:12+00:00\",\"dateModified\":\"2026-04-07T16:29:54+00:00\",\"description\":\"USB-minne Kingston DataTraveler Exodia 32GB, prestanda f\u00f6r enkel \u00e5tkomst till b\u00e4rbara datorer, station\u00e4ra datorer, bildsk\u00e4rmar m.m.\",\"breadcrumb\":{\"@id\":\"https:\/\/www.heddata.se\/webbutik\/produkt\/usb-minne-kingston-datatraveler-exodia-32gb\/#breadcrumb\"},\"inLanguage\":\"sv-SE\",\"potentialAction\":[{\"@type\":\"ReadAction\",\"target\":[\"https:\/\/www.heddata.se\/webbutik\/produkt\/usb-minne-kingston-datatraveler-exodia-32gb\/\"]}]},{\"@type\":\"ImageObject\",\"inLanguage\":\"sv-SE\",\"@id\":\"https:\/\/www.heddata.se\/webbutik\/produkt\/usb-minne-kingston-datatraveler-exodia-32gb\/#primaryimage\",\"url\":\"https:\/\/www.heddata.se\/webbutik\/wp-content\/uploads\/webbutik\/kategorier\/lagring\/dtx32gb.jpg\",\"contentUrl\":\"https:\/\/www.heddata.se\/webbutik\/wp-content\/uploads\/webbutik\/kategorier\/lagring\/dtx32gb.jpg\",\"width\":2048,\"height\":2048,\"caption\":\"USB-minne Kingston DataTraveler Exodia\"},{\"@type\":\"BreadcrumbList\",\"@id\":\"https:\/\/www.heddata.se\/webbutik\/produkt\/usb-minne-kingston-datatraveler-exodia-32gb\/#breadcrumb\",\"itemListElement\":[{\"@type\":\"ListItem\",\"position\":1,\"name\":\"Hem\",\"item\":\"https:\/\/www.heddata.se\/webbutik\/\"},{\"@type\":\"ListItem\",\"position\":2,\"name\":\"Produkter\",\"item\":\"https:\/\/www.heddata.se\/webbutik\/shop\/\"},{\"@type\":\"ListItem\",\"position\":3,\"name\":\"USB-minne Kingston DataTraveler Exodia 32GB\"}]},{\"@type\":\"WebSite\",\"@id\":\"https:\/\/www.heddata.se\/webbutik\/#website\",\"url\":\"https:\/\/www.heddata.se\/webbutik\/\",\"name\":\"Datorer, Skrivare, F\u00e4rgpatroner, Mobiltelefoner\",\"description\":\"Kablar\",\"publisher\":{\"@id\":\"https:\/\/www.heddata.se\/webbutik\/#organization\"},\"potentialAction\":[{\"@type\":\"SearchAction\",\"target\":{\"@type\":\"EntryPoint\",\"urlTemplate\":\"https:\/\/www.heddata.se\/webbutik\/?s={search_term_string}\"},\"query-input\":{\"@type\":\"PropertyValueSpecification\",\"valueRequired\":true,\"valueName\":\"search_term_string\"}}],\"inLanguage\":\"sv-SE\"},{\"@type\":\"Organization\",\"@id\":\"https:\/\/www.heddata.se\/webbutik\/#organization\",\"name\":\"Heddata AB\",\"url\":\"https:\/\/www.heddata.se\/webbutik\/\",\"logo\":{\"@type\":\"ImageObject\",\"inLanguage\":\"sv-SE\",\"@id\":\"https:\/\/www.heddata.se\/webbutik\/#\/schema\/logo\/image\/\",\"url\":\"https:\/\/www.heddata.se\/webbutik\/wp-content\/uploads\/logga\/heddata-ab-logga.png\",\"contentUrl\":\"https:\/\/www.heddata.se\/webbutik\/wp-content\/uploads\/logga\/heddata-ab-logga.png\",\"width\":200,\"height\":64,\"caption\":\"Heddata AB\"},\"image\":{\"@id\":\"https:\/\/www.heddata.se\/webbutik\/#\/schema\/logo\/image\/\"}}]}<\/script>\n<!-- \/ Yoast SEO Premium plugin. -->","yoast_head_json":{"title":"USB-minne Kingston DataTraveler Exodia 32GB USB 3.2 Generation 1","description":"USB-minne Kingston DataTraveler Exodia 32GB, prestanda f\u00f6r enkel \u00e5tkomst till b\u00e4rbara datorer, station\u00e4ra datorer, bildsk\u00e4rmar m.m.","robots":{"index":"index","follow":"follow","max-snippet":"max-snippet:-1","max-image-preview":"max-image-preview:large","max-video-preview":"max-video-preview:-1"},"canonical":"https:\/\/www.heddata.se\/webbutik\/produkt\/usb-minne-kingston-datatraveler-exodia-32gb\/","og_locale":"sv_SE","og_type":"article","og_title":"USB-minne Kingston DataTraveler Exodia 32GB","og_description":"USB-minne Kingston DataTraveler Exodia 32GB, prestanda f\u00f6r enkel \u00e5tkomst till b\u00e4rbara datorer, station\u00e4ra datorer, bildsk\u00e4rmar m.m.","og_url":"https:\/\/www.heddata.se\/webbutik\/produkt\/usb-minne-kingston-datatraveler-exodia-32gb\/","og_site_name":"Datorer, Skrivare, F\u00e4rgpatroner, Mobiltelefoner","article_modified_time":"2026-04-07T16:29:54+00:00","og_image":[{"width":2048,"height":2048,"url":"https:\/\/www.heddata.se\/webbutik\/wp-content\/uploads\/webbutik\/kategorier\/lagring\/dtx32gb.jpg","type":"image\/jpeg"}],"twitter_card":"summary_large_image","twitter_misc":{"Ber\u00e4knad l\u00e4stid":"1 minut"},"schema":{"@context":"https:\/\/schema.org","@graph":[{"@type":"WebPage","@id":"https:\/\/www.heddata.se\/webbutik\/produkt\/usb-minne-kingston-datatraveler-exodia-32gb\/","url":"https:\/\/www.heddata.se\/webbutik\/produkt\/usb-minne-kingston-datatraveler-exodia-32gb\/","name":"USB-minne Kingston DataTraveler Exodia 32GB USB 3.2 Generation 1","isPartOf":{"@id":"https:\/\/www.heddata.se\/webbutik\/#website"},"primaryImageOfPage":{"@id":"https:\/\/www.heddata.se\/webbutik\/produkt\/usb-minne-kingston-datatraveler-exodia-32gb\/#primaryimage"},"image":{"@id":"https:\/\/www.heddata.se\/webbutik\/produkt\/usb-minne-kingston-datatraveler-exodia-32gb\/#primaryimage"},"thumbnailUrl":"https:\/\/www.heddata.se\/webbutik\/wp-content\/uploads\/webbutik\/kategorier\/lagring\/dtx32gb.jpg","datePublished":"2022-04-11T15:18:12+00:00","dateModified":"2026-04-07T16:29:54+00:00","description":"USB-minne Kingston DataTraveler Exodia 32GB, prestanda f\u00f6r enkel \u00e5tkomst till b\u00e4rbara datorer, station\u00e4ra datorer, bildsk\u00e4rmar m.m.","breadcrumb":{"@id":"https:\/\/www.heddata.se\/webbutik\/produkt\/usb-minne-kingston-datatraveler-exodia-32gb\/#breadcrumb"},"inLanguage":"sv-SE","potentialAction":[{"@type":"ReadAction","target":["https:\/\/www.heddata.se\/webbutik\/produkt\/usb-minne-kingston-datatraveler-exodia-32gb\/"]}]},{"@type":"ImageObject","inLanguage":"sv-SE","@id":"https:\/\/www.heddata.se\/webbutik\/produkt\/usb-minne-kingston-datatraveler-exodia-32gb\/#primaryimage","url":"https:\/\/www.heddata.se\/webbutik\/wp-content\/uploads\/webbutik\/kategorier\/lagring\/dtx32gb.jpg","contentUrl":"https:\/\/www.heddata.se\/webbutik\/wp-content\/uploads\/webbutik\/kategorier\/lagring\/dtx32gb.jpg","width":2048,"height":2048,"caption":"USB-minne Kingston DataTraveler Exodia"},{"@type":"BreadcrumbList","@id":"https:\/\/www.heddata.se\/webbutik\/produkt\/usb-minne-kingston-datatraveler-exodia-32gb\/#breadcrumb","itemListElement":[{"@type":"ListItem","position":1,"name":"Hem","item":"https:\/\/www.heddata.se\/webbutik\/"},{"@type":"ListItem","position":2,"name":"Produkter","item":"https:\/\/www.heddata.se\/webbutik\/shop\/"},{"@type":"ListItem","position":3,"name":"USB-minne Kingston DataTraveler Exodia 32GB"}]},{"@type":"WebSite","@id":"https:\/\/www.heddata.se\/webbutik\/#website","url":"https:\/\/www.heddata.se\/webbutik\/","name":"Datorer, Skrivare, F\u00e4rgpatroner, Mobiltelefoner","description":"Kablar","publisher":{"@id":"https:\/\/www.heddata.se\/webbutik\/#organization"},"potentialAction":[{"@type":"SearchAction","target":{"@type":"EntryPoint","urlTemplate":"https:\/\/www.heddata.se\/webbutik\/?s={search_term_string}"},"query-input":{"@type":"PropertyValueSpecification","valueRequired":true,"valueName":"search_term_string"}}],"inLanguage":"sv-SE"},{"@type":"Organization","@id":"https:\/\/www.heddata.se\/webbutik\/#organization","name":"Heddata AB","url":"https:\/\/www.heddata.se\/webbutik\/","logo":{"@type":"ImageObject","inLanguage":"sv-SE","@id":"https:\/\/www.heddata.se\/webbutik\/#\/schema\/logo\/image\/","url":"https:\/\/www.heddata.se\/webbutik\/wp-content\/uploads\/logga\/heddata-ab-logga.png","contentUrl":"https:\/\/www.heddata.se\/webbutik\/wp-content\/uploads\/logga\/heddata-ab-logga.png","width":200,"height":64,"caption":"Heddata AB"},"image":{"@id":"https:\/\/www.heddata.se\/webbutik\/#\/schema\/logo\/image\/"}}]}},"_links":{"self":[{"href":"https:\/\/www.heddata.se\/webbutik\/wp-json\/wp\/v2\/product\/92694","targetHints":{"allow":["GET"]}}],"collection":[{"href":"https:\/\/www.heddata.se\/webbutik\/wp-json\/wp\/v2\/product"}],"about":[{"href":"https:\/\/www.heddata.se\/webbutik\/wp-json\/wp\/v2\/types\/product"}],"wp:featuredmedia":[{"embeddable":true,"href":"https:\/\/www.heddata.se\/webbutik\/wp-json\/wp\/v2\/media\/92696"}],"wp:attachment":[{"href":"https:\/\/www.heddata.se\/webbutik\/wp-json\/wp\/v2\/media?parent=92694"}],"wp:term":[{"taxonomy":"product_brand","embeddable":true,"href":"https:\/\/www.heddata.se\/webbutik\/wp-json\/wp\/v2\/product_brand?post=92694"},{"taxonomy":"product_cat","embeddable":true,"href":"https:\/\/www.heddata.se\/webbutik\/wp-json\/wp\/v2\/product_cat?post=92694"},{"taxonomy":"product_tag","embeddable":true,"href":"https:\/\/www.heddata.se\/webbutik\/wp-json\/wp\/v2\/product_tag?post=92694"}],"curies":[{"name":"wp","href":"https:\/\/api.w.org\/{rel}","templated":true}]}}