{"id":92597,"date":"2022-03-08T14:18:03","date_gmt":"2022-03-08T13:18:03","guid":{"rendered":"https:\/\/www.heddata.se\/webbutik\/?post_type=product&#038;p=92597"},"modified":"2026-04-07T09:18:26","modified_gmt":"2026-04-07T07:18:26","slug":"notebook-vaska-svart-targus-15-16","status":"publish","type":"product","link":"https:\/\/www.heddata.se\/webbutik\/produkt\/notebook-vaska-svart-targus-15-16\/","title":{"rendered":"Notebook V\u00e4ska Svart Targus 15-16&#8221;"},"content":{"rendered":"<p>Notebook V\u00e4ska Svart Targus 15-16&#8221;<\/p>\n<div><b>Beskrivning:<\/b><br \/>\n<b>Classic 15-16&#8243; Clamshell Case &#8211; Black<\/b><\/p>\n<p>Protection: Padded 15.6&#8243; laptop section<br \/>\nComfort: Adjustable shoulder strap<br \/>\nCompact and lightweight<\/p>\n<p>This beautiful collection of laptop cases brings a contemporary slant on classic design. Each case has been carefully crafted with a stylish approach to practicality. Constructed from quality materials, each case features a protective padded laptop section so you can be sure that your <a href=\"https:\/\/www.heddata.se\/webbutik\/datorer\/\" target=\"_blank\" rel=\"noopener\">laptop<\/a> is safe.<\/p>\n<p>Carrying is made comfortable with a cushioned shoulder pad. The length of the shoulder strap is adjustable and the strap can be removed completely if desired. The trolley strap on the back of the case allows you to securely attach the case to luggage for easy transportation.<\/p>\n<p>Keeping belongings organised is easy with a selection of sized pockets designed for convenience, easily accessible in front zip down section.<\/p><\/div>\n<div><\/div>\n<div><b>Specifikationer:<\/b><\/div>\n<div>\n<table border=\"0\" cellspacing=\"0\" cellpadding=\"0\">\n<tbody>\n<tr>\n<td><a href=\"https:\/\/eu.targus.com\/\" target=\"_blank\" rel=\"noopener\">Produktens<\/a> f\u00e4rg<\/td>\n<td>Black<\/td>\n<\/tr>\n<\/tbody>\n<\/table>\n<\/div>\n","protected":false},"excerpt":{"rendered":"<p>Notebook V\u00e4ska Svart Targus 15-16&#8221;<\/p>\n","protected":false},"featured_media":92599,"template":"","meta":[],"product_brand":[],"product_cat":[65,3366],"product_tag":[],"class_list":{"0":"post-92597","1":"product","2":"type-product","3":"status-publish","4":"has-post-thumbnail","6":"product_cat-datorer-tillbehor","7":"product_cat-ovrigt-datortillbehor","9":"first","10":"outofstock","11":"taxable","12":"shipping-taxable","13":"product-type-simple"},"yoast_head":"<!-- This site is optimized with the Yoast SEO Premium plugin v26.7 (Yoast SEO v26.7) - https:\/\/yoast.com\/wordpress\/plugins\/seo\/ -->\n<title>Notebook V\u00e4ska Svart Targus 15-16&#039;&#039; kompakt och l\u00e4tt v\u00e4ska.<\/title>\n<meta name=\"description\" content=\"Notebook V\u00e4ska Svart Targus 15-16&#039;&#039; kompakt och l\u00e4tt v\u00e4ska med axelrem med skyddande vadderad laptopsektion f\u00f6r datorns s\u00e4kerhet.\" \/>\n<meta name=\"robots\" content=\"index, follow, max-snippet:-1, max-image-preview:large, max-video-preview:-1\" \/>\n<link rel=\"canonical\" href=\"https:\/\/www.heddata.se\/webbutik\/produkt\/notebook-vaska-svart-targus-15-16\/\" \/>\n<meta property=\"og:locale\" content=\"sv_SE\" \/>\n<meta property=\"og:type\" content=\"article\" \/>\n<meta property=\"og:title\" content=\"Notebook V\u00e4ska Svart Targus 15-16&#039;&#039;\" \/>\n<meta property=\"og:description\" content=\"Notebook V\u00e4ska Svart Targus 15-16&#039;&#039; kompakt och l\u00e4tt v\u00e4ska med axelrem med skyddande vadderad laptopsektion f\u00f6r datorns s\u00e4kerhet.\" \/>\n<meta property=\"og:url\" content=\"https:\/\/www.heddata.se\/webbutik\/produkt\/notebook-vaska-svart-targus-15-16\/\" \/>\n<meta property=\"og:site_name\" content=\"Datorer, Skrivare, F\u00e4rgpatroner, Mobiltelefoner\" \/>\n<meta property=\"article:modified_time\" content=\"2026-04-07T07:18:26+00:00\" \/>\n<meta property=\"og:image\" content=\"https:\/\/www.heddata.se\/webbutik\/wp-content\/uploads\/webbutik\/kategorier\/ovrigt-tillbehor\/2902092.jpg\" \/>\n\t<meta property=\"og:image:width\" content=\"600\" \/>\n\t<meta property=\"og:image:height\" content=\"600\" \/>\n\t<meta property=\"og:image:type\" content=\"image\/jpeg\" \/>\n<meta name=\"twitter:card\" content=\"summary_large_image\" \/>\n<meta name=\"twitter:label1\" content=\"Ber\u00e4knad l\u00e4stid\" \/>\n\t<meta name=\"twitter:data1\" content=\"1 minut\" \/>\n<script type=\"application\/ld+json\" class=\"yoast-schema-graph\">{\"@context\":\"https:\/\/schema.org\",\"@graph\":[{\"@type\":\"WebPage\",\"@id\":\"https:\/\/www.heddata.se\/webbutik\/produkt\/notebook-vaska-svart-targus-15-16\/\",\"url\":\"https:\/\/www.heddata.se\/webbutik\/produkt\/notebook-vaska-svart-targus-15-16\/\",\"name\":\"Notebook V\u00e4ska Svart Targus 15-16'' kompakt och l\u00e4tt v\u00e4ska.\",\"isPartOf\":{\"@id\":\"https:\/\/www.heddata.se\/webbutik\/#website\"},\"primaryImageOfPage\":{\"@id\":\"https:\/\/www.heddata.se\/webbutik\/produkt\/notebook-vaska-svart-targus-15-16\/#primaryimage\"},\"image\":{\"@id\":\"https:\/\/www.heddata.se\/webbutik\/produkt\/notebook-vaska-svart-targus-15-16\/#primaryimage\"},\"thumbnailUrl\":\"https:\/\/www.heddata.se\/webbutik\/wp-content\/uploads\/webbutik\/kategorier\/ovrigt-tillbehor\/2902092.jpg\",\"datePublished\":\"2022-03-08T13:18:03+00:00\",\"dateModified\":\"2026-04-07T07:18:26+00:00\",\"description\":\"Notebook V\u00e4ska Svart Targus 15-16'' kompakt och l\u00e4tt v\u00e4ska med axelrem med skyddande vadderad laptopsektion f\u00f6r datorns s\u00e4kerhet.\",\"breadcrumb\":{\"@id\":\"https:\/\/www.heddata.se\/webbutik\/produkt\/notebook-vaska-svart-targus-15-16\/#breadcrumb\"},\"inLanguage\":\"sv-SE\",\"potentialAction\":[{\"@type\":\"ReadAction\",\"target\":[\"https:\/\/www.heddata.se\/webbutik\/produkt\/notebook-vaska-svart-targus-15-16\/\"]}]},{\"@type\":\"ImageObject\",\"inLanguage\":\"sv-SE\",\"@id\":\"https:\/\/www.heddata.se\/webbutik\/produkt\/notebook-vaska-svart-targus-15-16\/#primaryimage\",\"url\":\"https:\/\/www.heddata.se\/webbutik\/wp-content\/uploads\/webbutik\/kategorier\/ovrigt-tillbehor\/2902092.jpg\",\"contentUrl\":\"https:\/\/www.heddata.se\/webbutik\/wp-content\/uploads\/webbutik\/kategorier\/ovrigt-tillbehor\/2902092.jpg\",\"width\":600,\"height\":600,\"caption\":\"Notebook V\u00e4ska Svart Targus\"},{\"@type\":\"BreadcrumbList\",\"@id\":\"https:\/\/www.heddata.se\/webbutik\/produkt\/notebook-vaska-svart-targus-15-16\/#breadcrumb\",\"itemListElement\":[{\"@type\":\"ListItem\",\"position\":1,\"name\":\"Hem\",\"item\":\"https:\/\/www.heddata.se\/webbutik\/\"},{\"@type\":\"ListItem\",\"position\":2,\"name\":\"Produkter\",\"item\":\"https:\/\/www.heddata.se\/webbutik\/shop\/\"},{\"@type\":\"ListItem\",\"position\":3,\"name\":\"Notebook V\u00e4ska Svart Targus 15-16&#8221;\"}]},{\"@type\":\"WebSite\",\"@id\":\"https:\/\/www.heddata.se\/webbutik\/#website\",\"url\":\"https:\/\/www.heddata.se\/webbutik\/\",\"name\":\"Datorer, Skrivare, F\u00e4rgpatroner, Mobiltelefoner\",\"description\":\"Kablar\",\"publisher\":{\"@id\":\"https:\/\/www.heddata.se\/webbutik\/#organization\"},\"potentialAction\":[{\"@type\":\"SearchAction\",\"target\":{\"@type\":\"EntryPoint\",\"urlTemplate\":\"https:\/\/www.heddata.se\/webbutik\/?s={search_term_string}\"},\"query-input\":{\"@type\":\"PropertyValueSpecification\",\"valueRequired\":true,\"valueName\":\"search_term_string\"}}],\"inLanguage\":\"sv-SE\"},{\"@type\":\"Organization\",\"@id\":\"https:\/\/www.heddata.se\/webbutik\/#organization\",\"name\":\"Heddata AB\",\"url\":\"https:\/\/www.heddata.se\/webbutik\/\",\"logo\":{\"@type\":\"ImageObject\",\"inLanguage\":\"sv-SE\",\"@id\":\"https:\/\/www.heddata.se\/webbutik\/#\/schema\/logo\/image\/\",\"url\":\"https:\/\/www.heddata.se\/webbutik\/wp-content\/uploads\/logga\/heddata-ab-logga.png\",\"contentUrl\":\"https:\/\/www.heddata.se\/webbutik\/wp-content\/uploads\/logga\/heddata-ab-logga.png\",\"width\":200,\"height\":64,\"caption\":\"Heddata AB\"},\"image\":{\"@id\":\"https:\/\/www.heddata.se\/webbutik\/#\/schema\/logo\/image\/\"}}]}<\/script>\n<!-- \/ Yoast SEO Premium plugin. -->","yoast_head_json":{"title":"Notebook V\u00e4ska Svart Targus 15-16'' kompakt och l\u00e4tt v\u00e4ska.","description":"Notebook V\u00e4ska Svart Targus 15-16'' kompakt och l\u00e4tt v\u00e4ska med axelrem med skyddande vadderad laptopsektion f\u00f6r datorns s\u00e4kerhet.","robots":{"index":"index","follow":"follow","max-snippet":"max-snippet:-1","max-image-preview":"max-image-preview:large","max-video-preview":"max-video-preview:-1"},"canonical":"https:\/\/www.heddata.se\/webbutik\/produkt\/notebook-vaska-svart-targus-15-16\/","og_locale":"sv_SE","og_type":"article","og_title":"Notebook V\u00e4ska Svart Targus 15-16''","og_description":"Notebook V\u00e4ska Svart Targus 15-16'' kompakt och l\u00e4tt v\u00e4ska med axelrem med skyddande vadderad laptopsektion f\u00f6r datorns s\u00e4kerhet.","og_url":"https:\/\/www.heddata.se\/webbutik\/produkt\/notebook-vaska-svart-targus-15-16\/","og_site_name":"Datorer, Skrivare, F\u00e4rgpatroner, Mobiltelefoner","article_modified_time":"2026-04-07T07:18:26+00:00","og_image":[{"width":600,"height":600,"url":"https:\/\/www.heddata.se\/webbutik\/wp-content\/uploads\/webbutik\/kategorier\/ovrigt-tillbehor\/2902092.jpg","type":"image\/jpeg"}],"twitter_card":"summary_large_image","twitter_misc":{"Ber\u00e4knad l\u00e4stid":"1 minut"},"schema":{"@context":"https:\/\/schema.org","@graph":[{"@type":"WebPage","@id":"https:\/\/www.heddata.se\/webbutik\/produkt\/notebook-vaska-svart-targus-15-16\/","url":"https:\/\/www.heddata.se\/webbutik\/produkt\/notebook-vaska-svart-targus-15-16\/","name":"Notebook V\u00e4ska Svart Targus 15-16'' kompakt och l\u00e4tt v\u00e4ska.","isPartOf":{"@id":"https:\/\/www.heddata.se\/webbutik\/#website"},"primaryImageOfPage":{"@id":"https:\/\/www.heddata.se\/webbutik\/produkt\/notebook-vaska-svart-targus-15-16\/#primaryimage"},"image":{"@id":"https:\/\/www.heddata.se\/webbutik\/produkt\/notebook-vaska-svart-targus-15-16\/#primaryimage"},"thumbnailUrl":"https:\/\/www.heddata.se\/webbutik\/wp-content\/uploads\/webbutik\/kategorier\/ovrigt-tillbehor\/2902092.jpg","datePublished":"2022-03-08T13:18:03+00:00","dateModified":"2026-04-07T07:18:26+00:00","description":"Notebook V\u00e4ska Svart Targus 15-16'' kompakt och l\u00e4tt v\u00e4ska med axelrem med skyddande vadderad laptopsektion f\u00f6r datorns s\u00e4kerhet.","breadcrumb":{"@id":"https:\/\/www.heddata.se\/webbutik\/produkt\/notebook-vaska-svart-targus-15-16\/#breadcrumb"},"inLanguage":"sv-SE","potentialAction":[{"@type":"ReadAction","target":["https:\/\/www.heddata.se\/webbutik\/produkt\/notebook-vaska-svart-targus-15-16\/"]}]},{"@type":"ImageObject","inLanguage":"sv-SE","@id":"https:\/\/www.heddata.se\/webbutik\/produkt\/notebook-vaska-svart-targus-15-16\/#primaryimage","url":"https:\/\/www.heddata.se\/webbutik\/wp-content\/uploads\/webbutik\/kategorier\/ovrigt-tillbehor\/2902092.jpg","contentUrl":"https:\/\/www.heddata.se\/webbutik\/wp-content\/uploads\/webbutik\/kategorier\/ovrigt-tillbehor\/2902092.jpg","width":600,"height":600,"caption":"Notebook V\u00e4ska Svart Targus"},{"@type":"BreadcrumbList","@id":"https:\/\/www.heddata.se\/webbutik\/produkt\/notebook-vaska-svart-targus-15-16\/#breadcrumb","itemListElement":[{"@type":"ListItem","position":1,"name":"Hem","item":"https:\/\/www.heddata.se\/webbutik\/"},{"@type":"ListItem","position":2,"name":"Produkter","item":"https:\/\/www.heddata.se\/webbutik\/shop\/"},{"@type":"ListItem","position":3,"name":"Notebook V\u00e4ska Svart Targus 15-16&#8221;"}]},{"@type":"WebSite","@id":"https:\/\/www.heddata.se\/webbutik\/#website","url":"https:\/\/www.heddata.se\/webbutik\/","name":"Datorer, Skrivare, F\u00e4rgpatroner, Mobiltelefoner","description":"Kablar","publisher":{"@id":"https:\/\/www.heddata.se\/webbutik\/#organization"},"potentialAction":[{"@type":"SearchAction","target":{"@type":"EntryPoint","urlTemplate":"https:\/\/www.heddata.se\/webbutik\/?s={search_term_string}"},"query-input":{"@type":"PropertyValueSpecification","valueRequired":true,"valueName":"search_term_string"}}],"inLanguage":"sv-SE"},{"@type":"Organization","@id":"https:\/\/www.heddata.se\/webbutik\/#organization","name":"Heddata AB","url":"https:\/\/www.heddata.se\/webbutik\/","logo":{"@type":"ImageObject","inLanguage":"sv-SE","@id":"https:\/\/www.heddata.se\/webbutik\/#\/schema\/logo\/image\/","url":"https:\/\/www.heddata.se\/webbutik\/wp-content\/uploads\/logga\/heddata-ab-logga.png","contentUrl":"https:\/\/www.heddata.se\/webbutik\/wp-content\/uploads\/logga\/heddata-ab-logga.png","width":200,"height":64,"caption":"Heddata AB"},"image":{"@id":"https:\/\/www.heddata.se\/webbutik\/#\/schema\/logo\/image\/"}}]}},"_links":{"self":[{"href":"https:\/\/www.heddata.se\/webbutik\/wp-json\/wp\/v2\/product\/92597","targetHints":{"allow":["GET"]}}],"collection":[{"href":"https:\/\/www.heddata.se\/webbutik\/wp-json\/wp\/v2\/product"}],"about":[{"href":"https:\/\/www.heddata.se\/webbutik\/wp-json\/wp\/v2\/types\/product"}],"wp:featuredmedia":[{"embeddable":true,"href":"https:\/\/www.heddata.se\/webbutik\/wp-json\/wp\/v2\/media\/92599"}],"wp:attachment":[{"href":"https:\/\/www.heddata.se\/webbutik\/wp-json\/wp\/v2\/media?parent=92597"}],"wp:term":[{"taxonomy":"product_brand","embeddable":true,"href":"https:\/\/www.heddata.se\/webbutik\/wp-json\/wp\/v2\/product_brand?post=92597"},{"taxonomy":"product_cat","embeddable":true,"href":"https:\/\/www.heddata.se\/webbutik\/wp-json\/wp\/v2\/product_cat?post=92597"},{"taxonomy":"product_tag","embeddable":true,"href":"https:\/\/www.heddata.se\/webbutik\/wp-json\/wp\/v2\/product_tag?post=92597"}],"curies":[{"name":"wp","href":"https:\/\/api.w.org\/{rel}","templated":true}]}}