{"id":92590,"date":"2022-03-08T11:18:05","date_gmt":"2022-03-08T10:18:05","guid":{"rendered":"https:\/\/www.heddata.se\/webbutik\/?post_type=product&#038;p=92590"},"modified":"2026-04-03T18:10:35","modified_gmt":"2026-04-03T16:10:35","slug":"intenso-extern-harddisk-500gb-2-5-usb-3-0-5400rpm","status":"publish","type":"product","link":"https:\/\/www.heddata.se\/webbutik\/produkt\/intenso-extern-harddisk-500gb-2-5-usb-3-0-5400rpm\/","title":{"rendered":"Intenso extern H\u00e5rddisk 500GB 2.5&#8243; USB 3.0 5400rpm"},"content":{"rendered":"<p><a href=\"https:\/\/www.intenso.de\/en\" target=\"_blank\" rel=\"noopener\">Intenso<\/a> extern H\u00e5rddisk 500GB 2.5&#8243; USB 3.0 5400rpm<\/p>\n<table class=\"table table-specs table-specsextended table-striped\">\n<tbody>\n<tr>\n<td class=\"header\">Typ av enhet<\/td>\n<td class=\"value\">H\u00e5rddisk &#8211; <a href=\"https:\/\/www.heddata.se\/webbutik\/extern-harddisk\/\">extern<\/a> (portabel)<\/td>\n<\/tr>\n<tr>\n<td class=\"header\">Kapacitet<\/td>\n<td class=\"value\">500 GB<\/td>\n<\/tr>\n<tr>\n<td class=\"header\">Formfaktor<\/td>\n<td class=\"value\">2.5&#8243;<\/td>\n<\/tr>\n<tr>\n<td class=\"header\">Gr\u00e4nssnitt<\/td>\n<td class=\"value\">USB 3.0<\/td>\n<\/tr>\n<tr>\n<td class=\"header\">Buffertstorlek<\/td>\n<td class=\"value\">8 MB<\/td>\n<\/tr>\n<tr>\n<td class=\"header\">Vikt<\/td>\n<td class=\"value\">165 g<\/td>\n<\/tr>\n<\/tbody>\n<\/table>\n","protected":false},"excerpt":{"rendered":"<p>Intenso extern H\u00e5rddisk 500GB 2.5&#8243; USB 3.0 5400rpm<\/p>\n","protected":false},"featured_media":92593,"template":"","meta":[],"product_brand":[],"product_cat":[111,64],"product_tag":[],"class_list":{"0":"post-92590","1":"product","2":"type-product","3":"status-publish","4":"has-post-thumbnail","6":"product_cat-extern-harddisk","7":"product_cat-lagring","9":"first","10":"outofstock","11":"taxable","12":"shipping-taxable","13":"purchasable","14":"product-type-simple"},"yoast_head":"<!-- This site is optimized with the Yoast SEO Premium plugin v26.7 (Yoast SEO v26.7) - https:\/\/yoast.com\/wordpress\/plugins\/seo\/ -->\n<title>Intenso extern H\u00e5rddisk 500GB 2.5&quot; USB 3.0 5400rpm<\/title>\n<meta name=\"description\" content=\"Intenso extern H\u00e5rddisk 500GB 2.5&quot; USB 3.0 5400rpm, extern h\u00e5rddisk fr\u00e5n tillverkaren Intenso f\u00f6r lagring och backupp av filer.\" \/>\n<meta name=\"robots\" content=\"index, follow, max-snippet:-1, max-image-preview:large, max-video-preview:-1\" \/>\n<link rel=\"canonical\" href=\"https:\/\/www.heddata.se\/webbutik\/produkt\/intenso-extern-harddisk-500gb-2-5-usb-3-0-5400rpm\/\" \/>\n<meta property=\"og:locale\" content=\"sv_SE\" \/>\n<meta property=\"og:type\" content=\"article\" \/>\n<meta property=\"og:title\" content=\"Intenso extern H\u00e5rddisk 500GB 2.5&quot; USB 3.0 5400rpm\" \/>\n<meta property=\"og:description\" content=\"Intenso extern H\u00e5rddisk 500GB 2.5&quot; USB 3.0 5400rpm, extern h\u00e5rddisk fr\u00e5n tillverkaren Intenso f\u00f6r lagring och backupp av filer.\" \/>\n<meta property=\"og:url\" content=\"https:\/\/www.heddata.se\/webbutik\/produkt\/intenso-extern-harddisk-500gb-2-5-usb-3-0-5400rpm\/\" \/>\n<meta property=\"og:site_name\" content=\"Datorer, Skrivare, F\u00e4rgpatroner, Mobiltelefoner\" \/>\n<meta property=\"article:modified_time\" content=\"2026-04-03T16:10:35+00:00\" \/>\n<meta property=\"og:image\" content=\"https:\/\/www.heddata.se\/webbutik\/wp-content\/uploads\/webbutik\/kategorier\/lagring\/6021530.jpg\" \/>\n\t<meta property=\"og:image:width\" content=\"640\" \/>\n\t<meta property=\"og:image:height\" content=\"640\" \/>\n\t<meta property=\"og:image:type\" content=\"image\/jpeg\" \/>\n<meta name=\"twitter:card\" content=\"summary_large_image\" \/>\n<script type=\"application\/ld+json\" class=\"yoast-schema-graph\">{\"@context\":\"https:\/\/schema.org\",\"@graph\":[{\"@type\":\"WebPage\",\"@id\":\"https:\/\/www.heddata.se\/webbutik\/produkt\/intenso-extern-harddisk-500gb-2-5-usb-3-0-5400rpm\/\",\"url\":\"https:\/\/www.heddata.se\/webbutik\/produkt\/intenso-extern-harddisk-500gb-2-5-usb-3-0-5400rpm\/\",\"name\":\"Intenso extern H\u00e5rddisk 500GB 2.5\\\" USB 3.0 5400rpm\",\"isPartOf\":{\"@id\":\"https:\/\/www.heddata.se\/webbutik\/#website\"},\"primaryImageOfPage\":{\"@id\":\"https:\/\/www.heddata.se\/webbutik\/produkt\/intenso-extern-harddisk-500gb-2-5-usb-3-0-5400rpm\/#primaryimage\"},\"image\":{\"@id\":\"https:\/\/www.heddata.se\/webbutik\/produkt\/intenso-extern-harddisk-500gb-2-5-usb-3-0-5400rpm\/#primaryimage\"},\"thumbnailUrl\":\"https:\/\/www.heddata.se\/webbutik\/wp-content\/uploads\/webbutik\/kategorier\/lagring\/6021530.jpg\",\"datePublished\":\"2022-03-08T10:18:05+00:00\",\"dateModified\":\"2026-04-03T16:10:35+00:00\",\"description\":\"Intenso extern H\u00e5rddisk 500GB 2.5\\\" USB 3.0 5400rpm, extern h\u00e5rddisk fr\u00e5n tillverkaren Intenso f\u00f6r lagring och backupp av filer.\",\"breadcrumb\":{\"@id\":\"https:\/\/www.heddata.se\/webbutik\/produkt\/intenso-extern-harddisk-500gb-2-5-usb-3-0-5400rpm\/#breadcrumb\"},\"inLanguage\":\"sv-SE\",\"potentialAction\":[{\"@type\":\"ReadAction\",\"target\":[\"https:\/\/www.heddata.se\/webbutik\/produkt\/intenso-extern-harddisk-500gb-2-5-usb-3-0-5400rpm\/\"]}]},{\"@type\":\"ImageObject\",\"inLanguage\":\"sv-SE\",\"@id\":\"https:\/\/www.heddata.se\/webbutik\/produkt\/intenso-extern-harddisk-500gb-2-5-usb-3-0-5400rpm\/#primaryimage\",\"url\":\"https:\/\/www.heddata.se\/webbutik\/wp-content\/uploads\/webbutik\/kategorier\/lagring\/6021530.jpg\",\"contentUrl\":\"https:\/\/www.heddata.se\/webbutik\/wp-content\/uploads\/webbutik\/kategorier\/lagring\/6021530.jpg\",\"width\":640,\"height\":640,\"caption\":\"Intenso extern H\u00e5rddisk 500GB\"},{\"@type\":\"BreadcrumbList\",\"@id\":\"https:\/\/www.heddata.se\/webbutik\/produkt\/intenso-extern-harddisk-500gb-2-5-usb-3-0-5400rpm\/#breadcrumb\",\"itemListElement\":[{\"@type\":\"ListItem\",\"position\":1,\"name\":\"Hem\",\"item\":\"https:\/\/www.heddata.se\/webbutik\/\"},{\"@type\":\"ListItem\",\"position\":2,\"name\":\"Produkter\",\"item\":\"https:\/\/www.heddata.se\/webbutik\/shop\/\"},{\"@type\":\"ListItem\",\"position\":3,\"name\":\"Intenso extern H\u00e5rddisk 500GB 2.5&#8243; USB 3.0 5400rpm\"}]},{\"@type\":\"WebSite\",\"@id\":\"https:\/\/www.heddata.se\/webbutik\/#website\",\"url\":\"https:\/\/www.heddata.se\/webbutik\/\",\"name\":\"Datorer, Skrivare, F\u00e4rgpatroner, Mobiltelefoner\",\"description\":\"Kablar\",\"publisher\":{\"@id\":\"https:\/\/www.heddata.se\/webbutik\/#organization\"},\"potentialAction\":[{\"@type\":\"SearchAction\",\"target\":{\"@type\":\"EntryPoint\",\"urlTemplate\":\"https:\/\/www.heddata.se\/webbutik\/?s={search_term_string}\"},\"query-input\":{\"@type\":\"PropertyValueSpecification\",\"valueRequired\":true,\"valueName\":\"search_term_string\"}}],\"inLanguage\":\"sv-SE\"},{\"@type\":\"Organization\",\"@id\":\"https:\/\/www.heddata.se\/webbutik\/#organization\",\"name\":\"Heddata AB\",\"url\":\"https:\/\/www.heddata.se\/webbutik\/\",\"logo\":{\"@type\":\"ImageObject\",\"inLanguage\":\"sv-SE\",\"@id\":\"https:\/\/www.heddata.se\/webbutik\/#\/schema\/logo\/image\/\",\"url\":\"https:\/\/www.heddata.se\/webbutik\/wp-content\/uploads\/logga\/heddata-ab-logga.png\",\"contentUrl\":\"https:\/\/www.heddata.se\/webbutik\/wp-content\/uploads\/logga\/heddata-ab-logga.png\",\"width\":200,\"height\":64,\"caption\":\"Heddata AB\"},\"image\":{\"@id\":\"https:\/\/www.heddata.se\/webbutik\/#\/schema\/logo\/image\/\"}}]}<\/script>\n<!-- \/ Yoast SEO Premium plugin. -->","yoast_head_json":{"title":"Intenso extern H\u00e5rddisk 500GB 2.5\" USB 3.0 5400rpm","description":"Intenso extern H\u00e5rddisk 500GB 2.5\" USB 3.0 5400rpm, extern h\u00e5rddisk fr\u00e5n tillverkaren Intenso f\u00f6r lagring och backupp av filer.","robots":{"index":"index","follow":"follow","max-snippet":"max-snippet:-1","max-image-preview":"max-image-preview:large","max-video-preview":"max-video-preview:-1"},"canonical":"https:\/\/www.heddata.se\/webbutik\/produkt\/intenso-extern-harddisk-500gb-2-5-usb-3-0-5400rpm\/","og_locale":"sv_SE","og_type":"article","og_title":"Intenso extern H\u00e5rddisk 500GB 2.5\" USB 3.0 5400rpm","og_description":"Intenso extern H\u00e5rddisk 500GB 2.5\" USB 3.0 5400rpm, extern h\u00e5rddisk fr\u00e5n tillverkaren Intenso f\u00f6r lagring och backupp av filer.","og_url":"https:\/\/www.heddata.se\/webbutik\/produkt\/intenso-extern-harddisk-500gb-2-5-usb-3-0-5400rpm\/","og_site_name":"Datorer, Skrivare, F\u00e4rgpatroner, Mobiltelefoner","article_modified_time":"2026-04-03T16:10:35+00:00","og_image":[{"width":640,"height":640,"url":"https:\/\/www.heddata.se\/webbutik\/wp-content\/uploads\/webbutik\/kategorier\/lagring\/6021530.jpg","type":"image\/jpeg"}],"twitter_card":"summary_large_image","schema":{"@context":"https:\/\/schema.org","@graph":[{"@type":"WebPage","@id":"https:\/\/www.heddata.se\/webbutik\/produkt\/intenso-extern-harddisk-500gb-2-5-usb-3-0-5400rpm\/","url":"https:\/\/www.heddata.se\/webbutik\/produkt\/intenso-extern-harddisk-500gb-2-5-usb-3-0-5400rpm\/","name":"Intenso extern H\u00e5rddisk 500GB 2.5\" USB 3.0 5400rpm","isPartOf":{"@id":"https:\/\/www.heddata.se\/webbutik\/#website"},"primaryImageOfPage":{"@id":"https:\/\/www.heddata.se\/webbutik\/produkt\/intenso-extern-harddisk-500gb-2-5-usb-3-0-5400rpm\/#primaryimage"},"image":{"@id":"https:\/\/www.heddata.se\/webbutik\/produkt\/intenso-extern-harddisk-500gb-2-5-usb-3-0-5400rpm\/#primaryimage"},"thumbnailUrl":"https:\/\/www.heddata.se\/webbutik\/wp-content\/uploads\/webbutik\/kategorier\/lagring\/6021530.jpg","datePublished":"2022-03-08T10:18:05+00:00","dateModified":"2026-04-03T16:10:35+00:00","description":"Intenso extern H\u00e5rddisk 500GB 2.5\" USB 3.0 5400rpm, extern h\u00e5rddisk fr\u00e5n tillverkaren Intenso f\u00f6r lagring och backupp av filer.","breadcrumb":{"@id":"https:\/\/www.heddata.se\/webbutik\/produkt\/intenso-extern-harddisk-500gb-2-5-usb-3-0-5400rpm\/#breadcrumb"},"inLanguage":"sv-SE","potentialAction":[{"@type":"ReadAction","target":["https:\/\/www.heddata.se\/webbutik\/produkt\/intenso-extern-harddisk-500gb-2-5-usb-3-0-5400rpm\/"]}]},{"@type":"ImageObject","inLanguage":"sv-SE","@id":"https:\/\/www.heddata.se\/webbutik\/produkt\/intenso-extern-harddisk-500gb-2-5-usb-3-0-5400rpm\/#primaryimage","url":"https:\/\/www.heddata.se\/webbutik\/wp-content\/uploads\/webbutik\/kategorier\/lagring\/6021530.jpg","contentUrl":"https:\/\/www.heddata.se\/webbutik\/wp-content\/uploads\/webbutik\/kategorier\/lagring\/6021530.jpg","width":640,"height":640,"caption":"Intenso extern H\u00e5rddisk 500GB"},{"@type":"BreadcrumbList","@id":"https:\/\/www.heddata.se\/webbutik\/produkt\/intenso-extern-harddisk-500gb-2-5-usb-3-0-5400rpm\/#breadcrumb","itemListElement":[{"@type":"ListItem","position":1,"name":"Hem","item":"https:\/\/www.heddata.se\/webbutik\/"},{"@type":"ListItem","position":2,"name":"Produkter","item":"https:\/\/www.heddata.se\/webbutik\/shop\/"},{"@type":"ListItem","position":3,"name":"Intenso extern H\u00e5rddisk 500GB 2.5&#8243; USB 3.0 5400rpm"}]},{"@type":"WebSite","@id":"https:\/\/www.heddata.se\/webbutik\/#website","url":"https:\/\/www.heddata.se\/webbutik\/","name":"Datorer, Skrivare, F\u00e4rgpatroner, Mobiltelefoner","description":"Kablar","publisher":{"@id":"https:\/\/www.heddata.se\/webbutik\/#organization"},"potentialAction":[{"@type":"SearchAction","target":{"@type":"EntryPoint","urlTemplate":"https:\/\/www.heddata.se\/webbutik\/?s={search_term_string}"},"query-input":{"@type":"PropertyValueSpecification","valueRequired":true,"valueName":"search_term_string"}}],"inLanguage":"sv-SE"},{"@type":"Organization","@id":"https:\/\/www.heddata.se\/webbutik\/#organization","name":"Heddata AB","url":"https:\/\/www.heddata.se\/webbutik\/","logo":{"@type":"ImageObject","inLanguage":"sv-SE","@id":"https:\/\/www.heddata.se\/webbutik\/#\/schema\/logo\/image\/","url":"https:\/\/www.heddata.se\/webbutik\/wp-content\/uploads\/logga\/heddata-ab-logga.png","contentUrl":"https:\/\/www.heddata.se\/webbutik\/wp-content\/uploads\/logga\/heddata-ab-logga.png","width":200,"height":64,"caption":"Heddata AB"},"image":{"@id":"https:\/\/www.heddata.se\/webbutik\/#\/schema\/logo\/image\/"}}]}},"_links":{"self":[{"href":"https:\/\/www.heddata.se\/webbutik\/wp-json\/wp\/v2\/product\/92590","targetHints":{"allow":["GET"]}}],"collection":[{"href":"https:\/\/www.heddata.se\/webbutik\/wp-json\/wp\/v2\/product"}],"about":[{"href":"https:\/\/www.heddata.se\/webbutik\/wp-json\/wp\/v2\/types\/product"}],"wp:featuredmedia":[{"embeddable":true,"href":"https:\/\/www.heddata.se\/webbutik\/wp-json\/wp\/v2\/media\/92593"}],"wp:attachment":[{"href":"https:\/\/www.heddata.se\/webbutik\/wp-json\/wp\/v2\/media?parent=92590"}],"wp:term":[{"taxonomy":"product_brand","embeddable":true,"href":"https:\/\/www.heddata.se\/webbutik\/wp-json\/wp\/v2\/product_brand?post=92590"},{"taxonomy":"product_cat","embeddable":true,"href":"https:\/\/www.heddata.se\/webbutik\/wp-json\/wp\/v2\/product_cat?post=92590"},{"taxonomy":"product_tag","embeddable":true,"href":"https:\/\/www.heddata.se\/webbutik\/wp-json\/wp\/v2\/product_tag?post=92590"}],"curies":[{"name":"wp","href":"https:\/\/api.w.org\/{rel}","templated":true}]}}