{"id":92576,"date":"2022-03-02T10:18:09","date_gmt":"2022-03-02T09:18:09","guid":{"rendered":"https:\/\/www.heddata.se\/webbutik\/?post_type=product&#038;p=92576"},"modified":"2026-05-01T18:10:04","modified_gmt":"2026-05-01T16:10:04","slug":"komposit-videokabel-3x-rca-hane-3x-rca-hane-guldplaterad-480p-2-00-m","status":"publish","type":"product","link":"https:\/\/www.heddata.se\/webbutik\/produkt\/komposit-videokabel-3x-rca-hane-3x-rca-hane-guldplaterad-480p-2-00-m\/","title":{"rendered":"Komposit videokabel 3x RCA Hane 3x RCA Hane Guldplaterad 480p 2.00 m"},"content":{"rendered":"<p>Komposit videokabel 3x RCA Hane 3x RCA Hane Guldpl\u00e4terad 480p 2.00 m<\/p>\n<div class=\"description\">\n<div class=\"d-flex flex-column\">\n<div class=\"position-relative\">\n<div class=\"\">\n<p class=\"p-0 m-0\">Kabel f\u00f6r att ansluta en video till en <a href=\"https:\/\/www.heddata.se\/webbutik\/tv-apparater\/\">tv<\/a> f\u00f6r att titta p\u00e5 vhs-filmer.<\/p>\n<\/div>\n<\/div>\n<\/div>\n<\/div>\n<h4 class=\"mt-3\"><strong class=\"d-block\">Egenskaper<\/strong><\/h4>\n<p class=\"m-0\">24 karat guldpl\u00e4terade kontakter f\u00f6r en enast\u00e5ende bildkvalitet<\/p>\n<p class=\"m-0\">T\u00e5liga gjutna kontakter speciellt utformade f\u00f6r intensiv anv\u00e4ndning<\/p>\n<div id=\"package-contents\">\n<div class=\"border-top-md-down py-4 py-md-0\">\n<h4 id=\"package-contents\">Paketet inneh\u00e5ller<\/h4>\n<p>1x komposit AV-kabel<\/p>\n<\/div>\n<\/div>\n<div id=\"information\"><\/div>\n<div class=\"border-top-md-down py-4 py-md-0\">\n<h4 id=\"specifications\">Komposit videokabel 3x RCA <a href=\"https:\/\/nedis.se\/sv-se\" target=\"_blank\" rel=\"noopener\">produktspecifikationer<\/a><\/h4>\n<table class=\"table table-dashed-border\">\n<tbody>\n<tr>\n<th scope=\"row\">F\u00e4rg<\/th>\n<td>Antracit<\/td>\n<\/tr>\n<tr>\n<th scope=\"row\">F\u00f6rpackningstyp<\/th>\n<td>Kartong med f\u00f6nster<\/td>\n<\/tr>\n<tr>\n<th scope=\"row\">Anslutningsdesign \u2013 sida B<\/th>\n<td>Rak<\/td>\n<\/tr>\n<tr>\n<th scope=\"row\">Anslutningsdesign \u2013 sida A<\/th>\n<td>Rak<\/td>\n<\/tr>\n<tr>\n<th scope=\"row\">Kabelns utformning<\/th>\n<td>Rund<\/td>\n<\/tr>\n<tr>\n<th scope=\"row\">Kontaktspl\u00e4tering<\/th>\n<td>Guldplaterad<\/td>\n<\/tr>\n<tr>\n<th scope=\"row\">Kontaktmaterial<\/th>\n<td>PVC<\/td>\n<\/tr>\n<tr>\n<th scope=\"row\">Kabelmantelns material<\/th>\n<td>PVC<\/td>\n<\/tr>\n<tr>\n<th scope=\"row\">Kabell\u00e4ngd<\/th>\n<td>2.00 m<\/td>\n<\/tr>\n<tr>\n<th scope=\"row\">Ledarmaterial<\/th>\n<td>CCS<\/td>\n<\/tr>\n<tr>\n<th scope=\"row\">Bildf\u00f6rh\u00e5llande<\/th>\n<td>16:9<\/td>\n<\/tr>\n<tr>\n<th scope=\"row\">Maximal uppl\u00f6sning<\/th>\n<td>480p<\/td>\n<\/tr>\n<tr>\n<th scope=\"row\">Kontakt B<\/th>\n<td>3x RCA Hane<\/td>\n<\/tr>\n<tr>\n<th scope=\"row\">Resolution standard<\/th>\n<td>EDTV<\/td>\n<\/tr>\n<tr>\n<th scope=\"row\">Kabeltyp<\/th>\n<td>Kompositvideo<\/td>\n<\/tr>\n<tr>\n<th scope=\"row\">Kontakt A<\/th>\n<td>3x RCA Hane<\/td>\n<\/tr>\n<tr>\n<th scope=\"row\">Kabelmantelstorlek<\/th>\n<td>13.0 x 5.0 mm<\/td>\n<\/tr>\n<\/tbody>\n<\/table>\n<\/div>\n","protected":false},"excerpt":{"rendered":"<p>Komposit videokabel 3x RCA Hane 3x RCA Hane Guldplaterad 480p 2.00 m<\/p>\n","protected":false},"featured_media":92578,"template":"","meta":[],"product_brand":[],"product_cat":[76,59],"product_tag":[],"class_list":{"0":"post-92576","1":"product","2":"type-product","3":"status-publish","4":"has-post-thumbnail","6":"product_cat-bild-kablar","7":"product_cat-kablar","9":"first","10":"instock","11":"taxable","12":"shipping-taxable","13":"purchasable","14":"product-type-simple"},"yoast_head":"<!-- This site is optimized with the Yoast SEO Premium plugin v26.7 (Yoast SEO v26.7) - https:\/\/yoast.com\/wordpress\/plugins\/seo\/ -->\n<title>Komposit videokabel 3x RCA Hane 3x RCA Hane Guldplaterad 480p<\/title>\n<meta name=\"description\" content=\"Komposit videokabel 3x RCA Hane 3x RCA Hane Guldplaterad 480p 2.00 m Kabel f\u00f6r att ansluta en video till en tv f\u00f6r att titta p\u00e5 vhs-filmer.\" \/>\n<meta name=\"robots\" content=\"index, follow, max-snippet:-1, max-image-preview:large, max-video-preview:-1\" \/>\n<link rel=\"canonical\" href=\"https:\/\/www.heddata.se\/webbutik\/produkt\/komposit-videokabel-3x-rca-hane-3x-rca-hane-guldplaterad-480p-2-00-m\/\" \/>\n<meta property=\"og:locale\" content=\"sv_SE\" \/>\n<meta property=\"og:type\" content=\"article\" \/>\n<meta property=\"og:title\" content=\"Komposit videokabel 3x RCA Hane 3x RCA Hane Guldplaterad 480p 2.00 m\" \/>\n<meta property=\"og:description\" content=\"Komposit videokabel 3x RCA Hane 3x RCA Hane Guldplaterad 480p 2.00 m Kabel f\u00f6r att ansluta en video till en tv f\u00f6r att titta p\u00e5 vhs-filmer.\" \/>\n<meta property=\"og:url\" content=\"https:\/\/www.heddata.se\/webbutik\/produkt\/komposit-videokabel-3x-rca-hane-3x-rca-hane-guldplaterad-480p-2-00-m\/\" \/>\n<meta property=\"og:site_name\" content=\"Datorer, Skrivare, F\u00e4rgpatroner, Mobiltelefoner\" \/>\n<meta property=\"article:modified_time\" content=\"2026-05-01T16:10:04+00:00\" \/>\n<meta property=\"og:image\" content=\"https:\/\/www.heddata.se\/webbutik\/wp-content\/uploads\/webbutik\/kategorier\/kablar-adaptrar\/cvbw24300at20.jpeg\" \/>\n\t<meta property=\"og:image:width\" content=\"1200\" \/>\n\t<meta property=\"og:image:height\" content=\"1200\" \/>\n\t<meta property=\"og:image:type\" content=\"image\/jpeg\" \/>\n<meta name=\"twitter:card\" content=\"summary_large_image\" \/>\n<meta name=\"twitter:label1\" content=\"Ber\u00e4knad l\u00e4stid\" \/>\n\t<meta name=\"twitter:data1\" content=\"1 minut\" \/>\n<script type=\"application\/ld+json\" class=\"yoast-schema-graph\">{\"@context\":\"https:\/\/schema.org\",\"@graph\":[{\"@type\":\"WebPage\",\"@id\":\"https:\/\/www.heddata.se\/webbutik\/produkt\/komposit-videokabel-3x-rca-hane-3x-rca-hane-guldplaterad-480p-2-00-m\/\",\"url\":\"https:\/\/www.heddata.se\/webbutik\/produkt\/komposit-videokabel-3x-rca-hane-3x-rca-hane-guldplaterad-480p-2-00-m\/\",\"name\":\"Komposit videokabel 3x RCA Hane 3x RCA Hane Guldplaterad 480p\",\"isPartOf\":{\"@id\":\"https:\/\/www.heddata.se\/webbutik\/#website\"},\"primaryImageOfPage\":{\"@id\":\"https:\/\/www.heddata.se\/webbutik\/produkt\/komposit-videokabel-3x-rca-hane-3x-rca-hane-guldplaterad-480p-2-00-m\/#primaryimage\"},\"image\":{\"@id\":\"https:\/\/www.heddata.se\/webbutik\/produkt\/komposit-videokabel-3x-rca-hane-3x-rca-hane-guldplaterad-480p-2-00-m\/#primaryimage\"},\"thumbnailUrl\":\"https:\/\/www.heddata.se\/webbutik\/wp-content\/uploads\/webbutik\/kategorier\/kablar-adaptrar\/cvbw24300at20.jpeg\",\"datePublished\":\"2022-03-02T09:18:09+00:00\",\"dateModified\":\"2026-05-01T16:10:04+00:00\",\"description\":\"Komposit videokabel 3x RCA Hane 3x RCA Hane Guldplaterad 480p 2.00 m Kabel f\u00f6r att ansluta en video till en tv f\u00f6r att titta p\u00e5 vhs-filmer.\",\"breadcrumb\":{\"@id\":\"https:\/\/www.heddata.se\/webbutik\/produkt\/komposit-videokabel-3x-rca-hane-3x-rca-hane-guldplaterad-480p-2-00-m\/#breadcrumb\"},\"inLanguage\":\"sv-SE\",\"potentialAction\":[{\"@type\":\"ReadAction\",\"target\":[\"https:\/\/www.heddata.se\/webbutik\/produkt\/komposit-videokabel-3x-rca-hane-3x-rca-hane-guldplaterad-480p-2-00-m\/\"]}]},{\"@type\":\"ImageObject\",\"inLanguage\":\"sv-SE\",\"@id\":\"https:\/\/www.heddata.se\/webbutik\/produkt\/komposit-videokabel-3x-rca-hane-3x-rca-hane-guldplaterad-480p-2-00-m\/#primaryimage\",\"url\":\"https:\/\/www.heddata.se\/webbutik\/wp-content\/uploads\/webbutik\/kategorier\/kablar-adaptrar\/cvbw24300at20.jpeg\",\"contentUrl\":\"https:\/\/www.heddata.se\/webbutik\/wp-content\/uploads\/webbutik\/kategorier\/kablar-adaptrar\/cvbw24300at20.jpeg\",\"width\":1200,\"height\":1200,\"caption\":\"Komposit videokabel 3x RCA\"},{\"@type\":\"BreadcrumbList\",\"@id\":\"https:\/\/www.heddata.se\/webbutik\/produkt\/komposit-videokabel-3x-rca-hane-3x-rca-hane-guldplaterad-480p-2-00-m\/#breadcrumb\",\"itemListElement\":[{\"@type\":\"ListItem\",\"position\":1,\"name\":\"Hem\",\"item\":\"https:\/\/www.heddata.se\/webbutik\/\"},{\"@type\":\"ListItem\",\"position\":2,\"name\":\"Produkter\",\"item\":\"https:\/\/www.heddata.se\/webbutik\/shop\/\"},{\"@type\":\"ListItem\",\"position\":3,\"name\":\"Komposit videokabel 3x RCA Hane 3x RCA Hane Guldplaterad 480p 2.00 m\"}]},{\"@type\":\"WebSite\",\"@id\":\"https:\/\/www.heddata.se\/webbutik\/#website\",\"url\":\"https:\/\/www.heddata.se\/webbutik\/\",\"name\":\"Datorer, Skrivare, F\u00e4rgpatroner, Mobiltelefoner\",\"description\":\"Kablar\",\"publisher\":{\"@id\":\"https:\/\/www.heddata.se\/webbutik\/#organization\"},\"potentialAction\":[{\"@type\":\"SearchAction\",\"target\":{\"@type\":\"EntryPoint\",\"urlTemplate\":\"https:\/\/www.heddata.se\/webbutik\/?s={search_term_string}\"},\"query-input\":{\"@type\":\"PropertyValueSpecification\",\"valueRequired\":true,\"valueName\":\"search_term_string\"}}],\"inLanguage\":\"sv-SE\"},{\"@type\":\"Organization\",\"@id\":\"https:\/\/www.heddata.se\/webbutik\/#organization\",\"name\":\"Heddata AB\",\"url\":\"https:\/\/www.heddata.se\/webbutik\/\",\"logo\":{\"@type\":\"ImageObject\",\"inLanguage\":\"sv-SE\",\"@id\":\"https:\/\/www.heddata.se\/webbutik\/#\/schema\/logo\/image\/\",\"url\":\"https:\/\/www.heddata.se\/webbutik\/wp-content\/uploads\/logga\/heddata-ab-logga.png\",\"contentUrl\":\"https:\/\/www.heddata.se\/webbutik\/wp-content\/uploads\/logga\/heddata-ab-logga.png\",\"width\":200,\"height\":64,\"caption\":\"Heddata AB\"},\"image\":{\"@id\":\"https:\/\/www.heddata.se\/webbutik\/#\/schema\/logo\/image\/\"}}]}<\/script>\n<!-- \/ Yoast SEO Premium plugin. -->","yoast_head_json":{"title":"Komposit videokabel 3x RCA Hane 3x RCA Hane Guldplaterad 480p","description":"Komposit videokabel 3x RCA Hane 3x RCA Hane Guldplaterad 480p 2.00 m Kabel f\u00f6r att ansluta en video till en tv f\u00f6r att titta p\u00e5 vhs-filmer.","robots":{"index":"index","follow":"follow","max-snippet":"max-snippet:-1","max-image-preview":"max-image-preview:large","max-video-preview":"max-video-preview:-1"},"canonical":"https:\/\/www.heddata.se\/webbutik\/produkt\/komposit-videokabel-3x-rca-hane-3x-rca-hane-guldplaterad-480p-2-00-m\/","og_locale":"sv_SE","og_type":"article","og_title":"Komposit videokabel 3x RCA Hane 3x RCA Hane Guldplaterad 480p 2.00 m","og_description":"Komposit videokabel 3x RCA Hane 3x RCA Hane Guldplaterad 480p 2.00 m Kabel f\u00f6r att ansluta en video till en tv f\u00f6r att titta p\u00e5 vhs-filmer.","og_url":"https:\/\/www.heddata.se\/webbutik\/produkt\/komposit-videokabel-3x-rca-hane-3x-rca-hane-guldplaterad-480p-2-00-m\/","og_site_name":"Datorer, Skrivare, F\u00e4rgpatroner, Mobiltelefoner","article_modified_time":"2026-05-01T16:10:04+00:00","og_image":[{"width":1200,"height":1200,"url":"https:\/\/www.heddata.se\/webbutik\/wp-content\/uploads\/webbutik\/kategorier\/kablar-adaptrar\/cvbw24300at20.jpeg","type":"image\/jpeg"}],"twitter_card":"summary_large_image","twitter_misc":{"Ber\u00e4knad l\u00e4stid":"1 minut"},"schema":{"@context":"https:\/\/schema.org","@graph":[{"@type":"WebPage","@id":"https:\/\/www.heddata.se\/webbutik\/produkt\/komposit-videokabel-3x-rca-hane-3x-rca-hane-guldplaterad-480p-2-00-m\/","url":"https:\/\/www.heddata.se\/webbutik\/produkt\/komposit-videokabel-3x-rca-hane-3x-rca-hane-guldplaterad-480p-2-00-m\/","name":"Komposit videokabel 3x RCA Hane 3x RCA Hane Guldplaterad 480p","isPartOf":{"@id":"https:\/\/www.heddata.se\/webbutik\/#website"},"primaryImageOfPage":{"@id":"https:\/\/www.heddata.se\/webbutik\/produkt\/komposit-videokabel-3x-rca-hane-3x-rca-hane-guldplaterad-480p-2-00-m\/#primaryimage"},"image":{"@id":"https:\/\/www.heddata.se\/webbutik\/produkt\/komposit-videokabel-3x-rca-hane-3x-rca-hane-guldplaterad-480p-2-00-m\/#primaryimage"},"thumbnailUrl":"https:\/\/www.heddata.se\/webbutik\/wp-content\/uploads\/webbutik\/kategorier\/kablar-adaptrar\/cvbw24300at20.jpeg","datePublished":"2022-03-02T09:18:09+00:00","dateModified":"2026-05-01T16:10:04+00:00","description":"Komposit videokabel 3x RCA Hane 3x RCA Hane Guldplaterad 480p 2.00 m Kabel f\u00f6r att ansluta en video till en tv f\u00f6r att titta p\u00e5 vhs-filmer.","breadcrumb":{"@id":"https:\/\/www.heddata.se\/webbutik\/produkt\/komposit-videokabel-3x-rca-hane-3x-rca-hane-guldplaterad-480p-2-00-m\/#breadcrumb"},"inLanguage":"sv-SE","potentialAction":[{"@type":"ReadAction","target":["https:\/\/www.heddata.se\/webbutik\/produkt\/komposit-videokabel-3x-rca-hane-3x-rca-hane-guldplaterad-480p-2-00-m\/"]}]},{"@type":"ImageObject","inLanguage":"sv-SE","@id":"https:\/\/www.heddata.se\/webbutik\/produkt\/komposit-videokabel-3x-rca-hane-3x-rca-hane-guldplaterad-480p-2-00-m\/#primaryimage","url":"https:\/\/www.heddata.se\/webbutik\/wp-content\/uploads\/webbutik\/kategorier\/kablar-adaptrar\/cvbw24300at20.jpeg","contentUrl":"https:\/\/www.heddata.se\/webbutik\/wp-content\/uploads\/webbutik\/kategorier\/kablar-adaptrar\/cvbw24300at20.jpeg","width":1200,"height":1200,"caption":"Komposit videokabel 3x RCA"},{"@type":"BreadcrumbList","@id":"https:\/\/www.heddata.se\/webbutik\/produkt\/komposit-videokabel-3x-rca-hane-3x-rca-hane-guldplaterad-480p-2-00-m\/#breadcrumb","itemListElement":[{"@type":"ListItem","position":1,"name":"Hem","item":"https:\/\/www.heddata.se\/webbutik\/"},{"@type":"ListItem","position":2,"name":"Produkter","item":"https:\/\/www.heddata.se\/webbutik\/shop\/"},{"@type":"ListItem","position":3,"name":"Komposit videokabel 3x RCA Hane 3x RCA Hane Guldplaterad 480p 2.00 m"}]},{"@type":"WebSite","@id":"https:\/\/www.heddata.se\/webbutik\/#website","url":"https:\/\/www.heddata.se\/webbutik\/","name":"Datorer, Skrivare, F\u00e4rgpatroner, Mobiltelefoner","description":"Kablar","publisher":{"@id":"https:\/\/www.heddata.se\/webbutik\/#organization"},"potentialAction":[{"@type":"SearchAction","target":{"@type":"EntryPoint","urlTemplate":"https:\/\/www.heddata.se\/webbutik\/?s={search_term_string}"},"query-input":{"@type":"PropertyValueSpecification","valueRequired":true,"valueName":"search_term_string"}}],"inLanguage":"sv-SE"},{"@type":"Organization","@id":"https:\/\/www.heddata.se\/webbutik\/#organization","name":"Heddata AB","url":"https:\/\/www.heddata.se\/webbutik\/","logo":{"@type":"ImageObject","inLanguage":"sv-SE","@id":"https:\/\/www.heddata.se\/webbutik\/#\/schema\/logo\/image\/","url":"https:\/\/www.heddata.se\/webbutik\/wp-content\/uploads\/logga\/heddata-ab-logga.png","contentUrl":"https:\/\/www.heddata.se\/webbutik\/wp-content\/uploads\/logga\/heddata-ab-logga.png","width":200,"height":64,"caption":"Heddata AB"},"image":{"@id":"https:\/\/www.heddata.se\/webbutik\/#\/schema\/logo\/image\/"}}]}},"_links":{"self":[{"href":"https:\/\/www.heddata.se\/webbutik\/wp-json\/wp\/v2\/product\/92576","targetHints":{"allow":["GET"]}}],"collection":[{"href":"https:\/\/www.heddata.se\/webbutik\/wp-json\/wp\/v2\/product"}],"about":[{"href":"https:\/\/www.heddata.se\/webbutik\/wp-json\/wp\/v2\/types\/product"}],"wp:featuredmedia":[{"embeddable":true,"href":"https:\/\/www.heddata.se\/webbutik\/wp-json\/wp\/v2\/media\/92578"}],"wp:attachment":[{"href":"https:\/\/www.heddata.se\/webbutik\/wp-json\/wp\/v2\/media?parent=92576"}],"wp:term":[{"taxonomy":"product_brand","embeddable":true,"href":"https:\/\/www.heddata.se\/webbutik\/wp-json\/wp\/v2\/product_brand?post=92576"},{"taxonomy":"product_cat","embeddable":true,"href":"https:\/\/www.heddata.se\/webbutik\/wp-json\/wp\/v2\/product_cat?post=92576"},{"taxonomy":"product_tag","embeddable":true,"href":"https:\/\/www.heddata.se\/webbutik\/wp-json\/wp\/v2\/product_tag?post=92576"}],"curies":[{"name":"wp","href":"https:\/\/api.w.org\/{rel}","templated":true}]}}