{"id":92542,"date":"2022-02-23T11:18:02","date_gmt":"2022-02-23T10:18:02","guid":{"rendered":"https:\/\/www.heddata.se\/webbutik\/?post_type=product&#038;p=92542"},"modified":"2026-04-08T15:16:49","modified_gmt":"2026-04-08T13:16:49","slug":"blueparrott-m300-xt-headset","status":"publish","type":"product","link":"https:\/\/www.heddata.se\/webbutik\/produkt\/blueparrott-m300-xt-headset\/","title":{"rendered":"BlueParrott M300-XT headset"},"content":{"rendered":"<p>BlueParrott M300-XT headset<\/p>\n<h4 id=\"tw-target-text\" class=\"tw-data-text tw-text-large tw-ta\" data-placeholder=\"\u00d6vers\u00e4ttning\"><span class=\"Y2IQFc\" lang=\"sv\"><strong>Blockera bakgrundsbuller<\/strong> <\/span><\/h4>\n<p class=\"tw-data-text tw-text-large tw-ta\" dir=\"ltr\" data-placeholder=\"\u00d6vers\u00e4ttning\"><span class=\"Y2IQFc\" lang=\"sv\">Gl\u00f6m bakgrundsljud n\u00e4r du kommunicerar p\u00e5 spr\u00e5ng. Med tv\u00e5 brusreducerande mikrofoner tar <a href=\"https:\/\/www.jabra.se\/\" target=\"_blank\" rel=\"noopener\">M300-XT<\/a> bort 80 % av bakgrundsljudet fr\u00e5n samtal, vilket ger enast\u00e5ende kvalitet som g\u00f6r att du h\u00f6rs h\u00f6gt och tydligt. L\u00e5ter bra, vart \u00e4n din dag tar dig.<\/span><\/p>\n<h4 class=\"h5 u-mb-4\"><strong>Snabbfakta<\/strong><\/h4>\n<ul class=\"ul-stripped u-fs-14\" data-hj-ignore-attributes=\"\">\n<li class=\"row sm-gutters\" data-hj-ignore-attributes=\"\">\n<div class=\"col-6\" data-hj-ignore-attributes=\"\">Aktiv brusreducering<\/div>\n<div class=\"col-6\" data-hj-ignore-attributes=\"\">Ja<\/div>\n<\/li>\n<li class=\"row sm-gutters\" data-hj-ignore-attributes=\"\">\n<div class=\"col-6\" data-hj-ignore-attributes=\"\">Anslutningsteknik<\/div>\n<div class=\"col-6\" data-hj-ignore-attributes=\"\">Tr\u00e5dl\u00f6s<\/div>\n<\/li>\n<li class=\"row sm-gutters\" data-hj-ignore-attributes=\"\">\n<div class=\"col-6\" data-hj-ignore-attributes=\"\">Driftstid (upp till)<\/div>\n<div class=\"col-6\" data-hj-ignore-attributes=\"\">15 h<\/div>\n<\/li>\n<li class=\"row sm-gutters\" data-hj-ignore-attributes=\"\">\n<div class=\"col-6\" data-hj-ignore-attributes=\"\">Detaljerad information<\/div>\n<div class=\"col-6\" data-hj-ignore-attributes=\"\">R\u00f6stkontroll<\/div>\n<\/li>\n<li class=\"row sm-gutters\" data-hj-ignore-attributes=\"\">\n<div class=\"col-6\" data-hj-ignore-attributes=\"\">Ljudutg\u00e5ngsl\u00e4ge<\/div>\n<div class=\"col-6\" data-hj-ignore-attributes=\"\">Mono<\/div>\n<\/li>\n<li class=\"row sm-gutters\" data-hj-ignore-attributes=\"\">\n<div class=\"col-6\" data-hj-ignore-attributes=\"\">F\u00e4rgkategori<\/div>\n<div class=\"col-6\" data-hj-ignore-attributes=\"\">Svart<\/div>\n<\/li>\n<\/ul>\n<h4 class=\"h5 u-mb-4\"><strong>Produktegenskaper<\/strong><\/h4>\n<ul class=\"ul-plus u-fs-14 u-py-0\" data-hj-ignore-attributes=\"\">\n<li class=\"u-mb-0\" data-hj-ignore-attributes=\"\"><span data-hj-ignore-attributes=\"\">80 % bullerd\u00e4mpning med tv\u00e5 mikrofoner<\/span><\/li>\n<li class=\"u-mb-0\" data-hj-ignore-attributes=\"\"><span data-hj-ignore-attributes=\"\">Upp till 14 timmars taltid<\/span><\/li>\n<li class=\"u-mb-0\" data-hj-ignore-attributes=\"\"><span data-hj-ignore-attributes=\"\">V\u00e4ger bara 20 g f\u00f6r komfort under hela dagen<\/span><\/li>\n<li class=\"u-mb-0\" data-hj-ignore-attributes=\"\"><span data-hj-ignore-attributes=\"\">Tr\u00e5dl\u00f6s r\u00e4ckvidd upp till 100 m<\/span><\/li>\n<\/ul>\n","protected":false},"excerpt":{"rendered":"<p>BlueParrott M300-XT headset<\/p>\n","protected":false},"featured_media":92544,"template":"","meta":[],"product_brand":[],"product_cat":[128,126,119],"product_tag":[],"class_list":{"0":"post-92542","1":"product","2":"type-product","3":"status-publish","4":"has-post-thumbnail","6":"product_cat-headset-horlurar-med-bluetooth","7":"product_cat-headset-horlurar-med-mikrofon","8":"product_cat-horlurar-headset","10":"first","11":"outofstock","12":"taxable","13":"shipping-taxable","14":"product-type-simple"},"yoast_head":"<!-- This site is optimized with the Yoast SEO Premium plugin v26.7 (Yoast SEO v26.7) - https:\/\/yoast.com\/wordpress\/plugins\/seo\/ -->\n<title>BlueParrott M300-XT headset. Tr\u00e5dl\u00f6st headset med bluetoothteknik<\/title>\n<meta name=\"description\" content=\"BlueParrott M300-XT headset. Med tv\u00e5 brusreducerande mikrofoner tar M300-XT bort 80 % av bakgrundsljudet fr\u00e5n samtal.\" \/>\n<meta name=\"robots\" content=\"index, follow, max-snippet:-1, max-image-preview:large, max-video-preview:-1\" \/>\n<link rel=\"canonical\" href=\"https:\/\/www.heddata.se\/webbutik\/produkt\/blueparrott-m300-xt-headset\/\" \/>\n<meta property=\"og:locale\" content=\"sv_SE\" \/>\n<meta property=\"og:type\" content=\"article\" \/>\n<meta property=\"og:title\" content=\"BlueParrott M300-XT headset\" \/>\n<meta property=\"og:description\" content=\"BlueParrott M300-XT headset. Med tv\u00e5 brusreducerande mikrofoner tar M300-XT bort 80 % av bakgrundsljudet fr\u00e5n samtal.\" \/>\n<meta property=\"og:url\" content=\"https:\/\/www.heddata.se\/webbutik\/produkt\/blueparrott-m300-xt-headset\/\" \/>\n<meta property=\"og:site_name\" content=\"Datorer, Skrivare, F\u00e4rgpatroner, Mobiltelefoner\" \/>\n<meta property=\"article:modified_time\" content=\"2026-04-08T13:16:49+00:00\" \/>\n<meta property=\"og:image\" content=\"https:\/\/www.heddata.se\/webbutik\/wp-content\/uploads\/webbutik\/kategorier\/telefontillbehor\/204347.jpg\" \/>\n\t<meta property=\"og:image:width\" content=\"1101\" \/>\n\t<meta property=\"og:image:height\" content=\"1101\" \/>\n\t<meta property=\"og:image:type\" content=\"image\/jpeg\" \/>\n<meta name=\"twitter:card\" content=\"summary_large_image\" \/>\n<meta name=\"twitter:label1\" content=\"Ber\u00e4knad l\u00e4stid\" \/>\n\t<meta name=\"twitter:data1\" content=\"1 minut\" \/>\n<script type=\"application\/ld+json\" class=\"yoast-schema-graph\">{\"@context\":\"https:\/\/schema.org\",\"@graph\":[{\"@type\":\"WebPage\",\"@id\":\"https:\/\/www.heddata.se\/webbutik\/produkt\/blueparrott-m300-xt-headset\/\",\"url\":\"https:\/\/www.heddata.se\/webbutik\/produkt\/blueparrott-m300-xt-headset\/\",\"name\":\"BlueParrott M300-XT headset. Tr\u00e5dl\u00f6st headset med bluetoothteknik\",\"isPartOf\":{\"@id\":\"https:\/\/www.heddata.se\/webbutik\/#website\"},\"primaryImageOfPage\":{\"@id\":\"https:\/\/www.heddata.se\/webbutik\/produkt\/blueparrott-m300-xt-headset\/#primaryimage\"},\"image\":{\"@id\":\"https:\/\/www.heddata.se\/webbutik\/produkt\/blueparrott-m300-xt-headset\/#primaryimage\"},\"thumbnailUrl\":\"https:\/\/www.heddata.se\/webbutik\/wp-content\/uploads\/webbutik\/kategorier\/telefontillbehor\/204347.jpg\",\"datePublished\":\"2022-02-23T10:18:02+00:00\",\"dateModified\":\"2026-04-08T13:16:49+00:00\",\"description\":\"BlueParrott M300-XT headset. Med tv\u00e5 brusreducerande mikrofoner tar M300-XT bort 80 % av bakgrundsljudet fr\u00e5n samtal.\",\"breadcrumb\":{\"@id\":\"https:\/\/www.heddata.se\/webbutik\/produkt\/blueparrott-m300-xt-headset\/#breadcrumb\"},\"inLanguage\":\"sv-SE\",\"potentialAction\":[{\"@type\":\"ReadAction\",\"target\":[\"https:\/\/www.heddata.se\/webbutik\/produkt\/blueparrott-m300-xt-headset\/\"]}]},{\"@type\":\"ImageObject\",\"inLanguage\":\"sv-SE\",\"@id\":\"https:\/\/www.heddata.se\/webbutik\/produkt\/blueparrott-m300-xt-headset\/#primaryimage\",\"url\":\"https:\/\/www.heddata.se\/webbutik\/wp-content\/uploads\/webbutik\/kategorier\/telefontillbehor\/204347.jpg\",\"contentUrl\":\"https:\/\/www.heddata.se\/webbutik\/wp-content\/uploads\/webbutik\/kategorier\/telefontillbehor\/204347.jpg\",\"width\":1101,\"height\":1101,\"caption\":\"BlueParrott M300-XT headset\"},{\"@type\":\"BreadcrumbList\",\"@id\":\"https:\/\/www.heddata.se\/webbutik\/produkt\/blueparrott-m300-xt-headset\/#breadcrumb\",\"itemListElement\":[{\"@type\":\"ListItem\",\"position\":1,\"name\":\"Hem\",\"item\":\"https:\/\/www.heddata.se\/webbutik\/\"},{\"@type\":\"ListItem\",\"position\":2,\"name\":\"Produkter\",\"item\":\"https:\/\/www.heddata.se\/webbutik\/shop\/\"},{\"@type\":\"ListItem\",\"position\":3,\"name\":\"BlueParrott M300-XT headset\"}]},{\"@type\":\"WebSite\",\"@id\":\"https:\/\/www.heddata.se\/webbutik\/#website\",\"url\":\"https:\/\/www.heddata.se\/webbutik\/\",\"name\":\"Datorer, Skrivare, F\u00e4rgpatroner, Mobiltelefoner\",\"description\":\"Kablar\",\"publisher\":{\"@id\":\"https:\/\/www.heddata.se\/webbutik\/#organization\"},\"potentialAction\":[{\"@type\":\"SearchAction\",\"target\":{\"@type\":\"EntryPoint\",\"urlTemplate\":\"https:\/\/www.heddata.se\/webbutik\/?s={search_term_string}\"},\"query-input\":{\"@type\":\"PropertyValueSpecification\",\"valueRequired\":true,\"valueName\":\"search_term_string\"}}],\"inLanguage\":\"sv-SE\"},{\"@type\":\"Organization\",\"@id\":\"https:\/\/www.heddata.se\/webbutik\/#organization\",\"name\":\"Heddata AB\",\"url\":\"https:\/\/www.heddata.se\/webbutik\/\",\"logo\":{\"@type\":\"ImageObject\",\"inLanguage\":\"sv-SE\",\"@id\":\"https:\/\/www.heddata.se\/webbutik\/#\/schema\/logo\/image\/\",\"url\":\"https:\/\/www.heddata.se\/webbutik\/wp-content\/uploads\/logga\/heddata-ab-logga.png\",\"contentUrl\":\"https:\/\/www.heddata.se\/webbutik\/wp-content\/uploads\/logga\/heddata-ab-logga.png\",\"width\":200,\"height\":64,\"caption\":\"Heddata AB\"},\"image\":{\"@id\":\"https:\/\/www.heddata.se\/webbutik\/#\/schema\/logo\/image\/\"}}]}<\/script>\n<!-- \/ Yoast SEO Premium plugin. -->","yoast_head_json":{"title":"BlueParrott M300-XT headset. Tr\u00e5dl\u00f6st headset med bluetoothteknik","description":"BlueParrott M300-XT headset. Med tv\u00e5 brusreducerande mikrofoner tar M300-XT bort 80 % av bakgrundsljudet fr\u00e5n samtal.","robots":{"index":"index","follow":"follow","max-snippet":"max-snippet:-1","max-image-preview":"max-image-preview:large","max-video-preview":"max-video-preview:-1"},"canonical":"https:\/\/www.heddata.se\/webbutik\/produkt\/blueparrott-m300-xt-headset\/","og_locale":"sv_SE","og_type":"article","og_title":"BlueParrott M300-XT headset","og_description":"BlueParrott M300-XT headset. Med tv\u00e5 brusreducerande mikrofoner tar M300-XT bort 80 % av bakgrundsljudet fr\u00e5n samtal.","og_url":"https:\/\/www.heddata.se\/webbutik\/produkt\/blueparrott-m300-xt-headset\/","og_site_name":"Datorer, Skrivare, F\u00e4rgpatroner, Mobiltelefoner","article_modified_time":"2026-04-08T13:16:49+00:00","og_image":[{"width":1101,"height":1101,"url":"https:\/\/www.heddata.se\/webbutik\/wp-content\/uploads\/webbutik\/kategorier\/telefontillbehor\/204347.jpg","type":"image\/jpeg"}],"twitter_card":"summary_large_image","twitter_misc":{"Ber\u00e4knad l\u00e4stid":"1 minut"},"schema":{"@context":"https:\/\/schema.org","@graph":[{"@type":"WebPage","@id":"https:\/\/www.heddata.se\/webbutik\/produkt\/blueparrott-m300-xt-headset\/","url":"https:\/\/www.heddata.se\/webbutik\/produkt\/blueparrott-m300-xt-headset\/","name":"BlueParrott M300-XT headset. Tr\u00e5dl\u00f6st headset med bluetoothteknik","isPartOf":{"@id":"https:\/\/www.heddata.se\/webbutik\/#website"},"primaryImageOfPage":{"@id":"https:\/\/www.heddata.se\/webbutik\/produkt\/blueparrott-m300-xt-headset\/#primaryimage"},"image":{"@id":"https:\/\/www.heddata.se\/webbutik\/produkt\/blueparrott-m300-xt-headset\/#primaryimage"},"thumbnailUrl":"https:\/\/www.heddata.se\/webbutik\/wp-content\/uploads\/webbutik\/kategorier\/telefontillbehor\/204347.jpg","datePublished":"2022-02-23T10:18:02+00:00","dateModified":"2026-04-08T13:16:49+00:00","description":"BlueParrott M300-XT headset. Med tv\u00e5 brusreducerande mikrofoner tar M300-XT bort 80 % av bakgrundsljudet fr\u00e5n samtal.","breadcrumb":{"@id":"https:\/\/www.heddata.se\/webbutik\/produkt\/blueparrott-m300-xt-headset\/#breadcrumb"},"inLanguage":"sv-SE","potentialAction":[{"@type":"ReadAction","target":["https:\/\/www.heddata.se\/webbutik\/produkt\/blueparrott-m300-xt-headset\/"]}]},{"@type":"ImageObject","inLanguage":"sv-SE","@id":"https:\/\/www.heddata.se\/webbutik\/produkt\/blueparrott-m300-xt-headset\/#primaryimage","url":"https:\/\/www.heddata.se\/webbutik\/wp-content\/uploads\/webbutik\/kategorier\/telefontillbehor\/204347.jpg","contentUrl":"https:\/\/www.heddata.se\/webbutik\/wp-content\/uploads\/webbutik\/kategorier\/telefontillbehor\/204347.jpg","width":1101,"height":1101,"caption":"BlueParrott M300-XT headset"},{"@type":"BreadcrumbList","@id":"https:\/\/www.heddata.se\/webbutik\/produkt\/blueparrott-m300-xt-headset\/#breadcrumb","itemListElement":[{"@type":"ListItem","position":1,"name":"Hem","item":"https:\/\/www.heddata.se\/webbutik\/"},{"@type":"ListItem","position":2,"name":"Produkter","item":"https:\/\/www.heddata.se\/webbutik\/shop\/"},{"@type":"ListItem","position":3,"name":"BlueParrott M300-XT headset"}]},{"@type":"WebSite","@id":"https:\/\/www.heddata.se\/webbutik\/#website","url":"https:\/\/www.heddata.se\/webbutik\/","name":"Datorer, Skrivare, F\u00e4rgpatroner, Mobiltelefoner","description":"Kablar","publisher":{"@id":"https:\/\/www.heddata.se\/webbutik\/#organization"},"potentialAction":[{"@type":"SearchAction","target":{"@type":"EntryPoint","urlTemplate":"https:\/\/www.heddata.se\/webbutik\/?s={search_term_string}"},"query-input":{"@type":"PropertyValueSpecification","valueRequired":true,"valueName":"search_term_string"}}],"inLanguage":"sv-SE"},{"@type":"Organization","@id":"https:\/\/www.heddata.se\/webbutik\/#organization","name":"Heddata AB","url":"https:\/\/www.heddata.se\/webbutik\/","logo":{"@type":"ImageObject","inLanguage":"sv-SE","@id":"https:\/\/www.heddata.se\/webbutik\/#\/schema\/logo\/image\/","url":"https:\/\/www.heddata.se\/webbutik\/wp-content\/uploads\/logga\/heddata-ab-logga.png","contentUrl":"https:\/\/www.heddata.se\/webbutik\/wp-content\/uploads\/logga\/heddata-ab-logga.png","width":200,"height":64,"caption":"Heddata AB"},"image":{"@id":"https:\/\/www.heddata.se\/webbutik\/#\/schema\/logo\/image\/"}}]}},"_links":{"self":[{"href":"https:\/\/www.heddata.se\/webbutik\/wp-json\/wp\/v2\/product\/92542","targetHints":{"allow":["GET"]}}],"collection":[{"href":"https:\/\/www.heddata.se\/webbutik\/wp-json\/wp\/v2\/product"}],"about":[{"href":"https:\/\/www.heddata.se\/webbutik\/wp-json\/wp\/v2\/types\/product"}],"wp:featuredmedia":[{"embeddable":true,"href":"https:\/\/www.heddata.se\/webbutik\/wp-json\/wp\/v2\/media\/92544"}],"wp:attachment":[{"href":"https:\/\/www.heddata.se\/webbutik\/wp-json\/wp\/v2\/media?parent=92542"}],"wp:term":[{"taxonomy":"product_brand","embeddable":true,"href":"https:\/\/www.heddata.se\/webbutik\/wp-json\/wp\/v2\/product_brand?post=92542"},{"taxonomy":"product_cat","embeddable":true,"href":"https:\/\/www.heddata.se\/webbutik\/wp-json\/wp\/v2\/product_cat?post=92542"},{"taxonomy":"product_tag","embeddable":true,"href":"https:\/\/www.heddata.se\/webbutik\/wp-json\/wp\/v2\/product_tag?post=92542"}],"curies":[{"name":"wp","href":"https:\/\/api.w.org\/{rel}","templated":true}]}}