{"id":92448,"date":"2022-02-07T11:18:13","date_gmt":"2022-02-07T10:18:13","guid":{"rendered":"https:\/\/www.heddata.se\/webbutik\/?post_type=product&#038;p=92448"},"modified":"2026-04-17T18:10:32","modified_gmt":"2026-04-17T16:10:32","slug":"brother-tn247c-original-tonerkassett-cyan","status":"publish","type":"product","link":"https:\/\/www.heddata.se\/webbutik\/produkt\/brother-tn247c-original-tonerkassett-cyan\/","title":{"rendered":"Brother TN247C original tonerkassett- cyan"},"content":{"rendered":"<p>Brother TN247C original tonerkassett- cyan<\/p>\n<h4>Beskrivning<\/h4>\n<section class=\"product-detail--section product-detail--product-description component\">Se till att din skrivare forts\u00e4tter att leverera utm\u00e4rkta, professionella utskrifter med Brother original TN247C tonerkassett i cyan. TN247C cyan tonerkassett \u00e4r kompatibel med flera av v\u00e5ra maskiner.<\/p>\n<table border=\"0\" cellspacing=\"0\" cellpadding=\"0\">\n<tbody>\n<tr>\n<td>Type<\/td>\n<td>Laser cartridge<\/td>\n<\/tr>\n<tr>\n<td>Original<\/td>\n<td>Yes<\/td>\n<\/tr>\n<tr>\n<td>Multipack<\/td>\n<td>No<\/td>\n<\/tr>\n<tr>\n<td>Page yield<\/td>\n<td>2300 pages<\/td>\n<\/tr>\n<tr>\n<td>Printing colours<\/td>\n<td><a href=\"https:\/\/www.heddata.se\/webbutik\/blackpatroner-toners\/\">Cyan<\/a><\/td>\n<\/tr>\n<tr>\n<td>Quantity per pack<\/td>\n<td>1 pc(s)<\/td>\n<\/tr>\n<tr>\n<td>Brand compatibility<\/td>\n<td><a href=\"https:\/\/www.brother.se\/\" target=\"_blank\" rel=\"noopener\">Brother<\/a><\/td>\n<\/tr>\n<tr>\n<td>Compatibility<\/td>\n<td>DCP-L3550CDW\\nHL-L3270CDW\\nMFC-L3730CDN\\nMFC-L3750CDW\\nMFC-L3770CDW\\nMFC-L3710CW<\/td>\n<\/tr>\n<tr>\n<td>OEM code<\/td>\n<td>TN-247C<\/td>\n<\/tr>\n<tr>\n<td>Print technology<\/td>\n<td>LED<\/td>\n<\/tr>\n<tr>\n<td>Cartridge capacity<\/td>\n<td>High (XL) Yield<\/td>\n<\/tr>\n<tr>\n<td>Page yield (colour)<\/td>\n<td>2300 pages<\/td>\n<\/tr>\n<tr>\n<td>Colour of product<\/td>\n<td>Black<\/td>\n<\/tr>\n<tr>\n<td>Packaging type<\/td>\n<td>Box<\/td>\n<\/tr>\n<\/tbody>\n<\/table>\n<\/section>\n","protected":false},"excerpt":{"rendered":"<p>Brother TN247C original tonerkassett- cyan<\/p>\n","protected":false},"featured_media":92465,"template":"","meta":[],"product_brand":[],"product_cat":[61,98,89],"product_tag":[],"class_list":{"0":"post-92448","1":"product","2":"type-product","3":"status-publish","4":"has-post-thumbnail","6":"product_cat-blackpatroner-toners","7":"product_cat-brother-toner","8":"product_cat-toner","10":"first","11":"instock","12":"taxable","13":"shipping-taxable","14":"purchasable","15":"product-type-simple"},"yoast_head":"<!-- This site is optimized with the Yoast SEO Premium plugin v26.7 (Yoast SEO v26.7) - https:\/\/yoast.com\/wordpress\/plugins\/seo\/ -->\n<title>Brother TN247C original tonerkassett- cyan f\u00f6r fina utskrifter<\/title>\n<meta name=\"description\" content=\"Brother TN247C tonerkassett. Se till att din skrivare forts\u00e4tter att leverera utm\u00e4rkta, professionella utskrifter med Brother original.\" \/>\n<meta name=\"robots\" content=\"index, follow, max-snippet:-1, max-image-preview:large, max-video-preview:-1\" \/>\n<link rel=\"canonical\" href=\"https:\/\/www.heddata.se\/webbutik\/produkt\/brother-tn247c-original-tonerkassett-cyan\/\" \/>\n<meta property=\"og:locale\" content=\"sv_SE\" \/>\n<meta property=\"og:type\" content=\"article\" \/>\n<meta property=\"og:title\" content=\"Brother TN247C original tonerkassett- cyan\" \/>\n<meta property=\"og:description\" content=\"Brother TN247C tonerkassett. Se till att din skrivare forts\u00e4tter att leverera utm\u00e4rkta, professionella utskrifter med Brother original.\" \/>\n<meta property=\"og:url\" content=\"https:\/\/www.heddata.se\/webbutik\/produkt\/brother-tn247c-original-tonerkassett-cyan\/\" \/>\n<meta property=\"og:site_name\" content=\"Datorer, Skrivare, F\u00e4rgpatroner, Mobiltelefoner\" \/>\n<meta property=\"article:modified_time\" content=\"2026-04-17T16:10:32+00:00\" \/>\n<meta property=\"og:image\" content=\"https:\/\/www.heddata.se\/webbutik\/wp-content\/uploads\/webbutik\/kategorier\/blackpatroner-toners\/tn247c.jpg\" \/>\n\t<meta property=\"og:image:width\" content=\"422\" \/>\n\t<meta property=\"og:image:height\" content=\"422\" \/>\n\t<meta property=\"og:image:type\" content=\"image\/jpeg\" \/>\n<meta name=\"twitter:card\" content=\"summary_large_image\" \/>\n<script type=\"application\/ld+json\" class=\"yoast-schema-graph\">{\"@context\":\"https:\/\/schema.org\",\"@graph\":[{\"@type\":\"WebPage\",\"@id\":\"https:\/\/www.heddata.se\/webbutik\/produkt\/brother-tn247c-original-tonerkassett-cyan\/\",\"url\":\"https:\/\/www.heddata.se\/webbutik\/produkt\/brother-tn247c-original-tonerkassett-cyan\/\",\"name\":\"Brother TN247C original tonerkassett- cyan f\u00f6r fina utskrifter\",\"isPartOf\":{\"@id\":\"https:\/\/www.heddata.se\/webbutik\/#website\"},\"primaryImageOfPage\":{\"@id\":\"https:\/\/www.heddata.se\/webbutik\/produkt\/brother-tn247c-original-tonerkassett-cyan\/#primaryimage\"},\"image\":{\"@id\":\"https:\/\/www.heddata.se\/webbutik\/produkt\/brother-tn247c-original-tonerkassett-cyan\/#primaryimage\"},\"thumbnailUrl\":\"https:\/\/www.heddata.se\/webbutik\/wp-content\/uploads\/webbutik\/kategorier\/blackpatroner-toners\/tn247c.jpg\",\"datePublished\":\"2022-02-07T10:18:13+00:00\",\"dateModified\":\"2026-04-17T16:10:32+00:00\",\"description\":\"Brother TN247C tonerkassett. Se till att din skrivare forts\u00e4tter att leverera utm\u00e4rkta, professionella utskrifter med Brother original.\",\"breadcrumb\":{\"@id\":\"https:\/\/www.heddata.se\/webbutik\/produkt\/brother-tn247c-original-tonerkassett-cyan\/#breadcrumb\"},\"inLanguage\":\"sv-SE\",\"potentialAction\":[{\"@type\":\"ReadAction\",\"target\":[\"https:\/\/www.heddata.se\/webbutik\/produkt\/brother-tn247c-original-tonerkassett-cyan\/\"]}]},{\"@type\":\"ImageObject\",\"inLanguage\":\"sv-SE\",\"@id\":\"https:\/\/www.heddata.se\/webbutik\/produkt\/brother-tn247c-original-tonerkassett-cyan\/#primaryimage\",\"url\":\"https:\/\/www.heddata.se\/webbutik\/wp-content\/uploads\/webbutik\/kategorier\/blackpatroner-toners\/tn247c.jpg\",\"contentUrl\":\"https:\/\/www.heddata.se\/webbutik\/wp-content\/uploads\/webbutik\/kategorier\/blackpatroner-toners\/tn247c.jpg\",\"width\":422,\"height\":422,\"caption\":\"Brother TN247C original tonerkassett\"},{\"@type\":\"BreadcrumbList\",\"@id\":\"https:\/\/www.heddata.se\/webbutik\/produkt\/brother-tn247c-original-tonerkassett-cyan\/#breadcrumb\",\"itemListElement\":[{\"@type\":\"ListItem\",\"position\":1,\"name\":\"Hem\",\"item\":\"https:\/\/www.heddata.se\/webbutik\/\"},{\"@type\":\"ListItem\",\"position\":2,\"name\":\"Produkter\",\"item\":\"https:\/\/www.heddata.se\/webbutik\/shop\/\"},{\"@type\":\"ListItem\",\"position\":3,\"name\":\"Brother TN247C original tonerkassett- cyan\"}]},{\"@type\":\"WebSite\",\"@id\":\"https:\/\/www.heddata.se\/webbutik\/#website\",\"url\":\"https:\/\/www.heddata.se\/webbutik\/\",\"name\":\"Datorer, Skrivare, F\u00e4rgpatroner, Mobiltelefoner\",\"description\":\"Kablar\",\"publisher\":{\"@id\":\"https:\/\/www.heddata.se\/webbutik\/#organization\"},\"potentialAction\":[{\"@type\":\"SearchAction\",\"target\":{\"@type\":\"EntryPoint\",\"urlTemplate\":\"https:\/\/www.heddata.se\/webbutik\/?s={search_term_string}\"},\"query-input\":{\"@type\":\"PropertyValueSpecification\",\"valueRequired\":true,\"valueName\":\"search_term_string\"}}],\"inLanguage\":\"sv-SE\"},{\"@type\":\"Organization\",\"@id\":\"https:\/\/www.heddata.se\/webbutik\/#organization\",\"name\":\"Heddata AB\",\"url\":\"https:\/\/www.heddata.se\/webbutik\/\",\"logo\":{\"@type\":\"ImageObject\",\"inLanguage\":\"sv-SE\",\"@id\":\"https:\/\/www.heddata.se\/webbutik\/#\/schema\/logo\/image\/\",\"url\":\"https:\/\/www.heddata.se\/webbutik\/wp-content\/uploads\/logga\/heddata-ab-logga.png\",\"contentUrl\":\"https:\/\/www.heddata.se\/webbutik\/wp-content\/uploads\/logga\/heddata-ab-logga.png\",\"width\":200,\"height\":64,\"caption\":\"Heddata AB\"},\"image\":{\"@id\":\"https:\/\/www.heddata.se\/webbutik\/#\/schema\/logo\/image\/\"}}]}<\/script>\n<!-- \/ Yoast SEO Premium plugin. -->","yoast_head_json":{"title":"Brother TN247C original tonerkassett- cyan f\u00f6r fina utskrifter","description":"Brother TN247C tonerkassett. Se till att din skrivare forts\u00e4tter att leverera utm\u00e4rkta, professionella utskrifter med Brother original.","robots":{"index":"index","follow":"follow","max-snippet":"max-snippet:-1","max-image-preview":"max-image-preview:large","max-video-preview":"max-video-preview:-1"},"canonical":"https:\/\/www.heddata.se\/webbutik\/produkt\/brother-tn247c-original-tonerkassett-cyan\/","og_locale":"sv_SE","og_type":"article","og_title":"Brother TN247C original tonerkassett- cyan","og_description":"Brother TN247C tonerkassett. Se till att din skrivare forts\u00e4tter att leverera utm\u00e4rkta, professionella utskrifter med Brother original.","og_url":"https:\/\/www.heddata.se\/webbutik\/produkt\/brother-tn247c-original-tonerkassett-cyan\/","og_site_name":"Datorer, Skrivare, F\u00e4rgpatroner, Mobiltelefoner","article_modified_time":"2026-04-17T16:10:32+00:00","og_image":[{"width":422,"height":422,"url":"https:\/\/www.heddata.se\/webbutik\/wp-content\/uploads\/webbutik\/kategorier\/blackpatroner-toners\/tn247c.jpg","type":"image\/jpeg"}],"twitter_card":"summary_large_image","schema":{"@context":"https:\/\/schema.org","@graph":[{"@type":"WebPage","@id":"https:\/\/www.heddata.se\/webbutik\/produkt\/brother-tn247c-original-tonerkassett-cyan\/","url":"https:\/\/www.heddata.se\/webbutik\/produkt\/brother-tn247c-original-tonerkassett-cyan\/","name":"Brother TN247C original tonerkassett- cyan f\u00f6r fina utskrifter","isPartOf":{"@id":"https:\/\/www.heddata.se\/webbutik\/#website"},"primaryImageOfPage":{"@id":"https:\/\/www.heddata.se\/webbutik\/produkt\/brother-tn247c-original-tonerkassett-cyan\/#primaryimage"},"image":{"@id":"https:\/\/www.heddata.se\/webbutik\/produkt\/brother-tn247c-original-tonerkassett-cyan\/#primaryimage"},"thumbnailUrl":"https:\/\/www.heddata.se\/webbutik\/wp-content\/uploads\/webbutik\/kategorier\/blackpatroner-toners\/tn247c.jpg","datePublished":"2022-02-07T10:18:13+00:00","dateModified":"2026-04-17T16:10:32+00:00","description":"Brother TN247C tonerkassett. Se till att din skrivare forts\u00e4tter att leverera utm\u00e4rkta, professionella utskrifter med Brother original.","breadcrumb":{"@id":"https:\/\/www.heddata.se\/webbutik\/produkt\/brother-tn247c-original-tonerkassett-cyan\/#breadcrumb"},"inLanguage":"sv-SE","potentialAction":[{"@type":"ReadAction","target":["https:\/\/www.heddata.se\/webbutik\/produkt\/brother-tn247c-original-tonerkassett-cyan\/"]}]},{"@type":"ImageObject","inLanguage":"sv-SE","@id":"https:\/\/www.heddata.se\/webbutik\/produkt\/brother-tn247c-original-tonerkassett-cyan\/#primaryimage","url":"https:\/\/www.heddata.se\/webbutik\/wp-content\/uploads\/webbutik\/kategorier\/blackpatroner-toners\/tn247c.jpg","contentUrl":"https:\/\/www.heddata.se\/webbutik\/wp-content\/uploads\/webbutik\/kategorier\/blackpatroner-toners\/tn247c.jpg","width":422,"height":422,"caption":"Brother TN247C original tonerkassett"},{"@type":"BreadcrumbList","@id":"https:\/\/www.heddata.se\/webbutik\/produkt\/brother-tn247c-original-tonerkassett-cyan\/#breadcrumb","itemListElement":[{"@type":"ListItem","position":1,"name":"Hem","item":"https:\/\/www.heddata.se\/webbutik\/"},{"@type":"ListItem","position":2,"name":"Produkter","item":"https:\/\/www.heddata.se\/webbutik\/shop\/"},{"@type":"ListItem","position":3,"name":"Brother TN247C original tonerkassett- cyan"}]},{"@type":"WebSite","@id":"https:\/\/www.heddata.se\/webbutik\/#website","url":"https:\/\/www.heddata.se\/webbutik\/","name":"Datorer, Skrivare, F\u00e4rgpatroner, Mobiltelefoner","description":"Kablar","publisher":{"@id":"https:\/\/www.heddata.se\/webbutik\/#organization"},"potentialAction":[{"@type":"SearchAction","target":{"@type":"EntryPoint","urlTemplate":"https:\/\/www.heddata.se\/webbutik\/?s={search_term_string}"},"query-input":{"@type":"PropertyValueSpecification","valueRequired":true,"valueName":"search_term_string"}}],"inLanguage":"sv-SE"},{"@type":"Organization","@id":"https:\/\/www.heddata.se\/webbutik\/#organization","name":"Heddata AB","url":"https:\/\/www.heddata.se\/webbutik\/","logo":{"@type":"ImageObject","inLanguage":"sv-SE","@id":"https:\/\/www.heddata.se\/webbutik\/#\/schema\/logo\/image\/","url":"https:\/\/www.heddata.se\/webbutik\/wp-content\/uploads\/logga\/heddata-ab-logga.png","contentUrl":"https:\/\/www.heddata.se\/webbutik\/wp-content\/uploads\/logga\/heddata-ab-logga.png","width":200,"height":64,"caption":"Heddata AB"},"image":{"@id":"https:\/\/www.heddata.se\/webbutik\/#\/schema\/logo\/image\/"}}]}},"_links":{"self":[{"href":"https:\/\/www.heddata.se\/webbutik\/wp-json\/wp\/v2\/product\/92448","targetHints":{"allow":["GET"]}}],"collection":[{"href":"https:\/\/www.heddata.se\/webbutik\/wp-json\/wp\/v2\/product"}],"about":[{"href":"https:\/\/www.heddata.se\/webbutik\/wp-json\/wp\/v2\/types\/product"}],"wp:featuredmedia":[{"embeddable":true,"href":"https:\/\/www.heddata.se\/webbutik\/wp-json\/wp\/v2\/media\/92465"}],"wp:attachment":[{"href":"https:\/\/www.heddata.se\/webbutik\/wp-json\/wp\/v2\/media?parent=92448"}],"wp:term":[{"taxonomy":"product_brand","embeddable":true,"href":"https:\/\/www.heddata.se\/webbutik\/wp-json\/wp\/v2\/product_brand?post=92448"},{"taxonomy":"product_cat","embeddable":true,"href":"https:\/\/www.heddata.se\/webbutik\/wp-json\/wp\/v2\/product_cat?post=92448"},{"taxonomy":"product_tag","embeddable":true,"href":"https:\/\/www.heddata.se\/webbutik\/wp-json\/wp\/v2\/product_tag?post=92448"}],"curies":[{"name":"wp","href":"https:\/\/api.w.org\/{rel}","templated":true}]}}