{"id":92417,"date":"2022-01-20T12:38:15","date_gmt":"2022-01-20T11:38:15","guid":{"rendered":"https:\/\/www.heddata.se\/webbutik\/?post_type=product&#038;p=92417"},"modified":"2026-04-09T09:40:43","modified_gmt":"2026-04-09T07:40:43","slug":"rengoringsdukar-for-smartphone-glasogon-kamera-speglar","status":"publish","type":"product","link":"https:\/\/www.heddata.se\/webbutik\/produkt\/rengoringsdukar-for-smartphone-glasogon-kamera-speglar\/","title":{"rendered":"Reng\u00f6ringsdukar f\u00f6r smartphone\/glas\u00f6gon\/kamera\/speglar"},"content":{"rendered":"<p>Reng\u00f6ringsdukar f\u00f6r smartphone\/glas\u00f6gon\/kamera\/speglar<\/p>\n<p><a href=\"https:\/\/www.deltaco.se\/\" target=\"_blank\" rel=\"noopener\">DELTACO<\/a> Office Reng\u00f6ringsdukar f\u00f6r smartphone\/glas\u00f6gon\/kamera\/speglar, 140x120mm, 1 f\u00f6rpackning 52 servetter, vit<\/p>\n<p>Reng\u00f6ringsdukar p\u00e5 ett kontor \u00e4r en typisk bra att ha sak. En kund kommer p\u00e5 bes\u00f6k och beh\u00f6ver reng\u00f6ra sk\u00e4rmen p\u00e5 sin <a href=\"https:\/\/www.heddata.se\/webbutik\/telefon-surfplattor\/mobiltelefoner\/\">smartphone,<\/a> glas\u00f6gon eller n\u00e5got annat, att ha reng\u00f6rinsservetter visar genast upp en bra sida. Anv\u00e4ndning: Ta f\u00f6rst bort h\u00e5rt smuts som sand eller smulor fr\u00e5n ytan f\u00f6r att undvika repor. Ta ut och \u00f6ppna en p\u00e5se med en reng\u00f6ringsduk fr\u00e5n f\u00f6rpackningen. Reng\u00f6r det smutsiga omr\u00e5det tills ytan blivit ren. Reng\u00f6ringsv\u00e4tskan avdunstar och l\u00e4mnar en torr yta.<\/p>\n<p>Idealiska f\u00f6r en snabb, kladdfri reng\u00f6ring av telefoner.<br \/>\n140x120mm reng\u00f6ringsdukar<\/p>\n<p>F\u00f6rvaras utom r\u00e4ckh\u00e5ll f\u00f6r barn. Inneh\u00e5ller: parfymer.<\/p>\n","protected":false},"excerpt":{"rendered":"<p>Reng\u00f6ringsdukar f\u00f6r smartphone\/glas\u00f6gon\/kamera\/speglar<\/p>\n","protected":false},"featured_media":92418,"template":"","meta":[],"product_brand":[],"product_cat":[198],"product_tag":[],"class_list":{"0":"post-92417","1":"product","2":"type-product","3":"status-publish","4":"has-post-thumbnail","6":"product_cat-ovrigt","8":"first","9":"outofstock","10":"taxable","11":"shipping-taxable","12":"product-type-simple"},"yoast_head":"<!-- This site is optimized with the Yoast SEO Premium plugin v26.7 (Yoast SEO v26.7) - https:\/\/yoast.com\/wordpress\/plugins\/seo\/ -->\n<title>Reng\u00f6ringsdukar f\u00f6r smartphone\/glas\u00f6gon\/kamera\/speglar<\/title>\n<meta name=\"description\" content=\"Reng\u00f6ringsdukar f\u00f6r smartphone\/glas\u00f6gon\/kamera\/speglar. Reng\u00f6r sk\u00e4rm p\u00e5 din smartphone, glas\u00f6gon eller n\u00e5got annat,\" \/>\n<meta name=\"robots\" content=\"index, follow, max-snippet:-1, max-image-preview:large, max-video-preview:-1\" \/>\n<link rel=\"canonical\" href=\"https:\/\/www.heddata.se\/webbutik\/produkt\/rengoringsdukar-for-smartphone-glasogon-kamera-speglar\/\" \/>\n<meta property=\"og:locale\" content=\"sv_SE\" \/>\n<meta property=\"og:type\" content=\"article\" \/>\n<meta property=\"og:title\" content=\"Reng\u00f6ringsdukar f\u00f6r smartphone\/glas\u00f6gon\/kamera\/speglar\" \/>\n<meta property=\"og:description\" content=\"Reng\u00f6ringsdukar f\u00f6r smartphone\/glas\u00f6gon\/kamera\/speglar. Reng\u00f6r sk\u00e4rm p\u00e5 din smartphone, glas\u00f6gon eller n\u00e5got annat,\" \/>\n<meta property=\"og:url\" content=\"https:\/\/www.heddata.se\/webbutik\/produkt\/rengoringsdukar-for-smartphone-glasogon-kamera-speglar\/\" \/>\n<meta property=\"og:site_name\" content=\"Datorer, Skrivare, F\u00e4rgpatroner, Mobiltelefoner\" \/>\n<meta property=\"article:modified_time\" content=\"2026-04-09T07:40:43+00:00\" \/>\n<meta property=\"og:image\" content=\"https:\/\/www.heddata.se\/webbutik\/wp-content\/uploads\/webbutik\/kategorier\/ovrigt-tillbehor\/ck1028.jpg\" \/>\n\t<meta property=\"og:image:width\" content=\"522\" \/>\n\t<meta property=\"og:image:height\" content=\"522\" \/>\n\t<meta property=\"og:image:type\" content=\"image\/jpeg\" \/>\n<meta name=\"twitter:card\" content=\"summary_large_image\" \/>\n<meta name=\"twitter:label1\" content=\"Ber\u00e4knad l\u00e4stid\" \/>\n\t<meta name=\"twitter:data1\" content=\"1 minut\" \/>\n<script type=\"application\/ld+json\" class=\"yoast-schema-graph\">{\"@context\":\"https:\/\/schema.org\",\"@graph\":[{\"@type\":\"WebPage\",\"@id\":\"https:\/\/www.heddata.se\/webbutik\/produkt\/rengoringsdukar-for-smartphone-glasogon-kamera-speglar\/\",\"url\":\"https:\/\/www.heddata.se\/webbutik\/produkt\/rengoringsdukar-for-smartphone-glasogon-kamera-speglar\/\",\"name\":\"Reng\u00f6ringsdukar f\u00f6r smartphone\/glas\u00f6gon\/kamera\/speglar\",\"isPartOf\":{\"@id\":\"https:\/\/www.heddata.se\/webbutik\/#website\"},\"primaryImageOfPage\":{\"@id\":\"https:\/\/www.heddata.se\/webbutik\/produkt\/rengoringsdukar-for-smartphone-glasogon-kamera-speglar\/#primaryimage\"},\"image\":{\"@id\":\"https:\/\/www.heddata.se\/webbutik\/produkt\/rengoringsdukar-for-smartphone-glasogon-kamera-speglar\/#primaryimage\"},\"thumbnailUrl\":\"https:\/\/www.heddata.se\/webbutik\/wp-content\/uploads\/webbutik\/kategorier\/ovrigt-tillbehor\/ck1028.jpg\",\"datePublished\":\"2022-01-20T11:38:15+00:00\",\"dateModified\":\"2026-04-09T07:40:43+00:00\",\"description\":\"Reng\u00f6ringsdukar f\u00f6r smartphone\/glas\u00f6gon\/kamera\/speglar. Reng\u00f6r sk\u00e4rm p\u00e5 din smartphone, glas\u00f6gon eller n\u00e5got annat,\",\"breadcrumb\":{\"@id\":\"https:\/\/www.heddata.se\/webbutik\/produkt\/rengoringsdukar-for-smartphone-glasogon-kamera-speglar\/#breadcrumb\"},\"inLanguage\":\"sv-SE\",\"potentialAction\":[{\"@type\":\"ReadAction\",\"target\":[\"https:\/\/www.heddata.se\/webbutik\/produkt\/rengoringsdukar-for-smartphone-glasogon-kamera-speglar\/\"]}]},{\"@type\":\"ImageObject\",\"inLanguage\":\"sv-SE\",\"@id\":\"https:\/\/www.heddata.se\/webbutik\/produkt\/rengoringsdukar-for-smartphone-glasogon-kamera-speglar\/#primaryimage\",\"url\":\"https:\/\/www.heddata.se\/webbutik\/wp-content\/uploads\/webbutik\/kategorier\/ovrigt-tillbehor\/ck1028.jpg\",\"contentUrl\":\"https:\/\/www.heddata.se\/webbutik\/wp-content\/uploads\/webbutik\/kategorier\/ovrigt-tillbehor\/ck1028.jpg\",\"width\":522,\"height\":522,\"caption\":\"Reng\u00f6ringsdukar f\u00f6r smartphone\"},{\"@type\":\"BreadcrumbList\",\"@id\":\"https:\/\/www.heddata.se\/webbutik\/produkt\/rengoringsdukar-for-smartphone-glasogon-kamera-speglar\/#breadcrumb\",\"itemListElement\":[{\"@type\":\"ListItem\",\"position\":1,\"name\":\"Hem\",\"item\":\"https:\/\/www.heddata.se\/webbutik\/\"},{\"@type\":\"ListItem\",\"position\":2,\"name\":\"Produkter\",\"item\":\"https:\/\/www.heddata.se\/webbutik\/shop\/\"},{\"@type\":\"ListItem\",\"position\":3,\"name\":\"Reng\u00f6ringsdukar f\u00f6r smartphone\/glas\u00f6gon\/kamera\/speglar\"}]},{\"@type\":\"WebSite\",\"@id\":\"https:\/\/www.heddata.se\/webbutik\/#website\",\"url\":\"https:\/\/www.heddata.se\/webbutik\/\",\"name\":\"Datorer, Skrivare, F\u00e4rgpatroner, Mobiltelefoner\",\"description\":\"Kablar\",\"publisher\":{\"@id\":\"https:\/\/www.heddata.se\/webbutik\/#organization\"},\"potentialAction\":[{\"@type\":\"SearchAction\",\"target\":{\"@type\":\"EntryPoint\",\"urlTemplate\":\"https:\/\/www.heddata.se\/webbutik\/?s={search_term_string}\"},\"query-input\":{\"@type\":\"PropertyValueSpecification\",\"valueRequired\":true,\"valueName\":\"search_term_string\"}}],\"inLanguage\":\"sv-SE\"},{\"@type\":\"Organization\",\"@id\":\"https:\/\/www.heddata.se\/webbutik\/#organization\",\"name\":\"Heddata AB\",\"url\":\"https:\/\/www.heddata.se\/webbutik\/\",\"logo\":{\"@type\":\"ImageObject\",\"inLanguage\":\"sv-SE\",\"@id\":\"https:\/\/www.heddata.se\/webbutik\/#\/schema\/logo\/image\/\",\"url\":\"https:\/\/www.heddata.se\/webbutik\/wp-content\/uploads\/logga\/heddata-ab-logga.png\",\"contentUrl\":\"https:\/\/www.heddata.se\/webbutik\/wp-content\/uploads\/logga\/heddata-ab-logga.png\",\"width\":200,\"height\":64,\"caption\":\"Heddata AB\"},\"image\":{\"@id\":\"https:\/\/www.heddata.se\/webbutik\/#\/schema\/logo\/image\/\"}}]}<\/script>\n<!-- \/ Yoast SEO Premium plugin. -->","yoast_head_json":{"title":"Reng\u00f6ringsdukar f\u00f6r smartphone\/glas\u00f6gon\/kamera\/speglar","description":"Reng\u00f6ringsdukar f\u00f6r smartphone\/glas\u00f6gon\/kamera\/speglar. Reng\u00f6r sk\u00e4rm p\u00e5 din smartphone, glas\u00f6gon eller n\u00e5got annat,","robots":{"index":"index","follow":"follow","max-snippet":"max-snippet:-1","max-image-preview":"max-image-preview:large","max-video-preview":"max-video-preview:-1"},"canonical":"https:\/\/www.heddata.se\/webbutik\/produkt\/rengoringsdukar-for-smartphone-glasogon-kamera-speglar\/","og_locale":"sv_SE","og_type":"article","og_title":"Reng\u00f6ringsdukar f\u00f6r smartphone\/glas\u00f6gon\/kamera\/speglar","og_description":"Reng\u00f6ringsdukar f\u00f6r smartphone\/glas\u00f6gon\/kamera\/speglar. Reng\u00f6r sk\u00e4rm p\u00e5 din smartphone, glas\u00f6gon eller n\u00e5got annat,","og_url":"https:\/\/www.heddata.se\/webbutik\/produkt\/rengoringsdukar-for-smartphone-glasogon-kamera-speglar\/","og_site_name":"Datorer, Skrivare, F\u00e4rgpatroner, Mobiltelefoner","article_modified_time":"2026-04-09T07:40:43+00:00","og_image":[{"width":522,"height":522,"url":"https:\/\/www.heddata.se\/webbutik\/wp-content\/uploads\/webbutik\/kategorier\/ovrigt-tillbehor\/ck1028.jpg","type":"image\/jpeg"}],"twitter_card":"summary_large_image","twitter_misc":{"Ber\u00e4knad l\u00e4stid":"1 minut"},"schema":{"@context":"https:\/\/schema.org","@graph":[{"@type":"WebPage","@id":"https:\/\/www.heddata.se\/webbutik\/produkt\/rengoringsdukar-for-smartphone-glasogon-kamera-speglar\/","url":"https:\/\/www.heddata.se\/webbutik\/produkt\/rengoringsdukar-for-smartphone-glasogon-kamera-speglar\/","name":"Reng\u00f6ringsdukar f\u00f6r smartphone\/glas\u00f6gon\/kamera\/speglar","isPartOf":{"@id":"https:\/\/www.heddata.se\/webbutik\/#website"},"primaryImageOfPage":{"@id":"https:\/\/www.heddata.se\/webbutik\/produkt\/rengoringsdukar-for-smartphone-glasogon-kamera-speglar\/#primaryimage"},"image":{"@id":"https:\/\/www.heddata.se\/webbutik\/produkt\/rengoringsdukar-for-smartphone-glasogon-kamera-speglar\/#primaryimage"},"thumbnailUrl":"https:\/\/www.heddata.se\/webbutik\/wp-content\/uploads\/webbutik\/kategorier\/ovrigt-tillbehor\/ck1028.jpg","datePublished":"2022-01-20T11:38:15+00:00","dateModified":"2026-04-09T07:40:43+00:00","description":"Reng\u00f6ringsdukar f\u00f6r smartphone\/glas\u00f6gon\/kamera\/speglar. Reng\u00f6r sk\u00e4rm p\u00e5 din smartphone, glas\u00f6gon eller n\u00e5got annat,","breadcrumb":{"@id":"https:\/\/www.heddata.se\/webbutik\/produkt\/rengoringsdukar-for-smartphone-glasogon-kamera-speglar\/#breadcrumb"},"inLanguage":"sv-SE","potentialAction":[{"@type":"ReadAction","target":["https:\/\/www.heddata.se\/webbutik\/produkt\/rengoringsdukar-for-smartphone-glasogon-kamera-speglar\/"]}]},{"@type":"ImageObject","inLanguage":"sv-SE","@id":"https:\/\/www.heddata.se\/webbutik\/produkt\/rengoringsdukar-for-smartphone-glasogon-kamera-speglar\/#primaryimage","url":"https:\/\/www.heddata.se\/webbutik\/wp-content\/uploads\/webbutik\/kategorier\/ovrigt-tillbehor\/ck1028.jpg","contentUrl":"https:\/\/www.heddata.se\/webbutik\/wp-content\/uploads\/webbutik\/kategorier\/ovrigt-tillbehor\/ck1028.jpg","width":522,"height":522,"caption":"Reng\u00f6ringsdukar f\u00f6r smartphone"},{"@type":"BreadcrumbList","@id":"https:\/\/www.heddata.se\/webbutik\/produkt\/rengoringsdukar-for-smartphone-glasogon-kamera-speglar\/#breadcrumb","itemListElement":[{"@type":"ListItem","position":1,"name":"Hem","item":"https:\/\/www.heddata.se\/webbutik\/"},{"@type":"ListItem","position":2,"name":"Produkter","item":"https:\/\/www.heddata.se\/webbutik\/shop\/"},{"@type":"ListItem","position":3,"name":"Reng\u00f6ringsdukar f\u00f6r smartphone\/glas\u00f6gon\/kamera\/speglar"}]},{"@type":"WebSite","@id":"https:\/\/www.heddata.se\/webbutik\/#website","url":"https:\/\/www.heddata.se\/webbutik\/","name":"Datorer, Skrivare, F\u00e4rgpatroner, Mobiltelefoner","description":"Kablar","publisher":{"@id":"https:\/\/www.heddata.se\/webbutik\/#organization"},"potentialAction":[{"@type":"SearchAction","target":{"@type":"EntryPoint","urlTemplate":"https:\/\/www.heddata.se\/webbutik\/?s={search_term_string}"},"query-input":{"@type":"PropertyValueSpecification","valueRequired":true,"valueName":"search_term_string"}}],"inLanguage":"sv-SE"},{"@type":"Organization","@id":"https:\/\/www.heddata.se\/webbutik\/#organization","name":"Heddata AB","url":"https:\/\/www.heddata.se\/webbutik\/","logo":{"@type":"ImageObject","inLanguage":"sv-SE","@id":"https:\/\/www.heddata.se\/webbutik\/#\/schema\/logo\/image\/","url":"https:\/\/www.heddata.se\/webbutik\/wp-content\/uploads\/logga\/heddata-ab-logga.png","contentUrl":"https:\/\/www.heddata.se\/webbutik\/wp-content\/uploads\/logga\/heddata-ab-logga.png","width":200,"height":64,"caption":"Heddata AB"},"image":{"@id":"https:\/\/www.heddata.se\/webbutik\/#\/schema\/logo\/image\/"}}]}},"_links":{"self":[{"href":"https:\/\/www.heddata.se\/webbutik\/wp-json\/wp\/v2\/product\/92417","targetHints":{"allow":["GET"]}}],"collection":[{"href":"https:\/\/www.heddata.se\/webbutik\/wp-json\/wp\/v2\/product"}],"about":[{"href":"https:\/\/www.heddata.se\/webbutik\/wp-json\/wp\/v2\/types\/product"}],"wp:featuredmedia":[{"embeddable":true,"href":"https:\/\/www.heddata.se\/webbutik\/wp-json\/wp\/v2\/media\/92418"}],"wp:attachment":[{"href":"https:\/\/www.heddata.se\/webbutik\/wp-json\/wp\/v2\/media?parent=92417"}],"wp:term":[{"taxonomy":"product_brand","embeddable":true,"href":"https:\/\/www.heddata.se\/webbutik\/wp-json\/wp\/v2\/product_brand?post=92417"},{"taxonomy":"product_cat","embeddable":true,"href":"https:\/\/www.heddata.se\/webbutik\/wp-json\/wp\/v2\/product_cat?post=92417"},{"taxonomy":"product_tag","embeddable":true,"href":"https:\/\/www.heddata.se\/webbutik\/wp-json\/wp\/v2\/product_tag?post=92417"}],"curies":[{"name":"wp","href":"https:\/\/api.w.org\/{rel}","templated":true}]}}