{"id":92372,"date":"2021-12-28T12:18:10","date_gmt":"2021-12-28T11:18:10","guid":{"rendered":"https:\/\/www.heddata.se\/webbutik\/?post_type=product&#038;p=92372"},"modified":"2026-04-17T18:29:39","modified_gmt":"2026-04-17T16:29:39","slug":"brother-dcp-l3550cdw-copy-scan-print-duplex-wlan","status":"publish","type":"product","link":"https:\/\/www.heddata.se\/webbutik\/produkt\/brother-dcp-l3550cdw-copy-scan-print-duplex-wlan\/","title":{"rendered":"Brother DCP-L3550CDW Copy\/scan\/print\/Duplex\/WLAN"},"content":{"rendered":"<p>Brother DCP-L3550CDW Copy\/scan\/print\/Duplex\/WLAN<\/p>\n<h4><b>Beskrivning:<\/b><br \/>\n<b>DCP-L3550CDW<br \/>\n\u00d6vertr\u00e4ffar f\u00f6rv\u00e4ntningarna, precis som du<\/b><\/p>\n<p>DCP-L3550CDW \u00e4r en snabb och tyst multifunktions-skrivare, skanner och kopiator med tr\u00e5dl\u00f6s\/tr\u00e5dbunden n\u00e4tverksanslutning och dubbelsidig utskrift f\u00f6r det lilla kontoret. Allt har f\u00f6rpackats i en kompakt och elegant maskin som inte tar mycket plats. Den har en rad mobila funktioner. Skriv ut tr\u00e5dl\u00f6st direkt fr\u00e5n \/ eller skanna till din mobila enhet med Appen iPrint&amp;Scan eller tr\u00e5dl\u00f6st med Apple AirPrint, Mopria eller Googles molntj\u00e4nster.<\/h4>\n<h4>Utskriftshastigheter upp till 18 sidor per minut (f\u00e4rg och sv\/v) och i kombination med en 9,3 cm peksk\u00e4rm s\u00e4kerst\u00e4ller du snabba resultat p\u00e5 enklaste s\u00e4tt. S\u00e4nk dina totala utskriftskostnader: DCP-L3550CDW kan anv\u00e4ndas med f\u00e4rgtonerkassetter som har kapacitet f\u00f6r upp till hela 2 300 sidor (svart 3 000), vilket ger en l\u00e5g sidkostnad och h\u00f6g utskriftskvalitet f\u00f6r professionella dokument. Alla LED-f\u00e4rgskrivare fr\u00e5n <a href=\"https:\/\/www.brother.se\/\" target=\"_blank\" rel=\"noopener\">Brother<\/a> har separata tonerkassetter och trumma. Det sparar pengar och ger mindre avfall. DCP-L3550CDW uppfyller de str\u00e4nga kraven f\u00f6r milj\u00f6standarderna Svanen, Bl\u00e5 \u00c4ngeln och Energy Star.<\/p>\n<p>Utskriftshastighet upp till 18 sid\/min i f\u00e4rg och sv\/v<br \/>\nSkrivare, skanner och kopiator med dubbelsidig utskrift<br \/>\nTyst, under 45 dB vid utskrift<br \/>\nUtskriftsuppl\u00f6sning upp till 2 400 x 600 dpi<br \/>\nPappersmagasin upp till 250 ark<br \/>\nAutomatisk dokumentmatare f\u00f6r upp till 50 ark<br \/>\nManuell enbladsmatning med rak pappersbana<br \/>\n9,3 cm f\u00e4rgpeksk\u00e4rm<br \/>\nHigh Speed USB-2.0, tr\u00e5dl\u00f6s \/ tr\u00e5dbunden n\u00e4tverksanslutning<br \/>\nSkanna direkt till FTP-server eller n\u00e4tverkskatalog (Windows)<br \/>\nSkanna till e-post, OCR, bild, fil och s\u00f6kbar PDF, via medf\u00f6ljande klientprogramvara<br \/>\n512 MB minne<br \/>\nSkrivarspr\u00e5k PCL\u00ae6, BR-Script3 (Postscript\u00ae3 spr\u00e5kemulering)<br \/>\nUtskrift fr\u00e5n mobila enheter via App, Apple AirPrint, Mopria, Google Cloud Print eller Wi-Fi DirectTM<br \/>\nLevereras med standardtonerkassetter C, M, Y, BK f\u00f6r upp till 1 000 sidor*<br \/>\nTre \u00e5rs Garanti, varav 1 \u00e5r p\u00e5 platsen**<br \/>\nFri telefonsupport vard. 9-17.30<\/h4>\n<h4><strong>F\u00f6rbrukningsartiklar:<\/strong><\/h4>\n<p><a href=\"https:\/\/www.heddata.se\/webbutik\/produkt\/brother-tn243bk-svar-original-toner\/\">TN-243BK<\/a>\/C\/M\/Y Svart\/Cyan\/Magenta\/Gul-toner 1 000 sid vardera (standard)*<br \/>\nTN243CMYK, value pack med en toner av varje av TN243-BK\/C\/M\/Y<br \/>\n<a href=\"https:\/\/www.heddata.se\/webbutik\/produkt\/toner-brother-tn247bk-3000-pages-black\/\">TN-247BK<\/a> Svart toner 3 000 sid (High yield)*<br \/>\nTN-247C\/M\/Y Cyan\/Magenta\/Gul-toner 2 300 sid vardera (High yield)*<br \/>\nDR-243CL trumenhet C\/M\/Y\/BK f\u00f6r 18 000 sid vid 1 sid\/jobb<br \/>\nWT-223CL beh\u00e5llare f\u00f6r \u00f6verskottstoner f\u00f6r 50 000 sid vid 5 sid\/jobb<br \/>\nBU-223CL b\u00e4ltenhet f\u00f6r 50 000 sid vid 2 sid\/jobb<\/p>\n<p>* enligt ISO\/IEC 19798<br \/>\n** Garantivillkor se www.brother.se<\/p>\n","protected":false},"excerpt":{"rendered":"<p>Brother DCP-L3550CDW Copy\/scan\/print\/Duplex\/WLAN<\/p>\n","protected":false},"featured_media":92379,"template":"","meta":[],"product_brand":[],"product_cat":[633,635,62],"product_tag":[],"class_list":{"0":"post-92372","1":"product","2":"type-product","3":"status-publish","4":"has-post-thumbnail","6":"product_cat-laserskrivare","7":"product_cat-multifunktionsskrivare","8":"product_cat-skrivare","10":"first","11":"outofstock","12":"taxable","13":"shipping-taxable","14":"product-type-simple"},"yoast_head":"<!-- This site is optimized with the Yoast SEO Premium plugin v26.7 (Yoast SEO v26.7) - https:\/\/yoast.com\/wordpress\/plugins\/seo\/ -->\n<title>Brother DCP-L3550CDW Copy\/scan\/print\/Duplex\/WLAN<\/title>\n<meta name=\"description\" content=\"Brother DCP-L3550CDW Copy\/scan\/print\/Duplex\/WLAN \u00e4r en snabb och tyst multifunktions-skrivare, skanner och kopiator.\" \/>\n<meta name=\"robots\" content=\"index, follow, max-snippet:-1, max-image-preview:large, max-video-preview:-1\" \/>\n<link rel=\"canonical\" href=\"https:\/\/www.heddata.se\/webbutik\/produkt\/brother-dcp-l3550cdw-copy-scan-print-duplex-wlan\/\" \/>\n<meta property=\"og:locale\" content=\"sv_SE\" \/>\n<meta property=\"og:type\" content=\"article\" \/>\n<meta property=\"og:title\" content=\"Brother DCP-L3550CDW Copy\/scan\/print\/Duplex\/WLAN\" \/>\n<meta property=\"og:description\" content=\"Brother DCP-L3550CDW Copy\/scan\/print\/Duplex\/WLAN \u00e4r en snabb och tyst multifunktions-skrivare, skanner och kopiator.\" \/>\n<meta property=\"og:url\" content=\"https:\/\/www.heddata.se\/webbutik\/produkt\/brother-dcp-l3550cdw-copy-scan-print-duplex-wlan\/\" \/>\n<meta property=\"og:site_name\" content=\"Datorer, Skrivare, F\u00e4rgpatroner, Mobiltelefoner\" \/>\n<meta property=\"article:modified_time\" content=\"2026-04-17T16:29:39+00:00\" \/>\n<meta property=\"og:image\" content=\"https:\/\/www.heddata.se\/webbutik\/wp-content\/uploads\/webbutik\/kategorier\/skrivare\/dcpl3550cdwzw1.jpg\" \/>\n\t<meta property=\"og:image:width\" content=\"600\" \/>\n\t<meta property=\"og:image:height\" content=\"600\" \/>\n\t<meta property=\"og:image:type\" content=\"image\/jpeg\" \/>\n<meta name=\"twitter:card\" content=\"summary_large_image\" \/>\n<meta name=\"twitter:label1\" content=\"Ber\u00e4knad l\u00e4stid\" \/>\n\t<meta name=\"twitter:data1\" content=\"2 minuter\" \/>\n<script type=\"application\/ld+json\" class=\"yoast-schema-graph\">{\"@context\":\"https:\/\/schema.org\",\"@graph\":[{\"@type\":\"WebPage\",\"@id\":\"https:\/\/www.heddata.se\/webbutik\/produkt\/brother-dcp-l3550cdw-copy-scan-print-duplex-wlan\/\",\"url\":\"https:\/\/www.heddata.se\/webbutik\/produkt\/brother-dcp-l3550cdw-copy-scan-print-duplex-wlan\/\",\"name\":\"Brother DCP-L3550CDW Copy\/scan\/print\/Duplex\/WLAN\",\"isPartOf\":{\"@id\":\"https:\/\/www.heddata.se\/webbutik\/#website\"},\"primaryImageOfPage\":{\"@id\":\"https:\/\/www.heddata.se\/webbutik\/produkt\/brother-dcp-l3550cdw-copy-scan-print-duplex-wlan\/#primaryimage\"},\"image\":{\"@id\":\"https:\/\/www.heddata.se\/webbutik\/produkt\/brother-dcp-l3550cdw-copy-scan-print-duplex-wlan\/#primaryimage\"},\"thumbnailUrl\":\"https:\/\/www.heddata.se\/webbutik\/wp-content\/uploads\/webbutik\/kategorier\/skrivare\/dcpl3550cdwzw1.jpg\",\"datePublished\":\"2021-12-28T11:18:10+00:00\",\"dateModified\":\"2026-04-17T16:29:39+00:00\",\"description\":\"Brother DCP-L3550CDW Copy\/scan\/print\/Duplex\/WLAN \u00e4r en snabb och tyst multifunktions-skrivare, skanner och kopiator.\",\"breadcrumb\":{\"@id\":\"https:\/\/www.heddata.se\/webbutik\/produkt\/brother-dcp-l3550cdw-copy-scan-print-duplex-wlan\/#breadcrumb\"},\"inLanguage\":\"sv-SE\",\"potentialAction\":[{\"@type\":\"ReadAction\",\"target\":[\"https:\/\/www.heddata.se\/webbutik\/produkt\/brother-dcp-l3550cdw-copy-scan-print-duplex-wlan\/\"]}]},{\"@type\":\"ImageObject\",\"inLanguage\":\"sv-SE\",\"@id\":\"https:\/\/www.heddata.se\/webbutik\/produkt\/brother-dcp-l3550cdw-copy-scan-print-duplex-wlan\/#primaryimage\",\"url\":\"https:\/\/www.heddata.se\/webbutik\/wp-content\/uploads\/webbutik\/kategorier\/skrivare\/dcpl3550cdwzw1.jpg\",\"contentUrl\":\"https:\/\/www.heddata.se\/webbutik\/wp-content\/uploads\/webbutik\/kategorier\/skrivare\/dcpl3550cdwzw1.jpg\",\"width\":600,\"height\":600,\"caption\":\"Brother DCP-L3550CDW\"},{\"@type\":\"BreadcrumbList\",\"@id\":\"https:\/\/www.heddata.se\/webbutik\/produkt\/brother-dcp-l3550cdw-copy-scan-print-duplex-wlan\/#breadcrumb\",\"itemListElement\":[{\"@type\":\"ListItem\",\"position\":1,\"name\":\"Hem\",\"item\":\"https:\/\/www.heddata.se\/webbutik\/\"},{\"@type\":\"ListItem\",\"position\":2,\"name\":\"Produkter\",\"item\":\"https:\/\/www.heddata.se\/webbutik\/shop\/\"},{\"@type\":\"ListItem\",\"position\":3,\"name\":\"Brother DCP-L3550CDW Copy\/scan\/print\/Duplex\/WLAN\"}]},{\"@type\":\"WebSite\",\"@id\":\"https:\/\/www.heddata.se\/webbutik\/#website\",\"url\":\"https:\/\/www.heddata.se\/webbutik\/\",\"name\":\"Datorer, Skrivare, F\u00e4rgpatroner, Mobiltelefoner\",\"description\":\"Kablar\",\"publisher\":{\"@id\":\"https:\/\/www.heddata.se\/webbutik\/#organization\"},\"potentialAction\":[{\"@type\":\"SearchAction\",\"target\":{\"@type\":\"EntryPoint\",\"urlTemplate\":\"https:\/\/www.heddata.se\/webbutik\/?s={search_term_string}\"},\"query-input\":{\"@type\":\"PropertyValueSpecification\",\"valueRequired\":true,\"valueName\":\"search_term_string\"}}],\"inLanguage\":\"sv-SE\"},{\"@type\":\"Organization\",\"@id\":\"https:\/\/www.heddata.se\/webbutik\/#organization\",\"name\":\"Heddata AB\",\"url\":\"https:\/\/www.heddata.se\/webbutik\/\",\"logo\":{\"@type\":\"ImageObject\",\"inLanguage\":\"sv-SE\",\"@id\":\"https:\/\/www.heddata.se\/webbutik\/#\/schema\/logo\/image\/\",\"url\":\"https:\/\/www.heddata.se\/webbutik\/wp-content\/uploads\/logga\/heddata-ab-logga.png\",\"contentUrl\":\"https:\/\/www.heddata.se\/webbutik\/wp-content\/uploads\/logga\/heddata-ab-logga.png\",\"width\":200,\"height\":64,\"caption\":\"Heddata AB\"},\"image\":{\"@id\":\"https:\/\/www.heddata.se\/webbutik\/#\/schema\/logo\/image\/\"}}]}<\/script>\n<!-- \/ Yoast SEO Premium plugin. -->","yoast_head_json":{"title":"Brother DCP-L3550CDW Copy\/scan\/print\/Duplex\/WLAN","description":"Brother DCP-L3550CDW Copy\/scan\/print\/Duplex\/WLAN \u00e4r en snabb och tyst multifunktions-skrivare, skanner och kopiator.","robots":{"index":"index","follow":"follow","max-snippet":"max-snippet:-1","max-image-preview":"max-image-preview:large","max-video-preview":"max-video-preview:-1"},"canonical":"https:\/\/www.heddata.se\/webbutik\/produkt\/brother-dcp-l3550cdw-copy-scan-print-duplex-wlan\/","og_locale":"sv_SE","og_type":"article","og_title":"Brother DCP-L3550CDW Copy\/scan\/print\/Duplex\/WLAN","og_description":"Brother DCP-L3550CDW Copy\/scan\/print\/Duplex\/WLAN \u00e4r en snabb och tyst multifunktions-skrivare, skanner och kopiator.","og_url":"https:\/\/www.heddata.se\/webbutik\/produkt\/brother-dcp-l3550cdw-copy-scan-print-duplex-wlan\/","og_site_name":"Datorer, Skrivare, F\u00e4rgpatroner, Mobiltelefoner","article_modified_time":"2026-04-17T16:29:39+00:00","og_image":[{"width":600,"height":600,"url":"https:\/\/www.heddata.se\/webbutik\/wp-content\/uploads\/webbutik\/kategorier\/skrivare\/dcpl3550cdwzw1.jpg","type":"image\/jpeg"}],"twitter_card":"summary_large_image","twitter_misc":{"Ber\u00e4knad l\u00e4stid":"2 minuter"},"schema":{"@context":"https:\/\/schema.org","@graph":[{"@type":"WebPage","@id":"https:\/\/www.heddata.se\/webbutik\/produkt\/brother-dcp-l3550cdw-copy-scan-print-duplex-wlan\/","url":"https:\/\/www.heddata.se\/webbutik\/produkt\/brother-dcp-l3550cdw-copy-scan-print-duplex-wlan\/","name":"Brother DCP-L3550CDW Copy\/scan\/print\/Duplex\/WLAN","isPartOf":{"@id":"https:\/\/www.heddata.se\/webbutik\/#website"},"primaryImageOfPage":{"@id":"https:\/\/www.heddata.se\/webbutik\/produkt\/brother-dcp-l3550cdw-copy-scan-print-duplex-wlan\/#primaryimage"},"image":{"@id":"https:\/\/www.heddata.se\/webbutik\/produkt\/brother-dcp-l3550cdw-copy-scan-print-duplex-wlan\/#primaryimage"},"thumbnailUrl":"https:\/\/www.heddata.se\/webbutik\/wp-content\/uploads\/webbutik\/kategorier\/skrivare\/dcpl3550cdwzw1.jpg","datePublished":"2021-12-28T11:18:10+00:00","dateModified":"2026-04-17T16:29:39+00:00","description":"Brother DCP-L3550CDW Copy\/scan\/print\/Duplex\/WLAN \u00e4r en snabb och tyst multifunktions-skrivare, skanner och kopiator.","breadcrumb":{"@id":"https:\/\/www.heddata.se\/webbutik\/produkt\/brother-dcp-l3550cdw-copy-scan-print-duplex-wlan\/#breadcrumb"},"inLanguage":"sv-SE","potentialAction":[{"@type":"ReadAction","target":["https:\/\/www.heddata.se\/webbutik\/produkt\/brother-dcp-l3550cdw-copy-scan-print-duplex-wlan\/"]}]},{"@type":"ImageObject","inLanguage":"sv-SE","@id":"https:\/\/www.heddata.se\/webbutik\/produkt\/brother-dcp-l3550cdw-copy-scan-print-duplex-wlan\/#primaryimage","url":"https:\/\/www.heddata.se\/webbutik\/wp-content\/uploads\/webbutik\/kategorier\/skrivare\/dcpl3550cdwzw1.jpg","contentUrl":"https:\/\/www.heddata.se\/webbutik\/wp-content\/uploads\/webbutik\/kategorier\/skrivare\/dcpl3550cdwzw1.jpg","width":600,"height":600,"caption":"Brother DCP-L3550CDW"},{"@type":"BreadcrumbList","@id":"https:\/\/www.heddata.se\/webbutik\/produkt\/brother-dcp-l3550cdw-copy-scan-print-duplex-wlan\/#breadcrumb","itemListElement":[{"@type":"ListItem","position":1,"name":"Hem","item":"https:\/\/www.heddata.se\/webbutik\/"},{"@type":"ListItem","position":2,"name":"Produkter","item":"https:\/\/www.heddata.se\/webbutik\/shop\/"},{"@type":"ListItem","position":3,"name":"Brother DCP-L3550CDW Copy\/scan\/print\/Duplex\/WLAN"}]},{"@type":"WebSite","@id":"https:\/\/www.heddata.se\/webbutik\/#website","url":"https:\/\/www.heddata.se\/webbutik\/","name":"Datorer, Skrivare, F\u00e4rgpatroner, Mobiltelefoner","description":"Kablar","publisher":{"@id":"https:\/\/www.heddata.se\/webbutik\/#organization"},"potentialAction":[{"@type":"SearchAction","target":{"@type":"EntryPoint","urlTemplate":"https:\/\/www.heddata.se\/webbutik\/?s={search_term_string}"},"query-input":{"@type":"PropertyValueSpecification","valueRequired":true,"valueName":"search_term_string"}}],"inLanguage":"sv-SE"},{"@type":"Organization","@id":"https:\/\/www.heddata.se\/webbutik\/#organization","name":"Heddata AB","url":"https:\/\/www.heddata.se\/webbutik\/","logo":{"@type":"ImageObject","inLanguage":"sv-SE","@id":"https:\/\/www.heddata.se\/webbutik\/#\/schema\/logo\/image\/","url":"https:\/\/www.heddata.se\/webbutik\/wp-content\/uploads\/logga\/heddata-ab-logga.png","contentUrl":"https:\/\/www.heddata.se\/webbutik\/wp-content\/uploads\/logga\/heddata-ab-logga.png","width":200,"height":64,"caption":"Heddata AB"},"image":{"@id":"https:\/\/www.heddata.se\/webbutik\/#\/schema\/logo\/image\/"}}]}},"_links":{"self":[{"href":"https:\/\/www.heddata.se\/webbutik\/wp-json\/wp\/v2\/product\/92372","targetHints":{"allow":["GET"]}}],"collection":[{"href":"https:\/\/www.heddata.se\/webbutik\/wp-json\/wp\/v2\/product"}],"about":[{"href":"https:\/\/www.heddata.se\/webbutik\/wp-json\/wp\/v2\/types\/product"}],"wp:featuredmedia":[{"embeddable":true,"href":"https:\/\/www.heddata.se\/webbutik\/wp-json\/wp\/v2\/media\/92379"}],"wp:attachment":[{"href":"https:\/\/www.heddata.se\/webbutik\/wp-json\/wp\/v2\/media?parent=92372"}],"wp:term":[{"taxonomy":"product_brand","embeddable":true,"href":"https:\/\/www.heddata.se\/webbutik\/wp-json\/wp\/v2\/product_brand?post=92372"},{"taxonomy":"product_cat","embeddable":true,"href":"https:\/\/www.heddata.se\/webbutik\/wp-json\/wp\/v2\/product_cat?post=92372"},{"taxonomy":"product_tag","embeddable":true,"href":"https:\/\/www.heddata.se\/webbutik\/wp-json\/wp\/v2\/product_tag?post=92372"}],"curies":[{"name":"wp","href":"https:\/\/api.w.org\/{rel}","templated":true}]}}