{"id":92341,"date":"2021-12-20T15:49:28","date_gmt":"2021-12-20T14:49:28","guid":{"rendered":"https:\/\/www.heddata.se\/webbutik\/?post_type=product&#038;p=92341"},"modified":"2026-04-08T10:12:28","modified_gmt":"2026-04-08T08:12:28","slug":"tp-link-300mbps-wi-fi-range-extender-tl-wa850re","status":"publish","type":"product","link":"https:\/\/www.heddata.se\/webbutik\/produkt\/tp-link-300mbps-wi-fi-range-extender-tl-wa850re\/","title":{"rendered":"TP-Link 300Mbps Wi-Fi Range Extender \/TL-WA850RE"},"content":{"rendered":"<p>TP-Link 300Mbps Wi-Fi Range Extender \/TL-WA850RE<\/p>\n<p>Tr\u00e5dl\u00f6s accesspunkt. F\u00f6rst\u00e4rker och f\u00f6rl\u00e4nger ditt tr\u00e5dl\u00f6sa n\u00e4tverk.<\/p>\n<h4><b>Beskrivning:<\/b><br \/>\n<b>300 Mbps Universal WiFi Range Extender TL-WA850RE<\/b><\/h4>\n<p>&#8211; Range Extender mode boosts wireless signal to previously unreachable or hard-to-wire areas flawlessly<br \/>\n&#8211; Miniature size and wall-mounted design make it easy to deploy and move flexibly<br \/>\n&#8211; Easily expand wireless coverage at a push of Range Extender button<br \/>\n&#8211; Ethernet port allows the Extender to function as a wireless adapter to connect wired devices<br \/>\n&#8211; Tether App allows easy access and management using any mobile device<br \/>\n&#8211; LED Control function includes a Night Mode for peaceful sleep<\/p>\n<h4><b>Boost Your Wireless Network<\/b><\/h4>\n<p>Tired of Wi-Fi \u2019\u2019dead zone\u2019\u2019? TP-Link\u2019s range extender connects to your router wirelessly, strengthening and expanding its signal into areas it can\u2019t on its own. The device also reduces signal interference to ensure reliable Wi-Fi coverage throughout your home or office.<\/p>\n<h4><b>Easy Setup and Flexible Placement<\/b><\/h4>\n<p>Press the WPS button on your router and the Range Extender button on your 850RE within 2 minutes to easily connect to the network. Once connected with an existing router, you can simply unplug and plug the TL-WA850RE back in a location for the best signal quality and coverage in your house, without needing to configure the extender again.<\/p>\n<h4><b>Ethernet Bridge<\/b><\/h4>\n<p>The TL-WA850RE\u2019s single Ethernet port allows the Extender to function as a wireless adapter to connect wired devices like Blu-ray\u00ae players, gaming consoles, DVRs and Internet TVs. At the same time, the device can share the wireless network as well.<\/p>\n<h4><b>Smart Signal Indicator Light<\/b><\/h4>\n<p>5 signal lights show the strength of signal that TL-WA850RE receives from the existing router, which can help to find the right location to place the range extender.<\/p>\n<p>It\u2019s recommended that you choose a location where at least 3 signal light blue in order to guarantee a good performance.<\/p>\n<h4><b>Tether App for Easy Use<\/b><\/h4>\n<p>Use any mobile device to easily access and manage various features, including the LED Control function&#8217;s Night Mode, which allows you to enjoy a more peaceful night&#8217;s sleep.<\/p>\n<p>Maximum wireless signal rates are the physical rates derived from IEEE Standard 802.11 specifications. Actual wireless data throughput and wireless coverage are not guaranteed and will vary as a result of 1) environmental factors, including building materials, physical objects, and obstacles, 2) network conditions, including local interference, volume and density of traffic, product location, network complexity, and network overhead, and 3) client limitations, including rated performance, location, connection quality, and client condition.<\/p>\n<p>The product may not be compatible with routers or gateways with firmware that has been altered, is based on open source programs, or is non-standard or outdated.<\/p>\n<div><\/div>\n<h4><b>TP-Link 300Mbps Wi-Fi Range Extender \/TL-WA850RE specifikationer:<\/b><\/h4>\n<div>\n<table border=\"0\" cellspacing=\"0\" cellpadding=\"0\">\n<tbody>\n<tr>\n<td>Maximal data\u00f6verf\u00f6ringshastighet<\/td>\n<td>300<\/td>\n<\/tr>\n<tr>\n<td>Produktstorlek (B x D x H)<\/td>\n<td>110 x 65.8 x 75.2<\/td>\n<\/tr>\n<tr>\n<td>Intern<\/td>\n<td>Nej<\/td>\n<\/tr>\n<tr>\n<td>Antalet Ethernet (RJ-45) anslutningar<\/td>\n<td>1<\/td>\n<\/tr>\n<tr>\n<td>Kryptering\/s\u00e4kerhet<\/td>\n<td>128-bit WEP, 152-bit WEP, 64-bit WEP, WPA-PSK, WPA2-PSK<\/td>\n<\/tr>\n<tr>\n<td>Wi-Fi Frequency band<\/td>\n<td>2.4-2.4835<\/td>\n<\/tr>\n<tr>\n<td>DC-in jack<\/td>\n<td>Ja<\/td>\n<\/tr>\n<tr>\n<td>Kommunikationsstandarder<\/td>\n<td>IEEE 802.11b,IEEE 802.11g,IEEE 802.11n<\/td>\n<\/tr>\n<tr>\n<td>Certifiering<\/td>\n<td>CE, RoHS<\/td>\n<\/tr>\n<tr>\n<td>Ethernet LAN data transfer rates<\/td>\n<td>10,100<\/td>\n<\/tr>\n<\/tbody>\n<\/table>\n<\/div>\n","protected":false},"excerpt":{"rendered":"<p>TP-Link 300Mbps Wi-Fi Range Extender \/TL-WA850RE<\/p>\n","protected":false},"featured_media":92342,"template":"","meta":[],"product_brand":[],"product_cat":[8980,70],"product_tag":[],"class_list":{"0":"post-92341","1":"product","2":"type-product","3":"status-publish","4":"has-post-thumbnail","6":"product_cat-accesspunkter-och-natverksforlangare","7":"product_cat-natverk","9":"first","10":"instock","11":"taxable","12":"shipping-taxable","13":"purchasable","14":"product-type-simple"},"yoast_head":"<!-- This site is optimized with the Yoast SEO Premium plugin v26.7 (Yoast SEO v26.7) - https:\/\/yoast.com\/wordpress\/plugins\/seo\/ -->\n<title>TP-Link 300Mbps Wi-Fi Range Extender \/TL-WA850RE<\/title>\n<meta name=\"description\" content=\"TP-Link 300Mbps Wi-Fi Range Extender \/TL-WA850RE. Tr\u00e5dl\u00f6s accesspunkt. F\u00f6rst\u00e4rker och f\u00f6rl\u00e4nger ditt tr\u00e5dl\u00f6sa n\u00e4tverk.\" \/>\n<meta name=\"robots\" content=\"index, follow, max-snippet:-1, max-image-preview:large, max-video-preview:-1\" \/>\n<link rel=\"canonical\" href=\"https:\/\/www.heddata.se\/webbutik\/produkt\/tp-link-300mbps-wi-fi-range-extender-tl-wa850re\/\" \/>\n<meta property=\"og:locale\" content=\"sv_SE\" \/>\n<meta property=\"og:type\" content=\"article\" \/>\n<meta property=\"og:title\" content=\"TP-Link 300Mbps Wi-Fi Range Extender \/TL-WA850RE\" \/>\n<meta property=\"og:description\" content=\"TP-Link 300Mbps Wi-Fi Range Extender \/TL-WA850RE. Tr\u00e5dl\u00f6s accesspunkt. F\u00f6rst\u00e4rker och f\u00f6rl\u00e4nger ditt tr\u00e5dl\u00f6sa n\u00e4tverk.\" \/>\n<meta property=\"og:url\" content=\"https:\/\/www.heddata.se\/webbutik\/produkt\/tp-link-300mbps-wi-fi-range-extender-tl-wa850re\/\" \/>\n<meta property=\"og:site_name\" content=\"Datorer, Skrivare, F\u00e4rgpatroner, Mobiltelefoner\" \/>\n<meta property=\"article:modified_time\" content=\"2026-04-08T08:12:28+00:00\" \/>\n<meta property=\"og:image\" content=\"https:\/\/www.heddata.se\/webbutik\/wp-content\/uploads\/webbutik\/kategorier\/natvark\/tl-wa850re.jpg\" \/>\n\t<meta property=\"og:image:width\" content=\"450\" \/>\n\t<meta property=\"og:image:height\" content=\"450\" \/>\n\t<meta property=\"og:image:type\" content=\"image\/jpeg\" \/>\n<meta name=\"twitter:card\" content=\"summary_large_image\" \/>\n<meta name=\"twitter:label1\" content=\"Ber\u00e4knad l\u00e4stid\" \/>\n\t<meta name=\"twitter:data1\" content=\"3 minuter\" \/>\n<script type=\"application\/ld+json\" class=\"yoast-schema-graph\">{\"@context\":\"https:\/\/schema.org\",\"@graph\":[{\"@type\":\"WebPage\",\"@id\":\"https:\/\/www.heddata.se\/webbutik\/produkt\/tp-link-300mbps-wi-fi-range-extender-tl-wa850re\/\",\"url\":\"https:\/\/www.heddata.se\/webbutik\/produkt\/tp-link-300mbps-wi-fi-range-extender-tl-wa850re\/\",\"name\":\"TP-Link 300Mbps Wi-Fi Range Extender \/TL-WA850RE\",\"isPartOf\":{\"@id\":\"https:\/\/www.heddata.se\/webbutik\/#website\"},\"primaryImageOfPage\":{\"@id\":\"https:\/\/www.heddata.se\/webbutik\/produkt\/tp-link-300mbps-wi-fi-range-extender-tl-wa850re\/#primaryimage\"},\"image\":{\"@id\":\"https:\/\/www.heddata.se\/webbutik\/produkt\/tp-link-300mbps-wi-fi-range-extender-tl-wa850re\/#primaryimage\"},\"thumbnailUrl\":\"https:\/\/www.heddata.se\/webbutik\/wp-content\/uploads\/webbutik\/kategorier\/natvark\/tl-wa850re.jpg\",\"datePublished\":\"2021-12-20T14:49:28+00:00\",\"dateModified\":\"2026-04-08T08:12:28+00:00\",\"description\":\"TP-Link 300Mbps Wi-Fi Range Extender \/TL-WA850RE. Tr\u00e5dl\u00f6s accesspunkt. F\u00f6rst\u00e4rker och f\u00f6rl\u00e4nger ditt tr\u00e5dl\u00f6sa n\u00e4tverk.\",\"breadcrumb\":{\"@id\":\"https:\/\/www.heddata.se\/webbutik\/produkt\/tp-link-300mbps-wi-fi-range-extender-tl-wa850re\/#breadcrumb\"},\"inLanguage\":\"sv-SE\",\"potentialAction\":[{\"@type\":\"ReadAction\",\"target\":[\"https:\/\/www.heddata.se\/webbutik\/produkt\/tp-link-300mbps-wi-fi-range-extender-tl-wa850re\/\"]}]},{\"@type\":\"ImageObject\",\"inLanguage\":\"sv-SE\",\"@id\":\"https:\/\/www.heddata.se\/webbutik\/produkt\/tp-link-300mbps-wi-fi-range-extender-tl-wa850re\/#primaryimage\",\"url\":\"https:\/\/www.heddata.se\/webbutik\/wp-content\/uploads\/webbutik\/kategorier\/natvark\/tl-wa850re.jpg\",\"contentUrl\":\"https:\/\/www.heddata.se\/webbutik\/wp-content\/uploads\/webbutik\/kategorier\/natvark\/tl-wa850re.jpg\",\"width\":450,\"height\":450,\"caption\":\"TP-Link 300Mbps Wi-Fi Range Extender \/TL-WA850RE\"},{\"@type\":\"BreadcrumbList\",\"@id\":\"https:\/\/www.heddata.se\/webbutik\/produkt\/tp-link-300mbps-wi-fi-range-extender-tl-wa850re\/#breadcrumb\",\"itemListElement\":[{\"@type\":\"ListItem\",\"position\":1,\"name\":\"Hem\",\"item\":\"https:\/\/www.heddata.se\/webbutik\/\"},{\"@type\":\"ListItem\",\"position\":2,\"name\":\"Produkter\",\"item\":\"https:\/\/www.heddata.se\/webbutik\/shop\/\"},{\"@type\":\"ListItem\",\"position\":3,\"name\":\"TP-Link 300Mbps Wi-Fi Range Extender \/TL-WA850RE\"}]},{\"@type\":\"WebSite\",\"@id\":\"https:\/\/www.heddata.se\/webbutik\/#website\",\"url\":\"https:\/\/www.heddata.se\/webbutik\/\",\"name\":\"Datorer, Skrivare, F\u00e4rgpatroner, Mobiltelefoner\",\"description\":\"Kablar\",\"publisher\":{\"@id\":\"https:\/\/www.heddata.se\/webbutik\/#organization\"},\"potentialAction\":[{\"@type\":\"SearchAction\",\"target\":{\"@type\":\"EntryPoint\",\"urlTemplate\":\"https:\/\/www.heddata.se\/webbutik\/?s={search_term_string}\"},\"query-input\":{\"@type\":\"PropertyValueSpecification\",\"valueRequired\":true,\"valueName\":\"search_term_string\"}}],\"inLanguage\":\"sv-SE\"},{\"@type\":\"Organization\",\"@id\":\"https:\/\/www.heddata.se\/webbutik\/#organization\",\"name\":\"Heddata AB\",\"url\":\"https:\/\/www.heddata.se\/webbutik\/\",\"logo\":{\"@type\":\"ImageObject\",\"inLanguage\":\"sv-SE\",\"@id\":\"https:\/\/www.heddata.se\/webbutik\/#\/schema\/logo\/image\/\",\"url\":\"https:\/\/www.heddata.se\/webbutik\/wp-content\/uploads\/logga\/heddata-ab-logga.png\",\"contentUrl\":\"https:\/\/www.heddata.se\/webbutik\/wp-content\/uploads\/logga\/heddata-ab-logga.png\",\"width\":200,\"height\":64,\"caption\":\"Heddata AB\"},\"image\":{\"@id\":\"https:\/\/www.heddata.se\/webbutik\/#\/schema\/logo\/image\/\"}}]}<\/script>\n<!-- \/ Yoast SEO Premium plugin. -->","yoast_head_json":{"title":"TP-Link 300Mbps Wi-Fi Range Extender \/TL-WA850RE","description":"TP-Link 300Mbps Wi-Fi Range Extender \/TL-WA850RE. Tr\u00e5dl\u00f6s accesspunkt. F\u00f6rst\u00e4rker och f\u00f6rl\u00e4nger ditt tr\u00e5dl\u00f6sa n\u00e4tverk.","robots":{"index":"index","follow":"follow","max-snippet":"max-snippet:-1","max-image-preview":"max-image-preview:large","max-video-preview":"max-video-preview:-1"},"canonical":"https:\/\/www.heddata.se\/webbutik\/produkt\/tp-link-300mbps-wi-fi-range-extender-tl-wa850re\/","og_locale":"sv_SE","og_type":"article","og_title":"TP-Link 300Mbps Wi-Fi Range Extender \/TL-WA850RE","og_description":"TP-Link 300Mbps Wi-Fi Range Extender \/TL-WA850RE. Tr\u00e5dl\u00f6s accesspunkt. F\u00f6rst\u00e4rker och f\u00f6rl\u00e4nger ditt tr\u00e5dl\u00f6sa n\u00e4tverk.","og_url":"https:\/\/www.heddata.se\/webbutik\/produkt\/tp-link-300mbps-wi-fi-range-extender-tl-wa850re\/","og_site_name":"Datorer, Skrivare, F\u00e4rgpatroner, Mobiltelefoner","article_modified_time":"2026-04-08T08:12:28+00:00","og_image":[{"width":450,"height":450,"url":"https:\/\/www.heddata.se\/webbutik\/wp-content\/uploads\/webbutik\/kategorier\/natvark\/tl-wa850re.jpg","type":"image\/jpeg"}],"twitter_card":"summary_large_image","twitter_misc":{"Ber\u00e4knad l\u00e4stid":"3 minuter"},"schema":{"@context":"https:\/\/schema.org","@graph":[{"@type":"WebPage","@id":"https:\/\/www.heddata.se\/webbutik\/produkt\/tp-link-300mbps-wi-fi-range-extender-tl-wa850re\/","url":"https:\/\/www.heddata.se\/webbutik\/produkt\/tp-link-300mbps-wi-fi-range-extender-tl-wa850re\/","name":"TP-Link 300Mbps Wi-Fi Range Extender \/TL-WA850RE","isPartOf":{"@id":"https:\/\/www.heddata.se\/webbutik\/#website"},"primaryImageOfPage":{"@id":"https:\/\/www.heddata.se\/webbutik\/produkt\/tp-link-300mbps-wi-fi-range-extender-tl-wa850re\/#primaryimage"},"image":{"@id":"https:\/\/www.heddata.se\/webbutik\/produkt\/tp-link-300mbps-wi-fi-range-extender-tl-wa850re\/#primaryimage"},"thumbnailUrl":"https:\/\/www.heddata.se\/webbutik\/wp-content\/uploads\/webbutik\/kategorier\/natvark\/tl-wa850re.jpg","datePublished":"2021-12-20T14:49:28+00:00","dateModified":"2026-04-08T08:12:28+00:00","description":"TP-Link 300Mbps Wi-Fi Range Extender \/TL-WA850RE. Tr\u00e5dl\u00f6s accesspunkt. F\u00f6rst\u00e4rker och f\u00f6rl\u00e4nger ditt tr\u00e5dl\u00f6sa n\u00e4tverk.","breadcrumb":{"@id":"https:\/\/www.heddata.se\/webbutik\/produkt\/tp-link-300mbps-wi-fi-range-extender-tl-wa850re\/#breadcrumb"},"inLanguage":"sv-SE","potentialAction":[{"@type":"ReadAction","target":["https:\/\/www.heddata.se\/webbutik\/produkt\/tp-link-300mbps-wi-fi-range-extender-tl-wa850re\/"]}]},{"@type":"ImageObject","inLanguage":"sv-SE","@id":"https:\/\/www.heddata.se\/webbutik\/produkt\/tp-link-300mbps-wi-fi-range-extender-tl-wa850re\/#primaryimage","url":"https:\/\/www.heddata.se\/webbutik\/wp-content\/uploads\/webbutik\/kategorier\/natvark\/tl-wa850re.jpg","contentUrl":"https:\/\/www.heddata.se\/webbutik\/wp-content\/uploads\/webbutik\/kategorier\/natvark\/tl-wa850re.jpg","width":450,"height":450,"caption":"TP-Link 300Mbps Wi-Fi Range Extender \/TL-WA850RE"},{"@type":"BreadcrumbList","@id":"https:\/\/www.heddata.se\/webbutik\/produkt\/tp-link-300mbps-wi-fi-range-extender-tl-wa850re\/#breadcrumb","itemListElement":[{"@type":"ListItem","position":1,"name":"Hem","item":"https:\/\/www.heddata.se\/webbutik\/"},{"@type":"ListItem","position":2,"name":"Produkter","item":"https:\/\/www.heddata.se\/webbutik\/shop\/"},{"@type":"ListItem","position":3,"name":"TP-Link 300Mbps Wi-Fi Range Extender \/TL-WA850RE"}]},{"@type":"WebSite","@id":"https:\/\/www.heddata.se\/webbutik\/#website","url":"https:\/\/www.heddata.se\/webbutik\/","name":"Datorer, Skrivare, F\u00e4rgpatroner, Mobiltelefoner","description":"Kablar","publisher":{"@id":"https:\/\/www.heddata.se\/webbutik\/#organization"},"potentialAction":[{"@type":"SearchAction","target":{"@type":"EntryPoint","urlTemplate":"https:\/\/www.heddata.se\/webbutik\/?s={search_term_string}"},"query-input":{"@type":"PropertyValueSpecification","valueRequired":true,"valueName":"search_term_string"}}],"inLanguage":"sv-SE"},{"@type":"Organization","@id":"https:\/\/www.heddata.se\/webbutik\/#organization","name":"Heddata AB","url":"https:\/\/www.heddata.se\/webbutik\/","logo":{"@type":"ImageObject","inLanguage":"sv-SE","@id":"https:\/\/www.heddata.se\/webbutik\/#\/schema\/logo\/image\/","url":"https:\/\/www.heddata.se\/webbutik\/wp-content\/uploads\/logga\/heddata-ab-logga.png","contentUrl":"https:\/\/www.heddata.se\/webbutik\/wp-content\/uploads\/logga\/heddata-ab-logga.png","width":200,"height":64,"caption":"Heddata AB"},"image":{"@id":"https:\/\/www.heddata.se\/webbutik\/#\/schema\/logo\/image\/"}}]}},"_links":{"self":[{"href":"https:\/\/www.heddata.se\/webbutik\/wp-json\/wp\/v2\/product\/92341","targetHints":{"allow":["GET"]}}],"collection":[{"href":"https:\/\/www.heddata.se\/webbutik\/wp-json\/wp\/v2\/product"}],"about":[{"href":"https:\/\/www.heddata.se\/webbutik\/wp-json\/wp\/v2\/types\/product"}],"wp:featuredmedia":[{"embeddable":true,"href":"https:\/\/www.heddata.se\/webbutik\/wp-json\/wp\/v2\/media\/92342"}],"wp:attachment":[{"href":"https:\/\/www.heddata.se\/webbutik\/wp-json\/wp\/v2\/media?parent=92341"}],"wp:term":[{"taxonomy":"product_brand","embeddable":true,"href":"https:\/\/www.heddata.se\/webbutik\/wp-json\/wp\/v2\/product_brand?post=92341"},{"taxonomy":"product_cat","embeddable":true,"href":"https:\/\/www.heddata.se\/webbutik\/wp-json\/wp\/v2\/product_cat?post=92341"},{"taxonomy":"product_tag","embeddable":true,"href":"https:\/\/www.heddata.se\/webbutik\/wp-json\/wp\/v2\/product_tag?post=92341"}],"curies":[{"name":"wp","href":"https:\/\/api.w.org\/{rel}","templated":true}]}}