{"id":92181,"date":"2021-11-02T14:18:14","date_gmt":"2021-11-02T13:18:14","guid":{"rendered":"https:\/\/www.heddata.se\/webbutik\/?post_type=product&#038;p=92181"},"modified":"2026-04-09T18:10:32","modified_gmt":"2026-04-09T16:10:32","slug":"hp-303-tri-colour-ink-cartridge-t6n01ae","status":"publish","type":"product","link":"https:\/\/www.heddata.se\/webbutik\/produkt\/hp-303-tri-colour-ink-cartridge-t6n01ae\/","title":{"rendered":"HP 303 Tri-Colour Ink Cartridge T6N01AE"},"content":{"rendered":"<p>HP 303 Tri-Colour Ink Cartridge T6N01AE<\/p>\n<p>F\u00e4rgpatron HP 303 &#8211; originalpatron fr\u00e5n skrivartillverkaren. Passar n\u00e4r du vill ha h\u00f6g kvalitet och h\u00e5llbarhet f\u00f6r avancerade utskrifter. Ger skrivaren r\u00e4tt indikationer om hur mycket bl\u00e4ck som finns kvar.<\/p>\n<p><main id=\"main\" class=\"\"><\/p>\n<div class=\"shop-container\">\n<div id=\"product-2598\" class=\"product type-product post-2598 status-publish first instock product_cat-blackpatroner product_cat-blackpatroner-toners product_cat-hp-blackpatroner product_tag-hp-envy-photo-6220 product_tag-hp-envy-photo-6230 product_tag-hp-envy-photo-6232 product_tag-hp-envy-photo-6234 product_tag-hp-envy-photo-7130 product_tag-hp-envy-photo-7134 product_tag-hp-envy-photo-7830 product_tag-hp-tango product_tag-hp-tango-x has-post-thumbnail taxable shipping-taxable purchasable product-type-simple\">\n<div class=\"product-container\">\n<div class=\"product-footer\">\n<div class=\"container\">\n<div class=\"woocommerce-tabs wc-tabs-wrapper container tabbed-content\">\n<div class=\"tab-panels\">\n<div id=\"tab-description\" class=\"woocommerce-Tabs-panel woocommerce-Tabs-panel--description panel entry-content active\" role=\"tabpanel\" aria-labelledby=\"tab-title-description\">\n<p><strong>Kompatibel med: HP ENVY Photo 6220, <a href=\"https:\/\/www.hp.com\/se-sv\/shop\/\" target=\"_blank\" rel=\"noopener\">HP<\/a> ENVY Photo 6230, HP ENVY Photo 6232, HP ENVY Photo 6234, HP ENVY Photo 7130, HP ENVY Photo 7134, HP ENVY Photo 7830, HP Tango, HP Tango X\u00a0<\/strong><\/p>\n<\/div>\n<\/div>\n<\/div>\n<div class=\"wccpf-fields-container\">Svart bl\u00e4ckpatron finns h\u00e4r<\/p>\n<p class=\"product-title product_title entry-title\"><a href=\"https:\/\/www.heddata.se\/webbutik\/produkt\/hp-303xl-svart-original-blackpatron\/\">HP 303XL Original Bl\u00e4ckpatron SVART<\/a><\/p>\n<\/div>\n<\/div>\n<\/div>\n<\/div>\n<\/div>\n<\/div>\n<p><\/main><\/p>\n<footer id=\"footer\" class=\"footer-wrapper\">\n<div class=\"footer-widgets footer footer-2 dark\">\n<div class=\"row dark large-columns-3 mb-0\"><\/div>\n<\/div>\n<\/footer>\n","protected":false},"excerpt":{"rendered":"<p>HP 303 Tri-Colour Ink Cartridge T6N01AE<\/p>\n","protected":false},"featured_media":92185,"template":"","meta":[],"product_brand":[],"product_cat":[87,61,91],"product_tag":[],"class_list":{"0":"post-92181","1":"product","2":"type-product","3":"status-publish","4":"has-post-thumbnail","6":"product_cat-blackpatroner","7":"product_cat-blackpatroner-toners","8":"product_cat-hp-blackpatroner","10":"first","11":"outofstock","12":"taxable","13":"shipping-taxable","14":"purchasable","15":"product-type-simple"},"yoast_head":"<!-- This site is optimized with the Yoast SEO Premium plugin v26.7 (Yoast SEO v26.7) - https:\/\/yoast.com\/wordpress\/plugins\/seo\/ -->\n<title>HP 303 Tri-Colour Ink Cartridge T6N01AE originalpatron.<\/title>\n<meta name=\"description\" content=\"HP 303 Tri-Colour Ink Cartridge T6N01AE originalpatron fr\u00e5n skrivartillverkaren. Passar n\u00e4r du vill ha h\u00f6g kvalitet och h\u00e5llbarhet.\" \/>\n<meta name=\"robots\" content=\"index, follow, max-snippet:-1, max-image-preview:large, max-video-preview:-1\" \/>\n<link rel=\"canonical\" href=\"https:\/\/www.heddata.se\/webbutik\/produkt\/hp-303-tri-colour-ink-cartridge-t6n01ae\/\" \/>\n<meta property=\"og:locale\" content=\"sv_SE\" \/>\n<meta property=\"og:type\" content=\"article\" \/>\n<meta property=\"og:title\" content=\"HP 303 Tri-Colour Ink Cartridge T6N01AE\" \/>\n<meta property=\"og:description\" content=\"HP 303 Tri-Colour Ink Cartridge T6N01AE originalpatron fr\u00e5n skrivartillverkaren. Passar n\u00e4r du vill ha h\u00f6g kvalitet och h\u00e5llbarhet.\" \/>\n<meta property=\"og:url\" content=\"https:\/\/www.heddata.se\/webbutik\/produkt\/hp-303-tri-colour-ink-cartridge-t6n01ae\/\" \/>\n<meta property=\"og:site_name\" content=\"Datorer, Skrivare, F\u00e4rgpatroner, Mobiltelefoner\" \/>\n<meta property=\"article:modified_time\" content=\"2026-04-09T16:10:32+00:00\" \/>\n<meta property=\"og:image\" content=\"https:\/\/www.heddata.se\/webbutik\/wp-content\/uploads\/webbutik\/kategorier\/blackpatroner-toners\/t6n01ae.jpg\" \/>\n\t<meta property=\"og:image:width\" content=\"600\" \/>\n\t<meta property=\"og:image:height\" content=\"600\" \/>\n\t<meta property=\"og:image:type\" content=\"image\/jpeg\" \/>\n<meta name=\"twitter:card\" content=\"summary_large_image\" \/>\n<script type=\"application\/ld+json\" class=\"yoast-schema-graph\">{\"@context\":\"https:\/\/schema.org\",\"@graph\":[{\"@type\":\"WebPage\",\"@id\":\"https:\/\/www.heddata.se\/webbutik\/produkt\/hp-303-tri-colour-ink-cartridge-t6n01ae\/\",\"url\":\"https:\/\/www.heddata.se\/webbutik\/produkt\/hp-303-tri-colour-ink-cartridge-t6n01ae\/\",\"name\":\"HP 303 Tri-Colour Ink Cartridge T6N01AE originalpatron.\",\"isPartOf\":{\"@id\":\"https:\/\/www.heddata.se\/webbutik\/#website\"},\"primaryImageOfPage\":{\"@id\":\"https:\/\/www.heddata.se\/webbutik\/produkt\/hp-303-tri-colour-ink-cartridge-t6n01ae\/#primaryimage\"},\"image\":{\"@id\":\"https:\/\/www.heddata.se\/webbutik\/produkt\/hp-303-tri-colour-ink-cartridge-t6n01ae\/#primaryimage\"},\"thumbnailUrl\":\"https:\/\/www.heddata.se\/webbutik\/wp-content\/uploads\/webbutik\/kategorier\/blackpatroner-toners\/t6n01ae.jpg\",\"datePublished\":\"2021-11-02T13:18:14+00:00\",\"dateModified\":\"2026-04-09T16:10:32+00:00\",\"description\":\"HP 303 Tri-Colour Ink Cartridge T6N01AE originalpatron fr\u00e5n skrivartillverkaren. Passar n\u00e4r du vill ha h\u00f6g kvalitet och h\u00e5llbarhet.\",\"breadcrumb\":{\"@id\":\"https:\/\/www.heddata.se\/webbutik\/produkt\/hp-303-tri-colour-ink-cartridge-t6n01ae\/#breadcrumb\"},\"inLanguage\":\"sv-SE\",\"potentialAction\":[{\"@type\":\"ReadAction\",\"target\":[\"https:\/\/www.heddata.se\/webbutik\/produkt\/hp-303-tri-colour-ink-cartridge-t6n01ae\/\"]}]},{\"@type\":\"ImageObject\",\"inLanguage\":\"sv-SE\",\"@id\":\"https:\/\/www.heddata.se\/webbutik\/produkt\/hp-303-tri-colour-ink-cartridge-t6n01ae\/#primaryimage\",\"url\":\"https:\/\/www.heddata.se\/webbutik\/wp-content\/uploads\/webbutik\/kategorier\/blackpatroner-toners\/t6n01ae.jpg\",\"contentUrl\":\"https:\/\/www.heddata.se\/webbutik\/wp-content\/uploads\/webbutik\/kategorier\/blackpatroner-toners\/t6n01ae.jpg\",\"width\":600,\"height\":600,\"caption\":\"HP 303 Tri-Colour Ink\"},{\"@type\":\"BreadcrumbList\",\"@id\":\"https:\/\/www.heddata.se\/webbutik\/produkt\/hp-303-tri-colour-ink-cartridge-t6n01ae\/#breadcrumb\",\"itemListElement\":[{\"@type\":\"ListItem\",\"position\":1,\"name\":\"Hem\",\"item\":\"https:\/\/www.heddata.se\/webbutik\/\"},{\"@type\":\"ListItem\",\"position\":2,\"name\":\"Produkter\",\"item\":\"https:\/\/www.heddata.se\/webbutik\/shop\/\"},{\"@type\":\"ListItem\",\"position\":3,\"name\":\"HP 303 Tri-Colour Ink Cartridge T6N01AE\"}]},{\"@type\":\"WebSite\",\"@id\":\"https:\/\/www.heddata.se\/webbutik\/#website\",\"url\":\"https:\/\/www.heddata.se\/webbutik\/\",\"name\":\"Datorer, Skrivare, F\u00e4rgpatroner, Mobiltelefoner\",\"description\":\"Kablar\",\"publisher\":{\"@id\":\"https:\/\/www.heddata.se\/webbutik\/#organization\"},\"potentialAction\":[{\"@type\":\"SearchAction\",\"target\":{\"@type\":\"EntryPoint\",\"urlTemplate\":\"https:\/\/www.heddata.se\/webbutik\/?s={search_term_string}\"},\"query-input\":{\"@type\":\"PropertyValueSpecification\",\"valueRequired\":true,\"valueName\":\"search_term_string\"}}],\"inLanguage\":\"sv-SE\"},{\"@type\":\"Organization\",\"@id\":\"https:\/\/www.heddata.se\/webbutik\/#organization\",\"name\":\"Heddata AB\",\"url\":\"https:\/\/www.heddata.se\/webbutik\/\",\"logo\":{\"@type\":\"ImageObject\",\"inLanguage\":\"sv-SE\",\"@id\":\"https:\/\/www.heddata.se\/webbutik\/#\/schema\/logo\/image\/\",\"url\":\"https:\/\/www.heddata.se\/webbutik\/wp-content\/uploads\/logga\/heddata-ab-logga.png\",\"contentUrl\":\"https:\/\/www.heddata.se\/webbutik\/wp-content\/uploads\/logga\/heddata-ab-logga.png\",\"width\":200,\"height\":64,\"caption\":\"Heddata AB\"},\"image\":{\"@id\":\"https:\/\/www.heddata.se\/webbutik\/#\/schema\/logo\/image\/\"}}]}<\/script>\n<!-- \/ Yoast SEO Premium plugin. -->","yoast_head_json":{"title":"HP 303 Tri-Colour Ink Cartridge T6N01AE originalpatron.","description":"HP 303 Tri-Colour Ink Cartridge T6N01AE originalpatron fr\u00e5n skrivartillverkaren. Passar n\u00e4r du vill ha h\u00f6g kvalitet och h\u00e5llbarhet.","robots":{"index":"index","follow":"follow","max-snippet":"max-snippet:-1","max-image-preview":"max-image-preview:large","max-video-preview":"max-video-preview:-1"},"canonical":"https:\/\/www.heddata.se\/webbutik\/produkt\/hp-303-tri-colour-ink-cartridge-t6n01ae\/","og_locale":"sv_SE","og_type":"article","og_title":"HP 303 Tri-Colour Ink Cartridge T6N01AE","og_description":"HP 303 Tri-Colour Ink Cartridge T6N01AE originalpatron fr\u00e5n skrivartillverkaren. Passar n\u00e4r du vill ha h\u00f6g kvalitet och h\u00e5llbarhet.","og_url":"https:\/\/www.heddata.se\/webbutik\/produkt\/hp-303-tri-colour-ink-cartridge-t6n01ae\/","og_site_name":"Datorer, Skrivare, F\u00e4rgpatroner, Mobiltelefoner","article_modified_time":"2026-04-09T16:10:32+00:00","og_image":[{"width":600,"height":600,"url":"https:\/\/www.heddata.se\/webbutik\/wp-content\/uploads\/webbutik\/kategorier\/blackpatroner-toners\/t6n01ae.jpg","type":"image\/jpeg"}],"twitter_card":"summary_large_image","schema":{"@context":"https:\/\/schema.org","@graph":[{"@type":"WebPage","@id":"https:\/\/www.heddata.se\/webbutik\/produkt\/hp-303-tri-colour-ink-cartridge-t6n01ae\/","url":"https:\/\/www.heddata.se\/webbutik\/produkt\/hp-303-tri-colour-ink-cartridge-t6n01ae\/","name":"HP 303 Tri-Colour Ink Cartridge T6N01AE originalpatron.","isPartOf":{"@id":"https:\/\/www.heddata.se\/webbutik\/#website"},"primaryImageOfPage":{"@id":"https:\/\/www.heddata.se\/webbutik\/produkt\/hp-303-tri-colour-ink-cartridge-t6n01ae\/#primaryimage"},"image":{"@id":"https:\/\/www.heddata.se\/webbutik\/produkt\/hp-303-tri-colour-ink-cartridge-t6n01ae\/#primaryimage"},"thumbnailUrl":"https:\/\/www.heddata.se\/webbutik\/wp-content\/uploads\/webbutik\/kategorier\/blackpatroner-toners\/t6n01ae.jpg","datePublished":"2021-11-02T13:18:14+00:00","dateModified":"2026-04-09T16:10:32+00:00","description":"HP 303 Tri-Colour Ink Cartridge T6N01AE originalpatron fr\u00e5n skrivartillverkaren. Passar n\u00e4r du vill ha h\u00f6g kvalitet och h\u00e5llbarhet.","breadcrumb":{"@id":"https:\/\/www.heddata.se\/webbutik\/produkt\/hp-303-tri-colour-ink-cartridge-t6n01ae\/#breadcrumb"},"inLanguage":"sv-SE","potentialAction":[{"@type":"ReadAction","target":["https:\/\/www.heddata.se\/webbutik\/produkt\/hp-303-tri-colour-ink-cartridge-t6n01ae\/"]}]},{"@type":"ImageObject","inLanguage":"sv-SE","@id":"https:\/\/www.heddata.se\/webbutik\/produkt\/hp-303-tri-colour-ink-cartridge-t6n01ae\/#primaryimage","url":"https:\/\/www.heddata.se\/webbutik\/wp-content\/uploads\/webbutik\/kategorier\/blackpatroner-toners\/t6n01ae.jpg","contentUrl":"https:\/\/www.heddata.se\/webbutik\/wp-content\/uploads\/webbutik\/kategorier\/blackpatroner-toners\/t6n01ae.jpg","width":600,"height":600,"caption":"HP 303 Tri-Colour Ink"},{"@type":"BreadcrumbList","@id":"https:\/\/www.heddata.se\/webbutik\/produkt\/hp-303-tri-colour-ink-cartridge-t6n01ae\/#breadcrumb","itemListElement":[{"@type":"ListItem","position":1,"name":"Hem","item":"https:\/\/www.heddata.se\/webbutik\/"},{"@type":"ListItem","position":2,"name":"Produkter","item":"https:\/\/www.heddata.se\/webbutik\/shop\/"},{"@type":"ListItem","position":3,"name":"HP 303 Tri-Colour Ink Cartridge T6N01AE"}]},{"@type":"WebSite","@id":"https:\/\/www.heddata.se\/webbutik\/#website","url":"https:\/\/www.heddata.se\/webbutik\/","name":"Datorer, Skrivare, F\u00e4rgpatroner, Mobiltelefoner","description":"Kablar","publisher":{"@id":"https:\/\/www.heddata.se\/webbutik\/#organization"},"potentialAction":[{"@type":"SearchAction","target":{"@type":"EntryPoint","urlTemplate":"https:\/\/www.heddata.se\/webbutik\/?s={search_term_string}"},"query-input":{"@type":"PropertyValueSpecification","valueRequired":true,"valueName":"search_term_string"}}],"inLanguage":"sv-SE"},{"@type":"Organization","@id":"https:\/\/www.heddata.se\/webbutik\/#organization","name":"Heddata AB","url":"https:\/\/www.heddata.se\/webbutik\/","logo":{"@type":"ImageObject","inLanguage":"sv-SE","@id":"https:\/\/www.heddata.se\/webbutik\/#\/schema\/logo\/image\/","url":"https:\/\/www.heddata.se\/webbutik\/wp-content\/uploads\/logga\/heddata-ab-logga.png","contentUrl":"https:\/\/www.heddata.se\/webbutik\/wp-content\/uploads\/logga\/heddata-ab-logga.png","width":200,"height":64,"caption":"Heddata AB"},"image":{"@id":"https:\/\/www.heddata.se\/webbutik\/#\/schema\/logo\/image\/"}}]}},"_links":{"self":[{"href":"https:\/\/www.heddata.se\/webbutik\/wp-json\/wp\/v2\/product\/92181","targetHints":{"allow":["GET"]}}],"collection":[{"href":"https:\/\/www.heddata.se\/webbutik\/wp-json\/wp\/v2\/product"}],"about":[{"href":"https:\/\/www.heddata.se\/webbutik\/wp-json\/wp\/v2\/types\/product"}],"wp:featuredmedia":[{"embeddable":true,"href":"https:\/\/www.heddata.se\/webbutik\/wp-json\/wp\/v2\/media\/92185"}],"wp:attachment":[{"href":"https:\/\/www.heddata.se\/webbutik\/wp-json\/wp\/v2\/media?parent=92181"}],"wp:term":[{"taxonomy":"product_brand","embeddable":true,"href":"https:\/\/www.heddata.se\/webbutik\/wp-json\/wp\/v2\/product_brand?post=92181"},{"taxonomy":"product_cat","embeddable":true,"href":"https:\/\/www.heddata.se\/webbutik\/wp-json\/wp\/v2\/product_cat?post=92181"},{"taxonomy":"product_tag","embeddable":true,"href":"https:\/\/www.heddata.se\/webbutik\/wp-json\/wp\/v2\/product_tag?post=92181"}],"curies":[{"name":"wp","href":"https:\/\/api.w.org\/{rel}","templated":true}]}}