{"id":92143,"date":"2021-10-28T12:18:15","date_gmt":"2021-10-28T10:18:15","guid":{"rendered":"https:\/\/www.heddata.se\/webbutik\/?post_type=product&#038;p=92143"},"modified":"2026-04-14T18:12:43","modified_gmt":"2026-04-14T16:12:43","slug":"philips-tv-ersattnings-fjarrkontroll","status":"publish","type":"product","link":"https:\/\/www.heddata.se\/webbutik\/produkt\/philips-tv-ersattnings-fjarrkontroll\/","title":{"rendered":"Philips Tv Ers\u00e4ttnings Fj\u00e4rrkontroll"},"content":{"rendered":"<p>Philips Tv Ers\u00e4ttnings Fj\u00e4rrkontroll<\/p>\n<div class=\"description\">\n<div class=\"d-flex flex-column\">\n<div class=\"position-relative\">\n<div class=\"\">\n<p class=\"p-0 m-0\">Ers\u00e4tt en f\u00f6rlorad eller trasig Philips-fj\u00e4rrkontroll med den h\u00e4r f\u00f6rprogrammerade utbytesfj\u00e4rrkontroll f\u00f6r TV-apparater fr\u00e5n Nedis\u00ae som \u00e4r kompatibel med alla TV-apparater fr\u00e5n Philips. Tack vare en omfattande inbyggd koddatabas har den varje enskild funktion hos den ursprungliga versionen. Nedis\u00ae utbytesfj\u00e4rrkontroll \u00e4r enkel att anv\u00e4nda eftersom den inte kr\u00e4ver n\u00e5gon programmering. Det \u00e4r bara att s\u00e4tta i batterierna och komma ig\u00e5ng.<\/p>\n<\/div>\n<\/div>\n<\/div>\n<\/div>\n<h4 class=\"mt-3\"><strong class=\"d-block\">Egenskaper<\/strong><\/h4>\n<p class=\"m-0\">Stor koddatabas ers\u00e4tter alla funktioner hos originalfj\u00e4rrkontrollen<\/p>\n<p class=\"m-0\">Passar perfekt i din hand<\/p>\n<p class=\"m-0\">F\u00f6rprogrammerad, klar att anv\u00e4nda<\/p>\n<p class=\"m-0\">Inl\u00e4rningsknapp; Tryck p\u00e5 knappen n\u00e4r du \u00e4r i inl\u00e4rningsl\u00e4ge f\u00f6r att aktivera signalen innan du kopierar funktioner fr\u00e5n andra fj\u00e4rrkontroller.<\/p>\n<p class=\"m-0\">Fungerar med alla <a href=\"https:\/\/www.heddata.se\/webbutik\/tv-apparater\/\">TV-apparater<\/a> fr\u00e5n Philips som tillverkats 2012 eller senare<\/p>\n<div id=\"package-contents\">\n<div class=\"border-top-md-down py-4 py-md-0\">\n<h4 id=\"package-contents\">Paketet inneh\u00e5ller<\/h4>\n<p>Fj\u00e4rrkontroll<br \/>\nSnabbstartsguide<\/p>\n<\/div>\n<\/div>\n<div id=\"information\"><\/div>\n<div class=\"border-top-md-down py-4 py-md-0\">\n<h4 id=\"specifications\">Philips Tv Ers\u00e4ttnings Fj\u00e4rrkontroll produktspecifikationer:<\/h4>\n<table class=\"table table-dashed-border\">\n<tbody>\n<tr>\n<th scope=\"row\">F\u00e4rg<\/th>\n<td>Svart<\/td>\n<\/tr>\n<tr>\n<th scope=\"row\">Material<\/th>\n<td>ABS<br \/>\nGummi<\/td>\n<\/tr>\n<tr>\n<th scope=\"row\">Typ av str\u00f6mk\u00e4lla<\/th>\n<td>Batteridriven<\/td>\n<\/tr>\n<tr>\n<th scope=\"row\">Kr\u00e4ver batterier (ing\u00e5r ej)<\/th>\n<td>2x AAA<\/td>\n<\/tr>\n<tr>\n<th scope=\"row\">Kodinmatning<\/th>\n<td>Fast<\/td>\n<\/tr>\n<tr>\n<th scope=\"row\">Typ av kontroll<\/th>\n<td><a href=\"https:\/\/nedis.se\/sv-se\" target=\"_blank\" rel=\"noopener\">Ers\u00e4ttningsfj\u00e4rrkontroll<\/a><\/td>\n<\/tr>\n<tr>\n<th scope=\"row\">S\u00e4ndningsteknik<\/th>\n<td>Infrar\u00f6d<\/td>\n<\/tr>\n<tr>\n<th scope=\"row\">Passar till<\/th>\n<td>TV<br \/>\nPhilips<\/td>\n<\/tr>\n<tr>\n<th scope=\"row\">Funktioner f\u00f6r fj\u00e4rrkontroll<\/th>\n<td>Ambilight Knapp<br \/>\nNetflix Knapp<\/td>\n<\/tr>\n<tr>\n<th scope=\"row\">Insp\u00e4nning<\/th>\n<td>3,0 VDC<\/td>\n<\/tr>\n<tr>\n<th scope=\"row\">Antal enheter<\/th>\n<td>1 Enhet<\/td>\n<\/tr>\n<\/tbody>\n<\/table>\n<\/div>\n","protected":false},"excerpt":{"rendered":"<p>Philips Tv Ers\u00e4ttnings Fj\u00e4rrkontroll<\/p>\n","protected":false},"featured_media":92145,"template":"","meta":[],"product_brand":[],"product_cat":[8993,86],"product_tag":[],"class_list":{"0":"post-92143","1":"product","2":"type-product","3":"status-publish","4":"has-post-thumbnail","6":"product_cat-fjarrkontroller","7":"product_cat-tillbehor-tv","9":"first","10":"outofstock","11":"taxable","12":"shipping-taxable","13":"purchasable","14":"product-type-simple"},"yoast_head":"<!-- This site is optimized with the Yoast SEO Premium plugin v26.7 (Yoast SEO v26.7) - https:\/\/yoast.com\/wordpress\/plugins\/seo\/ -->\n<title>Philips Tv Ers\u00e4ttnings Fj\u00e4rrkontroll f\u00f6r tv som tillverkats 2012 eller senare<\/title>\n<meta name=\"description\" content=\"Philips Tv Ers\u00e4ttnings Fj\u00e4rrkontroll. Ers\u00e4tt en f\u00f6rlorad eller trasig Philips-fj\u00e4rrkontroll med den h\u00e4r f\u00f6rprogrammerade fj\u00e4rrkontrollen\" \/>\n<meta name=\"robots\" content=\"index, follow, max-snippet:-1, max-image-preview:large, max-video-preview:-1\" \/>\n<link rel=\"canonical\" href=\"https:\/\/www.heddata.se\/webbutik\/produkt\/philips-tv-ersattnings-fjarrkontroll\/\" \/>\n<meta property=\"og:locale\" content=\"sv_SE\" \/>\n<meta property=\"og:type\" content=\"article\" \/>\n<meta property=\"og:title\" content=\"Philips Tv Ers\u00e4ttnings Fj\u00e4rrkontroll\" \/>\n<meta property=\"og:description\" content=\"Philips Tv Ers\u00e4ttnings Fj\u00e4rrkontroll. Ers\u00e4tt en f\u00f6rlorad eller trasig Philips-fj\u00e4rrkontroll med den h\u00e4r f\u00f6rprogrammerade fj\u00e4rrkontrollen\" \/>\n<meta property=\"og:url\" content=\"https:\/\/www.heddata.se\/webbutik\/produkt\/philips-tv-ersattnings-fjarrkontroll\/\" \/>\n<meta property=\"og:site_name\" content=\"Datorer, Skrivare, F\u00e4rgpatroner, Mobiltelefoner\" \/>\n<meta property=\"article:modified_time\" content=\"2026-04-14T16:12:43+00:00\" \/>\n<meta property=\"og:image\" content=\"https:\/\/www.heddata.se\/webbutik\/wp-content\/uploads\/webbutik\/kategorier\/tv\/tvrc41phbk.jpeg\" \/>\n\t<meta property=\"og:image:width\" content=\"1200\" \/>\n\t<meta property=\"og:image:height\" content=\"1200\" \/>\n\t<meta property=\"og:image:type\" content=\"image\/jpeg\" \/>\n<meta name=\"twitter:card\" content=\"summary_large_image\" \/>\n<meta name=\"twitter:label1\" content=\"Ber\u00e4knad l\u00e4stid\" \/>\n\t<meta name=\"twitter:data1\" content=\"1 minut\" \/>\n<script type=\"application\/ld+json\" class=\"yoast-schema-graph\">{\"@context\":\"https:\/\/schema.org\",\"@graph\":[{\"@type\":\"WebPage\",\"@id\":\"https:\/\/www.heddata.se\/webbutik\/produkt\/philips-tv-ersattnings-fjarrkontroll\/\",\"url\":\"https:\/\/www.heddata.se\/webbutik\/produkt\/philips-tv-ersattnings-fjarrkontroll\/\",\"name\":\"Philips Tv Ers\u00e4ttnings Fj\u00e4rrkontroll f\u00f6r tv som tillverkats 2012 eller senare\",\"isPartOf\":{\"@id\":\"https:\/\/www.heddata.se\/webbutik\/#website\"},\"primaryImageOfPage\":{\"@id\":\"https:\/\/www.heddata.se\/webbutik\/produkt\/philips-tv-ersattnings-fjarrkontroll\/#primaryimage\"},\"image\":{\"@id\":\"https:\/\/www.heddata.se\/webbutik\/produkt\/philips-tv-ersattnings-fjarrkontroll\/#primaryimage\"},\"thumbnailUrl\":\"https:\/\/www.heddata.se\/webbutik\/wp-content\/uploads\/webbutik\/kategorier\/tv\/tvrc41phbk.jpeg\",\"datePublished\":\"2021-10-28T10:18:15+00:00\",\"dateModified\":\"2026-04-14T16:12:43+00:00\",\"description\":\"Philips Tv Ers\u00e4ttnings Fj\u00e4rrkontroll. Ers\u00e4tt en f\u00f6rlorad eller trasig Philips-fj\u00e4rrkontroll med den h\u00e4r f\u00f6rprogrammerade fj\u00e4rrkontrollen\",\"breadcrumb\":{\"@id\":\"https:\/\/www.heddata.se\/webbutik\/produkt\/philips-tv-ersattnings-fjarrkontroll\/#breadcrumb\"},\"inLanguage\":\"sv-SE\",\"potentialAction\":[{\"@type\":\"ReadAction\",\"target\":[\"https:\/\/www.heddata.se\/webbutik\/produkt\/philips-tv-ersattnings-fjarrkontroll\/\"]}]},{\"@type\":\"ImageObject\",\"inLanguage\":\"sv-SE\",\"@id\":\"https:\/\/www.heddata.se\/webbutik\/produkt\/philips-tv-ersattnings-fjarrkontroll\/#primaryimage\",\"url\":\"https:\/\/www.heddata.se\/webbutik\/wp-content\/uploads\/webbutik\/kategorier\/tv\/tvrc41phbk.jpeg\",\"contentUrl\":\"https:\/\/www.heddata.se\/webbutik\/wp-content\/uploads\/webbutik\/kategorier\/tv\/tvrc41phbk.jpeg\",\"width\":1200,\"height\":1200,\"caption\":\"Philips Tv Ers\u00e4ttnings Fj\u00e4rrkontroll\"},{\"@type\":\"BreadcrumbList\",\"@id\":\"https:\/\/www.heddata.se\/webbutik\/produkt\/philips-tv-ersattnings-fjarrkontroll\/#breadcrumb\",\"itemListElement\":[{\"@type\":\"ListItem\",\"position\":1,\"name\":\"Hem\",\"item\":\"https:\/\/www.heddata.se\/webbutik\/\"},{\"@type\":\"ListItem\",\"position\":2,\"name\":\"Produkter\",\"item\":\"https:\/\/www.heddata.se\/webbutik\/shop\/\"},{\"@type\":\"ListItem\",\"position\":3,\"name\":\"Philips Tv Ers\u00e4ttnings Fj\u00e4rrkontroll\"}]},{\"@type\":\"WebSite\",\"@id\":\"https:\/\/www.heddata.se\/webbutik\/#website\",\"url\":\"https:\/\/www.heddata.se\/webbutik\/\",\"name\":\"Datorer, Skrivare, F\u00e4rgpatroner, Mobiltelefoner\",\"description\":\"Kablar\",\"publisher\":{\"@id\":\"https:\/\/www.heddata.se\/webbutik\/#organization\"},\"potentialAction\":[{\"@type\":\"SearchAction\",\"target\":{\"@type\":\"EntryPoint\",\"urlTemplate\":\"https:\/\/www.heddata.se\/webbutik\/?s={search_term_string}\"},\"query-input\":{\"@type\":\"PropertyValueSpecification\",\"valueRequired\":true,\"valueName\":\"search_term_string\"}}],\"inLanguage\":\"sv-SE\"},{\"@type\":\"Organization\",\"@id\":\"https:\/\/www.heddata.se\/webbutik\/#organization\",\"name\":\"Heddata AB\",\"url\":\"https:\/\/www.heddata.se\/webbutik\/\",\"logo\":{\"@type\":\"ImageObject\",\"inLanguage\":\"sv-SE\",\"@id\":\"https:\/\/www.heddata.se\/webbutik\/#\/schema\/logo\/image\/\",\"url\":\"https:\/\/www.heddata.se\/webbutik\/wp-content\/uploads\/logga\/heddata-ab-logga.png\",\"contentUrl\":\"https:\/\/www.heddata.se\/webbutik\/wp-content\/uploads\/logga\/heddata-ab-logga.png\",\"width\":200,\"height\":64,\"caption\":\"Heddata AB\"},\"image\":{\"@id\":\"https:\/\/www.heddata.se\/webbutik\/#\/schema\/logo\/image\/\"}}]}<\/script>\n<!-- \/ Yoast SEO Premium plugin. -->","yoast_head_json":{"title":"Philips Tv Ers\u00e4ttnings Fj\u00e4rrkontroll f\u00f6r tv som tillverkats 2012 eller senare","description":"Philips Tv Ers\u00e4ttnings Fj\u00e4rrkontroll. Ers\u00e4tt en f\u00f6rlorad eller trasig Philips-fj\u00e4rrkontroll med den h\u00e4r f\u00f6rprogrammerade fj\u00e4rrkontrollen","robots":{"index":"index","follow":"follow","max-snippet":"max-snippet:-1","max-image-preview":"max-image-preview:large","max-video-preview":"max-video-preview:-1"},"canonical":"https:\/\/www.heddata.se\/webbutik\/produkt\/philips-tv-ersattnings-fjarrkontroll\/","og_locale":"sv_SE","og_type":"article","og_title":"Philips Tv Ers\u00e4ttnings Fj\u00e4rrkontroll","og_description":"Philips Tv Ers\u00e4ttnings Fj\u00e4rrkontroll. Ers\u00e4tt en f\u00f6rlorad eller trasig Philips-fj\u00e4rrkontroll med den h\u00e4r f\u00f6rprogrammerade fj\u00e4rrkontrollen","og_url":"https:\/\/www.heddata.se\/webbutik\/produkt\/philips-tv-ersattnings-fjarrkontroll\/","og_site_name":"Datorer, Skrivare, F\u00e4rgpatroner, Mobiltelefoner","article_modified_time":"2026-04-14T16:12:43+00:00","og_image":[{"width":1200,"height":1200,"url":"https:\/\/www.heddata.se\/webbutik\/wp-content\/uploads\/webbutik\/kategorier\/tv\/tvrc41phbk.jpeg","type":"image\/jpeg"}],"twitter_card":"summary_large_image","twitter_misc":{"Ber\u00e4knad l\u00e4stid":"1 minut"},"schema":{"@context":"https:\/\/schema.org","@graph":[{"@type":"WebPage","@id":"https:\/\/www.heddata.se\/webbutik\/produkt\/philips-tv-ersattnings-fjarrkontroll\/","url":"https:\/\/www.heddata.se\/webbutik\/produkt\/philips-tv-ersattnings-fjarrkontroll\/","name":"Philips Tv Ers\u00e4ttnings Fj\u00e4rrkontroll f\u00f6r tv som tillverkats 2012 eller senare","isPartOf":{"@id":"https:\/\/www.heddata.se\/webbutik\/#website"},"primaryImageOfPage":{"@id":"https:\/\/www.heddata.se\/webbutik\/produkt\/philips-tv-ersattnings-fjarrkontroll\/#primaryimage"},"image":{"@id":"https:\/\/www.heddata.se\/webbutik\/produkt\/philips-tv-ersattnings-fjarrkontroll\/#primaryimage"},"thumbnailUrl":"https:\/\/www.heddata.se\/webbutik\/wp-content\/uploads\/webbutik\/kategorier\/tv\/tvrc41phbk.jpeg","datePublished":"2021-10-28T10:18:15+00:00","dateModified":"2026-04-14T16:12:43+00:00","description":"Philips Tv Ers\u00e4ttnings Fj\u00e4rrkontroll. Ers\u00e4tt en f\u00f6rlorad eller trasig Philips-fj\u00e4rrkontroll med den h\u00e4r f\u00f6rprogrammerade fj\u00e4rrkontrollen","breadcrumb":{"@id":"https:\/\/www.heddata.se\/webbutik\/produkt\/philips-tv-ersattnings-fjarrkontroll\/#breadcrumb"},"inLanguage":"sv-SE","potentialAction":[{"@type":"ReadAction","target":["https:\/\/www.heddata.se\/webbutik\/produkt\/philips-tv-ersattnings-fjarrkontroll\/"]}]},{"@type":"ImageObject","inLanguage":"sv-SE","@id":"https:\/\/www.heddata.se\/webbutik\/produkt\/philips-tv-ersattnings-fjarrkontroll\/#primaryimage","url":"https:\/\/www.heddata.se\/webbutik\/wp-content\/uploads\/webbutik\/kategorier\/tv\/tvrc41phbk.jpeg","contentUrl":"https:\/\/www.heddata.se\/webbutik\/wp-content\/uploads\/webbutik\/kategorier\/tv\/tvrc41phbk.jpeg","width":1200,"height":1200,"caption":"Philips Tv Ers\u00e4ttnings Fj\u00e4rrkontroll"},{"@type":"BreadcrumbList","@id":"https:\/\/www.heddata.se\/webbutik\/produkt\/philips-tv-ersattnings-fjarrkontroll\/#breadcrumb","itemListElement":[{"@type":"ListItem","position":1,"name":"Hem","item":"https:\/\/www.heddata.se\/webbutik\/"},{"@type":"ListItem","position":2,"name":"Produkter","item":"https:\/\/www.heddata.se\/webbutik\/shop\/"},{"@type":"ListItem","position":3,"name":"Philips Tv Ers\u00e4ttnings Fj\u00e4rrkontroll"}]},{"@type":"WebSite","@id":"https:\/\/www.heddata.se\/webbutik\/#website","url":"https:\/\/www.heddata.se\/webbutik\/","name":"Datorer, Skrivare, F\u00e4rgpatroner, Mobiltelefoner","description":"Kablar","publisher":{"@id":"https:\/\/www.heddata.se\/webbutik\/#organization"},"potentialAction":[{"@type":"SearchAction","target":{"@type":"EntryPoint","urlTemplate":"https:\/\/www.heddata.se\/webbutik\/?s={search_term_string}"},"query-input":{"@type":"PropertyValueSpecification","valueRequired":true,"valueName":"search_term_string"}}],"inLanguage":"sv-SE"},{"@type":"Organization","@id":"https:\/\/www.heddata.se\/webbutik\/#organization","name":"Heddata AB","url":"https:\/\/www.heddata.se\/webbutik\/","logo":{"@type":"ImageObject","inLanguage":"sv-SE","@id":"https:\/\/www.heddata.se\/webbutik\/#\/schema\/logo\/image\/","url":"https:\/\/www.heddata.se\/webbutik\/wp-content\/uploads\/logga\/heddata-ab-logga.png","contentUrl":"https:\/\/www.heddata.se\/webbutik\/wp-content\/uploads\/logga\/heddata-ab-logga.png","width":200,"height":64,"caption":"Heddata AB"},"image":{"@id":"https:\/\/www.heddata.se\/webbutik\/#\/schema\/logo\/image\/"}}]}},"_links":{"self":[{"href":"https:\/\/www.heddata.se\/webbutik\/wp-json\/wp\/v2\/product\/92143","targetHints":{"allow":["GET"]}}],"collection":[{"href":"https:\/\/www.heddata.se\/webbutik\/wp-json\/wp\/v2\/product"}],"about":[{"href":"https:\/\/www.heddata.se\/webbutik\/wp-json\/wp\/v2\/types\/product"}],"wp:featuredmedia":[{"embeddable":true,"href":"https:\/\/www.heddata.se\/webbutik\/wp-json\/wp\/v2\/media\/92145"}],"wp:attachment":[{"href":"https:\/\/www.heddata.se\/webbutik\/wp-json\/wp\/v2\/media?parent=92143"}],"wp:term":[{"taxonomy":"product_brand","embeddable":true,"href":"https:\/\/www.heddata.se\/webbutik\/wp-json\/wp\/v2\/product_brand?post=92143"},{"taxonomy":"product_cat","embeddable":true,"href":"https:\/\/www.heddata.se\/webbutik\/wp-json\/wp\/v2\/product_cat?post=92143"},{"taxonomy":"product_tag","embeddable":true,"href":"https:\/\/www.heddata.se\/webbutik\/wp-json\/wp\/v2\/product_tag?post=92143"}],"curies":[{"name":"wp","href":"https:\/\/api.w.org\/{rel}","templated":true}]}}