{"id":92096,"date":"2021-10-20T14:18:03","date_gmt":"2021-10-20T12:18:03","guid":{"rendered":"https:\/\/www.heddata.se\/webbutik\/?post_type=product&#038;p=92096"},"modified":"2026-04-09T11:18:32","modified_gmt":"2026-04-09T09:18:32","slug":"philips-led-tv-32phs5525-12","status":"publish","type":"product","link":"https:\/\/www.heddata.se\/webbutik\/produkt\/philips-led-tv-32phs5525-12\/","title":{"rendered":"Philips LED TV 32PHS5525\/12"},"content":{"rendered":"<h3>Philips LED TV 32PHS5525\/12<\/h3>\n<h4><strong>L\u00e4tt att flytta, prisv\u00e4rd<\/strong><\/h4>\n<p>Letar du efter en TV som \u00e4r bra men inte alltf\u00f6r avancerad? Den h\u00e4r kompakta, prisv\u00e4rda LED <a href=\"https:\/\/www.heddata.se\/webbutik\/tv-apparater\/\">TV:n<\/a> har allt du beh\u00f6ver och inget \u00f6verfl\u00f6digt. Pixel Plus HD ger skarp bild, ljudet \u00e4r klart och den \u00e4r l\u00e4tt att flytta till ett annat rum.<\/p>\n<h4><strong>Pixel Plus HD &#8211; Skarpa bilder, oavsett k\u00e4lla<\/strong><\/h4>\n<p>Philips Pixel Plus HD-motorn optimerar bildkvaliteten s\u00e5 att du f\u00e5r rena bilder med vackra kontraster. Oavsett om du str\u00f6mmar onlineinneh\u00e5ll eller tittar p\u00e5 kabel-TV f\u00e5r du skarpare bilder med ljusare vitt och djupare sv\u00e4rta.<\/p>\n<h4><strong><a href=\"https:\/\/www.philips.se\/\" target=\"_blank\" rel=\"noopener\">Philips<\/a> LED TV 32PHS5525\/12 specifikationer:<\/strong><\/h4>\n<table class=\"data-table\">\n<tbody>\n<tr class=\"odd\">\n<td class=\"spec-name\">Str\u00f6mkonsumtionsst\u00e4ll med<\/td>\n<td class=\"spec-value\">0.3 Watt<\/td>\n<\/tr>\n<tr class=\"even\">\n<td class=\"spec-name\">Antal USB-portar<\/td>\n<td class=\"spec-value\">1<\/td>\n<\/tr>\n<tr class=\"odd\">\n<td class=\"spec-name\">Uteffekt \/ total<\/td>\n<td class=\"spec-value\">10 Watt<\/td>\n<\/tr>\n<tr class=\"even\">\n<td class=\"spec-name\">Monteringsgr\u00e4nssnitt f\u00f6r platt bildsk\u00e4rm<\/td>\n<td class=\"spec-value\">100 x 100 mm<\/td>\n<\/tr>\n<tr class=\"odd\">\n<td class=\"spec-name\">Text-TV-minne<\/td>\n<td class=\"spec-value\">1000 sidor<\/td>\n<\/tr>\n<tr class=\"even\">\n<td class=\"spec-name\">Djup (brutto)<\/td>\n<td class=\"spec-value\">13.3 cm<\/td>\n<\/tr>\n<tr class=\"odd\">\n<td class=\"spec-name\">Datoruppl\u00f6sningar som st\u00f6ds<\/td>\n<td class=\"spec-value\">1366 x 768<\/td>\n<\/tr>\n<tr class=\"even\">\n<td class=\"spec-name\">Uppl\u00f6sning<\/td>\n<td class=\"spec-value\">1366 x 768<\/td>\n<\/tr>\n<tr class=\"odd\">\n<td class=\"spec-name\">Bildkvot<\/td>\n<td class=\"spec-value\">16:9<\/td>\n<\/tr>\n<tr class=\"even\">\n<td class=\"spec-name\">Antal batterier som medf\u00f6ljer<\/td>\n<td class=\"spec-value\">2<\/td>\n<\/tr>\n<tr class=\"odd\">\n<td class=\"spec-name\">H\u00f6gtalarsystem<\/td>\n<td class=\"spec-value\">2 h\u00f6gtalare<\/td>\n<\/tr>\n<tr class=\"even\">\n<td class=\"spec-name\">HDMI-portskvantitet<\/td>\n<td class=\"spec-value\">2 portar<\/td>\n<\/tr>\n<tr class=\"odd\">\n<td class=\"spec-name\">H\u00f6gtalare<\/td>\n<td class=\"spec-value\">2 x h\u00f6gtalare &#8211; 5 Watt<\/td>\n<\/tr>\n<tr class=\"even\">\n<td class=\"spec-name\">Str\u00f6mf\u00f6rbrukning (P\u00e5-l\u00e4ge)<\/td>\n<td class=\"spec-value\">24 kWh\/1 000 h<\/td>\n<\/tr>\n<tr class=\"odd\">\n<td class=\"spec-name\">Str\u00f6mkonsumtion (driftl\u00e4ge)<\/td>\n<td class=\"spec-value\">24 W<\/td>\n<\/tr>\n<tr class=\"even\">\n<td class=\"spec-name\">Vikt<\/td>\n<td class=\"spec-value\">3.9 kg<\/td>\n<\/tr>\n<tr class=\"odd\">\n<td class=\"spec-name\">Diagonalklass<\/td>\n<td class=\"spec-value\">32&#8243;<\/td>\n<\/tr>\n<tr class=\"even\">\n<td class=\"spec-name\">Max temperatur vid drift<\/td>\n<td class=\"spec-value\">35 \u00b0C<\/td>\n<\/tr>\n<tr class=\"odd\">\n<td class=\"spec-name\">Energikonsumtion per \u00e5r<\/td>\n<td class=\"spec-value\">36 kWh<\/td>\n<\/tr>\n<tr class=\"even\">\n<td class=\"spec-name\">H\u00f6jd<\/td>\n<td class=\"spec-value\">43.6 cm<\/td>\n<\/tr>\n<tr class=\"odd\">\n<td class=\"spec-name\">Min temperatur vid drift<\/td>\n<td class=\"spec-value\">5 \u00b0C<\/td>\n<\/tr>\n<tr class=\"even\">\n<td class=\"spec-name\">Vikt (brutto)<\/td>\n<td class=\"spec-value\">5.7 kg<\/td>\n<\/tr>\n<tr class=\"odd\">\n<td class=\"spec-name\">H\u00f6jd (brutto)<\/td>\n<td class=\"spec-value\">52 cm<\/td>\n<\/tr>\n<tr class=\"even\">\n<td class=\"spec-name\">Serie<\/td>\n<td class=\"spec-value\">5500 Series<\/td>\n<\/tr>\n<tr class=\"odd\">\n<td class=\"spec-name\">Ing\u00e5ngsvideoformat<\/td>\n<td class=\"spec-value\">720\/60p<\/td>\n<\/tr>\n<tr class=\"even\">\n<td class=\"spec-name\">Visningsformat<\/td>\n<td class=\"spec-value\">720p<\/td>\n<\/tr>\n<tr class=\"odd\">\n<td class=\"spec-name\">Bredd<\/td>\n<td class=\"spec-value\">73.26 cm<\/td>\n<\/tr>\n<tr class=\"even\">\n<td class=\"spec-name\">Bredd (brutto)<\/td>\n<td class=\"spec-value\">79.8 cm<\/td>\n<\/tr>\n<tr class=\"odd\">\n<td class=\"spec-name\">Djup<\/td>\n<td class=\"spec-value\">8.11 cm<\/td>\n<\/tr>\n<tr class=\"even\">\n<td class=\"spec-name\">Batteriets formfaktor<\/td>\n<td class=\"spec-value\">AAA-typ<\/td>\n<\/tr>\n<tr class=\"odd\">\n<td class=\"spec-name\">Nominell sp\u00e4nning<\/td>\n<td class=\"spec-value\">AC 230 V (50\/60 Hz)<\/td>\n<\/tr>\n<tr class=\"even\">\n<td class=\"spec-name\">Ytterligare funktioner<\/td>\n<td class=\"spec-value\">Baskontroll, ARC (Audio Return Channel), System Audio Control, Smart Sound<\/td>\n<\/tr>\n<tr class=\"odd\">\n<td class=\"spec-name\">Bildformat som st\u00f6ds<\/td>\n<td class=\"spec-value\">BMP, GIF, PNG, JPEG<\/td>\n<\/tr>\n<tr class=\"even\">\n<td class=\"spec-name\">Design st\u00e4ll<\/td>\n<td class=\"spec-value\">Bordsmodell<\/td>\n<\/tr>\n<tr class=\"odd\">\n<td class=\"spec-name\">Villkorsstyrd \u00e5tkomst<\/td>\n<td class=\"spec-value\">Common Interface Plus-kortplats (CI+)<\/td>\n<\/tr>\n<tr class=\"even\">\n<td class=\"spec-name\">Elektronisk programguide<\/td>\n<td class=\"spec-value\">Digital EPG<\/td>\n<\/tr>\n<tr class=\"odd\">\n<td class=\"spec-name\">Digital TV-mottagare<\/td>\n<td class=\"spec-value\">DVB-C, DVB-S, DVB-S2, DVB-T, DVB-T2<\/td>\n<\/tr>\n<tr class=\"even\">\n<td class=\"spec-name\">St\u00f6d f\u00f6r CEC<\/td>\n<td class=\"spec-value\">EasyLink<\/td>\n<\/tr>\n<tr class=\"odd\">\n<td class=\"spec-name\">L\u00e4gen<\/td>\n<td class=\"spec-value\">Ekol\u00e4ge<\/td>\n<\/tr>\n<tr class=\"even\">\n<td class=\"spec-name\">Typ<\/td>\n<td class=\"spec-value\">Fj\u00e4rrkontroll<\/td>\n<\/tr>\n<tr class=\"odd\">\n<td class=\"spec-name\">Egenskaper<\/td>\n<td class=\"spec-value\">Fj\u00e4rrkontrollgenomf\u00f6ring<\/td>\n<\/tr>\n<tr class=\"even\">\n<td class=\"spec-name\">Videogr\u00e4nssnitt<\/td>\n<td class=\"spec-value\">HDMI<\/td>\n<\/tr>\n<tr class=\"odd\">\n<td class=\"spec-name\">Specifikationer f\u00f6r drivrutin<\/td>\n<td class=\"spec-value\">H\u00f6gtalare: 2 x universell drivrutin<\/td>\n<\/tr>\n<tr class=\"even\">\n<td class=\"spec-name\">Ljudeffekter<\/td>\n<td class=\"spec-value\">Incredible Surround, Clear Sound<\/td>\n<\/tr>\n<tr class=\"odd\">\n<td class=\"spec-name\">St\u00e4ll<\/td>\n<td class=\"spec-value\">Inkluderad<\/td>\n<\/tr>\n<tr class=\"even\">\n<td class=\"spec-name\">\u00d6verensst\u00e4mmer med VESA<\/td>\n<td class=\"spec-value\">Ja<\/td>\n<\/tr>\n<tr class=\"odd\">\n<td class=\"spec-name\">HDTV-mottagare<\/td>\n<td class=\"spec-value\">Ja<\/td>\n<\/tr>\n<tr class=\"even\">\n<td class=\"spec-name\">USB-port<\/td>\n<td class=\"spec-value\">Ja<\/td>\n<\/tr>\n<tr class=\"odd\">\n<td class=\"spec-name\">Text-TV<\/td>\n<td class=\"spec-value\">Ja<\/td>\n<\/tr>\n<tr class=\"even\">\n<td class=\"spec-name\">Automatisk av-\/p\u00e5slagning<\/td>\n<td class=\"spec-value\">Ja<\/td>\n<\/tr>\n<tr class=\"odd\">\n<td class=\"spec-name\">Surround-l\u00e4ge<\/td>\n<td class=\"spec-value\">Ja<\/td>\n<\/tr>\n<tr class=\"even\">\n<td class=\"spec-name\">TV-mottagaravk\u00e4nning<\/td>\n<td class=\"spec-value\">JA<\/td>\n<\/tr>\n<tr class=\"odd\">\n<td class=\"spec-name\">Energiklass<\/td>\n<td class=\"spec-value\">Klass E<\/td>\n<\/tr>\n<tr class=\"even\">\n<td class=\"spec-name\">LCD-teknik f\u00f6r bakgrundsbelysning<\/td>\n<td class=\"spec-value\">LED-bakgrundsbelysning<\/td>\n<\/tr>\n<tr class=\"odd\">\n<td class=\"spec-name\">Typ av produkt<\/td>\n<td class=\"spec-value\">LED-bakgrundsbelyst LCD-TV<\/td>\n<\/tr>\n<tr class=\"even\">\n<td class=\"spec-name\">F\u00e4rg<\/td>\n<td class=\"spec-value\">Mellersta silver<\/td>\n<\/tr>\n<tr class=\"odd\">\n<td class=\"spec-name\">Ljudformat som st\u00f6ds<\/td>\n<td class=\"spec-value\">MP3, WMA, WAV, AAC<\/td>\n<\/tr>\n<tr class=\"even\">\n<td class=\"spec-name\">Videoformat som st\u00f6ds<\/td>\n<td class=\"spec-value\">MPEG-1, MPEG-2, MPEG-4, WMV, AVI, MKV, AVC, H.264, VC-1, HEVC<\/td>\n<\/tr>\n<tr class=\"odd\">\n<td class=\"spec-name\">MPEG-profiler og niv\u00e5er<\/td>\n<td class=\"spec-value\">MPEG4\/MPEG2<\/td>\n<\/tr>\n<tr class=\"even\">\n<td class=\"spec-name\">Analoga videoinsignaler<\/td>\n<td class=\"spec-value\">NTSC, PAL, SECAM<\/td>\n<\/tr>\n<tr class=\"odd\">\n<td class=\"spec-name\">Analog TV-mottagare<\/td>\n<td class=\"spec-value\">NTSC, PAL, SECAM<\/td>\n<\/tr>\n<tr class=\"even\">\n<td class=\"spec-name\">N\u00e4tdel<\/td>\n<td class=\"spec-value\">N\u00e4taggregat<\/td>\n<\/tr>\n<tr class=\"odd\">\n<td class=\"spec-name\">Egenskaper<\/td>\n<td class=\"spec-value\">One touch Play<\/td>\n<\/tr>\n<tr class=\"even\">\n<td class=\"spec-name\">Bildf\u00f6rb\u00e4ttringar<\/td>\n<td class=\"spec-value\">Pixel Plus HD<\/td>\n<\/tr>\n<tr class=\"odd\">\n<td class=\"spec-name\">Egenskaper st\u00e4ll<\/td>\n<td class=\"spec-value\">R\u00e4fflad fot i silver<\/td>\n<\/tr>\n<tr class=\"even\">\n<td class=\"spec-name\">M\u00e5tt och vikt (komponenter)<\/td>\n<td class=\"spec-value\">Sk\u00e4rm utan st\u00e4ll &#8211; 73.26 cm x 8.11 cm x 43.6 cm x 3.9 kg \u00a6 Sk\u00e4rm med st\u00e4ll &#8211; 73.26 cm x 16.65 cm x 45.39 cm x 4 kg<\/td>\n<\/tr>\n<tr class=\"odd\">\n<td class=\"spec-name\">Funktioner<\/td>\n<td class=\"spec-value\">Systemvilol\u00e4ge<\/td>\n<\/tr>\n<tr class=\"even\">\n<td class=\"spec-name\">Anslutningstyp<\/td>\n<td class=\"spec-value\">USB &#8211; sida \u00a6 H\u00f6rlurar &#8211; nedre del \u00a6 2 x HDMI &#8211; nedre del \u00a6 Digital ljudutg\u00e5ng (optisk) &#8211; nedre del<\/td>\n<\/tr>\n<tr class=\"odd\">\n<td class=\"spec-name\">Dimensioner<\/td>\n<td class=\"spec-value\">Utan st\u00e4ll<\/td>\n<\/tr>\n<\/tbody>\n<\/table>\n","protected":false},"excerpt":{"rendered":"<p>Philips LED TV 32PHS5525\/12<\/p>\n","protected":false},"featured_media":92102,"template":"","meta":[],"product_brand":[],"product_cat":[60,85],"product_tag":[],"class_list":{"0":"post-92096","1":"product","2":"type-product","3":"status-publish","4":"has-post-thumbnail","6":"product_cat-hemelektronik","7":"product_cat-tv-apparater","9":"first","10":"outofstock","11":"taxable","12":"shipping-taxable","13":"product-type-simple"},"yoast_head":"<!-- This site is optimized with the Yoast SEO Premium plugin v26.7 (Yoast SEO v26.7) - https:\/\/yoast.com\/wordpress\/plugins\/seo\/ -->\n<title>Philips LED TV 32PHS5525\/12, bra men inte alltf\u00f6r avancerad<\/title>\n<meta name=\"description\" content=\"Philips LED TV 32PHS5525\/12, bra men inte alltf\u00f6r avancerad? Den h\u00e4r kompakta, prisv\u00e4rda LED TV:n har allt du beh\u00f6ver och inget \u00f6verfl\u00f6digt.\" \/>\n<meta name=\"robots\" content=\"index, follow, max-snippet:-1, max-image-preview:large, max-video-preview:-1\" \/>\n<link rel=\"canonical\" href=\"https:\/\/www.heddata.se\/webbutik\/produkt\/philips-led-tv-32phs5525-12\/\" \/>\n<meta property=\"og:locale\" content=\"sv_SE\" \/>\n<meta property=\"og:type\" content=\"article\" \/>\n<meta property=\"og:title\" content=\"Philips LED TV 32PHS5525\/12\" \/>\n<meta property=\"og:description\" content=\"Philips LED TV 32PHS5525\/12, bra men inte alltf\u00f6r avancerad? Den h\u00e4r kompakta, prisv\u00e4rda LED TV:n har allt du beh\u00f6ver och inget \u00f6verfl\u00f6digt.\" \/>\n<meta property=\"og:url\" content=\"https:\/\/www.heddata.se\/webbutik\/produkt\/philips-led-tv-32phs5525-12\/\" \/>\n<meta property=\"og:site_name\" content=\"Datorer, Skrivare, F\u00e4rgpatroner, Mobiltelefoner\" \/>\n<meta property=\"article:modified_time\" content=\"2026-04-09T09:18:32+00:00\" \/>\n<meta property=\"og:image\" content=\"https:\/\/www.heddata.se\/webbutik\/wp-content\/uploads\/webbutik\/kategorier\/tv\/32phs5525-12.jpeg\" \/>\n\t<meta property=\"og:image:width\" content=\"1062\" \/>\n\t<meta property=\"og:image:height\" content=\"1062\" \/>\n\t<meta property=\"og:image:type\" content=\"image\/jpeg\" \/>\n<meta name=\"twitter:card\" content=\"summary_large_image\" \/>\n<meta name=\"twitter:label1\" content=\"Ber\u00e4knad l\u00e4stid\" \/>\n\t<meta name=\"twitter:data1\" content=\"2 minuter\" \/>\n<script type=\"application\/ld+json\" class=\"yoast-schema-graph\">{\"@context\":\"https:\/\/schema.org\",\"@graph\":[{\"@type\":\"WebPage\",\"@id\":\"https:\/\/www.heddata.se\/webbutik\/produkt\/philips-led-tv-32phs5525-12\/\",\"url\":\"https:\/\/www.heddata.se\/webbutik\/produkt\/philips-led-tv-32phs5525-12\/\",\"name\":\"Philips LED TV 32PHS5525\/12, bra men inte alltf\u00f6r avancerad\",\"isPartOf\":{\"@id\":\"https:\/\/www.heddata.se\/webbutik\/#website\"},\"primaryImageOfPage\":{\"@id\":\"https:\/\/www.heddata.se\/webbutik\/produkt\/philips-led-tv-32phs5525-12\/#primaryimage\"},\"image\":{\"@id\":\"https:\/\/www.heddata.se\/webbutik\/produkt\/philips-led-tv-32phs5525-12\/#primaryimage\"},\"thumbnailUrl\":\"https:\/\/www.heddata.se\/webbutik\/wp-content\/uploads\/webbutik\/kategorier\/tv\/32phs5525-12.jpeg\",\"datePublished\":\"2021-10-20T12:18:03+00:00\",\"dateModified\":\"2026-04-09T09:18:32+00:00\",\"description\":\"Philips LED TV 32PHS5525\/12, bra men inte alltf\u00f6r avancerad? Den h\u00e4r kompakta, prisv\u00e4rda LED TV:n har allt du beh\u00f6ver och inget \u00f6verfl\u00f6digt.\",\"breadcrumb\":{\"@id\":\"https:\/\/www.heddata.se\/webbutik\/produkt\/philips-led-tv-32phs5525-12\/#breadcrumb\"},\"inLanguage\":\"sv-SE\",\"potentialAction\":[{\"@type\":\"ReadAction\",\"target\":[\"https:\/\/www.heddata.se\/webbutik\/produkt\/philips-led-tv-32phs5525-12\/\"]}]},{\"@type\":\"ImageObject\",\"inLanguage\":\"sv-SE\",\"@id\":\"https:\/\/www.heddata.se\/webbutik\/produkt\/philips-led-tv-32phs5525-12\/#primaryimage\",\"url\":\"https:\/\/www.heddata.se\/webbutik\/wp-content\/uploads\/webbutik\/kategorier\/tv\/32phs5525-12.jpeg\",\"contentUrl\":\"https:\/\/www.heddata.se\/webbutik\/wp-content\/uploads\/webbutik\/kategorier\/tv\/32phs5525-12.jpeg\",\"width\":1062,\"height\":1062,\"caption\":\"Philips LED TV 32PHS5525\/12\"},{\"@type\":\"BreadcrumbList\",\"@id\":\"https:\/\/www.heddata.se\/webbutik\/produkt\/philips-led-tv-32phs5525-12\/#breadcrumb\",\"itemListElement\":[{\"@type\":\"ListItem\",\"position\":1,\"name\":\"Hem\",\"item\":\"https:\/\/www.heddata.se\/webbutik\/\"},{\"@type\":\"ListItem\",\"position\":2,\"name\":\"Produkter\",\"item\":\"https:\/\/www.heddata.se\/webbutik\/shop\/\"},{\"@type\":\"ListItem\",\"position\":3,\"name\":\"Philips LED TV 32PHS5525\/12\"}]},{\"@type\":\"WebSite\",\"@id\":\"https:\/\/www.heddata.se\/webbutik\/#website\",\"url\":\"https:\/\/www.heddata.se\/webbutik\/\",\"name\":\"Datorer, Skrivare, F\u00e4rgpatroner, Mobiltelefoner\",\"description\":\"Kablar\",\"publisher\":{\"@id\":\"https:\/\/www.heddata.se\/webbutik\/#organization\"},\"potentialAction\":[{\"@type\":\"SearchAction\",\"target\":{\"@type\":\"EntryPoint\",\"urlTemplate\":\"https:\/\/www.heddata.se\/webbutik\/?s={search_term_string}\"},\"query-input\":{\"@type\":\"PropertyValueSpecification\",\"valueRequired\":true,\"valueName\":\"search_term_string\"}}],\"inLanguage\":\"sv-SE\"},{\"@type\":\"Organization\",\"@id\":\"https:\/\/www.heddata.se\/webbutik\/#organization\",\"name\":\"Heddata AB\",\"url\":\"https:\/\/www.heddata.se\/webbutik\/\",\"logo\":{\"@type\":\"ImageObject\",\"inLanguage\":\"sv-SE\",\"@id\":\"https:\/\/www.heddata.se\/webbutik\/#\/schema\/logo\/image\/\",\"url\":\"https:\/\/www.heddata.se\/webbutik\/wp-content\/uploads\/logga\/heddata-ab-logga.png\",\"contentUrl\":\"https:\/\/www.heddata.se\/webbutik\/wp-content\/uploads\/logga\/heddata-ab-logga.png\",\"width\":200,\"height\":64,\"caption\":\"Heddata AB\"},\"image\":{\"@id\":\"https:\/\/www.heddata.se\/webbutik\/#\/schema\/logo\/image\/\"}}]}<\/script>\n<!-- \/ Yoast SEO Premium plugin. -->","yoast_head_json":{"title":"Philips LED TV 32PHS5525\/12, bra men inte alltf\u00f6r avancerad","description":"Philips LED TV 32PHS5525\/12, bra men inte alltf\u00f6r avancerad? Den h\u00e4r kompakta, prisv\u00e4rda LED TV:n har allt du beh\u00f6ver och inget \u00f6verfl\u00f6digt.","robots":{"index":"index","follow":"follow","max-snippet":"max-snippet:-1","max-image-preview":"max-image-preview:large","max-video-preview":"max-video-preview:-1"},"canonical":"https:\/\/www.heddata.se\/webbutik\/produkt\/philips-led-tv-32phs5525-12\/","og_locale":"sv_SE","og_type":"article","og_title":"Philips LED TV 32PHS5525\/12","og_description":"Philips LED TV 32PHS5525\/12, bra men inte alltf\u00f6r avancerad? Den h\u00e4r kompakta, prisv\u00e4rda LED TV:n har allt du beh\u00f6ver och inget \u00f6verfl\u00f6digt.","og_url":"https:\/\/www.heddata.se\/webbutik\/produkt\/philips-led-tv-32phs5525-12\/","og_site_name":"Datorer, Skrivare, F\u00e4rgpatroner, Mobiltelefoner","article_modified_time":"2026-04-09T09:18:32+00:00","og_image":[{"width":1062,"height":1062,"url":"https:\/\/www.heddata.se\/webbutik\/wp-content\/uploads\/webbutik\/kategorier\/tv\/32phs5525-12.jpeg","type":"image\/jpeg"}],"twitter_card":"summary_large_image","twitter_misc":{"Ber\u00e4knad l\u00e4stid":"2 minuter"},"schema":{"@context":"https:\/\/schema.org","@graph":[{"@type":"WebPage","@id":"https:\/\/www.heddata.se\/webbutik\/produkt\/philips-led-tv-32phs5525-12\/","url":"https:\/\/www.heddata.se\/webbutik\/produkt\/philips-led-tv-32phs5525-12\/","name":"Philips LED TV 32PHS5525\/12, bra men inte alltf\u00f6r avancerad","isPartOf":{"@id":"https:\/\/www.heddata.se\/webbutik\/#website"},"primaryImageOfPage":{"@id":"https:\/\/www.heddata.se\/webbutik\/produkt\/philips-led-tv-32phs5525-12\/#primaryimage"},"image":{"@id":"https:\/\/www.heddata.se\/webbutik\/produkt\/philips-led-tv-32phs5525-12\/#primaryimage"},"thumbnailUrl":"https:\/\/www.heddata.se\/webbutik\/wp-content\/uploads\/webbutik\/kategorier\/tv\/32phs5525-12.jpeg","datePublished":"2021-10-20T12:18:03+00:00","dateModified":"2026-04-09T09:18:32+00:00","description":"Philips LED TV 32PHS5525\/12, bra men inte alltf\u00f6r avancerad? Den h\u00e4r kompakta, prisv\u00e4rda LED TV:n har allt du beh\u00f6ver och inget \u00f6verfl\u00f6digt.","breadcrumb":{"@id":"https:\/\/www.heddata.se\/webbutik\/produkt\/philips-led-tv-32phs5525-12\/#breadcrumb"},"inLanguage":"sv-SE","potentialAction":[{"@type":"ReadAction","target":["https:\/\/www.heddata.se\/webbutik\/produkt\/philips-led-tv-32phs5525-12\/"]}]},{"@type":"ImageObject","inLanguage":"sv-SE","@id":"https:\/\/www.heddata.se\/webbutik\/produkt\/philips-led-tv-32phs5525-12\/#primaryimage","url":"https:\/\/www.heddata.se\/webbutik\/wp-content\/uploads\/webbutik\/kategorier\/tv\/32phs5525-12.jpeg","contentUrl":"https:\/\/www.heddata.se\/webbutik\/wp-content\/uploads\/webbutik\/kategorier\/tv\/32phs5525-12.jpeg","width":1062,"height":1062,"caption":"Philips LED TV 32PHS5525\/12"},{"@type":"BreadcrumbList","@id":"https:\/\/www.heddata.se\/webbutik\/produkt\/philips-led-tv-32phs5525-12\/#breadcrumb","itemListElement":[{"@type":"ListItem","position":1,"name":"Hem","item":"https:\/\/www.heddata.se\/webbutik\/"},{"@type":"ListItem","position":2,"name":"Produkter","item":"https:\/\/www.heddata.se\/webbutik\/shop\/"},{"@type":"ListItem","position":3,"name":"Philips LED TV 32PHS5525\/12"}]},{"@type":"WebSite","@id":"https:\/\/www.heddata.se\/webbutik\/#website","url":"https:\/\/www.heddata.se\/webbutik\/","name":"Datorer, Skrivare, F\u00e4rgpatroner, Mobiltelefoner","description":"Kablar","publisher":{"@id":"https:\/\/www.heddata.se\/webbutik\/#organization"},"potentialAction":[{"@type":"SearchAction","target":{"@type":"EntryPoint","urlTemplate":"https:\/\/www.heddata.se\/webbutik\/?s={search_term_string}"},"query-input":{"@type":"PropertyValueSpecification","valueRequired":true,"valueName":"search_term_string"}}],"inLanguage":"sv-SE"},{"@type":"Organization","@id":"https:\/\/www.heddata.se\/webbutik\/#organization","name":"Heddata AB","url":"https:\/\/www.heddata.se\/webbutik\/","logo":{"@type":"ImageObject","inLanguage":"sv-SE","@id":"https:\/\/www.heddata.se\/webbutik\/#\/schema\/logo\/image\/","url":"https:\/\/www.heddata.se\/webbutik\/wp-content\/uploads\/logga\/heddata-ab-logga.png","contentUrl":"https:\/\/www.heddata.se\/webbutik\/wp-content\/uploads\/logga\/heddata-ab-logga.png","width":200,"height":64,"caption":"Heddata AB"},"image":{"@id":"https:\/\/www.heddata.se\/webbutik\/#\/schema\/logo\/image\/"}}]}},"_links":{"self":[{"href":"https:\/\/www.heddata.se\/webbutik\/wp-json\/wp\/v2\/product\/92096","targetHints":{"allow":["GET"]}}],"collection":[{"href":"https:\/\/www.heddata.se\/webbutik\/wp-json\/wp\/v2\/product"}],"about":[{"href":"https:\/\/www.heddata.se\/webbutik\/wp-json\/wp\/v2\/types\/product"}],"wp:featuredmedia":[{"embeddable":true,"href":"https:\/\/www.heddata.se\/webbutik\/wp-json\/wp\/v2\/media\/92102"}],"wp:attachment":[{"href":"https:\/\/www.heddata.se\/webbutik\/wp-json\/wp\/v2\/media?parent=92096"}],"wp:term":[{"taxonomy":"product_brand","embeddable":true,"href":"https:\/\/www.heddata.se\/webbutik\/wp-json\/wp\/v2\/product_brand?post=92096"},{"taxonomy":"product_cat","embeddable":true,"href":"https:\/\/www.heddata.se\/webbutik\/wp-json\/wp\/v2\/product_cat?post=92096"},{"taxonomy":"product_tag","embeddable":true,"href":"https:\/\/www.heddata.se\/webbutik\/wp-json\/wp\/v2\/product_tag?post=92096"}],"curies":[{"name":"wp","href":"https:\/\/api.w.org\/{rel}","templated":true}]}}