{"id":92092,"date":"2021-10-20T10:18:08","date_gmt":"2021-10-20T08:18:08","guid":{"rendered":"https:\/\/www.heddata.se\/webbutik\/?post_type=product&#038;p=92092"},"modified":"2026-04-07T09:40:49","modified_gmt":"2026-04-07T07:40:49","slug":"displayport-adapter-displayport-hane-dvi-d-241-pin-hona","status":"publish","type":"product","link":"https:\/\/www.heddata.se\/webbutik\/produkt\/displayport-adapter-displayport-hane-dvi-d-241-pin-hona\/","title":{"rendered":"Displayport-adapter DisplayPort Hane DVI-D 24+1-Pin Hona"},"content":{"rendered":"<p>Displayport-adapter DisplayPort Hane DVI-D 24+1-Pin Hona<\/p>\n<div class=\"description\">\n<div class=\"d-flex flex-column\">\n<div class=\"position-relative\">\n<div class=\"\">\n<p class=\"p-0 m-0\">Den h\u00e4r adapterkabeln konverterar DisplayPort-signaler till DVI-D-signaler. Perfekt f\u00f6r att ansluta DisplayPort-enheter till din <a href=\"https:\/\/www.heddata.se\/webbutik\/datorer\/\">dator.<\/a> Du kan ansluta en DVI-D-kabel till adapterkabeln.<\/p>\n<\/div>\n<\/div>\n<\/div>\n<\/div>\n<h4 class=\"mt-3\"><strong class=\"d-block\">Egenskaper<\/strong><\/h4>\n<p class=\"m-0\">\u2022 Aktivt chipset ger b\u00e4ttre kompatibilitet. \u2022 St\u00f6d f\u00f6r flera f\u00e4rgformat: RGB 6\/8\/10\/12-bitar per komponent (bpc), YCbCr4:4:4, YCbCr4:2:2, 8\/10\/12\u00a0bpc. \u2022 St\u00f6d f\u00f6r 10\/12-bitars Deep Color 1080p upp till 2.25\u00a0Gbit\/s. \u2022 Inneh\u00e5llsst\u00f6d f\u00f6r HDCP Rx- och Tx-tangenter ger st\u00f6d f\u00f6r HDCP-repeater. \u2022 St\u00f6d f\u00f6r DVI 1.0-s\u00e4ndare. \u2022 Integrerade HDCP Rx- och Tx-tangenter ger st\u00f6d f\u00f6r HDCP-repeater. \u2022 Drivs via DisplayPort-k\u00e4lla.<\/p>\n<div id=\"package-contents\">\n<div class=\"border-top-md-down py-4 py-md-0\">\n<h4 id=\"package-contents\">Paketet inneh\u00e5ller<\/h4>\n<p>1x DisplayPort Adapter<\/p>\n<\/div>\n<\/div>\n<div id=\"information\"><\/div>\n<div class=\"border-top-md-down py-4 py-md-0\">\n<h4 id=\"specifications\">Displayport-adapter DisplayPort Hane <a href=\"https:\/\/nedis.se\/sv-se\" target=\"_blank\" rel=\"noopener\">produktspecifikationer:<\/a><\/h4>\n<table class=\"table table-dashed-border\">\n<tbody>\n<tr>\n<th scope=\"row\">F\u00e4rg<\/th>\n<td>Antracit<\/td>\n<\/tr>\n<tr>\n<th scope=\"row\">F\u00f6rpackningstyp<\/th>\n<td>Kartong med f\u00f6nster<\/td>\n<\/tr>\n<tr>\n<th scope=\"row\">Anslutningsdesign \u2013 sida B<\/th>\n<td>Rak<\/td>\n<\/tr>\n<tr>\n<th scope=\"row\">Anslutningsdesign \u2013 sida A<\/th>\n<td>Rak<\/td>\n<\/tr>\n<tr>\n<th scope=\"row\">Kabelns utformning<\/th>\n<td>Rund<\/td>\n<\/tr>\n<tr>\n<th scope=\"row\">Kontaktspl\u00e4tering<\/th>\n<td>Guldplaterad<\/td>\n<\/tr>\n<tr>\n<th scope=\"row\">Kabelmantelns material<\/th>\n<td>PVC<\/td>\n<\/tr>\n<tr>\n<th scope=\"row\">Kabelmantelstorlek<\/th>\n<td>4.5 mm<\/td>\n<\/tr>\n<tr>\n<th scope=\"row\">Kabell\u00e4ngd<\/th>\n<td>0.20 m<\/td>\n<\/tr>\n<tr>\n<th scope=\"row\">Material<\/th>\n<td>PVC<\/td>\n<\/tr>\n<tr>\n<th scope=\"row\">Adapterutformning<\/th>\n<td>Rak<\/td>\n<\/tr>\n<tr>\n<th scope=\"row\">Kontakt B<\/th>\n<td>DVI-D 24+1-Pin Hona<\/td>\n<\/tr>\n<tr>\n<th scope=\"row\">Maximal uppl\u00f6sning<\/th>\n<td>1080p<br \/>\n1280&#215;720<\/td>\n<\/tr>\n<tr>\n<th scope=\"row\">Ledarmaterial<\/th>\n<td>F\u00f6rtent Koppar<\/td>\n<\/tr>\n<tr>\n<th scope=\"row\">Adaptertyp<\/th>\n<td>Adapter<\/td>\n<\/tr>\n<tr>\n<th scope=\"row\">Kontakt A<\/th>\n<td>DisplayPort Hane<\/td>\n<\/tr>\n<tr>\n<th scope=\"row\">AWG-v\u00e4rde<\/th>\n<td>34\/32<\/td>\n<\/tr>\n<tr>\n<th scope=\"row\">Resolution standard<\/th>\n<td>Full HD<br \/>\nHD<\/td>\n<\/tr>\n<tr>\n<th scope=\"row\">Adapterhus material<\/th>\n<td>PVC<\/td>\n<\/tr>\n<tr>\n<th scope=\"row\">Displayport teknologi<\/th>\n<td>DisplayPort 1.2<\/td>\n<\/tr>\n<tr>\n<th scope=\"row\">Maximal \u00f6verf\u00f6ringshastighet<\/th>\n<td>2.25 Gbps<\/td>\n<\/tr>\n<\/tbody>\n<\/table>\n<\/div>\n","protected":false},"excerpt":{"rendered":"<p>Displayport-adapter DisplayPort Hane DVI-D 24+1-Pin Hona<\/p>\n","protected":false},"featured_media":92110,"template":"","meta":[],"product_brand":[],"product_cat":[79,76,59],"product_tag":[],"class_list":{"0":"post-92092","1":"product","2":"type-product","3":"status-publish","4":"has-post-thumbnail","6":"product_cat-adaptrar","7":"product_cat-bild-kablar","8":"product_cat-kablar","10":"first","11":"outofstock","12":"taxable","13":"shipping-taxable","14":"product-type-simple"},"yoast_head":"<!-- This site is optimized with the Yoast SEO Premium plugin v26.7 (Yoast SEO v26.7) - https:\/\/yoast.com\/wordpress\/plugins\/seo\/ -->\n<title>Displayport-adapter DisplayPort Hane DVI-D 24+1-Pin Hona<\/title>\n<meta name=\"description\" content=\"Displayport-adapter DisplayPort Hane DVI-D 24+1-Pin Hona konverterar DisplayPort-signaler till DVI-D-signaler.\" \/>\n<meta name=\"robots\" content=\"index, follow, max-snippet:-1, max-image-preview:large, max-video-preview:-1\" \/>\n<link rel=\"canonical\" href=\"https:\/\/www.heddata.se\/webbutik\/produkt\/displayport-adapter-displayport-hane-dvi-d-241-pin-hona\/\" \/>\n<meta property=\"og:locale\" content=\"sv_SE\" \/>\n<meta property=\"og:type\" content=\"article\" \/>\n<meta property=\"og:title\" content=\"Displayport-adapter DisplayPort Hane DVI-D 24+1-Pin Hona\" \/>\n<meta property=\"og:description\" content=\"Displayport-adapter DisplayPort Hane DVI-D 24+1-Pin Hona konverterar DisplayPort-signaler till DVI-D-signaler.\" \/>\n<meta property=\"og:url\" content=\"https:\/\/www.heddata.se\/webbutik\/produkt\/displayport-adapter-displayport-hane-dvi-d-241-pin-hona\/\" \/>\n<meta property=\"og:site_name\" content=\"Datorer, Skrivare, F\u00e4rgpatroner, Mobiltelefoner\" \/>\n<meta property=\"article:modified_time\" content=\"2026-04-07T07:40:49+00:00\" \/>\n<meta property=\"og:image\" content=\"https:\/\/www.heddata.se\/webbutik\/wp-content\/uploads\/webbutik\/kategorier\/kablar-adaptrar\/ccbw37250at02.jpeg\" \/>\n\t<meta property=\"og:image:width\" content=\"1200\" \/>\n\t<meta property=\"og:image:height\" content=\"1200\" \/>\n\t<meta property=\"og:image:type\" content=\"image\/jpeg\" \/>\n<meta name=\"twitter:card\" content=\"summary_large_image\" \/>\n<meta name=\"twitter:label1\" content=\"Ber\u00e4knad l\u00e4stid\" \/>\n\t<meta name=\"twitter:data1\" content=\"1 minut\" \/>\n<script type=\"application\/ld+json\" class=\"yoast-schema-graph\">{\"@context\":\"https:\/\/schema.org\",\"@graph\":[{\"@type\":\"WebPage\",\"@id\":\"https:\/\/www.heddata.se\/webbutik\/produkt\/displayport-adapter-displayport-hane-dvi-d-241-pin-hona\/\",\"url\":\"https:\/\/www.heddata.se\/webbutik\/produkt\/displayport-adapter-displayport-hane-dvi-d-241-pin-hona\/\",\"name\":\"Displayport-adapter DisplayPort Hane DVI-D 24+1-Pin Hona\",\"isPartOf\":{\"@id\":\"https:\/\/www.heddata.se\/webbutik\/#website\"},\"primaryImageOfPage\":{\"@id\":\"https:\/\/www.heddata.se\/webbutik\/produkt\/displayport-adapter-displayport-hane-dvi-d-241-pin-hona\/#primaryimage\"},\"image\":{\"@id\":\"https:\/\/www.heddata.se\/webbutik\/produkt\/displayport-adapter-displayport-hane-dvi-d-241-pin-hona\/#primaryimage\"},\"thumbnailUrl\":\"https:\/\/www.heddata.se\/webbutik\/wp-content\/uploads\/webbutik\/kategorier\/kablar-adaptrar\/ccbw37250at02.jpeg\",\"datePublished\":\"2021-10-20T08:18:08+00:00\",\"dateModified\":\"2026-04-07T07:40:49+00:00\",\"description\":\"Displayport-adapter DisplayPort Hane DVI-D 24+1-Pin Hona konverterar DisplayPort-signaler till DVI-D-signaler.\",\"breadcrumb\":{\"@id\":\"https:\/\/www.heddata.se\/webbutik\/produkt\/displayport-adapter-displayport-hane-dvi-d-241-pin-hona\/#breadcrumb\"},\"inLanguage\":\"sv-SE\",\"potentialAction\":[{\"@type\":\"ReadAction\",\"target\":[\"https:\/\/www.heddata.se\/webbutik\/produkt\/displayport-adapter-displayport-hane-dvi-d-241-pin-hona\/\"]}]},{\"@type\":\"ImageObject\",\"inLanguage\":\"sv-SE\",\"@id\":\"https:\/\/www.heddata.se\/webbutik\/produkt\/displayport-adapter-displayport-hane-dvi-d-241-pin-hona\/#primaryimage\",\"url\":\"https:\/\/www.heddata.se\/webbutik\/wp-content\/uploads\/webbutik\/kategorier\/kablar-adaptrar\/ccbw37250at02.jpeg\",\"contentUrl\":\"https:\/\/www.heddata.se\/webbutik\/wp-content\/uploads\/webbutik\/kategorier\/kablar-adaptrar\/ccbw37250at02.jpeg\",\"width\":1200,\"height\":1200,\"caption\":\"Displayport-adapter DisplayPort Hane\"},{\"@type\":\"BreadcrumbList\",\"@id\":\"https:\/\/www.heddata.se\/webbutik\/produkt\/displayport-adapter-displayport-hane-dvi-d-241-pin-hona\/#breadcrumb\",\"itemListElement\":[{\"@type\":\"ListItem\",\"position\":1,\"name\":\"Hem\",\"item\":\"https:\/\/www.heddata.se\/webbutik\/\"},{\"@type\":\"ListItem\",\"position\":2,\"name\":\"Produkter\",\"item\":\"https:\/\/www.heddata.se\/webbutik\/shop\/\"},{\"@type\":\"ListItem\",\"position\":3,\"name\":\"Displayport-adapter DisplayPort Hane DVI-D 24+1-Pin Hona\"}]},{\"@type\":\"WebSite\",\"@id\":\"https:\/\/www.heddata.se\/webbutik\/#website\",\"url\":\"https:\/\/www.heddata.se\/webbutik\/\",\"name\":\"Datorer, Skrivare, F\u00e4rgpatroner, Mobiltelefoner\",\"description\":\"Kablar\",\"publisher\":{\"@id\":\"https:\/\/www.heddata.se\/webbutik\/#organization\"},\"potentialAction\":[{\"@type\":\"SearchAction\",\"target\":{\"@type\":\"EntryPoint\",\"urlTemplate\":\"https:\/\/www.heddata.se\/webbutik\/?s={search_term_string}\"},\"query-input\":{\"@type\":\"PropertyValueSpecification\",\"valueRequired\":true,\"valueName\":\"search_term_string\"}}],\"inLanguage\":\"sv-SE\"},{\"@type\":\"Organization\",\"@id\":\"https:\/\/www.heddata.se\/webbutik\/#organization\",\"name\":\"Heddata AB\",\"url\":\"https:\/\/www.heddata.se\/webbutik\/\",\"logo\":{\"@type\":\"ImageObject\",\"inLanguage\":\"sv-SE\",\"@id\":\"https:\/\/www.heddata.se\/webbutik\/#\/schema\/logo\/image\/\",\"url\":\"https:\/\/www.heddata.se\/webbutik\/wp-content\/uploads\/logga\/heddata-ab-logga.png\",\"contentUrl\":\"https:\/\/www.heddata.se\/webbutik\/wp-content\/uploads\/logga\/heddata-ab-logga.png\",\"width\":200,\"height\":64,\"caption\":\"Heddata AB\"},\"image\":{\"@id\":\"https:\/\/www.heddata.se\/webbutik\/#\/schema\/logo\/image\/\"}}]}<\/script>\n<!-- \/ Yoast SEO Premium plugin. -->","yoast_head_json":{"title":"Displayport-adapter DisplayPort Hane DVI-D 24+1-Pin Hona","description":"Displayport-adapter DisplayPort Hane DVI-D 24+1-Pin Hona konverterar DisplayPort-signaler till DVI-D-signaler.","robots":{"index":"index","follow":"follow","max-snippet":"max-snippet:-1","max-image-preview":"max-image-preview:large","max-video-preview":"max-video-preview:-1"},"canonical":"https:\/\/www.heddata.se\/webbutik\/produkt\/displayport-adapter-displayport-hane-dvi-d-241-pin-hona\/","og_locale":"sv_SE","og_type":"article","og_title":"Displayport-adapter DisplayPort Hane DVI-D 24+1-Pin Hona","og_description":"Displayport-adapter DisplayPort Hane DVI-D 24+1-Pin Hona konverterar DisplayPort-signaler till DVI-D-signaler.","og_url":"https:\/\/www.heddata.se\/webbutik\/produkt\/displayport-adapter-displayport-hane-dvi-d-241-pin-hona\/","og_site_name":"Datorer, Skrivare, F\u00e4rgpatroner, Mobiltelefoner","article_modified_time":"2026-04-07T07:40:49+00:00","og_image":[{"width":1200,"height":1200,"url":"https:\/\/www.heddata.se\/webbutik\/wp-content\/uploads\/webbutik\/kategorier\/kablar-adaptrar\/ccbw37250at02.jpeg","type":"image\/jpeg"}],"twitter_card":"summary_large_image","twitter_misc":{"Ber\u00e4knad l\u00e4stid":"1 minut"},"schema":{"@context":"https:\/\/schema.org","@graph":[{"@type":"WebPage","@id":"https:\/\/www.heddata.se\/webbutik\/produkt\/displayport-adapter-displayport-hane-dvi-d-241-pin-hona\/","url":"https:\/\/www.heddata.se\/webbutik\/produkt\/displayport-adapter-displayport-hane-dvi-d-241-pin-hona\/","name":"Displayport-adapter DisplayPort Hane DVI-D 24+1-Pin Hona","isPartOf":{"@id":"https:\/\/www.heddata.se\/webbutik\/#website"},"primaryImageOfPage":{"@id":"https:\/\/www.heddata.se\/webbutik\/produkt\/displayport-adapter-displayport-hane-dvi-d-241-pin-hona\/#primaryimage"},"image":{"@id":"https:\/\/www.heddata.se\/webbutik\/produkt\/displayport-adapter-displayport-hane-dvi-d-241-pin-hona\/#primaryimage"},"thumbnailUrl":"https:\/\/www.heddata.se\/webbutik\/wp-content\/uploads\/webbutik\/kategorier\/kablar-adaptrar\/ccbw37250at02.jpeg","datePublished":"2021-10-20T08:18:08+00:00","dateModified":"2026-04-07T07:40:49+00:00","description":"Displayport-adapter DisplayPort Hane DVI-D 24+1-Pin Hona konverterar DisplayPort-signaler till DVI-D-signaler.","breadcrumb":{"@id":"https:\/\/www.heddata.se\/webbutik\/produkt\/displayport-adapter-displayport-hane-dvi-d-241-pin-hona\/#breadcrumb"},"inLanguage":"sv-SE","potentialAction":[{"@type":"ReadAction","target":["https:\/\/www.heddata.se\/webbutik\/produkt\/displayport-adapter-displayport-hane-dvi-d-241-pin-hona\/"]}]},{"@type":"ImageObject","inLanguage":"sv-SE","@id":"https:\/\/www.heddata.se\/webbutik\/produkt\/displayport-adapter-displayport-hane-dvi-d-241-pin-hona\/#primaryimage","url":"https:\/\/www.heddata.se\/webbutik\/wp-content\/uploads\/webbutik\/kategorier\/kablar-adaptrar\/ccbw37250at02.jpeg","contentUrl":"https:\/\/www.heddata.se\/webbutik\/wp-content\/uploads\/webbutik\/kategorier\/kablar-adaptrar\/ccbw37250at02.jpeg","width":1200,"height":1200,"caption":"Displayport-adapter DisplayPort Hane"},{"@type":"BreadcrumbList","@id":"https:\/\/www.heddata.se\/webbutik\/produkt\/displayport-adapter-displayport-hane-dvi-d-241-pin-hona\/#breadcrumb","itemListElement":[{"@type":"ListItem","position":1,"name":"Hem","item":"https:\/\/www.heddata.se\/webbutik\/"},{"@type":"ListItem","position":2,"name":"Produkter","item":"https:\/\/www.heddata.se\/webbutik\/shop\/"},{"@type":"ListItem","position":3,"name":"Displayport-adapter DisplayPort Hane DVI-D 24+1-Pin Hona"}]},{"@type":"WebSite","@id":"https:\/\/www.heddata.se\/webbutik\/#website","url":"https:\/\/www.heddata.se\/webbutik\/","name":"Datorer, Skrivare, F\u00e4rgpatroner, Mobiltelefoner","description":"Kablar","publisher":{"@id":"https:\/\/www.heddata.se\/webbutik\/#organization"},"potentialAction":[{"@type":"SearchAction","target":{"@type":"EntryPoint","urlTemplate":"https:\/\/www.heddata.se\/webbutik\/?s={search_term_string}"},"query-input":{"@type":"PropertyValueSpecification","valueRequired":true,"valueName":"search_term_string"}}],"inLanguage":"sv-SE"},{"@type":"Organization","@id":"https:\/\/www.heddata.se\/webbutik\/#organization","name":"Heddata AB","url":"https:\/\/www.heddata.se\/webbutik\/","logo":{"@type":"ImageObject","inLanguage":"sv-SE","@id":"https:\/\/www.heddata.se\/webbutik\/#\/schema\/logo\/image\/","url":"https:\/\/www.heddata.se\/webbutik\/wp-content\/uploads\/logga\/heddata-ab-logga.png","contentUrl":"https:\/\/www.heddata.se\/webbutik\/wp-content\/uploads\/logga\/heddata-ab-logga.png","width":200,"height":64,"caption":"Heddata AB"},"image":{"@id":"https:\/\/www.heddata.se\/webbutik\/#\/schema\/logo\/image\/"}}]}},"_links":{"self":[{"href":"https:\/\/www.heddata.se\/webbutik\/wp-json\/wp\/v2\/product\/92092","targetHints":{"allow":["GET"]}}],"collection":[{"href":"https:\/\/www.heddata.se\/webbutik\/wp-json\/wp\/v2\/product"}],"about":[{"href":"https:\/\/www.heddata.se\/webbutik\/wp-json\/wp\/v2\/types\/product"}],"wp:featuredmedia":[{"embeddable":true,"href":"https:\/\/www.heddata.se\/webbutik\/wp-json\/wp\/v2\/media\/92110"}],"wp:attachment":[{"href":"https:\/\/www.heddata.se\/webbutik\/wp-json\/wp\/v2\/media?parent=92092"}],"wp:term":[{"taxonomy":"product_brand","embeddable":true,"href":"https:\/\/www.heddata.se\/webbutik\/wp-json\/wp\/v2\/product_brand?post=92092"},{"taxonomy":"product_cat","embeddable":true,"href":"https:\/\/www.heddata.se\/webbutik\/wp-json\/wp\/v2\/product_cat?post=92092"},{"taxonomy":"product_tag","embeddable":true,"href":"https:\/\/www.heddata.se\/webbutik\/wp-json\/wp\/v2\/product_tag?post=92092"}],"curies":[{"name":"wp","href":"https:\/\/api.w.org\/{rel}","templated":true}]}}