{"id":92005,"date":"2021-09-22T10:18:05","date_gmt":"2021-09-22T08:18:05","guid":{"rendered":"https:\/\/www.heddata.se\/webbutik\/?post_type=product&#038;p=92005"},"modified":"2026-04-09T12:20:02","modified_gmt":"2026-04-09T10:20:02","slug":"salora-led-tv-43-tum-smart43s2mkii","status":"publish","type":"product","link":"https:\/\/www.heddata.se\/webbutik\/produkt\/salora-led-tv-43-tum-smart43s2mkii\/","title":{"rendered":"Salora LED-TV 43 tum &#8211; Smart43S2MKII"},"content":{"rendered":"<p>Salora LED-TV 43 tum &#8211; Smart43S2MKII<\/p>\n<p>43&#8221; FULL HD SMART TV Smart43S2MKII (580027) ANSLUTNINGAR: 2 x HDMI, USB, VGA (PC), Composite A\/V in, PC audio, h\u00f6rlurar FUNKTION: Inbyggd WiFi Teletext: 1 000 sidor Personlig inspelning: Ja, fr\u00e5n digital-TV Mediaspelare: Ja, via USB DIGITAL <a href=\"https:\/\/www.heddata.se\/webbutik\/tv-apparater\/\">TV-MOTTAGARE:<\/a> DVB-T2\/C\/S2 BILDSK\u00c4RM: Panel: LED Panelstorlek: 43&#8243; Format: 16:9 Uppl\u00f6sning: 1920 x 1080 Kontrast: 1200:1 Responstid: 8 ms LJUD: 2 x8 W RMS (10 % THD) STR\u00d6M: Str\u00f6mf\u00f6rs\u00f6rjning: AC 220-240 V, 50 Hz Str\u00f6mf\u00f6rbrukning stand-by: &lt; 0,5 W M\u00c5TT\/VIKT: <a href=\"http:\/\/salora.com\/\" target=\"_blank\" rel=\"noopener\">Utan<\/a> stativ: 974 x 93 x 572 mm\/ 8,1 kg Med stativ: 974 x 257 x 635 mm\/ 9,1 kg F\u00f6rpackning: 1182 x 165 x 692 mm\/ 12,1 kg VESA: 200 x 200<\/p>\n","protected":false},"excerpt":{"rendered":"<p>Salora LED-TV 43 tum &#8211; Smart43S2MKII<\/p>\n","protected":false},"featured_media":92136,"template":"","meta":[],"product_brand":[],"product_cat":[60,85],"product_tag":[],"class_list":{"0":"post-92005","1":"product","2":"type-product","3":"status-publish","4":"has-post-thumbnail","6":"product_cat-hemelektronik","7":"product_cat-tv-apparater","9":"first","10":"outofstock","11":"taxable","12":"shipping-taxable","13":"product-type-simple"},"yoast_head":"<!-- This site is optimized with the Yoast SEO Premium plugin v26.7 (Yoast SEO v26.7) - https:\/\/yoast.com\/wordpress\/plugins\/seo\/ -->\n<title>Salora LED-TV 43 tum - Smart43S2MKII, FULL HD SMART TV<\/title>\n<meta name=\"description\" content=\"Salora LED-TV 43 tum - Smart43S2MKII, 43&#039;&#039; FULL HD SMART TV Smart43S2MKII ANSLUTNINGAR: 2 x HDMI, USB, VGA (PC), Composite A\/V in, PC audio\" \/>\n<meta name=\"robots\" content=\"index, follow, max-snippet:-1, max-image-preview:large, max-video-preview:-1\" \/>\n<link rel=\"canonical\" href=\"https:\/\/www.heddata.se\/webbutik\/produkt\/salora-led-tv-43-tum-smart43s2mkii\/\" \/>\n<meta property=\"og:locale\" content=\"sv_SE\" \/>\n<meta property=\"og:type\" content=\"article\" \/>\n<meta property=\"og:title\" content=\"Salora LED-TV 43 tum - Smart43S2MKII\" \/>\n<meta property=\"og:description\" content=\"Salora LED-TV 43 tum - Smart43S2MKII, 43&#039;&#039; FULL HD SMART TV Smart43S2MKII ANSLUTNINGAR: 2 x HDMI, USB, VGA (PC), Composite A\/V in, PC audio\" \/>\n<meta property=\"og:url\" content=\"https:\/\/www.heddata.se\/webbutik\/produkt\/salora-led-tv-43-tum-smart43s2mkii\/\" \/>\n<meta property=\"og:site_name\" content=\"Datorer, Skrivare, F\u00e4rgpatroner, Mobiltelefoner\" \/>\n<meta property=\"article:modified_time\" content=\"2026-04-09T10:20:02+00:00\" \/>\n<meta property=\"og:image\" content=\"https:\/\/www.heddata.se\/webbutik\/wp-content\/uploads\/webbutik\/kategorier\/tv\/580027.jpg\" \/>\n\t<meta property=\"og:image:width\" content=\"375\" \/>\n\t<meta property=\"og:image:height\" content=\"375\" \/>\n\t<meta property=\"og:image:type\" content=\"image\/jpeg\" \/>\n<meta name=\"twitter:card\" content=\"summary_large_image\" \/>\n<meta name=\"twitter:label1\" content=\"Ber\u00e4knad l\u00e4stid\" \/>\n\t<meta name=\"twitter:data1\" content=\"1 minut\" \/>\n<script type=\"application\/ld+json\" class=\"yoast-schema-graph\">{\"@context\":\"https:\/\/schema.org\",\"@graph\":[{\"@type\":\"WebPage\",\"@id\":\"https:\/\/www.heddata.se\/webbutik\/produkt\/salora-led-tv-43-tum-smart43s2mkii\/\",\"url\":\"https:\/\/www.heddata.se\/webbutik\/produkt\/salora-led-tv-43-tum-smart43s2mkii\/\",\"name\":\"Salora LED-TV 43 tum - Smart43S2MKII, FULL HD SMART TV\",\"isPartOf\":{\"@id\":\"https:\/\/www.heddata.se\/webbutik\/#website\"},\"primaryImageOfPage\":{\"@id\":\"https:\/\/www.heddata.se\/webbutik\/produkt\/salora-led-tv-43-tum-smart43s2mkii\/#primaryimage\"},\"image\":{\"@id\":\"https:\/\/www.heddata.se\/webbutik\/produkt\/salora-led-tv-43-tum-smart43s2mkii\/#primaryimage\"},\"thumbnailUrl\":\"https:\/\/www.heddata.se\/webbutik\/wp-content\/uploads\/webbutik\/kategorier\/tv\/580027.jpg\",\"datePublished\":\"2021-09-22T08:18:05+00:00\",\"dateModified\":\"2026-04-09T10:20:02+00:00\",\"description\":\"Salora LED-TV 43 tum - Smart43S2MKII, 43'' FULL HD SMART TV Smart43S2MKII ANSLUTNINGAR: 2 x HDMI, USB, VGA (PC), Composite A\/V in, PC audio\",\"breadcrumb\":{\"@id\":\"https:\/\/www.heddata.se\/webbutik\/produkt\/salora-led-tv-43-tum-smart43s2mkii\/#breadcrumb\"},\"inLanguage\":\"sv-SE\",\"potentialAction\":[{\"@type\":\"ReadAction\",\"target\":[\"https:\/\/www.heddata.se\/webbutik\/produkt\/salora-led-tv-43-tum-smart43s2mkii\/\"]}]},{\"@type\":\"ImageObject\",\"inLanguage\":\"sv-SE\",\"@id\":\"https:\/\/www.heddata.se\/webbutik\/produkt\/salora-led-tv-43-tum-smart43s2mkii\/#primaryimage\",\"url\":\"https:\/\/www.heddata.se\/webbutik\/wp-content\/uploads\/webbutik\/kategorier\/tv\/580027.jpg\",\"contentUrl\":\"https:\/\/www.heddata.se\/webbutik\/wp-content\/uploads\/webbutik\/kategorier\/tv\/580027.jpg\",\"width\":375,\"height\":375,\"caption\":\"Salora LED-TV 43 tum\"},{\"@type\":\"BreadcrumbList\",\"@id\":\"https:\/\/www.heddata.se\/webbutik\/produkt\/salora-led-tv-43-tum-smart43s2mkii\/#breadcrumb\",\"itemListElement\":[{\"@type\":\"ListItem\",\"position\":1,\"name\":\"Hem\",\"item\":\"https:\/\/www.heddata.se\/webbutik\/\"},{\"@type\":\"ListItem\",\"position\":2,\"name\":\"Produkter\",\"item\":\"https:\/\/www.heddata.se\/webbutik\/shop\/\"},{\"@type\":\"ListItem\",\"position\":3,\"name\":\"Salora LED-TV 43 tum &#8211; Smart43S2MKII\"}]},{\"@type\":\"WebSite\",\"@id\":\"https:\/\/www.heddata.se\/webbutik\/#website\",\"url\":\"https:\/\/www.heddata.se\/webbutik\/\",\"name\":\"Datorer, Skrivare, F\u00e4rgpatroner, Mobiltelefoner\",\"description\":\"Kablar\",\"publisher\":{\"@id\":\"https:\/\/www.heddata.se\/webbutik\/#organization\"},\"potentialAction\":[{\"@type\":\"SearchAction\",\"target\":{\"@type\":\"EntryPoint\",\"urlTemplate\":\"https:\/\/www.heddata.se\/webbutik\/?s={search_term_string}\"},\"query-input\":{\"@type\":\"PropertyValueSpecification\",\"valueRequired\":true,\"valueName\":\"search_term_string\"}}],\"inLanguage\":\"sv-SE\"},{\"@type\":\"Organization\",\"@id\":\"https:\/\/www.heddata.se\/webbutik\/#organization\",\"name\":\"Heddata AB\",\"url\":\"https:\/\/www.heddata.se\/webbutik\/\",\"logo\":{\"@type\":\"ImageObject\",\"inLanguage\":\"sv-SE\",\"@id\":\"https:\/\/www.heddata.se\/webbutik\/#\/schema\/logo\/image\/\",\"url\":\"https:\/\/www.heddata.se\/webbutik\/wp-content\/uploads\/logga\/heddata-ab-logga.png\",\"contentUrl\":\"https:\/\/www.heddata.se\/webbutik\/wp-content\/uploads\/logga\/heddata-ab-logga.png\",\"width\":200,\"height\":64,\"caption\":\"Heddata AB\"},\"image\":{\"@id\":\"https:\/\/www.heddata.se\/webbutik\/#\/schema\/logo\/image\/\"}}]}<\/script>\n<!-- \/ Yoast SEO Premium plugin. -->","yoast_head_json":{"title":"Salora LED-TV 43 tum - Smart43S2MKII, FULL HD SMART TV","description":"Salora LED-TV 43 tum - Smart43S2MKII, 43'' FULL HD SMART TV Smart43S2MKII ANSLUTNINGAR: 2 x HDMI, USB, VGA (PC), Composite A\/V in, PC audio","robots":{"index":"index","follow":"follow","max-snippet":"max-snippet:-1","max-image-preview":"max-image-preview:large","max-video-preview":"max-video-preview:-1"},"canonical":"https:\/\/www.heddata.se\/webbutik\/produkt\/salora-led-tv-43-tum-smart43s2mkii\/","og_locale":"sv_SE","og_type":"article","og_title":"Salora LED-TV 43 tum - Smart43S2MKII","og_description":"Salora LED-TV 43 tum - Smart43S2MKII, 43'' FULL HD SMART TV Smart43S2MKII ANSLUTNINGAR: 2 x HDMI, USB, VGA (PC), Composite A\/V in, PC audio","og_url":"https:\/\/www.heddata.se\/webbutik\/produkt\/salora-led-tv-43-tum-smart43s2mkii\/","og_site_name":"Datorer, Skrivare, F\u00e4rgpatroner, Mobiltelefoner","article_modified_time":"2026-04-09T10:20:02+00:00","og_image":[{"width":375,"height":375,"url":"https:\/\/www.heddata.se\/webbutik\/wp-content\/uploads\/webbutik\/kategorier\/tv\/580027.jpg","type":"image\/jpeg"}],"twitter_card":"summary_large_image","twitter_misc":{"Ber\u00e4knad l\u00e4stid":"1 minut"},"schema":{"@context":"https:\/\/schema.org","@graph":[{"@type":"WebPage","@id":"https:\/\/www.heddata.se\/webbutik\/produkt\/salora-led-tv-43-tum-smart43s2mkii\/","url":"https:\/\/www.heddata.se\/webbutik\/produkt\/salora-led-tv-43-tum-smart43s2mkii\/","name":"Salora LED-TV 43 tum - Smart43S2MKII, FULL HD SMART TV","isPartOf":{"@id":"https:\/\/www.heddata.se\/webbutik\/#website"},"primaryImageOfPage":{"@id":"https:\/\/www.heddata.se\/webbutik\/produkt\/salora-led-tv-43-tum-smart43s2mkii\/#primaryimage"},"image":{"@id":"https:\/\/www.heddata.se\/webbutik\/produkt\/salora-led-tv-43-tum-smart43s2mkii\/#primaryimage"},"thumbnailUrl":"https:\/\/www.heddata.se\/webbutik\/wp-content\/uploads\/webbutik\/kategorier\/tv\/580027.jpg","datePublished":"2021-09-22T08:18:05+00:00","dateModified":"2026-04-09T10:20:02+00:00","description":"Salora LED-TV 43 tum - Smart43S2MKII, 43'' FULL HD SMART TV Smart43S2MKII ANSLUTNINGAR: 2 x HDMI, USB, VGA (PC), Composite A\/V in, PC audio","breadcrumb":{"@id":"https:\/\/www.heddata.se\/webbutik\/produkt\/salora-led-tv-43-tum-smart43s2mkii\/#breadcrumb"},"inLanguage":"sv-SE","potentialAction":[{"@type":"ReadAction","target":["https:\/\/www.heddata.se\/webbutik\/produkt\/salora-led-tv-43-tum-smart43s2mkii\/"]}]},{"@type":"ImageObject","inLanguage":"sv-SE","@id":"https:\/\/www.heddata.se\/webbutik\/produkt\/salora-led-tv-43-tum-smart43s2mkii\/#primaryimage","url":"https:\/\/www.heddata.se\/webbutik\/wp-content\/uploads\/webbutik\/kategorier\/tv\/580027.jpg","contentUrl":"https:\/\/www.heddata.se\/webbutik\/wp-content\/uploads\/webbutik\/kategorier\/tv\/580027.jpg","width":375,"height":375,"caption":"Salora LED-TV 43 tum"},{"@type":"BreadcrumbList","@id":"https:\/\/www.heddata.se\/webbutik\/produkt\/salora-led-tv-43-tum-smart43s2mkii\/#breadcrumb","itemListElement":[{"@type":"ListItem","position":1,"name":"Hem","item":"https:\/\/www.heddata.se\/webbutik\/"},{"@type":"ListItem","position":2,"name":"Produkter","item":"https:\/\/www.heddata.se\/webbutik\/shop\/"},{"@type":"ListItem","position":3,"name":"Salora LED-TV 43 tum &#8211; Smart43S2MKII"}]},{"@type":"WebSite","@id":"https:\/\/www.heddata.se\/webbutik\/#website","url":"https:\/\/www.heddata.se\/webbutik\/","name":"Datorer, Skrivare, F\u00e4rgpatroner, Mobiltelefoner","description":"Kablar","publisher":{"@id":"https:\/\/www.heddata.se\/webbutik\/#organization"},"potentialAction":[{"@type":"SearchAction","target":{"@type":"EntryPoint","urlTemplate":"https:\/\/www.heddata.se\/webbutik\/?s={search_term_string}"},"query-input":{"@type":"PropertyValueSpecification","valueRequired":true,"valueName":"search_term_string"}}],"inLanguage":"sv-SE"},{"@type":"Organization","@id":"https:\/\/www.heddata.se\/webbutik\/#organization","name":"Heddata AB","url":"https:\/\/www.heddata.se\/webbutik\/","logo":{"@type":"ImageObject","inLanguage":"sv-SE","@id":"https:\/\/www.heddata.se\/webbutik\/#\/schema\/logo\/image\/","url":"https:\/\/www.heddata.se\/webbutik\/wp-content\/uploads\/logga\/heddata-ab-logga.png","contentUrl":"https:\/\/www.heddata.se\/webbutik\/wp-content\/uploads\/logga\/heddata-ab-logga.png","width":200,"height":64,"caption":"Heddata AB"},"image":{"@id":"https:\/\/www.heddata.se\/webbutik\/#\/schema\/logo\/image\/"}}]}},"_links":{"self":[{"href":"https:\/\/www.heddata.se\/webbutik\/wp-json\/wp\/v2\/product\/92005","targetHints":{"allow":["GET"]}}],"collection":[{"href":"https:\/\/www.heddata.se\/webbutik\/wp-json\/wp\/v2\/product"}],"about":[{"href":"https:\/\/www.heddata.se\/webbutik\/wp-json\/wp\/v2\/types\/product"}],"wp:featuredmedia":[{"embeddable":true,"href":"https:\/\/www.heddata.se\/webbutik\/wp-json\/wp\/v2\/media\/92136"}],"wp:attachment":[{"href":"https:\/\/www.heddata.se\/webbutik\/wp-json\/wp\/v2\/media?parent=92005"}],"wp:term":[{"taxonomy":"product_brand","embeddable":true,"href":"https:\/\/www.heddata.se\/webbutik\/wp-json\/wp\/v2\/product_brand?post=92005"},{"taxonomy":"product_cat","embeddable":true,"href":"https:\/\/www.heddata.se\/webbutik\/wp-json\/wp\/v2\/product_cat?post=92005"},{"taxonomy":"product_tag","embeddable":true,"href":"https:\/\/www.heddata.se\/webbutik\/wp-json\/wp\/v2\/product_tag?post=92005"}],"curies":[{"name":"wp","href":"https:\/\/api.w.org\/{rel}","templated":true}]}}