{"id":91893,"date":"2021-09-02T10:18:16","date_gmt":"2021-09-02T08:18:16","guid":{"rendered":"https:\/\/www.heddata.se\/webbutik\/?post_type=product&#038;p=91893"},"modified":"2026-04-09T18:09:40","modified_gmt":"2026-04-09T16:09:40","slug":"scart-kabel-scart-hane-scart-hane-nickelplaterad-480p-2-00-m-rund-pvc-svart-lada","status":"publish","type":"product","link":"https:\/\/www.heddata.se\/webbutik\/produkt\/scart-kabel-scart-hane-scart-hane-nickelplaterad-480p-2-00-m-rund-pvc-svart-lada\/","title":{"rendered":"SCART-kabel SCART Hane | SCART Hane | Nickelplaterad | 480p | 2.00 m | Rund | PVC | Svart | L\u00e5da"},"content":{"rendered":"<p>SCART-kabel SCART Hane | SCART Hane | Nickelplaterad | 480p | 2.00 m | Rund | PVC | Svart | L\u00e5da<\/p>\n<p>Denna SCART-kabel \u00e4r l\u00e4mplig f\u00f6r anslutning av enheter, s\u00e5som din DVD-spelare till din <a href=\"https:\/\/www.heddata.se\/webbutik\/tv-apparater\/\">TV.<\/a><\/p>\n<div id=\"package-contents\">\n<div class=\"border-top-md-down py-4 py-md-0\">\n<h4 id=\"package-contents\">Paketet inneh\u00e5ller<\/h4>\n<p>\u2022 1x SCART-kabel<\/p>\n<\/div>\n<\/div>\n<div id=\"information\"><\/div>\n<div class=\"border-top-md-down py-4 py-md-0\">\n<h4 id=\"specifications\">SCART-kabel SCART Hane <a href=\"https:\/\/nedis.se\/sv-se\" target=\"_blank\" rel=\"noopener\">produktspecifikationer<\/a><\/h4>\n<table class=\"table table-dashed-border\">\n<tbody>\n<tr>\n<th scope=\"row\">Kabelns utformning<\/th>\n<td>Rund<\/td>\n<\/tr>\n<tr>\n<th scope=\"row\">Kabelmantelns material<\/th>\n<td>PVC<\/td>\n<\/tr>\n<tr>\n<th scope=\"row\">Kabell\u00e4ngd<\/th>\n<td>2.00 m<\/td>\n<\/tr>\n<tr>\n<th scope=\"row\">F\u00e4rg<\/th>\n<td>Svart<\/td>\n<\/tr>\n<tr>\n<th scope=\"row\">Kontaktspl\u00e4tering<\/th>\n<td>Nickelplaterad<\/td>\n<\/tr>\n<tr>\n<th scope=\"row\">Ledarmaterial<\/th>\n<td>CCS<\/td>\n<\/tr>\n<tr>\n<th scope=\"row\">Kontaktmaterial<\/th>\n<td>ABS<\/td>\n<\/tr>\n<tr>\n<th scope=\"row\">Anslutningsdesign \u2013 sida B<\/th>\n<td>Vinklat<\/td>\n<\/tr>\n<tr>\n<th scope=\"row\">Anslutningsdesign \u2013 sida A<\/th>\n<td>Vinklat<\/td>\n<\/tr>\n<tr>\n<th scope=\"row\">Bildf\u00f6rh\u00e5llande<\/th>\n<td>16:9<\/td>\n<\/tr>\n<tr>\n<th scope=\"row\">F\u00f6rpackningstyp<\/th>\n<td>L\u00e5da<\/td>\n<\/tr>\n<tr>\n<th scope=\"row\">Kabeltyp<\/th>\n<td>SCART<\/td>\n<\/tr>\n<tr>\n<th scope=\"row\">Maximal uppl\u00f6sning<\/th>\n<td>480p<\/td>\n<\/tr>\n<tr>\n<th scope=\"row\">Kontakt A<\/th>\n<td>SCART Hane<\/td>\n<\/tr>\n<tr>\n<th scope=\"row\">Resolution standard<\/th>\n<td>EDTV<\/td>\n<\/tr>\n<tr>\n<th scope=\"row\">Bytbar<\/th>\n<td>Nej<\/td>\n<\/tr>\n<tr>\n<th scope=\"row\">Kontakt B<\/th>\n<td>SCART Hane<\/td>\n<\/tr>\n<tr>\n<th scope=\"row\">Kabelmantelstorlek<\/th>\n<td>10.0 mm<\/td>\n<\/tr>\n<\/tbody>\n<\/table>\n<\/div>\n","protected":false},"excerpt":{"rendered":"<p>SCART-kabel SCART Hane | SCART Hane | Nickelplaterad | 480p | 2.00 m | Rund | PVC | Svart | L\u00e5da<\/p>\n","protected":false},"featured_media":91904,"template":"","meta":[],"product_brand":[],"product_cat":[59],"product_tag":[],"class_list":{"0":"post-91893","1":"product","2":"type-product","3":"status-publish","4":"has-post-thumbnail","6":"product_cat-kablar","8":"first","9":"instock","10":"taxable","11":"shipping-taxable","12":"purchasable","13":"product-type-simple"},"yoast_head":"<!-- This site is optimized with the Yoast SEO Premium plugin v26.7 (Yoast SEO v26.7) - https:\/\/yoast.com\/wordpress\/plugins\/seo\/ -->\n<title>SCART-kabel SCART Hane | SCART Hane | Nickelplaterad | 480p | 2.00 m<\/title>\n<meta name=\"description\" content=\"SCART-kabel SCART Hane | SCART Hane | Nickelplaterad | 480p | 2.00 m \u00e4r l\u00e4mplig f\u00f6r anslutning av enheter, s\u00e5som din DVD-spelare till din TV.\" \/>\n<meta name=\"robots\" content=\"index, follow, max-snippet:-1, max-image-preview:large, max-video-preview:-1\" \/>\n<link rel=\"canonical\" href=\"https:\/\/www.heddata.se\/webbutik\/produkt\/scart-kabel-scart-hane-scart-hane-nickelplaterad-480p-2-00-m-rund-pvc-svart-lada\/\" \/>\n<meta property=\"og:locale\" content=\"sv_SE\" \/>\n<meta property=\"og:type\" content=\"article\" \/>\n<meta property=\"og:title\" content=\"SCART-kabel SCART Hane | SCART Hane | Nickelplaterad | 480p | 2.00 m | Rund | PVC | Svart | L\u00e5da\" \/>\n<meta property=\"og:description\" content=\"SCART-kabel SCART Hane | SCART Hane | Nickelplaterad | 480p | 2.00 m \u00e4r l\u00e4mplig f\u00f6r anslutning av enheter, s\u00e5som din DVD-spelare till din TV.\" \/>\n<meta property=\"og:url\" content=\"https:\/\/www.heddata.se\/webbutik\/produkt\/scart-kabel-scart-hane-scart-hane-nickelplaterad-480p-2-00-m-rund-pvc-svart-lada\/\" \/>\n<meta property=\"og:site_name\" content=\"Datorer, Skrivare, F\u00e4rgpatroner, Mobiltelefoner\" \/>\n<meta property=\"article:modified_time\" content=\"2026-04-09T16:09:40+00:00\" \/>\n<meta property=\"og:image\" content=\"https:\/\/www.heddata.se\/webbutik\/wp-content\/uploads\/webbutik\/kategorier\/kablar-adaptrar\/cvgb31000bk20.jpeg\" \/>\n\t<meta property=\"og:image:width\" content=\"1200\" \/>\n\t<meta property=\"og:image:height\" content=\"1200\" \/>\n\t<meta property=\"og:image:type\" content=\"image\/jpeg\" \/>\n<meta name=\"twitter:card\" content=\"summary_large_image\" \/>\n<script type=\"application\/ld+json\" class=\"yoast-schema-graph\">{\"@context\":\"https:\/\/schema.org\",\"@graph\":[{\"@type\":\"WebPage\",\"@id\":\"https:\/\/www.heddata.se\/webbutik\/produkt\/scart-kabel-scart-hane-scart-hane-nickelplaterad-480p-2-00-m-rund-pvc-svart-lada\/\",\"url\":\"https:\/\/www.heddata.se\/webbutik\/produkt\/scart-kabel-scart-hane-scart-hane-nickelplaterad-480p-2-00-m-rund-pvc-svart-lada\/\",\"name\":\"SCART-kabel SCART Hane | SCART Hane | Nickelplaterad | 480p | 2.00 m\",\"isPartOf\":{\"@id\":\"https:\/\/www.heddata.se\/webbutik\/#website\"},\"primaryImageOfPage\":{\"@id\":\"https:\/\/www.heddata.se\/webbutik\/produkt\/scart-kabel-scart-hane-scart-hane-nickelplaterad-480p-2-00-m-rund-pvc-svart-lada\/#primaryimage\"},\"image\":{\"@id\":\"https:\/\/www.heddata.se\/webbutik\/produkt\/scart-kabel-scart-hane-scart-hane-nickelplaterad-480p-2-00-m-rund-pvc-svart-lada\/#primaryimage\"},\"thumbnailUrl\":\"https:\/\/www.heddata.se\/webbutik\/wp-content\/uploads\/webbutik\/kategorier\/kablar-adaptrar\/cvgb31000bk20.jpeg\",\"datePublished\":\"2021-09-02T08:18:16+00:00\",\"dateModified\":\"2026-04-09T16:09:40+00:00\",\"description\":\"SCART-kabel SCART Hane | SCART Hane | Nickelplaterad | 480p | 2.00 m \u00e4r l\u00e4mplig f\u00f6r anslutning av enheter, s\u00e5som din DVD-spelare till din TV.\",\"breadcrumb\":{\"@id\":\"https:\/\/www.heddata.se\/webbutik\/produkt\/scart-kabel-scart-hane-scart-hane-nickelplaterad-480p-2-00-m-rund-pvc-svart-lada\/#breadcrumb\"},\"inLanguage\":\"sv-SE\",\"potentialAction\":[{\"@type\":\"ReadAction\",\"target\":[\"https:\/\/www.heddata.se\/webbutik\/produkt\/scart-kabel-scart-hane-scart-hane-nickelplaterad-480p-2-00-m-rund-pvc-svart-lada\/\"]}]},{\"@type\":\"ImageObject\",\"inLanguage\":\"sv-SE\",\"@id\":\"https:\/\/www.heddata.se\/webbutik\/produkt\/scart-kabel-scart-hane-scart-hane-nickelplaterad-480p-2-00-m-rund-pvc-svart-lada\/#primaryimage\",\"url\":\"https:\/\/www.heddata.se\/webbutik\/wp-content\/uploads\/webbutik\/kategorier\/kablar-adaptrar\/cvgb31000bk20.jpeg\",\"contentUrl\":\"https:\/\/www.heddata.se\/webbutik\/wp-content\/uploads\/webbutik\/kategorier\/kablar-adaptrar\/cvgb31000bk20.jpeg\",\"width\":1200,\"height\":1200,\"caption\":\"SCART-kabel SCART Hane\"},{\"@type\":\"BreadcrumbList\",\"@id\":\"https:\/\/www.heddata.se\/webbutik\/produkt\/scart-kabel-scart-hane-scart-hane-nickelplaterad-480p-2-00-m-rund-pvc-svart-lada\/#breadcrumb\",\"itemListElement\":[{\"@type\":\"ListItem\",\"position\":1,\"name\":\"Hem\",\"item\":\"https:\/\/www.heddata.se\/webbutik\/\"},{\"@type\":\"ListItem\",\"position\":2,\"name\":\"Produkter\",\"item\":\"https:\/\/www.heddata.se\/webbutik\/shop\/\"},{\"@type\":\"ListItem\",\"position\":3,\"name\":\"SCART-kabel SCART Hane | SCART Hane | Nickelplaterad | 480p | 2.00 m | Rund | PVC | Svart | L\u00e5da\"}]},{\"@type\":\"WebSite\",\"@id\":\"https:\/\/www.heddata.se\/webbutik\/#website\",\"url\":\"https:\/\/www.heddata.se\/webbutik\/\",\"name\":\"Datorer, Skrivare, F\u00e4rgpatroner, Mobiltelefoner\",\"description\":\"Kablar\",\"publisher\":{\"@id\":\"https:\/\/www.heddata.se\/webbutik\/#organization\"},\"potentialAction\":[{\"@type\":\"SearchAction\",\"target\":{\"@type\":\"EntryPoint\",\"urlTemplate\":\"https:\/\/www.heddata.se\/webbutik\/?s={search_term_string}\"},\"query-input\":{\"@type\":\"PropertyValueSpecification\",\"valueRequired\":true,\"valueName\":\"search_term_string\"}}],\"inLanguage\":\"sv-SE\"},{\"@type\":\"Organization\",\"@id\":\"https:\/\/www.heddata.se\/webbutik\/#organization\",\"name\":\"Heddata AB\",\"url\":\"https:\/\/www.heddata.se\/webbutik\/\",\"logo\":{\"@type\":\"ImageObject\",\"inLanguage\":\"sv-SE\",\"@id\":\"https:\/\/www.heddata.se\/webbutik\/#\/schema\/logo\/image\/\",\"url\":\"https:\/\/www.heddata.se\/webbutik\/wp-content\/uploads\/logga\/heddata-ab-logga.png\",\"contentUrl\":\"https:\/\/www.heddata.se\/webbutik\/wp-content\/uploads\/logga\/heddata-ab-logga.png\",\"width\":200,\"height\":64,\"caption\":\"Heddata AB\"},\"image\":{\"@id\":\"https:\/\/www.heddata.se\/webbutik\/#\/schema\/logo\/image\/\"}}]}<\/script>\n<!-- \/ Yoast SEO Premium plugin. -->","yoast_head_json":{"title":"SCART-kabel SCART Hane | SCART Hane | Nickelplaterad | 480p | 2.00 m","description":"SCART-kabel SCART Hane | SCART Hane | Nickelplaterad | 480p | 2.00 m \u00e4r l\u00e4mplig f\u00f6r anslutning av enheter, s\u00e5som din DVD-spelare till din TV.","robots":{"index":"index","follow":"follow","max-snippet":"max-snippet:-1","max-image-preview":"max-image-preview:large","max-video-preview":"max-video-preview:-1"},"canonical":"https:\/\/www.heddata.se\/webbutik\/produkt\/scart-kabel-scart-hane-scart-hane-nickelplaterad-480p-2-00-m-rund-pvc-svart-lada\/","og_locale":"sv_SE","og_type":"article","og_title":"SCART-kabel SCART Hane | SCART Hane | Nickelplaterad | 480p | 2.00 m | Rund | PVC | Svart | L\u00e5da","og_description":"SCART-kabel SCART Hane | SCART Hane | Nickelplaterad | 480p | 2.00 m \u00e4r l\u00e4mplig f\u00f6r anslutning av enheter, s\u00e5som din DVD-spelare till din TV.","og_url":"https:\/\/www.heddata.se\/webbutik\/produkt\/scart-kabel-scart-hane-scart-hane-nickelplaterad-480p-2-00-m-rund-pvc-svart-lada\/","og_site_name":"Datorer, Skrivare, F\u00e4rgpatroner, Mobiltelefoner","article_modified_time":"2026-04-09T16:09:40+00:00","og_image":[{"width":1200,"height":1200,"url":"https:\/\/www.heddata.se\/webbutik\/wp-content\/uploads\/webbutik\/kategorier\/kablar-adaptrar\/cvgb31000bk20.jpeg","type":"image\/jpeg"}],"twitter_card":"summary_large_image","schema":{"@context":"https:\/\/schema.org","@graph":[{"@type":"WebPage","@id":"https:\/\/www.heddata.se\/webbutik\/produkt\/scart-kabel-scart-hane-scart-hane-nickelplaterad-480p-2-00-m-rund-pvc-svart-lada\/","url":"https:\/\/www.heddata.se\/webbutik\/produkt\/scart-kabel-scart-hane-scart-hane-nickelplaterad-480p-2-00-m-rund-pvc-svart-lada\/","name":"SCART-kabel SCART Hane | SCART Hane | Nickelplaterad | 480p | 2.00 m","isPartOf":{"@id":"https:\/\/www.heddata.se\/webbutik\/#website"},"primaryImageOfPage":{"@id":"https:\/\/www.heddata.se\/webbutik\/produkt\/scart-kabel-scart-hane-scart-hane-nickelplaterad-480p-2-00-m-rund-pvc-svart-lada\/#primaryimage"},"image":{"@id":"https:\/\/www.heddata.se\/webbutik\/produkt\/scart-kabel-scart-hane-scart-hane-nickelplaterad-480p-2-00-m-rund-pvc-svart-lada\/#primaryimage"},"thumbnailUrl":"https:\/\/www.heddata.se\/webbutik\/wp-content\/uploads\/webbutik\/kategorier\/kablar-adaptrar\/cvgb31000bk20.jpeg","datePublished":"2021-09-02T08:18:16+00:00","dateModified":"2026-04-09T16:09:40+00:00","description":"SCART-kabel SCART Hane | SCART Hane | Nickelplaterad | 480p | 2.00 m \u00e4r l\u00e4mplig f\u00f6r anslutning av enheter, s\u00e5som din DVD-spelare till din TV.","breadcrumb":{"@id":"https:\/\/www.heddata.se\/webbutik\/produkt\/scart-kabel-scart-hane-scart-hane-nickelplaterad-480p-2-00-m-rund-pvc-svart-lada\/#breadcrumb"},"inLanguage":"sv-SE","potentialAction":[{"@type":"ReadAction","target":["https:\/\/www.heddata.se\/webbutik\/produkt\/scart-kabel-scart-hane-scart-hane-nickelplaterad-480p-2-00-m-rund-pvc-svart-lada\/"]}]},{"@type":"ImageObject","inLanguage":"sv-SE","@id":"https:\/\/www.heddata.se\/webbutik\/produkt\/scart-kabel-scart-hane-scart-hane-nickelplaterad-480p-2-00-m-rund-pvc-svart-lada\/#primaryimage","url":"https:\/\/www.heddata.se\/webbutik\/wp-content\/uploads\/webbutik\/kategorier\/kablar-adaptrar\/cvgb31000bk20.jpeg","contentUrl":"https:\/\/www.heddata.se\/webbutik\/wp-content\/uploads\/webbutik\/kategorier\/kablar-adaptrar\/cvgb31000bk20.jpeg","width":1200,"height":1200,"caption":"SCART-kabel SCART Hane"},{"@type":"BreadcrumbList","@id":"https:\/\/www.heddata.se\/webbutik\/produkt\/scart-kabel-scart-hane-scart-hane-nickelplaterad-480p-2-00-m-rund-pvc-svart-lada\/#breadcrumb","itemListElement":[{"@type":"ListItem","position":1,"name":"Hem","item":"https:\/\/www.heddata.se\/webbutik\/"},{"@type":"ListItem","position":2,"name":"Produkter","item":"https:\/\/www.heddata.se\/webbutik\/shop\/"},{"@type":"ListItem","position":3,"name":"SCART-kabel SCART Hane | SCART Hane | Nickelplaterad | 480p | 2.00 m | Rund | PVC | Svart | L\u00e5da"}]},{"@type":"WebSite","@id":"https:\/\/www.heddata.se\/webbutik\/#website","url":"https:\/\/www.heddata.se\/webbutik\/","name":"Datorer, Skrivare, F\u00e4rgpatroner, Mobiltelefoner","description":"Kablar","publisher":{"@id":"https:\/\/www.heddata.se\/webbutik\/#organization"},"potentialAction":[{"@type":"SearchAction","target":{"@type":"EntryPoint","urlTemplate":"https:\/\/www.heddata.se\/webbutik\/?s={search_term_string}"},"query-input":{"@type":"PropertyValueSpecification","valueRequired":true,"valueName":"search_term_string"}}],"inLanguage":"sv-SE"},{"@type":"Organization","@id":"https:\/\/www.heddata.se\/webbutik\/#organization","name":"Heddata AB","url":"https:\/\/www.heddata.se\/webbutik\/","logo":{"@type":"ImageObject","inLanguage":"sv-SE","@id":"https:\/\/www.heddata.se\/webbutik\/#\/schema\/logo\/image\/","url":"https:\/\/www.heddata.se\/webbutik\/wp-content\/uploads\/logga\/heddata-ab-logga.png","contentUrl":"https:\/\/www.heddata.se\/webbutik\/wp-content\/uploads\/logga\/heddata-ab-logga.png","width":200,"height":64,"caption":"Heddata AB"},"image":{"@id":"https:\/\/www.heddata.se\/webbutik\/#\/schema\/logo\/image\/"}}]}},"_links":{"self":[{"href":"https:\/\/www.heddata.se\/webbutik\/wp-json\/wp\/v2\/product\/91893","targetHints":{"allow":["GET"]}}],"collection":[{"href":"https:\/\/www.heddata.se\/webbutik\/wp-json\/wp\/v2\/product"}],"about":[{"href":"https:\/\/www.heddata.se\/webbutik\/wp-json\/wp\/v2\/types\/product"}],"wp:featuredmedia":[{"embeddable":true,"href":"https:\/\/www.heddata.se\/webbutik\/wp-json\/wp\/v2\/media\/91904"}],"wp:attachment":[{"href":"https:\/\/www.heddata.se\/webbutik\/wp-json\/wp\/v2\/media?parent=91893"}],"wp:term":[{"taxonomy":"product_brand","embeddable":true,"href":"https:\/\/www.heddata.se\/webbutik\/wp-json\/wp\/v2\/product_brand?post=91893"},{"taxonomy":"product_cat","embeddable":true,"href":"https:\/\/www.heddata.se\/webbutik\/wp-json\/wp\/v2\/product_cat?post=91893"},{"taxonomy":"product_tag","embeddable":true,"href":"https:\/\/www.heddata.se\/webbutik\/wp-json\/wp\/v2\/product_tag?post=91893"}],"curies":[{"name":"wp","href":"https:\/\/api.w.org\/{rel}","templated":true}]}}