{"id":91890,"date":"2021-09-02T10:18:07","date_gmt":"2021-09-02T08:18:07","guid":{"rendered":"https:\/\/www.heddata.se\/webbutik\/?post_type=product&#038;p=91890"},"modified":"2026-04-07T12:09:01","modified_gmt":"2026-04-07T10:09:01","slug":"alkaliska-batterier-aaa-20-st","status":"publish","type":"product","link":"https:\/\/www.heddata.se\/webbutik\/produkt\/alkaliska-batterier-aaa-20-st\/","title":{"rendered":"Alkaliska Batterier AAA 20 st"},"content":{"rendered":"<p>Alkaliska Batterier AAA 20 st<\/p>\n<p>Alkaliska batterier av h\u00f6g kvalitet. Dessa \u00e4r s\u00e4rskilt l\u00e4mpade f\u00f6r vardaglig anv\u00e4ndning, t.ex. i leksaker, ficklampor och diverse elektriska apparater, t.ex. datorm\u00f6ss.<\/p>\n<h4 id=\"specifications\">Alkaliska <a href=\"https:\/\/www.heddata.se\/webbutik\/batterier\/\">Batterier<\/a> AAA 20 st produktspecifikationer:<\/h4>\n<table class=\"table table-dashed-border\">\n<tbody>\n<tr>\n<th scope=\"row\">F\u00e4rg<\/th>\n<td>Gr\u00f6n<br \/>\nGul<\/td>\n<\/tr>\n<tr>\n<th scope=\"row\">Enhetstyp<\/th>\n<td>Olika<\/td>\n<\/tr>\n<tr>\n<th scope=\"row\">Teknik<\/th>\n<td>Alkaliskt<\/td>\n<\/tr>\n<tr>\n<th scope=\"row\">Utsp\u00e4nning<\/th>\n<td>1.50 V<\/td>\n<\/tr>\n<tr>\n<th scope=\"row\">Antal batterier<\/th>\n<td>20 st.<\/td>\n<\/tr>\n<tr>\n<th scope=\"row\">F\u00f6rpackningstyp<\/th>\n<td>L\u00e5da<\/td>\n<\/tr>\n<tr>\n<th scope=\"row\">H\u00f6jd<\/th>\n<td>44.31 mm<\/td>\n<\/tr>\n<tr>\n<th scope=\"row\">Vikt<\/th>\n<td>14.38 g<\/td>\n<\/tr>\n<tr>\n<th scope=\"row\">Batteri IEC kod<\/th>\n<td>LR03<\/td>\n<\/tr>\n<tr>\n<th scope=\"row\"><a href=\"https:\/\/nedis.se\/sv-se\" target=\"_blank\" rel=\"noopener\">Batteritypsenergi<\/a><\/th>\n<td>AAA<br \/>\nMN2400<br \/>\nMX2400<br \/>\nMV2400<br \/>\n24A<br \/>\n1200<\/td>\n<\/tr>\n<\/tbody>\n<\/table>\n","protected":false},"excerpt":{"rendered":"<p>Alkaliska Batterier AAA 20 st<\/p>\n","protected":false},"featured_media":91900,"template":"","meta":[],"product_brand":[],"product_cat":[210],"product_tag":[],"class_list":{"0":"post-91890","1":"product","2":"type-product","3":"status-publish","4":"has-post-thumbnail","6":"product_cat-batterier","8":"first","9":"instock","10":"taxable","11":"shipping-taxable","12":"purchasable","13":"product-type-simple"},"yoast_head":"<!-- This site is optimized with the Yoast SEO Premium plugin v26.7 (Yoast SEO v26.7) - https:\/\/yoast.com\/wordpress\/plugins\/seo\/ -->\n<title>Alkaliska Batterier AAA 20 st f\u00f6r vardaglig anv\u00e4ndning i diverse apparater<\/title>\n<meta name=\"description\" content=\"Alkaliska Batterier AAA 20 st. Alkaliska batterier av h\u00f6g kvalitet. Dessa \u00e4r s\u00e4rskilt l\u00e4mpade f\u00f6r vardaglig anv\u00e4ndning, t.ex. i leksaker\" \/>\n<meta name=\"robots\" content=\"index, follow, max-snippet:-1, max-image-preview:large, max-video-preview:-1\" \/>\n<link rel=\"canonical\" href=\"https:\/\/www.heddata.se\/webbutik\/produkt\/alkaliska-batterier-aaa-20-st\/\" \/>\n<meta property=\"og:locale\" content=\"sv_SE\" \/>\n<meta property=\"og:type\" content=\"article\" \/>\n<meta property=\"og:title\" content=\"Alkaliska Batterier AAA 20 st\" \/>\n<meta property=\"og:description\" content=\"Alkaliska Batterier AAA 20 st. Alkaliska batterier av h\u00f6g kvalitet. Dessa \u00e4r s\u00e4rskilt l\u00e4mpade f\u00f6r vardaglig anv\u00e4ndning, t.ex. i leksaker\" \/>\n<meta property=\"og:url\" content=\"https:\/\/www.heddata.se\/webbutik\/produkt\/alkaliska-batterier-aaa-20-st\/\" \/>\n<meta property=\"og:site_name\" content=\"Datorer, Skrivare, F\u00e4rgpatroner, Mobiltelefoner\" \/>\n<meta property=\"article:modified_time\" content=\"2026-04-07T10:09:01+00:00\" \/>\n<meta property=\"og:image\" content=\"https:\/\/www.heddata.se\/webbutik\/wp-content\/uploads\/webbutik\/kategorier\/batterier\/baaklr0320bx.jpeg\" \/>\n\t<meta property=\"og:image:width\" content=\"1200\" \/>\n\t<meta property=\"og:image:height\" content=\"1200\" \/>\n\t<meta property=\"og:image:type\" content=\"image\/jpeg\" \/>\n<meta name=\"twitter:card\" content=\"summary_large_image\" \/>\n<script type=\"application\/ld+json\" class=\"yoast-schema-graph\">{\"@context\":\"https:\/\/schema.org\",\"@graph\":[{\"@type\":\"WebPage\",\"@id\":\"https:\/\/www.heddata.se\/webbutik\/produkt\/alkaliska-batterier-aaa-20-st\/\",\"url\":\"https:\/\/www.heddata.se\/webbutik\/produkt\/alkaliska-batterier-aaa-20-st\/\",\"name\":\"Alkaliska Batterier AAA 20 st f\u00f6r vardaglig anv\u00e4ndning i diverse apparater\",\"isPartOf\":{\"@id\":\"https:\/\/www.heddata.se\/webbutik\/#website\"},\"primaryImageOfPage\":{\"@id\":\"https:\/\/www.heddata.se\/webbutik\/produkt\/alkaliska-batterier-aaa-20-st\/#primaryimage\"},\"image\":{\"@id\":\"https:\/\/www.heddata.se\/webbutik\/produkt\/alkaliska-batterier-aaa-20-st\/#primaryimage\"},\"thumbnailUrl\":\"https:\/\/www.heddata.se\/webbutik\/wp-content\/uploads\/webbutik\/kategorier\/batterier\/baaklr0320bx.jpeg\",\"datePublished\":\"2021-09-02T08:18:07+00:00\",\"dateModified\":\"2026-04-07T10:09:01+00:00\",\"description\":\"Alkaliska Batterier AAA 20 st. Alkaliska batterier av h\u00f6g kvalitet. Dessa \u00e4r s\u00e4rskilt l\u00e4mpade f\u00f6r vardaglig anv\u00e4ndning, t.ex. i leksaker\",\"breadcrumb\":{\"@id\":\"https:\/\/www.heddata.se\/webbutik\/produkt\/alkaliska-batterier-aaa-20-st\/#breadcrumb\"},\"inLanguage\":\"sv-SE\",\"potentialAction\":[{\"@type\":\"ReadAction\",\"target\":[\"https:\/\/www.heddata.se\/webbutik\/produkt\/alkaliska-batterier-aaa-20-st\/\"]}]},{\"@type\":\"ImageObject\",\"inLanguage\":\"sv-SE\",\"@id\":\"https:\/\/www.heddata.se\/webbutik\/produkt\/alkaliska-batterier-aaa-20-st\/#primaryimage\",\"url\":\"https:\/\/www.heddata.se\/webbutik\/wp-content\/uploads\/webbutik\/kategorier\/batterier\/baaklr0320bx.jpeg\",\"contentUrl\":\"https:\/\/www.heddata.se\/webbutik\/wp-content\/uploads\/webbutik\/kategorier\/batterier\/baaklr0320bx.jpeg\",\"width\":1200,\"height\":1200,\"caption\":\"Alkaliska Batterier AAA 20\"},{\"@type\":\"BreadcrumbList\",\"@id\":\"https:\/\/www.heddata.se\/webbutik\/produkt\/alkaliska-batterier-aaa-20-st\/#breadcrumb\",\"itemListElement\":[{\"@type\":\"ListItem\",\"position\":1,\"name\":\"Hem\",\"item\":\"https:\/\/www.heddata.se\/webbutik\/\"},{\"@type\":\"ListItem\",\"position\":2,\"name\":\"Produkter\",\"item\":\"https:\/\/www.heddata.se\/webbutik\/shop\/\"},{\"@type\":\"ListItem\",\"position\":3,\"name\":\"Alkaliska Batterier AAA 20 st\"}]},{\"@type\":\"WebSite\",\"@id\":\"https:\/\/www.heddata.se\/webbutik\/#website\",\"url\":\"https:\/\/www.heddata.se\/webbutik\/\",\"name\":\"Datorer, Skrivare, F\u00e4rgpatroner, Mobiltelefoner\",\"description\":\"Kablar\",\"publisher\":{\"@id\":\"https:\/\/www.heddata.se\/webbutik\/#organization\"},\"potentialAction\":[{\"@type\":\"SearchAction\",\"target\":{\"@type\":\"EntryPoint\",\"urlTemplate\":\"https:\/\/www.heddata.se\/webbutik\/?s={search_term_string}\"},\"query-input\":{\"@type\":\"PropertyValueSpecification\",\"valueRequired\":true,\"valueName\":\"search_term_string\"}}],\"inLanguage\":\"sv-SE\"},{\"@type\":\"Organization\",\"@id\":\"https:\/\/www.heddata.se\/webbutik\/#organization\",\"name\":\"Heddata AB\",\"url\":\"https:\/\/www.heddata.se\/webbutik\/\",\"logo\":{\"@type\":\"ImageObject\",\"inLanguage\":\"sv-SE\",\"@id\":\"https:\/\/www.heddata.se\/webbutik\/#\/schema\/logo\/image\/\",\"url\":\"https:\/\/www.heddata.se\/webbutik\/wp-content\/uploads\/logga\/heddata-ab-logga.png\",\"contentUrl\":\"https:\/\/www.heddata.se\/webbutik\/wp-content\/uploads\/logga\/heddata-ab-logga.png\",\"width\":200,\"height\":64,\"caption\":\"Heddata AB\"},\"image\":{\"@id\":\"https:\/\/www.heddata.se\/webbutik\/#\/schema\/logo\/image\/\"}}]}<\/script>\n<!-- \/ Yoast SEO Premium plugin. -->","yoast_head_json":{"title":"Alkaliska Batterier AAA 20 st f\u00f6r vardaglig anv\u00e4ndning i diverse apparater","description":"Alkaliska Batterier AAA 20 st. Alkaliska batterier av h\u00f6g kvalitet. Dessa \u00e4r s\u00e4rskilt l\u00e4mpade f\u00f6r vardaglig anv\u00e4ndning, t.ex. i leksaker","robots":{"index":"index","follow":"follow","max-snippet":"max-snippet:-1","max-image-preview":"max-image-preview:large","max-video-preview":"max-video-preview:-1"},"canonical":"https:\/\/www.heddata.se\/webbutik\/produkt\/alkaliska-batterier-aaa-20-st\/","og_locale":"sv_SE","og_type":"article","og_title":"Alkaliska Batterier AAA 20 st","og_description":"Alkaliska Batterier AAA 20 st. Alkaliska batterier av h\u00f6g kvalitet. Dessa \u00e4r s\u00e4rskilt l\u00e4mpade f\u00f6r vardaglig anv\u00e4ndning, t.ex. i leksaker","og_url":"https:\/\/www.heddata.se\/webbutik\/produkt\/alkaliska-batterier-aaa-20-st\/","og_site_name":"Datorer, Skrivare, F\u00e4rgpatroner, Mobiltelefoner","article_modified_time":"2026-04-07T10:09:01+00:00","og_image":[{"width":1200,"height":1200,"url":"https:\/\/www.heddata.se\/webbutik\/wp-content\/uploads\/webbutik\/kategorier\/batterier\/baaklr0320bx.jpeg","type":"image\/jpeg"}],"twitter_card":"summary_large_image","schema":{"@context":"https:\/\/schema.org","@graph":[{"@type":"WebPage","@id":"https:\/\/www.heddata.se\/webbutik\/produkt\/alkaliska-batterier-aaa-20-st\/","url":"https:\/\/www.heddata.se\/webbutik\/produkt\/alkaliska-batterier-aaa-20-st\/","name":"Alkaliska Batterier AAA 20 st f\u00f6r vardaglig anv\u00e4ndning i diverse apparater","isPartOf":{"@id":"https:\/\/www.heddata.se\/webbutik\/#website"},"primaryImageOfPage":{"@id":"https:\/\/www.heddata.se\/webbutik\/produkt\/alkaliska-batterier-aaa-20-st\/#primaryimage"},"image":{"@id":"https:\/\/www.heddata.se\/webbutik\/produkt\/alkaliska-batterier-aaa-20-st\/#primaryimage"},"thumbnailUrl":"https:\/\/www.heddata.se\/webbutik\/wp-content\/uploads\/webbutik\/kategorier\/batterier\/baaklr0320bx.jpeg","datePublished":"2021-09-02T08:18:07+00:00","dateModified":"2026-04-07T10:09:01+00:00","description":"Alkaliska Batterier AAA 20 st. Alkaliska batterier av h\u00f6g kvalitet. Dessa \u00e4r s\u00e4rskilt l\u00e4mpade f\u00f6r vardaglig anv\u00e4ndning, t.ex. i leksaker","breadcrumb":{"@id":"https:\/\/www.heddata.se\/webbutik\/produkt\/alkaliska-batterier-aaa-20-st\/#breadcrumb"},"inLanguage":"sv-SE","potentialAction":[{"@type":"ReadAction","target":["https:\/\/www.heddata.se\/webbutik\/produkt\/alkaliska-batterier-aaa-20-st\/"]}]},{"@type":"ImageObject","inLanguage":"sv-SE","@id":"https:\/\/www.heddata.se\/webbutik\/produkt\/alkaliska-batterier-aaa-20-st\/#primaryimage","url":"https:\/\/www.heddata.se\/webbutik\/wp-content\/uploads\/webbutik\/kategorier\/batterier\/baaklr0320bx.jpeg","contentUrl":"https:\/\/www.heddata.se\/webbutik\/wp-content\/uploads\/webbutik\/kategorier\/batterier\/baaklr0320bx.jpeg","width":1200,"height":1200,"caption":"Alkaliska Batterier AAA 20"},{"@type":"BreadcrumbList","@id":"https:\/\/www.heddata.se\/webbutik\/produkt\/alkaliska-batterier-aaa-20-st\/#breadcrumb","itemListElement":[{"@type":"ListItem","position":1,"name":"Hem","item":"https:\/\/www.heddata.se\/webbutik\/"},{"@type":"ListItem","position":2,"name":"Produkter","item":"https:\/\/www.heddata.se\/webbutik\/shop\/"},{"@type":"ListItem","position":3,"name":"Alkaliska Batterier AAA 20 st"}]},{"@type":"WebSite","@id":"https:\/\/www.heddata.se\/webbutik\/#website","url":"https:\/\/www.heddata.se\/webbutik\/","name":"Datorer, Skrivare, F\u00e4rgpatroner, Mobiltelefoner","description":"Kablar","publisher":{"@id":"https:\/\/www.heddata.se\/webbutik\/#organization"},"potentialAction":[{"@type":"SearchAction","target":{"@type":"EntryPoint","urlTemplate":"https:\/\/www.heddata.se\/webbutik\/?s={search_term_string}"},"query-input":{"@type":"PropertyValueSpecification","valueRequired":true,"valueName":"search_term_string"}}],"inLanguage":"sv-SE"},{"@type":"Organization","@id":"https:\/\/www.heddata.se\/webbutik\/#organization","name":"Heddata AB","url":"https:\/\/www.heddata.se\/webbutik\/","logo":{"@type":"ImageObject","inLanguage":"sv-SE","@id":"https:\/\/www.heddata.se\/webbutik\/#\/schema\/logo\/image\/","url":"https:\/\/www.heddata.se\/webbutik\/wp-content\/uploads\/logga\/heddata-ab-logga.png","contentUrl":"https:\/\/www.heddata.se\/webbutik\/wp-content\/uploads\/logga\/heddata-ab-logga.png","width":200,"height":64,"caption":"Heddata AB"},"image":{"@id":"https:\/\/www.heddata.se\/webbutik\/#\/schema\/logo\/image\/"}}]}},"_links":{"self":[{"href":"https:\/\/www.heddata.se\/webbutik\/wp-json\/wp\/v2\/product\/91890","targetHints":{"allow":["GET"]}}],"collection":[{"href":"https:\/\/www.heddata.se\/webbutik\/wp-json\/wp\/v2\/product"}],"about":[{"href":"https:\/\/www.heddata.se\/webbutik\/wp-json\/wp\/v2\/types\/product"}],"wp:featuredmedia":[{"embeddable":true,"href":"https:\/\/www.heddata.se\/webbutik\/wp-json\/wp\/v2\/media\/91900"}],"wp:attachment":[{"href":"https:\/\/www.heddata.se\/webbutik\/wp-json\/wp\/v2\/media?parent=91890"}],"wp:term":[{"taxonomy":"product_brand","embeddable":true,"href":"https:\/\/www.heddata.se\/webbutik\/wp-json\/wp\/v2\/product_brand?post=91890"},{"taxonomy":"product_cat","embeddable":true,"href":"https:\/\/www.heddata.se\/webbutik\/wp-json\/wp\/v2\/product_cat?post=91890"},{"taxonomy":"product_tag","embeddable":true,"href":"https:\/\/www.heddata.se\/webbutik\/wp-json\/wp\/v2\/product_tag?post=91890"}],"curies":[{"name":"wp","href":"https:\/\/api.w.org\/{rel}","templated":true}]}}