{"id":91833,"date":"2021-08-23T15:21:24","date_gmt":"2021-08-23T13:21:24","guid":{"rendered":"https:\/\/www.heddata.se\/webbutik\/?post_type=product&#038;p=91833"},"modified":"2026-04-17T18:41:07","modified_gmt":"2026-04-17T16:41:07","slug":"usb-c-dockningsstation-usb-3-1-usb-typ-c-micro-sd-sd-1x-hdmi-1x-rj45-1x-vga-2x-usb-type-a-2x-usb-type-c-nickelplaterad-svart","status":"publish","type":"product","link":"https:\/\/www.heddata.se\/webbutik\/produkt\/usb-c-dockningsstation-usb-3-1-usb-typ-c-micro-sd-sd-1x-hdmi-1x-rj45-1x-vga-2x-usb-type-a-2x-usb-type-c-nickelplaterad-svart\/","title":{"rendered":"USB-C dockningsstation USB 3.1 USB Typ-C\u2122 Micro SD \/ SD \/ 1x HDMI\u00ae \/ 1x RJ45 \/ 1x VGA \/ 2x USB Type-A \/ 2x USB Type-C\u2122 Nickelplaterad Svart"},"content":{"rendered":"<p>USB-C dockningsstation USB 3.1 USB Typ-C\u2122 Micro SD \/ SD \/ 1x HDMI\u00ae \/ 1x RJ45 \/ 1x VGA \/ 2x USB Type-A \/ 2x USB Type-C\u2122 Nickelplaterad Svart<\/p>\n<div class=\"col-md-7 col-lg-7 col-xl-8\">\n<div class=\"description\">\n<div class=\"d-flex flex-column\">\n<div class=\"position-relative\">\n<div class=\"\">\n<p class=\"p-0 m-0\">P\u00e5 en ny ultratunn b\u00e4rbar eller station\u00e4r dator \u00e4r det ofta ont om portar och de tunna enheterna har oftast bara en USB-C-port. L\u00f6s det h\u00e4r frustrerande problemet genom att ut\u00f6ka anslutningskapaciteten med Nedis 9-i-1 USB-C-dockningsstation. Hubben \u00e4r din anslutningscentral f\u00f6r olika enheter som skrivare, sk\u00e4rm, internet, kortl\u00e4sare, mus och tangentbord. Med den kan du anv\u00e4nda alla dina befintliga enheter p\u00e5 kontoret eller hemma, samtidigt som f\u00e5r suver\u00e4nt snabb data\u00f6verf\u00f6ring via USB-C. Den l\u00e4tta och kompakta designen g\u00f6r den till ett perfekt tillbeh\u00f6r vid aff\u00e4rsresor.<\/p>\n<\/div>\n<\/div>\n<\/div>\n<\/div>\n<h4 class=\"mt-3\"><strong class=\"d-block\">Egenskaper<\/strong><\/h4>\n<p class=\"m-0\">Ut\u00f6ka anslutningsm\u00f6jligheterna f\u00f6r din <a href=\"https:\/\/www.heddata.se\/webbutik\/datorer\/\">dator\/b\u00e4rbara<\/a> dator F\u00f6rb\u00e4ttra produktiviteten genom att ansluta en st\u00f6rre sk\u00e4rm, koppla upp dig p\u00e5 n\u00e4tet med den inbyggda LAN-anslutningen och ut\u00f6ka din b\u00e4rbara dator med upp till fyra ytterligare enheter via de inbyggda USB-portarna (2 x USB 3.0 och 2 x USB-C).<\/p>\n<p class=\"m-0\">Alltid helt str\u00f6mf\u00f6rs\u00f6rjd Samtidigt som du anv\u00e4nder USB-C\u2122-dockningsstationen laddas din b\u00e4rbara dator eller surfplatta med den inbyggda PD-laddaren p\u00e5 upp till max. 20 V\/5 A &#8211; 100 W.<\/p>\n<p class=\"m-0\">Uppl\u00f6sning upp till 4K HDMI-anslutning f\u00f6r uppl\u00f6sning upp till 4K (4Kx2K vid 30 Hz).<\/p>\n<p class=\"m-0\">Uppgradera din dator med en extra LAN-port f\u00f6r h\u00f6ghastighetsanslutning till n\u00e4tverk via Gigabit Ethernet.<\/p>\n<p class=\"m-0\">Ut\u00f6ka antalet befintliga USB-portar Ut\u00f6ka lagringsutrymmet genom att ansluta en extern h\u00e5rddisk, ett USB-minne eller en smartphone till en av de fyra USB 3.0-portarna.<\/p>\n<p class=\"m-0\">Kombinerad kortl\u00e4sare (SD\/Micro SD) L\u00e4s SD-kort av b\u00e5da storlekarna med en och samma kortl\u00e4sare.<\/p>\n<div id=\"package-contents\">\n<div class=\"border-top-md-down py-4 py-md-0\">\n<h4 id=\"package-contents\">Paketet inneh\u00e5ller<\/h4>\n<p>USB-C\u2122-dockning<br \/>\nSnabbstartsguide<\/p>\n<\/div>\n<\/div>\n<div id=\"information\"><\/div>\n<div class=\"border-top-md-down py-4 py-md-0\">\n<h4 id=\"specifications\"><a href=\"https:\/\/nedis.se\/sv-se\" target=\"_blank\" rel=\"noopener\">Produktspecifikationer<\/a><\/h4>\n<p>&nbsp;<\/p>\n<table class=\"table table-dashed-border\">\n<tbody>\n<tr>\n<th scope=\"row\">Anslutningsdesign \u2013 sida B<\/th>\n<td>Rak<\/td>\n<\/tr>\n<tr>\n<th scope=\"row\">Anslutningsdesign \u2013 sida A<\/th>\n<td>Rak<\/td>\n<\/tr>\n<tr>\n<th scope=\"row\">Kontaktmaterial<\/th>\n<td>PVC<\/td>\n<\/tr>\n<tr>\n<th scope=\"row\">F\u00e4rg<\/th>\n<td>Svart<\/td>\n<\/tr>\n<tr>\n<th scope=\"row\">Kontaktspl\u00e4tering<\/th>\n<td>Nickelplaterad<\/td>\n<\/tr>\n<tr>\n<th scope=\"row\">Material<\/th>\n<td>Metall<br \/>\nPlast<\/td>\n<\/tr>\n<tr>\n<th scope=\"row\">Adaptertyp<\/th>\n<td>Adapter<\/td>\n<\/tr>\n<tr>\n<th scope=\"row\">USB teknik<\/th>\n<td>USB 3.1<\/td>\n<\/tr>\n<tr>\n<th scope=\"row\">Kontakt B<\/th>\n<td>1x HDMI\u00ae<br \/>\n1x VGA<br \/>\n1x RJ45<br \/>\n2x USB Type-C\u2122<br \/>\n2x USB Type-A<br \/>\nSD<br \/>\nMicro SD<\/td>\n<\/tr>\n<tr>\n<th scope=\"row\">F\u00f6rpackningstyp<\/th>\n<td>Window Box med Euro Lock<\/td>\n<\/tr>\n<tr>\n<th scope=\"row\">Kabeltyp<\/th>\n<td>Typ-C\u2122<\/td>\n<\/tr>\n<tr>\n<th scope=\"row\">Kontakt A<\/th>\n<td>USB Typ-C\u2122<\/td>\n<\/tr>\n<tr>\n<th scope=\"row\">N\u00e4tkontakt<\/th>\n<td>USB<\/td>\n<\/tr>\n<\/tbody>\n<\/table>\n<\/div>\n<\/div>\n","protected":false},"excerpt":{"rendered":"<p>USB-C dockningsstation USB 3.1 USB Typ-C\u2122 Micro SD \/ SD \/ 1x HDMI\u00ae \/ 1x RJ45 \/ 1x VGA \/ 2x USB Type-A \/ 2x USB Type-C\u2122 Nickelplaterad Svart<\/p>\n","protected":false},"featured_media":91834,"template":"","meta":[],"product_brand":[],"product_cat":[65,3366],"product_tag":[],"class_list":{"0":"post-91833","1":"product","2":"type-product","3":"status-publish","4":"has-post-thumbnail","6":"product_cat-datorer-tillbehor","7":"product_cat-ovrigt-datortillbehor","9":"first","10":"outofstock","11":"taxable","12":"shipping-taxable","13":"product-type-simple"},"yoast_head":"<!-- This site is optimized with the Yoast SEO Premium plugin v26.7 (Yoast SEO v26.7) - https:\/\/yoast.com\/wordpress\/plugins\/seo\/ -->\n<title>USB-C dockningsstation USB 3.1 USB Typ-C\u2122 Micro SD \/ SD \/ 1x HDMI\u00ae<\/title>\n<meta name=\"description\" content=\"USB-C dockningsstation USB 3.1 USB Typ-C\u2122 Micro SD \/ SD \/ 1x HDMI\u00ae \/ 1x RJ45 \/ 1x VGA \/ 2x USB Type-A \/ 2x USB Type-C\u2122 Nickelplaterad Svart\" \/>\n<meta name=\"robots\" content=\"index, follow, max-snippet:-1, max-image-preview:large, max-video-preview:-1\" \/>\n<link rel=\"canonical\" href=\"https:\/\/www.heddata.se\/webbutik\/produkt\/usb-c-dockningsstation-usb-3-1-usb-typ-c-micro-sd-sd-1x-hdmi-1x-rj45-1x-vga-2x-usb-type-a-2x-usb-type-c-nickelplaterad-svart\/\" \/>\n<meta property=\"og:locale\" content=\"sv_SE\" \/>\n<meta property=\"og:type\" content=\"article\" \/>\n<meta property=\"og:title\" content=\"USB-C dockningsstation USB 3.1 USB Typ-C\u2122 Micro SD \/ SD \/ 1x HDMI\u00ae \/ 1x RJ45 \/ 1x VGA \/ 2x USB Type-A \/ 2x USB Type-C\u2122 Nickelplaterad Svart\" \/>\n<meta property=\"og:description\" content=\"USB-C dockningsstation USB 3.1 USB Typ-C\u2122 Micro SD \/ SD \/ 1x HDMI\u00ae \/ 1x RJ45 \/ 1x VGA \/ 2x USB Type-A \/ 2x USB Type-C\u2122 Nickelplaterad Svart\" \/>\n<meta property=\"og:url\" content=\"https:\/\/www.heddata.se\/webbutik\/produkt\/usb-c-dockningsstation-usb-3-1-usb-typ-c-micro-sd-sd-1x-hdmi-1x-rj45-1x-vga-2x-usb-type-a-2x-usb-type-c-nickelplaterad-svart\/\" \/>\n<meta property=\"og:site_name\" content=\"Datorer, Skrivare, F\u00e4rgpatroner, Mobiltelefoner\" \/>\n<meta property=\"article:modified_time\" content=\"2026-04-17T16:41:07+00:00\" \/>\n<meta property=\"og:image\" content=\"https:\/\/www.heddata.se\/webbutik\/wp-content\/uploads\/webbutik\/kategorier\/ovrigt-tillbehor\/tcarfd200bk.jpeg\" \/>\n\t<meta property=\"og:image:width\" content=\"1200\" \/>\n\t<meta property=\"og:image:height\" content=\"1200\" \/>\n\t<meta property=\"og:image:type\" content=\"image\/jpeg\" \/>\n<meta name=\"twitter:card\" content=\"summary_large_image\" \/>\n<meta name=\"twitter:label1\" content=\"Ber\u00e4knad l\u00e4stid\" \/>\n\t<meta name=\"twitter:data1\" content=\"2 minuter\" \/>\n<script type=\"application\/ld+json\" class=\"yoast-schema-graph\">{\"@context\":\"https:\/\/schema.org\",\"@graph\":[{\"@type\":\"WebPage\",\"@id\":\"https:\/\/www.heddata.se\/webbutik\/produkt\/usb-c-dockningsstation-usb-3-1-usb-typ-c-micro-sd-sd-1x-hdmi-1x-rj45-1x-vga-2x-usb-type-a-2x-usb-type-c-nickelplaterad-svart\/\",\"url\":\"https:\/\/www.heddata.se\/webbutik\/produkt\/usb-c-dockningsstation-usb-3-1-usb-typ-c-micro-sd-sd-1x-hdmi-1x-rj45-1x-vga-2x-usb-type-a-2x-usb-type-c-nickelplaterad-svart\/\",\"name\":\"USB-C dockningsstation USB 3.1 USB Typ-C\u2122 Micro SD \/ SD \/ 1x HDMI\u00ae\",\"isPartOf\":{\"@id\":\"https:\/\/www.heddata.se\/webbutik\/#website\"},\"primaryImageOfPage\":{\"@id\":\"https:\/\/www.heddata.se\/webbutik\/produkt\/usb-c-dockningsstation-usb-3-1-usb-typ-c-micro-sd-sd-1x-hdmi-1x-rj45-1x-vga-2x-usb-type-a-2x-usb-type-c-nickelplaterad-svart\/#primaryimage\"},\"image\":{\"@id\":\"https:\/\/www.heddata.se\/webbutik\/produkt\/usb-c-dockningsstation-usb-3-1-usb-typ-c-micro-sd-sd-1x-hdmi-1x-rj45-1x-vga-2x-usb-type-a-2x-usb-type-c-nickelplaterad-svart\/#primaryimage\"},\"thumbnailUrl\":\"https:\/\/www.heddata.se\/webbutik\/wp-content\/uploads\/webbutik\/kategorier\/ovrigt-tillbehor\/tcarfd200bk.jpeg\",\"datePublished\":\"2021-08-23T13:21:24+00:00\",\"dateModified\":\"2026-04-17T16:41:07+00:00\",\"description\":\"USB-C dockningsstation USB 3.1 USB Typ-C\u2122 Micro SD \/ SD \/ 1x HDMI\u00ae \/ 1x RJ45 \/ 1x VGA \/ 2x USB Type-A \/ 2x USB Type-C\u2122 Nickelplaterad Svart\",\"breadcrumb\":{\"@id\":\"https:\/\/www.heddata.se\/webbutik\/produkt\/usb-c-dockningsstation-usb-3-1-usb-typ-c-micro-sd-sd-1x-hdmi-1x-rj45-1x-vga-2x-usb-type-a-2x-usb-type-c-nickelplaterad-svart\/#breadcrumb\"},\"inLanguage\":\"sv-SE\",\"potentialAction\":[{\"@type\":\"ReadAction\",\"target\":[\"https:\/\/www.heddata.se\/webbutik\/produkt\/usb-c-dockningsstation-usb-3-1-usb-typ-c-micro-sd-sd-1x-hdmi-1x-rj45-1x-vga-2x-usb-type-a-2x-usb-type-c-nickelplaterad-svart\/\"]}]},{\"@type\":\"ImageObject\",\"inLanguage\":\"sv-SE\",\"@id\":\"https:\/\/www.heddata.se\/webbutik\/produkt\/usb-c-dockningsstation-usb-3-1-usb-typ-c-micro-sd-sd-1x-hdmi-1x-rj45-1x-vga-2x-usb-type-a-2x-usb-type-c-nickelplaterad-svart\/#primaryimage\",\"url\":\"https:\/\/www.heddata.se\/webbutik\/wp-content\/uploads\/webbutik\/kategorier\/ovrigt-tillbehor\/tcarfd200bk.jpeg\",\"contentUrl\":\"https:\/\/www.heddata.se\/webbutik\/wp-content\/uploads\/webbutik\/kategorier\/ovrigt-tillbehor\/tcarfd200bk.jpeg\",\"width\":1200,\"height\":1200,\"caption\":\"USB-C dockningsstation USB 3.1\"},{\"@type\":\"BreadcrumbList\",\"@id\":\"https:\/\/www.heddata.se\/webbutik\/produkt\/usb-c-dockningsstation-usb-3-1-usb-typ-c-micro-sd-sd-1x-hdmi-1x-rj45-1x-vga-2x-usb-type-a-2x-usb-type-c-nickelplaterad-svart\/#breadcrumb\",\"itemListElement\":[{\"@type\":\"ListItem\",\"position\":1,\"name\":\"Hem\",\"item\":\"https:\/\/www.heddata.se\/webbutik\/\"},{\"@type\":\"ListItem\",\"position\":2,\"name\":\"Produkter\",\"item\":\"https:\/\/www.heddata.se\/webbutik\/shop\/\"},{\"@type\":\"ListItem\",\"position\":3,\"name\":\"USB-C dockningsstation USB 3.1 USB Typ-C\u2122 Micro SD \/ SD \/ 1x HDMI\u00ae \/ 1x RJ45 \/ 1x VGA \/ 2x USB Type-A \/ 2x USB Type-C\u2122 Nickelplaterad Svart\"}]},{\"@type\":\"WebSite\",\"@id\":\"https:\/\/www.heddata.se\/webbutik\/#website\",\"url\":\"https:\/\/www.heddata.se\/webbutik\/\",\"name\":\"Datorer, Skrivare, F\u00e4rgpatroner, Mobiltelefoner\",\"description\":\"Kablar\",\"publisher\":{\"@id\":\"https:\/\/www.heddata.se\/webbutik\/#organization\"},\"potentialAction\":[{\"@type\":\"SearchAction\",\"target\":{\"@type\":\"EntryPoint\",\"urlTemplate\":\"https:\/\/www.heddata.se\/webbutik\/?s={search_term_string}\"},\"query-input\":{\"@type\":\"PropertyValueSpecification\",\"valueRequired\":true,\"valueName\":\"search_term_string\"}}],\"inLanguage\":\"sv-SE\"},{\"@type\":\"Organization\",\"@id\":\"https:\/\/www.heddata.se\/webbutik\/#organization\",\"name\":\"Heddata AB\",\"url\":\"https:\/\/www.heddata.se\/webbutik\/\",\"logo\":{\"@type\":\"ImageObject\",\"inLanguage\":\"sv-SE\",\"@id\":\"https:\/\/www.heddata.se\/webbutik\/#\/schema\/logo\/image\/\",\"url\":\"https:\/\/www.heddata.se\/webbutik\/wp-content\/uploads\/logga\/heddata-ab-logga.png\",\"contentUrl\":\"https:\/\/www.heddata.se\/webbutik\/wp-content\/uploads\/logga\/heddata-ab-logga.png\",\"width\":200,\"height\":64,\"caption\":\"Heddata AB\"},\"image\":{\"@id\":\"https:\/\/www.heddata.se\/webbutik\/#\/schema\/logo\/image\/\"}}]}<\/script>\n<!-- \/ Yoast SEO Premium plugin. -->","yoast_head_json":{"title":"USB-C dockningsstation USB 3.1 USB Typ-C\u2122 Micro SD \/ SD \/ 1x HDMI\u00ae","description":"USB-C dockningsstation USB 3.1 USB Typ-C\u2122 Micro SD \/ SD \/ 1x HDMI\u00ae \/ 1x RJ45 \/ 1x VGA \/ 2x USB Type-A \/ 2x USB Type-C\u2122 Nickelplaterad Svart","robots":{"index":"index","follow":"follow","max-snippet":"max-snippet:-1","max-image-preview":"max-image-preview:large","max-video-preview":"max-video-preview:-1"},"canonical":"https:\/\/www.heddata.se\/webbutik\/produkt\/usb-c-dockningsstation-usb-3-1-usb-typ-c-micro-sd-sd-1x-hdmi-1x-rj45-1x-vga-2x-usb-type-a-2x-usb-type-c-nickelplaterad-svart\/","og_locale":"sv_SE","og_type":"article","og_title":"USB-C dockningsstation USB 3.1 USB Typ-C\u2122 Micro SD \/ SD \/ 1x HDMI\u00ae \/ 1x RJ45 \/ 1x VGA \/ 2x USB Type-A \/ 2x USB Type-C\u2122 Nickelplaterad Svart","og_description":"USB-C dockningsstation USB 3.1 USB Typ-C\u2122 Micro SD \/ SD \/ 1x HDMI\u00ae \/ 1x RJ45 \/ 1x VGA \/ 2x USB Type-A \/ 2x USB Type-C\u2122 Nickelplaterad Svart","og_url":"https:\/\/www.heddata.se\/webbutik\/produkt\/usb-c-dockningsstation-usb-3-1-usb-typ-c-micro-sd-sd-1x-hdmi-1x-rj45-1x-vga-2x-usb-type-a-2x-usb-type-c-nickelplaterad-svart\/","og_site_name":"Datorer, Skrivare, F\u00e4rgpatroner, Mobiltelefoner","article_modified_time":"2026-04-17T16:41:07+00:00","og_image":[{"width":1200,"height":1200,"url":"https:\/\/www.heddata.se\/webbutik\/wp-content\/uploads\/webbutik\/kategorier\/ovrigt-tillbehor\/tcarfd200bk.jpeg","type":"image\/jpeg"}],"twitter_card":"summary_large_image","twitter_misc":{"Ber\u00e4knad l\u00e4stid":"2 minuter"},"schema":{"@context":"https:\/\/schema.org","@graph":[{"@type":"WebPage","@id":"https:\/\/www.heddata.se\/webbutik\/produkt\/usb-c-dockningsstation-usb-3-1-usb-typ-c-micro-sd-sd-1x-hdmi-1x-rj45-1x-vga-2x-usb-type-a-2x-usb-type-c-nickelplaterad-svart\/","url":"https:\/\/www.heddata.se\/webbutik\/produkt\/usb-c-dockningsstation-usb-3-1-usb-typ-c-micro-sd-sd-1x-hdmi-1x-rj45-1x-vga-2x-usb-type-a-2x-usb-type-c-nickelplaterad-svart\/","name":"USB-C dockningsstation USB 3.1 USB Typ-C\u2122 Micro SD \/ SD \/ 1x HDMI\u00ae","isPartOf":{"@id":"https:\/\/www.heddata.se\/webbutik\/#website"},"primaryImageOfPage":{"@id":"https:\/\/www.heddata.se\/webbutik\/produkt\/usb-c-dockningsstation-usb-3-1-usb-typ-c-micro-sd-sd-1x-hdmi-1x-rj45-1x-vga-2x-usb-type-a-2x-usb-type-c-nickelplaterad-svart\/#primaryimage"},"image":{"@id":"https:\/\/www.heddata.se\/webbutik\/produkt\/usb-c-dockningsstation-usb-3-1-usb-typ-c-micro-sd-sd-1x-hdmi-1x-rj45-1x-vga-2x-usb-type-a-2x-usb-type-c-nickelplaterad-svart\/#primaryimage"},"thumbnailUrl":"https:\/\/www.heddata.se\/webbutik\/wp-content\/uploads\/webbutik\/kategorier\/ovrigt-tillbehor\/tcarfd200bk.jpeg","datePublished":"2021-08-23T13:21:24+00:00","dateModified":"2026-04-17T16:41:07+00:00","description":"USB-C dockningsstation USB 3.1 USB Typ-C\u2122 Micro SD \/ SD \/ 1x HDMI\u00ae \/ 1x RJ45 \/ 1x VGA \/ 2x USB Type-A \/ 2x USB Type-C\u2122 Nickelplaterad Svart","breadcrumb":{"@id":"https:\/\/www.heddata.se\/webbutik\/produkt\/usb-c-dockningsstation-usb-3-1-usb-typ-c-micro-sd-sd-1x-hdmi-1x-rj45-1x-vga-2x-usb-type-a-2x-usb-type-c-nickelplaterad-svart\/#breadcrumb"},"inLanguage":"sv-SE","potentialAction":[{"@type":"ReadAction","target":["https:\/\/www.heddata.se\/webbutik\/produkt\/usb-c-dockningsstation-usb-3-1-usb-typ-c-micro-sd-sd-1x-hdmi-1x-rj45-1x-vga-2x-usb-type-a-2x-usb-type-c-nickelplaterad-svart\/"]}]},{"@type":"ImageObject","inLanguage":"sv-SE","@id":"https:\/\/www.heddata.se\/webbutik\/produkt\/usb-c-dockningsstation-usb-3-1-usb-typ-c-micro-sd-sd-1x-hdmi-1x-rj45-1x-vga-2x-usb-type-a-2x-usb-type-c-nickelplaterad-svart\/#primaryimage","url":"https:\/\/www.heddata.se\/webbutik\/wp-content\/uploads\/webbutik\/kategorier\/ovrigt-tillbehor\/tcarfd200bk.jpeg","contentUrl":"https:\/\/www.heddata.se\/webbutik\/wp-content\/uploads\/webbutik\/kategorier\/ovrigt-tillbehor\/tcarfd200bk.jpeg","width":1200,"height":1200,"caption":"USB-C dockningsstation USB 3.1"},{"@type":"BreadcrumbList","@id":"https:\/\/www.heddata.se\/webbutik\/produkt\/usb-c-dockningsstation-usb-3-1-usb-typ-c-micro-sd-sd-1x-hdmi-1x-rj45-1x-vga-2x-usb-type-a-2x-usb-type-c-nickelplaterad-svart\/#breadcrumb","itemListElement":[{"@type":"ListItem","position":1,"name":"Hem","item":"https:\/\/www.heddata.se\/webbutik\/"},{"@type":"ListItem","position":2,"name":"Produkter","item":"https:\/\/www.heddata.se\/webbutik\/shop\/"},{"@type":"ListItem","position":3,"name":"USB-C dockningsstation USB 3.1 USB Typ-C\u2122 Micro SD \/ SD \/ 1x HDMI\u00ae \/ 1x RJ45 \/ 1x VGA \/ 2x USB Type-A \/ 2x USB Type-C\u2122 Nickelplaterad Svart"}]},{"@type":"WebSite","@id":"https:\/\/www.heddata.se\/webbutik\/#website","url":"https:\/\/www.heddata.se\/webbutik\/","name":"Datorer, Skrivare, F\u00e4rgpatroner, Mobiltelefoner","description":"Kablar","publisher":{"@id":"https:\/\/www.heddata.se\/webbutik\/#organization"},"potentialAction":[{"@type":"SearchAction","target":{"@type":"EntryPoint","urlTemplate":"https:\/\/www.heddata.se\/webbutik\/?s={search_term_string}"},"query-input":{"@type":"PropertyValueSpecification","valueRequired":true,"valueName":"search_term_string"}}],"inLanguage":"sv-SE"},{"@type":"Organization","@id":"https:\/\/www.heddata.se\/webbutik\/#organization","name":"Heddata AB","url":"https:\/\/www.heddata.se\/webbutik\/","logo":{"@type":"ImageObject","inLanguage":"sv-SE","@id":"https:\/\/www.heddata.se\/webbutik\/#\/schema\/logo\/image\/","url":"https:\/\/www.heddata.se\/webbutik\/wp-content\/uploads\/logga\/heddata-ab-logga.png","contentUrl":"https:\/\/www.heddata.se\/webbutik\/wp-content\/uploads\/logga\/heddata-ab-logga.png","width":200,"height":64,"caption":"Heddata AB"},"image":{"@id":"https:\/\/www.heddata.se\/webbutik\/#\/schema\/logo\/image\/"}}]}},"_links":{"self":[{"href":"https:\/\/www.heddata.se\/webbutik\/wp-json\/wp\/v2\/product\/91833","targetHints":{"allow":["GET"]}}],"collection":[{"href":"https:\/\/www.heddata.se\/webbutik\/wp-json\/wp\/v2\/product"}],"about":[{"href":"https:\/\/www.heddata.se\/webbutik\/wp-json\/wp\/v2\/types\/product"}],"wp:featuredmedia":[{"embeddable":true,"href":"https:\/\/www.heddata.se\/webbutik\/wp-json\/wp\/v2\/media\/91834"}],"wp:attachment":[{"href":"https:\/\/www.heddata.se\/webbutik\/wp-json\/wp\/v2\/media?parent=91833"}],"wp:term":[{"taxonomy":"product_brand","embeddable":true,"href":"https:\/\/www.heddata.se\/webbutik\/wp-json\/wp\/v2\/product_brand?post=91833"},{"taxonomy":"product_cat","embeddable":true,"href":"https:\/\/www.heddata.se\/webbutik\/wp-json\/wp\/v2\/product_cat?post=91833"},{"taxonomy":"product_tag","embeddable":true,"href":"https:\/\/www.heddata.se\/webbutik\/wp-json\/wp\/v2\/product_tag?post=91833"}],"curies":[{"name":"wp","href":"https:\/\/api.w.org\/{rel}","templated":true}]}}