{"id":91730,"date":"2021-07-15T15:18:09","date_gmt":"2021-07-15T13:18:09","guid":{"rendered":"https:\/\/www.heddata.se\/webbutik\/?post_type=product&#038;p=91730"},"modified":"2026-05-08T18:18:13","modified_gmt":"2026-05-08T16:18:13","slug":"doro-phoneeasy-100w-duo-vit","status":"publish","type":"product","link":"https:\/\/www.heddata.se\/webbutik\/produkt\/doro-phoneeasy-100w-duo-vit\/","title":{"rendered":"DORO PhoneEasy 100w Duo Vit"},"content":{"rendered":"<p>DORO PhoneEasy 100w Duo Vit<\/p>\n<p>Utm\u00e4rkt och l\u00e4ttanv\u00e4nd tr\u00e5dl\u00f6s <a href=\"https:\/\/www.heddata.se\/webbutik\/telefon-surfplattor\/mobiltelefoner\/\">telefon<\/a> med l\u00e4ttl\u00e4st display och extra klart ljud.<\/p>\n<p>Stor display och l\u00e4ttl\u00e4sta tecken<br \/>\nLurvolymen har f\u00f6rst\u00e4rkning upp till 30 dB<br \/>\nKnapp f\u00f6r ljudf\u00f6rst\u00e4rkning<\/p>\n<p>DORO PhoneEasy 100w Duo<br \/>\nUppringning med korrigeringsfunktion<br \/>\n<a href=\"https:\/\/www.doro.com\/sv-se\/\" target=\"_blank\" rel=\"noopener\">H\u00f6gtalartelefon<\/a><br \/>\nKnappl\u00e5s<br \/>\nSamtalstimer<br \/>\nGAP-kompatibel<br \/>\nMax antal handenheter per bas 5<br \/>\nMenynavigering<br \/>\nR\u00e4ckvidd inomhus (meter) 50<br \/>\nMaximal r\u00e4ckvidd (meter) 300<br \/>\nKnappljud<br \/>\nR\u00e4ckviddsvarning<br \/>\nKlocka<br \/>\nV\u00e4ckningsalarm<br \/>\nMinne \u00c5teruppringningsminne 5<br \/>\nSnabbval 2<br \/>\nKortnummer 9<br \/>\nTelefonbok 20<br \/>\nHandenhetens display Belyst display<br \/>\nBasenhetens display 14-segment<br \/>\nLjud &amp; Ringsignaler Monofoniska ringsignaler: 5<br \/>\nPolyfoniska ringsignaler 5<br \/>\nJusterbar ringsignalsstyrka 5<br \/>\nAvst\u00e4ngningsbar ringsignal<br \/>\nAkustik H\u00f6gsta mottagningsniv\u00e5 (dB (A)) 30<br \/>\nH\u00f6rslinga<br \/>\nSekretessfunktion<br \/>\nErgonomiskt ljud Knapp f\u00f6r f\u00f6rst\u00e4rkning av h\u00f6gtalarvolym +10 dB<br \/>\nNummerpresentation Nummerpresentationsminne\u00b9 10<br \/>\nErgonomi Handenhetens storlek (mm) 180x54x30<br \/>\nStr\u00f6mf\u00f6rs\u00f6rjning handenhet Vilotid (upp till timmar) 100<br \/>\nSamtalstid (upp till timmar) 10<br \/>\nBatteri medf\u00f6ljer (typ) 2xAAA NiMH<br \/>\nVarning vid l\u00e5g batteriniv\u00e5<br \/>\nECO-funktion<\/p>\n","protected":false},"excerpt":{"rendered":"<p>DORO PhoneEasy 100w Duo Vit<\/p>\n","protected":false},"featured_media":91790,"template":"","meta":[],"product_brand":[],"product_cat":[105,103],"product_tag":[],"class_list":{"0":"post-91730","1":"product","2":"type-product","3":"status-publish","4":"has-post-thumbnail","6":"product_cat-hemtelefoner","7":"product_cat-telefoner","9":"first","10":"outofstock","11":"taxable","12":"shipping-taxable","13":"product-type-simple"},"yoast_head":"<!-- This site is optimized with the Yoast SEO Premium plugin v26.7 (Yoast SEO v26.7) - https:\/\/yoast.com\/wordpress\/plugins\/seo\/ -->\n<title>DORO PhoneEasy 100w Duo Vit, hemtelefon f\u00f6r fasta n\u00e4tet, 2 enheter<\/title>\n<meta name=\"description\" content=\"DORO PhoneEasy 100w Duo Vit l\u00e4ttanv\u00e4nd tr\u00e5dl\u00f6s telefon med l\u00e4ttl\u00e4st display och extra klart ljud. F\u00f6r det fasta n\u00e4tet, 2 enheter.\" \/>\n<meta name=\"robots\" content=\"index, follow, max-snippet:-1, max-image-preview:large, max-video-preview:-1\" \/>\n<link rel=\"canonical\" href=\"https:\/\/www.heddata.se\/webbutik\/produkt\/doro-phoneeasy-100w-duo-vit\/\" \/>\n<meta property=\"og:locale\" content=\"sv_SE\" \/>\n<meta property=\"og:type\" content=\"article\" \/>\n<meta property=\"og:title\" content=\"DORO PhoneEasy 100w Duo Vit\" \/>\n<meta property=\"og:description\" content=\"DORO PhoneEasy 100w Duo Vit l\u00e4ttanv\u00e4nd tr\u00e5dl\u00f6s telefon med l\u00e4ttl\u00e4st display och extra klart ljud. F\u00f6r det fasta n\u00e4tet, 2 enheter.\" \/>\n<meta property=\"og:url\" content=\"https:\/\/www.heddata.se\/webbutik\/produkt\/doro-phoneeasy-100w-duo-vit\/\" \/>\n<meta property=\"og:site_name\" content=\"Datorer, Skrivare, F\u00e4rgpatroner, Mobiltelefoner\" \/>\n<meta property=\"article:modified_time\" content=\"2026-05-08T16:18:13+00:00\" \/>\n<meta property=\"og:image\" content=\"https:\/\/www.heddata.se\/webbutik\/wp-content\/uploads\/webbutik\/kategorier\/hemelektronik\/5547.jpg\" \/>\n\t<meta property=\"og:image:width\" content=\"1500\" \/>\n\t<meta property=\"og:image:height\" content=\"1500\" \/>\n\t<meta property=\"og:image:type\" content=\"image\/jpeg\" \/>\n<meta name=\"twitter:card\" content=\"summary_large_image\" \/>\n<meta name=\"twitter:label1\" content=\"Ber\u00e4knad l\u00e4stid\" \/>\n\t<meta name=\"twitter:data1\" content=\"1 minut\" \/>\n<script type=\"application\/ld+json\" class=\"yoast-schema-graph\">{\"@context\":\"https:\/\/schema.org\",\"@graph\":[{\"@type\":\"WebPage\",\"@id\":\"https:\/\/www.heddata.se\/webbutik\/produkt\/doro-phoneeasy-100w-duo-vit\/\",\"url\":\"https:\/\/www.heddata.se\/webbutik\/produkt\/doro-phoneeasy-100w-duo-vit\/\",\"name\":\"DORO PhoneEasy 100w Duo Vit, hemtelefon f\u00f6r fasta n\u00e4tet, 2 enheter\",\"isPartOf\":{\"@id\":\"https:\/\/www.heddata.se\/webbutik\/#website\"},\"primaryImageOfPage\":{\"@id\":\"https:\/\/www.heddata.se\/webbutik\/produkt\/doro-phoneeasy-100w-duo-vit\/#primaryimage\"},\"image\":{\"@id\":\"https:\/\/www.heddata.se\/webbutik\/produkt\/doro-phoneeasy-100w-duo-vit\/#primaryimage\"},\"thumbnailUrl\":\"https:\/\/www.heddata.se\/webbutik\/wp-content\/uploads\/webbutik\/kategorier\/hemelektronik\/5547.jpg\",\"datePublished\":\"2021-07-15T13:18:09+00:00\",\"dateModified\":\"2026-05-08T16:18:13+00:00\",\"description\":\"DORO PhoneEasy 100w Duo Vit l\u00e4ttanv\u00e4nd tr\u00e5dl\u00f6s telefon med l\u00e4ttl\u00e4st display och extra klart ljud. F\u00f6r det fasta n\u00e4tet, 2 enheter.\",\"breadcrumb\":{\"@id\":\"https:\/\/www.heddata.se\/webbutik\/produkt\/doro-phoneeasy-100w-duo-vit\/#breadcrumb\"},\"inLanguage\":\"sv-SE\",\"potentialAction\":[{\"@type\":\"ReadAction\",\"target\":[\"https:\/\/www.heddata.se\/webbutik\/produkt\/doro-phoneeasy-100w-duo-vit\/\"]}]},{\"@type\":\"ImageObject\",\"inLanguage\":\"sv-SE\",\"@id\":\"https:\/\/www.heddata.se\/webbutik\/produkt\/doro-phoneeasy-100w-duo-vit\/#primaryimage\",\"url\":\"https:\/\/www.heddata.se\/webbutik\/wp-content\/uploads\/webbutik\/kategorier\/hemelektronik\/5547.jpg\",\"contentUrl\":\"https:\/\/www.heddata.se\/webbutik\/wp-content\/uploads\/webbutik\/kategorier\/hemelektronik\/5547.jpg\",\"width\":1500,\"height\":1500,\"caption\":\"DORO PhoneEasy 100w Duo\"},{\"@type\":\"BreadcrumbList\",\"@id\":\"https:\/\/www.heddata.se\/webbutik\/produkt\/doro-phoneeasy-100w-duo-vit\/#breadcrumb\",\"itemListElement\":[{\"@type\":\"ListItem\",\"position\":1,\"name\":\"Hem\",\"item\":\"https:\/\/www.heddata.se\/webbutik\/\"},{\"@type\":\"ListItem\",\"position\":2,\"name\":\"Produkter\",\"item\":\"https:\/\/www.heddata.se\/webbutik\/shop\/\"},{\"@type\":\"ListItem\",\"position\":3,\"name\":\"DORO PhoneEasy 100w Duo Vit\"}]},{\"@type\":\"WebSite\",\"@id\":\"https:\/\/www.heddata.se\/webbutik\/#website\",\"url\":\"https:\/\/www.heddata.se\/webbutik\/\",\"name\":\"Datorer, Skrivare, F\u00e4rgpatroner, Mobiltelefoner\",\"description\":\"Kablar\",\"publisher\":{\"@id\":\"https:\/\/www.heddata.se\/webbutik\/#organization\"},\"potentialAction\":[{\"@type\":\"SearchAction\",\"target\":{\"@type\":\"EntryPoint\",\"urlTemplate\":\"https:\/\/www.heddata.se\/webbutik\/?s={search_term_string}\"},\"query-input\":{\"@type\":\"PropertyValueSpecification\",\"valueRequired\":true,\"valueName\":\"search_term_string\"}}],\"inLanguage\":\"sv-SE\"},{\"@type\":\"Organization\",\"@id\":\"https:\/\/www.heddata.se\/webbutik\/#organization\",\"name\":\"Heddata AB\",\"url\":\"https:\/\/www.heddata.se\/webbutik\/\",\"logo\":{\"@type\":\"ImageObject\",\"inLanguage\":\"sv-SE\",\"@id\":\"https:\/\/www.heddata.se\/webbutik\/#\/schema\/logo\/image\/\",\"url\":\"https:\/\/www.heddata.se\/webbutik\/wp-content\/uploads\/logga\/heddata-ab-logga.png\",\"contentUrl\":\"https:\/\/www.heddata.se\/webbutik\/wp-content\/uploads\/logga\/heddata-ab-logga.png\",\"width\":200,\"height\":64,\"caption\":\"Heddata AB\"},\"image\":{\"@id\":\"https:\/\/www.heddata.se\/webbutik\/#\/schema\/logo\/image\/\"}}]}<\/script>\n<!-- \/ Yoast SEO Premium plugin. -->","yoast_head_json":{"title":"DORO PhoneEasy 100w Duo Vit, hemtelefon f\u00f6r fasta n\u00e4tet, 2 enheter","description":"DORO PhoneEasy 100w Duo Vit l\u00e4ttanv\u00e4nd tr\u00e5dl\u00f6s telefon med l\u00e4ttl\u00e4st display och extra klart ljud. F\u00f6r det fasta n\u00e4tet, 2 enheter.","robots":{"index":"index","follow":"follow","max-snippet":"max-snippet:-1","max-image-preview":"max-image-preview:large","max-video-preview":"max-video-preview:-1"},"canonical":"https:\/\/www.heddata.se\/webbutik\/produkt\/doro-phoneeasy-100w-duo-vit\/","og_locale":"sv_SE","og_type":"article","og_title":"DORO PhoneEasy 100w Duo Vit","og_description":"DORO PhoneEasy 100w Duo Vit l\u00e4ttanv\u00e4nd tr\u00e5dl\u00f6s telefon med l\u00e4ttl\u00e4st display och extra klart ljud. F\u00f6r det fasta n\u00e4tet, 2 enheter.","og_url":"https:\/\/www.heddata.se\/webbutik\/produkt\/doro-phoneeasy-100w-duo-vit\/","og_site_name":"Datorer, Skrivare, F\u00e4rgpatroner, Mobiltelefoner","article_modified_time":"2026-05-08T16:18:13+00:00","og_image":[{"width":1500,"height":1500,"url":"https:\/\/www.heddata.se\/webbutik\/wp-content\/uploads\/webbutik\/kategorier\/hemelektronik\/5547.jpg","type":"image\/jpeg"}],"twitter_card":"summary_large_image","twitter_misc":{"Ber\u00e4knad l\u00e4stid":"1 minut"},"schema":{"@context":"https:\/\/schema.org","@graph":[{"@type":"WebPage","@id":"https:\/\/www.heddata.se\/webbutik\/produkt\/doro-phoneeasy-100w-duo-vit\/","url":"https:\/\/www.heddata.se\/webbutik\/produkt\/doro-phoneeasy-100w-duo-vit\/","name":"DORO PhoneEasy 100w Duo Vit, hemtelefon f\u00f6r fasta n\u00e4tet, 2 enheter","isPartOf":{"@id":"https:\/\/www.heddata.se\/webbutik\/#website"},"primaryImageOfPage":{"@id":"https:\/\/www.heddata.se\/webbutik\/produkt\/doro-phoneeasy-100w-duo-vit\/#primaryimage"},"image":{"@id":"https:\/\/www.heddata.se\/webbutik\/produkt\/doro-phoneeasy-100w-duo-vit\/#primaryimage"},"thumbnailUrl":"https:\/\/www.heddata.se\/webbutik\/wp-content\/uploads\/webbutik\/kategorier\/hemelektronik\/5547.jpg","datePublished":"2021-07-15T13:18:09+00:00","dateModified":"2026-05-08T16:18:13+00:00","description":"DORO PhoneEasy 100w Duo Vit l\u00e4ttanv\u00e4nd tr\u00e5dl\u00f6s telefon med l\u00e4ttl\u00e4st display och extra klart ljud. F\u00f6r det fasta n\u00e4tet, 2 enheter.","breadcrumb":{"@id":"https:\/\/www.heddata.se\/webbutik\/produkt\/doro-phoneeasy-100w-duo-vit\/#breadcrumb"},"inLanguage":"sv-SE","potentialAction":[{"@type":"ReadAction","target":["https:\/\/www.heddata.se\/webbutik\/produkt\/doro-phoneeasy-100w-duo-vit\/"]}]},{"@type":"ImageObject","inLanguage":"sv-SE","@id":"https:\/\/www.heddata.se\/webbutik\/produkt\/doro-phoneeasy-100w-duo-vit\/#primaryimage","url":"https:\/\/www.heddata.se\/webbutik\/wp-content\/uploads\/webbutik\/kategorier\/hemelektronik\/5547.jpg","contentUrl":"https:\/\/www.heddata.se\/webbutik\/wp-content\/uploads\/webbutik\/kategorier\/hemelektronik\/5547.jpg","width":1500,"height":1500,"caption":"DORO PhoneEasy 100w Duo"},{"@type":"BreadcrumbList","@id":"https:\/\/www.heddata.se\/webbutik\/produkt\/doro-phoneeasy-100w-duo-vit\/#breadcrumb","itemListElement":[{"@type":"ListItem","position":1,"name":"Hem","item":"https:\/\/www.heddata.se\/webbutik\/"},{"@type":"ListItem","position":2,"name":"Produkter","item":"https:\/\/www.heddata.se\/webbutik\/shop\/"},{"@type":"ListItem","position":3,"name":"DORO PhoneEasy 100w Duo Vit"}]},{"@type":"WebSite","@id":"https:\/\/www.heddata.se\/webbutik\/#website","url":"https:\/\/www.heddata.se\/webbutik\/","name":"Datorer, Skrivare, F\u00e4rgpatroner, Mobiltelefoner","description":"Kablar","publisher":{"@id":"https:\/\/www.heddata.se\/webbutik\/#organization"},"potentialAction":[{"@type":"SearchAction","target":{"@type":"EntryPoint","urlTemplate":"https:\/\/www.heddata.se\/webbutik\/?s={search_term_string}"},"query-input":{"@type":"PropertyValueSpecification","valueRequired":true,"valueName":"search_term_string"}}],"inLanguage":"sv-SE"},{"@type":"Organization","@id":"https:\/\/www.heddata.se\/webbutik\/#organization","name":"Heddata AB","url":"https:\/\/www.heddata.se\/webbutik\/","logo":{"@type":"ImageObject","inLanguage":"sv-SE","@id":"https:\/\/www.heddata.se\/webbutik\/#\/schema\/logo\/image\/","url":"https:\/\/www.heddata.se\/webbutik\/wp-content\/uploads\/logga\/heddata-ab-logga.png","contentUrl":"https:\/\/www.heddata.se\/webbutik\/wp-content\/uploads\/logga\/heddata-ab-logga.png","width":200,"height":64,"caption":"Heddata AB"},"image":{"@id":"https:\/\/www.heddata.se\/webbutik\/#\/schema\/logo\/image\/"}}]}},"_links":{"self":[{"href":"https:\/\/www.heddata.se\/webbutik\/wp-json\/wp\/v2\/product\/91730","targetHints":{"allow":["GET"]}}],"collection":[{"href":"https:\/\/www.heddata.se\/webbutik\/wp-json\/wp\/v2\/product"}],"about":[{"href":"https:\/\/www.heddata.se\/webbutik\/wp-json\/wp\/v2\/types\/product"}],"wp:featuredmedia":[{"embeddable":true,"href":"https:\/\/www.heddata.se\/webbutik\/wp-json\/wp\/v2\/media\/91790"}],"wp:attachment":[{"href":"https:\/\/www.heddata.se\/webbutik\/wp-json\/wp\/v2\/media?parent=91730"}],"wp:term":[{"taxonomy":"product_brand","embeddable":true,"href":"https:\/\/www.heddata.se\/webbutik\/wp-json\/wp\/v2\/product_brand?post=91730"},{"taxonomy":"product_cat","embeddable":true,"href":"https:\/\/www.heddata.se\/webbutik\/wp-json\/wp\/v2\/product_cat?post=91730"},{"taxonomy":"product_tag","embeddable":true,"href":"https:\/\/www.heddata.se\/webbutik\/wp-json\/wp\/v2\/product_tag?post=91730"}],"curies":[{"name":"wp","href":"https:\/\/api.w.org\/{rel}","templated":true}]}}