{"id":91721,"date":"2021-07-12T14:18:26","date_gmt":"2021-07-12T12:18:26","guid":{"rendered":"https:\/\/www.heddata.se\/webbutik\/?post_type=product&#038;p=91721"},"modified":"2026-04-03T18:40:24","modified_gmt":"2026-04-03T16:40:24","slug":"samsung-galaxy-a52-5g-a526-128gb-black","status":"publish","type":"product","link":"https:\/\/www.heddata.se\/webbutik\/produkt\/samsung-galaxy-a52-5g-a526-128gb-black\/","title":{"rendered":"Samsung Galaxy A52 5G A526 128GB Black"},"content":{"rendered":"<p>Samsung Galaxy A52 5G A526 128GB Black<\/p>\n<ul>\n<li><strong>Fantastiskt 5G f\u00f6r fantastiska hastigheter<\/strong><br \/>\nN\u00e4sta generations mobildatan\u00e4tverk 5G \u00e4ndrar hur du upplever och delar ditt inneh\u00e5ll &#8211; allt fr\u00e5n laggfritt spel och streaming till supersnabb delning och nedladdning. Uppgradera till Galaxy 52 5G och v\u00e4xla upp till en ny och snabbare niv\u00e5.<\/li>\n<li><strong>Fantastisk sk\u00e4rm, f\u00f6ljsam och smidig scrollning<\/strong><br \/>\nUpplev alla detaljer p\u00e5 FHD+ Super Amoled-sk\u00e4rmen, \u00e4ven i fullt dagsljus. Eye Comfort Shileld reducerar det bl\u00e5 ljuset och Real Smooth ger en smidig upplevelse oavsett om du spelar eller scrollar. Allt p\u00e5 en 6.5-tum Infinity-O-sk\u00e4rm.<\/li>\n<li><strong>En ny niv\u00e5 av design<\/strong><br \/>\nUppt\u00e4ck de mjuka och bekv\u00e4ma linjerna i Galaxy A52 5G:s s\u00f6ml\u00f6sa design. Det integrerade kamerahuset, i samspel med den matta ytan p\u00e5 baksidan, skapar ett enhetligt och ikoniskt uttryck.<\/li>\n<li><strong>Knivskarp, stabil och helt fantastisk kamera<\/strong><br \/>\nTa dina bilder till nya niv\u00e5er med <a href=\"https:\/\/www.heddata.se\/webbutik\/telefon-surfplattor\/mobiltelefoner\/\">Galaxy<\/a> A52 5G:s kameror. Huvudkamerans ultrah\u00f6ga uppl\u00f6sning p\u00e5 64MP, med optisk bildstabilisator (OIS), levererar knivskarpa bilder dygnet runt. Ut\u00f6ka ditt synf\u00e4lt med ultravidvinkel eller ta kontroll \u00f6ver ditt fokus med djupkameran. Makrokameran lyfter detaljerna och l\u00e5ter dig komma n\u00e4rmare \u00e4n n\u00e5gonsin f\u00f6rut.<\/li>\n<li><strong>OIS f\u00e5ngar detaljerna \u00e4ven i s\u00e4mre ljus<\/strong><br \/>\nGl\u00f6m suddiga bilder och videor. Kameran sl\u00e4pper in mer ljus och OIS (Optical Image Stabilization) g\u00f6r varje bild och video skarp och fokuserad, \u00e4ven n\u00e4r ljuset \u00e4r s\u00e4mre.<\/li>\n<li><strong>Ultravidvinkel f\u00e5ngar mer av din upplevelse<\/strong><br \/>\nUltravidvinkelkameran p\u00e5 12MP vidgar vyerna och f\u00e5r med mer av det du vill f\u00e5nga.<\/li>\n<li><strong>Makro &#8211; med fokus p\u00e5 detaljerna<\/strong><br \/>\nKom riktigt n\u00e4ra med 5MP Makro och lyft de minsta detaljerna. Genom att l\u00e4gga till en naturlig bokeh-effekt till dina bilder st\u00e5r det minsta ut mest.<\/li>\n<li><strong>Stabil action<\/strong><br \/>\nSuper Steady mode g\u00f6r Galaxy A52 5G till den idealiska actionkameran genom att anv\u00e4nda Ultravidkameran och smart programvara. H\u00f6guppl\u00f6st och fritt fr\u00e5n skakningar.<\/li>\n<li><strong>Lyft upp fokus med djupkameran<\/strong><br \/>\nStyr fokus med djupkameran p\u00e5 5MP. Med en enkel touch finjusterar du sk\u00e4rpan i bakgrunden f\u00f6r att placera fokus d\u00e4r du vill ha den. Perfekt f\u00f6r portr\u00e4tt.<\/li>\n<li><strong>H\u00f6guppl\u00f6st selfiekamera visar din b\u00e4sta sida<\/strong><br \/>\nGalaxy A52 5G:s 32MP selfiekamera levererar h\u00f6guppl\u00f6sta selfies varje g\u00e5ng. Tillsammans med bokeh-effekten g\u00f6r den dig till huvudperson i varje bild.<\/li>\n<li><strong>I alla l\u00e4gen, i alla v\u00e4der<\/strong><br \/>\nG\u00f6r vad du vill, n\u00e4r du vill, l\u00e5t inte v\u00e4der eller l\u00e4ge styra dig. Galaxy A52 5G \u00e4r IP67-klassificerad och t\u00e5l vatten p\u00e5 en meters djup i 30 minuter.<\/li>\n<li><strong>Surround direkt i handen<\/strong><br \/>\nMed tv\u00e5 h\u00f6gtalare &#8211; en h\u00f6gst upp och en l\u00e4ngst ner &#8211; f\u00e5r du stereoljud \u00e4ven utan h\u00f6rlurar. Ta varje film- eller spelkv\u00e4ll till en ny niv\u00e5 med filmiskt ljud som placerar dig i centrum av handlingen.<\/li>\n<li><strong>Kraftfullt batteri som varar i tv\u00e5 dagar\u00b9<\/strong><br \/>\nStreama, dela, spela &#8211; batteriet p\u00e5 4500mAh l\u00e5ter dig g\u00f6ra mer av det du gillar. En AI tolkar din anv\u00e4ndning och anpassar mobilen f\u00f6r att du ska kunna g\u00f6ra mer l\u00e4ngre. Och med snabbladdaren p\u00e5 upp till 25W \u00e4r Galaxy A52 5G snart ig\u00e5ng igen n\u00e4r du beh\u00f6ver ladda.<\/li>\n<li><strong>G\u00f6r mer samtidigt<\/strong><br \/>\nOavsett om du g\u00f6r en eller flera saker samtidigt levererar Galaxy A52 5G maxad prestanda med hj\u00e4lp av Octa-core processorn p\u00e5 upp till 6GB RAM. Och med 128GB inbyggt lagringsutrymme kan du spara allt du vill. R\u00e4cker inte det kan du l\u00e4gga till upp till 1TB med ett microSD-kort.<\/li>\n<li><strong>Game Booster f\u00f6r maxad gaming<\/strong><br \/>\nMaxa ditt spelande med Game Booster. Boosta upp med ett dedikerat gr\u00e4nssnitt och en l\u00e4tt\u00e5tkomlig meny. Game Booster optimerar grafiken och ger en uppslukande spelupplevelse. Och samtidigt som du g\u00f6r ditt b\u00e4sta i spelet l\u00e4r sig Game Booster hur du spelar f\u00f6r att batteriet, temperaturen och minnet ska leverera som b\u00e4st.<\/li>\n<li><strong>Skydda det som betyder mest<\/strong><br \/>\nInbyggda <a href=\"https:\/\/www.samsung.com\/se\/\" target=\"_blank\" rel=\"noopener\">Samsung<\/a> Knox skyddar din mobil fr\u00e5n samma sekund du startar upp den f\u00f6r f\u00f6rsta g\u00e5ngen. Med s\u00e4kerhet i flera lager skyddar den din mest k\u00e4nsliga information fr\u00e5n skadlig kod och andra hot.<\/li>\n<li><strong>S\u00e4kerhet \u00e4nda ut i fingertopparna<\/strong><br \/>\nGalaxy A52 5G:s fingeravtryckssensor p\u00e5 sk\u00e4rmen k\u00e4nner igen ditt unika fingeravtryck s\u00e5 att du snabbt och s\u00e4kert kan l\u00e5sa upp din mobil. Och med Samsung Pass biometrisk autentisering g\u00f6r ditt fingeravtryck att du kan logga in snabbare och s\u00e4krare p\u00e5 appar och webbplatser.<\/li>\n<li><strong>Optimerad f\u00f6r dig<\/strong><br \/>\nUpplev en smidigare hantering och sk\u00f6nare design med One UI. Optimerad f\u00f6r alla sk\u00e4rmstorlekar l\u00e5ter den dig fokusera p\u00e5 det viktiga. One UI ger dig m\u00f6jlighet att st\u00e4lla in din mobil s\u00e5 att den passar dig, samtidigt som den levererar den unika Galaxyupplevelsen.<\/li>\n<li><strong>Fantastisk Android upplevelse, alltid<\/strong><br \/>\nH\u00e4mta de senaste Google-apparna till Android OS, med fullt st\u00f6d p\u00e5 din Galaxy A52 5G.<\/li>\n<\/ul>\n","protected":false},"excerpt":{"rendered":"<p>Samsung Galaxy A52 5G A526 128GB Black<\/p>\n","protected":false},"featured_media":91769,"template":"","meta":[],"product_brand":[],"product_cat":[106,6009,103,63],"product_tag":[],"class_list":{"0":"post-91721","1":"product","2":"type-product","3":"status-publish","4":"has-post-thumbnail","6":"product_cat-mobiltelefoner","7":"product_cat-mobiltelefoner-touch","8":"product_cat-telefoner","9":"product_cat-telefoner-surfplattor","11":"first","12":"outofstock","13":"taxable","14":"shipping-taxable","15":"product-type-simple"},"yoast_head":"<!-- This site is optimized with the Yoast SEO Premium plugin v26.7 (Yoast SEO v26.7) - https:\/\/yoast.com\/wordpress\/plugins\/seo\/ -->\n<title>Samsung Galaxy A52 5G A526 128GB Black<\/title>\n<meta name=\"description\" content=\"Samsung Galaxy A52 5G A526 128GB Black. Uppt\u00e4ck de mjuka och bekv\u00e4ma linjerna i Galaxy A52 5G:s s\u00f6ml\u00f6sa design. Det integrerade kamerahuset\" \/>\n<meta name=\"robots\" content=\"index, follow, max-snippet:-1, max-image-preview:large, max-video-preview:-1\" \/>\n<link rel=\"canonical\" href=\"https:\/\/www.heddata.se\/webbutik\/produkt\/samsung-galaxy-a52-5g-a526-128gb-black\/\" \/>\n<meta property=\"og:locale\" content=\"sv_SE\" \/>\n<meta property=\"og:type\" content=\"article\" \/>\n<meta property=\"og:title\" content=\"Samsung Galaxy A52 5G A526 128GB Black\" \/>\n<meta property=\"og:description\" content=\"Samsung Galaxy A52 5G A526 128GB Black. Uppt\u00e4ck de mjuka och bekv\u00e4ma linjerna i Galaxy A52 5G:s s\u00f6ml\u00f6sa design. Det integrerade kamerahuset\" \/>\n<meta property=\"og:url\" content=\"https:\/\/www.heddata.se\/webbutik\/produkt\/samsung-galaxy-a52-5g-a526-128gb-black\/\" \/>\n<meta property=\"og:site_name\" content=\"Datorer, Skrivare, F\u00e4rgpatroner, Mobiltelefoner\" \/>\n<meta property=\"article:modified_time\" content=\"2026-04-03T16:40:24+00:00\" \/>\n<meta property=\"og:image\" content=\"https:\/\/www.heddata.se\/webbutik\/wp-content\/uploads\/webbutik\/kategorier\/mobiltelefoner-surfplattor\/gala52.jpeg\" \/>\n\t<meta property=\"og:image:width\" content=\"960\" \/>\n\t<meta property=\"og:image:height\" content=\"960\" \/>\n\t<meta property=\"og:image:type\" content=\"image\/jpeg\" \/>\n<meta name=\"twitter:card\" content=\"summary_large_image\" \/>\n<meta name=\"twitter:label1\" content=\"Ber\u00e4knad l\u00e4stid\" \/>\n\t<meta name=\"twitter:data1\" content=\"4 minuter\" \/>\n<script type=\"application\/ld+json\" class=\"yoast-schema-graph\">{\"@context\":\"https:\/\/schema.org\",\"@graph\":[{\"@type\":\"WebPage\",\"@id\":\"https:\/\/www.heddata.se\/webbutik\/produkt\/samsung-galaxy-a52-5g-a526-128gb-black\/\",\"url\":\"https:\/\/www.heddata.se\/webbutik\/produkt\/samsung-galaxy-a52-5g-a526-128gb-black\/\",\"name\":\"Samsung Galaxy A52 5G A526 128GB Black\",\"isPartOf\":{\"@id\":\"https:\/\/www.heddata.se\/webbutik\/#website\"},\"primaryImageOfPage\":{\"@id\":\"https:\/\/www.heddata.se\/webbutik\/produkt\/samsung-galaxy-a52-5g-a526-128gb-black\/#primaryimage\"},\"image\":{\"@id\":\"https:\/\/www.heddata.se\/webbutik\/produkt\/samsung-galaxy-a52-5g-a526-128gb-black\/#primaryimage\"},\"thumbnailUrl\":\"https:\/\/www.heddata.se\/webbutik\/wp-content\/uploads\/webbutik\/kategorier\/mobiltelefoner-surfplattor\/gala52.jpeg\",\"datePublished\":\"2021-07-12T12:18:26+00:00\",\"dateModified\":\"2026-04-03T16:40:24+00:00\",\"description\":\"Samsung Galaxy A52 5G A526 128GB Black. Uppt\u00e4ck de mjuka och bekv\u00e4ma linjerna i Galaxy A52 5G:s s\u00f6ml\u00f6sa design. Det integrerade kamerahuset\",\"breadcrumb\":{\"@id\":\"https:\/\/www.heddata.se\/webbutik\/produkt\/samsung-galaxy-a52-5g-a526-128gb-black\/#breadcrumb\"},\"inLanguage\":\"sv-SE\",\"potentialAction\":[{\"@type\":\"ReadAction\",\"target\":[\"https:\/\/www.heddata.se\/webbutik\/produkt\/samsung-galaxy-a52-5g-a526-128gb-black\/\"]}]},{\"@type\":\"ImageObject\",\"inLanguage\":\"sv-SE\",\"@id\":\"https:\/\/www.heddata.se\/webbutik\/produkt\/samsung-galaxy-a52-5g-a526-128gb-black\/#primaryimage\",\"url\":\"https:\/\/www.heddata.se\/webbutik\/wp-content\/uploads\/webbutik\/kategorier\/mobiltelefoner-surfplattor\/gala52.jpeg\",\"contentUrl\":\"https:\/\/www.heddata.se\/webbutik\/wp-content\/uploads\/webbutik\/kategorier\/mobiltelefoner-surfplattor\/gala52.jpeg\",\"width\":960,\"height\":960,\"caption\":\"Samsung Galaxy A52 5G\"},{\"@type\":\"BreadcrumbList\",\"@id\":\"https:\/\/www.heddata.se\/webbutik\/produkt\/samsung-galaxy-a52-5g-a526-128gb-black\/#breadcrumb\",\"itemListElement\":[{\"@type\":\"ListItem\",\"position\":1,\"name\":\"Hem\",\"item\":\"https:\/\/www.heddata.se\/webbutik\/\"},{\"@type\":\"ListItem\",\"position\":2,\"name\":\"Produkter\",\"item\":\"https:\/\/www.heddata.se\/webbutik\/shop\/\"},{\"@type\":\"ListItem\",\"position\":3,\"name\":\"Samsung Galaxy A52 5G A526 128GB Black\"}]},{\"@type\":\"WebSite\",\"@id\":\"https:\/\/www.heddata.se\/webbutik\/#website\",\"url\":\"https:\/\/www.heddata.se\/webbutik\/\",\"name\":\"Datorer, Skrivare, F\u00e4rgpatroner, Mobiltelefoner\",\"description\":\"Kablar\",\"publisher\":{\"@id\":\"https:\/\/www.heddata.se\/webbutik\/#organization\"},\"potentialAction\":[{\"@type\":\"SearchAction\",\"target\":{\"@type\":\"EntryPoint\",\"urlTemplate\":\"https:\/\/www.heddata.se\/webbutik\/?s={search_term_string}\"},\"query-input\":{\"@type\":\"PropertyValueSpecification\",\"valueRequired\":true,\"valueName\":\"search_term_string\"}}],\"inLanguage\":\"sv-SE\"},{\"@type\":\"Organization\",\"@id\":\"https:\/\/www.heddata.se\/webbutik\/#organization\",\"name\":\"Heddata AB\",\"url\":\"https:\/\/www.heddata.se\/webbutik\/\",\"logo\":{\"@type\":\"ImageObject\",\"inLanguage\":\"sv-SE\",\"@id\":\"https:\/\/www.heddata.se\/webbutik\/#\/schema\/logo\/image\/\",\"url\":\"https:\/\/www.heddata.se\/webbutik\/wp-content\/uploads\/logga\/heddata-ab-logga.png\",\"contentUrl\":\"https:\/\/www.heddata.se\/webbutik\/wp-content\/uploads\/logga\/heddata-ab-logga.png\",\"width\":200,\"height\":64,\"caption\":\"Heddata AB\"},\"image\":{\"@id\":\"https:\/\/www.heddata.se\/webbutik\/#\/schema\/logo\/image\/\"}}]}<\/script>\n<!-- \/ Yoast SEO Premium plugin. -->","yoast_head_json":{"title":"Samsung Galaxy A52 5G A526 128GB Black","description":"Samsung Galaxy A52 5G A526 128GB Black. Uppt\u00e4ck de mjuka och bekv\u00e4ma linjerna i Galaxy A52 5G:s s\u00f6ml\u00f6sa design. Det integrerade kamerahuset","robots":{"index":"index","follow":"follow","max-snippet":"max-snippet:-1","max-image-preview":"max-image-preview:large","max-video-preview":"max-video-preview:-1"},"canonical":"https:\/\/www.heddata.se\/webbutik\/produkt\/samsung-galaxy-a52-5g-a526-128gb-black\/","og_locale":"sv_SE","og_type":"article","og_title":"Samsung Galaxy A52 5G A526 128GB Black","og_description":"Samsung Galaxy A52 5G A526 128GB Black. Uppt\u00e4ck de mjuka och bekv\u00e4ma linjerna i Galaxy A52 5G:s s\u00f6ml\u00f6sa design. Det integrerade kamerahuset","og_url":"https:\/\/www.heddata.se\/webbutik\/produkt\/samsung-galaxy-a52-5g-a526-128gb-black\/","og_site_name":"Datorer, Skrivare, F\u00e4rgpatroner, Mobiltelefoner","article_modified_time":"2026-04-03T16:40:24+00:00","og_image":[{"width":960,"height":960,"url":"https:\/\/www.heddata.se\/webbutik\/wp-content\/uploads\/webbutik\/kategorier\/mobiltelefoner-surfplattor\/gala52.jpeg","type":"image\/jpeg"}],"twitter_card":"summary_large_image","twitter_misc":{"Ber\u00e4knad l\u00e4stid":"4 minuter"},"schema":{"@context":"https:\/\/schema.org","@graph":[{"@type":"WebPage","@id":"https:\/\/www.heddata.se\/webbutik\/produkt\/samsung-galaxy-a52-5g-a526-128gb-black\/","url":"https:\/\/www.heddata.se\/webbutik\/produkt\/samsung-galaxy-a52-5g-a526-128gb-black\/","name":"Samsung Galaxy A52 5G A526 128GB Black","isPartOf":{"@id":"https:\/\/www.heddata.se\/webbutik\/#website"},"primaryImageOfPage":{"@id":"https:\/\/www.heddata.se\/webbutik\/produkt\/samsung-galaxy-a52-5g-a526-128gb-black\/#primaryimage"},"image":{"@id":"https:\/\/www.heddata.se\/webbutik\/produkt\/samsung-galaxy-a52-5g-a526-128gb-black\/#primaryimage"},"thumbnailUrl":"https:\/\/www.heddata.se\/webbutik\/wp-content\/uploads\/webbutik\/kategorier\/mobiltelefoner-surfplattor\/gala52.jpeg","datePublished":"2021-07-12T12:18:26+00:00","dateModified":"2026-04-03T16:40:24+00:00","description":"Samsung Galaxy A52 5G A526 128GB Black. Uppt\u00e4ck de mjuka och bekv\u00e4ma linjerna i Galaxy A52 5G:s s\u00f6ml\u00f6sa design. Det integrerade kamerahuset","breadcrumb":{"@id":"https:\/\/www.heddata.se\/webbutik\/produkt\/samsung-galaxy-a52-5g-a526-128gb-black\/#breadcrumb"},"inLanguage":"sv-SE","potentialAction":[{"@type":"ReadAction","target":["https:\/\/www.heddata.se\/webbutik\/produkt\/samsung-galaxy-a52-5g-a526-128gb-black\/"]}]},{"@type":"ImageObject","inLanguage":"sv-SE","@id":"https:\/\/www.heddata.se\/webbutik\/produkt\/samsung-galaxy-a52-5g-a526-128gb-black\/#primaryimage","url":"https:\/\/www.heddata.se\/webbutik\/wp-content\/uploads\/webbutik\/kategorier\/mobiltelefoner-surfplattor\/gala52.jpeg","contentUrl":"https:\/\/www.heddata.se\/webbutik\/wp-content\/uploads\/webbutik\/kategorier\/mobiltelefoner-surfplattor\/gala52.jpeg","width":960,"height":960,"caption":"Samsung Galaxy A52 5G"},{"@type":"BreadcrumbList","@id":"https:\/\/www.heddata.se\/webbutik\/produkt\/samsung-galaxy-a52-5g-a526-128gb-black\/#breadcrumb","itemListElement":[{"@type":"ListItem","position":1,"name":"Hem","item":"https:\/\/www.heddata.se\/webbutik\/"},{"@type":"ListItem","position":2,"name":"Produkter","item":"https:\/\/www.heddata.se\/webbutik\/shop\/"},{"@type":"ListItem","position":3,"name":"Samsung Galaxy A52 5G A526 128GB Black"}]},{"@type":"WebSite","@id":"https:\/\/www.heddata.se\/webbutik\/#website","url":"https:\/\/www.heddata.se\/webbutik\/","name":"Datorer, Skrivare, F\u00e4rgpatroner, Mobiltelefoner","description":"Kablar","publisher":{"@id":"https:\/\/www.heddata.se\/webbutik\/#organization"},"potentialAction":[{"@type":"SearchAction","target":{"@type":"EntryPoint","urlTemplate":"https:\/\/www.heddata.se\/webbutik\/?s={search_term_string}"},"query-input":{"@type":"PropertyValueSpecification","valueRequired":true,"valueName":"search_term_string"}}],"inLanguage":"sv-SE"},{"@type":"Organization","@id":"https:\/\/www.heddata.se\/webbutik\/#organization","name":"Heddata AB","url":"https:\/\/www.heddata.se\/webbutik\/","logo":{"@type":"ImageObject","inLanguage":"sv-SE","@id":"https:\/\/www.heddata.se\/webbutik\/#\/schema\/logo\/image\/","url":"https:\/\/www.heddata.se\/webbutik\/wp-content\/uploads\/logga\/heddata-ab-logga.png","contentUrl":"https:\/\/www.heddata.se\/webbutik\/wp-content\/uploads\/logga\/heddata-ab-logga.png","width":200,"height":64,"caption":"Heddata AB"},"image":{"@id":"https:\/\/www.heddata.se\/webbutik\/#\/schema\/logo\/image\/"}}]}},"_links":{"self":[{"href":"https:\/\/www.heddata.se\/webbutik\/wp-json\/wp\/v2\/product\/91721","targetHints":{"allow":["GET"]}}],"collection":[{"href":"https:\/\/www.heddata.se\/webbutik\/wp-json\/wp\/v2\/product"}],"about":[{"href":"https:\/\/www.heddata.se\/webbutik\/wp-json\/wp\/v2\/types\/product"}],"wp:featuredmedia":[{"embeddable":true,"href":"https:\/\/www.heddata.se\/webbutik\/wp-json\/wp\/v2\/media\/91769"}],"wp:attachment":[{"href":"https:\/\/www.heddata.se\/webbutik\/wp-json\/wp\/v2\/media?parent=91721"}],"wp:term":[{"taxonomy":"product_brand","embeddable":true,"href":"https:\/\/www.heddata.se\/webbutik\/wp-json\/wp\/v2\/product_brand?post=91721"},{"taxonomy":"product_cat","embeddable":true,"href":"https:\/\/www.heddata.se\/webbutik\/wp-json\/wp\/v2\/product_cat?post=91721"},{"taxonomy":"product_tag","embeddable":true,"href":"https:\/\/www.heddata.se\/webbutik\/wp-json\/wp\/v2\/product_tag?post=91721"}],"curies":[{"name":"wp","href":"https:\/\/api.w.org\/{rel}","templated":true}]}}