{"id":91670,"date":"2021-06-30T16:18:17","date_gmt":"2021-06-30T14:18:17","guid":{"rendered":"https:\/\/www.heddata.se\/webbutik\/?post_type=product&#038;p=91670"},"modified":"2026-04-10T18:12:02","modified_gmt":"2026-04-10T16:12:02","slug":"brother-blackpatron-lc3239xly-gul-5000-sidor","status":"publish","type":"product","link":"https:\/\/www.heddata.se\/webbutik\/produkt\/brother-blackpatron-lc3239xly-gul-5000-sidor\/","title":{"rendered":"Brother bl\u00e4ckpatron LC3239XLY gul, 5000 sidor"},"content":{"rendered":"<p>Brother bl\u00e4ckpatron LC3239XLY gul, 5000 sidor<\/p>\n<p>Bl\u00e4ckpatron med h\u00f6g kapacitet \u2013 f\u00f6rpackning med en patron. Ger 5 000 sidor.<\/p>\n<div class=\"col-xs-12 col-sm-6 col-md-12 product-detail--container-description\">\n<section class=\"product-detail--section product-detail--product-description\">Med Brother LC3239XLY gul originalbl\u00e4ckpatron med h\u00f6g kapacitet kan du njuta av sl\u00e5ende grafik i varje utskrift. Bl\u00e4ckpatronerna och Brothers <a href=\"https:\/\/www.heddata.se\/webbutik\/skrivare-blackstrale-monolaser\/blackstraleskrivare\/\">skrivare<\/a> har utformats f\u00f6r att uppn\u00e5 b\u00e4sta resultat i ljusa f\u00e4rger. Patronerna \u00e4r enkla att installera. Dra nytta av f\u00f6rdelarna med varaktiga utskrifter som inte kladdar eller bleknar med tiden.<\/section>\n<\/div>\n<div class=\"col-xs-12 col-sm-6 col-md-12 product-detail--container-features\">\n<section class=\"product-detail--section product-detail--key-features\">\n<h4 class=\"product-detail--key-features--title\">Viktiga funktioner<\/h4>\n<p>Ger 5 000 sidor enligt ISO\/IEC 24711<\/p>\n<p><a href=\"https:\/\/www.brother.se\/\" target=\"_blank\" rel=\"noopener\">Brother<\/a> originalpatron i h\u00f6g kvalitet<\/p>\n<p>Sparar papper, tid och pengar genom att f\u00f6rhindra spill<\/p>\n<p>Perfekt avst\u00e4mda f\u00f6r din Brother-skrivare<\/p>\n<p>Smart utformning av patronen som ger dig full koll p\u00e5 hur mycket bl\u00e4ck som finns kvar<\/p>\n<h4>Brother bl\u00e4ckpatron LC3239XLY gul kompatibla skrivare:<\/h4>\n<h4>HL-J6000DW<\/h4>\n<h4>HL-J6100DW<\/h4>\n<h4>MFC-J5945DW<\/h4>\n<h4>MFC-J6947DW<\/h4>\n<h4>MFC-J6945DW<\/h4>\n<\/section>\n<\/div>\n","protected":false},"excerpt":{"rendered":"<p>Brother bl\u00e4ckpatron LC3239XLY gul, 5000 sidor<\/p>\n","protected":false},"featured_media":91672,"template":"","meta":[],"product_brand":[],"product_cat":[87,61,92],"product_tag":[],"class_list":{"0":"post-91670","1":"product","2":"type-product","3":"status-publish","4":"has-post-thumbnail","6":"product_cat-blackpatroner","7":"product_cat-blackpatroner-toners","8":"product_cat-brother","10":"first","11":"instock","12":"taxable","13":"shipping-taxable","14":"purchasable","15":"product-type-simple"},"yoast_head":"<!-- This site is optimized with the Yoast SEO Premium plugin v26.7 (Yoast SEO v26.7) - https:\/\/yoast.com\/wordpress\/plugins\/seo\/ -->\n<title>Brother bl\u00e4ckpatron LC3239XLY gul, 5000 sidor originalbl\u00e4ckpatron<\/title>\n<meta name=\"description\" content=\"Brother bl\u00e4ckpatron LC3239XLY gul, 5000 sidor, originalbl\u00e4ckpatron med h\u00f6g kapacitet kan du njuta av sl\u00e5ende grafik i varje utskrift.\" \/>\n<meta name=\"robots\" content=\"index, follow, max-snippet:-1, max-image-preview:large, max-video-preview:-1\" \/>\n<link rel=\"canonical\" href=\"https:\/\/www.heddata.se\/webbutik\/produkt\/brother-blackpatron-lc3239xly-gul-5000-sidor\/\" \/>\n<meta property=\"og:locale\" content=\"sv_SE\" \/>\n<meta property=\"og:type\" content=\"article\" \/>\n<meta property=\"og:title\" content=\"Brother bl\u00e4ckpatron LC3239XLY gul, 5000 sidor\" \/>\n<meta property=\"og:description\" content=\"Brother bl\u00e4ckpatron LC3239XLY gul, 5000 sidor, originalbl\u00e4ckpatron med h\u00f6g kapacitet kan du njuta av sl\u00e5ende grafik i varje utskrift.\" \/>\n<meta property=\"og:url\" content=\"https:\/\/www.heddata.se\/webbutik\/produkt\/brother-blackpatron-lc3239xly-gul-5000-sidor\/\" \/>\n<meta property=\"og:site_name\" content=\"Datorer, Skrivare, F\u00e4rgpatroner, Mobiltelefoner\" \/>\n<meta property=\"article:modified_time\" content=\"2026-04-10T16:12:02+00:00\" \/>\n<meta property=\"og:image\" content=\"https:\/\/www.heddata.se\/webbutik\/wp-content\/uploads\/webbutik\/kategorier\/blackpatroner-toners\/lc3239xly.jpg\" \/>\n\t<meta property=\"og:image:width\" content=\"600\" \/>\n\t<meta property=\"og:image:height\" content=\"600\" \/>\n\t<meta property=\"og:image:type\" content=\"image\/jpeg\" \/>\n<meta name=\"twitter:card\" content=\"summary_large_image\" \/>\n<meta name=\"twitter:label1\" content=\"Ber\u00e4knad l\u00e4stid\" \/>\n\t<meta name=\"twitter:data1\" content=\"1 minut\" \/>\n<script type=\"application\/ld+json\" class=\"yoast-schema-graph\">{\"@context\":\"https:\/\/schema.org\",\"@graph\":[{\"@type\":\"WebPage\",\"@id\":\"https:\/\/www.heddata.se\/webbutik\/produkt\/brother-blackpatron-lc3239xly-gul-5000-sidor\/\",\"url\":\"https:\/\/www.heddata.se\/webbutik\/produkt\/brother-blackpatron-lc3239xly-gul-5000-sidor\/\",\"name\":\"Brother bl\u00e4ckpatron LC3239XLY gul, 5000 sidor originalbl\u00e4ckpatron\",\"isPartOf\":{\"@id\":\"https:\/\/www.heddata.se\/webbutik\/#website\"},\"primaryImageOfPage\":{\"@id\":\"https:\/\/www.heddata.se\/webbutik\/produkt\/brother-blackpatron-lc3239xly-gul-5000-sidor\/#primaryimage\"},\"image\":{\"@id\":\"https:\/\/www.heddata.se\/webbutik\/produkt\/brother-blackpatron-lc3239xly-gul-5000-sidor\/#primaryimage\"},\"thumbnailUrl\":\"https:\/\/www.heddata.se\/webbutik\/wp-content\/uploads\/webbutik\/kategorier\/blackpatroner-toners\/lc3239xly.jpg\",\"datePublished\":\"2021-06-30T14:18:17+00:00\",\"dateModified\":\"2026-04-10T16:12:02+00:00\",\"description\":\"Brother bl\u00e4ckpatron LC3239XLY gul, 5000 sidor, originalbl\u00e4ckpatron med h\u00f6g kapacitet kan du njuta av sl\u00e5ende grafik i varje utskrift.\",\"breadcrumb\":{\"@id\":\"https:\/\/www.heddata.se\/webbutik\/produkt\/brother-blackpatron-lc3239xly-gul-5000-sidor\/#breadcrumb\"},\"inLanguage\":\"sv-SE\",\"potentialAction\":[{\"@type\":\"ReadAction\",\"target\":[\"https:\/\/www.heddata.se\/webbutik\/produkt\/brother-blackpatron-lc3239xly-gul-5000-sidor\/\"]}]},{\"@type\":\"ImageObject\",\"inLanguage\":\"sv-SE\",\"@id\":\"https:\/\/www.heddata.se\/webbutik\/produkt\/brother-blackpatron-lc3239xly-gul-5000-sidor\/#primaryimage\",\"url\":\"https:\/\/www.heddata.se\/webbutik\/wp-content\/uploads\/webbutik\/kategorier\/blackpatroner-toners\/lc3239xly.jpg\",\"contentUrl\":\"https:\/\/www.heddata.se\/webbutik\/wp-content\/uploads\/webbutik\/kategorier\/blackpatroner-toners\/lc3239xly.jpg\",\"width\":600,\"height\":600,\"caption\":\"Brother bl\u00e4ckpatron LC3239XLY gul\"},{\"@type\":\"BreadcrumbList\",\"@id\":\"https:\/\/www.heddata.se\/webbutik\/produkt\/brother-blackpatron-lc3239xly-gul-5000-sidor\/#breadcrumb\",\"itemListElement\":[{\"@type\":\"ListItem\",\"position\":1,\"name\":\"Hem\",\"item\":\"https:\/\/www.heddata.se\/webbutik\/\"},{\"@type\":\"ListItem\",\"position\":2,\"name\":\"Produkter\",\"item\":\"https:\/\/www.heddata.se\/webbutik\/shop\/\"},{\"@type\":\"ListItem\",\"position\":3,\"name\":\"Brother bl\u00e4ckpatron LC3239XLY gul, 5000 sidor\"}]},{\"@type\":\"WebSite\",\"@id\":\"https:\/\/www.heddata.se\/webbutik\/#website\",\"url\":\"https:\/\/www.heddata.se\/webbutik\/\",\"name\":\"Datorer, Skrivare, F\u00e4rgpatroner, Mobiltelefoner\",\"description\":\"Kablar\",\"publisher\":{\"@id\":\"https:\/\/www.heddata.se\/webbutik\/#organization\"},\"potentialAction\":[{\"@type\":\"SearchAction\",\"target\":{\"@type\":\"EntryPoint\",\"urlTemplate\":\"https:\/\/www.heddata.se\/webbutik\/?s={search_term_string}\"},\"query-input\":{\"@type\":\"PropertyValueSpecification\",\"valueRequired\":true,\"valueName\":\"search_term_string\"}}],\"inLanguage\":\"sv-SE\"},{\"@type\":\"Organization\",\"@id\":\"https:\/\/www.heddata.se\/webbutik\/#organization\",\"name\":\"Heddata AB\",\"url\":\"https:\/\/www.heddata.se\/webbutik\/\",\"logo\":{\"@type\":\"ImageObject\",\"inLanguage\":\"sv-SE\",\"@id\":\"https:\/\/www.heddata.se\/webbutik\/#\/schema\/logo\/image\/\",\"url\":\"https:\/\/www.heddata.se\/webbutik\/wp-content\/uploads\/logga\/heddata-ab-logga.png\",\"contentUrl\":\"https:\/\/www.heddata.se\/webbutik\/wp-content\/uploads\/logga\/heddata-ab-logga.png\",\"width\":200,\"height\":64,\"caption\":\"Heddata AB\"},\"image\":{\"@id\":\"https:\/\/www.heddata.se\/webbutik\/#\/schema\/logo\/image\/\"}}]}<\/script>\n<!-- \/ Yoast SEO Premium plugin. -->","yoast_head_json":{"title":"Brother bl\u00e4ckpatron LC3239XLY gul, 5000 sidor originalbl\u00e4ckpatron","description":"Brother bl\u00e4ckpatron LC3239XLY gul, 5000 sidor, originalbl\u00e4ckpatron med h\u00f6g kapacitet kan du njuta av sl\u00e5ende grafik i varje utskrift.","robots":{"index":"index","follow":"follow","max-snippet":"max-snippet:-1","max-image-preview":"max-image-preview:large","max-video-preview":"max-video-preview:-1"},"canonical":"https:\/\/www.heddata.se\/webbutik\/produkt\/brother-blackpatron-lc3239xly-gul-5000-sidor\/","og_locale":"sv_SE","og_type":"article","og_title":"Brother bl\u00e4ckpatron LC3239XLY gul, 5000 sidor","og_description":"Brother bl\u00e4ckpatron LC3239XLY gul, 5000 sidor, originalbl\u00e4ckpatron med h\u00f6g kapacitet kan du njuta av sl\u00e5ende grafik i varje utskrift.","og_url":"https:\/\/www.heddata.se\/webbutik\/produkt\/brother-blackpatron-lc3239xly-gul-5000-sidor\/","og_site_name":"Datorer, Skrivare, F\u00e4rgpatroner, Mobiltelefoner","article_modified_time":"2026-04-10T16:12:02+00:00","og_image":[{"width":600,"height":600,"url":"https:\/\/www.heddata.se\/webbutik\/wp-content\/uploads\/webbutik\/kategorier\/blackpatroner-toners\/lc3239xly.jpg","type":"image\/jpeg"}],"twitter_card":"summary_large_image","twitter_misc":{"Ber\u00e4knad l\u00e4stid":"1 minut"},"schema":{"@context":"https:\/\/schema.org","@graph":[{"@type":"WebPage","@id":"https:\/\/www.heddata.se\/webbutik\/produkt\/brother-blackpatron-lc3239xly-gul-5000-sidor\/","url":"https:\/\/www.heddata.se\/webbutik\/produkt\/brother-blackpatron-lc3239xly-gul-5000-sidor\/","name":"Brother bl\u00e4ckpatron LC3239XLY gul, 5000 sidor originalbl\u00e4ckpatron","isPartOf":{"@id":"https:\/\/www.heddata.se\/webbutik\/#website"},"primaryImageOfPage":{"@id":"https:\/\/www.heddata.se\/webbutik\/produkt\/brother-blackpatron-lc3239xly-gul-5000-sidor\/#primaryimage"},"image":{"@id":"https:\/\/www.heddata.se\/webbutik\/produkt\/brother-blackpatron-lc3239xly-gul-5000-sidor\/#primaryimage"},"thumbnailUrl":"https:\/\/www.heddata.se\/webbutik\/wp-content\/uploads\/webbutik\/kategorier\/blackpatroner-toners\/lc3239xly.jpg","datePublished":"2021-06-30T14:18:17+00:00","dateModified":"2026-04-10T16:12:02+00:00","description":"Brother bl\u00e4ckpatron LC3239XLY gul, 5000 sidor, originalbl\u00e4ckpatron med h\u00f6g kapacitet kan du njuta av sl\u00e5ende grafik i varje utskrift.","breadcrumb":{"@id":"https:\/\/www.heddata.se\/webbutik\/produkt\/brother-blackpatron-lc3239xly-gul-5000-sidor\/#breadcrumb"},"inLanguage":"sv-SE","potentialAction":[{"@type":"ReadAction","target":["https:\/\/www.heddata.se\/webbutik\/produkt\/brother-blackpatron-lc3239xly-gul-5000-sidor\/"]}]},{"@type":"ImageObject","inLanguage":"sv-SE","@id":"https:\/\/www.heddata.se\/webbutik\/produkt\/brother-blackpatron-lc3239xly-gul-5000-sidor\/#primaryimage","url":"https:\/\/www.heddata.se\/webbutik\/wp-content\/uploads\/webbutik\/kategorier\/blackpatroner-toners\/lc3239xly.jpg","contentUrl":"https:\/\/www.heddata.se\/webbutik\/wp-content\/uploads\/webbutik\/kategorier\/blackpatroner-toners\/lc3239xly.jpg","width":600,"height":600,"caption":"Brother bl\u00e4ckpatron LC3239XLY gul"},{"@type":"BreadcrumbList","@id":"https:\/\/www.heddata.se\/webbutik\/produkt\/brother-blackpatron-lc3239xly-gul-5000-sidor\/#breadcrumb","itemListElement":[{"@type":"ListItem","position":1,"name":"Hem","item":"https:\/\/www.heddata.se\/webbutik\/"},{"@type":"ListItem","position":2,"name":"Produkter","item":"https:\/\/www.heddata.se\/webbutik\/shop\/"},{"@type":"ListItem","position":3,"name":"Brother bl\u00e4ckpatron LC3239XLY gul, 5000 sidor"}]},{"@type":"WebSite","@id":"https:\/\/www.heddata.se\/webbutik\/#website","url":"https:\/\/www.heddata.se\/webbutik\/","name":"Datorer, Skrivare, F\u00e4rgpatroner, Mobiltelefoner","description":"Kablar","publisher":{"@id":"https:\/\/www.heddata.se\/webbutik\/#organization"},"potentialAction":[{"@type":"SearchAction","target":{"@type":"EntryPoint","urlTemplate":"https:\/\/www.heddata.se\/webbutik\/?s={search_term_string}"},"query-input":{"@type":"PropertyValueSpecification","valueRequired":true,"valueName":"search_term_string"}}],"inLanguage":"sv-SE"},{"@type":"Organization","@id":"https:\/\/www.heddata.se\/webbutik\/#organization","name":"Heddata AB","url":"https:\/\/www.heddata.se\/webbutik\/","logo":{"@type":"ImageObject","inLanguage":"sv-SE","@id":"https:\/\/www.heddata.se\/webbutik\/#\/schema\/logo\/image\/","url":"https:\/\/www.heddata.se\/webbutik\/wp-content\/uploads\/logga\/heddata-ab-logga.png","contentUrl":"https:\/\/www.heddata.se\/webbutik\/wp-content\/uploads\/logga\/heddata-ab-logga.png","width":200,"height":64,"caption":"Heddata AB"},"image":{"@id":"https:\/\/www.heddata.se\/webbutik\/#\/schema\/logo\/image\/"}}]}},"_links":{"self":[{"href":"https:\/\/www.heddata.se\/webbutik\/wp-json\/wp\/v2\/product\/91670","targetHints":{"allow":["GET"]}}],"collection":[{"href":"https:\/\/www.heddata.se\/webbutik\/wp-json\/wp\/v2\/product"}],"about":[{"href":"https:\/\/www.heddata.se\/webbutik\/wp-json\/wp\/v2\/types\/product"}],"wp:featuredmedia":[{"embeddable":true,"href":"https:\/\/www.heddata.se\/webbutik\/wp-json\/wp\/v2\/media\/91672"}],"wp:attachment":[{"href":"https:\/\/www.heddata.se\/webbutik\/wp-json\/wp\/v2\/media?parent=91670"}],"wp:term":[{"taxonomy":"product_brand","embeddable":true,"href":"https:\/\/www.heddata.se\/webbutik\/wp-json\/wp\/v2\/product_brand?post=91670"},{"taxonomy":"product_cat","embeddable":true,"href":"https:\/\/www.heddata.se\/webbutik\/wp-json\/wp\/v2\/product_cat?post=91670"},{"taxonomy":"product_tag","embeddable":true,"href":"https:\/\/www.heddata.se\/webbutik\/wp-json\/wp\/v2\/product_tag?post=91670"}],"curies":[{"name":"wp","href":"https:\/\/api.w.org\/{rel}","templated":true}]}}