{"id":91655,"date":"2021-06-29T09:20:31","date_gmt":"2021-06-29T07:20:31","guid":{"rendered":"https:\/\/www.heddata.se\/webbutik\/?post_type=product&#038;p=91655"},"modified":"2026-04-17T18:10:31","modified_gmt":"2026-04-17T16:10:31","slug":"toner-brother-tn247bk-3000-pages-black","status":"publish","type":"product","link":"https:\/\/www.heddata.se\/webbutik\/produkt\/toner-brother-tn247bk-3000-pages-black\/","title":{"rendered":"Toner Brother TN247BK 3000 pages, Black"},"content":{"rendered":"<p>Toner Brother TN247BK 3000 pages, Black<\/p>\n<p>Original tonerkasett fr\u00e5n <a href=\"https:\/\/www.brother.se\/\" target=\"_blank\" rel=\"noopener\">Brother<\/a><\/p>\n<h4><b>Specifikationer:<\/b><\/h4>\n<table border=\"0\" cellspacing=\"0\" cellpadding=\"0\">\n<tbody>\n<tr>\n<td>Type<\/td>\n<td>Laser cartridge<\/td>\n<\/tr>\n<tr>\n<td>Original<\/td>\n<td>Yes<\/td>\n<\/tr>\n<tr>\n<td>Multipack<\/td>\n<td>No<\/td>\n<\/tr>\n<tr>\n<td>Page yield<\/td>\n<td>3000 pages<\/td>\n<\/tr>\n<tr>\n<td>Printing colours<\/td>\n<td>Black<\/td>\n<\/tr>\n<tr>\n<td>Quantity per pack<\/td>\n<td>1 pc(s)<\/td>\n<\/tr>\n<tr>\n<td>Brand compatibility<\/td>\n<td>Brother<\/td>\n<\/tr>\n<tr>\n<td>Compatibility<\/td>\n<td>DCP-L3550CDWn<a href=\"https:\/\/www.heddata.se\/webbutik\/produkt\/brother-hl-l3270cdw-24ppm-256mb-wlan-usb2-0\/\">HL-L3270CDW<\/a>nMFC-L3730CDNnMFC-L3750CDWnMFC-L3770CDWnMFC-L3710CW<\/td>\n<\/tr>\n<tr>\n<td>OEM code<\/td>\n<td>TN-247BK<\/td>\n<\/tr>\n<tr>\n<td>Print technology<\/td>\n<td>LED<\/td>\n<\/tr>\n<tr>\n<td>Cartridge capacity<\/td>\n<td>High (XL) Yield<\/td>\n<\/tr>\n<tr>\n<td>Page yield (black)<\/td>\n<td>3000 pages<\/td>\n<\/tr>\n<tr>\n<td>Colour of product<\/td>\n<td>Black<\/td>\n<\/tr>\n<tr>\n<td>Packaging type<\/td>\n<td>Box<\/td>\n<\/tr>\n<\/tbody>\n<\/table>\n","protected":false},"excerpt":{"rendered":"<p>Toner Brother TN247BK 3000 pages, Black<\/p>\n","protected":false},"featured_media":91656,"template":"","meta":[],"product_brand":[],"product_cat":[61,98,89],"product_tag":[],"class_list":{"0":"post-91655","1":"product","2":"type-product","3":"status-publish","4":"has-post-thumbnail","6":"product_cat-blackpatroner-toners","7":"product_cat-brother-toner","8":"product_cat-toner","10":"first","11":"instock","12":"taxable","13":"shipping-taxable","14":"purchasable","15":"product-type-simple"},"yoast_head":"<!-- This site is optimized with the Yoast SEO Premium plugin v26.7 (Yoast SEO v26.7) - https:\/\/yoast.com\/wordpress\/plugins\/seo\/ -->\n<title>Toner Brother TN247BK 3000 pages, Black Original tonerkasett<\/title>\n<meta name=\"description\" content=\"Toner Brother TN247BK 3000 pages, Black Original tonerkasett fr\u00e5n Brother f\u00f6r bra utskrifter, 3000 sidor f\u00f6r m\u00e5nga utsktifter\" \/>\n<meta name=\"robots\" content=\"index, follow, max-snippet:-1, max-image-preview:large, max-video-preview:-1\" \/>\n<link rel=\"canonical\" href=\"https:\/\/www.heddata.se\/webbutik\/produkt\/toner-brother-tn247bk-3000-pages-black\/\" \/>\n<meta property=\"og:locale\" content=\"sv_SE\" \/>\n<meta property=\"og:type\" content=\"article\" \/>\n<meta property=\"og:title\" content=\"Toner Brother TN247BK 3000 pages, Black\" \/>\n<meta property=\"og:description\" content=\"Toner Brother TN247BK 3000 pages, Black Original tonerkasett fr\u00e5n Brother f\u00f6r bra utskrifter, 3000 sidor f\u00f6r m\u00e5nga utsktifter\" \/>\n<meta property=\"og:url\" content=\"https:\/\/www.heddata.se\/webbutik\/produkt\/toner-brother-tn247bk-3000-pages-black\/\" \/>\n<meta property=\"og:site_name\" content=\"Datorer, Skrivare, F\u00e4rgpatroner, Mobiltelefoner\" \/>\n<meta property=\"article:modified_time\" content=\"2026-04-17T16:10:31+00:00\" \/>\n<meta property=\"og:image\" content=\"https:\/\/www.heddata.se\/webbutik\/wp-content\/uploads\/webbutik\/kategorier\/blackpatroner-toners\/tn247bk.jpg\" \/>\n\t<meta property=\"og:image:width\" content=\"446\" \/>\n\t<meta property=\"og:image:height\" content=\"446\" \/>\n\t<meta property=\"og:image:type\" content=\"image\/jpeg\" \/>\n<meta name=\"twitter:card\" content=\"summary_large_image\" \/>\n<script type=\"application\/ld+json\" class=\"yoast-schema-graph\">{\"@context\":\"https:\/\/schema.org\",\"@graph\":[{\"@type\":\"WebPage\",\"@id\":\"https:\/\/www.heddata.se\/webbutik\/produkt\/toner-brother-tn247bk-3000-pages-black\/\",\"url\":\"https:\/\/www.heddata.se\/webbutik\/produkt\/toner-brother-tn247bk-3000-pages-black\/\",\"name\":\"Toner Brother TN247BK 3000 pages, Black Original tonerkasett\",\"isPartOf\":{\"@id\":\"https:\/\/www.heddata.se\/webbutik\/#website\"},\"primaryImageOfPage\":{\"@id\":\"https:\/\/www.heddata.se\/webbutik\/produkt\/toner-brother-tn247bk-3000-pages-black\/#primaryimage\"},\"image\":{\"@id\":\"https:\/\/www.heddata.se\/webbutik\/produkt\/toner-brother-tn247bk-3000-pages-black\/#primaryimage\"},\"thumbnailUrl\":\"https:\/\/www.heddata.se\/webbutik\/wp-content\/uploads\/webbutik\/kategorier\/blackpatroner-toners\/tn247bk.jpg\",\"datePublished\":\"2021-06-29T07:20:31+00:00\",\"dateModified\":\"2026-04-17T16:10:31+00:00\",\"description\":\"Toner Brother TN247BK 3000 pages, Black Original tonerkasett fr\u00e5n Brother f\u00f6r bra utskrifter, 3000 sidor f\u00f6r m\u00e5nga utsktifter\",\"breadcrumb\":{\"@id\":\"https:\/\/www.heddata.se\/webbutik\/produkt\/toner-brother-tn247bk-3000-pages-black\/#breadcrumb\"},\"inLanguage\":\"sv-SE\",\"potentialAction\":[{\"@type\":\"ReadAction\",\"target\":[\"https:\/\/www.heddata.se\/webbutik\/produkt\/toner-brother-tn247bk-3000-pages-black\/\"]}]},{\"@type\":\"ImageObject\",\"inLanguage\":\"sv-SE\",\"@id\":\"https:\/\/www.heddata.se\/webbutik\/produkt\/toner-brother-tn247bk-3000-pages-black\/#primaryimage\",\"url\":\"https:\/\/www.heddata.se\/webbutik\/wp-content\/uploads\/webbutik\/kategorier\/blackpatroner-toners\/tn247bk.jpg\",\"contentUrl\":\"https:\/\/www.heddata.se\/webbutik\/wp-content\/uploads\/webbutik\/kategorier\/blackpatroner-toners\/tn247bk.jpg\",\"width\":446,\"height\":446,\"caption\":\"Toner Brother TN247BK\"},{\"@type\":\"BreadcrumbList\",\"@id\":\"https:\/\/www.heddata.se\/webbutik\/produkt\/toner-brother-tn247bk-3000-pages-black\/#breadcrumb\",\"itemListElement\":[{\"@type\":\"ListItem\",\"position\":1,\"name\":\"Hem\",\"item\":\"https:\/\/www.heddata.se\/webbutik\/\"},{\"@type\":\"ListItem\",\"position\":2,\"name\":\"Produkter\",\"item\":\"https:\/\/www.heddata.se\/webbutik\/shop\/\"},{\"@type\":\"ListItem\",\"position\":3,\"name\":\"Toner Brother TN247BK 3000 pages, Black\"}]},{\"@type\":\"WebSite\",\"@id\":\"https:\/\/www.heddata.se\/webbutik\/#website\",\"url\":\"https:\/\/www.heddata.se\/webbutik\/\",\"name\":\"Datorer, Skrivare, F\u00e4rgpatroner, Mobiltelefoner\",\"description\":\"Kablar\",\"publisher\":{\"@id\":\"https:\/\/www.heddata.se\/webbutik\/#organization\"},\"potentialAction\":[{\"@type\":\"SearchAction\",\"target\":{\"@type\":\"EntryPoint\",\"urlTemplate\":\"https:\/\/www.heddata.se\/webbutik\/?s={search_term_string}\"},\"query-input\":{\"@type\":\"PropertyValueSpecification\",\"valueRequired\":true,\"valueName\":\"search_term_string\"}}],\"inLanguage\":\"sv-SE\"},{\"@type\":\"Organization\",\"@id\":\"https:\/\/www.heddata.se\/webbutik\/#organization\",\"name\":\"Heddata AB\",\"url\":\"https:\/\/www.heddata.se\/webbutik\/\",\"logo\":{\"@type\":\"ImageObject\",\"inLanguage\":\"sv-SE\",\"@id\":\"https:\/\/www.heddata.se\/webbutik\/#\/schema\/logo\/image\/\",\"url\":\"https:\/\/www.heddata.se\/webbutik\/wp-content\/uploads\/logga\/heddata-ab-logga.png\",\"contentUrl\":\"https:\/\/www.heddata.se\/webbutik\/wp-content\/uploads\/logga\/heddata-ab-logga.png\",\"width\":200,\"height\":64,\"caption\":\"Heddata AB\"},\"image\":{\"@id\":\"https:\/\/www.heddata.se\/webbutik\/#\/schema\/logo\/image\/\"}}]}<\/script>\n<!-- \/ Yoast SEO Premium plugin. -->","yoast_head_json":{"title":"Toner Brother TN247BK 3000 pages, Black Original tonerkasett","description":"Toner Brother TN247BK 3000 pages, Black Original tonerkasett fr\u00e5n Brother f\u00f6r bra utskrifter, 3000 sidor f\u00f6r m\u00e5nga utsktifter","robots":{"index":"index","follow":"follow","max-snippet":"max-snippet:-1","max-image-preview":"max-image-preview:large","max-video-preview":"max-video-preview:-1"},"canonical":"https:\/\/www.heddata.se\/webbutik\/produkt\/toner-brother-tn247bk-3000-pages-black\/","og_locale":"sv_SE","og_type":"article","og_title":"Toner Brother TN247BK 3000 pages, Black","og_description":"Toner Brother TN247BK 3000 pages, Black Original tonerkasett fr\u00e5n Brother f\u00f6r bra utskrifter, 3000 sidor f\u00f6r m\u00e5nga utsktifter","og_url":"https:\/\/www.heddata.se\/webbutik\/produkt\/toner-brother-tn247bk-3000-pages-black\/","og_site_name":"Datorer, Skrivare, F\u00e4rgpatroner, Mobiltelefoner","article_modified_time":"2026-04-17T16:10:31+00:00","og_image":[{"width":446,"height":446,"url":"https:\/\/www.heddata.se\/webbutik\/wp-content\/uploads\/webbutik\/kategorier\/blackpatroner-toners\/tn247bk.jpg","type":"image\/jpeg"}],"twitter_card":"summary_large_image","schema":{"@context":"https:\/\/schema.org","@graph":[{"@type":"WebPage","@id":"https:\/\/www.heddata.se\/webbutik\/produkt\/toner-brother-tn247bk-3000-pages-black\/","url":"https:\/\/www.heddata.se\/webbutik\/produkt\/toner-brother-tn247bk-3000-pages-black\/","name":"Toner Brother TN247BK 3000 pages, Black Original tonerkasett","isPartOf":{"@id":"https:\/\/www.heddata.se\/webbutik\/#website"},"primaryImageOfPage":{"@id":"https:\/\/www.heddata.se\/webbutik\/produkt\/toner-brother-tn247bk-3000-pages-black\/#primaryimage"},"image":{"@id":"https:\/\/www.heddata.se\/webbutik\/produkt\/toner-brother-tn247bk-3000-pages-black\/#primaryimage"},"thumbnailUrl":"https:\/\/www.heddata.se\/webbutik\/wp-content\/uploads\/webbutik\/kategorier\/blackpatroner-toners\/tn247bk.jpg","datePublished":"2021-06-29T07:20:31+00:00","dateModified":"2026-04-17T16:10:31+00:00","description":"Toner Brother TN247BK 3000 pages, Black Original tonerkasett fr\u00e5n Brother f\u00f6r bra utskrifter, 3000 sidor f\u00f6r m\u00e5nga utsktifter","breadcrumb":{"@id":"https:\/\/www.heddata.se\/webbutik\/produkt\/toner-brother-tn247bk-3000-pages-black\/#breadcrumb"},"inLanguage":"sv-SE","potentialAction":[{"@type":"ReadAction","target":["https:\/\/www.heddata.se\/webbutik\/produkt\/toner-brother-tn247bk-3000-pages-black\/"]}]},{"@type":"ImageObject","inLanguage":"sv-SE","@id":"https:\/\/www.heddata.se\/webbutik\/produkt\/toner-brother-tn247bk-3000-pages-black\/#primaryimage","url":"https:\/\/www.heddata.se\/webbutik\/wp-content\/uploads\/webbutik\/kategorier\/blackpatroner-toners\/tn247bk.jpg","contentUrl":"https:\/\/www.heddata.se\/webbutik\/wp-content\/uploads\/webbutik\/kategorier\/blackpatroner-toners\/tn247bk.jpg","width":446,"height":446,"caption":"Toner Brother TN247BK"},{"@type":"BreadcrumbList","@id":"https:\/\/www.heddata.se\/webbutik\/produkt\/toner-brother-tn247bk-3000-pages-black\/#breadcrumb","itemListElement":[{"@type":"ListItem","position":1,"name":"Hem","item":"https:\/\/www.heddata.se\/webbutik\/"},{"@type":"ListItem","position":2,"name":"Produkter","item":"https:\/\/www.heddata.se\/webbutik\/shop\/"},{"@type":"ListItem","position":3,"name":"Toner Brother TN247BK 3000 pages, Black"}]},{"@type":"WebSite","@id":"https:\/\/www.heddata.se\/webbutik\/#website","url":"https:\/\/www.heddata.se\/webbutik\/","name":"Datorer, Skrivare, F\u00e4rgpatroner, Mobiltelefoner","description":"Kablar","publisher":{"@id":"https:\/\/www.heddata.se\/webbutik\/#organization"},"potentialAction":[{"@type":"SearchAction","target":{"@type":"EntryPoint","urlTemplate":"https:\/\/www.heddata.se\/webbutik\/?s={search_term_string}"},"query-input":{"@type":"PropertyValueSpecification","valueRequired":true,"valueName":"search_term_string"}}],"inLanguage":"sv-SE"},{"@type":"Organization","@id":"https:\/\/www.heddata.se\/webbutik\/#organization","name":"Heddata AB","url":"https:\/\/www.heddata.se\/webbutik\/","logo":{"@type":"ImageObject","inLanguage":"sv-SE","@id":"https:\/\/www.heddata.se\/webbutik\/#\/schema\/logo\/image\/","url":"https:\/\/www.heddata.se\/webbutik\/wp-content\/uploads\/logga\/heddata-ab-logga.png","contentUrl":"https:\/\/www.heddata.se\/webbutik\/wp-content\/uploads\/logga\/heddata-ab-logga.png","width":200,"height":64,"caption":"Heddata AB"},"image":{"@id":"https:\/\/www.heddata.se\/webbutik\/#\/schema\/logo\/image\/"}}]}},"_links":{"self":[{"href":"https:\/\/www.heddata.se\/webbutik\/wp-json\/wp\/v2\/product\/91655","targetHints":{"allow":["GET"]}}],"collection":[{"href":"https:\/\/www.heddata.se\/webbutik\/wp-json\/wp\/v2\/product"}],"about":[{"href":"https:\/\/www.heddata.se\/webbutik\/wp-json\/wp\/v2\/types\/product"}],"wp:featuredmedia":[{"embeddable":true,"href":"https:\/\/www.heddata.se\/webbutik\/wp-json\/wp\/v2\/media\/91656"}],"wp:attachment":[{"href":"https:\/\/www.heddata.se\/webbutik\/wp-json\/wp\/v2\/media?parent=91655"}],"wp:term":[{"taxonomy":"product_brand","embeddable":true,"href":"https:\/\/www.heddata.se\/webbutik\/wp-json\/wp\/v2\/product_brand?post=91655"},{"taxonomy":"product_cat","embeddable":true,"href":"https:\/\/www.heddata.se\/webbutik\/wp-json\/wp\/v2\/product_cat?post=91655"},{"taxonomy":"product_tag","embeddable":true,"href":"https:\/\/www.heddata.se\/webbutik\/wp-json\/wp\/v2\/product_tag?post=91655"}],"curies":[{"name":"wp","href":"https:\/\/api.w.org\/{rel}","templated":true}]}}