{"id":91648,"date":"2021-06-28T17:18:54","date_gmt":"2021-06-28T15:18:54","guid":{"rendered":"https:\/\/www.heddata.se\/webbutik\/?post_type=product&#038;p=91648"},"modified":"2026-04-08T11:53:33","modified_gmt":"2026-04-08T09:53:33","slug":"brother-mfc-j6930dw-a3-farg-kopiator-scanner-printer-fax-duplex-wlan-256mb-3-year-on-site","status":"publish","type":"product","link":"https:\/\/www.heddata.se\/webbutik\/produkt\/brother-mfc-j6930dw-a3-farg-kopiator-scanner-printer-fax-duplex-wlan-256mb-3-year-on-site\/","title":{"rendered":"Brother MFC-J6930DW A3 F\u00e4rg- Kopiator, -Scanner, -Printer, Fax, Duplex, WLAN, 256MB &#8211; 3 year on site"},"content":{"rendered":"<p>Brother MFC-J6930DW A3 F\u00e4rg- Kopiator, -Scanner, -Printer, Fax, Duplex, WLAN, 256MB &#8211; 3 year on site<\/p>\n<h4><b>Beskrivning:<\/b><br \/>\n<b>MFC-J6930DW<br \/>\nBusiness Smart &#8211; Ready for your business<\/b><\/h4>\n<div>\nMFC-J6930DW, full A3 allt-i-ett bl\u00e4ckstr\u00e5leskrivare som erbjuder stor flexibilitet kombinerat med h\u00f6g tillf\u00f6rlitlighet. Denna kraftfulla allt-i-ett-skrivare \u00e4r utformad att leverera maximal prestanda, m\u00e5ngsidig anslutning och l\u00e5g utskriftskostnad. Hantera dina dokument p\u00e5 ett effektivt s\u00e4tt genom att enkelt skanna, kopiera och faxa flersidiga dokument via dokumentmataren, allt i A3. MFC-J6930DW \u00e4r utrustad f\u00f6r stor papperskapacitet f\u00f6r att h\u00e5lla j\u00e4mna steg med dina utskriftskrav. Modellen anv\u00e4nder bl\u00e4ckpatroner som baseras p\u00e5 pigmenterat bl\u00e4ck och s\u00e4kerst\u00e4ller skarpa utskrifter med levande f\u00e4rger som inte kommer att blekna. Skrivaren \u00e4r milj\u00f6m\u00e4rkt med Svanen, Bl\u00e5 \u00c4ngeln och uppfyller kraven f\u00f6r Energy Star\u00ae.<\/p>\n<\/div>\n<h4>Funktioner:<\/h4>\n<div>\nA3-skrivare, A3-kopiator, A3-skanner, A3-fax<br \/>\nDubbelsidig utskrift, -kopiering, -skanning, -faxning, allt i A3<br \/>\n9,3 cm stor f\u00e4rgpeksk\u00e4rm med touchpanel<br \/>\n256 MB minne<br \/>\nDubbelsidig dokumentmatare f\u00f6r upp till 50 ark<br \/>\nDubbla pappersmagasin f\u00f6r 250+250 ark, fr\u00e5n 10 x 15 cm upp till A3<br \/>\nPappersfack baktill f\u00f6r upp till 100 ark<br \/>\nTr\u00e5dl\u00f6s\/tr\u00e5dbunden n\u00e4tverksanslutning, High Speed USB 2.0 samt Wi-Fi Direct<br \/>\nUtskrift 22 ipm i svartvitt och 20 ipm i f\u00e4rg enligt ISO<br \/>\nIngen uppv\u00e4rmningstid, f\u00f6rsta sidan inom 6 sekunder<br \/>\nUtskriftskvalitet upp till 1 200 x 4 800 dpi med 1,5 pl<br \/>\nFax 33,6 kbps, fax\/tel-avk\u00e4nning, kortnummer och grupps\u00e4ndning<br \/>\nNFC-anslutning f\u00f6r autentisering eller utskrift fr\u00e5n mobila enheter<br \/>\nMolnanslutning direkt fr\u00e5n peksk\u00e4rmen till tj\u00e4nster s\u00e5som DropBox, Evernote, etc.<br \/>\nSkanna till n\u00e4tverkskatalog, FTP eller till e-post-mottagare<br \/>\nUtskrift\/skanning fr\u00e5n\/till USB-minne<br \/>\nKraftfulla programvaror och drivrutiner f\u00f6r Windows och Mac<br \/>\nTre \u00e5r P\u00e5-Platsen-Garanti ** och fri telefonsupport vard. 9-17.30<\/p>\n<p>Standard Bl\u00e4ckpatroner, LC-3217BK\/C\/M\/Y, 550 sid\/patron**<br \/>\nExtra stora patroner som tillval,<a href=\"https:\/\/www.heddata.se\/webbutik\/produkt\/brother-lc3219xlbk-svart-blackpatron\/\"> LC-3219XLBK<\/a>, 3 000 sid\/patron**<br \/>\nLC-3219XLC\/M\/Y, 1 500 sid\/patron**<br \/>\n* enligt ISO\/IEC 24711<br \/>\n**Garantivillkor se <a href=\"https:\/\/www.brother.se\/\" target=\"_blank\" rel=\"noopener\">www.brother.se<\/a><\/div>\n<div><\/div>\n<h4><b>Brother MFC-J6930DW A3 F\u00e4rg- Kopiator specifikationer:<\/b><\/h4>\n<div>\n<table border=\"0\" cellspacing=\"0\" cellpadding=\"0\">\n<tbody>\n<tr>\n<td>H\u00f6jd<\/td>\n<td>375 mm, 500 mm<\/td>\n<\/tr>\n<tr>\n<td>Produktens f\u00e4rg<\/td>\n<td>Svart<\/td>\n<\/tr>\n<tr>\n<td>Vikt inkl. f\u00f6rpackning<\/td>\n<td>28300 g<\/td>\n<\/tr>\n<tr>\n<td>Antalet USB 2.0 anslutningar<\/td>\n<td>1<\/td>\n<\/tr>\n<tr>\n<td>Hastighet processorklockan<\/td>\n<td>576 MHz<\/td>\n<\/tr>\n<tr>\n<td>Storlek (tum)<\/td>\n<td>3.7 &#8221;<\/td>\n<\/tr>\n<tr>\n<td>Fax<\/td>\n<td>Mono<\/td>\n<\/tr>\n<tr>\n<td>Weight (kg)<\/td>\n<td>23600 g<\/td>\n<\/tr>\n<tr>\n<td>Bildkomprimeringsformat<\/td>\n<td>JPG<\/td>\n<\/tr>\n<tr>\n<td>Internminne<\/td>\n<td>256 MB<\/td>\n<\/tr>\n<tr>\n<td>Maximal uppl\u00f6sning<\/td>\n<td>1200 x 4800 DPI<\/td>\n<\/tr>\n<tr>\n<td>Kapacitet f\u00f6r automatisk dokumentmatare<\/td>\n<td>50 ark<\/td>\n<\/tr>\n<tr>\n<td>Medf\u00f6ljande programvara<\/td>\n<td>&#8211; Brother Control Center Version 4n- Nuance PaperPort Version 14n- Brother Con<\/td>\n<\/tr>\n<tr>\n<td>Driftcykel per m\u00e5nad<\/td>\n<td>30000 sidor per m\u00e5nad<\/td>\n<\/tr>\n<tr>\n<td>Kryptering\/s\u00e4kerhet<\/td>\n<td>64-bit WEP, 128-bit WEP, 802.1x RADIUS, SMTP-AUTH, WPA-PSK, WPA2-PSK<\/td>\n<\/tr>\n<tr>\n<td>Ljudniv\u00e5 Lc IEC<\/td>\n<td>50 dB<\/td>\n<\/tr>\n<tr>\n<td>Skanningstyp<\/td>\n<td>Flatb\u00e4dd och automatisk dokumentmatare<\/td>\n<\/tr>\n<tr>\n<td>Optisk skanningsuppl\u00f6sning<\/td>\n<td>1200&#215;2400 DPI<\/td>\n<\/tr>\n<tr>\n<td>Inbyggd kortl\u00e4sare<\/td>\n<td>Nej<\/td>\n<\/tr>\n<tr>\n<td>Djup<\/td>\n<td>477 mm<\/td>\n<\/tr>\n<tr>\n<td>Modemhastighet<\/td>\n<td>33.6 Kbit\/s<\/td>\n<\/tr>\n<tr>\n<td>Tid f\u00f6r f\u00f6rsta utskrift (svart)<\/td>\n<td>6 s<\/td>\n<\/tr>\n<tr>\n<td>Maximal scanning uppl\u00f6sning<\/td>\n<td>19200 x 19200 DPI<\/td>\n<\/tr>\n<tr>\n<td>Skanningsteknik<\/td>\n<td>Dual CIS<\/td>\n<\/tr>\n<tr>\n<td>Kopieringshastighet (normalkvalitet, svart, A4)<\/td>\n<td>12 kopior per minut<\/td>\n<\/tr>\n<tr>\n<td>Kopieringshastighet (f\u00e4rg, normalkvalitet, A4)<\/td>\n<td>9 kopior per minut<\/td>\n<\/tr>\n<tr>\n<td>Kopiering<\/td>\n<td>F\u00e4rg<\/td>\n<\/tr>\n<tr>\n<td>Standard utmatningskapacitet<\/td>\n<td>100ark<\/td>\n<\/tr>\n<tr>\n<td>Standard inmatningskapacitet<\/td>\n<td>250 ark<\/td>\n<\/tr>\n<tr>\n<td>ISO A-serie storlek (A0&#8230;A9)<\/td>\n<td>A3, A4, A5, A6<\/td>\n<\/tr>\n<tr>\n<td>Str\u00f6mf\u00f6rbrukning i v\u00e4ntel\u00e4ge<\/td>\n<td>6.5 W<\/td>\n<\/tr>\n<tr>\n<td>Direktutskrift<\/td>\n<td>Ja<\/td>\n<\/tr>\n<tr>\n<td>Displaytyp<\/td>\n<td>LCD<\/td>\n<\/tr>\n<tr>\n<td>Bredd<\/td>\n<td>681 mm, 575 mm<\/td>\n<\/tr>\n<tr>\n<td>Energicertifierad, antalet stj\u00e4rnor<\/td>\n<td>Ja<\/td>\n<\/tr>\n<tr>\n<td>H\u00f6gsta antal kortnummer<\/td>\n<td>100<\/td>\n<\/tr>\n<tr>\n<td>Fax minne<\/td>\n<td>200 sidor<\/td>\n<\/tr>\n<tr>\n<td>L\u00e5ddjup<\/td>\n<td>568 mm<\/td>\n<\/tr>\n<tr>\n<td>Antal papper att ladda<\/td>\n<td>1<\/td>\n<\/tr>\n<tr>\n<td>Maximal kopiering suppl\u00f6sning<\/td>\n<td>600 x 600 DPI<\/td>\n<\/tr>\n<tr>\n<td>Peksk\u00e4rm<\/td>\n<td>Ja<\/td>\n<\/tr>\n<tr>\n<td>Felkorrektionsl\u00e4ge (Error Correction Mode &#8211; ECM)<\/td>\n<td>Ja<\/td>\n<\/tr>\n<tr>\n<td>Str\u00f6mf\u00f6rbrukning i v\u00e4ntl\u00e4ge<\/td>\n<td>1.7 W<\/td>\n<\/tr>\n<tr>\n<td>Windows-operativsystem som st\u00f6ds<\/td>\n<td>Windows 10 Education, Windows 10 Education x64, Windows 10 Enterprise, Windows 1<\/td>\n<\/tr>\n<tr>\n<td>Mac-operativsystem som st\u00f6ds<\/td>\n<td>Mac OS X 10.9 Mavericks<\/td>\n<\/tr>\n<tr>\n<td>Drivrutiner medf\u00f6ljer<\/td>\n<td>Ja<\/td>\n<\/tr>\n<tr>\n<td>S\u00e4kerhetsegenskaper<\/td>\n<td>APOP, SMTP-AUTH, SSL \/ TLS (IPPS, HTTPS, FTPS, SMTP, POP3, IMAP4), SNMP v3 802.1<\/td>\n<\/tr>\n<tr>\n<td>Utskriftsteknologi<\/td>\n<td>Bl\u00e4ckstr\u00e5leskrivare<\/td>\n<\/tr>\n<tr>\n<td>Str\u00f6mf\u00f6rbrukning i avslaget l\u00e4ge<\/td>\n<td>0.04 W<\/td>\n<\/tr>\n<tr>\n<td>Linux operativsystem som st\u00f6ds<\/td>\n<td>Ja<\/td>\n<\/tr>\n<tr>\n<td>Inbyggd processorn<\/td>\n<td>Ja<\/td>\n<\/tr>\n<tr>\n<td>Standardmagasin medietyper<\/td>\n<td>Gl\u00e4ttat papper, Plain paper, \u00e5tervunnit papper, Tunt papper<\/td>\n<\/tr>\n<tr>\n<td>Icke-ISO utskriftsmaterial av olika storlek<\/td>\n<td>Folio, Juridisk<\/td>\n<\/tr>\n<tr>\n<td>Utskriftshastighet (Svart, normalkvalitet, A4\/US L<\/td>\n<td>35 ppm<\/td>\n<\/tr>\n<tr>\n<td>Utskriftshastighet (f\u00e4rg, normal kvalitet, A4\/US L<\/td>\n<td>27 ppm<\/td>\n<\/tr>\n<tr>\n<td>Pappersinmatning typ<\/td>\n<td>Pappersfack<\/td>\n<\/tr>\n<tr>\n<td>Skalbarkopiering<\/td>\n<td>25 &#8211; 400<\/td>\n<\/tr>\n<tr>\n<td>Skanning till<\/td>\n<td>E-post, E-mail Server, FTP, Fil, Bild, OCR, USB<\/td>\n<\/tr>\n<tr>\n<td>Scanningshastighet (f\u00e4rg)<\/td>\n<td>18 ppm<\/td>\n<\/tr>\n<tr>\n<td>Skanningshastighet (svart)<\/td>\n<td>18 ppm, 36 ppm, 8 tum\/min<\/td>\n<\/tr>\n<tr>\n<td>N\u00e4tverksansluten (Ethernet)<\/td>\n<td>Ja<\/td>\n<\/tr>\n<tr>\n<td>Mobile operativsystem som st\u00f6ds<\/td>\n<td>Android<\/td>\n<\/tr>\n<tr>\n<td>Ing\u00e5ng f\u00e4rgdjup<\/td>\n<td>48 bit<\/td>\n<\/tr>\n<tr>\n<td>Utg\u00e5ng f\u00e4rgdjup<\/td>\n<td>24 bit<\/td>\n<\/tr>\n<tr>\n<td>Scanningsdrivrutiner<\/td>\n<td>SANE, TWAIN, WIA<\/td>\n<\/tr>\n<tr>\n<td>Gr\u00e5skaleniv\u00e5<\/td>\n<td>256<\/td>\n<\/tr>\n<tr>\n<td>Rekommenderad arbetscykel<\/td>\n<td>250 &#8211; 2000 sidor per m\u00e5nad<\/td>\n<\/tr>\n<tr>\n<td>Snabbuppringning<\/td>\n<td>Ja<\/td>\n<\/tr>\n<tr>\n<td>Wi-Fi<\/td>\n<td>Ja<\/td>\n<\/tr>\n<tr>\n<td>Blue Angel-anpassad<\/td>\n<td>Ja<\/td>\n<\/tr>\n<tr>\n<td>Fax vidarekoppling<\/td>\n<td>Ja<\/td>\n<\/tr>\n<tr>\n<td>Wi-Fi-standarder<\/td>\n<td>IEEE 802.11b,IEEE 802.11g,IEEE 802.11n<\/td>\n<\/tr>\n<tr>\n<td>Skanningshastighet (f\u00e4rg)<\/td>\n<td>8 tum\/min, 36 ppm<\/td>\n<\/tr>\n<tr>\n<td>Standardgr\u00e4nssnitt<\/td>\n<td>Ethernet, NFC, USB 2.0, Tr\u00e5dl\u00f6st lokalt datorn\u00e4t<\/td>\n<\/tr>\n<tr>\n<td>Print<\/td>\n<td>F\u00e4rg<\/td>\n<\/tr>\n<tr>\n<td>Duplex funktioner<\/td>\n<td>Skriv ut<\/td>\n<\/tr>\n<tr>\n<td>Datahastighet f\u00f6r Ethernet-LAN<\/td>\n<td>10, 100 Mbit\/s<\/td>\n<\/tr>\n<tr>\n<td>Skanning<\/td>\n<td>F\u00e4rg<\/td>\n<\/tr>\n<tr>\n<td>Kopiering utan dator<\/td>\n<td>Ja<\/td>\n<\/tr>\n<tr>\n<td>H\u00f6gsta ISO A-seriestorlek<\/td>\n<td>A3<\/td>\n<\/tr>\n<tr>\n<td>Mobil utskriftsteknik<\/td>\n<td>Apple AirPrint, Brother iPrint &amp; Scan, Google Cloud Print, Mopria Print Service<\/td>\n<\/tr>\n<tr>\n<td>Tillg\u00e4ngliga onlinetj\u00e4nster<\/td>\n<td>Dropbox, Evernote, Facebook, Flickr, Google Drive, OneDrive, OneNote<\/td>\n<\/tr>\n<tr>\n<td>Utskriftshastighet (ISO \/ IEC 24734), mono<\/td>\n<td>22 IPM<\/td>\n<\/tr>\n<tr>\n<td>Utskriftshastighet (ISO \/ IEC 24734), f\u00e4rg<\/td>\n<td>20 IPM<\/td>\n<\/tr>\n<tr>\n<td>Dubbelsidig utskriftshastighet (ISO \/ IEC 24734),<\/td>\n<td>11 IPM, 12 IPM<\/td>\n<\/tr>\n<tr>\n<td>Dubbel \u00e5tkomst<\/td>\n<td>Ja<\/td>\n<\/tr>\n<tr>\n<td>Str\u00f6mf\u00f6rbrukning ( genomsnittligt operativt )<\/td>\n<td>29 W<\/td>\n<\/tr>\n<tr>\n<td>Multikopia<\/td>\n<td>2, 4, 9, 16, 25<\/td>\n<\/tr>\n<\/tbody>\n<\/table>\n<\/div>\n","protected":false},"excerpt":{"rendered":"<p>Brother MFC-J6930DW A3 F\u00e4rg- Kopiator, -Scanner, -Printer, Fax, Duplex, WLAN, 256MB &#8211; 3 year on site<\/p>\n","protected":false},"featured_media":91654,"template":"","meta":[],"product_brand":[],"product_cat":[634,102,635,62],"product_tag":[],"class_list":{"0":"post-91648","1":"product","2":"type-product","3":"status-publish","4":"has-post-thumbnail","6":"product_cat-blackstraleskrivare","7":"product_cat-brother-skrivare","8":"product_cat-multifunktionsskrivare","9":"product_cat-skrivare","11":"first","12":"outofstock","13":"taxable","14":"shipping-taxable","15":"product-type-simple"},"yoast_head":"<!-- This site is optimized with the Yoast SEO Premium plugin v26.7 (Yoast SEO v26.7) - https:\/\/yoast.com\/wordpress\/plugins\/seo\/ -->\n<title>Brother MFC-J6930DW A3 F\u00e4rg- Kopiator, -Scanner, -Printer, Fax, Duplex<\/title>\n<meta name=\"description\" content=\"Brother MFC-J6930DW A3 F\u00e4rg- Kopiator, -Scanner, -Printer, Fax, allt-i-ett bl\u00e4ckstr\u00e5leskrivare som erbjuder stor flexibilitet.\" \/>\n<meta name=\"robots\" content=\"index, follow, max-snippet:-1, max-image-preview:large, max-video-preview:-1\" \/>\n<link rel=\"canonical\" href=\"https:\/\/www.heddata.se\/webbutik\/produkt\/brother-mfc-j6930dw-a3-farg-kopiator-scanner-printer-fax-duplex-wlan-256mb-3-year-on-site\/\" \/>\n<meta property=\"og:locale\" content=\"sv_SE\" \/>\n<meta property=\"og:type\" content=\"article\" \/>\n<meta property=\"og:title\" content=\"Brother MFC-J6930DW A3 F\u00e4rg- Kopiator, -Scanner, -Printer, Fax, Duplex, WLAN, 256MB - 3 year on site\" \/>\n<meta property=\"og:description\" content=\"Brother MFC-J6930DW A3 F\u00e4rg- Kopiator, -Scanner, -Printer, Fax, allt-i-ett bl\u00e4ckstr\u00e5leskrivare som erbjuder stor flexibilitet.\" \/>\n<meta property=\"og:url\" content=\"https:\/\/www.heddata.se\/webbutik\/produkt\/brother-mfc-j6930dw-a3-farg-kopiator-scanner-printer-fax-duplex-wlan-256mb-3-year-on-site\/\" \/>\n<meta property=\"og:site_name\" content=\"Datorer, Skrivare, F\u00e4rgpatroner, Mobiltelefoner\" \/>\n<meta property=\"article:modified_time\" content=\"2026-04-08T09:53:33+00:00\" \/>\n<meta property=\"og:image\" content=\"https:\/\/www.heddata.se\/webbutik\/wp-content\/uploads\/webbutik\/kategorier\/skrivare\/mfcj6930dwzw1.jpg\" \/>\n\t<meta property=\"og:image:width\" content=\"486\" \/>\n\t<meta property=\"og:image:height\" content=\"486\" \/>\n\t<meta property=\"og:image:type\" content=\"image\/jpeg\" \/>\n<meta name=\"twitter:card\" content=\"summary_large_image\" \/>\n<meta name=\"twitter:label1\" content=\"Ber\u00e4knad l\u00e4stid\" \/>\n\t<meta name=\"twitter:data1\" content=\"4 minuter\" \/>\n<script type=\"application\/ld+json\" class=\"yoast-schema-graph\">{\"@context\":\"https:\/\/schema.org\",\"@graph\":[{\"@type\":\"WebPage\",\"@id\":\"https:\/\/www.heddata.se\/webbutik\/produkt\/brother-mfc-j6930dw-a3-farg-kopiator-scanner-printer-fax-duplex-wlan-256mb-3-year-on-site\/\",\"url\":\"https:\/\/www.heddata.se\/webbutik\/produkt\/brother-mfc-j6930dw-a3-farg-kopiator-scanner-printer-fax-duplex-wlan-256mb-3-year-on-site\/\",\"name\":\"Brother MFC-J6930DW A3 F\u00e4rg- Kopiator, -Scanner, -Printer, Fax, Duplex\",\"isPartOf\":{\"@id\":\"https:\/\/www.heddata.se\/webbutik\/#website\"},\"primaryImageOfPage\":{\"@id\":\"https:\/\/www.heddata.se\/webbutik\/produkt\/brother-mfc-j6930dw-a3-farg-kopiator-scanner-printer-fax-duplex-wlan-256mb-3-year-on-site\/#primaryimage\"},\"image\":{\"@id\":\"https:\/\/www.heddata.se\/webbutik\/produkt\/brother-mfc-j6930dw-a3-farg-kopiator-scanner-printer-fax-duplex-wlan-256mb-3-year-on-site\/#primaryimage\"},\"thumbnailUrl\":\"https:\/\/www.heddata.se\/webbutik\/wp-content\/uploads\/webbutik\/kategorier\/skrivare\/mfcj6930dwzw1.jpg\",\"datePublished\":\"2021-06-28T15:18:54+00:00\",\"dateModified\":\"2026-04-08T09:53:33+00:00\",\"description\":\"Brother MFC-J6930DW A3 F\u00e4rg- Kopiator, -Scanner, -Printer, Fax, allt-i-ett bl\u00e4ckstr\u00e5leskrivare som erbjuder stor flexibilitet.\",\"breadcrumb\":{\"@id\":\"https:\/\/www.heddata.se\/webbutik\/produkt\/brother-mfc-j6930dw-a3-farg-kopiator-scanner-printer-fax-duplex-wlan-256mb-3-year-on-site\/#breadcrumb\"},\"inLanguage\":\"sv-SE\",\"potentialAction\":[{\"@type\":\"ReadAction\",\"target\":[\"https:\/\/www.heddata.se\/webbutik\/produkt\/brother-mfc-j6930dw-a3-farg-kopiator-scanner-printer-fax-duplex-wlan-256mb-3-year-on-site\/\"]}]},{\"@type\":\"ImageObject\",\"inLanguage\":\"sv-SE\",\"@id\":\"https:\/\/www.heddata.se\/webbutik\/produkt\/brother-mfc-j6930dw-a3-farg-kopiator-scanner-printer-fax-duplex-wlan-256mb-3-year-on-site\/#primaryimage\",\"url\":\"https:\/\/www.heddata.se\/webbutik\/wp-content\/uploads\/webbutik\/kategorier\/skrivare\/mfcj6930dwzw1.jpg\",\"contentUrl\":\"https:\/\/www.heddata.se\/webbutik\/wp-content\/uploads\/webbutik\/kategorier\/skrivare\/mfcj6930dwzw1.jpg\",\"width\":486,\"height\":486,\"caption\":\"Brother MFC-J6930DW A3 F\u00e4rg- Kopiator\"},{\"@type\":\"BreadcrumbList\",\"@id\":\"https:\/\/www.heddata.se\/webbutik\/produkt\/brother-mfc-j6930dw-a3-farg-kopiator-scanner-printer-fax-duplex-wlan-256mb-3-year-on-site\/#breadcrumb\",\"itemListElement\":[{\"@type\":\"ListItem\",\"position\":1,\"name\":\"Hem\",\"item\":\"https:\/\/www.heddata.se\/webbutik\/\"},{\"@type\":\"ListItem\",\"position\":2,\"name\":\"Produkter\",\"item\":\"https:\/\/www.heddata.se\/webbutik\/shop\/\"},{\"@type\":\"ListItem\",\"position\":3,\"name\":\"Brother MFC-J6930DW A3 F\u00e4rg- Kopiator, -Scanner, -Printer, Fax, Duplex, WLAN, 256MB &#8211; 3 year on site\"}]},{\"@type\":\"WebSite\",\"@id\":\"https:\/\/www.heddata.se\/webbutik\/#website\",\"url\":\"https:\/\/www.heddata.se\/webbutik\/\",\"name\":\"Datorer, Skrivare, F\u00e4rgpatroner, Mobiltelefoner\",\"description\":\"Kablar\",\"publisher\":{\"@id\":\"https:\/\/www.heddata.se\/webbutik\/#organization\"},\"potentialAction\":[{\"@type\":\"SearchAction\",\"target\":{\"@type\":\"EntryPoint\",\"urlTemplate\":\"https:\/\/www.heddata.se\/webbutik\/?s={search_term_string}\"},\"query-input\":{\"@type\":\"PropertyValueSpecification\",\"valueRequired\":true,\"valueName\":\"search_term_string\"}}],\"inLanguage\":\"sv-SE\"},{\"@type\":\"Organization\",\"@id\":\"https:\/\/www.heddata.se\/webbutik\/#organization\",\"name\":\"Heddata AB\",\"url\":\"https:\/\/www.heddata.se\/webbutik\/\",\"logo\":{\"@type\":\"ImageObject\",\"inLanguage\":\"sv-SE\",\"@id\":\"https:\/\/www.heddata.se\/webbutik\/#\/schema\/logo\/image\/\",\"url\":\"https:\/\/www.heddata.se\/webbutik\/wp-content\/uploads\/logga\/heddata-ab-logga.png\",\"contentUrl\":\"https:\/\/www.heddata.se\/webbutik\/wp-content\/uploads\/logga\/heddata-ab-logga.png\",\"width\":200,\"height\":64,\"caption\":\"Heddata AB\"},\"image\":{\"@id\":\"https:\/\/www.heddata.se\/webbutik\/#\/schema\/logo\/image\/\"}}]}<\/script>\n<!-- \/ Yoast SEO Premium plugin. -->","yoast_head_json":{"title":"Brother MFC-J6930DW A3 F\u00e4rg- Kopiator, -Scanner, -Printer, Fax, Duplex","description":"Brother MFC-J6930DW A3 F\u00e4rg- Kopiator, -Scanner, -Printer, Fax, allt-i-ett bl\u00e4ckstr\u00e5leskrivare som erbjuder stor flexibilitet.","robots":{"index":"index","follow":"follow","max-snippet":"max-snippet:-1","max-image-preview":"max-image-preview:large","max-video-preview":"max-video-preview:-1"},"canonical":"https:\/\/www.heddata.se\/webbutik\/produkt\/brother-mfc-j6930dw-a3-farg-kopiator-scanner-printer-fax-duplex-wlan-256mb-3-year-on-site\/","og_locale":"sv_SE","og_type":"article","og_title":"Brother MFC-J6930DW A3 F\u00e4rg- Kopiator, -Scanner, -Printer, Fax, Duplex, WLAN, 256MB - 3 year on site","og_description":"Brother MFC-J6930DW A3 F\u00e4rg- Kopiator, -Scanner, -Printer, Fax, allt-i-ett bl\u00e4ckstr\u00e5leskrivare som erbjuder stor flexibilitet.","og_url":"https:\/\/www.heddata.se\/webbutik\/produkt\/brother-mfc-j6930dw-a3-farg-kopiator-scanner-printer-fax-duplex-wlan-256mb-3-year-on-site\/","og_site_name":"Datorer, Skrivare, F\u00e4rgpatroner, Mobiltelefoner","article_modified_time":"2026-04-08T09:53:33+00:00","og_image":[{"width":486,"height":486,"url":"https:\/\/www.heddata.se\/webbutik\/wp-content\/uploads\/webbutik\/kategorier\/skrivare\/mfcj6930dwzw1.jpg","type":"image\/jpeg"}],"twitter_card":"summary_large_image","twitter_misc":{"Ber\u00e4knad l\u00e4stid":"4 minuter"},"schema":{"@context":"https:\/\/schema.org","@graph":[{"@type":"WebPage","@id":"https:\/\/www.heddata.se\/webbutik\/produkt\/brother-mfc-j6930dw-a3-farg-kopiator-scanner-printer-fax-duplex-wlan-256mb-3-year-on-site\/","url":"https:\/\/www.heddata.se\/webbutik\/produkt\/brother-mfc-j6930dw-a3-farg-kopiator-scanner-printer-fax-duplex-wlan-256mb-3-year-on-site\/","name":"Brother MFC-J6930DW A3 F\u00e4rg- Kopiator, -Scanner, -Printer, Fax, Duplex","isPartOf":{"@id":"https:\/\/www.heddata.se\/webbutik\/#website"},"primaryImageOfPage":{"@id":"https:\/\/www.heddata.se\/webbutik\/produkt\/brother-mfc-j6930dw-a3-farg-kopiator-scanner-printer-fax-duplex-wlan-256mb-3-year-on-site\/#primaryimage"},"image":{"@id":"https:\/\/www.heddata.se\/webbutik\/produkt\/brother-mfc-j6930dw-a3-farg-kopiator-scanner-printer-fax-duplex-wlan-256mb-3-year-on-site\/#primaryimage"},"thumbnailUrl":"https:\/\/www.heddata.se\/webbutik\/wp-content\/uploads\/webbutik\/kategorier\/skrivare\/mfcj6930dwzw1.jpg","datePublished":"2021-06-28T15:18:54+00:00","dateModified":"2026-04-08T09:53:33+00:00","description":"Brother MFC-J6930DW A3 F\u00e4rg- Kopiator, -Scanner, -Printer, Fax, allt-i-ett bl\u00e4ckstr\u00e5leskrivare som erbjuder stor flexibilitet.","breadcrumb":{"@id":"https:\/\/www.heddata.se\/webbutik\/produkt\/brother-mfc-j6930dw-a3-farg-kopiator-scanner-printer-fax-duplex-wlan-256mb-3-year-on-site\/#breadcrumb"},"inLanguage":"sv-SE","potentialAction":[{"@type":"ReadAction","target":["https:\/\/www.heddata.se\/webbutik\/produkt\/brother-mfc-j6930dw-a3-farg-kopiator-scanner-printer-fax-duplex-wlan-256mb-3-year-on-site\/"]}]},{"@type":"ImageObject","inLanguage":"sv-SE","@id":"https:\/\/www.heddata.se\/webbutik\/produkt\/brother-mfc-j6930dw-a3-farg-kopiator-scanner-printer-fax-duplex-wlan-256mb-3-year-on-site\/#primaryimage","url":"https:\/\/www.heddata.se\/webbutik\/wp-content\/uploads\/webbutik\/kategorier\/skrivare\/mfcj6930dwzw1.jpg","contentUrl":"https:\/\/www.heddata.se\/webbutik\/wp-content\/uploads\/webbutik\/kategorier\/skrivare\/mfcj6930dwzw1.jpg","width":486,"height":486,"caption":"Brother MFC-J6930DW A3 F\u00e4rg- Kopiator"},{"@type":"BreadcrumbList","@id":"https:\/\/www.heddata.se\/webbutik\/produkt\/brother-mfc-j6930dw-a3-farg-kopiator-scanner-printer-fax-duplex-wlan-256mb-3-year-on-site\/#breadcrumb","itemListElement":[{"@type":"ListItem","position":1,"name":"Hem","item":"https:\/\/www.heddata.se\/webbutik\/"},{"@type":"ListItem","position":2,"name":"Produkter","item":"https:\/\/www.heddata.se\/webbutik\/shop\/"},{"@type":"ListItem","position":3,"name":"Brother MFC-J6930DW A3 F\u00e4rg- Kopiator, -Scanner, -Printer, Fax, Duplex, WLAN, 256MB &#8211; 3 year on site"}]},{"@type":"WebSite","@id":"https:\/\/www.heddata.se\/webbutik\/#website","url":"https:\/\/www.heddata.se\/webbutik\/","name":"Datorer, Skrivare, F\u00e4rgpatroner, Mobiltelefoner","description":"Kablar","publisher":{"@id":"https:\/\/www.heddata.se\/webbutik\/#organization"},"potentialAction":[{"@type":"SearchAction","target":{"@type":"EntryPoint","urlTemplate":"https:\/\/www.heddata.se\/webbutik\/?s={search_term_string}"},"query-input":{"@type":"PropertyValueSpecification","valueRequired":true,"valueName":"search_term_string"}}],"inLanguage":"sv-SE"},{"@type":"Organization","@id":"https:\/\/www.heddata.se\/webbutik\/#organization","name":"Heddata AB","url":"https:\/\/www.heddata.se\/webbutik\/","logo":{"@type":"ImageObject","inLanguage":"sv-SE","@id":"https:\/\/www.heddata.se\/webbutik\/#\/schema\/logo\/image\/","url":"https:\/\/www.heddata.se\/webbutik\/wp-content\/uploads\/logga\/heddata-ab-logga.png","contentUrl":"https:\/\/www.heddata.se\/webbutik\/wp-content\/uploads\/logga\/heddata-ab-logga.png","width":200,"height":64,"caption":"Heddata AB"},"image":{"@id":"https:\/\/www.heddata.se\/webbutik\/#\/schema\/logo\/image\/"}}]}},"_links":{"self":[{"href":"https:\/\/www.heddata.se\/webbutik\/wp-json\/wp\/v2\/product\/91648","targetHints":{"allow":["GET"]}}],"collection":[{"href":"https:\/\/www.heddata.se\/webbutik\/wp-json\/wp\/v2\/product"}],"about":[{"href":"https:\/\/www.heddata.se\/webbutik\/wp-json\/wp\/v2\/types\/product"}],"wp:featuredmedia":[{"embeddable":true,"href":"https:\/\/www.heddata.se\/webbutik\/wp-json\/wp\/v2\/media\/91654"}],"wp:attachment":[{"href":"https:\/\/www.heddata.se\/webbutik\/wp-json\/wp\/v2\/media?parent=91648"}],"wp:term":[{"taxonomy":"product_brand","embeddable":true,"href":"https:\/\/www.heddata.se\/webbutik\/wp-json\/wp\/v2\/product_brand?post=91648"},{"taxonomy":"product_cat","embeddable":true,"href":"https:\/\/www.heddata.se\/webbutik\/wp-json\/wp\/v2\/product_cat?post=91648"},{"taxonomy":"product_tag","embeddable":true,"href":"https:\/\/www.heddata.se\/webbutik\/wp-json\/wp\/v2\/product_tag?post=91648"}],"curies":[{"name":"wp","href":"https:\/\/api.w.org\/{rel}","templated":true}]}}