{"id":91625,"date":"2021-06-21T17:18:05","date_gmt":"2021-06-21T15:18:05","guid":{"rendered":"https:\/\/www.heddata.se\/webbutik\/?post_type=product&#038;p=91625"},"modified":"2026-05-08T18:10:21","modified_gmt":"2026-05-08T16:10:21","slug":"blackpatron-canon-pg-512-ink-svart-2969b001","status":"publish","type":"product","link":"https:\/\/www.heddata.se\/webbutik\/produkt\/blackpatron-canon-pg-512-ink-svart-2969b001\/","title":{"rendered":"Bl\u00e4ckpatron Canon PG-512 Ink svart 2969B001"},"content":{"rendered":"<p>Bl\u00e4ckpatron Canon PG-512 Ink svart 2969B001<\/p>\n<p>Original bl\u00e4ckpatron till <a href=\"https:\/\/www.canon.se\/\" target=\"_blank\" rel=\"noopener\">Canon<\/a> skrivare, 15ml<\/p>\n<p>Passar <a href=\"https:\/\/www.heddata.se\/webbutik\/skrivare-blackstrale-monolaser\/allt-i-ett-skrivare\/\">skrivare:<\/a><br \/>\nPIXMA iP2700<br \/>\nPIXMA MP270<br \/>\nPIXMA MP495<br \/>\nPIXMA MX350<br \/>\nPIXMA MP230<br \/>\nPIXMA MP280<br \/>\nPIXMA MX320<br \/>\nPIXMA MX360<br \/>\nPIXMA MP240<br \/>\nPIXMA MP330<br \/>\nPIXMA MX330<br \/>\nPIXMA MX410<br \/>\nPIXMA MP250<br \/>\nPIXMA MP480<br \/>\nPIXMA MX340<br \/>\nPIXMA MX420<br \/>\nPIXMA MP260<br \/>\nPIXMA MP490<\/p>\n","protected":false},"excerpt":{"rendered":"<p>Bl\u00e4ckpatron Canon PG-512 Ink svart 2969B001<\/p>\n","protected":false},"featured_media":91627,"template":"","meta":[],"product_brand":[],"product_cat":[87,61,93],"product_tag":[],"class_list":{"0":"post-91625","1":"product","2":"type-product","3":"status-publish","4":"has-post-thumbnail","6":"product_cat-blackpatroner","7":"product_cat-blackpatroner-toners","8":"product_cat-canon","10":"first","11":"instock","12":"taxable","13":"shipping-taxable","14":"purchasable","15":"product-type-simple"},"yoast_head":"<!-- This site is optimized with the Yoast SEO Premium plugin v26.7 (Yoast SEO v26.7) - https:\/\/yoast.com\/wordpress\/plugins\/seo\/ -->\n<title>Bl\u00e4ckpatron Canon PG-512 Ink svart 2969B001 Original bl\u00e4ckpatron<\/title>\n<meta name=\"description\" content=\"Bl\u00e4ckpatron Canon PG-512 Ink svart 2969B001. Original bl\u00e4ckpatron till Canon skrivare, 15ml f\u00f6r fina utskrifter av fofokvalitet.\" \/>\n<meta name=\"robots\" content=\"index, follow, max-snippet:-1, max-image-preview:large, max-video-preview:-1\" \/>\n<link rel=\"canonical\" href=\"https:\/\/www.heddata.se\/webbutik\/produkt\/blackpatron-canon-pg-512-ink-svart-2969b001\/\" \/>\n<meta property=\"og:locale\" content=\"sv_SE\" \/>\n<meta property=\"og:type\" content=\"article\" \/>\n<meta property=\"og:title\" content=\"Bl\u00e4ckpatron Canon PG-512 Ink svart 2969B001\" \/>\n<meta property=\"og:description\" content=\"Bl\u00e4ckpatron Canon PG-512 Ink svart 2969B001. Original bl\u00e4ckpatron till Canon skrivare, 15ml f\u00f6r fina utskrifter av fofokvalitet.\" \/>\n<meta property=\"og:url\" content=\"https:\/\/www.heddata.se\/webbutik\/produkt\/blackpatron-canon-pg-512-ink-svart-2969b001\/\" \/>\n<meta property=\"og:site_name\" content=\"Datorer, Skrivare, F\u00e4rgpatroner, Mobiltelefoner\" \/>\n<meta property=\"article:modified_time\" content=\"2026-05-08T16:10:21+00:00\" \/>\n<meta property=\"og:image\" content=\"https:\/\/www.heddata.se\/webbutik\/wp-content\/uploads\/webbutik\/kategorier\/blackpatroner-toners\/2969b001.jpg\" \/>\n\t<meta property=\"og:image:width\" content=\"500\" \/>\n\t<meta property=\"og:image:height\" content=\"334\" \/>\n\t<meta property=\"og:image:type\" content=\"image\/jpeg\" \/>\n<meta name=\"twitter:card\" content=\"summary_large_image\" \/>\n<script type=\"application\/ld+json\" class=\"yoast-schema-graph\">{\"@context\":\"https:\/\/schema.org\",\"@graph\":[{\"@type\":\"WebPage\",\"@id\":\"https:\/\/www.heddata.se\/webbutik\/produkt\/blackpatron-canon-pg-512-ink-svart-2969b001\/\",\"url\":\"https:\/\/www.heddata.se\/webbutik\/produkt\/blackpatron-canon-pg-512-ink-svart-2969b001\/\",\"name\":\"Bl\u00e4ckpatron Canon PG-512 Ink svart 2969B001 Original bl\u00e4ckpatron\",\"isPartOf\":{\"@id\":\"https:\/\/www.heddata.se\/webbutik\/#website\"},\"primaryImageOfPage\":{\"@id\":\"https:\/\/www.heddata.se\/webbutik\/produkt\/blackpatron-canon-pg-512-ink-svart-2969b001\/#primaryimage\"},\"image\":{\"@id\":\"https:\/\/www.heddata.se\/webbutik\/produkt\/blackpatron-canon-pg-512-ink-svart-2969b001\/#primaryimage\"},\"thumbnailUrl\":\"https:\/\/www.heddata.se\/webbutik\/wp-content\/uploads\/webbutik\/kategorier\/blackpatroner-toners\/2969b001.jpg\",\"datePublished\":\"2021-06-21T15:18:05+00:00\",\"dateModified\":\"2026-05-08T16:10:21+00:00\",\"description\":\"Bl\u00e4ckpatron Canon PG-512 Ink svart 2969B001. Original bl\u00e4ckpatron till Canon skrivare, 15ml f\u00f6r fina utskrifter av fofokvalitet.\",\"breadcrumb\":{\"@id\":\"https:\/\/www.heddata.se\/webbutik\/produkt\/blackpatron-canon-pg-512-ink-svart-2969b001\/#breadcrumb\"},\"inLanguage\":\"sv-SE\",\"potentialAction\":[{\"@type\":\"ReadAction\",\"target\":[\"https:\/\/www.heddata.se\/webbutik\/produkt\/blackpatron-canon-pg-512-ink-svart-2969b001\/\"]}]},{\"@type\":\"ImageObject\",\"inLanguage\":\"sv-SE\",\"@id\":\"https:\/\/www.heddata.se\/webbutik\/produkt\/blackpatron-canon-pg-512-ink-svart-2969b001\/#primaryimage\",\"url\":\"https:\/\/www.heddata.se\/webbutik\/wp-content\/uploads\/webbutik\/kategorier\/blackpatroner-toners\/2969b001.jpg\",\"contentUrl\":\"https:\/\/www.heddata.se\/webbutik\/wp-content\/uploads\/webbutik\/kategorier\/blackpatroner-toners\/2969b001.jpg\",\"width\":500,\"height\":334,\"caption\":\"Bl\u00e4ckpatron Canon PG-512 Ink\"},{\"@type\":\"BreadcrumbList\",\"@id\":\"https:\/\/www.heddata.se\/webbutik\/produkt\/blackpatron-canon-pg-512-ink-svart-2969b001\/#breadcrumb\",\"itemListElement\":[{\"@type\":\"ListItem\",\"position\":1,\"name\":\"Hem\",\"item\":\"https:\/\/www.heddata.se\/webbutik\/\"},{\"@type\":\"ListItem\",\"position\":2,\"name\":\"Produkter\",\"item\":\"https:\/\/www.heddata.se\/webbutik\/shop\/\"},{\"@type\":\"ListItem\",\"position\":3,\"name\":\"Bl\u00e4ckpatron Canon PG-512 Ink svart 2969B001\"}]},{\"@type\":\"WebSite\",\"@id\":\"https:\/\/www.heddata.se\/webbutik\/#website\",\"url\":\"https:\/\/www.heddata.se\/webbutik\/\",\"name\":\"Datorer, Skrivare, F\u00e4rgpatroner, Mobiltelefoner\",\"description\":\"Kablar\",\"publisher\":{\"@id\":\"https:\/\/www.heddata.se\/webbutik\/#organization\"},\"potentialAction\":[{\"@type\":\"SearchAction\",\"target\":{\"@type\":\"EntryPoint\",\"urlTemplate\":\"https:\/\/www.heddata.se\/webbutik\/?s={search_term_string}\"},\"query-input\":{\"@type\":\"PropertyValueSpecification\",\"valueRequired\":true,\"valueName\":\"search_term_string\"}}],\"inLanguage\":\"sv-SE\"},{\"@type\":\"Organization\",\"@id\":\"https:\/\/www.heddata.se\/webbutik\/#organization\",\"name\":\"Heddata AB\",\"url\":\"https:\/\/www.heddata.se\/webbutik\/\",\"logo\":{\"@type\":\"ImageObject\",\"inLanguage\":\"sv-SE\",\"@id\":\"https:\/\/www.heddata.se\/webbutik\/#\/schema\/logo\/image\/\",\"url\":\"https:\/\/www.heddata.se\/webbutik\/wp-content\/uploads\/logga\/heddata-ab-logga.png\",\"contentUrl\":\"https:\/\/www.heddata.se\/webbutik\/wp-content\/uploads\/logga\/heddata-ab-logga.png\",\"width\":200,\"height\":64,\"caption\":\"Heddata AB\"},\"image\":{\"@id\":\"https:\/\/www.heddata.se\/webbutik\/#\/schema\/logo\/image\/\"}}]}<\/script>\n<!-- \/ Yoast SEO Premium plugin. -->","yoast_head_json":{"title":"Bl\u00e4ckpatron Canon PG-512 Ink svart 2969B001 Original bl\u00e4ckpatron","description":"Bl\u00e4ckpatron Canon PG-512 Ink svart 2969B001. Original bl\u00e4ckpatron till Canon skrivare, 15ml f\u00f6r fina utskrifter av fofokvalitet.","robots":{"index":"index","follow":"follow","max-snippet":"max-snippet:-1","max-image-preview":"max-image-preview:large","max-video-preview":"max-video-preview:-1"},"canonical":"https:\/\/www.heddata.se\/webbutik\/produkt\/blackpatron-canon-pg-512-ink-svart-2969b001\/","og_locale":"sv_SE","og_type":"article","og_title":"Bl\u00e4ckpatron Canon PG-512 Ink svart 2969B001","og_description":"Bl\u00e4ckpatron Canon PG-512 Ink svart 2969B001. Original bl\u00e4ckpatron till Canon skrivare, 15ml f\u00f6r fina utskrifter av fofokvalitet.","og_url":"https:\/\/www.heddata.se\/webbutik\/produkt\/blackpatron-canon-pg-512-ink-svart-2969b001\/","og_site_name":"Datorer, Skrivare, F\u00e4rgpatroner, Mobiltelefoner","article_modified_time":"2026-05-08T16:10:21+00:00","og_image":[{"width":500,"height":334,"url":"https:\/\/www.heddata.se\/webbutik\/wp-content\/uploads\/webbutik\/kategorier\/blackpatroner-toners\/2969b001.jpg","type":"image\/jpeg"}],"twitter_card":"summary_large_image","schema":{"@context":"https:\/\/schema.org","@graph":[{"@type":"WebPage","@id":"https:\/\/www.heddata.se\/webbutik\/produkt\/blackpatron-canon-pg-512-ink-svart-2969b001\/","url":"https:\/\/www.heddata.se\/webbutik\/produkt\/blackpatron-canon-pg-512-ink-svart-2969b001\/","name":"Bl\u00e4ckpatron Canon PG-512 Ink svart 2969B001 Original bl\u00e4ckpatron","isPartOf":{"@id":"https:\/\/www.heddata.se\/webbutik\/#website"},"primaryImageOfPage":{"@id":"https:\/\/www.heddata.se\/webbutik\/produkt\/blackpatron-canon-pg-512-ink-svart-2969b001\/#primaryimage"},"image":{"@id":"https:\/\/www.heddata.se\/webbutik\/produkt\/blackpatron-canon-pg-512-ink-svart-2969b001\/#primaryimage"},"thumbnailUrl":"https:\/\/www.heddata.se\/webbutik\/wp-content\/uploads\/webbutik\/kategorier\/blackpatroner-toners\/2969b001.jpg","datePublished":"2021-06-21T15:18:05+00:00","dateModified":"2026-05-08T16:10:21+00:00","description":"Bl\u00e4ckpatron Canon PG-512 Ink svart 2969B001. Original bl\u00e4ckpatron till Canon skrivare, 15ml f\u00f6r fina utskrifter av fofokvalitet.","breadcrumb":{"@id":"https:\/\/www.heddata.se\/webbutik\/produkt\/blackpatron-canon-pg-512-ink-svart-2969b001\/#breadcrumb"},"inLanguage":"sv-SE","potentialAction":[{"@type":"ReadAction","target":["https:\/\/www.heddata.se\/webbutik\/produkt\/blackpatron-canon-pg-512-ink-svart-2969b001\/"]}]},{"@type":"ImageObject","inLanguage":"sv-SE","@id":"https:\/\/www.heddata.se\/webbutik\/produkt\/blackpatron-canon-pg-512-ink-svart-2969b001\/#primaryimage","url":"https:\/\/www.heddata.se\/webbutik\/wp-content\/uploads\/webbutik\/kategorier\/blackpatroner-toners\/2969b001.jpg","contentUrl":"https:\/\/www.heddata.se\/webbutik\/wp-content\/uploads\/webbutik\/kategorier\/blackpatroner-toners\/2969b001.jpg","width":500,"height":334,"caption":"Bl\u00e4ckpatron Canon PG-512 Ink"},{"@type":"BreadcrumbList","@id":"https:\/\/www.heddata.se\/webbutik\/produkt\/blackpatron-canon-pg-512-ink-svart-2969b001\/#breadcrumb","itemListElement":[{"@type":"ListItem","position":1,"name":"Hem","item":"https:\/\/www.heddata.se\/webbutik\/"},{"@type":"ListItem","position":2,"name":"Produkter","item":"https:\/\/www.heddata.se\/webbutik\/shop\/"},{"@type":"ListItem","position":3,"name":"Bl\u00e4ckpatron Canon PG-512 Ink svart 2969B001"}]},{"@type":"WebSite","@id":"https:\/\/www.heddata.se\/webbutik\/#website","url":"https:\/\/www.heddata.se\/webbutik\/","name":"Datorer, Skrivare, F\u00e4rgpatroner, Mobiltelefoner","description":"Kablar","publisher":{"@id":"https:\/\/www.heddata.se\/webbutik\/#organization"},"potentialAction":[{"@type":"SearchAction","target":{"@type":"EntryPoint","urlTemplate":"https:\/\/www.heddata.se\/webbutik\/?s={search_term_string}"},"query-input":{"@type":"PropertyValueSpecification","valueRequired":true,"valueName":"search_term_string"}}],"inLanguage":"sv-SE"},{"@type":"Organization","@id":"https:\/\/www.heddata.se\/webbutik\/#organization","name":"Heddata AB","url":"https:\/\/www.heddata.se\/webbutik\/","logo":{"@type":"ImageObject","inLanguage":"sv-SE","@id":"https:\/\/www.heddata.se\/webbutik\/#\/schema\/logo\/image\/","url":"https:\/\/www.heddata.se\/webbutik\/wp-content\/uploads\/logga\/heddata-ab-logga.png","contentUrl":"https:\/\/www.heddata.se\/webbutik\/wp-content\/uploads\/logga\/heddata-ab-logga.png","width":200,"height":64,"caption":"Heddata AB"},"image":{"@id":"https:\/\/www.heddata.se\/webbutik\/#\/schema\/logo\/image\/"}}]}},"_links":{"self":[{"href":"https:\/\/www.heddata.se\/webbutik\/wp-json\/wp\/v2\/product\/91625","targetHints":{"allow":["GET"]}}],"collection":[{"href":"https:\/\/www.heddata.se\/webbutik\/wp-json\/wp\/v2\/product"}],"about":[{"href":"https:\/\/www.heddata.se\/webbutik\/wp-json\/wp\/v2\/types\/product"}],"wp:featuredmedia":[{"embeddable":true,"href":"https:\/\/www.heddata.se\/webbutik\/wp-json\/wp\/v2\/media\/91627"}],"wp:attachment":[{"href":"https:\/\/www.heddata.se\/webbutik\/wp-json\/wp\/v2\/media?parent=91625"}],"wp:term":[{"taxonomy":"product_brand","embeddable":true,"href":"https:\/\/www.heddata.se\/webbutik\/wp-json\/wp\/v2\/product_brand?post=91625"},{"taxonomy":"product_cat","embeddable":true,"href":"https:\/\/www.heddata.se\/webbutik\/wp-json\/wp\/v2\/product_cat?post=91625"},{"taxonomy":"product_tag","embeddable":true,"href":"https:\/\/www.heddata.se\/webbutik\/wp-json\/wp\/v2\/product_tag?post=91625"}],"curies":[{"name":"wp","href":"https:\/\/api.w.org\/{rel}","templated":true}]}}