{"id":91618,"date":"2021-06-17T11:15:59","date_gmt":"2021-06-17T09:15:59","guid":{"rendered":"https:\/\/www.heddata.se\/webbutik\/?post_type=product&#038;p=91618"},"modified":"2026-04-07T11:05:52","modified_gmt":"2026-04-07T09:05:52","slug":"usb-hubb-4-port-usb-2-0-usb-strom-4x-usb","status":"publish","type":"product","link":"https:\/\/www.heddata.se\/webbutik\/produkt\/usb-hubb-4-port-usb-2-0-usb-strom-4x-usb\/","title":{"rendered":"USB-hubb 4-Port USB 2.0 USB str\u00f6m 4x USB"},"content":{"rendered":"<p>USB-hubb 4-Port USB 2.0 USB str\u00f6m 4x USB<\/p>\n<div class=\"description\">\n<div class=\"d-flex flex-column\">\n<div class=\"position-relative\">\n<div class=\"\">\n<p class=\"p-0 m-0\">Switch med 4 portar f\u00f6r anslutning till station\u00e4r eller b\u00e4rbar dator f\u00f6r att ut\u00f6ka antalet USB-portar. Den kompakta storleken g\u00f6r det l\u00e4tt att ta med den.<\/p>\n<\/div>\n<\/div>\n<\/div>\n<\/div>\n<h4 class=\"mt-3\"><strong class=\"d-block\">Egenskaper<\/strong><\/h4>\n<p class=\"m-0\">Ut\u00f6ka enkelt antalet USB-portar p\u00e5 en station\u00e4r eller <a href=\"https:\/\/www.heddata.se\/webbutik\/datorer\/\">b\u00e4rbar<\/a> dator<\/p>\n<p class=\"m-0\">Den kompakta designen g\u00f6r den perfekt f\u00f6r m\u00e4nniskor som reser mycket<\/p>\n<p class=\"m-0\">Plug and play<\/p>\n<div id=\"package-contents\">\n<div class=\"border-top-md-down py-4 py-md-0\">\n<h4 id=\"package-contents\">Paketet inneh\u00e5ller<\/h4>\n<p>1x USB <a href=\"https:\/\/nedis.se\/sv-se\" target=\"_blank\" rel=\"noopener\">2.0-reseswitch<\/a> med 4-portar<br \/>\nsnabbstartsguide<\/p>\n<\/div>\n<\/div>\n<div id=\"information\"><\/div>\n<div class=\"border-top-md-down py-4 py-md-0\">\n<h4 id=\"specifications\">USB-hubb 4-Port USB 2.0 produktspecifikationer:<\/h4>\n<p>&nbsp;<\/p>\n<table class=\"table table-dashed-border\">\n<tbody>\n<tr>\n<th scope=\"row\">F\u00e4rg<\/th>\n<td>Svart<\/td>\n<\/tr>\n<tr>\n<th scope=\"row\">Material<\/th>\n<td>Plast<\/td>\n<\/tr>\n<tr>\n<th scope=\"row\">Typ av str\u00f6mk\u00e4lla<\/th>\n<td>USB str\u00f6m<\/td>\n<\/tr>\n<tr>\n<th scope=\"row\">Insp\u00e4nning<\/th>\n<td>5 V DC<\/td>\n<\/tr>\n<tr>\n<th scope=\"row\">Uteffekt<\/th>\n<td>2.5 W<\/td>\n<\/tr>\n<tr>\n<th scope=\"row\">Djup<\/th>\n<td>50 mm<\/td>\n<\/tr>\n<tr>\n<th scope=\"row\">N\u00e4tkontakt<\/th>\n<td>USB<\/td>\n<\/tr>\n<tr>\n<th scope=\"row\">Ing\u00e5ngsstr\u00f6m<\/th>\n<td>0.5 A<\/td>\n<\/tr>\n<tr>\n<th scope=\"row\">Bredd<\/th>\n<td>24 mm<\/td>\n<\/tr>\n<tr>\n<th scope=\"row\">Antal anslutningar<\/th>\n<td>4-Port<\/td>\n<\/tr>\n<tr>\n<th scope=\"row\">Anslutningsutg\u00e5ng<\/th>\n<td>USB A Hona<\/td>\n<\/tr>\n<tr>\n<th scope=\"row\">Utstr\u00f6m<\/th>\n<td>0.5 A Max p\/port<\/td>\n<\/tr>\n<tr>\n<th scope=\"row\">Kompatibel teknik<\/th>\n<td>USB 2.0<\/td>\n<\/tr>\n<tr>\n<th scope=\"row\">Utsp\u00e4nning<\/th>\n<td>5 V DC<\/td>\n<\/tr>\n<tr>\n<th scope=\"row\">H\u00f6jd<\/th>\n<td>14 mm<\/td>\n<\/tr>\n<tr>\n<th scope=\"row\">Str\u00f6mkabel l\u00e4ngd<\/th>\n<td>0.10 m<\/td>\n<\/tr>\n<tr>\n<th scope=\"row\">Vikt<\/th>\n<td>25.50 g<\/td>\n<\/tr>\n<tr>\n<th scope=\"row\">Anslutningsing\u00e5ng<\/th>\n<td>USB A Hane<\/td>\n<\/tr>\n<tr>\n<th scope=\"row\">Typ av extern minnesplats<\/th>\n<td>4x USB<\/td>\n<\/tr>\n<\/tbody>\n<\/table>\n<\/div>\n","protected":false},"excerpt":{"rendered":"<p>USB-hubb 4-Port USB 2.0 USB str\u00f6m 4x USB<\/p>\n","protected":false},"featured_media":91619,"template":"","meta":[],"product_brand":[],"product_cat":[65,3366],"product_tag":[],"class_list":{"0":"post-91618","1":"product","2":"type-product","3":"status-publish","4":"has-post-thumbnail","6":"product_cat-datorer-tillbehor","7":"product_cat-ovrigt-datortillbehor","9":"first","10":"outofstock","11":"taxable","12":"shipping-taxable","13":"product-type-simple"},"yoast_head":"<!-- This site is optimized with the Yoast SEO Premium plugin v26.7 (Yoast SEO v26.7) - https:\/\/yoast.com\/wordpress\/plugins\/seo\/ -->\n<title>USB-hubb 4-Port USB 2.0 USB str\u00f6m 4x USB ut\u00f6ka antalet portar<\/title>\n<meta name=\"description\" content=\"USB-hubb 4-Port USB 2.0 4x USB. Switch med 4 portar f\u00f6r anslutning till station\u00e4r eller b\u00e4rbar dator f\u00f6r att ut\u00f6ka antalet USB-portar.\" \/>\n<meta name=\"robots\" content=\"index, follow, max-snippet:-1, max-image-preview:large, max-video-preview:-1\" \/>\n<link rel=\"canonical\" href=\"https:\/\/www.heddata.se\/webbutik\/produkt\/usb-hubb-4-port-usb-2-0-usb-strom-4x-usb\/\" \/>\n<meta property=\"og:locale\" content=\"sv_SE\" \/>\n<meta property=\"og:type\" content=\"article\" \/>\n<meta property=\"og:title\" content=\"USB-hubb 4-Port USB 2.0 USB str\u00f6m 4x USB\" \/>\n<meta property=\"og:description\" content=\"USB-hubb 4-Port USB 2.0 4x USB. Switch med 4 portar f\u00f6r anslutning till station\u00e4r eller b\u00e4rbar dator f\u00f6r att ut\u00f6ka antalet USB-portar.\" \/>\n<meta property=\"og:url\" content=\"https:\/\/www.heddata.se\/webbutik\/produkt\/usb-hubb-4-port-usb-2-0-usb-strom-4x-usb\/\" \/>\n<meta property=\"og:site_name\" content=\"Datorer, Skrivare, F\u00e4rgpatroner, Mobiltelefoner\" \/>\n<meta property=\"article:modified_time\" content=\"2026-04-07T09:05:52+00:00\" \/>\n<meta property=\"og:image\" content=\"https:\/\/www.heddata.se\/webbutik\/wp-content\/uploads\/webbutik\/kategorier\/ovrigt-tillbehor\/uhubu2410bk.jpg\" \/>\n\t<meta property=\"og:image:width\" content=\"1200\" \/>\n\t<meta property=\"og:image:height\" content=\"1200\" \/>\n\t<meta property=\"og:image:type\" content=\"image\/jpeg\" \/>\n<meta name=\"twitter:card\" content=\"summary_large_image\" \/>\n<meta name=\"twitter:label1\" content=\"Ber\u00e4knad l\u00e4stid\" \/>\n\t<meta name=\"twitter:data1\" content=\"1 minut\" \/>\n<script type=\"application\/ld+json\" class=\"yoast-schema-graph\">{\"@context\":\"https:\/\/schema.org\",\"@graph\":[{\"@type\":\"WebPage\",\"@id\":\"https:\/\/www.heddata.se\/webbutik\/produkt\/usb-hubb-4-port-usb-2-0-usb-strom-4x-usb\/\",\"url\":\"https:\/\/www.heddata.se\/webbutik\/produkt\/usb-hubb-4-port-usb-2-0-usb-strom-4x-usb\/\",\"name\":\"USB-hubb 4-Port USB 2.0 USB str\u00f6m 4x USB ut\u00f6ka antalet portar\",\"isPartOf\":{\"@id\":\"https:\/\/www.heddata.se\/webbutik\/#website\"},\"primaryImageOfPage\":{\"@id\":\"https:\/\/www.heddata.se\/webbutik\/produkt\/usb-hubb-4-port-usb-2-0-usb-strom-4x-usb\/#primaryimage\"},\"image\":{\"@id\":\"https:\/\/www.heddata.se\/webbutik\/produkt\/usb-hubb-4-port-usb-2-0-usb-strom-4x-usb\/#primaryimage\"},\"thumbnailUrl\":\"https:\/\/www.heddata.se\/webbutik\/wp-content\/uploads\/webbutik\/kategorier\/ovrigt-tillbehor\/uhubu2410bk.jpg\",\"datePublished\":\"2021-06-17T09:15:59+00:00\",\"dateModified\":\"2026-04-07T09:05:52+00:00\",\"description\":\"USB-hubb 4-Port USB 2.0 4x USB. Switch med 4 portar f\u00f6r anslutning till station\u00e4r eller b\u00e4rbar dator f\u00f6r att ut\u00f6ka antalet USB-portar.\",\"breadcrumb\":{\"@id\":\"https:\/\/www.heddata.se\/webbutik\/produkt\/usb-hubb-4-port-usb-2-0-usb-strom-4x-usb\/#breadcrumb\"},\"inLanguage\":\"sv-SE\",\"potentialAction\":[{\"@type\":\"ReadAction\",\"target\":[\"https:\/\/www.heddata.se\/webbutik\/produkt\/usb-hubb-4-port-usb-2-0-usb-strom-4x-usb\/\"]}]},{\"@type\":\"ImageObject\",\"inLanguage\":\"sv-SE\",\"@id\":\"https:\/\/www.heddata.se\/webbutik\/produkt\/usb-hubb-4-port-usb-2-0-usb-strom-4x-usb\/#primaryimage\",\"url\":\"https:\/\/www.heddata.se\/webbutik\/wp-content\/uploads\/webbutik\/kategorier\/ovrigt-tillbehor\/uhubu2410bk.jpg\",\"contentUrl\":\"https:\/\/www.heddata.se\/webbutik\/wp-content\/uploads\/webbutik\/kategorier\/ovrigt-tillbehor\/uhubu2410bk.jpg\",\"width\":1200,\"height\":1200,\"caption\":\"USB-hubb 4-Port USB 2.0\"},{\"@type\":\"BreadcrumbList\",\"@id\":\"https:\/\/www.heddata.se\/webbutik\/produkt\/usb-hubb-4-port-usb-2-0-usb-strom-4x-usb\/#breadcrumb\",\"itemListElement\":[{\"@type\":\"ListItem\",\"position\":1,\"name\":\"Hem\",\"item\":\"https:\/\/www.heddata.se\/webbutik\/\"},{\"@type\":\"ListItem\",\"position\":2,\"name\":\"Produkter\",\"item\":\"https:\/\/www.heddata.se\/webbutik\/shop\/\"},{\"@type\":\"ListItem\",\"position\":3,\"name\":\"USB-hubb 4-Port USB 2.0 USB str\u00f6m 4x USB\"}]},{\"@type\":\"WebSite\",\"@id\":\"https:\/\/www.heddata.se\/webbutik\/#website\",\"url\":\"https:\/\/www.heddata.se\/webbutik\/\",\"name\":\"Datorer, Skrivare, F\u00e4rgpatroner, Mobiltelefoner\",\"description\":\"Kablar\",\"publisher\":{\"@id\":\"https:\/\/www.heddata.se\/webbutik\/#organization\"},\"potentialAction\":[{\"@type\":\"SearchAction\",\"target\":{\"@type\":\"EntryPoint\",\"urlTemplate\":\"https:\/\/www.heddata.se\/webbutik\/?s={search_term_string}\"},\"query-input\":{\"@type\":\"PropertyValueSpecification\",\"valueRequired\":true,\"valueName\":\"search_term_string\"}}],\"inLanguage\":\"sv-SE\"},{\"@type\":\"Organization\",\"@id\":\"https:\/\/www.heddata.se\/webbutik\/#organization\",\"name\":\"Heddata AB\",\"url\":\"https:\/\/www.heddata.se\/webbutik\/\",\"logo\":{\"@type\":\"ImageObject\",\"inLanguage\":\"sv-SE\",\"@id\":\"https:\/\/www.heddata.se\/webbutik\/#\/schema\/logo\/image\/\",\"url\":\"https:\/\/www.heddata.se\/webbutik\/wp-content\/uploads\/logga\/heddata-ab-logga.png\",\"contentUrl\":\"https:\/\/www.heddata.se\/webbutik\/wp-content\/uploads\/logga\/heddata-ab-logga.png\",\"width\":200,\"height\":64,\"caption\":\"Heddata AB\"},\"image\":{\"@id\":\"https:\/\/www.heddata.se\/webbutik\/#\/schema\/logo\/image\/\"}}]}<\/script>\n<!-- \/ Yoast SEO Premium plugin. -->","yoast_head_json":{"title":"USB-hubb 4-Port USB 2.0 USB str\u00f6m 4x USB ut\u00f6ka antalet portar","description":"USB-hubb 4-Port USB 2.0 4x USB. Switch med 4 portar f\u00f6r anslutning till station\u00e4r eller b\u00e4rbar dator f\u00f6r att ut\u00f6ka antalet USB-portar.","robots":{"index":"index","follow":"follow","max-snippet":"max-snippet:-1","max-image-preview":"max-image-preview:large","max-video-preview":"max-video-preview:-1"},"canonical":"https:\/\/www.heddata.se\/webbutik\/produkt\/usb-hubb-4-port-usb-2-0-usb-strom-4x-usb\/","og_locale":"sv_SE","og_type":"article","og_title":"USB-hubb 4-Port USB 2.0 USB str\u00f6m 4x USB","og_description":"USB-hubb 4-Port USB 2.0 4x USB. Switch med 4 portar f\u00f6r anslutning till station\u00e4r eller b\u00e4rbar dator f\u00f6r att ut\u00f6ka antalet USB-portar.","og_url":"https:\/\/www.heddata.se\/webbutik\/produkt\/usb-hubb-4-port-usb-2-0-usb-strom-4x-usb\/","og_site_name":"Datorer, Skrivare, F\u00e4rgpatroner, Mobiltelefoner","article_modified_time":"2026-04-07T09:05:52+00:00","og_image":[{"width":1200,"height":1200,"url":"https:\/\/www.heddata.se\/webbutik\/wp-content\/uploads\/webbutik\/kategorier\/ovrigt-tillbehor\/uhubu2410bk.jpg","type":"image\/jpeg"}],"twitter_card":"summary_large_image","twitter_misc":{"Ber\u00e4knad l\u00e4stid":"1 minut"},"schema":{"@context":"https:\/\/schema.org","@graph":[{"@type":"WebPage","@id":"https:\/\/www.heddata.se\/webbutik\/produkt\/usb-hubb-4-port-usb-2-0-usb-strom-4x-usb\/","url":"https:\/\/www.heddata.se\/webbutik\/produkt\/usb-hubb-4-port-usb-2-0-usb-strom-4x-usb\/","name":"USB-hubb 4-Port USB 2.0 USB str\u00f6m 4x USB ut\u00f6ka antalet portar","isPartOf":{"@id":"https:\/\/www.heddata.se\/webbutik\/#website"},"primaryImageOfPage":{"@id":"https:\/\/www.heddata.se\/webbutik\/produkt\/usb-hubb-4-port-usb-2-0-usb-strom-4x-usb\/#primaryimage"},"image":{"@id":"https:\/\/www.heddata.se\/webbutik\/produkt\/usb-hubb-4-port-usb-2-0-usb-strom-4x-usb\/#primaryimage"},"thumbnailUrl":"https:\/\/www.heddata.se\/webbutik\/wp-content\/uploads\/webbutik\/kategorier\/ovrigt-tillbehor\/uhubu2410bk.jpg","datePublished":"2021-06-17T09:15:59+00:00","dateModified":"2026-04-07T09:05:52+00:00","description":"USB-hubb 4-Port USB 2.0 4x USB. Switch med 4 portar f\u00f6r anslutning till station\u00e4r eller b\u00e4rbar dator f\u00f6r att ut\u00f6ka antalet USB-portar.","breadcrumb":{"@id":"https:\/\/www.heddata.se\/webbutik\/produkt\/usb-hubb-4-port-usb-2-0-usb-strom-4x-usb\/#breadcrumb"},"inLanguage":"sv-SE","potentialAction":[{"@type":"ReadAction","target":["https:\/\/www.heddata.se\/webbutik\/produkt\/usb-hubb-4-port-usb-2-0-usb-strom-4x-usb\/"]}]},{"@type":"ImageObject","inLanguage":"sv-SE","@id":"https:\/\/www.heddata.se\/webbutik\/produkt\/usb-hubb-4-port-usb-2-0-usb-strom-4x-usb\/#primaryimage","url":"https:\/\/www.heddata.se\/webbutik\/wp-content\/uploads\/webbutik\/kategorier\/ovrigt-tillbehor\/uhubu2410bk.jpg","contentUrl":"https:\/\/www.heddata.se\/webbutik\/wp-content\/uploads\/webbutik\/kategorier\/ovrigt-tillbehor\/uhubu2410bk.jpg","width":1200,"height":1200,"caption":"USB-hubb 4-Port USB 2.0"},{"@type":"BreadcrumbList","@id":"https:\/\/www.heddata.se\/webbutik\/produkt\/usb-hubb-4-port-usb-2-0-usb-strom-4x-usb\/#breadcrumb","itemListElement":[{"@type":"ListItem","position":1,"name":"Hem","item":"https:\/\/www.heddata.se\/webbutik\/"},{"@type":"ListItem","position":2,"name":"Produkter","item":"https:\/\/www.heddata.se\/webbutik\/shop\/"},{"@type":"ListItem","position":3,"name":"USB-hubb 4-Port USB 2.0 USB str\u00f6m 4x USB"}]},{"@type":"WebSite","@id":"https:\/\/www.heddata.se\/webbutik\/#website","url":"https:\/\/www.heddata.se\/webbutik\/","name":"Datorer, Skrivare, F\u00e4rgpatroner, Mobiltelefoner","description":"Kablar","publisher":{"@id":"https:\/\/www.heddata.se\/webbutik\/#organization"},"potentialAction":[{"@type":"SearchAction","target":{"@type":"EntryPoint","urlTemplate":"https:\/\/www.heddata.se\/webbutik\/?s={search_term_string}"},"query-input":{"@type":"PropertyValueSpecification","valueRequired":true,"valueName":"search_term_string"}}],"inLanguage":"sv-SE"},{"@type":"Organization","@id":"https:\/\/www.heddata.se\/webbutik\/#organization","name":"Heddata AB","url":"https:\/\/www.heddata.se\/webbutik\/","logo":{"@type":"ImageObject","inLanguage":"sv-SE","@id":"https:\/\/www.heddata.se\/webbutik\/#\/schema\/logo\/image\/","url":"https:\/\/www.heddata.se\/webbutik\/wp-content\/uploads\/logga\/heddata-ab-logga.png","contentUrl":"https:\/\/www.heddata.se\/webbutik\/wp-content\/uploads\/logga\/heddata-ab-logga.png","width":200,"height":64,"caption":"Heddata AB"},"image":{"@id":"https:\/\/www.heddata.se\/webbutik\/#\/schema\/logo\/image\/"}}]}},"_links":{"self":[{"href":"https:\/\/www.heddata.se\/webbutik\/wp-json\/wp\/v2\/product\/91618","targetHints":{"allow":["GET"]}}],"collection":[{"href":"https:\/\/www.heddata.se\/webbutik\/wp-json\/wp\/v2\/product"}],"about":[{"href":"https:\/\/www.heddata.se\/webbutik\/wp-json\/wp\/v2\/types\/product"}],"wp:featuredmedia":[{"embeddable":true,"href":"https:\/\/www.heddata.se\/webbutik\/wp-json\/wp\/v2\/media\/91619"}],"wp:attachment":[{"href":"https:\/\/www.heddata.se\/webbutik\/wp-json\/wp\/v2\/media?parent=91618"}],"wp:term":[{"taxonomy":"product_brand","embeddable":true,"href":"https:\/\/www.heddata.se\/webbutik\/wp-json\/wp\/v2\/product_brand?post=91618"},{"taxonomy":"product_cat","embeddable":true,"href":"https:\/\/www.heddata.se\/webbutik\/wp-json\/wp\/v2\/product_cat?post=91618"},{"taxonomy":"product_tag","embeddable":true,"href":"https:\/\/www.heddata.se\/webbutik\/wp-json\/wp\/v2\/product_tag?post=91618"}],"curies":[{"name":"wp","href":"https:\/\/api.w.org\/{rel}","templated":true}]}}