{"id":91613,"date":"2021-06-16T17:18:23","date_gmt":"2021-06-16T15:18:23","guid":{"rendered":"https:\/\/www.heddata.se\/webbutik\/?post_type=product&#038;p=91613"},"modified":"2026-04-08T10:08:09","modified_gmt":"2026-04-08T08:08:09","slug":"vaggladdare-1x-2-1-a-antal-utgangar-1-port-typ-usb-a-micro-usb-los-kabel-1-00-m-10-50-w","status":"publish","type":"product","link":"https:\/\/www.heddata.se\/webbutik\/produkt\/vaggladdare-1x-2-1-a-antal-utgangar-1-port-typ-usb-a-micro-usb-los-kabel-1-00-m-10-50-w\/","title":{"rendered":"V\u00e4ggladdare 1x 2.1 A Antal utg\u00e5ngar: 1 Port typ: USB-A Micro USB (L\u00f6s) Kabel 1.00 m 10.50 W"},"content":{"rendered":"<p>V\u00e4ggladdare 1x 2.1 A Antal utg\u00e5ngar: 1 Port typ: USB-A Micro USB (L\u00f6s) Kabel 1.00 m 10.50 W<\/p>\n<div class=\"description\">\n<div class=\"d-flex flex-column\">\n<div class=\"position-relative\">\n<div class=\"\">\n<p class=\"p-0 m-0\">Ladda surfplattor, <a href=\"https:\/\/www.heddata.se\/webbutik\/telefon-surfplattor\/mobiltelefoner\/\">smartphones,<\/a> navigeringssystem, digitalkameror och m\u00e5nga andra USB-enheter med <a href=\"https:\/\/nedis.se\/sv-se\" target=\"_blank\" rel=\"noopener\">Nedis\u00ae<\/a> USB-v\u00e4ggladdare d\u00e4r en USB-C-kabel ing\u00e5r.<br \/>\nMed USB-laddaren kan du ladda enheter utan en station\u00e4r eller en b\u00e4rbar dator. Den omvandlar sp\u00e4nning fr\u00e5n 100 till 240 VAC till 5 VDC och \u00e4r mycket praktisk p\u00e5 kontoret, i hemmet eller under resor.<\/p>\n<\/div>\n<\/div>\n<\/div>\n<\/div>\n<h4 class=\"mt-3\"><strong class=\"d-block\">Egenskaper<\/strong><\/h4>\n<p class=\"m-0\">2.1 A<\/p>\n<p class=\"m-0\">Snabbladdande<\/p>\n<p class=\"m-0\">Micro-USB-kabel ing\u00e5r<\/p>\n<div id=\"package-contents\">\n<div class=\"border-top-md-down py-4 py-md-0\">\n<h4 id=\"package-contents\">Paketet inneh\u00e5ller<\/h4>\n<p>V\u00e4ggladdare<br \/>\nMikro-USB-kablage<br \/>\nSnabbstartsguide<\/p>\n<\/div>\n<\/div>\n<div id=\"information\"><\/div>\n<div class=\"border-top-md-down py-4 py-md-0\">\n<h4 id=\"specifications\">V\u00e4ggladdare 1x 2.1 A produktspecifikationer:<\/h4>\n<p>&nbsp;<\/p>\n<table class=\"table table-dashed-border\">\n<tbody>\n<tr>\n<th scope=\"row\">F\u00e4rg<\/th>\n<td>Svart<\/td>\n<\/tr>\n<tr>\n<th scope=\"row\">N\u00e4tkontakt<\/th>\n<td>Euro \/ Type C (CEE 7\/16)<\/td>\n<\/tr>\n<tr>\n<th scope=\"row\">Antal utg\u00e5ngar<\/th>\n<td>1<\/td>\n<\/tr>\n<tr>\n<th scope=\"row\">Val av utsp\u00e4nning<\/th>\n<td>Single voltage output<\/td>\n<\/tr>\n<tr>\n<th scope=\"row\">Kabeltyp<\/th>\n<td>Micro USB (L\u00f6stagbar)<\/td>\n<\/tr>\n<tr>\n<th scope=\"row\">Utg\u00e5ngskontaktyp<\/th>\n<td>USB<\/td>\n<\/tr>\n<tr>\n<th scope=\"row\">Sp\u00e4nning<\/th>\n<td>100&#8230;240 VAC\/ 50&#8230;60 Hz<\/td>\n<\/tr>\n<tr>\n<th scope=\"row\">utstr\u00f6m<\/th>\n<td>2.1 A<\/td>\n<\/tr>\n<tr>\n<th scope=\"row\">Max utg\u00e5ngsstr\u00f6m per port<\/th>\n<td>2.1 A<\/td>\n<\/tr>\n<tr>\n<th scope=\"row\">Uteffekt<\/th>\n<td>10.5 W<\/td>\n<\/tr>\n<tr>\n<th scope=\"row\">Uttagstyp<\/th>\n<td>USB Type-A<\/td>\n<\/tr>\n<tr>\n<th scope=\"row\">Utg\u00e5ngssp\u00e4nning<\/th>\n<td>5.0 VDC<\/td>\n<\/tr>\n<tr>\n<th scope=\"row\">Sladdl\u00e4ngd<\/th>\n<td>1.00 m<\/td>\n<\/tr>\n<\/tbody>\n<\/table>\n<\/div>\n","protected":false},"excerpt":{"rendered":"<p>V\u00e4ggladdare 1x 2.1 A Antal utg\u00e5ngar: 1 Port typ: USB-A Micro USB (L\u00f6s) Kabel 1.00 m 10.50 W<\/p>\n","protected":false},"featured_media":91617,"template":"","meta":[],"product_brand":[],"product_cat":[118,69,7953,123],"product_tag":[],"class_list":{"0":"post-91613","1":"product","2":"type-product","3":"status-publish","4":"has-post-thumbnail","6":"product_cat-telefonladdare","7":"product_cat-telefontillbehor","8":"product_cat-tillbehor-surfplattor","9":"product_cat-vaggladdare","11":"first","12":"outofstock","13":"taxable","14":"shipping-taxable","15":"product-type-simple"},"yoast_head":"<!-- This site is optimized with the Yoast SEO Premium plugin v26.7 (Yoast SEO v26.7) - https:\/\/yoast.com\/wordpress\/plugins\/seo\/ -->\n<title>V\u00e4ggladdare 1x 2.1 A Antal utg\u00e5ngar: 1 Port typ: USB-A Micro USB<\/title>\n<meta name=\"description\" content=\"V\u00e4ggladdare 1x 2.1 A Antal utg\u00e5ngar: 1. Ladda surfplattor, smartphones, navigeringssystem, digitalkameror och m\u00e5nga andra USB-enheter\" \/>\n<meta name=\"robots\" content=\"index, follow, max-snippet:-1, max-image-preview:large, max-video-preview:-1\" \/>\n<link rel=\"canonical\" href=\"https:\/\/www.heddata.se\/webbutik\/produkt\/vaggladdare-1x-2-1-a-antal-utgangar-1-port-typ-usb-a-micro-usb-los-kabel-1-00-m-10-50-w\/\" \/>\n<meta property=\"og:locale\" content=\"sv_SE\" \/>\n<meta property=\"og:type\" content=\"article\" \/>\n<meta property=\"og:title\" content=\"V\u00e4ggladdare 1x 2.1 A Antal utg\u00e5ngar: 1 Port typ: USB-A Micro USB (L\u00f6s) Kabel 1.00 m 10.50 W\" \/>\n<meta property=\"og:description\" content=\"V\u00e4ggladdare 1x 2.1 A Antal utg\u00e5ngar: 1. Ladda surfplattor, smartphones, navigeringssystem, digitalkameror och m\u00e5nga andra USB-enheter\" \/>\n<meta property=\"og:url\" content=\"https:\/\/www.heddata.se\/webbutik\/produkt\/vaggladdare-1x-2-1-a-antal-utgangar-1-port-typ-usb-a-micro-usb-los-kabel-1-00-m-10-50-w\/\" \/>\n<meta property=\"og:site_name\" content=\"Datorer, Skrivare, F\u00e4rgpatroner, Mobiltelefoner\" \/>\n<meta property=\"article:modified_time\" content=\"2026-04-08T08:08:09+00:00\" \/>\n<meta property=\"og:image\" content=\"https:\/\/www.heddata.se\/webbutik\/wp-content\/uploads\/webbutik\/kategorier\/telefontillbehor\/wcham213abk.jpg\" \/>\n\t<meta property=\"og:image:width\" content=\"1200\" \/>\n\t<meta property=\"og:image:height\" content=\"1200\" \/>\n\t<meta property=\"og:image:type\" content=\"image\/jpeg\" \/>\n<meta name=\"twitter:card\" content=\"summary_large_image\" \/>\n<meta name=\"twitter:label1\" content=\"Ber\u00e4knad l\u00e4stid\" \/>\n\t<meta name=\"twitter:data1\" content=\"1 minut\" \/>\n<script type=\"application\/ld+json\" class=\"yoast-schema-graph\">{\"@context\":\"https:\/\/schema.org\",\"@graph\":[{\"@type\":\"WebPage\",\"@id\":\"https:\/\/www.heddata.se\/webbutik\/produkt\/vaggladdare-1x-2-1-a-antal-utgangar-1-port-typ-usb-a-micro-usb-los-kabel-1-00-m-10-50-w\/\",\"url\":\"https:\/\/www.heddata.se\/webbutik\/produkt\/vaggladdare-1x-2-1-a-antal-utgangar-1-port-typ-usb-a-micro-usb-los-kabel-1-00-m-10-50-w\/\",\"name\":\"V\u00e4ggladdare 1x 2.1 A Antal utg\u00e5ngar: 1 Port typ: USB-A Micro USB\",\"isPartOf\":{\"@id\":\"https:\/\/www.heddata.se\/webbutik\/#website\"},\"primaryImageOfPage\":{\"@id\":\"https:\/\/www.heddata.se\/webbutik\/produkt\/vaggladdare-1x-2-1-a-antal-utgangar-1-port-typ-usb-a-micro-usb-los-kabel-1-00-m-10-50-w\/#primaryimage\"},\"image\":{\"@id\":\"https:\/\/www.heddata.se\/webbutik\/produkt\/vaggladdare-1x-2-1-a-antal-utgangar-1-port-typ-usb-a-micro-usb-los-kabel-1-00-m-10-50-w\/#primaryimage\"},\"thumbnailUrl\":\"https:\/\/www.heddata.se\/webbutik\/wp-content\/uploads\/webbutik\/kategorier\/telefontillbehor\/wcham213abk.jpg\",\"datePublished\":\"2021-06-16T15:18:23+00:00\",\"dateModified\":\"2026-04-08T08:08:09+00:00\",\"description\":\"V\u00e4ggladdare 1x 2.1 A Antal utg\u00e5ngar: 1. Ladda surfplattor, smartphones, navigeringssystem, digitalkameror och m\u00e5nga andra USB-enheter\",\"breadcrumb\":{\"@id\":\"https:\/\/www.heddata.se\/webbutik\/produkt\/vaggladdare-1x-2-1-a-antal-utgangar-1-port-typ-usb-a-micro-usb-los-kabel-1-00-m-10-50-w\/#breadcrumb\"},\"inLanguage\":\"sv-SE\",\"potentialAction\":[{\"@type\":\"ReadAction\",\"target\":[\"https:\/\/www.heddata.se\/webbutik\/produkt\/vaggladdare-1x-2-1-a-antal-utgangar-1-port-typ-usb-a-micro-usb-los-kabel-1-00-m-10-50-w\/\"]}]},{\"@type\":\"ImageObject\",\"inLanguage\":\"sv-SE\",\"@id\":\"https:\/\/www.heddata.se\/webbutik\/produkt\/vaggladdare-1x-2-1-a-antal-utgangar-1-port-typ-usb-a-micro-usb-los-kabel-1-00-m-10-50-w\/#primaryimage\",\"url\":\"https:\/\/www.heddata.se\/webbutik\/wp-content\/uploads\/webbutik\/kategorier\/telefontillbehor\/wcham213abk.jpg\",\"contentUrl\":\"https:\/\/www.heddata.se\/webbutik\/wp-content\/uploads\/webbutik\/kategorier\/telefontillbehor\/wcham213abk.jpg\",\"width\":1200,\"height\":1200,\"caption\":\"V\u00e4ggladdare 1x 2.1 A\"},{\"@type\":\"BreadcrumbList\",\"@id\":\"https:\/\/www.heddata.se\/webbutik\/produkt\/vaggladdare-1x-2-1-a-antal-utgangar-1-port-typ-usb-a-micro-usb-los-kabel-1-00-m-10-50-w\/#breadcrumb\",\"itemListElement\":[{\"@type\":\"ListItem\",\"position\":1,\"name\":\"Hem\",\"item\":\"https:\/\/www.heddata.se\/webbutik\/\"},{\"@type\":\"ListItem\",\"position\":2,\"name\":\"Produkter\",\"item\":\"https:\/\/www.heddata.se\/webbutik\/shop\/\"},{\"@type\":\"ListItem\",\"position\":3,\"name\":\"V\u00e4ggladdare 1x 2.1 A Antal utg\u00e5ngar: 1 Port typ: USB-A Micro USB (L\u00f6s) Kabel 1.00 m 10.50 W\"}]},{\"@type\":\"WebSite\",\"@id\":\"https:\/\/www.heddata.se\/webbutik\/#website\",\"url\":\"https:\/\/www.heddata.se\/webbutik\/\",\"name\":\"Datorer, Skrivare, F\u00e4rgpatroner, Mobiltelefoner\",\"description\":\"Kablar\",\"publisher\":{\"@id\":\"https:\/\/www.heddata.se\/webbutik\/#organization\"},\"potentialAction\":[{\"@type\":\"SearchAction\",\"target\":{\"@type\":\"EntryPoint\",\"urlTemplate\":\"https:\/\/www.heddata.se\/webbutik\/?s={search_term_string}\"},\"query-input\":{\"@type\":\"PropertyValueSpecification\",\"valueRequired\":true,\"valueName\":\"search_term_string\"}}],\"inLanguage\":\"sv-SE\"},{\"@type\":\"Organization\",\"@id\":\"https:\/\/www.heddata.se\/webbutik\/#organization\",\"name\":\"Heddata AB\",\"url\":\"https:\/\/www.heddata.se\/webbutik\/\",\"logo\":{\"@type\":\"ImageObject\",\"inLanguage\":\"sv-SE\",\"@id\":\"https:\/\/www.heddata.se\/webbutik\/#\/schema\/logo\/image\/\",\"url\":\"https:\/\/www.heddata.se\/webbutik\/wp-content\/uploads\/logga\/heddata-ab-logga.png\",\"contentUrl\":\"https:\/\/www.heddata.se\/webbutik\/wp-content\/uploads\/logga\/heddata-ab-logga.png\",\"width\":200,\"height\":64,\"caption\":\"Heddata AB\"},\"image\":{\"@id\":\"https:\/\/www.heddata.se\/webbutik\/#\/schema\/logo\/image\/\"}}]}<\/script>\n<!-- \/ Yoast SEO Premium plugin. -->","yoast_head_json":{"title":"V\u00e4ggladdare 1x 2.1 A Antal utg\u00e5ngar: 1 Port typ: USB-A Micro USB","description":"V\u00e4ggladdare 1x 2.1 A Antal utg\u00e5ngar: 1. Ladda surfplattor, smartphones, navigeringssystem, digitalkameror och m\u00e5nga andra USB-enheter","robots":{"index":"index","follow":"follow","max-snippet":"max-snippet:-1","max-image-preview":"max-image-preview:large","max-video-preview":"max-video-preview:-1"},"canonical":"https:\/\/www.heddata.se\/webbutik\/produkt\/vaggladdare-1x-2-1-a-antal-utgangar-1-port-typ-usb-a-micro-usb-los-kabel-1-00-m-10-50-w\/","og_locale":"sv_SE","og_type":"article","og_title":"V\u00e4ggladdare 1x 2.1 A Antal utg\u00e5ngar: 1 Port typ: USB-A Micro USB (L\u00f6s) Kabel 1.00 m 10.50 W","og_description":"V\u00e4ggladdare 1x 2.1 A Antal utg\u00e5ngar: 1. Ladda surfplattor, smartphones, navigeringssystem, digitalkameror och m\u00e5nga andra USB-enheter","og_url":"https:\/\/www.heddata.se\/webbutik\/produkt\/vaggladdare-1x-2-1-a-antal-utgangar-1-port-typ-usb-a-micro-usb-los-kabel-1-00-m-10-50-w\/","og_site_name":"Datorer, Skrivare, F\u00e4rgpatroner, Mobiltelefoner","article_modified_time":"2026-04-08T08:08:09+00:00","og_image":[{"width":1200,"height":1200,"url":"https:\/\/www.heddata.se\/webbutik\/wp-content\/uploads\/webbutik\/kategorier\/telefontillbehor\/wcham213abk.jpg","type":"image\/jpeg"}],"twitter_card":"summary_large_image","twitter_misc":{"Ber\u00e4knad l\u00e4stid":"1 minut"},"schema":{"@context":"https:\/\/schema.org","@graph":[{"@type":"WebPage","@id":"https:\/\/www.heddata.se\/webbutik\/produkt\/vaggladdare-1x-2-1-a-antal-utgangar-1-port-typ-usb-a-micro-usb-los-kabel-1-00-m-10-50-w\/","url":"https:\/\/www.heddata.se\/webbutik\/produkt\/vaggladdare-1x-2-1-a-antal-utgangar-1-port-typ-usb-a-micro-usb-los-kabel-1-00-m-10-50-w\/","name":"V\u00e4ggladdare 1x 2.1 A Antal utg\u00e5ngar: 1 Port typ: USB-A Micro USB","isPartOf":{"@id":"https:\/\/www.heddata.se\/webbutik\/#website"},"primaryImageOfPage":{"@id":"https:\/\/www.heddata.se\/webbutik\/produkt\/vaggladdare-1x-2-1-a-antal-utgangar-1-port-typ-usb-a-micro-usb-los-kabel-1-00-m-10-50-w\/#primaryimage"},"image":{"@id":"https:\/\/www.heddata.se\/webbutik\/produkt\/vaggladdare-1x-2-1-a-antal-utgangar-1-port-typ-usb-a-micro-usb-los-kabel-1-00-m-10-50-w\/#primaryimage"},"thumbnailUrl":"https:\/\/www.heddata.se\/webbutik\/wp-content\/uploads\/webbutik\/kategorier\/telefontillbehor\/wcham213abk.jpg","datePublished":"2021-06-16T15:18:23+00:00","dateModified":"2026-04-08T08:08:09+00:00","description":"V\u00e4ggladdare 1x 2.1 A Antal utg\u00e5ngar: 1. Ladda surfplattor, smartphones, navigeringssystem, digitalkameror och m\u00e5nga andra USB-enheter","breadcrumb":{"@id":"https:\/\/www.heddata.se\/webbutik\/produkt\/vaggladdare-1x-2-1-a-antal-utgangar-1-port-typ-usb-a-micro-usb-los-kabel-1-00-m-10-50-w\/#breadcrumb"},"inLanguage":"sv-SE","potentialAction":[{"@type":"ReadAction","target":["https:\/\/www.heddata.se\/webbutik\/produkt\/vaggladdare-1x-2-1-a-antal-utgangar-1-port-typ-usb-a-micro-usb-los-kabel-1-00-m-10-50-w\/"]}]},{"@type":"ImageObject","inLanguage":"sv-SE","@id":"https:\/\/www.heddata.se\/webbutik\/produkt\/vaggladdare-1x-2-1-a-antal-utgangar-1-port-typ-usb-a-micro-usb-los-kabel-1-00-m-10-50-w\/#primaryimage","url":"https:\/\/www.heddata.se\/webbutik\/wp-content\/uploads\/webbutik\/kategorier\/telefontillbehor\/wcham213abk.jpg","contentUrl":"https:\/\/www.heddata.se\/webbutik\/wp-content\/uploads\/webbutik\/kategorier\/telefontillbehor\/wcham213abk.jpg","width":1200,"height":1200,"caption":"V\u00e4ggladdare 1x 2.1 A"},{"@type":"BreadcrumbList","@id":"https:\/\/www.heddata.se\/webbutik\/produkt\/vaggladdare-1x-2-1-a-antal-utgangar-1-port-typ-usb-a-micro-usb-los-kabel-1-00-m-10-50-w\/#breadcrumb","itemListElement":[{"@type":"ListItem","position":1,"name":"Hem","item":"https:\/\/www.heddata.se\/webbutik\/"},{"@type":"ListItem","position":2,"name":"Produkter","item":"https:\/\/www.heddata.se\/webbutik\/shop\/"},{"@type":"ListItem","position":3,"name":"V\u00e4ggladdare 1x 2.1 A Antal utg\u00e5ngar: 1 Port typ: USB-A Micro USB (L\u00f6s) Kabel 1.00 m 10.50 W"}]},{"@type":"WebSite","@id":"https:\/\/www.heddata.se\/webbutik\/#website","url":"https:\/\/www.heddata.se\/webbutik\/","name":"Datorer, Skrivare, F\u00e4rgpatroner, Mobiltelefoner","description":"Kablar","publisher":{"@id":"https:\/\/www.heddata.se\/webbutik\/#organization"},"potentialAction":[{"@type":"SearchAction","target":{"@type":"EntryPoint","urlTemplate":"https:\/\/www.heddata.se\/webbutik\/?s={search_term_string}"},"query-input":{"@type":"PropertyValueSpecification","valueRequired":true,"valueName":"search_term_string"}}],"inLanguage":"sv-SE"},{"@type":"Organization","@id":"https:\/\/www.heddata.se\/webbutik\/#organization","name":"Heddata AB","url":"https:\/\/www.heddata.se\/webbutik\/","logo":{"@type":"ImageObject","inLanguage":"sv-SE","@id":"https:\/\/www.heddata.se\/webbutik\/#\/schema\/logo\/image\/","url":"https:\/\/www.heddata.se\/webbutik\/wp-content\/uploads\/logga\/heddata-ab-logga.png","contentUrl":"https:\/\/www.heddata.se\/webbutik\/wp-content\/uploads\/logga\/heddata-ab-logga.png","width":200,"height":64,"caption":"Heddata AB"},"image":{"@id":"https:\/\/www.heddata.se\/webbutik\/#\/schema\/logo\/image\/"}}]}},"_links":{"self":[{"href":"https:\/\/www.heddata.se\/webbutik\/wp-json\/wp\/v2\/product\/91613","targetHints":{"allow":["GET"]}}],"collection":[{"href":"https:\/\/www.heddata.se\/webbutik\/wp-json\/wp\/v2\/product"}],"about":[{"href":"https:\/\/www.heddata.se\/webbutik\/wp-json\/wp\/v2\/types\/product"}],"wp:featuredmedia":[{"embeddable":true,"href":"https:\/\/www.heddata.se\/webbutik\/wp-json\/wp\/v2\/media\/91617"}],"wp:attachment":[{"href":"https:\/\/www.heddata.se\/webbutik\/wp-json\/wp\/v2\/media?parent=91613"}],"wp:term":[{"taxonomy":"product_brand","embeddable":true,"href":"https:\/\/www.heddata.se\/webbutik\/wp-json\/wp\/v2\/product_brand?post=91613"},{"taxonomy":"product_cat","embeddable":true,"href":"https:\/\/www.heddata.se\/webbutik\/wp-json\/wp\/v2\/product_cat?post=91613"},{"taxonomy":"product_tag","embeddable":true,"href":"https:\/\/www.heddata.se\/webbutik\/wp-json\/wp\/v2\/product_tag?post=91613"}],"curies":[{"name":"wp","href":"https:\/\/api.w.org\/{rel}","templated":true}]}}