{"id":91559,"date":"2021-06-02T12:18:07","date_gmt":"2021-06-02T10:18:07","guid":{"rendered":"https:\/\/www.heddata.se\/webbutik\/?post_type=product&#038;p=91559"},"modified":"2026-04-09T10:28:24","modified_gmt":"2026-04-09T08:28:24","slug":"doro-mobiltelefon-1372-graphite","status":"publish","type":"product","link":"https:\/\/www.heddata.se\/webbutik\/produkt\/doro-mobiltelefon-1372-graphite\/","title":{"rendered":"Doro mobiltelefon 1372 Graphite"},"content":{"rendered":"<p>Doro mobiltelefon 1372 Graphite<\/p>\n<p>Doro 1372 \u00e4r en <a href=\"https:\/\/www.heddata.se\/webbutik\/telefon-surfplattor\/mobiltelefoner\/\">kameratelefon<\/a> med dubbla simkort f\u00f6r alla som f\u00f6redrar att skriva och l\u00e4sa sms, och titta p\u00e5 bilder, p\u00e5 en bredare display. Knappsatsens rundade och v\u00e4l separerade knappar g\u00f6r det enklare att sl\u00e5 telefonnummer och skriva sms, och en inbyggd trygghetsknapp g\u00f6r att du kan k\u00e4nna dig s\u00e4ker. F\u00e5 nyheter och underh\u00e5llning genom telefonens FM-radio, och lys upp tillvaron med den praktiska inbyggda ficklampan.<\/p>\n<h4>Egenskaper:<\/h4>\n<p>L\u00e4tt att l\u00e4sa p\u00e5 en bred display<\/p>\n<p>Separerade knappar med h\u00f6g kontrast<\/p>\n<p>Trygghetsknapp f\u00f6r extra s\u00e4kerhet<\/p>\n<p>Snabbvalsknappar<\/p>\n<p>HAC kompatibel tillsammans med h\u00f6rapparat.<\/p>\n<p>Kamerauppl\u00f6sning 3 megapixel<\/p>\n<p>Bordsladdare samt Headset medf\u00f6ljer!<\/p>\n<h4><a href=\"https:\/\/www.doro.com\/sv-se\/\" target=\"_blank\" rel=\"noopener\">Doro<\/a> mobiltelefon 1372 Graphite specifikation:<\/h4>\n<table class=\"data-table\">\n<tbody>\n<tr class=\"odd\">\n<td class=\"spec-name\">Min temperatur vid drift<\/td>\n<td class=\"spec-value\">0 \u00b0C<\/td>\n<\/tr>\n<tr class=\"even\">\n<td class=\"spec-name\">SAR-v\u00e4rde<\/td>\n<td class=\"spec-value\">1,479 W\/kg (kropp), 0,392 W\/kg (huvud)<\/td>\n<\/tr>\n<tr class=\"odd\">\n<td class=\"spec-name\">Kapacitet<\/td>\n<td class=\"spec-value\">1000 mAh<\/td>\n<\/tr>\n<tr class=\"even\">\n<td class=\"spec-name\">Vikt<\/td>\n<td class=\"spec-value\">106 g<\/td>\n<\/tr>\n<tr class=\"odd\">\n<td class=\"spec-name\">Djup<\/td>\n<td class=\"spec-value\">12.6 mm<\/td>\n<\/tr>\n<tr class=\"even\">\n<td class=\"spec-name\">H\u00f6jd<\/td>\n<td class=\"spec-value\">125 mm<\/td>\n<\/tr>\n<tr class=\"odd\">\n<td class=\"spec-name\">Internminneskapacitet<\/td>\n<td class=\"spec-value\">16 MB<\/td>\n<\/tr>\n<tr class=\"even\">\n<td class=\"spec-name\">Diagonal storlek<\/td>\n<td class=\"spec-value\">2.4&#8243;<\/td>\n<\/tr>\n<tr class=\"odd\">\n<td class=\"spec-name\">Bildsk\u00e4rmsuppl\u00f6sning<\/td>\n<td class=\"spec-value\">240&#215;320 pixlar<\/td>\n<\/tr>\n<tr class=\"even\">\n<td class=\"spec-name\">Sensoruppl\u00f6sning<\/td>\n<td class=\"spec-value\">3 megapixlar<\/td>\n<\/tr>\n<tr class=\"odd\">\n<td class=\"spec-name\">Max temperatur vid drift<\/td>\n<td class=\"spec-value\">40 \u00b0C<\/td>\n<\/tr>\n<tr class=\"even\">\n<td class=\"spec-name\">Samtalstid<\/td>\n<td class=\"spec-value\">420 minuter<\/td>\n<\/tr>\n<tr class=\"odd\">\n<td class=\"spec-name\">V\u00e4ntel\u00e4gestid<\/td>\n<td class=\"spec-value\">530 timmar<\/td>\n<\/tr>\n<tr class=\"even\">\n<td class=\"spec-name\">Bredd<\/td>\n<td class=\"spec-value\">61.5 mm<\/td>\n<\/tr>\n<tr class=\"odd\">\n<td class=\"spec-name\">RAM<\/td>\n<td class=\"spec-value\">8 MB<\/td>\n<\/tr>\n<tr class=\"even\">\n<td class=\"spec-name\">2G-band<\/td>\n<td class=\"spec-value\">900 GSM, 1800 GSM, 1900 GSM<\/td>\n<\/tr>\n<tr class=\"odd\">\n<td class=\"spec-name\">Tr\u00e5dl\u00f6st gr\u00e4nssnitt<\/td>\n<td class=\"spec-value\">Bluetooth 3.0<\/td>\n<\/tr>\n<tr class=\"even\">\n<td class=\"spec-name\">Antal SIM-kort<\/td>\n<td class=\"spec-value\">Ett SIM<\/td>\n<\/tr>\n<tr class=\"odd\">\n<td class=\"spec-name\">Antal SIM-kortplatser<\/td>\n<td class=\"spec-value\">Ett SIM<\/td>\n<\/tr>\n<tr class=\"even\">\n<td class=\"spec-name\">Inbyggda komponenter<\/td>\n<td class=\"spec-value\">FM-radio<\/td>\n<\/tr>\n<tr class=\"odd\">\n<td class=\"spec-name\">Data\u00f6verf\u00f6ring<\/td>\n<td class=\"spec-value\">GPRS<\/td>\n<\/tr>\n<tr class=\"even\">\n<td class=\"spec-name\">Teknik<\/td>\n<td class=\"spec-value\">GSM<\/td>\n<\/tr>\n<tr class=\"odd\">\n<td class=\"spec-name\">Inkluderade tillbeh\u00f6r<\/td>\n<td class=\"spec-value\">Headset, dockningsstation f\u00f6r mobiltelefon<\/td>\n<\/tr>\n<tr class=\"even\">\n<td class=\"spec-name\">Telefonfunktioner<\/td>\n<td class=\"spec-value\">H\u00f6gtalartelefon, samtalstimer, konferenssamtal, flygl\u00e4ge, vibrerande larm<\/td>\n<\/tr>\n<tr class=\"odd\">\n<td class=\"spec-name\">Serviceleverant\u00f6r<\/td>\n<td class=\"spec-value\">Inte specificerad<\/td>\n<\/tr>\n<tr class=\"even\">\n<td class=\"spec-name\">Typ<\/td>\n<td class=\"spec-value\">LCD-sk\u00e4rm<\/td>\n<\/tr>\n<tr class=\"odd\">\n<td class=\"spec-name\">Ljusk\u00e4lla<\/td>\n<td class=\"spec-value\">LED-lampa<\/td>\n<\/tr>\n<tr class=\"even\">\n<td class=\"spec-name\">Teknik<\/td>\n<td class=\"spec-value\">Litiumjon<\/td>\n<\/tr>\n<tr class=\"odd\">\n<td class=\"spec-name\">Flash-minneskort som st\u00f6ds<\/td>\n<td class=\"spec-value\">MicroSD<\/td>\n<\/tr>\n<tr class=\"even\">\n<td class=\"spec-name\">SIM-korttyp<\/td>\n<td class=\"spec-value\">Mikro-SIM<\/td>\n<\/tr>\n<tr class=\"odd\">\n<td class=\"spec-name\">Typ av produkt<\/td>\n<td class=\"spec-value\">Mobiltelefon<\/td>\n<\/tr>\n<tr class=\"even\">\n<td class=\"spec-name\">Formfaktor<\/td>\n<td class=\"spec-value\">Monoblock<\/td>\n<\/tr>\n<tr class=\"odd\">\n<td class=\"spec-name\">Meddelandetj\u00e4nster<\/td>\n<td class=\"spec-value\">SMS, MMS<\/td>\n<\/tr>\n<tr class=\"even\">\n<td class=\"spec-name\">F\u00e4rg<\/td>\n<td class=\"spec-value\">Svart<\/td>\n<\/tr>\n<tr class=\"odd\">\n<td class=\"spec-name\">Runtime-detaljer<\/td>\n<td class=\"spec-value\">Tala: upp till 420 min \u00a6 V\u00e4ntel\u00e4ge: upp till 530 timmar<\/td>\n<\/tr>\n<tr class=\"even\">\n<td class=\"spec-name\">Teknik<\/td>\n<td class=\"spec-value\">TFT<\/td>\n<\/tr>\n<tr class=\"odd\">\n<td class=\"spec-name\">Anslutningstyp<\/td>\n<td class=\"spec-value\">Utg\u00e5ng f\u00f6r headset &#8211; minih\u00f6rlurskontakt 3,5 mm<\/td>\n<\/tr>\n<\/tbody>\n<\/table>\n","protected":false},"excerpt":{"rendered":"<p>Doro mobiltelefon 1372 Graphite<\/p>\n","protected":false},"featured_media":91561,"template":"","meta":[],"product_brand":[],"product_cat":[6010,103,63],"product_tag":[],"class_list":{"0":"post-91559","1":"product","2":"type-product","3":"status-publish","4":"has-post-thumbnail","6":"product_cat-mobiltelefon-knapp","7":"product_cat-telefoner","8":"product_cat-telefoner-surfplattor","10":"first","11":"outofstock","12":"taxable","13":"shipping-taxable","14":"product-type-simple"},"yoast_head":"<!-- This site is optimized with the Yoast SEO Premium plugin v26.7 (Yoast SEO v26.7) - https:\/\/yoast.com\/wordpress\/plugins\/seo\/ -->\n<title>Doro mobiltelefon 1372 Graphite, enkel telefon med stora knappar o sk\u00e4rm<\/title>\n<meta name=\"description\" content=\"Doro mobiltelefon 1372 Graphite, enkel telefon med stora knappar och sk\u00e4rm, kameratelefon p\u00e5 3 megapixel, med dubbla simkort\" \/>\n<meta name=\"robots\" content=\"index, follow, max-snippet:-1, max-image-preview:large, max-video-preview:-1\" \/>\n<link rel=\"canonical\" href=\"https:\/\/www.heddata.se\/webbutik\/produkt\/doro-mobiltelefon-1372-graphite\/\" \/>\n<meta property=\"og:locale\" content=\"sv_SE\" \/>\n<meta property=\"og:type\" content=\"article\" \/>\n<meta property=\"og:title\" content=\"Doro mobiltelefon 1372 Graphite\" \/>\n<meta property=\"og:description\" content=\"Doro mobiltelefon 1372 Graphite, enkel telefon med stora knappar och sk\u00e4rm, kameratelefon p\u00e5 3 megapixel, med dubbla simkort\" \/>\n<meta property=\"og:url\" content=\"https:\/\/www.heddata.se\/webbutik\/produkt\/doro-mobiltelefon-1372-graphite\/\" \/>\n<meta property=\"og:site_name\" content=\"Datorer, Skrivare, F\u00e4rgpatroner, Mobiltelefoner\" \/>\n<meta property=\"article:modified_time\" content=\"2026-04-09T08:28:24+00:00\" \/>\n<meta property=\"og:image\" content=\"https:\/\/www.heddata.se\/webbutik\/wp-content\/uploads\/webbutik\/kategorier\/mobiltelefoner-surfplattor\/7569.jpeg\" \/>\n\t<meta property=\"og:image:width\" content=\"480\" \/>\n\t<meta property=\"og:image:height\" content=\"480\" \/>\n\t<meta property=\"og:image:type\" content=\"image\/jpeg\" \/>\n<meta name=\"twitter:card\" content=\"summary_large_image\" \/>\n<meta name=\"twitter:label1\" content=\"Ber\u00e4knad l\u00e4stid\" \/>\n\t<meta name=\"twitter:data1\" content=\"1 minut\" \/>\n<script type=\"application\/ld+json\" class=\"yoast-schema-graph\">{\"@context\":\"https:\/\/schema.org\",\"@graph\":[{\"@type\":\"WebPage\",\"@id\":\"https:\/\/www.heddata.se\/webbutik\/produkt\/doro-mobiltelefon-1372-graphite\/\",\"url\":\"https:\/\/www.heddata.se\/webbutik\/produkt\/doro-mobiltelefon-1372-graphite\/\",\"name\":\"Doro mobiltelefon 1372 Graphite, enkel telefon med stora knappar o sk\u00e4rm\",\"isPartOf\":{\"@id\":\"https:\/\/www.heddata.se\/webbutik\/#website\"},\"primaryImageOfPage\":{\"@id\":\"https:\/\/www.heddata.se\/webbutik\/produkt\/doro-mobiltelefon-1372-graphite\/#primaryimage\"},\"image\":{\"@id\":\"https:\/\/www.heddata.se\/webbutik\/produkt\/doro-mobiltelefon-1372-graphite\/#primaryimage\"},\"thumbnailUrl\":\"https:\/\/www.heddata.se\/webbutik\/wp-content\/uploads\/webbutik\/kategorier\/mobiltelefoner-surfplattor\/7569.jpeg\",\"datePublished\":\"2021-06-02T10:18:07+00:00\",\"dateModified\":\"2026-04-09T08:28:24+00:00\",\"description\":\"Doro mobiltelefon 1372 Graphite, enkel telefon med stora knappar och sk\u00e4rm, kameratelefon p\u00e5 3 megapixel, med dubbla simkort\",\"breadcrumb\":{\"@id\":\"https:\/\/www.heddata.se\/webbutik\/produkt\/doro-mobiltelefon-1372-graphite\/#breadcrumb\"},\"inLanguage\":\"sv-SE\",\"potentialAction\":[{\"@type\":\"ReadAction\",\"target\":[\"https:\/\/www.heddata.se\/webbutik\/produkt\/doro-mobiltelefon-1372-graphite\/\"]}]},{\"@type\":\"ImageObject\",\"inLanguage\":\"sv-SE\",\"@id\":\"https:\/\/www.heddata.se\/webbutik\/produkt\/doro-mobiltelefon-1372-graphite\/#primaryimage\",\"url\":\"https:\/\/www.heddata.se\/webbutik\/wp-content\/uploads\/webbutik\/kategorier\/mobiltelefoner-surfplattor\/7569.jpeg\",\"contentUrl\":\"https:\/\/www.heddata.se\/webbutik\/wp-content\/uploads\/webbutik\/kategorier\/mobiltelefoner-surfplattor\/7569.jpeg\",\"width\":480,\"height\":480,\"caption\":\"Doro mobiltelefon 1372 Graphite\"},{\"@type\":\"BreadcrumbList\",\"@id\":\"https:\/\/www.heddata.se\/webbutik\/produkt\/doro-mobiltelefon-1372-graphite\/#breadcrumb\",\"itemListElement\":[{\"@type\":\"ListItem\",\"position\":1,\"name\":\"Hem\",\"item\":\"https:\/\/www.heddata.se\/webbutik\/\"},{\"@type\":\"ListItem\",\"position\":2,\"name\":\"Produkter\",\"item\":\"https:\/\/www.heddata.se\/webbutik\/shop\/\"},{\"@type\":\"ListItem\",\"position\":3,\"name\":\"Doro mobiltelefon 1372 Graphite\"}]},{\"@type\":\"WebSite\",\"@id\":\"https:\/\/www.heddata.se\/webbutik\/#website\",\"url\":\"https:\/\/www.heddata.se\/webbutik\/\",\"name\":\"Datorer, Skrivare, F\u00e4rgpatroner, Mobiltelefoner\",\"description\":\"Kablar\",\"publisher\":{\"@id\":\"https:\/\/www.heddata.se\/webbutik\/#organization\"},\"potentialAction\":[{\"@type\":\"SearchAction\",\"target\":{\"@type\":\"EntryPoint\",\"urlTemplate\":\"https:\/\/www.heddata.se\/webbutik\/?s={search_term_string}\"},\"query-input\":{\"@type\":\"PropertyValueSpecification\",\"valueRequired\":true,\"valueName\":\"search_term_string\"}}],\"inLanguage\":\"sv-SE\"},{\"@type\":\"Organization\",\"@id\":\"https:\/\/www.heddata.se\/webbutik\/#organization\",\"name\":\"Heddata AB\",\"url\":\"https:\/\/www.heddata.se\/webbutik\/\",\"logo\":{\"@type\":\"ImageObject\",\"inLanguage\":\"sv-SE\",\"@id\":\"https:\/\/www.heddata.se\/webbutik\/#\/schema\/logo\/image\/\",\"url\":\"https:\/\/www.heddata.se\/webbutik\/wp-content\/uploads\/logga\/heddata-ab-logga.png\",\"contentUrl\":\"https:\/\/www.heddata.se\/webbutik\/wp-content\/uploads\/logga\/heddata-ab-logga.png\",\"width\":200,\"height\":64,\"caption\":\"Heddata AB\"},\"image\":{\"@id\":\"https:\/\/www.heddata.se\/webbutik\/#\/schema\/logo\/image\/\"}}]}<\/script>\n<!-- \/ Yoast SEO Premium plugin. -->","yoast_head_json":{"title":"Doro mobiltelefon 1372 Graphite, enkel telefon med stora knappar o sk\u00e4rm","description":"Doro mobiltelefon 1372 Graphite, enkel telefon med stora knappar och sk\u00e4rm, kameratelefon p\u00e5 3 megapixel, med dubbla simkort","robots":{"index":"index","follow":"follow","max-snippet":"max-snippet:-1","max-image-preview":"max-image-preview:large","max-video-preview":"max-video-preview:-1"},"canonical":"https:\/\/www.heddata.se\/webbutik\/produkt\/doro-mobiltelefon-1372-graphite\/","og_locale":"sv_SE","og_type":"article","og_title":"Doro mobiltelefon 1372 Graphite","og_description":"Doro mobiltelefon 1372 Graphite, enkel telefon med stora knappar och sk\u00e4rm, kameratelefon p\u00e5 3 megapixel, med dubbla simkort","og_url":"https:\/\/www.heddata.se\/webbutik\/produkt\/doro-mobiltelefon-1372-graphite\/","og_site_name":"Datorer, Skrivare, F\u00e4rgpatroner, Mobiltelefoner","article_modified_time":"2026-04-09T08:28:24+00:00","og_image":[{"width":480,"height":480,"url":"https:\/\/www.heddata.se\/webbutik\/wp-content\/uploads\/webbutik\/kategorier\/mobiltelefoner-surfplattor\/7569.jpeg","type":"image\/jpeg"}],"twitter_card":"summary_large_image","twitter_misc":{"Ber\u00e4knad l\u00e4stid":"1 minut"},"schema":{"@context":"https:\/\/schema.org","@graph":[{"@type":"WebPage","@id":"https:\/\/www.heddata.se\/webbutik\/produkt\/doro-mobiltelefon-1372-graphite\/","url":"https:\/\/www.heddata.se\/webbutik\/produkt\/doro-mobiltelefon-1372-graphite\/","name":"Doro mobiltelefon 1372 Graphite, enkel telefon med stora knappar o sk\u00e4rm","isPartOf":{"@id":"https:\/\/www.heddata.se\/webbutik\/#website"},"primaryImageOfPage":{"@id":"https:\/\/www.heddata.se\/webbutik\/produkt\/doro-mobiltelefon-1372-graphite\/#primaryimage"},"image":{"@id":"https:\/\/www.heddata.se\/webbutik\/produkt\/doro-mobiltelefon-1372-graphite\/#primaryimage"},"thumbnailUrl":"https:\/\/www.heddata.se\/webbutik\/wp-content\/uploads\/webbutik\/kategorier\/mobiltelefoner-surfplattor\/7569.jpeg","datePublished":"2021-06-02T10:18:07+00:00","dateModified":"2026-04-09T08:28:24+00:00","description":"Doro mobiltelefon 1372 Graphite, enkel telefon med stora knappar och sk\u00e4rm, kameratelefon p\u00e5 3 megapixel, med dubbla simkort","breadcrumb":{"@id":"https:\/\/www.heddata.se\/webbutik\/produkt\/doro-mobiltelefon-1372-graphite\/#breadcrumb"},"inLanguage":"sv-SE","potentialAction":[{"@type":"ReadAction","target":["https:\/\/www.heddata.se\/webbutik\/produkt\/doro-mobiltelefon-1372-graphite\/"]}]},{"@type":"ImageObject","inLanguage":"sv-SE","@id":"https:\/\/www.heddata.se\/webbutik\/produkt\/doro-mobiltelefon-1372-graphite\/#primaryimage","url":"https:\/\/www.heddata.se\/webbutik\/wp-content\/uploads\/webbutik\/kategorier\/mobiltelefoner-surfplattor\/7569.jpeg","contentUrl":"https:\/\/www.heddata.se\/webbutik\/wp-content\/uploads\/webbutik\/kategorier\/mobiltelefoner-surfplattor\/7569.jpeg","width":480,"height":480,"caption":"Doro mobiltelefon 1372 Graphite"},{"@type":"BreadcrumbList","@id":"https:\/\/www.heddata.se\/webbutik\/produkt\/doro-mobiltelefon-1372-graphite\/#breadcrumb","itemListElement":[{"@type":"ListItem","position":1,"name":"Hem","item":"https:\/\/www.heddata.se\/webbutik\/"},{"@type":"ListItem","position":2,"name":"Produkter","item":"https:\/\/www.heddata.se\/webbutik\/shop\/"},{"@type":"ListItem","position":3,"name":"Doro mobiltelefon 1372 Graphite"}]},{"@type":"WebSite","@id":"https:\/\/www.heddata.se\/webbutik\/#website","url":"https:\/\/www.heddata.se\/webbutik\/","name":"Datorer, Skrivare, F\u00e4rgpatroner, Mobiltelefoner","description":"Kablar","publisher":{"@id":"https:\/\/www.heddata.se\/webbutik\/#organization"},"potentialAction":[{"@type":"SearchAction","target":{"@type":"EntryPoint","urlTemplate":"https:\/\/www.heddata.se\/webbutik\/?s={search_term_string}"},"query-input":{"@type":"PropertyValueSpecification","valueRequired":true,"valueName":"search_term_string"}}],"inLanguage":"sv-SE"},{"@type":"Organization","@id":"https:\/\/www.heddata.se\/webbutik\/#organization","name":"Heddata AB","url":"https:\/\/www.heddata.se\/webbutik\/","logo":{"@type":"ImageObject","inLanguage":"sv-SE","@id":"https:\/\/www.heddata.se\/webbutik\/#\/schema\/logo\/image\/","url":"https:\/\/www.heddata.se\/webbutik\/wp-content\/uploads\/logga\/heddata-ab-logga.png","contentUrl":"https:\/\/www.heddata.se\/webbutik\/wp-content\/uploads\/logga\/heddata-ab-logga.png","width":200,"height":64,"caption":"Heddata AB"},"image":{"@id":"https:\/\/www.heddata.se\/webbutik\/#\/schema\/logo\/image\/"}}]}},"_links":{"self":[{"href":"https:\/\/www.heddata.se\/webbutik\/wp-json\/wp\/v2\/product\/91559","targetHints":{"allow":["GET"]}}],"collection":[{"href":"https:\/\/www.heddata.se\/webbutik\/wp-json\/wp\/v2\/product"}],"about":[{"href":"https:\/\/www.heddata.se\/webbutik\/wp-json\/wp\/v2\/types\/product"}],"wp:featuredmedia":[{"embeddable":true,"href":"https:\/\/www.heddata.se\/webbutik\/wp-json\/wp\/v2\/media\/91561"}],"wp:attachment":[{"href":"https:\/\/www.heddata.se\/webbutik\/wp-json\/wp\/v2\/media?parent=91559"}],"wp:term":[{"taxonomy":"product_brand","embeddable":true,"href":"https:\/\/www.heddata.se\/webbutik\/wp-json\/wp\/v2\/product_brand?post=91559"},{"taxonomy":"product_cat","embeddable":true,"href":"https:\/\/www.heddata.se\/webbutik\/wp-json\/wp\/v2\/product_cat?post=91559"},{"taxonomy":"product_tag","embeddable":true,"href":"https:\/\/www.heddata.se\/webbutik\/wp-json\/wp\/v2\/product_tag?post=91559"}],"curies":[{"name":"wp","href":"https:\/\/api.w.org\/{rel}","templated":true}]}}