{"id":91489,"date":"2021-05-18T11:18:37","date_gmt":"2021-05-18T09:18:37","guid":{"rendered":"https:\/\/www.heddata.se\/webbutik\/?post_type=product&#038;p=91489"},"modified":"2026-04-10T13:12:29","modified_gmt":"2026-04-10T11:12:29","slug":"tradlos-router-tl-wr841n-tp-link-300mbps-wireless-n-router","status":"publish","type":"product","link":"https:\/\/www.heddata.se\/webbutik\/produkt\/tradlos-router-tl-wr841n-tp-link-300mbps-wireless-n-router\/","title":{"rendered":"Tr\u00e5dl\u00f6s router TL-WR841N TP-Link 300Mbps Wireless N-Router"},"content":{"rendered":"<p>Tr\u00e5dl\u00f6s router TL-WR841N TP-Link 300Mbps Wireless N-Router<\/p>\n<h4><b>Tr\u00e5dl\u00f6s router TL-WR841N TP-Link beskrivning:<\/b><\/h4>\n<p><b>300Mbps Wireless N Router<\/b><\/p>\n<p>300Mbps wireless speed ideal for interruption sensitive applications like HD video streaming<br \/>\nTwo antennas greatly increase the wireless robustness and stability<br \/>\nEasy wireless security encryption at a push of WPS button<br \/>\nIP based bandwidth control allows administrators to determine how much bandwidth is allotted to each PC<br \/>\nCompatible with IPv6 -the more recent Internet Protocol version<br \/>\nTP-LINK Tether App allows quick installation and easy management using any mobile device<\/p>\n<p><b>What This Product Does<\/b><\/p>\n<p>300Mbps Wireless N Router <a href=\"https:\/\/www.tp-link.com\/se\/\" target=\"_blank\" rel=\"noopener\">TL-WR841ND<\/a> is a combined wired\/wireless network connection device designed specifically for small business and home office networking requirements. TL-WR841ND\u2019s exceptional and advanced wireless performance make it ideal for streaming HD video, making VoIP and online gaming. Also, WPS button on the sleek and fashionable exterior ensures WPA2 encryptions, preventing the network from outside intrusions.<\/p>\n<p><b>Wireless N Speed &amp; Range<\/b><\/p>\n<p>Complying with the IEEE 802.11n standard, TL-WR841N can establish a wireless network and get up to 15X the speed and 5X the range of conventional 11g products. Also, with transmission rates up to 300Mbps.<\/p>\n<p><b>Better <a href=\"https:\/\/www.heddata.se\/webbutik\/tradlos-router\/\">Wireless<\/a> Performance<\/b><\/p>\n<p>It shows more excellent abilities of mitigating data loss over long distances and through obstacles in a small office or a large apartment, even in a steel-and-concrete building. Above all, you could easily pick up the wireless network during long-distance connection where legacy 11g products may not! Which also means, the router has the speed to work smoothly with almost any bandwidth intensive application including VoIP, HD streaming, or online gaming, without the lag.<\/p>\n<div><\/div>\n<h4><b>Specifikationer:<\/b><\/h4>\n<div>\n<table border=\"0\" cellspacing=\"0\" cellpadding=\"0\">\n<tbody>\n<tr>\n<td>Produktstorlek (B x D x H)<\/td>\n<td>200 x 140 x 28<\/td>\n<\/tr>\n<tr>\n<td>Weight (kg)<\/td>\n<td>700<\/td>\n<\/tr>\n<tr>\n<td>Anslutningsteknologi<\/td>\n<td>Wireless<\/td>\n<\/tr>\n<tr>\n<td>Frekvensomf\u00e5ng<\/td>\n<td>2.4 &#8211; 2.4835 GHz<\/td>\n<\/tr>\n<tr>\n<td>Maximal \u00f6verf\u00f6ringshastighet<\/td>\n<td>300<\/td>\n<\/tr>\n<tr>\n<td>Tr\u00e5dl\u00f6st n\u00e4tverk<\/td>\n<td>Ja<\/td>\n<\/tr>\n<tr>\n<td>Antalet Ethernet (RJ-45) anslutningar<\/td>\n<td>4<\/td>\n<\/tr>\n<tr>\n<td>Brandv\u00e4ggss\u00e4kerhet<\/td>\n<td>DoS, DDoS, NAT<\/td>\n<\/tr>\n<tr>\n<td>Kryptering\/s\u00e4kerhet<\/td>\n<td>SSID, 64\/128\/152-bit WEP, WPA<\/td>\n<\/tr>\n<tr>\n<td>MAC adressfiltrering<\/td>\n<td>Ja<\/td>\n<\/tr>\n<tr>\n<td>Tr\u00e5dl\u00f6s universell Plug &amp; Play<\/td>\n<td>Ja<\/td>\n<\/tr>\n<tr>\n<td>Kommunikationsstandarder<\/td>\n<td>IEEE 802.11n(Draft 2.0), IEEE 802.11g, IEEE 802.11b<\/td>\n<\/tr>\n<tr>\n<td>WAN Port<\/td>\n<td>RJ-45<\/td>\n<\/tr>\n<tr>\n<td>Ethernet LAN data transfer rates<\/td>\n<td>10,100<\/td>\n<\/tr>\n<\/tbody>\n<\/table>\n<\/div>\n","protected":false},"excerpt":{"rendered":"<p>Tr\u00e5dl\u00f6s router TL-WR841N TP-Link 300Mbps Wireless N-Router<\/p>\n","protected":false},"featured_media":91493,"template":"","meta":[],"product_brand":[],"product_cat":[70,8973,8974],"product_tag":[],"class_list":{"0":"post-91489","1":"product","2":"type-product","3":"status-publish","4":"has-post-thumbnail","6":"product_cat-natverk","7":"product_cat-router","8":"product_cat-tradlos","10":"first","11":"outofstock","12":"taxable","13":"shipping-taxable","14":"purchasable","15":"product-type-simple"},"yoast_head":"<!-- This site is optimized with the Yoast SEO Premium plugin v26.7 (Yoast SEO v26.7) - https:\/\/yoast.com\/wordpress\/plugins\/seo\/ -->\n<title>Tr\u00e5dl\u00f6s router TL-WR841N TP-Link 300Mbps Wireless N-Router<\/title>\n<meta name=\"description\" content=\"Tr\u00e5dl\u00f6s router TL-WR841N TP-Link 300Mbps Wireless N-Router \u00e4r en kombinerad tr\u00e5dbunden \/ tr\u00e5dl\u00f6s n\u00e4tverksanslutningsenhet\" \/>\n<meta name=\"robots\" content=\"index, follow, max-snippet:-1, max-image-preview:large, max-video-preview:-1\" \/>\n<link rel=\"canonical\" href=\"https:\/\/www.heddata.se\/webbutik\/produkt\/tradlos-router-tl-wr841n-tp-link-300mbps-wireless-n-router\/\" \/>\n<meta property=\"og:locale\" content=\"sv_SE\" \/>\n<meta property=\"og:type\" content=\"article\" \/>\n<meta property=\"og:title\" content=\"Tr\u00e5dl\u00f6s router TL-WR841N TP-Link 300Mbps Wireless N-Router\" \/>\n<meta property=\"og:description\" content=\"Tr\u00e5dl\u00f6s router TL-WR841N TP-Link 300Mbps Wireless N-Router \u00e4r en kombinerad tr\u00e5dbunden \/ tr\u00e5dl\u00f6s n\u00e4tverksanslutningsenhet\" \/>\n<meta property=\"og:url\" content=\"https:\/\/www.heddata.se\/webbutik\/produkt\/tradlos-router-tl-wr841n-tp-link-300mbps-wireless-n-router\/\" \/>\n<meta property=\"og:site_name\" content=\"Datorer, Skrivare, F\u00e4rgpatroner, Mobiltelefoner\" \/>\n<meta property=\"article:modified_time\" content=\"2026-04-10T11:12:29+00:00\" \/>\n<meta property=\"og:image\" content=\"https:\/\/www.heddata.se\/webbutik\/wp-content\/uploads\/webbutik\/kategorier\/natvark\/tl-wr841n.jpg\" \/>\n\t<meta property=\"og:image:width\" content=\"450\" \/>\n\t<meta property=\"og:image:height\" content=\"450\" \/>\n\t<meta property=\"og:image:type\" content=\"image\/jpeg\" \/>\n<meta name=\"twitter:card\" content=\"summary_large_image\" \/>\n<meta name=\"twitter:label1\" content=\"Ber\u00e4knad l\u00e4stid\" \/>\n\t<meta name=\"twitter:data1\" content=\"2 minuter\" \/>\n<script type=\"application\/ld+json\" class=\"yoast-schema-graph\">{\"@context\":\"https:\/\/schema.org\",\"@graph\":[{\"@type\":\"WebPage\",\"@id\":\"https:\/\/www.heddata.se\/webbutik\/produkt\/tradlos-router-tl-wr841n-tp-link-300mbps-wireless-n-router\/\",\"url\":\"https:\/\/www.heddata.se\/webbutik\/produkt\/tradlos-router-tl-wr841n-tp-link-300mbps-wireless-n-router\/\",\"name\":\"Tr\u00e5dl\u00f6s router TL-WR841N TP-Link 300Mbps Wireless N-Router\",\"isPartOf\":{\"@id\":\"https:\/\/www.heddata.se\/webbutik\/#website\"},\"primaryImageOfPage\":{\"@id\":\"https:\/\/www.heddata.se\/webbutik\/produkt\/tradlos-router-tl-wr841n-tp-link-300mbps-wireless-n-router\/#primaryimage\"},\"image\":{\"@id\":\"https:\/\/www.heddata.se\/webbutik\/produkt\/tradlos-router-tl-wr841n-tp-link-300mbps-wireless-n-router\/#primaryimage\"},\"thumbnailUrl\":\"https:\/\/www.heddata.se\/webbutik\/wp-content\/uploads\/webbutik\/kategorier\/natvark\/tl-wr841n.jpg\",\"datePublished\":\"2021-05-18T09:18:37+00:00\",\"dateModified\":\"2026-04-10T11:12:29+00:00\",\"description\":\"Tr\u00e5dl\u00f6s router TL-WR841N TP-Link 300Mbps Wireless N-Router \u00e4r en kombinerad tr\u00e5dbunden \/ tr\u00e5dl\u00f6s n\u00e4tverksanslutningsenhet\",\"breadcrumb\":{\"@id\":\"https:\/\/www.heddata.se\/webbutik\/produkt\/tradlos-router-tl-wr841n-tp-link-300mbps-wireless-n-router\/#breadcrumb\"},\"inLanguage\":\"sv-SE\",\"potentialAction\":[{\"@type\":\"ReadAction\",\"target\":[\"https:\/\/www.heddata.se\/webbutik\/produkt\/tradlos-router-tl-wr841n-tp-link-300mbps-wireless-n-router\/\"]}]},{\"@type\":\"ImageObject\",\"inLanguage\":\"sv-SE\",\"@id\":\"https:\/\/www.heddata.se\/webbutik\/produkt\/tradlos-router-tl-wr841n-tp-link-300mbps-wireless-n-router\/#primaryimage\",\"url\":\"https:\/\/www.heddata.se\/webbutik\/wp-content\/uploads\/webbutik\/kategorier\/natvark\/tl-wr841n.jpg\",\"contentUrl\":\"https:\/\/www.heddata.se\/webbutik\/wp-content\/uploads\/webbutik\/kategorier\/natvark\/tl-wr841n.jpg\",\"width\":450,\"height\":450,\"caption\":\"Tr\u00e5dl\u00f6s router TL-WR841N TP-Link\"},{\"@type\":\"BreadcrumbList\",\"@id\":\"https:\/\/www.heddata.se\/webbutik\/produkt\/tradlos-router-tl-wr841n-tp-link-300mbps-wireless-n-router\/#breadcrumb\",\"itemListElement\":[{\"@type\":\"ListItem\",\"position\":1,\"name\":\"Hem\",\"item\":\"https:\/\/www.heddata.se\/webbutik\/\"},{\"@type\":\"ListItem\",\"position\":2,\"name\":\"Produkter\",\"item\":\"https:\/\/www.heddata.se\/webbutik\/shop\/\"},{\"@type\":\"ListItem\",\"position\":3,\"name\":\"Tr\u00e5dl\u00f6s router TL-WR841N TP-Link 300Mbps Wireless N-Router\"}]},{\"@type\":\"WebSite\",\"@id\":\"https:\/\/www.heddata.se\/webbutik\/#website\",\"url\":\"https:\/\/www.heddata.se\/webbutik\/\",\"name\":\"Datorer, Skrivare, F\u00e4rgpatroner, Mobiltelefoner\",\"description\":\"Kablar\",\"publisher\":{\"@id\":\"https:\/\/www.heddata.se\/webbutik\/#organization\"},\"potentialAction\":[{\"@type\":\"SearchAction\",\"target\":{\"@type\":\"EntryPoint\",\"urlTemplate\":\"https:\/\/www.heddata.se\/webbutik\/?s={search_term_string}\"},\"query-input\":{\"@type\":\"PropertyValueSpecification\",\"valueRequired\":true,\"valueName\":\"search_term_string\"}}],\"inLanguage\":\"sv-SE\"},{\"@type\":\"Organization\",\"@id\":\"https:\/\/www.heddata.se\/webbutik\/#organization\",\"name\":\"Heddata AB\",\"url\":\"https:\/\/www.heddata.se\/webbutik\/\",\"logo\":{\"@type\":\"ImageObject\",\"inLanguage\":\"sv-SE\",\"@id\":\"https:\/\/www.heddata.se\/webbutik\/#\/schema\/logo\/image\/\",\"url\":\"https:\/\/www.heddata.se\/webbutik\/wp-content\/uploads\/logga\/heddata-ab-logga.png\",\"contentUrl\":\"https:\/\/www.heddata.se\/webbutik\/wp-content\/uploads\/logga\/heddata-ab-logga.png\",\"width\":200,\"height\":64,\"caption\":\"Heddata AB\"},\"image\":{\"@id\":\"https:\/\/www.heddata.se\/webbutik\/#\/schema\/logo\/image\/\"}}]}<\/script>\n<!-- \/ Yoast SEO Premium plugin. -->","yoast_head_json":{"title":"Tr\u00e5dl\u00f6s router TL-WR841N TP-Link 300Mbps Wireless N-Router","description":"Tr\u00e5dl\u00f6s router TL-WR841N TP-Link 300Mbps Wireless N-Router \u00e4r en kombinerad tr\u00e5dbunden \/ tr\u00e5dl\u00f6s n\u00e4tverksanslutningsenhet","robots":{"index":"index","follow":"follow","max-snippet":"max-snippet:-1","max-image-preview":"max-image-preview:large","max-video-preview":"max-video-preview:-1"},"canonical":"https:\/\/www.heddata.se\/webbutik\/produkt\/tradlos-router-tl-wr841n-tp-link-300mbps-wireless-n-router\/","og_locale":"sv_SE","og_type":"article","og_title":"Tr\u00e5dl\u00f6s router TL-WR841N TP-Link 300Mbps Wireless N-Router","og_description":"Tr\u00e5dl\u00f6s router TL-WR841N TP-Link 300Mbps Wireless N-Router \u00e4r en kombinerad tr\u00e5dbunden \/ tr\u00e5dl\u00f6s n\u00e4tverksanslutningsenhet","og_url":"https:\/\/www.heddata.se\/webbutik\/produkt\/tradlos-router-tl-wr841n-tp-link-300mbps-wireless-n-router\/","og_site_name":"Datorer, Skrivare, F\u00e4rgpatroner, Mobiltelefoner","article_modified_time":"2026-04-10T11:12:29+00:00","og_image":[{"width":450,"height":450,"url":"https:\/\/www.heddata.se\/webbutik\/wp-content\/uploads\/webbutik\/kategorier\/natvark\/tl-wr841n.jpg","type":"image\/jpeg"}],"twitter_card":"summary_large_image","twitter_misc":{"Ber\u00e4knad l\u00e4stid":"2 minuter"},"schema":{"@context":"https:\/\/schema.org","@graph":[{"@type":"WebPage","@id":"https:\/\/www.heddata.se\/webbutik\/produkt\/tradlos-router-tl-wr841n-tp-link-300mbps-wireless-n-router\/","url":"https:\/\/www.heddata.se\/webbutik\/produkt\/tradlos-router-tl-wr841n-tp-link-300mbps-wireless-n-router\/","name":"Tr\u00e5dl\u00f6s router TL-WR841N TP-Link 300Mbps Wireless N-Router","isPartOf":{"@id":"https:\/\/www.heddata.se\/webbutik\/#website"},"primaryImageOfPage":{"@id":"https:\/\/www.heddata.se\/webbutik\/produkt\/tradlos-router-tl-wr841n-tp-link-300mbps-wireless-n-router\/#primaryimage"},"image":{"@id":"https:\/\/www.heddata.se\/webbutik\/produkt\/tradlos-router-tl-wr841n-tp-link-300mbps-wireless-n-router\/#primaryimage"},"thumbnailUrl":"https:\/\/www.heddata.se\/webbutik\/wp-content\/uploads\/webbutik\/kategorier\/natvark\/tl-wr841n.jpg","datePublished":"2021-05-18T09:18:37+00:00","dateModified":"2026-04-10T11:12:29+00:00","description":"Tr\u00e5dl\u00f6s router TL-WR841N TP-Link 300Mbps Wireless N-Router \u00e4r en kombinerad tr\u00e5dbunden \/ tr\u00e5dl\u00f6s n\u00e4tverksanslutningsenhet","breadcrumb":{"@id":"https:\/\/www.heddata.se\/webbutik\/produkt\/tradlos-router-tl-wr841n-tp-link-300mbps-wireless-n-router\/#breadcrumb"},"inLanguage":"sv-SE","potentialAction":[{"@type":"ReadAction","target":["https:\/\/www.heddata.se\/webbutik\/produkt\/tradlos-router-tl-wr841n-tp-link-300mbps-wireless-n-router\/"]}]},{"@type":"ImageObject","inLanguage":"sv-SE","@id":"https:\/\/www.heddata.se\/webbutik\/produkt\/tradlos-router-tl-wr841n-tp-link-300mbps-wireless-n-router\/#primaryimage","url":"https:\/\/www.heddata.se\/webbutik\/wp-content\/uploads\/webbutik\/kategorier\/natvark\/tl-wr841n.jpg","contentUrl":"https:\/\/www.heddata.se\/webbutik\/wp-content\/uploads\/webbutik\/kategorier\/natvark\/tl-wr841n.jpg","width":450,"height":450,"caption":"Tr\u00e5dl\u00f6s router TL-WR841N TP-Link"},{"@type":"BreadcrumbList","@id":"https:\/\/www.heddata.se\/webbutik\/produkt\/tradlos-router-tl-wr841n-tp-link-300mbps-wireless-n-router\/#breadcrumb","itemListElement":[{"@type":"ListItem","position":1,"name":"Hem","item":"https:\/\/www.heddata.se\/webbutik\/"},{"@type":"ListItem","position":2,"name":"Produkter","item":"https:\/\/www.heddata.se\/webbutik\/shop\/"},{"@type":"ListItem","position":3,"name":"Tr\u00e5dl\u00f6s router TL-WR841N TP-Link 300Mbps Wireless N-Router"}]},{"@type":"WebSite","@id":"https:\/\/www.heddata.se\/webbutik\/#website","url":"https:\/\/www.heddata.se\/webbutik\/","name":"Datorer, Skrivare, F\u00e4rgpatroner, Mobiltelefoner","description":"Kablar","publisher":{"@id":"https:\/\/www.heddata.se\/webbutik\/#organization"},"potentialAction":[{"@type":"SearchAction","target":{"@type":"EntryPoint","urlTemplate":"https:\/\/www.heddata.se\/webbutik\/?s={search_term_string}"},"query-input":{"@type":"PropertyValueSpecification","valueRequired":true,"valueName":"search_term_string"}}],"inLanguage":"sv-SE"},{"@type":"Organization","@id":"https:\/\/www.heddata.se\/webbutik\/#organization","name":"Heddata AB","url":"https:\/\/www.heddata.se\/webbutik\/","logo":{"@type":"ImageObject","inLanguage":"sv-SE","@id":"https:\/\/www.heddata.se\/webbutik\/#\/schema\/logo\/image\/","url":"https:\/\/www.heddata.se\/webbutik\/wp-content\/uploads\/logga\/heddata-ab-logga.png","contentUrl":"https:\/\/www.heddata.se\/webbutik\/wp-content\/uploads\/logga\/heddata-ab-logga.png","width":200,"height":64,"caption":"Heddata AB"},"image":{"@id":"https:\/\/www.heddata.se\/webbutik\/#\/schema\/logo\/image\/"}}]}},"_links":{"self":[{"href":"https:\/\/www.heddata.se\/webbutik\/wp-json\/wp\/v2\/product\/91489","targetHints":{"allow":["GET"]}}],"collection":[{"href":"https:\/\/www.heddata.se\/webbutik\/wp-json\/wp\/v2\/product"}],"about":[{"href":"https:\/\/www.heddata.se\/webbutik\/wp-json\/wp\/v2\/types\/product"}],"wp:featuredmedia":[{"embeddable":true,"href":"https:\/\/www.heddata.se\/webbutik\/wp-json\/wp\/v2\/media\/91493"}],"wp:attachment":[{"href":"https:\/\/www.heddata.se\/webbutik\/wp-json\/wp\/v2\/media?parent=91489"}],"wp:term":[{"taxonomy":"product_brand","embeddable":true,"href":"https:\/\/www.heddata.se\/webbutik\/wp-json\/wp\/v2\/product_brand?post=91489"},{"taxonomy":"product_cat","embeddable":true,"href":"https:\/\/www.heddata.se\/webbutik\/wp-json\/wp\/v2\/product_cat?post=91489"},{"taxonomy":"product_tag","embeddable":true,"href":"https:\/\/www.heddata.se\/webbutik\/wp-json\/wp\/v2\/product_tag?post=91489"}],"curies":[{"name":"wp","href":"https:\/\/api.w.org\/{rel}","templated":true}]}}