{"id":91436,"date":"2021-05-03T16:18:07","date_gmt":"2021-05-03T14:18:07","guid":{"rendered":"https:\/\/www.heddata.se\/webbutik\/?post_type=product&#038;p=91436"},"modified":"2026-04-08T10:18:35","modified_gmt":"2026-04-08T08:18:35","slug":"datorvaska-hp-15-6-business-top-load","status":"publish","type":"product","link":"https:\/\/www.heddata.se\/webbutik\/produkt\/datorvaska-hp-15-6-business-top-load\/","title":{"rendered":"Datorv\u00e4ska HP 15.6 Business Top Load"},"content":{"rendered":"<p>Datorv\u00e4ska HP 15.6 Business Top Load<\/p>\n<p class=\"pim-text mt-15\" data-v-30a0228b=\"\" data-v-977cc974=\"\">When a notebook PC is your companion in and out of the office, you need a case you can trust to keep it safe. The <a href=\"https:\/\/www8.hp.com\/se\/sv\/home.html\" target=\"_blank\" rel=\"noopener\">HP<\/a> 15.6 Business Top Load is ready for action with lockable zippers, a secure RFID pocket, and plenty of room for your <a href=\"https:\/\/www.heddata.se\/webbutik\/datorer\/\">device<\/a> up to 15.6&#8243; diagonal and everyday essentials.<\/p>\n<p class=\"pim-text mt-15\" data-v-30a0228b=\"\" data-v-977cc974=\"\"><b>Secure inside and out<\/b>\u00a0Put a buffer between your personal information and electronic pickpockets with an RFID pocket that helps protect the data encoded on credit cards and passports. Deter tampering and access to your notebook with double-coil, lockable1 zippers.<\/p>\n<p class=\"pim-text mt-15\" data-v-30a0228b=\"\" data-v-977cc974=\"\"><b>Clutter-free carryall<\/b>\u00a0Pack it all in and stay organized with a dedicated, padded notebook compartment and several slip and zip pockets for all your accessories.<\/p>\n<p class=\"pim-text mt-15\" data-v-30a0228b=\"\" data-v-977cc974=\"\"><b>Comfort is key<\/b>\u00a0Wear the bag across your chest and keep your hands free, or carry by hand with the double handles. Commuting and traveling are easier than ever with a luggage pass-through that fits over the handle of most rolling suitcases.<\/p>\n<p data-v-30a0228b=\"\" data-v-977cc974=\"\">Datorv\u00e4ska HP 15.6 Business:<\/p>\n<div data-v-977cc974=\"\">\n<h3 class=\"xs:text-14 md:text-16 font-medium py-15\" data-v-977cc974=\"\">Features<\/h3>\n<div class=\"flex xs:flex-col mb-10 md:flex-row text-13\" data-v-977cc974=\"\">\n<h4 class=\"xs:w-full md:w-1\/5 xs:px-20 pt-20 md:p-10 md:mr-10 font-semi-bold bg-gray-300\" data-v-977cc974=\"\">Brand compatibility<\/h4>\n<div class=\"w-auto flex-1 xs:px-20 pt-5 pb-20 md:p-10 bg-gray-300\" data-v-977cc974=\"\">\n<p data-v-977cc974=\"\">HP<\/p>\n<\/div>\n<\/div>\n<div class=\"flex xs:flex-col mb-10 md:flex-row text-13\" data-v-977cc974=\"\">\n<h4 class=\"xs:w-full md:w-1\/5 xs:px-20 pt-20 md:p-10 md:mr-10 font-semi-bold bg-gray-300\" data-v-977cc974=\"\">Carrying handle(s)<\/h4>\n<div class=\"w-auto flex-1 xs:px-20 pt-5 pb-20 md:p-10 bg-gray-300\" data-v-977cc974=\"\">\n<p data-v-977cc974=\"\">Y<\/p>\n<\/div>\n<\/div>\n<div class=\"flex xs:flex-col mb-10 md:flex-row text-13\" data-v-977cc974=\"\">\n<h4 class=\"xs:w-full md:w-1\/5 xs:px-20 pt-20 md:p-10 md:mr-10 font-semi-bold bg-gray-300\" data-v-977cc974=\"\">Case type<\/h4>\n<div class=\"w-auto flex-1 xs:px-20 pt-5 pb-20 md:p-10 bg-gray-300\" data-v-977cc974=\"\">\n<p data-v-977cc974=\"\">Briefcase<\/p>\n<\/div>\n<\/div>\n<div class=\"flex xs:flex-col mb-10 md:flex-row text-13\" data-v-977cc974=\"\">\n<h4 class=\"xs:w-full md:w-1\/5 xs:px-20 pt-20 md:p-10 md:mr-10 font-semi-bold bg-gray-300\" data-v-977cc974=\"\">Country of origin<\/h4>\n<div class=\"w-auto flex-1 xs:px-20 pt-5 pb-20 md:p-10 bg-gray-300\" data-v-977cc974=\"\">\n<p data-v-977cc974=\"\">China<\/p>\n<\/div>\n<\/div>\n<div class=\"flex xs:flex-col mb-10 md:flex-row text-13\" data-v-977cc974=\"\">\n<h4 class=\"xs:w-full md:w-1\/5 xs:px-20 pt-20 md:p-10 md:mr-10 font-semi-bold bg-gray-300\" data-v-977cc974=\"\">HP segment<\/h4>\n<div class=\"w-auto flex-1 xs:px-20 pt-5 pb-20 md:p-10 bg-gray-300\" data-v-977cc974=\"\">\n<p data-v-977cc974=\"\">Business<\/p>\n<\/div>\n<\/div>\n<div class=\"flex xs:flex-col mb-10 md:flex-row text-13\" data-v-977cc974=\"\">\n<h4 class=\"xs:w-full md:w-1\/5 xs:px-20 pt-20 md:p-10 md:mr-10 font-semi-bold bg-gray-300\" data-v-977cc974=\"\">Maximum screen size<\/h4>\n<div class=\"w-auto flex-1 xs:px-20 pt-5 pb-20 md:p-10 bg-gray-300\" data-v-977cc974=\"\">\n<p data-v-977cc974=\"\">15,6 &#8221;<\/p>\n<\/div>\n<\/div>\n<div class=\"flex xs:flex-col mb-10 md:flex-row text-13\" data-v-977cc974=\"\">\n<h4 class=\"xs:w-full md:w-1\/5 xs:px-20 pt-20 md:p-10 md:mr-10 font-semi-bold bg-gray-300\" data-v-977cc974=\"\">Product colour<\/h4>\n<div class=\"w-auto flex-1 xs:px-20 pt-5 pb-20 md:p-10 bg-gray-300\" data-v-977cc974=\"\">\n<p data-v-977cc974=\"\">Black<\/p>\n<\/div>\n<\/div>\n<div class=\"flex xs:flex-col mb-10 md:flex-row text-13\" data-v-977cc974=\"\">\n<h4 class=\"xs:w-full md:w-1\/5 xs:px-20 pt-20 md:p-10 md:mr-10 font-semi-bold bg-gray-300\" data-v-977cc974=\"\">Product main colour<\/h4>\n<div class=\"w-auto flex-1 xs:px-20 pt-5 pb-20 md:p-10 bg-gray-300\" data-v-977cc974=\"\">\n<p data-v-977cc974=\"\">Black<\/p>\n<\/div>\n<\/div>\n<div class=\"flex xs:flex-col mb-10 md:flex-row text-13\" data-v-977cc974=\"\">\n<h4 class=\"xs:w-full md:w-1\/5 xs:px-20 pt-20 md:p-10 md:mr-10 font-semi-bold bg-gray-300\" data-v-977cc974=\"\">Shoulder strap<\/h4>\n<div class=\"w-auto flex-1 xs:px-20 pt-5 pb-20 md:p-10 bg-gray-300\" data-v-977cc974=\"\">\n<p data-v-977cc974=\"\">Y<\/p>\n<\/div>\n<\/div>\n<div class=\"flex xs:flex-col mb-10 md:flex-row text-13\" data-v-977cc974=\"\">\n<h4 class=\"xs:w-full md:w-1\/5 xs:px-20 pt-20 md:p-10 md:mr-10 font-semi-bold bg-gray-300\" data-v-977cc974=\"\">Surface coloration<\/h4>\n<div class=\"w-auto flex-1 xs:px-20 pt-5 pb-20 md:p-10 bg-gray-300\" data-v-977cc974=\"\">\n<p data-v-977cc974=\"\">Monotone<\/p>\n<\/div>\n<\/div>\n<\/div>\n<div data-v-977cc974=\"\">\n<h3 class=\"xs:text-14 md:text-16 font-medium py-15\" data-v-977cc974=\"\">Other features<\/h3>\n<div class=\"flex xs:flex-col mb-10 md:flex-row text-13\" data-v-977cc974=\"\">\n<h4 class=\"xs:w-full md:w-1\/5 xs:px-20 pt-20 md:p-10 md:mr-10 font-semi-bold bg-gray-300\" data-v-977cc974=\"\">Handle(s)<\/h4>\n<div class=\"w-auto flex-1 xs:px-20 pt-5 pb-20 md:p-10 bg-gray-300\" data-v-977cc974=\"\">\n<p data-v-977cc974=\"\">Y<\/p>\n<\/div>\n<\/div>\n<\/div>\n<div data-v-977cc974=\"\">\n<h3 class=\"xs:text-14 md:text-16 font-medium py-15\" data-v-977cc974=\"\">Package dimensions<\/h3>\n<div class=\"flex xs:flex-col mb-10 md:flex-row text-13\" data-v-977cc974=\"\">\n<h4 class=\"xs:w-full md:w-1\/5 xs:px-20 pt-20 md:p-10 md:mr-10 font-semi-bold bg-gray-300\" data-v-977cc974=\"\">Depth<\/h4>\n<div class=\"w-auto flex-1 xs:px-20 pt-5 pb-20 md:p-10 bg-gray-300\" data-v-977cc974=\"\">\n<p data-v-977cc974=\"\">30 cm<\/p>\n<\/div>\n<\/div>\n<div class=\"flex xs:flex-col mb-10 md:flex-row text-13\" data-v-977cc974=\"\">\n<h4 class=\"xs:w-full md:w-1\/5 xs:px-20 pt-20 md:p-10 md:mr-10 font-semi-bold bg-gray-300\" data-v-977cc974=\"\">Gross Weight<\/h4>\n<div class=\"w-auto flex-1 xs:px-20 pt-5 pb-20 md:p-10 bg-gray-300\" data-v-977cc974=\"\">\n<p data-v-977cc974=\"\">0,85 kg<\/p>\n<\/div>\n<\/div>\n<div class=\"flex xs:flex-col mb-10 md:flex-row text-13\" data-v-977cc974=\"\">\n<h4 class=\"xs:w-full md:w-1\/5 xs:px-20 pt-20 md:p-10 md:mr-10 font-semi-bold bg-gray-300\" data-v-977cc974=\"\">Height<\/h4>\n<div class=\"w-auto flex-1 xs:px-20 pt-5 pb-20 md:p-10 bg-gray-300\" data-v-977cc974=\"\">\n<p data-v-977cc974=\"\">9,7 cm<\/p>\n<\/div>\n<\/div>\n<div class=\"flex xs:flex-col mb-10 md:flex-row text-13\" data-v-977cc974=\"\">\n<h4 class=\"xs:w-full md:w-1\/5 xs:px-20 pt-20 md:p-10 md:mr-10 font-semi-bold bg-gray-300\" data-v-977cc974=\"\">Width<\/h4>\n<div class=\"w-auto flex-1 xs:px-20 pt-5 pb-20 md:p-10 bg-gray-300\" data-v-977cc974=\"\">\n<p data-v-977cc974=\"\">43 cm<\/p>\n<\/div>\n<\/div>\n<\/div>\n<div data-v-977cc974=\"\">\n<h3 class=\"xs:text-14 md:text-16 font-medium py-15\" data-v-977cc974=\"\">Product dimensions<\/h3>\n<div class=\"flex xs:flex-col mb-10 md:flex-row text-13\" data-v-977cc974=\"\">\n<h4 class=\"xs:w-full md:w-1\/5 xs:px-20 pt-20 md:p-10 md:mr-10 font-semi-bold bg-gray-300\" data-v-977cc974=\"\">Depth (product,cm)<\/h4>\n<div class=\"w-auto flex-1 xs:px-20 pt-5 pb-20 md:p-10 bg-gray-300\" data-v-977cc974=\"\">\n<p data-v-977cc974=\"\">29,5 cm<\/p>\n<\/div>\n<\/div>\n<div class=\"flex xs:flex-col mb-10 md:flex-row text-13\" data-v-977cc974=\"\">\n<h4 class=\"xs:w-full md:w-1\/5 xs:px-20 pt-20 md:p-10 md:mr-10 font-semi-bold bg-gray-300\" data-v-977cc974=\"\">Height (product,cm)<\/h4>\n<div class=\"w-auto flex-1 xs:px-20 pt-5 pb-20 md:p-10 bg-gray-300\" data-v-977cc974=\"\">\n<p data-v-977cc974=\"\">6 cm<\/p>\n<\/div>\n<\/div>\n<div class=\"flex xs:flex-col mb-10 md:flex-row text-13\" data-v-977cc974=\"\">\n<h4 class=\"xs:w-full md:w-1\/5 xs:px-20 pt-20 md:p-10 md:mr-10 font-semi-bold bg-gray-300\" data-v-977cc974=\"\">Net Weight (Product, kg)<\/h4>\n<div class=\"w-auto flex-1 xs:px-20 pt-5 pb-20 md:p-10 bg-gray-300\" data-v-977cc974=\"\">\n<p data-v-977cc974=\"\">0,85 kg<\/p>\n<\/div>\n<\/div>\n<div class=\"flex xs:flex-col mb-10 md:flex-row text-13\" data-v-977cc974=\"\">\n<h4 class=\"xs:w-full md:w-1\/5 xs:px-20 pt-20 md:p-10 md:mr-10 font-semi-bold bg-gray-300\" data-v-977cc974=\"\">Width (product,cm)<\/h4>\n<div class=\"w-auto flex-1 xs:px-20 pt-5 pb-20 md:p-10 bg-gray-300\" data-v-977cc974=\"\">\n<p data-v-977cc974=\"\">41,5 cm<\/p>\n<\/div>\n<\/div>\n<\/div>\n<div data-v-977cc974=\"\">\n<h3 class=\"xs:text-14 md:text-16 font-medium py-15\" data-v-977cc974=\"\">Vendor information<\/h3>\n<div class=\"flex xs:flex-col mb-10 md:flex-row text-13\" data-v-977cc974=\"\">\n<h4 class=\"xs:w-full md:w-1\/5 xs:px-20 pt-20 md:p-10 md:mr-10 font-semi-bold bg-gray-300\" data-v-977cc974=\"\">Brand Name<\/h4>\n<div class=\"w-auto flex-1 xs:px-20 pt-5 pb-20 md:p-10 bg-gray-300\" data-v-977cc974=\"\">\n<p data-v-977cc974=\"\">HP<\/p>\n<\/div>\n<\/div>\n<\/div>\n","protected":false},"excerpt":{"rendered":"<p>Datorv\u00e4ska HP 15.6 Business Top Load<\/p>\n","protected":false},"featured_media":91439,"template":"","meta":[],"product_brand":[],"product_cat":[65,3366],"product_tag":[],"class_list":{"0":"post-91436","1":"product","2":"type-product","3":"status-publish","4":"has-post-thumbnail","6":"product_cat-datorer-tillbehor","7":"product_cat-ovrigt-datortillbehor","9":"first","10":"outofstock","11":"taxable","12":"shipping-taxable","13":"product-type-simple"},"yoast_head":"<!-- This site is optimized with the Yoast SEO Premium plugin v26.7 (Yoast SEO v26.7) - https:\/\/yoast.com\/wordpress\/plugins\/seo\/ -->\n<title>Datorv\u00e4ska HP 15.6 Business Top Load redo f\u00f6r action med l\u00e5sbara fickor<\/title>\n<meta name=\"description\" content=\"Datorv\u00e4ska HP 15.6 Business Top Load \u00e4r redo f\u00f6r action med l\u00e5sbara blixtl\u00e5s, en s\u00e4ker RFID-ficka, gott om plats f\u00f6r din enhet upp till 15,6&quot;\" \/>\n<meta name=\"robots\" content=\"index, follow, max-snippet:-1, max-image-preview:large, max-video-preview:-1\" \/>\n<link rel=\"canonical\" href=\"https:\/\/www.heddata.se\/webbutik\/produkt\/datorvaska-hp-15-6-business-top-load\/\" \/>\n<meta property=\"og:locale\" content=\"sv_SE\" \/>\n<meta property=\"og:type\" content=\"article\" \/>\n<meta property=\"og:title\" content=\"Datorv\u00e4ska HP 15.6 Business Top Load\" \/>\n<meta property=\"og:description\" content=\"Datorv\u00e4ska HP 15.6 Business Top Load \u00e4r redo f\u00f6r action med l\u00e5sbara blixtl\u00e5s, en s\u00e4ker RFID-ficka, gott om plats f\u00f6r din enhet upp till 15,6&quot;\" \/>\n<meta property=\"og:url\" content=\"https:\/\/www.heddata.se\/webbutik\/produkt\/datorvaska-hp-15-6-business-top-load\/\" \/>\n<meta property=\"og:site_name\" content=\"Datorer, Skrivare, F\u00e4rgpatroner, Mobiltelefoner\" \/>\n<meta property=\"article:modified_time\" content=\"2026-04-08T08:18:35+00:00\" \/>\n<meta property=\"og:image\" content=\"https:\/\/www.heddata.se\/webbutik\/wp-content\/uploads\/webbutik\/kategorier\/ovrigt-tillbehor\/2sc66aa.jpg\" \/>\n\t<meta property=\"og:image:width\" content=\"700\" \/>\n\t<meta property=\"og:image:height\" content=\"700\" \/>\n\t<meta property=\"og:image:type\" content=\"image\/jpeg\" \/>\n<meta name=\"twitter:card\" content=\"summary_large_image\" \/>\n<meta name=\"twitter:label1\" content=\"Ber\u00e4knad l\u00e4stid\" \/>\n\t<meta name=\"twitter:data1\" content=\"1 minut\" \/>\n<script type=\"application\/ld+json\" class=\"yoast-schema-graph\">{\"@context\":\"https:\/\/schema.org\",\"@graph\":[{\"@type\":\"WebPage\",\"@id\":\"https:\/\/www.heddata.se\/webbutik\/produkt\/datorvaska-hp-15-6-business-top-load\/\",\"url\":\"https:\/\/www.heddata.se\/webbutik\/produkt\/datorvaska-hp-15-6-business-top-load\/\",\"name\":\"Datorv\u00e4ska HP 15.6 Business Top Load redo f\u00f6r action med l\u00e5sbara fickor\",\"isPartOf\":{\"@id\":\"https:\/\/www.heddata.se\/webbutik\/#website\"},\"primaryImageOfPage\":{\"@id\":\"https:\/\/www.heddata.se\/webbutik\/produkt\/datorvaska-hp-15-6-business-top-load\/#primaryimage\"},\"image\":{\"@id\":\"https:\/\/www.heddata.se\/webbutik\/produkt\/datorvaska-hp-15-6-business-top-load\/#primaryimage\"},\"thumbnailUrl\":\"https:\/\/www.heddata.se\/webbutik\/wp-content\/uploads\/webbutik\/kategorier\/ovrigt-tillbehor\/2sc66aa.jpg\",\"datePublished\":\"2021-05-03T14:18:07+00:00\",\"dateModified\":\"2026-04-08T08:18:35+00:00\",\"description\":\"Datorv\u00e4ska HP 15.6 Business Top Load \u00e4r redo f\u00f6r action med l\u00e5sbara blixtl\u00e5s, en s\u00e4ker RFID-ficka, gott om plats f\u00f6r din enhet upp till 15,6\\\"\",\"breadcrumb\":{\"@id\":\"https:\/\/www.heddata.se\/webbutik\/produkt\/datorvaska-hp-15-6-business-top-load\/#breadcrumb\"},\"inLanguage\":\"sv-SE\",\"potentialAction\":[{\"@type\":\"ReadAction\",\"target\":[\"https:\/\/www.heddata.se\/webbutik\/produkt\/datorvaska-hp-15-6-business-top-load\/\"]}]},{\"@type\":\"ImageObject\",\"inLanguage\":\"sv-SE\",\"@id\":\"https:\/\/www.heddata.se\/webbutik\/produkt\/datorvaska-hp-15-6-business-top-load\/#primaryimage\",\"url\":\"https:\/\/www.heddata.se\/webbutik\/wp-content\/uploads\/webbutik\/kategorier\/ovrigt-tillbehor\/2sc66aa.jpg\",\"contentUrl\":\"https:\/\/www.heddata.se\/webbutik\/wp-content\/uploads\/webbutik\/kategorier\/ovrigt-tillbehor\/2sc66aa.jpg\",\"width\":700,\"height\":700,\"caption\":\"Datorv\u00e4ska HP 15.6 Business\"},{\"@type\":\"BreadcrumbList\",\"@id\":\"https:\/\/www.heddata.se\/webbutik\/produkt\/datorvaska-hp-15-6-business-top-load\/#breadcrumb\",\"itemListElement\":[{\"@type\":\"ListItem\",\"position\":1,\"name\":\"Hem\",\"item\":\"https:\/\/www.heddata.se\/webbutik\/\"},{\"@type\":\"ListItem\",\"position\":2,\"name\":\"Produkter\",\"item\":\"https:\/\/www.heddata.se\/webbutik\/shop\/\"},{\"@type\":\"ListItem\",\"position\":3,\"name\":\"Datorv\u00e4ska HP 15.6 Business Top Load\"}]},{\"@type\":\"WebSite\",\"@id\":\"https:\/\/www.heddata.se\/webbutik\/#website\",\"url\":\"https:\/\/www.heddata.se\/webbutik\/\",\"name\":\"Datorer, Skrivare, F\u00e4rgpatroner, Mobiltelefoner\",\"description\":\"Kablar\",\"publisher\":{\"@id\":\"https:\/\/www.heddata.se\/webbutik\/#organization\"},\"potentialAction\":[{\"@type\":\"SearchAction\",\"target\":{\"@type\":\"EntryPoint\",\"urlTemplate\":\"https:\/\/www.heddata.se\/webbutik\/?s={search_term_string}\"},\"query-input\":{\"@type\":\"PropertyValueSpecification\",\"valueRequired\":true,\"valueName\":\"search_term_string\"}}],\"inLanguage\":\"sv-SE\"},{\"@type\":\"Organization\",\"@id\":\"https:\/\/www.heddata.se\/webbutik\/#organization\",\"name\":\"Heddata AB\",\"url\":\"https:\/\/www.heddata.se\/webbutik\/\",\"logo\":{\"@type\":\"ImageObject\",\"inLanguage\":\"sv-SE\",\"@id\":\"https:\/\/www.heddata.se\/webbutik\/#\/schema\/logo\/image\/\",\"url\":\"https:\/\/www.heddata.se\/webbutik\/wp-content\/uploads\/logga\/heddata-ab-logga.png\",\"contentUrl\":\"https:\/\/www.heddata.se\/webbutik\/wp-content\/uploads\/logga\/heddata-ab-logga.png\",\"width\":200,\"height\":64,\"caption\":\"Heddata AB\"},\"image\":{\"@id\":\"https:\/\/www.heddata.se\/webbutik\/#\/schema\/logo\/image\/\"}}]}<\/script>\n<!-- \/ Yoast SEO Premium plugin. -->","yoast_head_json":{"title":"Datorv\u00e4ska HP 15.6 Business Top Load redo f\u00f6r action med l\u00e5sbara fickor","description":"Datorv\u00e4ska HP 15.6 Business Top Load \u00e4r redo f\u00f6r action med l\u00e5sbara blixtl\u00e5s, en s\u00e4ker RFID-ficka, gott om plats f\u00f6r din enhet upp till 15,6\"","robots":{"index":"index","follow":"follow","max-snippet":"max-snippet:-1","max-image-preview":"max-image-preview:large","max-video-preview":"max-video-preview:-1"},"canonical":"https:\/\/www.heddata.se\/webbutik\/produkt\/datorvaska-hp-15-6-business-top-load\/","og_locale":"sv_SE","og_type":"article","og_title":"Datorv\u00e4ska HP 15.6 Business Top Load","og_description":"Datorv\u00e4ska HP 15.6 Business Top Load \u00e4r redo f\u00f6r action med l\u00e5sbara blixtl\u00e5s, en s\u00e4ker RFID-ficka, gott om plats f\u00f6r din enhet upp till 15,6\"","og_url":"https:\/\/www.heddata.se\/webbutik\/produkt\/datorvaska-hp-15-6-business-top-load\/","og_site_name":"Datorer, Skrivare, F\u00e4rgpatroner, Mobiltelefoner","article_modified_time":"2026-04-08T08:18:35+00:00","og_image":[{"width":700,"height":700,"url":"https:\/\/www.heddata.se\/webbutik\/wp-content\/uploads\/webbutik\/kategorier\/ovrigt-tillbehor\/2sc66aa.jpg","type":"image\/jpeg"}],"twitter_card":"summary_large_image","twitter_misc":{"Ber\u00e4knad l\u00e4stid":"1 minut"},"schema":{"@context":"https:\/\/schema.org","@graph":[{"@type":"WebPage","@id":"https:\/\/www.heddata.se\/webbutik\/produkt\/datorvaska-hp-15-6-business-top-load\/","url":"https:\/\/www.heddata.se\/webbutik\/produkt\/datorvaska-hp-15-6-business-top-load\/","name":"Datorv\u00e4ska HP 15.6 Business Top Load redo f\u00f6r action med l\u00e5sbara fickor","isPartOf":{"@id":"https:\/\/www.heddata.se\/webbutik\/#website"},"primaryImageOfPage":{"@id":"https:\/\/www.heddata.se\/webbutik\/produkt\/datorvaska-hp-15-6-business-top-load\/#primaryimage"},"image":{"@id":"https:\/\/www.heddata.se\/webbutik\/produkt\/datorvaska-hp-15-6-business-top-load\/#primaryimage"},"thumbnailUrl":"https:\/\/www.heddata.se\/webbutik\/wp-content\/uploads\/webbutik\/kategorier\/ovrigt-tillbehor\/2sc66aa.jpg","datePublished":"2021-05-03T14:18:07+00:00","dateModified":"2026-04-08T08:18:35+00:00","description":"Datorv\u00e4ska HP 15.6 Business Top Load \u00e4r redo f\u00f6r action med l\u00e5sbara blixtl\u00e5s, en s\u00e4ker RFID-ficka, gott om plats f\u00f6r din enhet upp till 15,6\"","breadcrumb":{"@id":"https:\/\/www.heddata.se\/webbutik\/produkt\/datorvaska-hp-15-6-business-top-load\/#breadcrumb"},"inLanguage":"sv-SE","potentialAction":[{"@type":"ReadAction","target":["https:\/\/www.heddata.se\/webbutik\/produkt\/datorvaska-hp-15-6-business-top-load\/"]}]},{"@type":"ImageObject","inLanguage":"sv-SE","@id":"https:\/\/www.heddata.se\/webbutik\/produkt\/datorvaska-hp-15-6-business-top-load\/#primaryimage","url":"https:\/\/www.heddata.se\/webbutik\/wp-content\/uploads\/webbutik\/kategorier\/ovrigt-tillbehor\/2sc66aa.jpg","contentUrl":"https:\/\/www.heddata.se\/webbutik\/wp-content\/uploads\/webbutik\/kategorier\/ovrigt-tillbehor\/2sc66aa.jpg","width":700,"height":700,"caption":"Datorv\u00e4ska HP 15.6 Business"},{"@type":"BreadcrumbList","@id":"https:\/\/www.heddata.se\/webbutik\/produkt\/datorvaska-hp-15-6-business-top-load\/#breadcrumb","itemListElement":[{"@type":"ListItem","position":1,"name":"Hem","item":"https:\/\/www.heddata.se\/webbutik\/"},{"@type":"ListItem","position":2,"name":"Produkter","item":"https:\/\/www.heddata.se\/webbutik\/shop\/"},{"@type":"ListItem","position":3,"name":"Datorv\u00e4ska HP 15.6 Business Top Load"}]},{"@type":"WebSite","@id":"https:\/\/www.heddata.se\/webbutik\/#website","url":"https:\/\/www.heddata.se\/webbutik\/","name":"Datorer, Skrivare, F\u00e4rgpatroner, Mobiltelefoner","description":"Kablar","publisher":{"@id":"https:\/\/www.heddata.se\/webbutik\/#organization"},"potentialAction":[{"@type":"SearchAction","target":{"@type":"EntryPoint","urlTemplate":"https:\/\/www.heddata.se\/webbutik\/?s={search_term_string}"},"query-input":{"@type":"PropertyValueSpecification","valueRequired":true,"valueName":"search_term_string"}}],"inLanguage":"sv-SE"},{"@type":"Organization","@id":"https:\/\/www.heddata.se\/webbutik\/#organization","name":"Heddata AB","url":"https:\/\/www.heddata.se\/webbutik\/","logo":{"@type":"ImageObject","inLanguage":"sv-SE","@id":"https:\/\/www.heddata.se\/webbutik\/#\/schema\/logo\/image\/","url":"https:\/\/www.heddata.se\/webbutik\/wp-content\/uploads\/logga\/heddata-ab-logga.png","contentUrl":"https:\/\/www.heddata.se\/webbutik\/wp-content\/uploads\/logga\/heddata-ab-logga.png","width":200,"height":64,"caption":"Heddata AB"},"image":{"@id":"https:\/\/www.heddata.se\/webbutik\/#\/schema\/logo\/image\/"}}]}},"_links":{"self":[{"href":"https:\/\/www.heddata.se\/webbutik\/wp-json\/wp\/v2\/product\/91436","targetHints":{"allow":["GET"]}}],"collection":[{"href":"https:\/\/www.heddata.se\/webbutik\/wp-json\/wp\/v2\/product"}],"about":[{"href":"https:\/\/www.heddata.se\/webbutik\/wp-json\/wp\/v2\/types\/product"}],"wp:featuredmedia":[{"embeddable":true,"href":"https:\/\/www.heddata.se\/webbutik\/wp-json\/wp\/v2\/media\/91439"}],"wp:attachment":[{"href":"https:\/\/www.heddata.se\/webbutik\/wp-json\/wp\/v2\/media?parent=91436"}],"wp:term":[{"taxonomy":"product_brand","embeddable":true,"href":"https:\/\/www.heddata.se\/webbutik\/wp-json\/wp\/v2\/product_brand?post=91436"},{"taxonomy":"product_cat","embeddable":true,"href":"https:\/\/www.heddata.se\/webbutik\/wp-json\/wp\/v2\/product_cat?post=91436"},{"taxonomy":"product_tag","embeddable":true,"href":"https:\/\/www.heddata.se\/webbutik\/wp-json\/wp\/v2\/product_tag?post=91436"}],"curies":[{"name":"wp","href":"https:\/\/api.w.org\/{rel}","templated":true}]}}